{"id":13,"date":"2022-01-06T11:08:59","date_gmt":"2022-01-06T11:08:59","guid":{"rendered":"https:\/\/www.murphylawfirm.com\/?page_id=13"},"modified":"2025-03-07T10:52:56","modified_gmt":"2025-03-07T10:52:56","slug":"testimonios","status":"publish","type":"page","link":"http:\/\/www.murphylawfirm.com\/es\/testimonials\/","title":{"rendered":"Rese\u00f1as"},"content":{"rendered":"<h2>Personas reales. Acci\u00f3n real. <br \/>Resultados reales.<\/h2>\n<p>Nuestros clientes son personas reales, podr\u00edan ser su compa\u00f1ero de trabajo, vecino o amigo. Haga clic en sus rostros a continuaci\u00f3n para conocerlos y escuchar acerca de su experiencia de trabajo con nuestro equipo de abogados de lesiones personales en Murphy Law Firm. Ellos no s\u00f3lo est\u00e1n contentos con la compensaci\u00f3n que recibieron, tambi\u00e9n apreciaron nuestro personal atento y considerado. \u00a1Perm\u00edtanos ayudarle a convertirse en nuestra pr\u00f3xima historia de \u00e9xito!<\/p>\n<div class=\"inr_btn\">\n<div class=\"inr-cmn_btn\"><a class=\"cmn-btn\" href=\"https:\/\/www.murphylawfirm.com\/es\/pongase-en-contacto-con\/\">Programar una consulta<\/a><\/div>\n<div class=\"inr-phn\"><a href=\"tel:2259288800\">Llame ahora (225) 928-8800<\/a><\/div>\n<\/div>\n<h5>Testimonios en v\u00eddeo<\/h5>","protected":false},"excerpt":{"rendered":"<p>Real People. Real Action. Real Results. Our clients are real people\u2014they could be your coworker, neighbor, or friend. Click on their faces below to meet them and hear about their experience working with our team of personal injury lawyers at Murphy Law Firm. They\u2019re not only happy with the compensation they received\u2014they also appreciated our &hellip; <\/p>\n<p class=\"link-more\"><a href=\"http:\/\/www.murphylawfirm.com\/es\/testimonials\/\" class=\"more-link\">Seguir leyendo<span class=\"screen-reader-text\"> &#8220;Reviews&#8221;<\/span><\/a><\/p>","protected":false},"author":1,"featured_media":0,"parent":0,"menu_order":0,"comment_status":"closed","ping_status":"closed","template":"template-parts\/testimonials-page.php","meta":{"_acf_changed":false,"footnotes":""},"class_list":["post-13","page","type-page","status-publish","hentry","entry"],"acf":[],"yoast_head":"<!-- This site is optimized with the Yoast SEO plugin v27.6 - https:\/\/yoast.com\/product\/yoast-seo-wordpress\/ -->\n<title>Reviews &amp; Testimonials - Murphy Law Firm<\/title>\n<meta name=\"description\" content=\"We provide our clients with high-quality legal representation when they are hurt in an accident. Look at our reviews to decide for yourself! Then, call us!\" \/>\n<meta name=\"robots\" content=\"index, follow, max-snippet:-1, max-image-preview:large, max-video-preview:-1\" \/>\n<link rel=\"canonical\" href=\"https:\/\/www.murphylawfirm.com\/es\/testimonios\/\" \/>\n<meta property=\"og:locale\" content=\"es_MX\" \/>\n<meta property=\"og:type\" content=\"article\" \/>\n<meta property=\"og:title\" content=\"Reviews &amp; Testimonials - Murphy Law Firm\" \/>\n<meta property=\"og:description\" content=\"We provide our clients with high-quality legal representation when they are hurt in an accident. Look at our reviews to decide for yourself! Then, call us!\" \/>\n<meta property=\"og:url\" content=\"https:\/\/www.murphylawfirm.com\/es\/testimonios\/\" \/>\n<meta property=\"og:site_name\" content=\"Murphy Law Firm\" \/>\n<meta property=\"article:publisher\" content=\"https:\/\/www.facebook.com\/MurphyLawFirm225\/\" \/>\n<meta property=\"article:modified_time\" content=\"2025-03-07T10:52:56+00:00\" \/>\n<meta name=\"twitter:card\" content=\"summary_large_image\" \/>\n<meta name=\"twitter:site\" content=\"@murphylawfirm225\" \/>\n<meta name=\"twitter:label1\" content=\"Tiempo de lectura\" \/>\n\t<meta name=\"twitter:data1\" content=\"1 minuto\" \/>\n<!-- \/ Yoast SEO plugin. -->","yoast_head_json":{"title":"Rese\u00f1as y testimonios - Murphy Law Firm","description":"Proporcionamos a nuestros clientes una representaci\u00f3n legal de alta calidad cuando resultan heridos en un accidente. \u00a1Mira nuestros comentarios para decidir por ti mismo! Entonces, \u00a1ll\u00e1menos!","robots":{"index":"index","follow":"follow","max-snippet":"max-snippet:-1","max-image-preview":"max-image-preview:large","max-video-preview":"max-video-preview:-1"},"canonical":"https:\/\/www.murphylawfirm.com\/es\/testimonios\/","og_locale":"es_MX","og_type":"article","og_title":"Reviews & Testimonials - Murphy Law Firm","og_description":"We provide our clients with high-quality legal representation when they are hurt in an accident. Look at our reviews to decide for yourself! Then, call us!","og_url":"https:\/\/www.murphylawfirm.com\/es\/testimonios\/","og_site_name":"Murphy Law Firm","article_publisher":"https:\/\/www.facebook.com\/MurphyLawFirm225\/","article_modified_time":"2025-03-07T10:52:56+00:00","twitter_card":"summary_large_image","twitter_site":"@murphylawfirm225","twitter_misc":{"Tiempo de lectura":"1 minuto"},"schema":{"@context":"https:\/\/schema.org","@graph":[{"@type":"WebPage","@id":"https:\/\/www.murphylawfirm.com\/testimonials\/","url":"https:\/\/www.murphylawfirm.com\/testimonials\/","name":"Rese\u00f1as y testimonios - Murphy Law Firm","isPartOf":{"@id":"https:\/\/www.murphylawfirm.com\/#website"},"datePublished":"2022-01-06T11:08:59+00:00","dateModified":"2025-03-07T10:52:56+00:00","description":"Proporcionamos a nuestros clientes una representaci\u00f3n legal de alta calidad cuando resultan heridos en un accidente. \u00a1Mira nuestros comentarios para decidir por ti mismo! Entonces, \u00a1ll\u00e1menos!","breadcrumb":{"@id":"https:\/\/www.murphylawfirm.com\/testimonials\/#breadcrumb"},"inLanguage":"es","potentialAction":[{"@type":"ReadAction","target":["https:\/\/www.murphylawfirm.com\/testimonials\/"]}]},{"@type":"BreadcrumbList","@id":"https:\/\/www.murphylawfirm.com\/testimonials\/#breadcrumb","itemListElement":[{"@type":"ListItem","position":1,"name":"Home","item":"https:\/\/www.murphylawfirm.com\/"},{"@type":"ListItem","position":2,"name":"Reviews"}]},{"@type":"WebSite","@id":"https:\/\/www.murphylawfirm.com\/#website","url":"https:\/\/www.murphylawfirm.com\/","name":"Bufete Murphy","description":"","publisher":{"@id":"https:\/\/www.murphylawfirm.com\/#organization"},"potentialAction":[{"@type":"SearchAction","target":{"@type":"EntryPoint","urlTemplate":"https:\/\/www.murphylawfirm.com\/?s={search_term_string}"},"query-input":{"@type":"PropertyValueSpecification","valueRequired":true,"valueName":"search_term_string"}}],"inLanguage":"es"},{"@type":"Organization","@id":"https:\/\/www.murphylawfirm.com\/#organization","name":"Bufete Murphy","alternateName":"Murphy Law Firm","url":"https:\/\/www.murphylawfirm.com\/","logo":{"@type":"ImageObject","inLanguage":"es","@id":"https:\/\/www.murphylawfirm.com\/#\/schema\/logo\/image\/","url":"https:\/\/www.murphylawfirm.com\/wp-content\/uploads\/2024\/05\/murphy.jpg","contentUrl":"https:\/\/www.murphylawfirm.com\/wp-content\/uploads\/2024\/05\/murphy.jpg","width":309,"height":79,"caption":"Murphy Law Firm"},"image":{"@id":"https:\/\/www.murphylawfirm.com\/#\/schema\/logo\/image\/"},"sameAs":["https:\/\/www.facebook.com\/MurphyLawFirm225\/","https:\/\/x.com\/murphylawfirm225","https:\/\/www.instagram.com\/murphylawfirm225\/","https:\/\/www.linkedin.com\/in\/murphy-law-firm-peyton-murphy\/","https:\/\/maps.app.goo.gl\/WCtGDyEwg1JYgwZ87","https:\/\/www.yelp.com\/biz\/murphy-law-firm-baton-rouge-3","https:\/\/www.mapquest.com\/us\/louisiana\/murphy-law-firm-284707425","https:\/\/www.lawinfo.com\/lawfirm\/louisiana\/baton-rouge\/murphy-law-firm-llc\/97a2f249-3b83-4255-b82a-f62955d76970.html","https:\/\/www.hg.org\/attorney\/murphy-law-firm-llc\/68580","https:\/\/lawyers.findlaw.com\/louisiana\/baton-rouge\/2388680_1\/","https:\/\/www.bbb.org\/us\/la\/baton-rouge\/profile\/lawyers\/murphy-law-firm-llc-0835-12003342","https:\/\/www.lawyers.com\/baton-rouge\/louisiana\/murphy-law-firm-42910679-f\/","https:\/\/nextdoor.com\/pages\/murphy-law-firm-llc\/","https:\/\/www.lawyer4criminaldefense.com\/criminal-defense-lawyers\/listing\/b637fd75d4bc11b1a32273b847ba8a37\/","https:\/\/www.expertise.com\/legal\/slip-and-fall-lawyers\/louisiana\/baton-rouge","https:\/\/www.youtube.com\/@MurphyLawFirmBatonRouge"]}]}},"_links":{"self":[{"href":"http:\/\/www.murphylawfirm.com\/es\/wp-json\/wp\/v2\/pages\/13","targetHints":{"allow":["GET"]}}],"collection":[{"href":"http:\/\/www.murphylawfirm.com\/es\/wp-json\/wp\/v2\/pages"}],"about":[{"href":"http:\/\/www.murphylawfirm.com\/es\/wp-json\/wp\/v2\/types\/page"}],"author":[{"embeddable":true,"href":"http:\/\/www.murphylawfirm.com\/es\/wp-json\/wp\/v2\/users\/1"}],"replies":[{"embeddable":true,"href":"http:\/\/www.murphylawfirm.com\/es\/wp-json\/wp\/v2\/comments?post=13"}],"version-history":[{"count":4,"href":"http:\/\/www.murphylawfirm.com\/es\/wp-json\/wp\/v2\/pages\/13\/revisions"}],"predecessor-version":[{"id":4998,"href":"http:\/\/www.murphylawfirm.com\/es\/wp-json\/wp\/v2\/pages\/13\/revisions\/4998"}],"wp:attachment":[{"href":"http:\/\/www.murphylawfirm.com\/es\/wp-json\/wp\/v2\/media?parent=13"}],"curies":[{"name":"wp","href":"https:\/\/api.w.org\/{rel}","templated":true}]}}