{"id":30,"date":"2022-01-06T11:58:22","date_gmt":"2022-01-06T11:58:22","guid":{"rendered":"https:\/\/www.murphylawfirm.com\/?page_id=30"},"modified":"2025-03-13T10:27:19","modified_gmt":"2025-03-13T10:27:19","slug":"politica-de-privacidad","status":"publish","type":"page","link":"http:\/\/www.murphylawfirm.com\/es\/privacy-policy\/","title":{"rendered":"Pol\u00edtica de privacidad"},"content":{"rendered":"<p>Esta pol\u00edtica de privacidad se aplica a la informaci\u00f3n recogida en l\u00ednea de los usuarios de este sitio web. En esta pol\u00edtica, usted puede aprender qu\u00e9 tipo de informaci\u00f3n recogemos, cu\u00e1ndo y c\u00f3mo podr\u00edamos utilizar esa informaci\u00f3n, c\u00f3mo protegemos la informaci\u00f3n, y las opciones que usted tiene con respecto a su informaci\u00f3n personal.<\/p>\n<div id=\"ez-toc-container\" class=\"ez-toc-v2_0_83 counter-hierarchy ez-toc-counter ez-toc-transparent ez-toc-container-direction\">\n<div class=\"ez-toc-title-container\">\n<p class=\"ez-toc-title ez-toc-toggle\" style=\"cursor:pointer\">\u00cdndice<\/p>\n<span class=\"ez-toc-title-toggle\"><a href=\"#\" class=\"ez-toc-pull-right ez-toc-btn ez-toc-btn-xs ez-toc-btn-default ez-toc-toggle\" aria-label=\"Toggle Table of Content\"><span class=\"ez-toc-js-icon-con\"><span class=\"\"><span class=\"eztoc-hide\" style=\"display:none;\">Toggle<\/span><span class=\"ez-toc-icon-toggle-span\"><svg style=\"fill: #999;color:#999\" xmlns=\"http:\/\/www.w3.org\/2000\/svg\" class=\"list-377408\" width=\"20px\" height=\"20px\" viewbox=\"0 0 24 24\" fill=\"none\"><path d=\"M6 6H4v2h2V6zm14 0H8v2h12V6zM4 11h2v2H4v-2zm16 0H8v2h12v-2zM4 16h2v2H4v-2zm16 0H8v2h12v-2z\" fill=\"currentColor\"><\/path><\/svg><svg style=\"fill: #999;color:#999\" class=\"arrow-unsorted-368013\" xmlns=\"http:\/\/www.w3.org\/2000\/svg\" width=\"10px\" height=\"10px\" viewbox=\"0 0 24 24\" version=\"1.2\" baseprofile=\"tiny\"><path d=\"M18.2 9.3l-6.2-6.3-6.2 6.3c-.2.2-.3.4-.3.7s.1.5.3.7c.2.2.4.3.7.3h11c.3 0 .5-.1.7-.3.2-.2.3-.5.3-.7s-.1-.5-.3-.7zM5.8 14.7l6.2 6.3 6.2-6.3c.2-.2.3-.5.3-.7s-.1-.5-.3-.7c-.2-.2-.4-.3-.7-.3h-11c-.3 0-.5.1-.7.3-.2.2-.3.5-.3.7s.1.5.3.7z\"\/><\/svg><\/span><\/span><\/span><\/a><\/span><\/div>\n<nav><ul class='ez-toc-list ez-toc-list-level-1 eztoc-toggle-hide-by-default' ><li class='ez-toc-page-1 ez-toc-heading-level-2'><a class=\"ez-toc-link ez-toc-heading-1\" href=\"http:\/\/www.murphylawfirm.com\/es\/privacy-policy\/#what-personal-information-is-collected-through-this-website-and-how-is-it-used\" >\u00bfQu\u00e9 informaci\u00f3n personal se recoge a trav\u00e9s de este sitio web y c\u00f3mo se utiliza?<\/a><ul class='ez-toc-list-level-3' ><li class='ez-toc-heading-level-3'><a class=\"ez-toc-link ez-toc-heading-2\" href=\"http:\/\/www.murphylawfirm.com\/es\/privacy-policy\/#user-supplied-information\" >Informaci\u00f3n facilitada por el usuario<\/a><\/li><li class='ez-toc-page-1 ez-toc-heading-level-3'><a class=\"ez-toc-link ez-toc-heading-3\" href=\"http:\/\/www.murphylawfirm.com\/es\/privacy-policy\/#web-server-logs\" >Registros del servidor web<\/a><\/li><li class='ez-toc-page-1 ez-toc-heading-level-3'><a class=\"ez-toc-link ez-toc-heading-4\" href=\"http:\/\/www.murphylawfirm.com\/es\/privacy-policy\/#cookies\" >Cookies<\/a><\/li><li class='ez-toc-page-1 ez-toc-heading-level-3'><a class=\"ez-toc-link ez-toc-heading-5\" href=\"http:\/\/www.murphylawfirm.com\/es\/privacy-policy\/#third-party-services\" >Servicios de terceros<\/a><\/li><li class='ez-toc-page-1 ez-toc-heading-level-3'><a class=\"ez-toc-link ez-toc-heading-6\" href=\"http:\/\/www.murphylawfirm.com\/es\/privacy-policy\/#california-do-not-track\" >No rastrear en California<\/a><\/li><li class='ez-toc-page-1 ez-toc-heading-level-3'><a class=\"ez-toc-link ez-toc-heading-7\" href=\"http:\/\/www.murphylawfirm.com\/es\/privacy-policy\/#how-is-personal-information-protected\" >\u00bfC\u00f3mo se protege la informaci\u00f3n personal?<\/a><\/li><li class='ez-toc-page-1 ez-toc-heading-level-3'><a class=\"ez-toc-link ez-toc-heading-8\" href=\"http:\/\/www.murphylawfirm.com\/es\/privacy-policy\/#who-has-access-to-the-information\" >\u00bfQui\u00e9n tiene acceso a la informaci\u00f3n?<\/a><\/li><li class='ez-toc-page-1 ez-toc-heading-level-3'><a class=\"ez-toc-link ez-toc-heading-9\" href=\"http:\/\/www.murphylawfirm.com\/es\/privacy-policy\/#how-can-i-correct-amend-or-delete-my-personal-information-andor-opt-out-of-future-communications\" >\u00bfC\u00f3mo puedo corregir, modificar o eliminar mis datos personales y\/o excluirme de futuras comunicaciones?<\/a><\/li><\/ul><\/li><\/ul><\/nav><\/div>\n<h2><span class=\"ez-toc-section\" id=\"what-personal-information-is-collected-through-this-website-and-how-is-it-used\"><\/span>\u00bfQu\u00e9 informaci\u00f3n personal se recoge a trav\u00e9s de este sitio web y c\u00f3mo se utiliza?<span class=\"ez-toc-section-end\"><\/span><\/h2>\n<p>Recogemos informaci\u00f3n sobre nuestros usuarios de tres formas: directamente del usuario, de los registros de nuestro servidor web y a trav\u00e9s de cookies. Utilizamos la informaci\u00f3n principalmente para ofrecerle una experiencia de Internet personalizada que le proporcione la informaci\u00f3n, los recursos y los servicios m\u00e1s relevantes y \u00fatiles para usted. No compartimos ninguna de la informaci\u00f3n que usted nos proporciona con terceros, a menos que as\u00ed lo indiquemos en esta Pol\u00edtica de Privacidad, o cuando creamos de buena fe que la ley as\u00ed lo exige.<\/p>\n<h3><span class=\"ez-toc-section\" id=\"user-supplied-information\"><\/span>Informaci\u00f3n facilitada por el usuario<span class=\"ez-toc-section-end\"><\/span><\/h3>\n<p>Si rellena el formulario de \"contacto\" de este sitio web, le pediremos que facilite algunos datos personales (como direcci\u00f3n de correo electr\u00f3nico, nombre, n\u00famero de tel\u00e9fono y estado). En el formulario de contacto s\u00f3lo le pedimos una direcci\u00f3n de correo electr\u00f3nico. Adem\u00e1s, si el chat est\u00e1 disponible a trav\u00e9s de este sitio, se le puede pedir que proporcione informaci\u00f3n si participa en un chat en l\u00ednea. Le rogamos que no env\u00ede ning\u00fan tipo de informaci\u00f3n confidencial, privada o sensible que pueda identificarle personalmente (por ejemplo, n\u00famero de la Seguridad Social, fecha de nacimiento, n\u00famero del carn\u00e9 de conducir, tarjeta de cr\u00e9dito, cuenta bancaria u otra informaci\u00f3n financiera) (en conjunto, \"Informaci\u00f3n sensible\"). Si env\u00eda cualquier Informaci\u00f3n Sensible, lo hace bajo su propia responsabilidad y no seremos responsables ante usted ni responderemos de las consecuencias de su env\u00edo.<\/p>\n<p>La informaci\u00f3n que nos proporcione a trav\u00e9s del formulario de contacto o de un chat en l\u00ednea se utilizar\u00e1 para que podamos responder a su consulta. Tambi\u00e9n podemos utilizar la informaci\u00f3n que nos proporcione para comunicarnos con usted en el futuro. Si no desea recibir dichas comunicaciones, puede optar por no recibirlas (darse de baja) tal y como se describe a continuaci\u00f3n.<\/p>\n<h3><span class=\"ez-toc-section\" id=\"web-server-logs\"><\/span>Registros del servidor web<span class=\"ez-toc-section-end\"><\/span><\/h3>\n<p>Cuando usted visita nuestro sitio web, podemos rastrear informaci\u00f3n sobre su visita y almacenar esa informaci\u00f3n en los registros del servidor web, que son registros de las actividades en nuestros sitios. Los servidores capturan y guardan autom\u00e1ticamente la informaci\u00f3n de forma electr\u00f3nica. Algunos ejemplos de la informaci\u00f3n que podemos recopilar son:<\/p>\n<ul>\n<li>su direcci\u00f3n \u00fanica de protocolo de Internet;<\/li>\n<li>el nombre de su \u00fanico proveedor de servicios de Internet;<\/li>\n<li>la ciudad, el condado, el estado y el pa\u00eds desde los que accede a nuestro sitio web;<\/li>\n<li>el tipo de navegador o de ordenador que utiliza;<\/li>\n<li>el n\u00famero de enlaces que pulsa dentro del sitio;<\/li>\n<li>la fecha y hora de su visita;<\/li>\n<li>la p\u00e1gina web desde la que lleg\u00f3 a nuestro sitio;<\/li>\n<li>las p\u00e1ginas que ha visitado en el sitio; y<\/li>\n<li>determinadas b\u00fasquedas\/consultas que haya realizado a trav\u00e9s de nuestro(s) sitio(s) web.<\/li>\n<\/ul>\n<p>La informaci\u00f3n que recogemos en los registros del servidor web nos ayuda a administrar el sitio, analizar su uso, proteger el sitio web y su contenido de usos inadecuados y mejorar la experiencia del usuario.<\/p>\n<h3><span class=\"ez-toc-section\" id=\"cookies\"><\/span>Cookies<span class=\"ez-toc-section-end\"><\/span><\/h3>\n<p>Con el fin de ofrecer y proporcionar un servicio personalizado y a medida, nuestros sitios web y aplicaciones pueden utilizar cookies y tecnolog\u00edas similares para almacenar y ayudar a rastrear informaci\u00f3n sobre usted. Las cookies son simplemente peque\u00f1os fragmentos de datos que se env\u00edan a su navegador desde un servidor web y se almacenan en el disco duro de su ordenador. Utilizamos cookies para recordar qui\u00e9n es usted y ayudarle a navegar por nuestros sitios durante sus visitas. Las cookies tambi\u00e9n pueden indicarnos a qu\u00e9 p\u00e1ginas del sitio web se dirigen los visitantes y nos permiten guardar sus preferencias para que no tenga que volver a introducirlas cada vez que nos visite. El uso de cookies es relativamente habitual. La mayor\u00eda de los navegadores de Internet est\u00e1n configurados inicialmente para aceptar cookies, pero usted puede utilizar su navegador para que le notifique cuando recibe una cookie o para desactivar las cookies.<\/p>\n<p>Si desea desactivar las cookies de este sitio, puede hacerlo a trav\u00e9s de su navegador. Debe entender que algunas caracter\u00edsticas de muchos sitios pueden no funcionar correctamente si no acepta las cookies. Para m\u00e1s informaci\u00f3n sobre el uso de navegadores para gestionar las cookies, consulte\u00a0<a href=\"https:\/\/www.allaboutcookies.org\/manage-cookies\/\" target=\"_blank\" rel=\"noopener noreferrer\" data-wpel-link=\"external\">Todo sobre las cookies<\/a>. Tambi\u00e9n puede negarse a aceptar cookies Flash de este sitio web utilizando\u00a0<a href=\"https:\/\/www.adobe.com\/devnet\/security.html\" target=\"_blank\" rel=\"noopener noreferrer\" data-wpel-link=\"external\">Herramientas de gesti\u00f3n de Flash de Adobe<\/a>. Puede inhabilitar el uso de cookies por parte de Google en\u00a0<a href=\"https:\/\/www.google.com\/settings\/ads\" target=\"_blank\" rel=\"noopener noreferrer\" data-wpel-link=\"external\">Configuraci\u00f3n de anuncios de Google<\/a>.<\/p>\n<p>Al visitar este sitio web, usted acepta el uso de cookies y tecnolog\u00edas similares de acuerdo con esta Declaraci\u00f3n de Privacidad.<\/p>\n<h3><span class=\"ez-toc-section\" id=\"third-party-services\"><\/span>Servicios de terceros<span class=\"ez-toc-section-end\"><\/span><\/h3>\n<p>Podemos utilizar servicios alojados por terceros, incluido Adobe Site Catalyst, para ayudarnos a prestar nuestros servicios y a comprender el uso que hacen de nuestro sitio nuestros visitantes. Estos servicios pueden recoger informaci\u00f3n enviada por su navegador como parte de una solicitud de p\u00e1gina web, incluyendo su direcci\u00f3n IP o cookies. Si estos servicios de terceros recopilan informaci\u00f3n, lo hacen de forma an\u00f3nima y agregada para proporcionarnos informaci\u00f3n \u00fatil, como las tendencias del sitio web, sin identificar a los visitantes individuales.<\/p>\n<p>Adem\u00e1s, podemos utilizar servicios prestados por terceros para mostrarle contenidos, productos, servicios y publicidad relevantes. Estos terceros pueden utilizar cookies, balizas web y tecnolog\u00edas similares para recopilar o recibir informaci\u00f3n de este sitio web y de otros sitios de Internet. A continuaci\u00f3n, pueden utilizar esa informaci\u00f3n para prestar servicios de medici\u00f3n que nos permitan conocer sus intereses y reorientar la publicidad en funci\u00f3n de sus visitas anteriores a este sitio web. Tenga en cuenta que no compartimos su informaci\u00f3n personal con ning\u00fan anunciante, servidor de anuncios o red publicitaria de terceros.<\/p>\n<p>Usted puede optar por excluirse de la recopilaci\u00f3n y uso de informaci\u00f3n para la orientaci\u00f3n de anuncios por parte de algunos terceros visitando\u00a0<a href=\"https:\/\/www.aboutads.info\/choices\/\" target=\"_blank\" rel=\"noopener noreferrer\" data-wpel-link=\"external\">www.aboutads.info\/choices<\/a>. Puede inhabilitar el uso de cookies por parte de Google en\u00a0<a href=\"https:\/\/www.google.com\/settings\/ads\" target=\"_blank\" rel=\"noopener noreferrer\" data-wpel-link=\"external\">Configuraci\u00f3n de anuncios de Google<\/a>. Puede visitar esta p\u00e1gina\u00a0<a href=\"https:\/\/www.networkadvertising.org\/choices\/\" target=\"_blank\" rel=\"noopener noreferrer\" data-wpel-link=\"external\">p\u00e1gina<\/a>\u00a0para excluirse de la publicidad dirigida de AdRoll y sus socios. Consulte \"Cookies\" en la secci\u00f3n anterior para obtener m\u00e1s informaci\u00f3n sobre c\u00f3mo puede controlar el uso de cookies en su ordenador.<\/p>\n<h3><span class=\"ez-toc-section\" id=\"california-do-not-track\"><\/span>No rastrear en California<span class=\"ez-toc-section-end\"><\/span><\/h3>\n<p>Nuestros servicios web no alteran, cambian ni responden al recibir solicitudes o se\u00f1ales Do Not Track (DNT) en los navegadores. Como se ha descrito anteriormente con m\u00e1s detalle, hacemos un seguimiento de la actividad de los usuarios utilizando registros de servidores web, cookies y tecnolog\u00edas similares. La informaci\u00f3n recogida en los registros del servidor web nos ayuda a analizar el uso del sitio web y a mejorar la experiencia del usuario. Las cookies nos permiten ofrecerle una experiencia personalizada y presentarle publicidad relevante.<\/p>\n<h3><span class=\"ez-toc-section\" id=\"how-is-personal-information-protected\"><\/span>\u00bfC\u00f3mo se protege la informaci\u00f3n personal?<span class=\"ez-toc-section-end\"><\/span><\/h3>\n<p>Tomamos ciertas medidas de seguridad apropiadas para ayudar a proteger su informaci\u00f3n personal de p\u00e9rdidas accidentales y del acceso, uso o divulgaci\u00f3n no autorizados. Sin embargo, no podemos garantizar que las personas no autorizadas sean siempre incapaces de burlar nuestras medidas de seguridad.<\/p>\n<h3><span class=\"ez-toc-section\" id=\"who-has-access-to-the-information\"><\/span>\u00bfQui\u00e9n tiene acceso a la informaci\u00f3n?<span class=\"ez-toc-section-end\"><\/span><\/h3>\n<p>No venderemos, alquilaremos ni arrendaremos listas de correo u otros datos de usuarios a terceros, y no pondremos su informaci\u00f3n personal a disposici\u00f3n de terceros no afiliados, salvo en los casos siguientes:<\/p>\n<ul>\n<li>a agentes, proveedores del sitio web y\/o contratistas que puedan utilizarla en nuestro nombre o en el marco de su relaci\u00f3n con nosotros;<\/li>\n<li>si no podemos ayudarle con su asunto, pero conocemos a un abogado o bufete no afiliado que podr\u00eda ayudarle, podemos remitirle y compartir con \u00e9l la informaci\u00f3n que nos haya facilitado; y<\/li>\n<li>cuando lo exija la ley, en una cuesti\u00f3n de seguridad o pol\u00edtica p\u00fablica, cuando sea necesario en relaci\u00f3n con la transferencia de nuestros activos comerciales (por ejemplo, si somos adquiridos por otra empresa o si somos liquidados durante un procedimiento de quiebra), o si creemos de buena fe que compartir los datos es necesario para proteger nuestros derechos o propiedad.<\/li>\n<\/ul>\n<h3><span class=\"ez-toc-section\" id=\"how-can-i-correct-amend-or-delete-my-personal-information-andor-opt-out-of-future-communications\"><\/span>\u00bfC\u00f3mo puedo corregir, modificar o eliminar mis datos personales y\/o excluirme de futuras comunicaciones?<span class=\"ez-toc-section-end\"><\/span><\/h3>\n<p>En cualquier momento puede darse de baja de nuestros futuros contactos. P\u00f3ngase en contacto con nosotros en cualquier momento a trav\u00e9s del n\u00famero de tel\u00e9fono, el formulario de contacto o la direcci\u00f3n postal de nuestro sitio web:<\/p>\n<ul>\n<li>ver qu\u00e9 datos tenemos sobre usted, si los hay;<\/li>\n<li>modificar\/corregir cualquier dato que tengamos sobre usted;<\/li>\n<li>pedirnos que suprimamos los datos que tenemos sobre usted; y\/o<\/li>\n<li>optar por no recibir comunicaciones nuestras en el futuro.<\/li>\n<\/ul>\n<p>Si tiene m\u00e1s preguntas o dudas sobre esta pol\u00edtica de privacidad, p\u00f3ngase en contacto con nosotros a trav\u00e9s del n\u00famero de tel\u00e9fono, el formulario de contacto o la direcci\u00f3n postal que aparecen en este sitio web. Si nuestras pr\u00e1cticas en materia de informaci\u00f3n cambian de manera significativa, publicaremos los cambios de pol\u00edtica aqu\u00ed.<\/p>\n<p>En vigor desde el 14 de septiembre de 2015.<\/p>","protected":false},"excerpt":{"rendered":"<p>This privacy policy applies to information collected online from users of this website. In this policy, you can learn what kind of information we collect, when and how we might use that information, how we protect the information, and the choices you have with respect to your personal information. What personal information is collected through &hellip; <\/p>\n<p class=\"link-more\"><a href=\"http:\/\/www.murphylawfirm.com\/es\/privacy-policy\/\" class=\"more-link\">Seguir leyendo<span class=\"screen-reader-text\"> &#8220;Privacy Policy&#8221;<\/span><\/a><\/p>","protected":false},"author":1,"featured_media":0,"parent":0,"menu_order":0,"comment_status":"closed","ping_status":"closed","template":"","meta":{"_acf_changed":false,"footnotes":""},"class_list":["post-30","page","type-page","status-publish","hentry","entry"],"acf":[],"yoast_head":"<!-- This site is optimized with the Yoast SEO plugin v27.6 - https:\/\/yoast.com\/product\/yoast-seo-wordpress\/ -->\n<title>Privacy Policy - Murphy Law Firm<\/title>\n<meta name=\"robots\" content=\"noindex, nofollow\" \/>\n<meta property=\"og:locale\" content=\"es_MX\" \/>\n<meta property=\"og:type\" content=\"article\" \/>\n<meta property=\"og:title\" content=\"Privacy Policy - Murphy Law Firm\" \/>\n<meta property=\"og:description\" content=\"This privacy policy applies to information collected online from users of this website. In this policy, you can learn what kind of information we collect, when and how we might use that information, how we protect the information, and the choices you have with respect to your personal information. What personal information is collected through &hellip; Continuar leyendo &quot;Privacy Policy&quot;\" \/>\n<meta property=\"og:url\" content=\"https:\/\/www.murphylawfirm.com\/es\/politica-de-privacidad\/\" \/>\n<meta property=\"og:site_name\" content=\"Murphy Law Firm\" \/>\n<meta property=\"article:publisher\" content=\"https:\/\/www.facebook.com\/MurphyLawFirm225\/\" \/>\n<meta property=\"article:modified_time\" content=\"2025-03-13T10:27:19+00:00\" \/>\n<meta name=\"twitter:card\" content=\"summary_large_image\" \/>\n<meta name=\"twitter:site\" content=\"@murphylawfirm225\" \/>\n<meta name=\"twitter:label1\" content=\"Tiempo de lectura\" \/>\n\t<meta name=\"twitter:data1\" content=\"6 minutos\" \/>\n<!-- \/ Yoast SEO plugin. -->","yoast_head_json":{"title":"Pol\u00edtica de privacidad - Murphy Law Firm","robots":{"index":"noindex","follow":"nofollow"},"og_locale":"es_MX","og_type":"article","og_title":"Privacy Policy - Murphy Law Firm","og_description":"This privacy policy applies to information collected online from users of this website. In this policy, you can learn what kind of information we collect, when and how we might use that information, how we protect the information, and the choices you have with respect to your personal information. What personal information is collected through &hellip; Continuar leyendo \"Privacy Policy\"","og_url":"https:\/\/www.murphylawfirm.com\/es\/politica-de-privacidad\/","og_site_name":"Murphy Law Firm","article_publisher":"https:\/\/www.facebook.com\/MurphyLawFirm225\/","article_modified_time":"2025-03-13T10:27:19+00:00","twitter_card":"summary_large_image","twitter_site":"@murphylawfirm225","twitter_misc":{"Tiempo de lectura":"6 minutos"},"schema":{"@context":"https:\/\/schema.org","@graph":[{"@type":"WebPage","@id":"https:\/\/www.murphylawfirm.com\/privacy-policy\/","url":"https:\/\/www.murphylawfirm.com\/privacy-policy\/","name":"Pol\u00edtica de privacidad - Murphy Law Firm","isPartOf":{"@id":"https:\/\/www.murphylawfirm.com\/#website"},"datePublished":"2022-01-06T11:58:22+00:00","dateModified":"2025-03-13T10:27:19+00:00","breadcrumb":{"@id":"https:\/\/www.murphylawfirm.com\/privacy-policy\/#breadcrumb"},"inLanguage":"es","potentialAction":[{"@type":"ReadAction","target":["https:\/\/www.murphylawfirm.com\/privacy-policy\/"]}]},{"@type":"BreadcrumbList","@id":"https:\/\/www.murphylawfirm.com\/privacy-policy\/#breadcrumb","itemListElement":[{"@type":"ListItem","position":1,"name":"Home","item":"https:\/\/www.murphylawfirm.com\/"},{"@type":"ListItem","position":2,"name":"Privacy Policy"}]},{"@type":"WebSite","@id":"https:\/\/www.murphylawfirm.com\/#website","url":"https:\/\/www.murphylawfirm.com\/","name":"Bufete Murphy","description":"","publisher":{"@id":"https:\/\/www.murphylawfirm.com\/#organization"},"potentialAction":[{"@type":"SearchAction","target":{"@type":"EntryPoint","urlTemplate":"https:\/\/www.murphylawfirm.com\/?s={search_term_string}"},"query-input":{"@type":"PropertyValueSpecification","valueRequired":true,"valueName":"search_term_string"}}],"inLanguage":"es"},{"@type":"Organization","@id":"https:\/\/www.murphylawfirm.com\/#organization","name":"Bufete Murphy","alternateName":"Murphy Law Firm","url":"https:\/\/www.murphylawfirm.com\/","logo":{"@type":"ImageObject","inLanguage":"es","@id":"https:\/\/www.murphylawfirm.com\/#\/schema\/logo\/image\/","url":"https:\/\/www.murphylawfirm.com\/wp-content\/uploads\/2024\/05\/murphy.jpg","contentUrl":"https:\/\/www.murphylawfirm.com\/wp-content\/uploads\/2024\/05\/murphy.jpg","width":309,"height":79,"caption":"Murphy Law Firm"},"image":{"@id":"https:\/\/www.murphylawfirm.com\/#\/schema\/logo\/image\/"},"sameAs":["https:\/\/www.facebook.com\/MurphyLawFirm225\/","https:\/\/x.com\/murphylawfirm225","https:\/\/www.instagram.com\/murphylawfirm225\/","https:\/\/www.linkedin.com\/in\/murphy-law-firm-peyton-murphy\/","https:\/\/maps.app.goo.gl\/WCtGDyEwg1JYgwZ87","https:\/\/www.yelp.com\/biz\/murphy-law-firm-baton-rouge-3","https:\/\/www.mapquest.com\/us\/louisiana\/murphy-law-firm-284707425","https:\/\/www.lawinfo.com\/lawfirm\/louisiana\/baton-rouge\/murphy-law-firm-llc\/97a2f249-3b83-4255-b82a-f62955d76970.html","https:\/\/www.hg.org\/attorney\/murphy-law-firm-llc\/68580","https:\/\/lawyers.findlaw.com\/louisiana\/baton-rouge\/2388680_1\/","https:\/\/www.bbb.org\/us\/la\/baton-rouge\/profile\/lawyers\/murphy-law-firm-llc-0835-12003342","https:\/\/www.lawyers.com\/baton-rouge\/louisiana\/murphy-law-firm-42910679-f\/","https:\/\/nextdoor.com\/pages\/murphy-law-firm-llc\/","https:\/\/www.lawyer4criminaldefense.com\/criminal-defense-lawyers\/listing\/b637fd75d4bc11b1a32273b847ba8a37\/","https:\/\/www.expertise.com\/legal\/slip-and-fall-lawyers\/louisiana\/baton-rouge","https:\/\/www.youtube.com\/@MurphyLawFirmBatonRouge"]}]}},"_links":{"self":[{"href":"http:\/\/www.murphylawfirm.com\/es\/wp-json\/wp\/v2\/pages\/30","targetHints":{"allow":["GET"]}}],"collection":[{"href":"http:\/\/www.murphylawfirm.com\/es\/wp-json\/wp\/v2\/pages"}],"about":[{"href":"http:\/\/www.murphylawfirm.com\/es\/wp-json\/wp\/v2\/types\/page"}],"author":[{"embeddable":true,"href":"http:\/\/www.murphylawfirm.com\/es\/wp-json\/wp\/v2\/users\/1"}],"replies":[{"embeddable":true,"href":"http:\/\/www.murphylawfirm.com\/es\/wp-json\/wp\/v2\/comments?post=30"}],"version-history":[{"count":3,"href":"http:\/\/www.murphylawfirm.com\/es\/wp-json\/wp\/v2\/pages\/30\/revisions"}],"predecessor-version":[{"id":5636,"href":"http:\/\/www.murphylawfirm.com\/es\/wp-json\/wp\/v2\/pages\/30\/revisions\/5636"}],"wp:attachment":[{"href":"http:\/\/www.murphylawfirm.com\/es\/wp-json\/wp\/v2\/media?parent=30"}],"curies":[{"name":"wp","href":"https:\/\/api.w.org\/{rel}","templated":true}]}}