{"id":787,"date":"2024-04-18T05:23:32","date_gmt":"2024-04-18T05:23:32","guid":{"rendered":"https:\/\/www.murphylawfirm.com\/?page_id=787"},"modified":"2025-03-12T18:05:25","modified_gmt":"2025-03-12T18:05:25","slug":"implantes-mamarios-allergan","status":"publish","type":"page","link":"http:\/\/www.murphylawfirm.com\/es\/mass-tort\/defective-medical-devices\/allergan-breast-implants\/","title":{"rendered":"Baton Rouge Abogado de implantes mamarios Allergan"},"content":{"rendered":"<div id=\"ez-toc-container\" class=\"ez-toc-v2_0_83 counter-hierarchy ez-toc-counter ez-toc-transparent ez-toc-container-direction\">\n<div class=\"ez-toc-title-container\">\n<p class=\"ez-toc-title ez-toc-toggle\" style=\"cursor:pointer\">\u00cdndice<\/p>\n<span class=\"ez-toc-title-toggle\"><a href=\"#\" class=\"ez-toc-pull-right ez-toc-btn ez-toc-btn-xs ez-toc-btn-default ez-toc-toggle\" aria-label=\"Toggle Table of Content\"><span class=\"ez-toc-js-icon-con\"><span class=\"\"><span class=\"eztoc-hide\" style=\"display:none;\">Toggle<\/span><span class=\"ez-toc-icon-toggle-span\"><svg style=\"fill: #999;color:#999\" xmlns=\"http:\/\/www.w3.org\/2000\/svg\" class=\"list-377408\" width=\"20px\" height=\"20px\" viewbox=\"0 0 24 24\" fill=\"none\"><path d=\"M6 6H4v2h2V6zm14 0H8v2h12V6zM4 11h2v2H4v-2zm16 0H8v2h12v-2zM4 16h2v2H4v-2zm16 0H8v2h12v-2z\" fill=\"currentColor\"><\/path><\/svg><svg style=\"fill: #999;color:#999\" class=\"arrow-unsorted-368013\" xmlns=\"http:\/\/www.w3.org\/2000\/svg\" width=\"10px\" height=\"10px\" viewbox=\"0 0 24 24\" version=\"1.2\" baseprofile=\"tiny\"><path d=\"M18.2 9.3l-6.2-6.3-6.2 6.3c-.2.2-.3.4-.3.7s.1.5.3.7c.2.2.4.3.7.3h11c.3 0 .5-.1.7-.3.2-.2.3-.5.3-.7s-.1-.5-.3-.7zM5.8 14.7l6.2 6.3 6.2-6.3c.2-.2.3-.5.3-.7s-.1-.5-.3-.7c-.2-.2-.4-.3-.7-.3h-11c-.3 0-.5.1-.7.3-.2.2-.3.5-.3.7s.1.5.3.7z\"\/><\/svg><\/span><\/span><\/span><\/a><\/span><\/div>\n<nav><ul class='ez-toc-list ez-toc-list-level-1 eztoc-toggle-hide-by-default' ><li class='ez-toc-page-1 ez-toc-heading-level-2'><a class=\"ez-toc-link ez-toc-heading-1\" href=\"http:\/\/www.murphylawfirm.com\/es\/mass-tort\/defective-medical-devices\/allergan-breast-implants\/#baton-rouge-allergan-breast-implant-attorney\" >Baton Rouge Abogado de implantes mamarios Allergan<\/a><ul class='ez-toc-list-level-3' ><li class='ez-toc-heading-level-3'><a class=\"ez-toc-link ez-toc-heading-2\" href=\"http:\/\/www.murphylawfirm.com\/es\/mass-tort\/defective-medical-devices\/allergan-breast-implants\/#allergan-breast-implants\" >Implantes mamarios Allergan<\/a><\/li><li class='ez-toc-page-1 ez-toc-heading-level-3'><a class=\"ez-toc-link ez-toc-heading-3\" href=\"http:\/\/www.murphylawfirm.com\/es\/mass-tort\/defective-medical-devices\/allergan-breast-implants\/#class-action-and-recall\" >Acciones colectivas y retirada de productos<\/a><\/li><li class='ez-toc-page-1 ez-toc-heading-level-3'><a class=\"ez-toc-link ez-toc-heading-4\" href=\"http:\/\/www.murphylawfirm.com\/es\/mass-tort\/defective-medical-devices\/allergan-breast-implants\/#faqs\" >Preguntas frecuentes<\/a><\/li><\/ul><\/li><\/ul><\/nav><\/div>\n<h2><span class=\"ez-toc-section\" id=\"baton-rouge-allergan-breast-implant-attorney\"><\/span>Baton Rouge Abogado de implantes mamarios Allergan<span class=\"ez-toc-section-end\"><\/span><\/h2>\n<p>Los implantes mamarios texturizados BIOCELL de Allergan han sido recientemente objeto de escrutinio debido a su asociaci\u00f3n con un c\u00e1ncer poco frecuente. La FDA ha solicitado su retirada, pero hacerlo en el caso de los implantes mamarios suele implicar una intervenci\u00f3n quir\u00fargica adicional, lo que complica la situaci\u00f3n. Podr\u00eda ser posible recibir una indemnizaci\u00f3n para tratar el BIA-ALCL poni\u00e9ndose en contacto con un <strong>Baton Rouge Abogado de implantes mamarios Allergan<\/strong> en <a href=\"https:\/\/www.murphylawfirm.com\/es\/nuestro-equipo\/\">Bufete Murphy<\/a> para presentar una reclamaci\u00f3n contra la empresa.<\/p>\n<p><img loading=\"lazy\" decoding=\"async\" class=\"aligncenter wp-image-2861 size-full\" title=\"Mejor abogado de implantes mamarios Baton Rouge Allergan\" src=\"https:\/\/www.murphylawfirm.com\/wp-content\/uploads\/2024\/07\/allergan-breast-implants-lawyer.webp\" alt=\"Baton Rouge Abogado de implantes mamarios Allergan\" width=\"1200\" height=\"600\" srcset=\"https:\/\/www.murphylawfirm.com\/wp-content\/uploads\/2024\/07\/allergan-breast-implants-lawyer.webp 1200w, https:\/\/www.murphylawfirm.com\/wp-content\/uploads\/2024\/07\/allergan-breast-implants-lawyer-300x150.webp 300w, https:\/\/www.murphylawfirm.com\/wp-content\/uploads\/2024\/07\/allergan-breast-implants-lawyer-1024x512.webp 1024w, https:\/\/www.murphylawfirm.com\/wp-content\/uploads\/2024\/07\/allergan-breast-implants-lawyer-768x384.webp 768w\" sizes=\"auto, (max-width: 1200px) 100vw, 1200px\" \/><\/p>\n<h3><span class=\"ez-toc-section\" id=\"allergan-breast-implants\"><\/span>Implantes mamarios Allergan<span class=\"ez-toc-section-end\"><\/span><\/h3>\n<p><strong>Informaci\u00f3n y qu\u00e9 hacer<\/strong><\/p>\n<p>\u00bfLe han implantado a usted o a un ser querido implantes mamarios texturados biocell de allergan? La FDA solicit\u00f3 a Allergan que retirara del mercado sus implantes mamarios y expansores tisulares texturados BIOCELL debido a un aumento del riesgo de un c\u00e1ncer poco frecuente conocido como linfoma anapl\u00e1sico de c\u00e9lulas grandes asociado a implantes mamarios (BIA-ALCL). El linfoma anapl\u00e1sico de c\u00e9lulas grandes asociado a implantes mamarios (BIA-ALCL) no es un c\u00e1ncer de mama, sino un tipo de linfoma no Hodgkin.<\/p>\n<p>En la mayor\u00eda de los casos, el BIA-ALCL se encuentra dentro del l\u00edquido y el tejido cicatricial que rodea al implante. El tratamiento de estos casos suele requerir la extracci\u00f3n del implante y de la c\u00e1psula cicatricial. Algunas mujeres pueden requerir tratamiento con quimioterapia y\/o radioterapia. Sin embargo, el BIA-ALCL puede extenderse por todo el cuerpo y, si no se detecta a tiempo, puede provocar lesiones graves o la muerte.<\/p>\n<h3><span class=\"ez-toc-section\" id=\"class-action-and-recall\"><\/span>Acciones colectivas y retirada de productos<span class=\"ez-toc-section-end\"><\/span><\/h3>\n<p>Allergan retir\u00f3 algunos <a href=\"https:\/\/www.plasticsurgery.org\/patient-safety\/breast-implant-safety\/allergan-biocell-device-withdrawal\" target=\"_blank\" rel=\"noopener\">Implantes BIOCELL<\/a>pero no indemniz\u00f3 plenamente a las personas con estos implantes porque no pag\u00f3 las cirug\u00edas para sustituirlos. La empresa s\u00f3lo pag\u00f3 el coste de las sustituciones, a pesar de que los efectos secundarios de los implantes pueden tardar un tiempo en manifestarse. Esto significa que podr\u00eda ser necesario presentar una reclamaci\u00f3n contra la empresa para recibir una indemnizaci\u00f3n adecuada.<\/p>\n<h3><span class=\"ez-toc-section\" id=\"faqs\"><\/span>Preguntas frecuentes<span class=\"ez-toc-section-end\"><\/span><\/h3>\n<div class=\"accsec-ritcnt accordion\">\n<div class=\"accordion-section\">\n<h4><a class=\"accordion-section-title\" href=\"#accordion-1\">\u00bfExiste una demanda colectiva contra Allergan?<\/a><\/h4>\n<div id=\"accordion-1\" class=\"accordion-section-content open\">\n<p>Existen m\u00faltiples demandas colectivas contra Allergan por ingredientes potencialmente cancer\u00edgenos en sus implantes mamarios. En 2019, las demandas colectivas se fusionaron en un solo caso para ayudar a acelerar el proceso. Todav\u00eda podr\u00eda haber tiempo para involucrarse en el acuerdo de demanda colectiva contra Allergan. Para obtener m\u00e1s informaci\u00f3n y saber si cumple los requisitos, p\u00f3ngase en contacto con un <a href=\"https:\/\/www.murphylawfirm.com\/es\/responsabilidad-civil-masiva\/productos-peligrosos\/\">abogado de responsabilidad por productos defectuosos<\/a>.<\/p>\n<\/div>\n<\/div>\n<div class=\"accordion-section\">\n<h4><a class=\"accordion-section-title\" href=\"#accordion-2\">\u00bfPagar\u00e1 Allergan la sustituci\u00f3n del implante?<\/a><\/h4>\n<div id=\"accordion-2\" class=\"accordion-section-content open\">\n<p>Allergan se har\u00e1 cargo del coste de los implantes, pero no de la intervenci\u00f3n quir\u00fargica. Esto significa que, incluso si una persona desea cambiar sus implantes, tendr\u00e1 que pagar su propia cirug\u00eda para hacerlo. Por este motivo, los particulares han presentado una demanda colectiva contra Allergan para compensar los costes asociados a la cirug\u00eda de sustituci\u00f3n de los implantes mamarios. Es posible que a\u00fan pueda presentar una demanda para recuperar los da\u00f1os por su cuenta.<\/p>\n<\/div>\n<\/div>\n<div class=\"accordion-section\">\n<h4><a class=\"accordion-section-title\" href=\"#accordion-3\">\u00bfC\u00f3mo puedo saber si mis implantes Allergan forman parte de la retirada?<\/a><\/h4>\n<div id=\"accordion-3\" class=\"accordion-section-content open\">\n<p>Para saber si sus implantes Allergan forman parte de la retirada, p\u00f3ngase en contacto con su m\u00e9dico o cirujano. Ellos guardan informaci\u00f3n sobre el tipo de implantes que utilizan para sus pacientes, por lo que sabr\u00e1n qu\u00e9 implante se utiliz\u00f3 para su cirug\u00eda. Despu\u00e9s de averiguar el tipo y n\u00famero de implantes mamarios Allergan utilizados, visite el sitio web de Allergan para determinar si sus implantes son un <a href=\"https:\/\/www.murphylawfirm.com\/es\/responsabilidad-civil-masiva\/productos-sanitarios-defectuosos\/\">parte de la retirada<\/a> y c\u00f3mo conseguir que los sustituyan si lo est\u00e1n.<\/p>\n<\/div>\n<\/div>\n<div class=\"accordion-section\">\n<h4><a class=\"accordion-section-title\" href=\"#accordion-4\">\u00bfQu\u00e9 debo hacer si me diagnostican BIA-ALCL debido a los implantes Allergan?<\/a><\/h4>\n<div id=\"accordion-4\" class=\"accordion-section-content open\">\n<p>Si le diagnostican BIA-ALCL debido a implantes Allergan, comente sus opciones con su cirujano o profesional sanitario. Podr\u00eda ser necesario someterse a una intervenci\u00f3n quir\u00fargica o incluso a tratamientos contra el c\u00e1ncer para tratar el problema. Tambi\u00e9n es una buena idea hablar con un abogado especializado en responsabilidad civil por productos defectuosos en<a href=\"https:\/\/en.wikipedia.org\/wiki\/Baton_Rouge,_Louisiana\" target=\"_blank\" rel=\"noopener\"> Baton Rouge<\/a> despu\u00e9s de su diagn\u00f3stico. Ellos pueden ayudarle a comprender qu\u00e9 puede hacer para que le compensen por los costes adicionales derivados de la intervenci\u00f3n quir\u00fargica para tratar la BIA-ALCL.<\/p>\n<\/div>\n<\/div>\n<div class=\"accordion-section\">\n<h4><a class=\"accordion-section-title\" href=\"#accordion-5\">Evite futuras complicaciones de salud<\/a><\/h4>\n<div id=\"accordion-5\" class=\"accordion-section-content open\">\n<p>Mant\u00e9ngase informado sobre los riesgos asociados a los implantes Allergan BIOCELL y BIA-ALCL. Es importante controlar su estado con un profesional sanitario para evitar complicaciones graves. Murphy Law Firm est\u00e1 equipado para proporcionar apoyo legal y orientaci\u00f3n para este tipo de reclamaciones, por lo que <a href=\"https:\/\/www.murphylawfirm.com\/es\/pongase-en-contacto-con\/\">programar una consulta<\/a> con nuestro bufete para hablar de su caso.<\/p>\n<\/div>\n<\/div>\n<\/div>","protected":false},"excerpt":{"rendered":"<p>Baton Rouge Allergan Breast Implant Attorney Allergan BIOCELL textured breast implants have recently come under scrutiny due to their association with a rare cancer. The FDA has requested a recall, but doing so for breast implants typically involves additional surgery, making the situation complicated. It might be possible to receive compensation to treat BIA-ALCL by &hellip; <\/p>\n<p class=\"link-more\"><a href=\"http:\/\/www.murphylawfirm.com\/es\/mass-tort\/defective-medical-devices\/allergan-breast-implants\/\" class=\"more-link\">Seguir leyendo<span class=\"screen-reader-text\"> &#8220;Baton Rouge Allergan Breast Implant Lawyer&#8221;<\/span><\/a><\/p>","protected":false},"author":1,"featured_media":0,"parent":378,"menu_order":0,"comment_status":"closed","ping_status":"closed","template":"","meta":{"_acf_changed":false,"footnotes":""},"class_list":["post-787","page","type-page","status-publish","hentry","entry"],"acf":[],"yoast_head":"<!-- This site is optimized with the Yoast SEO plugin v27.6 - https:\/\/yoast.com\/product\/yoast-seo-wordpress\/ -->\n<title>Baton Rouge Allergan Breast Implant Lawyer - Free Consultation<\/title>\n<meta name=\"description\" content=\"If you have been diagnosed with the rare cancer associated with Allergan Breast Plants. A personal injury lawyer from Murphy Law Firm in Baton Rouge can help.\" \/>\n<meta name=\"robots\" content=\"index, follow, max-snippet:-1, max-image-preview:large, max-video-preview:-1\" \/>\n<link rel=\"canonical\" href=\"https:\/\/www.murphylawfirm.com\/es\/responsabilidad-civil-masiva\/productos-sanitarios-defectuosos\/implantes-mamarios-allergan\/\" \/>\n<meta property=\"og:locale\" content=\"es_MX\" \/>\n<meta property=\"og:type\" content=\"article\" \/>\n<meta property=\"og:title\" content=\"Baton Rouge Allergan Breast Implant Lawyer - Free Consultation\" \/>\n<meta property=\"og:description\" content=\"If you have been diagnosed with the rare cancer associated with Allergan Breast Plants. A personal injury lawyer from Murphy Law Firm in Baton Rouge can help.\" \/>\n<meta property=\"og:url\" content=\"https:\/\/www.murphylawfirm.com\/es\/responsabilidad-civil-masiva\/productos-sanitarios-defectuosos\/implantes-mamarios-allergan\/\" \/>\n<meta property=\"og:site_name\" content=\"Murphy Law Firm\" \/>\n<meta property=\"article:publisher\" content=\"https:\/\/www.facebook.com\/MurphyLawFirm225\/\" \/>\n<meta property=\"article:modified_time\" content=\"2025-03-12T18:05:25+00:00\" \/>\n<meta property=\"og:image\" content=\"https:\/\/www.murphylawfirm.com\/wp-content\/uploads\/2024\/07\/allergan-breast-implants-lawyer.webp\" \/>\n\t<meta property=\"og:image:width\" content=\"1200\" \/>\n\t<meta property=\"og:image:height\" content=\"600\" \/>\n\t<meta property=\"og:image:type\" content=\"image\/webp\" \/>\n<meta name=\"twitter:card\" content=\"summary_large_image\" \/>\n<meta name=\"twitter:site\" content=\"@murphylawfirm225\" \/>\n<meta name=\"twitter:label1\" content=\"Tiempo de lectura\" \/>\n\t<meta name=\"twitter:data1\" content=\"4 minutos\" \/>\n<!-- \/ Yoast SEO plugin. -->","yoast_head_json":{"title":"Baton Rouge Allergan Breast Implant Lawyer - Consulta Gratuita","description":"Si se le ha diagnosticado el raro c\u00e1ncer asociado con Allergan Breast Plants. Un abogado de lesiones personales de Murphy Law Firm en Baton Rouge puede ayudar.","robots":{"index":"index","follow":"follow","max-snippet":"max-snippet:-1","max-image-preview":"max-image-preview:large","max-video-preview":"max-video-preview:-1"},"canonical":"https:\/\/www.murphylawfirm.com\/es\/responsabilidad-civil-masiva\/productos-sanitarios-defectuosos\/implantes-mamarios-allergan\/","og_locale":"es_MX","og_type":"article","og_title":"Baton Rouge Allergan Breast Implant Lawyer - Free Consultation","og_description":"If you have been diagnosed with the rare cancer associated with Allergan Breast Plants. A personal injury lawyer from Murphy Law Firm in Baton Rouge can help.","og_url":"https:\/\/www.murphylawfirm.com\/es\/responsabilidad-civil-masiva\/productos-sanitarios-defectuosos\/implantes-mamarios-allergan\/","og_site_name":"Murphy Law Firm","article_publisher":"https:\/\/www.facebook.com\/MurphyLawFirm225\/","article_modified_time":"2025-03-12T18:05:25+00:00","og_image":[{"width":1200,"height":600,"url":"https:\/\/www.murphylawfirm.com\/wp-content\/uploads\/2024\/07\/allergan-breast-implants-lawyer.webp","type":"image\/webp"}],"twitter_card":"summary_large_image","twitter_site":"@murphylawfirm225","twitter_misc":{"Tiempo de lectura":"4 minutos"},"schema":{"@context":"https:\/\/schema.org","@graph":[{"@type":"WebPage","@id":"https:\/\/www.murphylawfirm.com\/mass-tort\/defective-medical-devices\/allergan-breast-implants\/","url":"https:\/\/www.murphylawfirm.com\/mass-tort\/defective-medical-devices\/allergan-breast-implants\/","name":"Baton Rouge Allergan Breast Implant Lawyer - Consulta Gratuita","isPartOf":{"@id":"https:\/\/www.murphylawfirm.com\/#website"},"primaryImageOfPage":{"@id":"https:\/\/www.murphylawfirm.com\/mass-tort\/defective-medical-devices\/allergan-breast-implants\/#primaryimage"},"image":{"@id":"https:\/\/www.murphylawfirm.com\/mass-tort\/defective-medical-devices\/allergan-breast-implants\/#primaryimage"},"thumbnailUrl":"https:\/\/www.murphylawfirm.com\/wp-content\/uploads\/2024\/07\/allergan-breast-implants-lawyer.webp","datePublished":"2024-04-18T05:23:32+00:00","dateModified":"2025-03-12T18:05:25+00:00","description":"Si se le ha diagnosticado el raro c\u00e1ncer asociado con Allergan Breast Plants. Un abogado de lesiones personales de Murphy Law Firm en Baton Rouge puede ayudar.","breadcrumb":{"@id":"https:\/\/www.murphylawfirm.com\/mass-tort\/defective-medical-devices\/allergan-breast-implants\/#breadcrumb"},"inLanguage":"es","potentialAction":[{"@type":"ReadAction","target":["https:\/\/www.murphylawfirm.com\/mass-tort\/defective-medical-devices\/allergan-breast-implants\/"]}]},{"@type":"ImageObject","inLanguage":"es","@id":"https:\/\/www.murphylawfirm.com\/mass-tort\/defective-medical-devices\/allergan-breast-implants\/#primaryimage","url":"https:\/\/www.murphylawfirm.com\/wp-content\/uploads\/2024\/07\/allergan-breast-implants-lawyer.webp","contentUrl":"https:\/\/www.murphylawfirm.com\/wp-content\/uploads\/2024\/07\/allergan-breast-implants-lawyer.webp"},{"@type":"BreadcrumbList","@id":"https:\/\/www.murphylawfirm.com\/mass-tort\/defective-medical-devices\/allergan-breast-implants\/#breadcrumb","itemListElement":[{"@type":"ListItem","position":1,"name":"Home","item":"https:\/\/www.murphylawfirm.com\/"},{"@type":"ListItem","position":2,"name":"Baton Rouge Mass Tort Lawyer","item":"https:\/\/www.murphylawfirm.com\/mass-tort\/"},{"@type":"ListItem","position":3,"name":"Baton Rouge Defective Medical Device Lawyer","item":"https:\/\/www.murphylawfirm.com\/mass-tort\/defective-medical-devices\/"},{"@type":"ListItem","position":4,"name":"Baton Rouge Allergan Breast Implant Lawyer"}]},{"@type":"WebSite","@id":"https:\/\/www.murphylawfirm.com\/#website","url":"https:\/\/www.murphylawfirm.com\/","name":"Bufete Murphy","description":"","publisher":{"@id":"https:\/\/www.murphylawfirm.com\/#organization"},"potentialAction":[{"@type":"SearchAction","target":{"@type":"EntryPoint","urlTemplate":"https:\/\/www.murphylawfirm.com\/?s={search_term_string}"},"query-input":{"@type":"PropertyValueSpecification","valueRequired":true,"valueName":"search_term_string"}}],"inLanguage":"es"},{"@type":"Organization","@id":"https:\/\/www.murphylawfirm.com\/#organization","name":"Bufete Murphy","alternateName":"Murphy Law Firm","url":"https:\/\/www.murphylawfirm.com\/","logo":{"@type":"ImageObject","inLanguage":"es","@id":"https:\/\/www.murphylawfirm.com\/#\/schema\/logo\/image\/","url":"https:\/\/www.murphylawfirm.com\/wp-content\/uploads\/2024\/05\/murphy.jpg","contentUrl":"https:\/\/www.murphylawfirm.com\/wp-content\/uploads\/2024\/05\/murphy.jpg","width":309,"height":79,"caption":"Murphy Law Firm"},"image":{"@id":"https:\/\/www.murphylawfirm.com\/#\/schema\/logo\/image\/"},"sameAs":["https:\/\/www.facebook.com\/MurphyLawFirm225\/","https:\/\/x.com\/murphylawfirm225","https:\/\/www.instagram.com\/murphylawfirm225\/","https:\/\/www.linkedin.com\/in\/murphy-law-firm-peyton-murphy\/","https:\/\/maps.app.goo.gl\/WCtGDyEwg1JYgwZ87","https:\/\/www.yelp.com\/biz\/murphy-law-firm-baton-rouge-3","https:\/\/www.mapquest.com\/us\/louisiana\/murphy-law-firm-284707425","https:\/\/www.lawinfo.com\/lawfirm\/louisiana\/baton-rouge\/murphy-law-firm-llc\/97a2f249-3b83-4255-b82a-f62955d76970.html","https:\/\/www.hg.org\/attorney\/murphy-law-firm-llc\/68580","https:\/\/lawyers.findlaw.com\/louisiana\/baton-rouge\/2388680_1\/","https:\/\/www.bbb.org\/us\/la\/baton-rouge\/profile\/lawyers\/murphy-law-firm-llc-0835-12003342","https:\/\/www.lawyers.com\/baton-rouge\/louisiana\/murphy-law-firm-42910679-f\/","https:\/\/nextdoor.com\/pages\/murphy-law-firm-llc\/","https:\/\/www.lawyer4criminaldefense.com\/criminal-defense-lawyers\/listing\/b637fd75d4bc11b1a32273b847ba8a37\/","https:\/\/www.expertise.com\/legal\/slip-and-fall-lawyers\/louisiana\/baton-rouge","https:\/\/www.youtube.com\/@MurphyLawFirmBatonRouge"]}]}},"_links":{"self":[{"href":"http:\/\/www.murphylawfirm.com\/es\/wp-json\/wp\/v2\/pages\/787","targetHints":{"allow":["GET"]}}],"collection":[{"href":"http:\/\/www.murphylawfirm.com\/es\/wp-json\/wp\/v2\/pages"}],"about":[{"href":"http:\/\/www.murphylawfirm.com\/es\/wp-json\/wp\/v2\/types\/page"}],"author":[{"embeddable":true,"href":"http:\/\/www.murphylawfirm.com\/es\/wp-json\/wp\/v2\/users\/1"}],"replies":[{"embeddable":true,"href":"http:\/\/www.murphylawfirm.com\/es\/wp-json\/wp\/v2\/comments?post=787"}],"version-history":[{"count":16,"href":"http:\/\/www.murphylawfirm.com\/es\/wp-json\/wp\/v2\/pages\/787\/revisions"}],"predecessor-version":[{"id":6085,"href":"http:\/\/www.murphylawfirm.com\/es\/wp-json\/wp\/v2\/pages\/787\/revisions\/6085"}],"up":[{"embeddable":true,"href":"http:\/\/www.murphylawfirm.com\/es\/wp-json\/wp\/v2\/pages\/378"}],"wp:attachment":[{"href":"http:\/\/www.murphylawfirm.com\/es\/wp-json\/wp\/v2\/media?parent=787"}],"curies":[{"name":"wp","href":"https:\/\/api.w.org\/{rel}","templated":true}]}}