{"id":1056,"date":"2024-04-18T14:05:41","date_gmt":"2024-04-18T14:05:41","guid":{"rendered":"https:\/\/www.murphylawfirm.com\/?page_id=1056"},"modified":"2025-03-12T17:44:52","modified_gmt":"2025-03-12T17:44:52","slug":"baton-rouge-offshore-accidente-abogado","status":"publish","type":"page","link":"https:\/\/www.murphylawfirm.com\/es\/baton-rouge-offshore-accident-lawyer\/","title":{"rendered":"Baton Rouge Abogado de accidentes en alta mar"},"content":{"rendered":"<div id=\"ez-toc-container\" class=\"ez-toc-v2_0_82_2 counter-hierarchy ez-toc-counter ez-toc-transparent ez-toc-container-direction\">\n<div class=\"ez-toc-title-container\">\n<p class=\"ez-toc-title ez-toc-toggle\" style=\"cursor:pointer\">Table of Contents<\/p>\n<span class=\"ez-toc-title-toggle\"><a href=\"#\" class=\"ez-toc-pull-right ez-toc-btn ez-toc-btn-xs ez-toc-btn-default ez-toc-toggle\" aria-label=\"Toggle Table of Content\"><span class=\"ez-toc-js-icon-con\"><span class=\"\"><span class=\"eztoc-hide\" style=\"display:none;\">Toggle<\/span><span class=\"ez-toc-icon-toggle-span\"><svg style=\"fill: #999;color:#999\" xmlns=\"http:\/\/www.w3.org\/2000\/svg\" class=\"list-377408\" width=\"20px\" height=\"20px\" viewBox=\"0 0 24 24\" fill=\"none\"><path d=\"M6 6H4v2h2V6zm14 0H8v2h12V6zM4 11h2v2H4v-2zm16 0H8v2h12v-2zM4 16h2v2H4v-2zm16 0H8v2h12v-2z\" fill=\"currentColor\"><\/path><\/svg><svg style=\"fill: #999;color:#999\" class=\"arrow-unsorted-368013\" xmlns=\"http:\/\/www.w3.org\/2000\/svg\" width=\"10px\" height=\"10px\" viewBox=\"0 0 24 24\" version=\"1.2\" baseProfile=\"tiny\"><path d=\"M18.2 9.3l-6.2-6.3-6.2 6.3c-.2.2-.3.4-.3.7s.1.5.3.7c.2.2.4.3.7.3h11c.3 0 .5-.1.7-.3.2-.2.3-.5.3-.7s-.1-.5-.3-.7zM5.8 14.7l6.2 6.3 6.2-6.3c.2-.2.3-.5.3-.7s-.1-.5-.3-.7c-.2-.2-.4-.3-.7-.3h-11c-.3 0-.5.1-.7.3-.2.2-.3.5-.3.7s.1.5.3.7z\"\/><\/svg><\/span><\/span><\/span><\/a><\/span><\/div>\n<nav><ul class='ez-toc-list ez-toc-list-level-1 eztoc-toggle-hide-by-default' ><li class='ez-toc-page-1 ez-toc-heading-level-2'><a class=\"ez-toc-link ez-toc-heading-1\" href=\"https:\/\/www.murphylawfirm.com\/es\/baton-rouge-offshore-accident-lawyer\/#baton-rouge-offshore-accident-attorney\" >Baton Rouge Offshore Accident Attorney<\/a><\/li><li class='ez-toc-page-1 ez-toc-heading-level-2'><a class=\"ez-toc-link ez-toc-heading-2\" href=\"https:\/\/www.murphylawfirm.com\/es\/baton-rouge-offshore-accident-lawyer\/#we-fight-for-offshore-workers-and-longshoremen\" >We Fight For Offshore Workers and Longshoremen<\/a><\/li><li class='ez-toc-page-1 ez-toc-heading-level-2'><a class=\"ez-toc-link ez-toc-heading-3\" href=\"https:\/\/www.murphylawfirm.com\/es\/baton-rouge-offshore-accident-lawyer\/#offshore-accident-lawyers-in-baton-rouge\" >Offshore Accident Lawyers in Baton Rouge<\/a><ul class='ez-toc-list-level-3' ><li class='ez-toc-heading-level-3'><a class=\"ez-toc-link ez-toc-heading-4\" href=\"https:\/\/www.murphylawfirm.com\/es\/baton-rouge-offshore-accident-lawyer\/#offshore-accident-attorneys-at-murphy-law-firm\" >Offshore Accident Attorneys at Murphy Law Firm<\/a><\/li><\/ul><\/li><li class='ez-toc-page-1 ez-toc-heading-level-2'><a class=\"ez-toc-link ez-toc-heading-5\" href=\"https:\/\/www.murphylawfirm.com\/es\/baton-rouge-offshore-accident-lawyer\/#murphy-law-firm-will-fight-for-you\" >Murphy Law Firm Will Fight for You<\/a><ul class='ez-toc-list-level-3' ><li class='ez-toc-heading-level-3'><a class=\"ez-toc-link ez-toc-heading-6\" href=\"https:\/\/www.murphylawfirm.com\/es\/baton-rouge-offshore-accident-lawyer\/#longshore-harbor-workers-compensation-act\" >Longshore &amp; Harbor Workers&#8217; Compensation Act<\/a><\/li><li class='ez-toc-page-1 ez-toc-heading-level-3'><a class=\"ez-toc-link ez-toc-heading-7\" href=\"https:\/\/www.murphylawfirm.com\/es\/baton-rouge-offshore-accident-lawyer\/#louisiana-maritime-laws\" >Louisiana Maritime Laws<\/a><\/li><\/ul><\/li><\/ul><\/nav><\/div>\n<h2><span class=\"ez-toc-section\" id=\"baton-rouge-offshore-accident-attorney\"><\/span>Baton Rouge Offshore Accident Attorney<span class=\"ez-toc-section-end\"><\/span><\/h2>\n<p><strong>Information &amp; What To Do<\/strong><\/p>\n<p>If you or a loved one has been seriously injured while working offshore in the Gulf of Mexico or in an accident onshore connected to maritime work, we urge you to obtain legal representation from an experienced offshore and <a href=\"https:\/\/www.murphylawfirm.com\/baton-rouge-maritime-accident-lawyer\/\">maritime accident lawyer<\/a> immediately. You may be entitled to compensation under maritime law. Unfortunately, maritime law is complex, and those who are responsible for your injury understand how to make the law work for them and against you.<\/p>\n<p>At <a href=\"https:\/\/www.murphylawfirm.com\/why-choose-us\/\">Murphy Law Firm<\/a>, our highly skilled Baton Rouge maritime accident lawyers have decades of experience successfully helping injured offshore workers obtain full compensation for the harm they have suffered. We are well-versed in the intricacies of maritime law, including the <a href=\"https:\/\/www.murphylawfirm.com\/baton-rouge-limitation-of-liability-act-lawyer\/\">Limitation of Liability Act<\/a>, and we are committed to ensuring that you receive the justice you deserve.<\/p>\n<p>We understand that you have already been the victim of an accident once, and we don\u2019t want you to be a victim twice \u2500 this time at the hands of corporate employers or insurance companies that want to take advantage of you. Don\u2019t lose out to the legal system.<\/p>\n<p>Whether you\u2019re a <a href=\"https:\/\/www.murphylawfirm.com\/baton-rouge-ferry-worker-injury-lawyer\/\">ferry worker<\/a> or a crew member on an offshore rig, Murphy Law Firm\u2019s offshore accident attorney is here to assist you. Contact us today for a free, no-obligation consultation to discuss how we can help you. We will show you why our firm is different, why our personal injury attorneys are so widely respected, and why clients frequently refer us to their friends and family.<\/p>\n<h2><span class=\"ez-toc-section\" id=\"we-fight-for-offshore-workers-and-longshoremen\"><\/span>We Fight For Offshore Workers and Longshoremen<span class=\"ez-toc-section-end\"><\/span><\/h2>\n<p>You could spend years in and around the Gulf and never hear much more than the names of the <a href=\"https:\/\/www.murphylawfirm.com\/baton-rouge-jones-act-lawyer\/\">Jones Act<\/a>, the Longshore and Harbor Workers\u2019 Compensation Act (LHWCA), the Death on the High Seas Act (DOHSA), or other maritime laws until an offshore accident happens to you. However, once you have been seriously hurt in a diving or boating accident, on an oil rig or a dock, or elsewhere around the water, specialized maritime law dictates your financial future<\/p>\n<h2><span class=\"ez-toc-section\" id=\"offshore-accident-lawyers-in-baton-rouge\"><\/span>Offshore Accident Lawyers in Baton Rouge<span class=\"ez-toc-section-end\"><\/span><\/h2>\n<h3><span class=\"ez-toc-section\" id=\"offshore-accident-attorneys-at-murphy-law-firm\"><\/span>Offshore Accident Attorneys at Murphy Law Firm<span class=\"ez-toc-section-end\"><\/span><\/h3>\n<p>We have represented a vast array of people who needed help recovering the financial compensation they needed to recover from a maritime or offshore accident. The titles of our clients include:<\/p>\n<ul>\n<li>Seamen (AB and OS), deckhands, pilots, and other crew members from a qualifying vessel or assigned to a fleet of vessels<\/li>\n<li>Longshoreman who load and unload cargo from ships in port<\/li>\n<li>Harbor workers whose job keeps them directly engaged in such maritime activities as building ships, repairing ships, and operating cranes and forklifts<\/li>\n<li>Platform \/ oil rig workers from roustabouts to mechanics, welders, electricians, surveyors, crane operators, engineers, drillers, tool pushers, camp bosses, rig administrators, and others<\/li>\n<li>Commercial divers \/ oil divers<\/li>\n<\/ul>\n<p>Insurance companies, employers, and others associated with your offshore accident will work hard to avoid paying you the compensation you deserve. However, our team of personal injury lawyers in <a href=\"https:\/\/en.wikipedia.org\/wiki\/Baton_Rouge,_Louisiana\" target=\"_blank\" rel=\"noopener\">Baton Rouge<\/a> will work aggressively to make sure you do not become a victim twice. Additionally, the lawyers team at Murphy Law Firm will come to you, no matter where you are in the state of Louisiana!<\/p>\n<p>Types of Maritime Accident Cases We Handle:<\/p>\n<ul>\n<li><a href=\"https:\/\/www.murphylawfirm.com\/baton-rouge-oil-platform-accident-lawyer\/\">Oil Rig and Platform Accidents<\/a><\/li>\n<li><a href=\"https:\/\/www.murphylawfirm.com\/baton-rouge-boat-accident-lawyer\/\">Boating Accidents<\/a><\/li>\n<li><a href=\"https:\/\/www.murphylawfirm.com\/baton-rouge-charter-vessel-accident-lawyer\/\">Charter Vessel Accidents<\/a><\/li>\n<li>Crew Boat Injuries<\/li>\n<li>Tug Barge Accidents<\/li>\n<li>Diving Accidents<\/li>\n<li><a href=\"https:\/\/www.murphylawfirm.com\/baton-rouge-crew-wage-claims-lawyer\/\">Crew Wage Claims<\/a><\/li>\n<li><a href=\"https:\/\/www.murphylawfirm.com\/baton-rouge-deckhand-injury-lawyer\/\">Deck Hand Injury Claims<\/a><\/li>\n<li><a href=\"https:\/\/www.murphylawfirm.com\/baton-rouge-cruise-ship-accident-lawyer\/\">Cruise Ship Injuries<\/a><\/li>\n<li>Dredging Vessel Injuries<\/li>\n<li><a href=\"https:\/\/www.murphylawfirm.com\/baton-rouge-ferry-worker-injury-lawyer\/\">Ferry Boat Accidents<\/a><\/li>\n<li><a href=\"https:\/\/www.murphylawfirm.com\/baton-rouge-fishing-boat-accident-lawyer\/\">Fishing Boat Accidents<\/a><\/li>\n<li>Supply Vessel Accidents<\/li>\n<li>Commercial Fisherman Claims<\/li>\n<li>Maintenance and Cure Claims<\/li>\n<li><a href=\"https:\/\/www.murphylawfirm.com\/louisiana-maritime-liens\/\">Maritime Liens<\/a><\/li>\n<\/ul>\n<h2><span class=\"ez-toc-section\" id=\"murphy-law-firm-will-fight-for-you\"><\/span>Murphy Law Firm Will Fight for You<span class=\"ez-toc-section-end\"><\/span><\/h2>\n<p>If you or a loved one has been hurt in any type of maritime accident, contact Murphy Law Firm today to learn about your rights to compensation. We prepare each case with a battle plan and are not afraid to go to trial. If insurers do not come forward with a maritime accident settlement offer that provides everything you need to get your life back on track, we will be ready to fight it out in court.<\/p>\n<p>Nobody should suffer in silence after an offshore accident. Stand up for your rights with help from a personal injury lawyer. The Murphy team of maritime and offshore accident lawyers will fight to get you the relief you need to recover! Contact us today at <a href=\"tel:2252694928\">(225) 269-4928<\/a> to <a href=\"https:\/\/www.murphylawfirm.com\/contact\/\">schedule a FREE consultation<\/a> in Baton Rouge, near Port Allen.<\/p>\n<div class=\"accsec-ritcnt accordion\">\n<h3><span class=\"ez-toc-section\" id=\"longshore-harbor-workers-compensation-act\"><\/span>Longshore &amp; Harbor Workers&#8217; Compensation Act<span class=\"ez-toc-section-end\"><\/span><\/h3>\n<h4>Title 33 Navigation &amp; Navigable Waters<\/h4>\n<div class=\"accordion-section\">\n<h4><a class=\"accordion-section-title\" href=\"#accordion-1\">Title 33 Navigation &amp; Navigable Waters<\/a><\/h4>\n<div id=\"accordion-1\" class=\"accordion-section-content open\">\n<p>Longshore &amp; Harbor Workers&#8217; Compensation Act<\/p>\n<ul>\n<li>\u00a7 901. Short title<\/li>\n<li>\u00a7 902. Definitions<\/li>\n<li>\u00a7 903. Coverage<\/li>\n<li>\u00a7 904. Liability for compensation<\/li>\n<li>\u00a7 905. Exclusiveness of liability<\/li>\n<li>\u00a7 906. Compensation<\/li>\n<li>\u00a7 907. Medical services and supplies<\/li>\n<li>\u00a7 908. Compensation for disability<\/li>\n<li>\u00a7 909. Compensation for death<\/li>\n<li>\u00a7 910. Determination of pay<\/li>\n<li>\u00a7 911. Guardian for minor or incompetent<\/li>\n<li>\u00a7 912. Notice of injury or death<\/li>\n<li>\u00a7 913. Filing of claims<\/li>\n<li>\u00a7 914. Payment of compensation<\/li>\n<li>\u00a7 915. Invalid agreements<\/li>\n<li>\u00a7 916. Assignment and exemption from claims of creditors<\/li>\n<li>\u00a7 917. Compensation a lien against assets<\/li>\n<li>\u00a7 918. Collection of defaulted payments; special fund<\/li>\n<li>\u00a7 919. Procedure in respect of claims<\/li>\n<li>\u00a7 920. Presumptions<\/li>\n<li>\u00a7 921. Review of compensation orders<\/li>\n<li>\u00a7 922. Modification of awards<\/li>\n<li>\u00a7 923. Procedure before deputy commissioner or Board<\/li>\n<li>\u00a7 924. Witnesses<\/li>\n<li>\u00a7 925. Witness fees<\/li>\n<li>\u00a7 926. Costs in proceedings brought without reasonable grounds<\/li>\n<li>\u00a7 927. Powers of deputy commissioners or Board<\/li>\n<li>\u00a7 928. Fees for services<\/li>\n<li>\u00a7 929. Record of injury or death<\/li>\n<li>\u00a7 930. Reports to Secretary<\/li>\n<li>\u00a7 931. Penalty for misrepresentation; prosecution of claims<\/li>\n<li>\u00a7 932. Security for compensation<\/li>\n<li>\u00a7 933. Compensation for injuries where third persons are liable<\/li>\n<li>\u00a7 934. Compensation notice<\/li>\n<li>\u00a7 935. Substitution of carrier for employer<\/li>\n<li>\u00a7 936. Insurance policies<\/li>\n<li>\u00a7 937. Certificate of compliance with this Act<\/li>\n<li>\u00a7 938. Penalty for failure to secure payment of compensation<\/li>\n<li>\u00a7 939. Administration by Secretary<\/li>\n<li>\u00a7 940. Deputy commissioners<\/li>\n<li>\u00a7 941. Safety rules and regulations<\/li>\n<li>\u00a7 942. Annual report<\/li>\n<li>\u00a7 943. [Repealed]<\/li>\n<li>\u00a7 944. Special fund<\/li>\n<li>\u00a7 945. [Repealed]<\/li>\n<li>\u00a7 948. Laws inapplicable<\/li>\n<li>\u00a7 948a. Discrimination against employees who bring proceedings; penalties; deposit of payments in special funds; civil actions; entitlement to restoration of employment and compensation, qualifications requirement; liability of employer for penalties and payments; insurance policy exemption from liability<\/li>\n<li>\u00a7 949. Effect of unconstitutionality<\/li>\n<li>\u00a7 950. Separability provision<\/li>\n<li>\u00a7\u00a7 951 \u2014 980. [Reserved]<\/li>\n<\/ul>\n<\/div>\n<\/div>\n<\/div>\n<div class=\"accsec-ritcnt accordion\">\n<h3><span class=\"ez-toc-section\" id=\"louisiana-maritime-laws\"><\/span>Louisiana Maritime Laws<span class=\"ez-toc-section-end\"><\/span><\/h3>\n<div class=\"accordion-section\">\n<h4><a class=\"accordion-section-title\" href=\"#accordion-2\">Death on the High Seas Act (DOHSA)<\/a><\/h4>\n<div id=\"accordion-2\" class=\"accordion-section-content \">\n<p><strong>46 U.S. Code Chapter 303\u2014Death on the High Seas<\/strong><\/p>\n<ul>\n<li>\u00a7 30301. Short title<\/li>\n<li>\u00a7 30302. Cause of action<\/li>\n<li>\u00a7 30303. Amount and apportionment of recovery<\/li>\n<li>\u00a7 30304. Contributory negligence<\/li>\n<li>\u00a7 30305. Death of plaintiff in pending action<\/li>\n<li>\u00a7 30306. Foreign cause of action<\/li>\n<li>\u00a7 30307. Commercial aviation accidents<\/li>\n<li>\u00a7 30308. Nonapplication<\/li>\n<\/ul>\n<\/div>\n<\/div>\n<\/div>\n","protected":false},"excerpt":{"rendered":"<p>Baton Rouge Offshore Accident Attorney Information &amp; What To Do If you or a loved one has been seriously injured while working offshore in the Gulf of Mexico or in an accident onshore connected to maritime work, we urge you to obtain legal representation from an experienced offshore and maritime accident lawyer immediately. You may &hellip; <\/p>\n<p class=\"link-more\"><a href=\"https:\/\/www.murphylawfirm.com\/es\/baton-rouge-offshore-accident-lawyer\/\" class=\"more-link\">Seguir leyendo<span class=\"screen-reader-text\"> &#8220;Baton Rouge Offshore Accident Lawyer&#8221;<\/span><\/a><\/p>","protected":false},"author":1,"featured_media":0,"parent":0,"menu_order":0,"comment_status":"closed","ping_status":"closed","template":"","meta":{"_acf_changed":false,"footnotes":""},"class_list":["post-1056","page","type-page","status-publish","hentry","entry"],"acf":[],"yoast_head":"<!-- This site is optimized with the Yoast SEO plugin v27.4 - https:\/\/yoast.com\/product\/yoast-seo-wordpress\/ -->\n<title>Baton Rouge Offshore Accident Lawyer - Free Consultation<\/title>\n<meta name=\"description\" content=\"Seeking a Baton Rouge offshore accident lawyer? Trust Murphy Law Firm for legal representation in maritime injury cases. Get a free consultation today!\" \/>\n<meta name=\"robots\" content=\"index, follow, max-snippet:-1, max-image-preview:large, max-video-preview:-1\" \/>\n<link rel=\"canonical\" href=\"https:\/\/www.murphylawfirm.com\/es\/baton-rouge-offshore-accidente-abogado\/\" \/>\n<meta property=\"og:locale\" content=\"es_MX\" \/>\n<meta property=\"og:type\" content=\"article\" \/>\n<meta property=\"og:title\" content=\"Baton Rouge Offshore Accident Lawyer - Free Consultation\" \/>\n<meta property=\"og:description\" content=\"Seeking a Baton Rouge offshore accident lawyer? Trust Murphy Law Firm for legal representation in maritime injury cases. Get a free consultation today!\" \/>\n<meta property=\"og:url\" content=\"https:\/\/www.murphylawfirm.com\/es\/baton-rouge-offshore-accidente-abogado\/\" \/>\n<meta property=\"og:site_name\" content=\"Murphy Law Firm\" \/>\n<meta property=\"article:publisher\" content=\"https:\/\/www.facebook.com\/MurphyLawFirm225\/\" \/>\n<meta property=\"article:modified_time\" content=\"2025-03-12T17:44:52+00:00\" \/>\n<meta name=\"twitter:card\" content=\"summary_large_image\" \/>\n<meta name=\"twitter:site\" content=\"@murphylawfirm225\" \/>\n<meta name=\"twitter:label1\" content=\"Tiempo de lectura\" \/>\n\t<meta name=\"twitter:data1\" content=\"5 minutos\" \/>\n<!-- \/ Yoast SEO plugin. -->","yoast_head_json":{"title":"Baton Rouge Abogado de accidentes en alta mar - Consulta gratuita","description":"\u00bfBusca un abogado de accidentes mar\u00edtimos Baton Rouge? Conf\u00ede en Murphy Law Firm para la representaci\u00f3n legal en casos de lesiones mar\u00edtimas. \u00a1Obtenga una consulta gratuita hoy!","robots":{"index":"index","follow":"follow","max-snippet":"max-snippet:-1","max-image-preview":"max-image-preview:large","max-video-preview":"max-video-preview:-1"},"canonical":"https:\/\/www.murphylawfirm.com\/es\/baton-rouge-offshore-accidente-abogado\/","og_locale":"es_MX","og_type":"article","og_title":"Baton Rouge Offshore Accident Lawyer - Free Consultation","og_description":"Seeking a Baton Rouge offshore accident lawyer? Trust Murphy Law Firm for legal representation in maritime injury cases. Get a free consultation today!","og_url":"https:\/\/www.murphylawfirm.com\/es\/baton-rouge-offshore-accidente-abogado\/","og_site_name":"Murphy Law Firm","article_publisher":"https:\/\/www.facebook.com\/MurphyLawFirm225\/","article_modified_time":"2025-03-12T17:44:52+00:00","twitter_card":"summary_large_image","twitter_site":"@murphylawfirm225","twitter_misc":{"Tiempo de lectura":"5 minutos"},"schema":{"@context":"https:\/\/schema.org","@graph":[{"@type":"WebPage","@id":"https:\/\/www.murphylawfirm.com\/baton-rouge-offshore-accident-lawyer\/","url":"https:\/\/www.murphylawfirm.com\/baton-rouge-offshore-accident-lawyer\/","name":"Baton Rouge Abogado de accidentes en alta mar - Consulta gratuita","isPartOf":{"@id":"https:\/\/www.murphylawfirm.com\/#website"},"datePublished":"2024-04-18T14:05:41+00:00","dateModified":"2025-03-12T17:44:52+00:00","description":"\u00bfBusca un abogado de accidentes mar\u00edtimos Baton Rouge? Conf\u00ede en Murphy Law Firm para la representaci\u00f3n legal en casos de lesiones mar\u00edtimas. \u00a1Obtenga una consulta gratuita hoy!","breadcrumb":{"@id":"https:\/\/www.murphylawfirm.com\/baton-rouge-offshore-accident-lawyer\/#breadcrumb"},"inLanguage":"es","potentialAction":[{"@type":"ReadAction","target":["https:\/\/www.murphylawfirm.com\/baton-rouge-offshore-accident-lawyer\/"]}]},{"@type":"BreadcrumbList","@id":"https:\/\/www.murphylawfirm.com\/baton-rouge-offshore-accident-lawyer\/#breadcrumb","itemListElement":[{"@type":"ListItem","position":1,"name":"Home","item":"https:\/\/www.murphylawfirm.com\/"},{"@type":"ListItem","position":2,"name":"Baton Rouge Offshore Accident Lawyer"}]},{"@type":"WebSite","@id":"https:\/\/www.murphylawfirm.com\/#website","url":"https:\/\/www.murphylawfirm.com\/","name":"Bufete Murphy","description":"","publisher":{"@id":"https:\/\/www.murphylawfirm.com\/#organization"},"potentialAction":[{"@type":"SearchAction","target":{"@type":"EntryPoint","urlTemplate":"https:\/\/www.murphylawfirm.com\/?s={search_term_string}"},"query-input":{"@type":"PropertyValueSpecification","valueRequired":true,"valueName":"search_term_string"}}],"inLanguage":"es"},{"@type":"Organization","@id":"https:\/\/www.murphylawfirm.com\/#organization","name":"Bufete Murphy","alternateName":"Murphy Law Firm","url":"https:\/\/www.murphylawfirm.com\/","logo":{"@type":"ImageObject","inLanguage":"es","@id":"https:\/\/www.murphylawfirm.com\/#\/schema\/logo\/image\/","url":"https:\/\/www.murphylawfirm.com\/wp-content\/uploads\/2024\/05\/murphy.jpg","contentUrl":"https:\/\/www.murphylawfirm.com\/wp-content\/uploads\/2024\/05\/murphy.jpg","width":309,"height":79,"caption":"Murphy Law Firm"},"image":{"@id":"https:\/\/www.murphylawfirm.com\/#\/schema\/logo\/image\/"},"sameAs":["https:\/\/www.facebook.com\/MurphyLawFirm225\/","https:\/\/x.com\/murphylawfirm225","https:\/\/www.instagram.com\/murphylawfirm225\/","https:\/\/www.linkedin.com\/in\/murphy-law-firm-peyton-murphy\/","https:\/\/maps.app.goo.gl\/WCtGDyEwg1JYgwZ87","https:\/\/www.yelp.com\/biz\/murphy-law-firm-baton-rouge-3","https:\/\/www.mapquest.com\/us\/louisiana\/murphy-law-firm-284707425","https:\/\/www.lawinfo.com\/lawfirm\/louisiana\/baton-rouge\/murphy-law-firm-llc\/97a2f249-3b83-4255-b82a-f62955d76970.html","https:\/\/www.hg.org\/attorney\/murphy-law-firm-llc\/68580","https:\/\/lawyers.findlaw.com\/louisiana\/baton-rouge\/2388680_1\/","https:\/\/www.bbb.org\/us\/la\/baton-rouge\/profile\/lawyers\/murphy-law-firm-llc-0835-12003342","https:\/\/www.lawyers.com\/baton-rouge\/louisiana\/murphy-law-firm-42910679-f\/","https:\/\/nextdoor.com\/pages\/murphy-law-firm-llc\/","https:\/\/www.lawyer4criminaldefense.com\/criminal-defense-lawyers\/listing\/b637fd75d4bc11b1a32273b847ba8a37\/","https:\/\/www.expertise.com\/legal\/slip-and-fall-lawyers\/louisiana\/baton-rouge","https:\/\/www.youtube.com\/@MurphyLawFirmBatonRouge"]}]}},"_links":{"self":[{"href":"https:\/\/www.murphylawfirm.com\/es\/wp-json\/wp\/v2\/pages\/1056","targetHints":{"allow":["GET"]}}],"collection":[{"href":"https:\/\/www.murphylawfirm.com\/es\/wp-json\/wp\/v2\/pages"}],"about":[{"href":"https:\/\/www.murphylawfirm.com\/es\/wp-json\/wp\/v2\/types\/page"}],"author":[{"embeddable":true,"href":"https:\/\/www.murphylawfirm.com\/es\/wp-json\/wp\/v2\/users\/1"}],"replies":[{"embeddable":true,"href":"https:\/\/www.murphylawfirm.com\/es\/wp-json\/wp\/v2\/comments?post=1056"}],"version-history":[{"count":9,"href":"https:\/\/www.murphylawfirm.com\/es\/wp-json\/wp\/v2\/pages\/1056\/revisions"}],"predecessor-version":[{"id":6072,"href":"https:\/\/www.murphylawfirm.com\/es\/wp-json\/wp\/v2\/pages\/1056\/revisions\/6072"}],"wp:attachment":[{"href":"https:\/\/www.murphylawfirm.com\/es\/wp-json\/wp\/v2\/media?parent=1056"}],"curies":[{"name":"wp","href":"https:\/\/api.w.org\/{rel}","templated":true}]}}