{"id":1074,"date":"2024-04-18T15:00:09","date_gmt":"2024-04-18T15:00:09","guid":{"rendered":"https:\/\/www.murphylawfirm.com\/?page_id=1074"},"modified":"2026-02-05T11:44:51","modified_gmt":"2026-02-05T11:44:51","slug":"baton-rouge-equipo-defectuoso-camion-accidente-abogado","status":"publish","type":"page","link":"https:\/\/www.murphylawfirm.com\/es\/baton-rouge-defective-truck-equipment-accident-lawyer\/","title":{"rendered":"Baton Rouge Abogado de accidentes de camiones defectuosos"},"content":{"rendered":"<div id=\"ez-toc-container\" class=\"ez-toc-v2_0_83 counter-hierarchy ez-toc-counter ez-toc-transparent ez-toc-container-direction\">\n<div class=\"ez-toc-title-container\">\n<p class=\"ez-toc-title ez-toc-toggle\" style=\"cursor:pointer\">\u00cdndice<\/p>\n<span class=\"ez-toc-title-toggle\"><a href=\"#\" class=\"ez-toc-pull-right ez-toc-btn ez-toc-btn-xs ez-toc-btn-default ez-toc-toggle\" aria-label=\"Toggle Table of Content\"><span class=\"ez-toc-js-icon-con\"><span class=\"\"><span class=\"eztoc-hide\" style=\"display:none;\">Toggle<\/span><span class=\"ez-toc-icon-toggle-span\"><svg style=\"fill: #999;color:#999\" xmlns=\"http:\/\/www.w3.org\/2000\/svg\" class=\"list-377408\" width=\"20px\" height=\"20px\" viewbox=\"0 0 24 24\" fill=\"none\"><path d=\"M6 6H4v2h2V6zm14 0H8v2h12V6zM4 11h2v2H4v-2zm16 0H8v2h12v-2zM4 16h2v2H4v-2zm16 0H8v2h12v-2z\" fill=\"currentColor\"><\/path><\/svg><svg style=\"fill: #999;color:#999\" class=\"arrow-unsorted-368013\" xmlns=\"http:\/\/www.w3.org\/2000\/svg\" width=\"10px\" height=\"10px\" viewbox=\"0 0 24 24\" version=\"1.2\" baseprofile=\"tiny\"><path d=\"M18.2 9.3l-6.2-6.3-6.2 6.3c-.2.2-.3.4-.3.7s.1.5.3.7c.2.2.4.3.7.3h11c.3 0 .5-.1.7-.3.2-.2.3-.5.3-.7s-.1-.5-.3-.7zM5.8 14.7l6.2 6.3 6.2-6.3c.2-.2.3-.5.3-.7s-.1-.5-.3-.7c-.2-.2-.4-.3-.7-.3h-11c-.3 0-.5.1-.7.3-.2.2-.3.5-.3.7s.1.5.3.7z\"\/><\/svg><\/span><\/span><\/span><\/a><\/span><\/div>\n<nav><ul class='ez-toc-list ez-toc-list-level-1 eztoc-toggle-hide-by-default' ><li class='ez-toc-page-1 ez-toc-heading-level-2'><a class=\"ez-toc-link ez-toc-heading-1\" href=\"https:\/\/www.murphylawfirm.com\/es\/baton-rouge-defective-truck-equipment-accident-lawyer\/#defective-truck-equipment-accident-attorney-in-baton-rouge-la\" >Abogado especializado en accidentes por defectos en el equipamiento de camiones en Baton Rouge, Los \u00c1ngeles<\/a><\/li><li class='ez-toc-page-1 ez-toc-heading-level-2'><a class=\"ez-toc-link ez-toc-heading-2\" href=\"https:\/\/www.murphylawfirm.com\/es\/baton-rouge-defective-truck-equipment-accident-lawyer\/#truck-accident-case-results\" >Resultados de casos de accidentes de camiones<\/a><ul class='ez-toc-list-level-3' ><li class='ez-toc-heading-level-3'><a class=\"ez-toc-link ez-toc-heading-3\" href=\"https:\/\/www.murphylawfirm.com\/es\/baton-rouge-defective-truck-equipment-accident-lawyer\/#1-million\" >1 TP 12 T 1 MILL\u00d3N<\/a><\/li><li class='ez-toc-page-1 ez-toc-heading-level-3'><a class=\"ez-toc-link ez-toc-heading-4\" href=\"https:\/\/www.murphylawfirm.com\/es\/baton-rouge-defective-truck-equipment-accident-lawyer\/#1015000\" >$1,015,000<\/a><\/li><\/ul><\/li><li class='ez-toc-page-1 ez-toc-heading-level-2'><a class=\"ez-toc-link ez-toc-heading-5\" href=\"https:\/\/www.murphylawfirm.com\/es\/baton-rouge-defective-truck-equipment-accident-lawyer\/#defective-vehicle-parts-and-product-liability-law\" >Piezas defectuosas de veh\u00edculos y Derecho de responsabilidad por productos defectuosos<\/a><\/li><li class='ez-toc-page-1 ez-toc-heading-level-2'><a class=\"ez-toc-link ez-toc-heading-6\" href=\"https:\/\/www.murphylawfirm.com\/es\/baton-rouge-defective-truck-equipment-accident-lawyer\/#part-failures-due-to-truck-owner-negligence\" >Aver\u00edas de piezas por negligencia del propietario del cami\u00f3n<\/a><\/li><li class='ez-toc-page-1 ez-toc-heading-level-2'><a class=\"ez-toc-link ez-toc-heading-7\" href=\"https:\/\/www.murphylawfirm.com\/es\/baton-rouge-defective-truck-equipment-accident-lawyer\/#defective-truck-equipment-attorneys-in-baton-rouge\" >Abogados de equipos defectuosos de camiones en Baton Rouge<\/a><\/li><\/ul><\/nav><\/div>\n<h2><span class=\"ez-toc-section\" id=\"defective-truck-equipment-accident-attorney-in-baton-rouge-la\"><\/span>Abogado especializado en accidentes por defectos en el equipamiento de camiones en Baton Rouge, Los \u00c1ngeles<span class=\"ez-toc-section-end\"><\/span><\/h2>\n<p>Los camiones comerciales cuentan con el equipamiento necesario para funcionar sin problemas. Hay muchas piezas m\u00f3viles para enganchar el remolque a la cabina, remolcar cargas pesadas y, simplemente, para mantener un veh\u00edculo tan grande y pesado en movimiento de forma segura. Cuando uno de los componentes de un cami\u00f3n de gran tonelaje funciona mal, compromete la seguridad de todo el veh\u00edculo. En un estudio, en 10% de todos los accidentes de cami\u00f3n se produjeron fallos en piezas que causaron accidentes de coche.<\/p>\n<p>Las empresas de camiones, los conductores y otras partes son responsables del estado y el mantenimiento adecuado de los veh\u00edculos de la flota. Despu\u00e9s de una colisi\u00f3n con un cami\u00f3n grande en Louisiana, venga a ver a nuestros abogados de accidentes de camiones en <a href=\"https:\/\/www.murphylawfirm.com\/es\/por-que-elegirnos\/\">Bufete Murphy<\/a>para que podamos investigar la cuesti\u00f3n del equipamiento defectuoso del cami\u00f3n.<\/p>\n<section style=\"margin: 50px 0; text-align: center;\"><!-- Section Heading --><\/p>\n<h2 style=\"color: #0d2c4e; margin-bottom: 30px;\"><span class=\"ez-toc-section\" id=\"truck-accident-case-results\"><\/span>Resultados de casos de accidentes de camiones<span class=\"ez-toc-section-end\"><\/span><\/h2>\n<p><!-- Side-by-side boxes --><\/p>\n<table style=\"border-collapse: separate; border-spacing: 20px;\" width=\"100%\" cellspacing=\"0\" cellpadding=\"0\">\n<tbody>\n<tr><!-- Box 1 --><\/p>\n<td style=\"background: #eff0f0; padding: 35px 30px; border-top: 4px solid #b4532a; border-bottom: 4px solid #b4532a;\" valign=\"top\" width=\"50%\">\n<h3 style=\"color: #0d2c4e; font-size: 38px; margin: 0;\"><span class=\"ez-toc-section\" id=\"1-million\"><\/span>1 TP 12 T 1 MILL\u00d3N<span class=\"ez-toc-section-end\"><\/span><\/h3>\n<p style=\"color: #b4532a; font-weight: 600; margin: 12px 0 18px;\">Accidentes de camiones<\/p>\n<p style=\"color: #333; line-height: 1.6; margin: 0;\">Un trabajador de la parroquia de Evangeline sufri\u00f3 lesiones en el cuello y los hombros cuando un cami\u00f3n de 18 ruedas intent\u00f3 adelantarlo en condiciones de hielo en la autopista US 190, cerca de Krotz Springs. Los demandados acordaron pagar todos los l\u00edmites de la p\u00f3liza, incluidos los da\u00f1os materiales, despu\u00e9s de que se presentara la demanda en la parroquia de St. Landry.<\/p>\n<\/td>\n<p><!-- Box 2 (auto \/ insurance proceeds) --><\/p>\n<td style=\"background: #eff0f0; padding: 35px 30px; border-top: 4px solid #b4532a; border-bottom: 4px solid #b4532a;\" valign=\"top\" width=\"50%\">\n<h3 style=\"color: #0d2c4e; font-size: 38px; margin: 0;\"><span class=\"ez-toc-section\" id=\"1015000\"><\/span>$1,015,000<span class=\"ez-toc-section-end\"><\/span><\/h3>\n<p style=\"color: #b4532a; font-weight: 600; margin: 12px 0 18px;\">Accidentes de tr\u00e1fico<\/p>\n<p style=\"color: #333; line-height: 1.6; margin: 0;\">Una mujer de Prairieville, Luisiana, sufri\u00f3 un atropello mientras intentaba dar la vuelta en Florida Boulevard, lo que le provoc\u00f3 lesiones cerebrales catastr\u00f3ficas y otras lesiones ortop\u00e9dicas. A pesar del alto grado de culpa comparativa de la demandante, el bufete Murphy Law Firm consigui\u00f3 un acuerdo por el total de la indemnizaci\u00f3n del seguro tras presentar una demanda en la parroquia de East St. Louis.<\/p>\n<\/td>\n<\/tr>\n<\/tbody>\n<\/table>\n<p><!-- CTA Button --><\/p>\n<div style=\"margin-top: 40px; text-align: center;\"><a style=\"font-family: 'Onest-Regular', sans-serif; font-size: 22px; font-weight: 600; color: #ffffff; background-color: #0d2c4e; border-radius: 50px; text-decoration: none; display: inline-flex; align-items: center; justify-content: center; line-height: 1; padding: 18px 40px 23px 40px;\" href=\"https:\/\/www.murphylawfirm.com\/es\/historias-de-exito\/\"><br \/>\n<span style=\"display: inline-block; transform: translateY(-2px);\"><br \/>\nVer todos los resultados de los casos \u2192<br \/>\n<\/span><br \/>\n<\/a><\/div>\n<\/section>\n<h2><span class=\"ez-toc-section\" id=\"defective-vehicle-parts-and-product-liability-law\"><\/span>Piezas defectuosas de veh\u00edculos y Derecho de responsabilidad por productos defectuosos<span class=\"ez-toc-section-end\"><\/span><\/h2>\n<p><strong>Los componentes comunes que pueden estar defectuosos son:<\/strong><\/p>\n<ul>\n<li>Limpiaparabrisas<\/li>\n<li>Luces delanteras y traseras<\/li>\n<li>Sistema de direcci\u00f3n<\/li>\n<li>Panel de instrumentos<\/li>\n<li>Barras de seguridad<\/li>\n<li>Neum\u00e1ticos<\/li>\n<li>Frenos<\/li>\n<li>Sistema de combustible<\/li>\n<\/ul>\n<p>Los fabricantes de camiones deben obedecer las normas m\u00e1s estrictas de cuidado a la hora de dise\u00f1ar, crear y distribuir piezas de veh\u00edculos y veh\u00edculos de flota. El rendimiento de cada componente es importante para la operatividad general del cami\u00f3n. Un solo error durante cualquiera de los procesos de fabricaci\u00f3n puede dar lugar a un cami\u00f3n no apto para la carretera. Si un cami\u00f3n contiene una pieza defectuosa, es s\u00f3lo cuesti\u00f3n de tiempo que algo funcione mal o se aver\u00ede, y usted o un ser querido podr\u00edan acabar pagando el desafortunado, y a menudo mortal, precio.<\/p>\n<p>Louisiana la legislaci\u00f3n sobre responsabilidad por productos defectuosos permite a los perjudicados presentar una reclamaci\u00f3n contra las empresas fabricantes y distribuidoras de camiones en caso de que una pieza defectuosa cause un <a href=\"https:\/\/www.murphylawfirm.com\/es\/baton-rouge-abogado-de-accidente-de-coche\/\">accidente de tr\u00e1fico<\/a>. Si la pieza de la carretilla tiene un error de fabricaci\u00f3n, de dise\u00f1o o de comercializaci\u00f3n que la hace defectuosa, el <a href=\"https:\/\/digitalcommons.law.lsu.edu\/cgi\/viewcontent.cgi?article=2803&amp;context=lalrev\" target=\"_blank\" rel=\"noopener\">normas de responsabilidad objetiva<\/a> entran en juego. Esto significa que los tribunales considerar\u00e1n a la empresa fabricante estrictamente responsable de las lesiones causadas por la pieza defectuosa, independientemente de si la empresa fue negligente. En caso contrario, corresponder\u00e1 al demandante demostrar la negligencia para que la demanda prospere.<\/p>\n<h2><span class=\"ez-toc-section\" id=\"part-failures-due-to-truck-owner-negligence\"><\/span>Aver\u00edas de piezas por negligencia del propietario del cami\u00f3n<span class=\"ez-toc-section-end\"><\/span><\/h2>\n<p><strong>El fallo de cualquier pieza de un semirremolque puede deberse a:<\/strong><\/p>\n<ul>\n<li>Problemas en las piezas<\/li>\n<li>Dise\u00f1o<\/li>\n<li>Errores en el proceso de fabricaci\u00f3n<\/li>\n<li>Falta de mantenimiento preventivo adecuado<\/li>\n<li>Uso incorrecto por parte del conductor<\/li>\n<\/ul>\n<p>En otros casos, el equipo del cami\u00f3n llega al veh\u00edculo en buenas condiciones de funcionamiento, s\u00f3lo para averiarse m\u00e1s tarde debido a la falta de mantenimiento adecuado o a reparaciones de mala calidad. En estas situaciones, la parte encargada del mantenimiento del cami\u00f3n puede ser responsable. Puede ser la empresa de transporte, el propietario-operador del cami\u00f3n o el personal de mantenimiento. Hay leyes federales en vigor que controlan la frecuencia con la que las empresas deben inspeccionar los camiones grandes para detectar fallos y problemas en las piezas. Incumplir estas normas para ahorrar tiempo y dinero es una de las principales causas de aver\u00edas relacionadas con piezas. <a href=\"https:\/\/www.murphylawfirm.com\/es\/baton-rouge-abogado-de-accidente-de-camion\/\">accidentes de cami\u00f3n<\/a> en el pa\u00eds.<\/p>\n<p>Dependiendo de la naturaleza del defecto o fallo, varias partes pueden ser responsables de un accidente de cami\u00f3n. Entre ellas se encuentran los propietarios de camiones, las empresas de transporte, los mec\u00e1nicos de camiones y las empresas fabricantes de piezas.<\/p>\n<p>En el pasado, las empresas de transporte por carretera se las arreglaban en gran medida para evitar la responsabilidad por accidentes de cami\u00f3n contratando a conductores aut\u00f3nomos (contratistas independientes) y alquilando los veh\u00edculos de su flota en lugar de poseerlos. En caso de accidente, el conductor ser\u00eda responsable de sus propios errores, y el propietario real del cami\u00f3n ser\u00eda responsable de los problemas relacionados con el veh\u00edculo, dejando a la empresa de camiones impune. Hoy, sin embargo, esto ya no es as\u00ed. Las nuevas normas exponen a las empresas de camiones a la responsabilidad por accidentes en los que est\u00e9n implicados sus veh\u00edculos y conductores, independientemente de su titularidad o situaci\u00f3n laboral.<\/p>\n<h2><span class=\"ez-toc-section\" id=\"defective-truck-equipment-attorneys-in-baton-rouge\"><\/span>Abogados de equipos defectuosos de camiones en Baton Rouge<span class=\"ez-toc-section-end\"><\/span><\/h2>\n<p>Luchar contra una empresa de camiones por un accidente de tr\u00e1fico relacionado con un equipo puede ser dif\u00edcil. Usted necesita probar lo que caus\u00f3 el accidente de cami\u00f3n, as\u00ed como la culpa del acusado, o negligencia. En Murphy Law Firm usted trabajar\u00e1 con un <a href=\"https:\/\/www.murphylawfirm.com\/es\/\">abogado de lesiones personales<\/a> que puede recopilar pruebas, contratar peritos y presentar la documentaci\u00f3n del accidente en su nombre.<\/p>\n<p>Para obtener m\u00e1s informaci\u00f3n acerca de su reciente accidente en Baton Rouge, St. Francisville, Port Allen, Prairieville, y las parroquias circundantes a lo largo de Louisiana, p\u00f3ngase en contacto con uno de nuestros abogados de lesiones por accidente de cami\u00f3n para <a href=\"https:\/\/www.murphylawfirm.com\/es\/pongase-en-contacto-con\/\">programar una consulta GRATUITA<\/a>. Le informaremos sobre sus derechos como v\u00edctima de una de estas colisiones mortales y haremos todo lo que est\u00e9 en nuestra mano para conseguir la indemnizaci\u00f3n que se merece.<\/p>","protected":false},"excerpt":{"rendered":"<p>Defective Truck Equipment Accident Attorney in Baton Rouge, LA Commercial trucks come with necessary pieces of equipment for smooth operation. There are lots of moving parts to hitch the trailer to the cab, tow heavy loads, and simply to keep such a large and heavy vehicle moving safely. When one component of a big rig &hellip; <\/p>\n<p class=\"link-more\"><a href=\"https:\/\/www.murphylawfirm.com\/es\/baton-rouge-defective-truck-equipment-accident-lawyer\/\" class=\"more-link\">Seguir leyendo<span class=\"screen-reader-text\"> &#8220;Baton Rouge Defective Truck Equipment Accident Lawyer&#8221;<\/span><\/a><\/p>","protected":false},"author":1,"featured_media":0,"parent":0,"menu_order":0,"comment_status":"closed","ping_status":"closed","template":"","meta":{"_acf_changed":false,"footnotes":""},"class_list":["post-1074","page","type-page","status-publish","hentry","entry"],"acf":[],"yoast_head":"<!-- This site is optimized with the Yoast SEO plugin v27.6 - https:\/\/yoast.com\/product\/yoast-seo-wordpress\/ -->\n<title>Baton Rouge Defective Truck Equipment Accident Lawyer - Free Consultation<\/title>\n<meta name=\"description\" content=\"Seeking a Baton Rouge defective truck equipment accident lawyer? Rely on Murphy Law Firm for expert legal representation in cases involving defective truck parts.\" \/>\n<meta name=\"robots\" content=\"index, follow, max-snippet:-1, max-image-preview:large, max-video-preview:-1\" \/>\n<link rel=\"canonical\" href=\"https:\/\/www.murphylawfirm.com\/es\/baton-rouge-equipo-defectuoso-camion-accidente-abogado\/\" \/>\n<meta property=\"og:locale\" content=\"es_MX\" \/>\n<meta property=\"og:type\" content=\"article\" \/>\n<meta property=\"og:title\" content=\"Baton Rouge Defective Truck Equipment Accident Lawyer - Free Consultation\" \/>\n<meta property=\"og:description\" content=\"Seeking a Baton Rouge defective truck equipment accident lawyer? Rely on Murphy Law Firm for expert legal representation in cases involving defective truck parts.\" \/>\n<meta property=\"og:url\" content=\"https:\/\/www.murphylawfirm.com\/es\/baton-rouge-equipo-defectuoso-camion-accidente-abogado\/\" \/>\n<meta property=\"og:site_name\" content=\"Murphy Law Firm\" \/>\n<meta property=\"article:publisher\" content=\"https:\/\/www.facebook.com\/MurphyLawFirm225\/\" \/>\n<meta property=\"article:modified_time\" content=\"2026-02-05T11:44:51+00:00\" \/>\n<meta name=\"twitter:card\" content=\"summary_large_image\" \/>\n<meta name=\"twitter:site\" content=\"@murphylawfirm225\" \/>\n<meta name=\"twitter:label1\" content=\"Tiempo de lectura\" \/>\n\t<meta name=\"twitter:data1\" content=\"4 minutos\" \/>\n<!-- \/ Yoast SEO plugin. -->","yoast_head_json":{"title":"Baton Rouge Abogado de Accidente de Equipo de Cami\u00f3n Defectuoso - Consulta Gratis","description":"\u00bfBusca un abogado de accidentes de equipo de cami\u00f3n defectuoso Baton Rouge? Conf\u00ede en Murphy Law Firm para obtener representaci\u00f3n legal experta en casos relacionados con piezas defectuosas de camiones.","robots":{"index":"index","follow":"follow","max-snippet":"max-snippet:-1","max-image-preview":"max-image-preview:large","max-video-preview":"max-video-preview:-1"},"canonical":"https:\/\/www.murphylawfirm.com\/es\/baton-rouge-equipo-defectuoso-camion-accidente-abogado\/","og_locale":"es_MX","og_type":"article","og_title":"Baton Rouge Defective Truck Equipment Accident Lawyer - Free Consultation","og_description":"Seeking a Baton Rouge defective truck equipment accident lawyer? Rely on Murphy Law Firm for expert legal representation in cases involving defective truck parts.","og_url":"https:\/\/www.murphylawfirm.com\/es\/baton-rouge-equipo-defectuoso-camion-accidente-abogado\/","og_site_name":"Murphy Law Firm","article_publisher":"https:\/\/www.facebook.com\/MurphyLawFirm225\/","article_modified_time":"2026-02-05T11:44:51+00:00","twitter_card":"summary_large_image","twitter_site":"@murphylawfirm225","twitter_misc":{"Tiempo de lectura":"4 minutos"},"schema":{"@context":"https:\/\/schema.org","@graph":[{"@type":"WebPage","@id":"https:\/\/www.murphylawfirm.com\/baton-rouge-defective-truck-equipment-accident-lawyer\/","url":"https:\/\/www.murphylawfirm.com\/baton-rouge-defective-truck-equipment-accident-lawyer\/","name":"Baton Rouge Abogado de Accidente de Equipo de Cami\u00f3n Defectuoso - Consulta Gratis","isPartOf":{"@id":"https:\/\/www.murphylawfirm.com\/#website"},"datePublished":"2024-04-18T15:00:09+00:00","dateModified":"2026-02-05T11:44:51+00:00","description":"\u00bfBusca un abogado de accidentes de equipo de cami\u00f3n defectuoso Baton Rouge? Conf\u00ede en Murphy Law Firm para obtener representaci\u00f3n legal experta en casos relacionados con piezas defectuosas de camiones.","breadcrumb":{"@id":"https:\/\/www.murphylawfirm.com\/baton-rouge-defective-truck-equipment-accident-lawyer\/#breadcrumb"},"inLanguage":"es","potentialAction":[{"@type":"ReadAction","target":["https:\/\/www.murphylawfirm.com\/baton-rouge-defective-truck-equipment-accident-lawyer\/"]}]},{"@type":"BreadcrumbList","@id":"https:\/\/www.murphylawfirm.com\/baton-rouge-defective-truck-equipment-accident-lawyer\/#breadcrumb","itemListElement":[{"@type":"ListItem","position":1,"name":"Home","item":"https:\/\/www.murphylawfirm.com\/"},{"@type":"ListItem","position":2,"name":"Baton Rouge Defective Truck Equipment Accident Lawyer"}]},{"@type":"WebSite","@id":"https:\/\/www.murphylawfirm.com\/#website","url":"https:\/\/www.murphylawfirm.com\/","name":"Bufete Murphy","description":"","publisher":{"@id":"https:\/\/www.murphylawfirm.com\/#organization"},"potentialAction":[{"@type":"SearchAction","target":{"@type":"EntryPoint","urlTemplate":"https:\/\/www.murphylawfirm.com\/?s={search_term_string}"},"query-input":{"@type":"PropertyValueSpecification","valueRequired":true,"valueName":"search_term_string"}}],"inLanguage":"es"},{"@type":"Organization","@id":"https:\/\/www.murphylawfirm.com\/#organization","name":"Bufete Murphy","alternateName":"Murphy Law Firm","url":"https:\/\/www.murphylawfirm.com\/","logo":{"@type":"ImageObject","inLanguage":"es","@id":"https:\/\/www.murphylawfirm.com\/#\/schema\/logo\/image\/","url":"https:\/\/www.murphylawfirm.com\/wp-content\/uploads\/2024\/05\/murphy.jpg","contentUrl":"https:\/\/www.murphylawfirm.com\/wp-content\/uploads\/2024\/05\/murphy.jpg","width":309,"height":79,"caption":"Murphy Law Firm"},"image":{"@id":"https:\/\/www.murphylawfirm.com\/#\/schema\/logo\/image\/"},"sameAs":["https:\/\/www.facebook.com\/MurphyLawFirm225\/","https:\/\/x.com\/murphylawfirm225","https:\/\/www.instagram.com\/murphylawfirm225\/","https:\/\/www.linkedin.com\/in\/murphy-law-firm-peyton-murphy\/","https:\/\/maps.app.goo.gl\/WCtGDyEwg1JYgwZ87","https:\/\/www.yelp.com\/biz\/murphy-law-firm-baton-rouge-3","https:\/\/www.mapquest.com\/us\/louisiana\/murphy-law-firm-284707425","https:\/\/www.lawinfo.com\/lawfirm\/louisiana\/baton-rouge\/murphy-law-firm-llc\/97a2f249-3b83-4255-b82a-f62955d76970.html","https:\/\/www.hg.org\/attorney\/murphy-law-firm-llc\/68580","https:\/\/lawyers.findlaw.com\/louisiana\/baton-rouge\/2388680_1\/","https:\/\/www.bbb.org\/us\/la\/baton-rouge\/profile\/lawyers\/murphy-law-firm-llc-0835-12003342","https:\/\/www.lawyers.com\/baton-rouge\/louisiana\/murphy-law-firm-42910679-f\/","https:\/\/nextdoor.com\/pages\/murphy-law-firm-llc\/","https:\/\/www.lawyer4criminaldefense.com\/criminal-defense-lawyers\/listing\/b637fd75d4bc11b1a32273b847ba8a37\/","https:\/\/www.expertise.com\/legal\/slip-and-fall-lawyers\/louisiana\/baton-rouge","https:\/\/www.youtube.com\/@MurphyLawFirmBatonRouge"]}]}},"_links":{"self":[{"href":"https:\/\/www.murphylawfirm.com\/es\/wp-json\/wp\/v2\/pages\/1074","targetHints":{"allow":["GET"]}}],"collection":[{"href":"https:\/\/www.murphylawfirm.com\/es\/wp-json\/wp\/v2\/pages"}],"about":[{"href":"https:\/\/www.murphylawfirm.com\/es\/wp-json\/wp\/v2\/types\/page"}],"author":[{"embeddable":true,"href":"https:\/\/www.murphylawfirm.com\/es\/wp-json\/wp\/v2\/users\/1"}],"replies":[{"embeddable":true,"href":"https:\/\/www.murphylawfirm.com\/es\/wp-json\/wp\/v2\/comments?post=1074"}],"version-history":[{"count":13,"href":"https:\/\/www.murphylawfirm.com\/es\/wp-json\/wp\/v2\/pages\/1074\/revisions"}],"predecessor-version":[{"id":8706,"href":"https:\/\/www.murphylawfirm.com\/es\/wp-json\/wp\/v2\/pages\/1074\/revisions\/8706"}],"wp:attachment":[{"href":"https:\/\/www.murphylawfirm.com\/es\/wp-json\/wp\/v2\/media?parent=1074"}],"curies":[{"name":"wp","href":"https:\/\/api.w.org\/{rel}","templated":true}]}}