{"id":1094,"date":"2024-04-18T14:32:02","date_gmt":"2024-04-18T14:32:02","guid":{"rendered":"https:\/\/www.murphylawfirm.com\/?page_id=1094"},"modified":"2025-03-12T17:35:49","modified_gmt":"2025-03-12T17:35:49","slug":"baton-rouge-abogado-de-lesiones-marinero-de-cubierta","status":"publish","type":"page","link":"https:\/\/www.murphylawfirm.com\/es\/baton-rouge-deckhand-injury-lawyer\/","title":{"rendered":"Baton Rouge Abogado de lesiones de marineros de cubierta"},"content":{"rendered":"<div id=\"ez-toc-container\" class=\"ez-toc-v2_0_82_2 counter-hierarchy ez-toc-counter ez-toc-transparent ez-toc-container-direction\">\n<div class=\"ez-toc-title-container\">\n<p class=\"ez-toc-title ez-toc-toggle\" style=\"cursor:pointer\">\u00cdndice<\/p>\n<span class=\"ez-toc-title-toggle\"><a href=\"#\" class=\"ez-toc-pull-right ez-toc-btn ez-toc-btn-xs ez-toc-btn-default ez-toc-toggle\" aria-label=\"Toggle Table of Content\"><span class=\"ez-toc-js-icon-con\"><span class=\"\"><span class=\"eztoc-hide\" style=\"display:none;\">Toggle<\/span><span class=\"ez-toc-icon-toggle-span\"><svg style=\"fill: #999;color:#999\" xmlns=\"http:\/\/www.w3.org\/2000\/svg\" class=\"list-377408\" width=\"20px\" height=\"20px\" viewbox=\"0 0 24 24\" fill=\"none\"><path d=\"M6 6H4v2h2V6zm14 0H8v2h12V6zM4 11h2v2H4v-2zm16 0H8v2h12v-2zM4 16h2v2H4v-2zm16 0H8v2h12v-2z\" fill=\"currentColor\"><\/path><\/svg><svg style=\"fill: #999;color:#999\" class=\"arrow-unsorted-368013\" xmlns=\"http:\/\/www.w3.org\/2000\/svg\" width=\"10px\" height=\"10px\" viewbox=\"0 0 24 24\" version=\"1.2\" baseprofile=\"tiny\"><path d=\"M18.2 9.3l-6.2-6.3-6.2 6.3c-.2.2-.3.4-.3.7s.1.5.3.7c.2.2.4.3.7.3h11c.3 0 .5-.1.7-.3.2-.2.3-.5.3-.7s-.1-.5-.3-.7zM5.8 14.7l6.2 6.3 6.2-6.3c.2-.2.3-.5.3-.7s-.1-.5-.3-.7c-.2-.2-.4-.3-.7-.3h-11c-.3 0-.5.1-.7.3-.2.2-.3.5-.3.7s.1.5.3.7z\"\/><\/svg><\/span><\/span><\/span><\/a><\/span><\/div>\n<nav><ul class='ez-toc-list ez-toc-list-level-1 eztoc-toggle-hide-by-default' ><li class='ez-toc-page-1 ez-toc-heading-level-2'><a class=\"ez-toc-link ez-toc-heading-1\" href=\"https:\/\/www.murphylawfirm.com\/es\/baton-rouge-deckhand-injury-lawyer\/#baton-rouge-deckhand-injury-attorney\" >Baton Rouge Abogado de lesiones de marineros de cubierta<\/a><ul class='ez-toc-list-level-3' ><li class='ez-toc-heading-level-3'><a class=\"ez-toc-link ez-toc-heading-2\" href=\"https:\/\/www.murphylawfirm.com\/es\/baton-rouge-deckhand-injury-lawyer\/#helping-injured-deckhands-recover-damages\" >Ayudar a los tripulantes lesionados a reclamar da\u00f1os y perjuicios<\/a><\/li><li class='ez-toc-page-1 ez-toc-heading-level-3'><a class=\"ez-toc-link ez-toc-heading-3\" href=\"https:\/\/www.murphylawfirm.com\/es\/baton-rouge-deckhand-injury-lawyer\/#louisiana-maritime-laws\" >Louisiana Legislaci\u00f3n mar\u00edtima<\/a><\/li><\/ul><\/li><\/ul><\/nav><\/div>\n<h2><span class=\"ez-toc-section\" id=\"baton-rouge-deckhand-injury-attorney\"><\/span>Baton Rouge Abogado de lesiones de marineros de cubierta<span class=\"ez-toc-section-end\"><\/span><\/h2>\n<p><strong>Informaci\u00f3n y qu\u00e9 hacer<\/strong><\/p>\n<p>Algunos de los trabajos m\u00e1s peligrosos del mundo son los de marinero de cubierta. Cuando se producen lesiones, suelen ser catastr\u00f3ficas o mortales. Aunque los marineros de cubierta suelen tener derecho a indemnizaci\u00f3n y prestaciones en virtud de la <a href=\"https:\/\/www.murphylawfirm.com\/es\/baton-rouge-jones-act-abogado\/\">Ley Jones<\/a>la mayor\u00eda necesitar\u00e1 un <a href=\"https:\/\/www.murphylawfirm.com\/es\/abogado-accidente-maritimo-baton-rouge\/\">abogado de accidentes mar\u00edtimos<\/a> para ayudarles con sus reclamaciones por lesiones.<\/p>\n<p>Si usted o un miembro de su familia ha sido lesionado mientras trabajaba como marinero de cubierta, es crucial hablar con un abogado de lesiones personales tan pronto como sea posible. En Murphy Law Firm, nuestros abogados de lesiones de marineros de cubierta pueden ayudarle a resolver las cuestiones de responsabilidad, incluidas las relacionadas con la <a href=\"https:\/\/www.murphylawfirm.com\/es\/abogado-de-la-ley-de-limitacion-de-responsabilidad-de-baton-rouge\/\">Ley de limitaci\u00f3n de responsabilidad<\/a>y solicitar una indemnizaci\u00f3n con arreglo a todas las leyes aplicables. Dependiendo de las circunstancias de la lesi\u00f3n o muerte por negligencia, puede haber m\u00faltiples partes responsables.<\/p>\n<p><strong>\"Los trabajadores en ocupaciones peligrosas merecen ser compensados si sufren una lesi\u00f3n en el trabajo. Los abogados de lesiones de mano de cubierta en la Firma de Abogados Murphy pueden asegurarse de que usted complete el papeleo de la Ley Jones a tiempo y correctamente. Trabajaremos para proteger sus derechos y recuperar la compensaci\u00f3n de la compa\u00f1\u00eda de seguros de su empleador. No sea v\u00edctima dos veces\".<\/strong><\/p>\n<p><strong><em><a href=\"https:\/\/www.murphylawfirm.com\/es\/nuestro-equipo\/peyton-murphy\/\">-Abogado Peyton Murphy<\/a><\/em><\/strong><\/p>\n<p>P\u00f3ngase en contacto con el bufete de abogados Murphy en <a href=\"tel:2252694928\">(225) 269-4928<\/a>.<\/p>\n<h3><span class=\"ez-toc-section\" id=\"helping-injured-deckhands-recover-damages\"><\/span>Ayudar a los tripulantes lesionados a reclamar da\u00f1os y perjuicios<span class=\"ez-toc-section-end\"><\/span><\/h3>\n<p>Aqu\u00ed en Murphy Law Firm, nos esforzamos para conseguir que la indemnizaci\u00f3n por lesiones marinero de cubierta que necesita para recuperarse de su incidente barco de pesca en <a href=\"https:\/\/en.wikipedia.org\/wiki\/Baton_Rouge,_Louisiana\" target=\"_blank\" rel=\"noopener\">Baton Rouge<\/a>ya sea en tierra o en el mar <a href=\"https:\/\/www.murphylawfirm.com\/es\/baton-rouge-offshore-accidente-abogado\/\">accidente en alta mar<\/a>. Algunas de las causas m\u00e1s comunes de las lesiones de los trabajadores mar\u00edtimos y <a href=\"https:\/\/www.murphylawfirm.com\/es\/baton-rouge-abogado-de-muerte-injusta\/\">muerte por negligencia<\/a>s incluyen:<\/p>\n<ul>\n<li><a href=\"https:\/\/www.murphylawfirm.com\/es\/baton-rouge-resbalon-y-caida-abogado\/\">Accidentes por resbalones y ca\u00eddas<\/a><\/li>\n<li>Ca\u00edda por la borda<\/li>\n<li>Equipos de seguridad defectuosos o inexistentes<\/li>\n<li>Maquinaria defectuosa<\/li>\n<\/ul>\n<p>Los marineros sometidos a estos peligros pueden sufrir lesiones cerebrales, fracturas \u00f3seas, amputaciones, lesiones de espalda, lesiones medulares o ahogamiento. Los marinos perjudicados necesitan una indemnizaci\u00f3n y otras prestaciones para cubrir el coste de sus lesiones como marineros de cubierta.<\/p>\n<p>En virtud del Derecho mar\u00edtimo, los marineros de cubierta pueden presentar reclamaciones por manutenci\u00f3n y curaci\u00f3n. Dependiendo de las circunstancias de la lesi\u00f3n, \u00e9sta puede estar totalmente cubierta por su empleador. No espere a saberlo. <a href=\"https:\/\/www.murphylawfirm.com\/es\/pongase-en-contacto-con\/\">P\u00f3ngase en contacto con el bufete de abogados Murphy hoy<\/a> \u00a1para obtener la consulta gratuita con uno de nuestros abogados con experiencia en lesiones de marineros de cubierta hoy!<\/p>\n<h3 style=\"text-align: center;\"><span class=\"ez-toc-section\" id=\"louisiana-maritime-laws\"><\/span>Louisiana Legislaci\u00f3n mar\u00edtima<span class=\"ez-toc-section-end\"><\/span><\/h3>\n<div class=\"accsec-ritcnt accordion\">\n<div class=\"accordion-section\">\n<h4><a class=\"accordion-section-title\" href=\"#accordion-1\">Ley de Muerte en Alta Mar (DOHSA)<\/a><\/h4>\n<div id=\"accordion-1\" class=\"accordion-section-content open\">\n<p>46 U.S. Code Cap\u00edtulo 303-Muerte en alta mar<\/p>\n<ul>\n<li>\u00a7 30301. T\u00edtulo abreviado<\/li>\n<li>\u00a7 30302. Causa de la acci\u00f3n<\/li>\n<li>\u00a7 30303. Cuant\u00eda y reparto de la recuperaci\u00f3n<\/li>\n<li>\u00a7 30304. Negligencia concurrente<\/li>\n<li>\u00a7 30305. Fallecimiento del demandante en una acci\u00f3n pendiente<\/li>\n<li>\u00a7 30306. Causa de acci\u00f3n extranjera<\/li>\n<li>\u00a7 30307. Accidentes de aviaci\u00f3n comercial<\/li>\n<li>\u00a7 30308. No aplicaci\u00f3n<\/li>\n<\/ul>\n<\/div>\n<\/div>\n<\/div>","protected":false},"excerpt":{"rendered":"<p>Informaci\u00f3n sobre abogados especializados en lesiones de marineros de cubierta en Baton Rouge y qu\u00e9 hacer: Los trabajos de marinero de cubierta se encuentran entre los m\u00e1s peligrosos del mundo. Cuando se producen lesiones, suelen ser catastr\u00f3ficas o mortales. Aunque los marineros de cubierta suelen tener derecho a una indemnizaci\u00f3n y a prestaciones en virtud de la Ley Jones, la mayor\u00eda necesitar\u00e1 un abogado especializado en accidentes mar\u00edtimos que les ayude con\u2026 <\/p>\n<p class=\"link-more\"><a href=\"https:\/\/www.murphylawfirm.com\/es\/baton-rouge-deckhand-injury-lawyer\/\" class=\"more-link\">Seguir leyendo<span class=\"screen-reader-text\"> &#8220;Baton Rouge Deckhand Injury Lawyer&#8221;<\/span><\/a><\/p>","protected":false},"author":1,"featured_media":0,"parent":0,"menu_order":0,"comment_status":"closed","ping_status":"closed","template":"","meta":{"_acf_changed":false,"footnotes":""},"class_list":["post-1094","page","type-page","status-publish","hentry","entry"],"acf":[],"yoast_head":"<!-- This site is optimized with the Yoast SEO plugin v27.4 - https:\/\/yoast.com\/product\/yoast-seo-wordpress\/ -->\n<title>Baton Rouge Deckhand Injury Lawyer - Free Consultation<\/title>\n<meta name=\"description\" content=\"Seeking a Baton Rouge deckhand injury lawyer? Murphy Law Firm fights for your rights, securing fair compensation. Consult us to get Free legal Consultation today!\" \/>\n<meta name=\"robots\" content=\"index, follow, max-snippet:-1, max-image-preview:large, max-video-preview:-1\" \/>\n<link rel=\"canonical\" href=\"https:\/\/www.murphylawfirm.com\/es\/baton-rouge-abogado-de-lesiones-marinero-de-cubierta\/\" \/>\n<meta property=\"og:locale\" content=\"es_MX\" \/>\n<meta property=\"og:type\" content=\"article\" \/>\n<meta property=\"og:title\" content=\"Baton Rouge Deckhand Injury Lawyer - Free Consultation\" \/>\n<meta property=\"og:description\" content=\"Seeking a Baton Rouge deckhand injury lawyer? Murphy Law Firm fights for your rights, securing fair compensation. Consult us to get Free legal Consultation today!\" \/>\n<meta property=\"og:url\" content=\"https:\/\/www.murphylawfirm.com\/es\/baton-rouge-abogado-de-lesiones-marinero-de-cubierta\/\" \/>\n<meta property=\"og:site_name\" content=\"Murphy Law Firm\" \/>\n<meta property=\"article:publisher\" content=\"https:\/\/www.facebook.com\/MurphyLawFirm225\/\" \/>\n<meta property=\"article:modified_time\" content=\"2025-03-12T17:35:49+00:00\" \/>\n<meta name=\"twitter:card\" content=\"summary_large_image\" \/>\n<meta name=\"twitter:site\" content=\"@murphylawfirm225\" \/>\n<meta name=\"twitter:label1\" content=\"Tiempo de lectura\" \/>\n\t<meta name=\"twitter:data1\" content=\"2 minutos\" \/>\n<!-- \/ Yoast SEO plugin. -->","yoast_head_json":{"title":"Baton Rouge Deckhand Lesiones Abogado - Consulta Gratuita","description":"\u00bfBusca un abogado de lesiones de marineros de cubierta Baton Rouge? Murphy Law Firm lucha por sus derechos, asegurando una compensaci\u00f3n justa. \u00a1Cons\u00faltenos para obtener una consulta legal gratuita hoy!","robots":{"index":"index","follow":"follow","max-snippet":"max-snippet:-1","max-image-preview":"max-image-preview:large","max-video-preview":"max-video-preview:-1"},"canonical":"https:\/\/www.murphylawfirm.com\/es\/baton-rouge-abogado-de-lesiones-marinero-de-cubierta\/","og_locale":"es_MX","og_type":"article","og_title":"Baton Rouge Deckhand Injury Lawyer - Free Consultation","og_description":"Seeking a Baton Rouge deckhand injury lawyer? Murphy Law Firm fights for your rights, securing fair compensation. Consult us to get Free legal Consultation today!","og_url":"https:\/\/www.murphylawfirm.com\/es\/baton-rouge-abogado-de-lesiones-marinero-de-cubierta\/","og_site_name":"Murphy Law Firm","article_publisher":"https:\/\/www.facebook.com\/MurphyLawFirm225\/","article_modified_time":"2025-03-12T17:35:49+00:00","twitter_card":"summary_large_image","twitter_site":"@murphylawfirm225","twitter_misc":{"Tiempo de lectura":"2 minutos"},"schema":{"@context":"https:\/\/schema.org","@graph":[{"@type":"WebPage","@id":"https:\/\/www.murphylawfirm.com\/baton-rouge-deckhand-injury-lawyer\/","url":"https:\/\/www.murphylawfirm.com\/baton-rouge-deckhand-injury-lawyer\/","name":"Baton Rouge Deckhand Lesiones Abogado - Consulta Gratuita","isPartOf":{"@id":"https:\/\/www.murphylawfirm.com\/#website"},"datePublished":"2024-04-18T14:32:02+00:00","dateModified":"2025-03-12T17:35:49+00:00","description":"\u00bfBusca un abogado de lesiones de marineros de cubierta Baton Rouge? Murphy Law Firm lucha por sus derechos, asegurando una compensaci\u00f3n justa. \u00a1Cons\u00faltenos para obtener una consulta legal gratuita hoy!","breadcrumb":{"@id":"https:\/\/www.murphylawfirm.com\/baton-rouge-deckhand-injury-lawyer\/#breadcrumb"},"inLanguage":"es","potentialAction":[{"@type":"ReadAction","target":["https:\/\/www.murphylawfirm.com\/baton-rouge-deckhand-injury-lawyer\/"]}]},{"@type":"BreadcrumbList","@id":"https:\/\/www.murphylawfirm.com\/baton-rouge-deckhand-injury-lawyer\/#breadcrumb","itemListElement":[{"@type":"ListItem","position":1,"name":"Home","item":"https:\/\/www.murphylawfirm.com\/"},{"@type":"ListItem","position":2,"name":"Baton Rouge Deckhand Injury Lawyer"}]},{"@type":"WebSite","@id":"https:\/\/www.murphylawfirm.com\/#website","url":"https:\/\/www.murphylawfirm.com\/","name":"Bufete Murphy","description":"","publisher":{"@id":"https:\/\/www.murphylawfirm.com\/#organization"},"potentialAction":[{"@type":"SearchAction","target":{"@type":"EntryPoint","urlTemplate":"https:\/\/www.murphylawfirm.com\/?s={search_term_string}"},"query-input":{"@type":"PropertyValueSpecification","valueRequired":true,"valueName":"search_term_string"}}],"inLanguage":"es"},{"@type":"Organization","@id":"https:\/\/www.murphylawfirm.com\/#organization","name":"Bufete Murphy","alternateName":"Murphy Law Firm","url":"https:\/\/www.murphylawfirm.com\/","logo":{"@type":"ImageObject","inLanguage":"es","@id":"https:\/\/www.murphylawfirm.com\/#\/schema\/logo\/image\/","url":"https:\/\/www.murphylawfirm.com\/wp-content\/uploads\/2024\/05\/murphy.jpg","contentUrl":"https:\/\/www.murphylawfirm.com\/wp-content\/uploads\/2024\/05\/murphy.jpg","width":309,"height":79,"caption":"Murphy Law Firm"},"image":{"@id":"https:\/\/www.murphylawfirm.com\/#\/schema\/logo\/image\/"},"sameAs":["https:\/\/www.facebook.com\/MurphyLawFirm225\/","https:\/\/x.com\/murphylawfirm225","https:\/\/www.instagram.com\/murphylawfirm225\/","https:\/\/www.linkedin.com\/in\/murphy-law-firm-peyton-murphy\/","https:\/\/maps.app.goo.gl\/WCtGDyEwg1JYgwZ87","https:\/\/www.yelp.com\/biz\/murphy-law-firm-baton-rouge-3","https:\/\/www.mapquest.com\/us\/louisiana\/murphy-law-firm-284707425","https:\/\/www.lawinfo.com\/lawfirm\/louisiana\/baton-rouge\/murphy-law-firm-llc\/97a2f249-3b83-4255-b82a-f62955d76970.html","https:\/\/www.hg.org\/attorney\/murphy-law-firm-llc\/68580","https:\/\/lawyers.findlaw.com\/louisiana\/baton-rouge\/2388680_1\/","https:\/\/www.bbb.org\/us\/la\/baton-rouge\/profile\/lawyers\/murphy-law-firm-llc-0835-12003342","https:\/\/www.lawyers.com\/baton-rouge\/louisiana\/murphy-law-firm-42910679-f\/","https:\/\/nextdoor.com\/pages\/murphy-law-firm-llc\/","https:\/\/www.lawyer4criminaldefense.com\/criminal-defense-lawyers\/listing\/b637fd75d4bc11b1a32273b847ba8a37\/","https:\/\/www.expertise.com\/legal\/slip-and-fall-lawyers\/louisiana\/baton-rouge","https:\/\/www.youtube.com\/@MurphyLawFirmBatonRouge"]}]}},"_links":{"self":[{"href":"https:\/\/www.murphylawfirm.com\/es\/wp-json\/wp\/v2\/pages\/1094","targetHints":{"allow":["GET"]}}],"collection":[{"href":"https:\/\/www.murphylawfirm.com\/es\/wp-json\/wp\/v2\/pages"}],"about":[{"href":"https:\/\/www.murphylawfirm.com\/es\/wp-json\/wp\/v2\/types\/page"}],"author":[{"embeddable":true,"href":"https:\/\/www.murphylawfirm.com\/es\/wp-json\/wp\/v2\/users\/1"}],"replies":[{"embeddable":true,"href":"https:\/\/www.murphylawfirm.com\/es\/wp-json\/wp\/v2\/comments?post=1094"}],"version-history":[{"count":13,"href":"https:\/\/www.murphylawfirm.com\/es\/wp-json\/wp\/v2\/pages\/1094\/revisions"}],"predecessor-version":[{"id":6067,"href":"https:\/\/www.murphylawfirm.com\/es\/wp-json\/wp\/v2\/pages\/1094\/revisions\/6067"}],"wp:attachment":[{"href":"https:\/\/www.murphylawfirm.com\/es\/wp-json\/wp\/v2\/media?parent=1094"}],"curies":[{"name":"wp","href":"https:\/\/api.w.org\/{rel}","templated":true}]}}