{"id":1194,"date":"2024-04-19T05:10:06","date_gmt":"2024-04-19T05:10:06","guid":{"rendered":"https:\/\/www.murphylawfirm.com\/?page_id=1194"},"modified":"2025-03-12T17:33:52","modified_gmt":"2025-03-12T17:33:52","slug":"baton-rouge-tripulacion-reclamaciones-salariales-abogado","status":"publish","type":"page","link":"https:\/\/www.murphylawfirm.com\/es\/baton-rouge-crew-wage-claims-lawyer\/","title":{"rendered":"Baton Rouge Abogado para reclamaciones salariales de la tripulaci\u00f3n"},"content":{"rendered":"<h2>Baton Rouge Abogado para reclamaciones salariales de tripulaciones<\/h2>\n<p>Informaci\u00f3n y qu\u00e9 hacer<\/p>\n<p>Si es usted trabajador mar\u00edtimo y su empresario no le paga correctamente su salario, puede emprender acciones legales. Los empresarios no pueden negarle la compensaci\u00f3n por las horas trabajadas. Es posible que necesite la ayuda de un abogado especializado en reclamaciones salariales para cobrar los salarios que le deben. En <a href=\"https:\/\/www.murphylawfirm.com\/es\/\">abogados de lesiones personales<\/a> en la Firma de Abogados Murphy, LLC representan a los trabajadores mar\u00edtimos y de alta mar en una serie de lesiones y disputas salariales. Protegemos los derechos de los trabajadores todos los d\u00edas, luchando contra los empleadores negligentes. Para saber c\u00f3mo podemos ser capaces de recuperar sus salarios perdidos, por favor hable con nuestro abogado de salarios de la tripulaci\u00f3n Louisiana hoy.<\/p>\n<p>\"Es dif\u00edcil enfrentarse a un empresario en solitario. Con representaci\u00f3n legal, sin embargo, usted tiene un defensor que perseguir\u00e1 agresivamente su reclamo por salarios negados. Hemos luchado contra innumerables empleadores, corporaciones y compa\u00f1\u00edas de seguros, y estamos preparados para manejar su reclamo.\"<br \/>\n-Abogado, Peyton Murphy<\/p>\n<h6>Podemos hacer frente a su empleador<\/h6>\n<p>Los conflictos salariales son habituales en cualquier sector, incluido el mar\u00edtimo. Representamos a todo tipo de <a href=\"https:\/\/www.murphylawfirm.com\/es\/abogado-accidente-maritimo-baton-rouge\/\">casos de trabajadores mar\u00edtimos<\/a>como pescadores comerciales, trabajadores de plataformas petrol\u00edferas, marineros de cubierta, trabajadores de remolcadores y barcazas, trabajadores de transbordadores, trabajadores de embarcaciones fluviales, marineros, cocineros, empleados de cruceros y otros trabajadores de la industria mar\u00edtima. <a href=\"https:\/\/en.wikipedia.org\/wiki\/Baton_Rouge,_Louisiana\" target=\"_blank\" rel=\"noopener\">Baton Rouge<\/a>. Las reclamaciones salariales de las tripulaciones pueden incluir cuestiones como:<\/p>\n<ul>\n<li>Falta de pago puntual de los salarios<\/li>\n<li>No pagarle todas las horas trabajadas<\/li>\n<li>Retenci\u00f3n del pago de horas extraordinarias<\/li>\n<\/ul>\n<p>En algunos casos, usted puede ser elegible para da\u00f1os y perjuicios, adem\u00e1s de sus salarios. P\u00f3ngase en contacto con el equipo experimentado de Murphy Law Firm de abogados de demanda salarial de la tripulaci\u00f3n en. <a href=\"tel:2252694928\">(225) 269-4928<\/a> para programar su consulta GRATUITA, y le ayudaremos en cada paso de su caso. No importa d\u00f3nde se encuentre en Louisiana, \u00a1nos desplazaremos hasta usted para conseguirle la indemnizaci\u00f3n que se merece!<\/p>\n<p>Si usted o un ser querido ha sido lesionado mientras trabajaba en un buque, p\u00f3ngase en contacto con Murphy Law Firm hoy para ver si usted tiene una <a href=\"https:\/\/www.murphylawfirm.com\/es\/baton-rouge-jones-act-abogado\/\">Ley Jones<\/a> caso. Nuestros abogados experimentados se dedican a luchar por sus derechos y a conseguirle la compensaci\u00f3n que usted merece. No espere; <a href=\"https:\/\/www.murphylawfirm.com\/es\/pongase-en-contacto-con\/\">contacte con nosotros para una consulta gratuita<\/a>.<\/p>","protected":false},"excerpt":{"rendered":"<p>Baton Rouge Crew Wage Claims Attorney Information &amp; What To Do If you are a maritime worker and your employer does not pay your wages correctly, you may be able to take action. Employers are not allowed to deny you compensation for the hours you worked. You may need a crew wage claims attorney\u2019s help &hellip; <\/p>\n<p class=\"link-more\"><a href=\"https:\/\/www.murphylawfirm.com\/es\/baton-rouge-crew-wage-claims-lawyer\/\" class=\"more-link\">Seguir leyendo<span class=\"screen-reader-text\"> &#8220;Baton Rouge Crew Wage Claims Lawyer&#8221;<\/span><\/a><\/p>","protected":false},"author":1,"featured_media":0,"parent":0,"menu_order":0,"comment_status":"closed","ping_status":"closed","template":"","meta":{"_acf_changed":false,"footnotes":""},"class_list":["post-1194","page","type-page","status-publish","hentry","entry"],"acf":[],"yoast_head":"<!-- This site is optimized with the Yoast SEO plugin v27.4 - https:\/\/yoast.com\/product\/yoast-seo-wordpress\/ -->\n<title>Baton Rouge Crew Wage Claims Lawyer - Maritime Wage and Hour Disputes<\/title>\n<meta name=\"description\" content=\"Seeking justice for crew wage claims in Baton Rouge? Murphy Law Firm lawyers stands by seafarers, ensuring fair compensation. Free consultation!\" \/>\n<meta name=\"robots\" content=\"index, follow, max-snippet:-1, max-image-preview:large, max-video-preview:-1\" \/>\n<link rel=\"canonical\" href=\"https:\/\/www.murphylawfirm.com\/es\/baton-rouge-tripulacion-reclamaciones-salariales-abogado\/\" \/>\n<meta property=\"og:locale\" content=\"es_MX\" \/>\n<meta property=\"og:type\" content=\"article\" \/>\n<meta property=\"og:title\" content=\"Baton Rouge Crew Wage Claims Lawyer - Maritime Wage and Hour Disputes\" \/>\n<meta property=\"og:description\" content=\"Seeking justice for crew wage claims in Baton Rouge? Murphy Law Firm lawyers stands by seafarers, ensuring fair compensation. Free consultation!\" \/>\n<meta property=\"og:url\" content=\"https:\/\/www.murphylawfirm.com\/es\/baton-rouge-tripulacion-reclamaciones-salariales-abogado\/\" \/>\n<meta property=\"og:site_name\" content=\"Murphy Law Firm\" \/>\n<meta property=\"article:publisher\" content=\"https:\/\/www.facebook.com\/MurphyLawFirm225\/\" \/>\n<meta property=\"article:modified_time\" content=\"2025-03-12T17:33:52+00:00\" \/>\n<meta name=\"twitter:card\" content=\"summary_large_image\" \/>\n<meta name=\"twitter:site\" content=\"@murphylawfirm225\" \/>\n<meta name=\"twitter:label1\" content=\"Tiempo de lectura\" \/>\n\t<meta name=\"twitter:data1\" content=\"2 minutos\" \/>\n<!-- \/ Yoast SEO plugin. -->","yoast_head_json":{"title":"Baton Rouge Crew Wage Claims Lawyer - Disputas salariales y horarias mar\u00edtimas","description":"\u00bfBusca justicia para las reclamaciones salariales de la tripulaci\u00f3n en Baton Rouge? Los abogados del bufete Murphy est\u00e1n al lado de los marinos, garantizando una indemnizaci\u00f3n justa. \u00a1Consulta gratuita!","robots":{"index":"index","follow":"follow","max-snippet":"max-snippet:-1","max-image-preview":"max-image-preview:large","max-video-preview":"max-video-preview:-1"},"canonical":"https:\/\/www.murphylawfirm.com\/es\/baton-rouge-tripulacion-reclamaciones-salariales-abogado\/","og_locale":"es_MX","og_type":"article","og_title":"Baton Rouge Crew Wage Claims Lawyer - Maritime Wage and Hour Disputes","og_description":"Seeking justice for crew wage claims in Baton Rouge? Murphy Law Firm lawyers stands by seafarers, ensuring fair compensation. Free consultation!","og_url":"https:\/\/www.murphylawfirm.com\/es\/baton-rouge-tripulacion-reclamaciones-salariales-abogado\/","og_site_name":"Murphy Law Firm","article_publisher":"https:\/\/www.facebook.com\/MurphyLawFirm225\/","article_modified_time":"2025-03-12T17:33:52+00:00","twitter_card":"summary_large_image","twitter_site":"@murphylawfirm225","twitter_misc":{"Tiempo de lectura":"2 minutos"},"schema":{"@context":"https:\/\/schema.org","@graph":[{"@type":"WebPage","@id":"https:\/\/www.murphylawfirm.com\/baton-rouge-crew-wage-claims-lawyer\/","url":"https:\/\/www.murphylawfirm.com\/baton-rouge-crew-wage-claims-lawyer\/","name":"Baton Rouge Crew Wage Claims Lawyer - Disputas salariales y horarias mar\u00edtimas","isPartOf":{"@id":"https:\/\/www.murphylawfirm.com\/#website"},"datePublished":"2024-04-19T05:10:06+00:00","dateModified":"2025-03-12T17:33:52+00:00","description":"\u00bfBusca justicia para las reclamaciones salariales de la tripulaci\u00f3n en Baton Rouge? Los abogados del bufete Murphy est\u00e1n al lado de los marinos, garantizando una indemnizaci\u00f3n justa. \u00a1Consulta gratuita!","breadcrumb":{"@id":"https:\/\/www.murphylawfirm.com\/baton-rouge-crew-wage-claims-lawyer\/#breadcrumb"},"inLanguage":"es","potentialAction":[{"@type":"ReadAction","target":["https:\/\/www.murphylawfirm.com\/baton-rouge-crew-wage-claims-lawyer\/"]}]},{"@type":"BreadcrumbList","@id":"https:\/\/www.murphylawfirm.com\/baton-rouge-crew-wage-claims-lawyer\/#breadcrumb","itemListElement":[{"@type":"ListItem","position":1,"name":"Home","item":"https:\/\/www.murphylawfirm.com\/"},{"@type":"ListItem","position":2,"name":"Baton Rouge Crew Wage Claims Lawyer"}]},{"@type":"WebSite","@id":"https:\/\/www.murphylawfirm.com\/#website","url":"https:\/\/www.murphylawfirm.com\/","name":"Bufete Murphy","description":"","publisher":{"@id":"https:\/\/www.murphylawfirm.com\/#organization"},"potentialAction":[{"@type":"SearchAction","target":{"@type":"EntryPoint","urlTemplate":"https:\/\/www.murphylawfirm.com\/?s={search_term_string}"},"query-input":{"@type":"PropertyValueSpecification","valueRequired":true,"valueName":"search_term_string"}}],"inLanguage":"es"},{"@type":"Organization","@id":"https:\/\/www.murphylawfirm.com\/#organization","name":"Bufete Murphy","alternateName":"Murphy Law Firm","url":"https:\/\/www.murphylawfirm.com\/","logo":{"@type":"ImageObject","inLanguage":"es","@id":"https:\/\/www.murphylawfirm.com\/#\/schema\/logo\/image\/","url":"https:\/\/www.murphylawfirm.com\/wp-content\/uploads\/2024\/05\/murphy.jpg","contentUrl":"https:\/\/www.murphylawfirm.com\/wp-content\/uploads\/2024\/05\/murphy.jpg","width":309,"height":79,"caption":"Murphy Law Firm"},"image":{"@id":"https:\/\/www.murphylawfirm.com\/#\/schema\/logo\/image\/"},"sameAs":["https:\/\/www.facebook.com\/MurphyLawFirm225\/","https:\/\/x.com\/murphylawfirm225","https:\/\/www.instagram.com\/murphylawfirm225\/","https:\/\/www.linkedin.com\/in\/murphy-law-firm-peyton-murphy\/","https:\/\/maps.app.goo.gl\/WCtGDyEwg1JYgwZ87","https:\/\/www.yelp.com\/biz\/murphy-law-firm-baton-rouge-3","https:\/\/www.mapquest.com\/us\/louisiana\/murphy-law-firm-284707425","https:\/\/www.lawinfo.com\/lawfirm\/louisiana\/baton-rouge\/murphy-law-firm-llc\/97a2f249-3b83-4255-b82a-f62955d76970.html","https:\/\/www.hg.org\/attorney\/murphy-law-firm-llc\/68580","https:\/\/lawyers.findlaw.com\/louisiana\/baton-rouge\/2388680_1\/","https:\/\/www.bbb.org\/us\/la\/baton-rouge\/profile\/lawyers\/murphy-law-firm-llc-0835-12003342","https:\/\/www.lawyers.com\/baton-rouge\/louisiana\/murphy-law-firm-42910679-f\/","https:\/\/nextdoor.com\/pages\/murphy-law-firm-llc\/","https:\/\/www.lawyer4criminaldefense.com\/criminal-defense-lawyers\/listing\/b637fd75d4bc11b1a32273b847ba8a37\/","https:\/\/www.expertise.com\/legal\/slip-and-fall-lawyers\/louisiana\/baton-rouge","https:\/\/www.youtube.com\/@MurphyLawFirmBatonRouge"]}]}},"_links":{"self":[{"href":"https:\/\/www.murphylawfirm.com\/es\/wp-json\/wp\/v2\/pages\/1194","targetHints":{"allow":["GET"]}}],"collection":[{"href":"https:\/\/www.murphylawfirm.com\/es\/wp-json\/wp\/v2\/pages"}],"about":[{"href":"https:\/\/www.murphylawfirm.com\/es\/wp-json\/wp\/v2\/types\/page"}],"author":[{"embeddable":true,"href":"https:\/\/www.murphylawfirm.com\/es\/wp-json\/wp\/v2\/users\/1"}],"replies":[{"embeddable":true,"href":"https:\/\/www.murphylawfirm.com\/es\/wp-json\/wp\/v2\/comments?post=1194"}],"version-history":[{"count":8,"href":"https:\/\/www.murphylawfirm.com\/es\/wp-json\/wp\/v2\/pages\/1194\/revisions"}],"predecessor-version":[{"id":6065,"href":"https:\/\/www.murphylawfirm.com\/es\/wp-json\/wp\/v2\/pages\/1194\/revisions\/6065"}],"wp:attachment":[{"href":"https:\/\/www.murphylawfirm.com\/es\/wp-json\/wp\/v2\/media?parent=1194"}],"curies":[{"name":"wp","href":"https:\/\/api.w.org\/{rel}","templated":true}]}}