{"id":1204,"date":"2024-04-19T05:33:33","date_gmt":"2024-04-19T05:33:33","guid":{"rendered":"https:\/\/www.murphylawfirm.com\/?page_id=1204"},"modified":"2025-03-11T14:45:44","modified_gmt":"2025-03-11T14:45:44","slug":"baton-rouge-plataforma-petrolera-accidente-abogado","status":"publish","type":"page","link":"https:\/\/www.murphylawfirm.com\/es\/baton-rouge-oil-platform-accident-lawyer\/","title":{"rendered":"Baton Rouge Abogado accidente plataforma petrol\u00edfera"},"content":{"rendered":"<div id=\"ez-toc-container\" class=\"ez-toc-v2_0_82_2 counter-hierarchy ez-toc-counter ez-toc-transparent ez-toc-container-direction\">\n<div class=\"ez-toc-title-container\">\n<p class=\"ez-toc-title ez-toc-toggle\" style=\"cursor:pointer\">\u00cdndice<\/p>\n<span class=\"ez-toc-title-toggle\"><a href=\"#\" class=\"ez-toc-pull-right ez-toc-btn ez-toc-btn-xs ez-toc-btn-default ez-toc-toggle\" aria-label=\"Toggle Table of Content\"><span class=\"ez-toc-js-icon-con\"><span class=\"\"><span class=\"eztoc-hide\" style=\"display:none;\">Toggle<\/span><span class=\"ez-toc-icon-toggle-span\"><svg style=\"fill: #999;color:#999\" xmlns=\"http:\/\/www.w3.org\/2000\/svg\" class=\"list-377408\" width=\"20px\" height=\"20px\" viewbox=\"0 0 24 24\" fill=\"none\"><path d=\"M6 6H4v2h2V6zm14 0H8v2h12V6zM4 11h2v2H4v-2zm16 0H8v2h12v-2zM4 16h2v2H4v-2zm16 0H8v2h12v-2z\" fill=\"currentColor\"><\/path><\/svg><svg style=\"fill: #999;color:#999\" class=\"arrow-unsorted-368013\" xmlns=\"http:\/\/www.w3.org\/2000\/svg\" width=\"10px\" height=\"10px\" viewbox=\"0 0 24 24\" version=\"1.2\" baseprofile=\"tiny\"><path d=\"M18.2 9.3l-6.2-6.3-6.2 6.3c-.2.2-.3.4-.3.7s.1.5.3.7c.2.2.4.3.7.3h11c.3 0 .5-.1.7-.3.2-.2.3-.5.3-.7s-.1-.5-.3-.7zM5.8 14.7l6.2 6.3 6.2-6.3c.2-.2.3-.5.3-.7s-.1-.5-.3-.7c-.2-.2-.4-.3-.7-.3h-11c-.3 0-.5.1-.7.3-.2.2-.3.5-.3.7s.1.5.3.7z\"\/><\/svg><\/span><\/span><\/span><\/a><\/span><\/div>\n<nav><ul class='ez-toc-list ez-toc-list-level-1 eztoc-toggle-hide-by-default' ><li class='ez-toc-page-1 ez-toc-heading-level-2'><a class=\"ez-toc-link ez-toc-heading-1\" href=\"https:\/\/www.murphylawfirm.com\/es\/baton-rouge-oil-platform-accident-lawyer\/#oil-platform-injuries\" >Lesiones en plataformas petrol\u00edferas<\/a><\/li><li class='ez-toc-page-1 ez-toc-heading-level-2'><a class=\"ez-toc-link ez-toc-heading-2\" href=\"https:\/\/www.murphylawfirm.com\/es\/baton-rouge-oil-platform-accident-lawyer\/#oil-platform-accidents\" >Accidentes en plataformas petrol\u00edferas<\/a><ul class='ez-toc-list-level-3' ><li class='ez-toc-heading-level-3'><a class=\"ez-toc-link ez-toc-heading-3\" href=\"https:\/\/www.murphylawfirm.com\/es\/baton-rouge-oil-platform-accident-lawyer\/#oil-rig-transportation-accident\" >Accidente de transporte en una plataforma petrol\u00edfera<\/a><\/li><li class='ez-toc-page-1 ez-toc-heading-level-3'><a class=\"ez-toc-link ez-toc-heading-4\" href=\"https:\/\/www.murphylawfirm.com\/es\/baton-rouge-oil-platform-accident-lawyer\/#heavy-machinery-accidents\" >Accidentes con maquinaria pesada<\/a><\/li><li class='ez-toc-page-1 ez-toc-heading-level-3'><a class=\"ez-toc-link ez-toc-heading-5\" href=\"https:\/\/www.murphylawfirm.com\/es\/baton-rouge-oil-platform-accident-lawyer\/#slip-and-fall-accidents\" >Accidentes por resbalones y ca\u00eddas<\/a><\/li><li class='ez-toc-page-1 ez-toc-heading-level-3'><a class=\"ez-toc-link ez-toc-heading-6\" href=\"https:\/\/www.murphylawfirm.com\/es\/baton-rouge-oil-platform-accident-lawyer\/#louisianas-oil-industry\" >Industria petrolera de Louisiana<\/a><\/li><\/ul><\/li><li class='ez-toc-page-1 ez-toc-heading-level-2'><a class=\"ez-toc-link ez-toc-heading-7\" href=\"https:\/\/www.murphylawfirm.com\/es\/baton-rouge-oil-platform-accident-lawyer\/#louisiana-maritime-laws\" >Louisiana Legislaci\u00f3n mar\u00edtima<\/a><ul class='ez-toc-list-level-3' ><li class='ez-toc-heading-level-3'><a class=\"ez-toc-link ez-toc-heading-8\" href=\"https:\/\/www.murphylawfirm.com\/es\/baton-rouge-oil-platform-accident-lawyer\/#jones-act-laws\" >Leyes de la Ley Jones<\/a><\/li><\/ul><\/li><\/ul><\/nav><\/div>\n<h2><span class=\"ez-toc-section\" id=\"oil-platform-injuries\"><\/span>Lesiones en plataformas petrol\u00edferas<span class=\"ez-toc-section-end\"><\/span><\/h2>\n<p><strong>Informaci\u00f3n y qu\u00e9 hacer<\/strong><\/p>\n<p>La industria del petr\u00f3leo y el gas en alta mar no s\u00f3lo es una parte esencial de la econom\u00eda nacional, sino que tambi\u00e9n proporciona miles de puestos de trabajo a los trabajadores de Louisiana. Sin embargo, la extracci\u00f3n de petr\u00f3leo en alta mar sigue siendo un campo peligroso debido a la combinaci\u00f3n de equipos pesados, largas jornadas laborales y exposici\u00f3n constante a condiciones peligrosas.<\/p>\n<p>Seg\u00fan los Centros para el Control y la Prevenci\u00f3n de Enfermedades (CDC), los trabajadores del petr\u00f3leo y el gas en alta mar tienen siete veces m\u00e1s probabilidades de morir en el trabajo que el trabajador medio de Estados Unidos. Corresponde a las empresas de plataformas petrol\u00edferas proteger a sus trabajadores y evitar lesiones previsibles. Si no lo hacen, los accidentes en plataformas petrol\u00edferas pueden causar lesiones graves e incluso la muerte.<\/p>\n<h2><span class=\"ez-toc-section\" id=\"oil-platform-accidents\"><\/span>Accidentes en plataformas petrol\u00edferas<span class=\"ez-toc-section-end\"><\/span><\/h2>\n<h3><span class=\"ez-toc-section\" id=\"oil-rig-transportation-accident\"><\/span>Accidente de transporte en una plataforma petrol\u00edfera<span class=\"ez-toc-section-end\"><\/span><\/h3>\n<p>Seg\u00fan el Centro de Control y Prevenci\u00f3n de Enfermedades, los accidentes de transporte fueron la principal causa de muerte entre los empleados de la industria del petr\u00f3leo y el gas. Los trabajadores del sector del petr\u00f3leo y el gas dependen de helic\u00f3pteros y barcos para desplazarse con seguridad a las plataformas del Golfo de M\u00e9xico. Por desgracia, los fallos mec\u00e1nicos y las malas condiciones meteorol\u00f3gicas son los factores m\u00e1s comunes en los accidentes de transporte en plataformas petrol\u00edferas.<\/p>\n<h3><span class=\"ez-toc-section\" id=\"heavy-machinery-accidents\"><\/span>Accidentes con maquinaria pesada<span class=\"ez-toc-section-end\"><\/span><\/h3>\n<p>Los trabajadores de plataformas y plataformas petrol\u00edferas en alta mar trabajan a diario con maquinaria pesada. Los trabajadores corren el riesgo de ser golpeados por objetos que caen, aplastados entre equipos que no est\u00e1n debidamente asegurados o manejados incorrectamente por miembros de la tripulaci\u00f3n porque no han recibido la formaci\u00f3n adecuada sobre el uso seguro de los equipos.<\/p>\n<h3><span class=\"ez-toc-section\" id=\"slip-and-fall-accidents\"><\/span>Accidentes por resbalones y ca\u00eddas<span class=\"ez-toc-section-end\"><\/span><\/h3>\n<p>Los accidentes por resbalones y ca\u00eddas en una plataforma petrol\u00edfera pueden ocurrir en cualquier momento, sobre todo si se deja agua o aceite en el suelo de la plataforma, si las escaleras o los andamios no est\u00e1n bien sujetos o si no se inspeccionan debidamente las zonas de trabajo en busca de posibles peligros. Cuando los empresarios o los compa\u00f1eros de trabajo no siguen los procedimientos de seguridad, suelen producirse accidentes. El mantenimiento de entornos de trabajo seguros incluye la limpieza e inspecci\u00f3n peri\u00f3dicas de los suelos, la limpieza de los pasillos para reducir los peligros, el uso de superficies antideslizantes cuando proceda, y el uso de barandillas, pasamanos o rejillas para evitar ca\u00eddas.<\/p>\n<h3><span class=\"ez-toc-section\" id=\"louisianas-oil-industry\"><\/span>Industria petrolera de Louisiana<span class=\"ez-toc-section-end\"><\/span><\/h3>\n<p>Como uno de los seis \u00fanicos estados de Estados Unidos que permiten perforaciones costeras, Louisiana presume de una pr\u00f3spera industria petrolera y gas\u00edstica de $70 billones de d\u00f3lares. El estado es el segundo del pa\u00eds, despu\u00e9s de Texas, en n\u00famero de plataformas petrol\u00edferas. Miles de trabajadores forman la fuerza de trabajo del petr\u00f3leo y el gas de Louisiana, en su mayor\u00eda bajo el mando de varias de las empresas de plataformas petrol\u00edferas m\u00e1s destacadas. Las siguientes empresas son los actores clave de la industria petrolera del estado:<\/p>\n<ul>\n<li>Chesapeake Energy Corporation<\/li>\n<li>Energ\u00eda c\u00fabica<\/li>\n<li>Perforaci\u00f3n en alta mar Diamond<\/li>\n<li>Recursos de Magnum Hunter<\/li>\n<li>McDermott<\/li>\n<li>Petrohawk<\/li>\n<li>Transocean<\/li>\n<\/ul>\n<p>A pesar de las leyes federales vigentes para disminuir el riesgo de accidentes graves en plataformas petrol\u00edferas, cientos de empleados siguen acabando en el hospital cada a\u00f1o, muchos de ellos con lesiones irreparables como p\u00e9rdida de miembros, cicatrices permanentes y discapacidades de por vida. Los marineros y los trabajadores de alta mar pueden reclamar da\u00f1os y perjuicios en virtud de la Ley Jones.<\/p>\n<p>En <a href=\"https:\/\/www.murphylawfirm.com\/es\/baton-rouge-jones-act-abogado\/\">Ley Jones<\/a> se aplic\u00f3 para proteger a los buques estadounidenses de la competencia extranjera, pero tambi\u00e9n inclu\u00eda una disposici\u00f3n para otorgar derechos a los marineros lesionados. El T\u00edtulo 46 del C\u00f3digo de EE.UU. \u00a730104 permite a un marino lesionado interponer una demanda civil contra su empleador si el marino estaba actuando en el curso del empleo como miembro de la tripulaci\u00f3n de un buque, si el empleador fue declarado negligente, y si la negligencia del empleador fue la causa de las lesiones del marino. Esto es muy diferente de un caso t\u00edpico de lesiones laborales, en el que los estatutos estatales de compensaci\u00f3n de los trabajadores proh\u00edben generalmente a los empleados interponer demandas contra los empleadores por lesiones causadas por negligencia del empleador.<\/p>\n<p>El experimentado y cualificado equipo de abogados especializados en accidentes en plataformas petrol\u00edferas del bufete Murphy Law Firm cuenta con d\u00e9cadas de experiencia en la gesti\u00f3n de todo tipo de incidentes mar\u00edtimos, incluyendo <a href=\"https:\/\/www.murphylawfirm.com\/es\/baton-rouge-offshore-accidente-abogado\/\">accidentes en alta mar<\/a>. Tenemos un profundo conocimiento de la Ley Jones y otras leyes mar\u00edtimas que rigen las lesiones en el mar.<\/p>\n<p>Estamos dedicados a proveer un servicio legal y al cliente excepcional y lucharemos por la m\u00e1xima compensaci\u00f3n posible en el caso de cada cliente. Tenemos un historial exitoso de obtener los premios m\u00e1ximos de mediaciones y jurados en casos mar\u00edtimos.<\/p>\n<p>En Murphy Law Firm, estamos orgullosos de luchar por los derechos de los marineros de alta mar Louisiana. Nuestros abogados de accidentes en plataformas petrol\u00edferas le ayudar\u00e1n a obtener los beneficios y la compensaci\u00f3n que necesita para sanar y recuperar su vida.<\/p>\n<p>Las situaciones que ponen en peligro la vida en los accidentes de plataformas petrol\u00edferas nunca deben tomarse a la ligera. Adem\u00e1s, la indemnizaci\u00f3n no debe minimizarse simplemente porque la compa\u00f1\u00eda de seguros haya encontrado la manera de pagar lo menos posible. Por desgracia, eso es lo que suelen hacer estas empresas y sus aseguradoras, por graves que sean las lesiones o sus consecuencias. Algunos pueden incluso explotar la <a href=\"https:\/\/www.murphylawfirm.com\/es\/abogado-de-la-ley-de-limitacion-de-responsabilidad-de-baton-rouge\/\">Ley de limitaci\u00f3n de responsabilidad<\/a> en su beneficio.<\/p>\n<p>No sea v\u00edctima dos veces; \u00a1deje que el equipo de abogados especializados en lesiones en plataformas petrol\u00edferas le ayude! Llame a nuestra oficina Baton Rouge al <a href=\"tel:2252694928\">(225) 269-4928<\/a>o programe su consulta GRATUITA en l\u00ednea para hablar con un abogado experto en accidentes de plataformas petrol\u00edferas hoy mismo. Recuerde, no importa d\u00f3nde se encuentre en Louisiana, \u00a1nosotros iremos a usted!<\/p>\n<div class=\"accsec-ritcnt accordion\">\n<h2><span class=\"ez-toc-section\" id=\"louisiana-maritime-laws\"><\/span>Louisiana Legislaci\u00f3n mar\u00edtima<span class=\"ez-toc-section-end\"><\/span><\/h2>\n<div class=\"accordion-section intop_tab_cnt\">\n<h4><a class=\"accordion-section-title\" href=\"#accordion-1\">Ley de Muerte en Alta Mar (DOHSA)<\/a><\/h4>\n<div id=\"accordion-1\" class=\"accordion-section-content open\">\n<p style=\"margin: 0;\"><strong style=\"color: #0f172a;\">46 U.S. Code Cap\u00edtulo 303-Muerte en alta mar<\/strong><\/p>\n<ul>\n<li>\u00a730301. T\u00edtulo abreviado<\/li>\n<li>\u00a730302. Causa<\/li>\n<li>\u00a730303. Cuant\u00eda y reparto de la recuperaci\u00f3n<\/li>\n<li>\u00a730304. Negligencia concurrente<\/li>\n<li>\u00a730305. Fallecimiento del demandante en una acci\u00f3n pendiente<\/li>\n<li>\u00a730306. Causa extranjera<\/li>\n<li>\u00a730307. Accidentes de aviaci\u00f3n comercial<\/li>\n<li>\u00a730308. No aplicaci\u00f3n<\/li>\n<\/ul>\n<\/div>\n<\/div>\n<h3><span class=\"ez-toc-section\" id=\"jones-act-laws\"><\/span>Leyes de la Ley Jones<span class=\"ez-toc-section-end\"><\/span><\/h3>\n<div class=\"accordion-section\">\n<h4><a class=\"accordion-section-title\" href=\"#accordion-2\">T\u00edtulo 46 del C\u00f3digo de EE.UU. \u00a730104<\/a><\/h4>\n<div id=\"accordion-2\" class=\"accordion-section-content\">\n<p>Un marino lesionado en el curso del empleo o, si el marino muere a causa de la lesi\u00f3n, el representante personal del marino puede optar por entablar una acci\u00f3n civil, con derecho a juicio por jurado, contra el empleador. Las leyes de los Estados Unidos que regulan la indemnizaci\u00f3n por lesiones personales o muerte de un empleado ferroviario se aplican a una acci\u00f3n en virtud de esta secci\u00f3n.<br \/>\n<i>(Pub. L. 109-304, \u00a7 6(c), 6 de octubre de 2006 120 Stat. 1510; Pub. L. 110-181, div. C, t\u00edtulo XXXV, \u00a7 3521(a), 28 de enero de 2008 122 Stat. 596).<\/i><\/p>\n<\/div>\n<\/div>\n<div class=\"accordion-section\">\n<h4><a class=\"accordion-section-title\" href=\"#accordion-3\">46 US Code T\u00edtulo 46 - Transporte mar\u00edtimo<\/a><\/h4>\n<div id=\"accordion-3\" class=\"accordion-section-content\">\n<p>Subt\u00edtulo I-General (\u00a7\u00a7 101 - 505)<\/p>\n<p>Subt\u00edtulo II - Buques y marinos (\u00a7\u00a7 2101 - 15109)<\/p>\n<p>Subt\u00edtulo III-Responsabilidad mar\u00edtima (\u00a7\u00a7 30101 - 31343)<\/p>\n<p>Subt\u00edtulo IV - Regulaci\u00f3n del transporte mar\u00edtimo (\u00a7\u00a7 40101 - 44106)<\/p>\n<p>Subt\u00edtulo V-Marinos mercantes (\u00a7\u00a7 50101 - 58109)<\/p>\n<p>Subt\u00edtulo VI - Despacho de aduana, impuestos sobre el tonelaje y derechos (\u00a7\u00a7 60101 - 60507)<\/p>\n<p>Subt\u00edtulo VII-Seguridad y lucha contra la droga (\u00a7\u00a7 70001 - 70508)<\/p>\n<p>Subt\u00edtulo VIII-Varios (\u00a7\u00a7 80101 - 80509)<\/p>\n<\/div>\n<\/div>\n<\/div>","protected":false},"excerpt":{"rendered":"<p>Oil Platform Injuries Information &amp; What To Do The offshore oil and gas industry is not only an essential part of the nation\u2019s economy, it also provides thousands of jobs to workers in Louisiana. However, offshore oil extraction continues to be a dangerous field because of the combination of heavy equipment, long working hours, and &hellip; <\/p>\n<p class=\"link-more\"><a href=\"https:\/\/www.murphylawfirm.com\/es\/baton-rouge-oil-platform-accident-lawyer\/\" class=\"more-link\">Seguir leyendo<span class=\"screen-reader-text\"> &#8220;Baton Rouge Oil Platform Accident Lawyer&#8221;<\/span><\/a><\/p>","protected":false},"author":1,"featured_media":0,"parent":0,"menu_order":0,"comment_status":"closed","ping_status":"closed","template":"","meta":{"_acf_changed":false,"footnotes":""},"class_list":["post-1204","page","type-page","status-publish","hentry","entry"],"acf":[],"yoast_head":"<!-- This site is optimized with the Yoast SEO plugin v27.4 - https:\/\/yoast.com\/product\/yoast-seo-wordpress\/ -->\n<title>Baton Rouge Oil Platform Accident Lawyer - Murphy Law Firm<\/title>\n<meta name=\"description\" content=\"Murphy Law Firm helps oil rig workers who sustained rob-related injuries. Call us for a free consultation with one of our oil platform accident lawyers.\" \/>\n<meta name=\"robots\" content=\"index, follow, max-snippet:-1, max-image-preview:large, max-video-preview:-1\" \/>\n<link rel=\"canonical\" href=\"https:\/\/www.murphylawfirm.com\/es\/baton-rouge-plataforma-petrolera-accidente-abogado\/\" \/>\n<meta property=\"og:locale\" content=\"es_MX\" \/>\n<meta property=\"og:type\" content=\"article\" \/>\n<meta property=\"og:title\" content=\"Baton Rouge Oil Platform Accident Lawyer - Murphy Law Firm\" \/>\n<meta property=\"og:description\" content=\"Murphy Law Firm helps oil rig workers who sustained rob-related injuries. Call us for a free consultation with one of our oil platform accident lawyers.\" \/>\n<meta property=\"og:url\" content=\"https:\/\/www.murphylawfirm.com\/es\/baton-rouge-plataforma-petrolera-accidente-abogado\/\" \/>\n<meta property=\"og:site_name\" content=\"Murphy Law Firm\" \/>\n<meta property=\"article:publisher\" content=\"https:\/\/www.facebook.com\/MurphyLawFirm225\/\" \/>\n<meta property=\"article:modified_time\" content=\"2025-03-11T14:45:44+00:00\" \/>\n<meta name=\"twitter:card\" content=\"summary_large_image\" \/>\n<meta name=\"twitter:site\" content=\"@murphylawfirm225\" \/>\n<meta name=\"twitter:label1\" content=\"Tiempo de lectura\" \/>\n\t<meta name=\"twitter:data1\" content=\"5 minutos\" \/>\n<!-- \/ Yoast SEO plugin. -->","yoast_head_json":{"title":"Baton Rouge Abogado Accidente Plataforma Petrolera - Murphy Law Firm","description":"Murphy Law Firm ayuda a los trabajadores de plataformas petrol\u00edferas que sufrieron lesiones relacionadas con el robo. Ll\u00e1menos para una consulta gratuita con uno de nuestros abogados de accidentes en plataformas petrol\u00edferas.","robots":{"index":"index","follow":"follow","max-snippet":"max-snippet:-1","max-image-preview":"max-image-preview:large","max-video-preview":"max-video-preview:-1"},"canonical":"https:\/\/www.murphylawfirm.com\/es\/baton-rouge-plataforma-petrolera-accidente-abogado\/","og_locale":"es_MX","og_type":"article","og_title":"Baton Rouge Oil Platform Accident Lawyer - Murphy Law Firm","og_description":"Murphy Law Firm helps oil rig workers who sustained rob-related injuries. Call us for a free consultation with one of our oil platform accident lawyers.","og_url":"https:\/\/www.murphylawfirm.com\/es\/baton-rouge-plataforma-petrolera-accidente-abogado\/","og_site_name":"Murphy Law Firm","article_publisher":"https:\/\/www.facebook.com\/MurphyLawFirm225\/","article_modified_time":"2025-03-11T14:45:44+00:00","twitter_card":"summary_large_image","twitter_site":"@murphylawfirm225","twitter_misc":{"Tiempo de lectura":"5 minutos"},"schema":{"@context":"https:\/\/schema.org","@graph":[{"@type":"WebPage","@id":"https:\/\/www.murphylawfirm.com\/baton-rouge-oil-platform-accident-lawyer\/","url":"https:\/\/www.murphylawfirm.com\/baton-rouge-oil-platform-accident-lawyer\/","name":"Baton Rouge Abogado Accidente Plataforma Petrolera - Murphy Law Firm","isPartOf":{"@id":"https:\/\/www.murphylawfirm.com\/#website"},"datePublished":"2024-04-19T05:33:33+00:00","dateModified":"2025-03-11T14:45:44+00:00","description":"Murphy Law Firm ayuda a los trabajadores de plataformas petrol\u00edferas que sufrieron lesiones relacionadas con el robo. Ll\u00e1menos para una consulta gratuita con uno de nuestros abogados de accidentes en plataformas petrol\u00edferas.","breadcrumb":{"@id":"https:\/\/www.murphylawfirm.com\/baton-rouge-oil-platform-accident-lawyer\/#breadcrumb"},"inLanguage":"es","potentialAction":[{"@type":"ReadAction","target":["https:\/\/www.murphylawfirm.com\/baton-rouge-oil-platform-accident-lawyer\/"]}]},{"@type":"BreadcrumbList","@id":"https:\/\/www.murphylawfirm.com\/baton-rouge-oil-platform-accident-lawyer\/#breadcrumb","itemListElement":[{"@type":"ListItem","position":1,"name":"Home","item":"https:\/\/www.murphylawfirm.com\/"},{"@type":"ListItem","position":2,"name":"Baton Rouge Oil Platform Accident Lawyer"}]},{"@type":"WebSite","@id":"https:\/\/www.murphylawfirm.com\/#website","url":"https:\/\/www.murphylawfirm.com\/","name":"Bufete Murphy","description":"","publisher":{"@id":"https:\/\/www.murphylawfirm.com\/#organization"},"potentialAction":[{"@type":"SearchAction","target":{"@type":"EntryPoint","urlTemplate":"https:\/\/www.murphylawfirm.com\/?s={search_term_string}"},"query-input":{"@type":"PropertyValueSpecification","valueRequired":true,"valueName":"search_term_string"}}],"inLanguage":"es"},{"@type":"Organization","@id":"https:\/\/www.murphylawfirm.com\/#organization","name":"Bufete Murphy","alternateName":"Murphy Law Firm","url":"https:\/\/www.murphylawfirm.com\/","logo":{"@type":"ImageObject","inLanguage":"es","@id":"https:\/\/www.murphylawfirm.com\/#\/schema\/logo\/image\/","url":"https:\/\/www.murphylawfirm.com\/wp-content\/uploads\/2024\/05\/murphy.jpg","contentUrl":"https:\/\/www.murphylawfirm.com\/wp-content\/uploads\/2024\/05\/murphy.jpg","width":309,"height":79,"caption":"Murphy Law Firm"},"image":{"@id":"https:\/\/www.murphylawfirm.com\/#\/schema\/logo\/image\/"},"sameAs":["https:\/\/www.facebook.com\/MurphyLawFirm225\/","https:\/\/x.com\/murphylawfirm225","https:\/\/www.instagram.com\/murphylawfirm225\/","https:\/\/www.linkedin.com\/in\/murphy-law-firm-peyton-murphy\/","https:\/\/maps.app.goo.gl\/WCtGDyEwg1JYgwZ87","https:\/\/www.yelp.com\/biz\/murphy-law-firm-baton-rouge-3","https:\/\/www.mapquest.com\/us\/louisiana\/murphy-law-firm-284707425","https:\/\/www.lawinfo.com\/lawfirm\/louisiana\/baton-rouge\/murphy-law-firm-llc\/97a2f249-3b83-4255-b82a-f62955d76970.html","https:\/\/www.hg.org\/attorney\/murphy-law-firm-llc\/68580","https:\/\/lawyers.findlaw.com\/louisiana\/baton-rouge\/2388680_1\/","https:\/\/www.bbb.org\/us\/la\/baton-rouge\/profile\/lawyers\/murphy-law-firm-llc-0835-12003342","https:\/\/www.lawyers.com\/baton-rouge\/louisiana\/murphy-law-firm-42910679-f\/","https:\/\/nextdoor.com\/pages\/murphy-law-firm-llc\/","https:\/\/www.lawyer4criminaldefense.com\/criminal-defense-lawyers\/listing\/b637fd75d4bc11b1a32273b847ba8a37\/","https:\/\/www.expertise.com\/legal\/slip-and-fall-lawyers\/louisiana\/baton-rouge","https:\/\/www.youtube.com\/@MurphyLawFirmBatonRouge"]}]}},"_links":{"self":[{"href":"https:\/\/www.murphylawfirm.com\/es\/wp-json\/wp\/v2\/pages\/1204","targetHints":{"allow":["GET"]}}],"collection":[{"href":"https:\/\/www.murphylawfirm.com\/es\/wp-json\/wp\/v2\/pages"}],"about":[{"href":"https:\/\/www.murphylawfirm.com\/es\/wp-json\/wp\/v2\/types\/page"}],"author":[{"embeddable":true,"href":"https:\/\/www.murphylawfirm.com\/es\/wp-json\/wp\/v2\/users\/1"}],"replies":[{"embeddable":true,"href":"https:\/\/www.murphylawfirm.com\/es\/wp-json\/wp\/v2\/comments?post=1204"}],"version-history":[{"count":6,"href":"https:\/\/www.murphylawfirm.com\/es\/wp-json\/wp\/v2\/pages\/1204\/revisions"}],"predecessor-version":[{"id":5956,"href":"https:\/\/www.murphylawfirm.com\/es\/wp-json\/wp\/v2\/pages\/1204\/revisions\/5956"}],"wp:attachment":[{"href":"https:\/\/www.murphylawfirm.com\/es\/wp-json\/wp\/v2\/media?parent=1204"}],"curies":[{"name":"wp","href":"https:\/\/api.w.org\/{rel}","templated":true}]}}