{"id":1209,"date":"2024-04-19T05:25:42","date_gmt":"2024-04-19T05:25:42","guid":{"rendered":"https:\/\/www.murphylawfirm.com\/?page_id=1209"},"modified":"2025-03-12T17:40:33","modified_gmt":"2025-03-12T17:40:33","slug":"baton-rouge-jones-act-abogado","status":"publish","type":"page","link":"https:\/\/www.murphylawfirm.com\/es\/baton-rouge-jones-act-lawyer\/","title":{"rendered":"Baton Rouge Abogado Ley Jones"},"content":{"rendered":"<div id=\"ez-toc-container\" class=\"ez-toc-v2_0_82_2 counter-hierarchy ez-toc-counter ez-toc-transparent ez-toc-container-direction\">\n<div class=\"ez-toc-title-container\">\n<p class=\"ez-toc-title ez-toc-toggle\" style=\"cursor:pointer\">\u00cdndice<\/p>\n<span class=\"ez-toc-title-toggle\"><a href=\"#\" class=\"ez-toc-pull-right ez-toc-btn ez-toc-btn-xs ez-toc-btn-default ez-toc-toggle\" aria-label=\"Toggle Table of Content\"><span class=\"ez-toc-js-icon-con\"><span class=\"\"><span class=\"eztoc-hide\" style=\"display:none;\">Toggle<\/span><span class=\"ez-toc-icon-toggle-span\"><svg style=\"fill: #999;color:#999\" xmlns=\"http:\/\/www.w3.org\/2000\/svg\" class=\"list-377408\" width=\"20px\" height=\"20px\" viewbox=\"0 0 24 24\" fill=\"none\"><path d=\"M6 6H4v2h2V6zm14 0H8v2h12V6zM4 11h2v2H4v-2zm16 0H8v2h12v-2zM4 16h2v2H4v-2zm16 0H8v2h12v-2z\" fill=\"currentColor\"><\/path><\/svg><svg style=\"fill: #999;color:#999\" class=\"arrow-unsorted-368013\" xmlns=\"http:\/\/www.w3.org\/2000\/svg\" width=\"10px\" height=\"10px\" viewbox=\"0 0 24 24\" version=\"1.2\" baseprofile=\"tiny\"><path d=\"M18.2 9.3l-6.2-6.3-6.2 6.3c-.2.2-.3.4-.3.7s.1.5.3.7c.2.2.4.3.7.3h11c.3 0 .5-.1.7-.3.2-.2.3-.5.3-.7s-.1-.5-.3-.7zM5.8 14.7l6.2 6.3 6.2-6.3c.2-.2.3-.5.3-.7s-.1-.5-.3-.7c-.2-.2-.4-.3-.7-.3h-11c-.3 0-.5.1-.7.3-.2.2-.3.5-.3.7s.1.5.3.7z\"\/><\/svg><\/span><\/span><\/span><\/a><\/span><\/div>\n<nav><ul class='ez-toc-list ez-toc-list-level-1 eztoc-toggle-hide-by-default' ><li class='ez-toc-page-1 ez-toc-heading-level-2'><a class=\"ez-toc-link ez-toc-heading-1\" href=\"https:\/\/www.murphylawfirm.com\/es\/baton-rouge-jones-act-lawyer\/#baton-rouge-jones-act-attorney\" >Baton Rouge Abogado de la Ley Jones<\/a><ul class='ez-toc-list-level-3' ><li class='ez-toc-heading-level-3'><a class=\"ez-toc-link ez-toc-heading-2\" href=\"https:\/\/www.murphylawfirm.com\/es\/baton-rouge-jones-act-lawyer\/#what-is-the-jones-act\" >\u00bfQu\u00e9 es la Ley Jones?<\/a><\/li><li class='ez-toc-page-1 ez-toc-heading-level-3'><a class=\"ez-toc-link ez-toc-heading-3\" href=\"https:\/\/www.murphylawfirm.com\/es\/baton-rouge-jones-act-lawyer\/#why-is-the-jones-act-important\" >\u00bfPor qu\u00e9 es importante la Ley Jones?<\/a><\/li><li class='ez-toc-page-1 ez-toc-heading-level-3'><a class=\"ez-toc-link ez-toc-heading-4\" href=\"https:\/\/www.murphylawfirm.com\/es\/baton-rouge-jones-act-lawyer\/#federal-employers-liability-act\" >Ley Federal de Responsabilidad Patronal<\/a><\/li><li class='ez-toc-page-1 ez-toc-heading-level-3'><a class=\"ez-toc-link ez-toc-heading-5\" href=\"https:\/\/www.murphylawfirm.com\/es\/baton-rouge-jones-act-lawyer\/#what-is-maintenance-cure\" >\u00bfQu\u00e9 es el mantenimiento y la cura?<\/a><\/li><li class='ez-toc-page-1 ez-toc-heading-level-3'><a class=\"ez-toc-link ez-toc-heading-6\" href=\"https:\/\/www.murphylawfirm.com\/es\/baton-rouge-jones-act-lawyer\/#do-you-have-a-jones-act-claim\" >\u00bfTiene una reclamaci\u00f3n en virtud de la Ley Jones?<\/a><\/li><li class='ez-toc-page-1 ez-toc-heading-level-3'><a class=\"ez-toc-link ez-toc-heading-7\" href=\"https:\/\/www.murphylawfirm.com\/es\/baton-rouge-jones-act-lawyer\/#maritime-jones-act-laws-in-louisiana\" >Leyes mar\u00edtimas y de la Ley Jones en Louisiana<\/a><\/li><\/ul><\/li><\/ul><\/nav><\/div>\n<h2><span class=\"ez-toc-section\" id=\"baton-rouge-jones-act-attorney\"><\/span>Baton Rouge Abogado de la Ley Jones<span class=\"ez-toc-section-end\"><\/span><\/h2>\n<p><strong>Informaci\u00f3n y qu\u00e9 hacer<\/strong><\/p>\n<p>Louisiana pescadores comerciales, operadores de transbordadores, trabajadores de plataformas petrol\u00edferas y otros marineros dependen de la Ley Jones como uno de los \u00fanicos medios de recuperaci\u00f3n tras una lesi\u00f3n relacionada con el trabajo, ya que las normas de indemnizaci\u00f3n de los trabajadores no suelen aplicarse a los trabajadores del mar. Cuanto m\u00e1s sepa sobre las reclamaciones en virtud de la Ley Jones, m\u00e1s preparado estar\u00e1 para hacer frente a una lesi\u00f3n o enfermedad laboral y podr\u00e1 contratar al abogado adecuado. <a href=\"https:\/\/www.murphylawfirm.com\/es\/abogado-accidente-maritimo-baton-rouge\/\">abogado para caso de accidente mar\u00edtimo<\/a>.<\/p>\n<h3><span class=\"ez-toc-section\" id=\"what-is-the-jones-act\"><\/span>\u00bfQu\u00e9 es la Ley Jones?<span class=\"ez-toc-section-end\"><\/span><\/h3>\n<p>La Ley Jones forma parte de la Ley de la Marina Mercante de 1920. Se trata de un estatuto federal que apoya la actividad comercial mar\u00edtima mediante el desarrollo y mantenimiento de una marina mercante. Surgi\u00f3 tras la Primera Guerra Mundial como un esfuerzo por crear una red segura de marinos despu\u00e9s de que la armada alemana da\u00f1ara gravemente la flota estadounidense. La Ley Jones exig\u00eda principalmente que todas las mercanc\u00edas enviadas desde y hacia puertos estadounidenses utilizaran buques estadounidenses.<\/p>\n<p>El T\u00edtulo 46 del C\u00f3digo de los EE.UU. \u00a730104 permite a un marinero lesionado interponer una demanda civil contra su empleador si el marinero estaba actuando en el curso del empleo como miembro de la tripulaci\u00f3n de un buque, si el empleador fue declarado negligente, y si la negligencia del empleador fue la causa de las lesiones del marinero. Esta situaci\u00f3n es muy diferente a la de un caso t\u00edpico de lesiones laborales, en el que las leyes estatales de compensaci\u00f3n de los trabajadores proh\u00edben generalmente a los empleados interponer demandas contra los empleadores por lesiones causadas por negligencia del empleador.<\/p>\n<h3><span class=\"ez-toc-section\" id=\"why-is-the-jones-act-important\"><\/span>\u00bfPor qu\u00e9 es importante la Ley Jones?<span class=\"ez-toc-section-end\"><\/span><\/h3>\n<p>La importancia de la Ley Jones radica en su apoyo a varios aspectos cruciales. Es vital para reforzar la industria mar\u00edtima estadounidense, fomentar el comercio interior y crear oportunidades de empleo. Adem\u00e1s, la ley contribuye a la seguridad nacional al garantizar una flota fiable de buques de pabell\u00f3n estadounidense para actividades militares. Tambi\u00e9n salvaguarda los derechos de los trabajadores mar\u00edtimos, ofreci\u00e9ndoles recursos legales en caso de lesiones por negligencia. Adem\u00e1s, la Ley Jones promueve las normas de seguridad y la conservaci\u00f3n del medio ambiente en el \u00e1mbito naval. En \u00faltima instancia, esta legislaci\u00f3n sostiene la econom\u00eda del sector mar\u00edtimo, la defensa nacional, el bienestar de los trabajadores y la seguridad.<\/p>\n<p>Si usted es un <a href=\"https:\/\/www.murphylawfirm.com\/es\/baton-rouge-ferry-abogado-de-lesiones-de-los-trabajadores\/\">trabajador de transbordadores<\/a> y ha sufrido lesiones en el desempe\u00f1o de sus funciones, podr\u00eda tener una reclamaci\u00f3n por da\u00f1os y perjuicios en virtud de la Ley Jones. P\u00f3ngase en contacto con los abogados especializados en la Ley Jones de <a href=\"https:\/\/www.murphylawfirm.com\/es\/por-que-elegirnos\/\">Bufete Murphy<\/a> en <a href=\"tel:2252694928\">(225) 269-4928<\/a>. Nuestro experimentado equipo de abogados de lesiones personales trabajar\u00e1 duro para asegurar que sus reclamaciones por lesiones se persiguen agresivamente.<\/p>\n<h3><span class=\"ez-toc-section\" id=\"federal-employers-liability-act\"><\/span>Ley Federal de Responsabilidad Patronal<span class=\"ez-toc-section-end\"><\/span><\/h3>\n<p><strong>Ampliaci\u00f3n a los trabajadores mar\u00edtimos<\/strong><\/p>\n<p>Una de las leyes m\u00e1s importantes para los trabajadores es la extensi\u00f3n de la Ley Federal de Responsabilidad del Empresario (FELA) a los trabajadores mar\u00edtimos. La FELA permite a los marineros interponer demandas por lesiones personales y acciones legales contra sus empleadores en caso de lesiones o enfermedades relacionadas con el trabajo en el mar. La extensi\u00f3n de la FELA a los marineros es vital, ya que estos empleados no tienen la opci\u00f3n de recuperarse a trav\u00e9s de la compensaci\u00f3n de los trabajadores como la mayor\u00eda de los trabajadores en tierra. Sin la Ley Jones, los trabajadores mar\u00edtimos podr\u00edan verse atrapados sin un medio de recuperaci\u00f3n para las lesiones relacionadas con el trabajo. En su lugar, pueden emprender acciones legales contra los empleadores negligentes que causan o contribuyen a un incidente de navegaci\u00f3n, como un <a href=\"https:\/\/www.murphylawfirm.com\/es\/baton-rouge-abogado-de-accidente-de-crucero\/\">accidente de crucero<\/a>. Si fallece un marino, los familiares supervivientes tienen el mismo derecho a reclamar en nombre de su ser querido contra la empresa o empleador negligente.<\/p>\n<p>En virtud de la Ley Jones, un empleado puede demandar a un empresario por lesiones y enfermedades sufridas a bordo durante las horas de trabajo si puede demostrar negligencia. El empleado tambi\u00e9n tiene derecho a responsabilizar al propietario del buque por falta de navegabilidad, si procede. Por \u00faltimo, la Ley Jones da derecho a los marineros a recibir pagos de \"mantenimiento y curaci\u00f3n\" durante la recuperaci\u00f3n, que pueden incluir gastos m\u00e9dicos, alojamiento y comida, pagos de servicios p\u00fablicos y otros gastos hasta que el empleado alcance el \"punto de m\u00e1xima mejor\u00eda m\u00e9dica\", independientemente de la culpa de la lesi\u00f3n. Si usted ha sido herido en el mar, nuestros abogados de la Ley Jones pueden proteger sus intereses y luchar por la m\u00e1xima indemnizaci\u00f3n.<\/p>\n<h3><span class=\"ez-toc-section\" id=\"what-is-maintenance-cure\"><\/span>\u00bfQu\u00e9 es el mantenimiento y la cura?<span class=\"ez-toc-section-end\"><\/span><\/h3>\n<p>La \"manutenci\u00f3n y curaci\u00f3n\" es la pol\u00edtica de proporcionar a los marineros lesionados atenci\u00f3n m\u00e9dica, tratamiento y apoyo durante la convalecencia. Los marineros tienen derecho a la manutenci\u00f3n y curaci\u00f3n incluso sin una reclamaci\u00f3n en virtud de la Ley Jones, y tendr\u00e1n derecho a los pagos de manutenci\u00f3n hasta alcanzar el punto de m\u00e1xima curaci\u00f3n posible.<\/p>\n<p>Dado que el mantenimiento y la curaci\u00f3n es un derecho completamente independiente de una reclamaci\u00f3n en virtud de la Ley Jones, no existe ning\u00fan requisito de que la negligencia del empleador sea la causa de la lesi\u00f3n o enfermedad. Por lo tanto, el marinero s\u00f3lo debe demostrar que la lesi\u00f3n o enfermedad se produjo mientras estaba empleado en un buque como marinero y no fue causada por un mal comportamiento intencionado.<\/p>\n<h3><span class=\"ez-toc-section\" id=\"do-you-have-a-jones-act-claim\"><\/span>\u00bfTiene una reclamaci\u00f3n en virtud de la Ley Jones?<span class=\"ez-toc-section-end\"><\/span><\/h3>\n<p>En primer lugar, debe ser un \"marinero\". Un marinero es un trabajador (hombre o mujer) con tareas que contribuyen a la funci\u00f3n de un buque en la navegaci\u00f3n o el cumplimiento de su misi\u00f3n y la conexi\u00f3n del trabajador con el buque debe ser sustancial. Por ejemplo, probablemente se le considerar\u00eda marinero si el armador le empleara a bordo de un petrolero para mantener y reparar la propulsi\u00f3n del buque durante semanas. Sin embargo, si fuera empleado de una empresa de electr\u00f3nica contratada por el armador para poner a punto el radar del buque mientras \u00e9ste se encuentra en puerto, no se le considerar\u00eda necesariamente marinero. A continuaci\u00f3n, debe tener relaci\u00f3n con un \"buque\". Un buque es cualquier embarcaci\u00f3n u otro artefacto utilizado, o susceptible de ser utilizado, como medio de transporte sobre el agua. Por ejemplo, un casino flotante que est\u00e9 permanentemente amarrado a la costa no se considerar\u00e1 un buque a efectos de la Ley Jones. Por \u00faltimo, su lesi\u00f3n debe haber sido causada, al menos en parte, por la negligencia de su empleador.<\/p>\n<p>Recuperar da\u00f1os y perjuicios a trav\u00e9s de la Ley Jones es una posibilidad probable para cualquier trabajador mar\u00edtimo, pescador o marinero que trabaje en las costas de Louisiana. Es posible que s\u00f3lo tenga derecho a una indemnizaci\u00f3n de mantenimiento y curaci\u00f3n, o puede que tenga derecho a m\u00e1s en vista de la negligencia del empleador o del armador. De hecho, el programa federal de indemnizaci\u00f3n de los trabajadores del mar (Longshore and Harbor Workers' Compensation Act) suele dar lugar a mayores prestaciones para los trabajadores mar\u00edtimos lesionados que para los trabajadores de tierra firme.<\/p>\n<p>Tanto si se ha lesionado en un crucero o <a href=\"https:\/\/www.murphylawfirm.com\/es\/baton-rouge-offshore-accidente-abogado\/\">accidente en alta mar<\/a>hable con un abogado mar\u00edtimo con experiencia. Ellos pueden evaluar su caso y discutir sus derechos explorando todas las opciones legales disponibles para usted. Para saber si la Ley Jones para cruceros podr\u00eda ayudarle, llame al <a href=\"tel:2252694928\">(225) 269-4928<\/a> o <a href=\"https:\/\/www.murphylawfirm.com\/es\/pongase-en-contacto-con\/\">contacte con nosotros en l\u00ednea para una consulta GRATUITA<\/a> en Murphy Law Firm. No s\u00f3lo nuestros experimentados abogados de lesiones personales mar\u00edtimas en Murphy Law Firm le ayudar\u00e1n a entender su reclamo, \u00a1sino que tambi\u00e9n luchar\u00e1n para obtener la compensaci\u00f3n que se merece!<\/p>\n<div class=\"accsec-ritcnt accordion\">\n<h3><span class=\"ez-toc-section\" id=\"maritime-jones-act-laws-in-louisiana\"><\/span>Leyes mar\u00edtimas y de la Ley Jones en Louisiana<span class=\"ez-toc-section-end\"><\/span><\/h3>\n<div class=\"accordion-section\">\n<h4><a class=\"accordion-section-title active\" href=\"#accordion-1\">T\u00edtulo 46 del C\u00f3digo de EE.UU. \u00a730104<\/a><\/h4>\n<div id=\"accordion-1\" class=\"accordion-section-content open\">\n<p>Un marino lesionado en el curso del empleo o, si el marino muere a causa de la lesi\u00f3n, el representante personal del marino puede optar por entablar una acci\u00f3n civil, con derecho a juicio por jurado, contra el empleador. Las leyes de los Estados Unidos que regulan la indemnizaci\u00f3n por lesiones personales o muerte de un empleado ferroviario se aplican a una acci\u00f3n en virtud de esta secci\u00f3n.<br \/>\n<i>(Pub. L. 109-304, \u00a7 6(c), 6 de octubre de 2006 120 Stat. 1510; Pub. L. 110-181, div. C, t\u00edtulo XXXV, \u00a7 3521(a), 28 de enero de 2008 122 Stat. 596).<\/i><\/p>\n<\/div>\n<\/div>\n<div class=\"accordion-section\">\n<h4><a class=\"accordion-section-title\" href=\"#accordion-2\">46 US Code T\u00edtulo 46 - Transporte mar\u00edtimo<\/a><\/h4>\n<div id=\"accordion-2\" class=\"accordion-section-content\">\n<p>Subt\u00edtulo I-General (\u00a7\u00a7 101 - 505)<br \/>\nSubt\u00edtulo II - Buques y marinos (\u00a7\u00a7 2101 - 15109)<br \/>\nSubt\u00edtulo III-Responsabilidad mar\u00edtima (\u00a7\u00a7 30101 - 31343)<br \/>\nSubt\u00edtulo IV - Regulaci\u00f3n del transporte mar\u00edtimo (\u00a7\u00a7 40101 - 44106)<br \/>\nSubt\u00edtulo V-Marinos mercantes (\u00a7\u00a7 50101 - 58109)<br \/>\nSubt\u00edtulo VI - Despacho de aduana, impuestos sobre el tonelaje y derechos (\u00a7\u00a7 60101 - 60507)<br \/>\nSubt\u00edtulo VII-Seguridad y lucha contra la droga (\u00a7\u00a7 70001 - 70508)<br \/>\nSubt\u00edtulo VIII-Varios (\u00a7\u00a7 80101 - 80509)<\/p>\n<\/div>\n<\/div>\n<\/div>","protected":false},"excerpt":{"rendered":"<p>Baton Rouge Jones Act Attorney Information &amp; What To Do Louisiana commercial fishermen, ferry operators, oil rig workers, and other seamen depend upon the Jones Act as one of the only means of recovery after a job-related injury, as the rules of workers\u2019 compensation do not typically apply to sea-based workers. The more you know &hellip; <\/p>\n<p class=\"link-more\"><a href=\"https:\/\/www.murphylawfirm.com\/es\/baton-rouge-jones-act-lawyer\/\" class=\"more-link\">Seguir leyendo<span class=\"screen-reader-text\"> &#8220;Baton Rouge Jones Act Lawyer&#8221;<\/span><\/a><\/p>","protected":false},"author":1,"featured_media":0,"parent":0,"menu_order":0,"comment_status":"closed","ping_status":"closed","template":"","meta":{"_acf_changed":false,"footnotes":""},"class_list":["post-1209","page","type-page","status-publish","hentry","entry"],"acf":[],"yoast_head":"<!-- This site is optimized with the Yoast SEO plugin v27.4 - https:\/\/yoast.com\/product\/yoast-seo-wordpress\/ -->\n<title>Baton Rouge Jones Act Lawyer - Free Consultation<\/title>\n<meta name=\"description\" content=\"In need of a Baton Rouge Jones Act lawyer? Trust Murphy Law Firm for legal representation and get the compensation you deserve. Get a free consultation today!\" \/>\n<meta name=\"robots\" content=\"index, follow, max-snippet:-1, max-image-preview:large, max-video-preview:-1\" \/>\n<link rel=\"canonical\" href=\"https:\/\/www.murphylawfirm.com\/es\/baton-rouge-jones-act-abogado\/\" \/>\n<meta property=\"og:locale\" content=\"es_MX\" \/>\n<meta property=\"og:type\" content=\"article\" \/>\n<meta property=\"og:title\" content=\"Baton Rouge Jones Act Lawyer - Free Consultation\" \/>\n<meta property=\"og:description\" content=\"In need of a Baton Rouge Jones Act lawyer? Trust Murphy Law Firm for legal representation and get the compensation you deserve. Get a free consultation today!\" \/>\n<meta property=\"og:url\" content=\"https:\/\/www.murphylawfirm.com\/es\/baton-rouge-jones-act-abogado\/\" \/>\n<meta property=\"og:site_name\" content=\"Murphy Law Firm\" \/>\n<meta property=\"article:publisher\" content=\"https:\/\/www.facebook.com\/MurphyLawFirm225\/\" \/>\n<meta property=\"article:modified_time\" content=\"2025-03-12T17:40:33+00:00\" \/>\n<meta name=\"twitter:card\" content=\"summary_large_image\" \/>\n<meta name=\"twitter:site\" content=\"@murphylawfirm225\" \/>\n<meta name=\"twitter:label1\" content=\"Tiempo de lectura\" \/>\n\t<meta name=\"twitter:data1\" content=\"6 minutos\" \/>\n<!-- \/ Yoast SEO plugin. -->","yoast_head_json":{"title":"Baton Rouge Jones Act Abogado - Consulta gratuita","description":"\u00bfNecesita un abogado de la Ley Jones Baton Rouge? Conf\u00ede en Murphy Law Firm para la representaci\u00f3n legal y obtenga la compensaci\u00f3n que merece. \u00a1Obtenga una consulta gratuita hoy!","robots":{"index":"index","follow":"follow","max-snippet":"max-snippet:-1","max-image-preview":"max-image-preview:large","max-video-preview":"max-video-preview:-1"},"canonical":"https:\/\/www.murphylawfirm.com\/es\/baton-rouge-jones-act-abogado\/","og_locale":"es_MX","og_type":"article","og_title":"Baton Rouge Jones Act Lawyer - Free Consultation","og_description":"In need of a Baton Rouge Jones Act lawyer? Trust Murphy Law Firm for legal representation and get the compensation you deserve. Get a free consultation today!","og_url":"https:\/\/www.murphylawfirm.com\/es\/baton-rouge-jones-act-abogado\/","og_site_name":"Murphy Law Firm","article_publisher":"https:\/\/www.facebook.com\/MurphyLawFirm225\/","article_modified_time":"2025-03-12T17:40:33+00:00","twitter_card":"summary_large_image","twitter_site":"@murphylawfirm225","twitter_misc":{"Tiempo de lectura":"6 minutos"},"schema":{"@context":"https:\/\/schema.org","@graph":[{"@type":"WebPage","@id":"https:\/\/www.murphylawfirm.com\/baton-rouge-jones-act-lawyer\/","url":"https:\/\/www.murphylawfirm.com\/baton-rouge-jones-act-lawyer\/","name":"Baton Rouge Jones Act Abogado - Consulta gratuita","isPartOf":{"@id":"https:\/\/www.murphylawfirm.com\/#website"},"datePublished":"2024-04-19T05:25:42+00:00","dateModified":"2025-03-12T17:40:33+00:00","description":"\u00bfNecesita un abogado de la Ley Jones Baton Rouge? Conf\u00ede en Murphy Law Firm para la representaci\u00f3n legal y obtenga la compensaci\u00f3n que merece. \u00a1Obtenga una consulta gratuita hoy!","breadcrumb":{"@id":"https:\/\/www.murphylawfirm.com\/baton-rouge-jones-act-lawyer\/#breadcrumb"},"inLanguage":"es","potentialAction":[{"@type":"ReadAction","target":["https:\/\/www.murphylawfirm.com\/baton-rouge-jones-act-lawyer\/"]}]},{"@type":"BreadcrumbList","@id":"https:\/\/www.murphylawfirm.com\/baton-rouge-jones-act-lawyer\/#breadcrumb","itemListElement":[{"@type":"ListItem","position":1,"name":"Home","item":"https:\/\/www.murphylawfirm.com\/"},{"@type":"ListItem","position":2,"name":"Baton Rouge Jones Act Lawyer"}]},{"@type":"WebSite","@id":"https:\/\/www.murphylawfirm.com\/#website","url":"https:\/\/www.murphylawfirm.com\/","name":"Bufete Murphy","description":"","publisher":{"@id":"https:\/\/www.murphylawfirm.com\/#organization"},"potentialAction":[{"@type":"SearchAction","target":{"@type":"EntryPoint","urlTemplate":"https:\/\/www.murphylawfirm.com\/?s={search_term_string}"},"query-input":{"@type":"PropertyValueSpecification","valueRequired":true,"valueName":"search_term_string"}}],"inLanguage":"es"},{"@type":"Organization","@id":"https:\/\/www.murphylawfirm.com\/#organization","name":"Bufete Murphy","alternateName":"Murphy Law Firm","url":"https:\/\/www.murphylawfirm.com\/","logo":{"@type":"ImageObject","inLanguage":"es","@id":"https:\/\/www.murphylawfirm.com\/#\/schema\/logo\/image\/","url":"https:\/\/www.murphylawfirm.com\/wp-content\/uploads\/2024\/05\/murphy.jpg","contentUrl":"https:\/\/www.murphylawfirm.com\/wp-content\/uploads\/2024\/05\/murphy.jpg","width":309,"height":79,"caption":"Murphy Law Firm"},"image":{"@id":"https:\/\/www.murphylawfirm.com\/#\/schema\/logo\/image\/"},"sameAs":["https:\/\/www.facebook.com\/MurphyLawFirm225\/","https:\/\/x.com\/murphylawfirm225","https:\/\/www.instagram.com\/murphylawfirm225\/","https:\/\/www.linkedin.com\/in\/murphy-law-firm-peyton-murphy\/","https:\/\/maps.app.goo.gl\/WCtGDyEwg1JYgwZ87","https:\/\/www.yelp.com\/biz\/murphy-law-firm-baton-rouge-3","https:\/\/www.mapquest.com\/us\/louisiana\/murphy-law-firm-284707425","https:\/\/www.lawinfo.com\/lawfirm\/louisiana\/baton-rouge\/murphy-law-firm-llc\/97a2f249-3b83-4255-b82a-f62955d76970.html","https:\/\/www.hg.org\/attorney\/murphy-law-firm-llc\/68580","https:\/\/lawyers.findlaw.com\/louisiana\/baton-rouge\/2388680_1\/","https:\/\/www.bbb.org\/us\/la\/baton-rouge\/profile\/lawyers\/murphy-law-firm-llc-0835-12003342","https:\/\/www.lawyers.com\/baton-rouge\/louisiana\/murphy-law-firm-42910679-f\/","https:\/\/nextdoor.com\/pages\/murphy-law-firm-llc\/","https:\/\/www.lawyer4criminaldefense.com\/criminal-defense-lawyers\/listing\/b637fd75d4bc11b1a32273b847ba8a37\/","https:\/\/www.expertise.com\/legal\/slip-and-fall-lawyers\/louisiana\/baton-rouge","https:\/\/www.youtube.com\/@MurphyLawFirmBatonRouge"]}]}},"_links":{"self":[{"href":"https:\/\/www.murphylawfirm.com\/es\/wp-json\/wp\/v2\/pages\/1209","targetHints":{"allow":["GET"]}}],"collection":[{"href":"https:\/\/www.murphylawfirm.com\/es\/wp-json\/wp\/v2\/pages"}],"about":[{"href":"https:\/\/www.murphylawfirm.com\/es\/wp-json\/wp\/v2\/types\/page"}],"author":[{"embeddable":true,"href":"https:\/\/www.murphylawfirm.com\/es\/wp-json\/wp\/v2\/users\/1"}],"replies":[{"embeddable":true,"href":"https:\/\/www.murphylawfirm.com\/es\/wp-json\/wp\/v2\/comments?post=1209"}],"version-history":[{"count":10,"href":"https:\/\/www.murphylawfirm.com\/es\/wp-json\/wp\/v2\/pages\/1209\/revisions"}],"predecessor-version":[{"id":6070,"href":"https:\/\/www.murphylawfirm.com\/es\/wp-json\/wp\/v2\/pages\/1209\/revisions\/6070"}],"wp:attachment":[{"href":"https:\/\/www.murphylawfirm.com\/es\/wp-json\/wp\/v2\/media?parent=1209"}],"curies":[{"name":"wp","href":"https:\/\/api.w.org\/{rel}","templated":true}]}}