{"id":171,"date":"2024-04-16T10:06:30","date_gmt":"2024-04-16T10:06:30","guid":{"rendered":"https:\/\/www.murphylawfirm.com\/?page_id=171"},"modified":"2026-04-23T05:23:04","modified_gmt":"2026-04-23T05:23:04","slug":"nuestro-equipo","status":"publish","type":"page","link":"https:\/\/www.murphylawfirm.com\/es\/our-team\/","title":{"rendered":"Nuestro equipo"},"content":{"rendered":"<h2>Conoce a nuestro equipo<\/h2>\n<h5>Abogados y personal<\/h5>\n<p>En Murphy Law Firm, trabajamos en equipo para ofrecerle la mejor representaci\u00f3n legal en Louisiana.<\/p>\n<p>Tenemos m\u00e1s de 150 a\u00f1os de experiencia combinada en litigios, \u00a1conf\u00ede en nuestra experiencia para luchar por usted! Peyton Murphy y nuestro equipo de abogados de lesiones personales se basa en Baton Rouge, pero servimos la mayor parte del sur Louisiana.<\/p>\n<div class=\"inr_btn\">\n<div class=\"inr-cmn_btn\"><a class=\"cmn-btn\" href=\"https:\/\/www.murphylawfirm.com\/es\/pongase-en-contacto-con\/\">Programar una consulta<\/a><\/div>\n<div class=\"inr-phn\"><a href=\"tel:2259288800\">Llame ahora (225) 928-8800<\/a><\/div>\n<\/div>\n<h3>Conozca a los abogados<\/h3>\n<div class=\"inn-attrnys-lst\">\n<div class=\"inn-attrny-itm anchr-itm\">\n<div class=\"hover\"><a href=\"https:\/\/www.murphylawfirm.com\/es\/nuestro-equipo\/peyton-murphy\/\">Peyton Murphy<\/a><\/div>\n<div class=\"inn-attrny-img\"><img loading=\"lazy\" decoding=\"async\" src=\"https:\/\/www.murphylawfirm.com\/wp-content\/uploads\/2025\/03\/hm-attrny-murphy-img-one.webp\" alt=\"Peyton Murphy\" width=\"350\" height=\"459\" \/><\/div>\n<div class=\"inn-attrny-cnt\">\n<h5>Peyton Murphy<\/h5>\n<h6>Abogado<\/h6>\n<\/div>\n<\/div>\n<div class=\"inn-attrny-itm anchr-itm\">\n<div class=\"hover\"><a href=\"https:\/\/www.murphylawfirm.com\/es\/nuestro-equipo\/troy-morain\/\">Troy Morain<\/a><\/div>\n<div class=\"inn-attrny-img\"><img loading=\"lazy\" decoding=\"async\" src=\"https:\/\/www.murphylawfirm.com\/wp-content\/uploads\/2025\/02\/hm-meet-troy-attrny-img.webp\" alt=\"Troy Morain\" width=\"350\" height=\"459\" \/><\/div>\n<div class=\"inn-attrny-cnt\">\n<h5>Troy Morain<\/h5>\n<h6>Abogado<\/h6>\n<\/div>\n<\/div>\n<div class=\"inn-attrny-itm anchr-itm\">\n<div class=\"hover\"><a href=\"https:\/\/www.murphylawfirm.com\/es\/nuestro-equipo\/brian-l-mccullough\/\">Brian L. McCullough<\/a><\/div>\n<div class=\"inn-attrny-img\"><img loading=\"lazy\" decoding=\"async\" src=\"https:\/\/www.murphylawfirm.com\/wp-content\/uploads\/2025\/02\/hm-meet-brian-attrny-img.webp\" alt=\"Brian L. McCullough\" width=\"350\" height=\"459\" \/><\/div>\n<div class=\"inn-attrny-cnt\">\n<h5>Brian L. McCullough<\/h5>\n<h6>Abogado<\/h6>\n<\/div>\n<\/div>\n<div class=\"inn-attrny-itm anchr-itm\">\n<div class=\"hover\"><a href=\"https:\/\/www.murphylawfirm.com\/es\/nuestro-equipo\/kacia-cook\/\">Kacia Cook<\/a><\/div>\n<div class=\"inn-attrny-img\"><img loading=\"lazy\" decoding=\"async\" src=\"https:\/\/www.murphylawfirm.com\/wp-content\/uploads\/2025\/03\/kacia-img-2.webp\" alt=\"Kacia Cook\" width=\"350\" height=\"459\" \/><\/div>\n<div class=\"inn-attrny-cnt\">\n<h5>Kacia Cook<\/h5>\n<h6>Abogado<\/h6>\n<\/div>\n<\/div>\n<\/div>\n<p><!--\n\n\n<div class=\"inn-attrny-itm anchr-itm\">\n\n\n<div class=\"hover\"><a href=\"https:\/\/www.murphylawfirm.com\/our-team\/nayomi\/\">Nayomi Link<\/a><\/div>\n\n\n\n\n<div class=\"inn-attrny-img\"><img loading=\"lazy\" decoding=\"async\" src=\"https:\/\/www.murphylawfirm.com\/wp-content\/uploads\/2025\/02\/nayomi-link-img.webp\" alt=\"Nayomi Link\" width=\"350\" height=\"459\" \/><\/div>\n\n\n\n\n<div class=\"inn-attrny-cnt\">\n\n\n<h5>Nayomi Link<\/h5>\n\n\n\n\n<h6>Attorney<\/h6>\n\n\n<\/div>\n\n\n<\/div>\n\n\n\n\n<h3>Meet The Staff<\/h3>\n\n\n\n\n<div class=\"inn-attrnys-lst\">\n\n\n<div class=\"inn-attrny-itm\">\n\n\n<div class=\"inn-attrny-img\"><img loading=\"lazy\" decoding=\"async\" src=\"https:\/\/www.murphylawfirm.com\/wp-content\/uploads\/2025\/03\/brooke-kinchen-img.webp\" alt=\"Brooke Kinchen\" width=\"350\" height=\"459\"><\/div>\n\n\n\n\n<div class=\"inn-attrny-cnt\">\n\n\n<h5>Brooke Kinchen<\/h5>\n\n\n\n\n<h6>Personal Injury Paralegal<\/h6>\n\n\n<\/div>\n\n\n<\/div>\n\n\n\n\n<div class=\"inn-attrny-itm\">\n\n\n<div class=\"inn-attrny-img\"><img loading=\"lazy\" decoding=\"async\" src=\"https:\/\/www.murphylawfirm.com\/wp-content\/uploads\/2025\/03\/lynne-kirby-img.webp\" alt=\"Lynne Kirby\" width=\"350\" height=\"459\"><\/div>\n\n\n\n\n<div class=\"inn-attrny-cnt\">\n\n\n<h5>Lynne Kirby<\/h5>\n\n\n\n\n<h6>Accountant\/HR<\/h6>\n\n\n<\/div>\n\n\n<\/div>\n\n\n\n\n<div class=\"inn-attrny-itm\">\n\n\n<div class=\"inn-attrny-img\"><img loading=\"lazy\" decoding=\"async\" src=\"https:\/\/www.murphylawfirm.com\/wp-content\/uploads\/2025\/03\/paul-mayon-img.webp\" alt=\"Paul Mayon\" width=\"350\" height=\"459\"><\/div>\n\n\n\n\n<div class=\"inn-attrny-cnt\">\n\n\n<h5>Paul Mayon<\/h5>\n\n\n\n\n<h6>Controller<\/h6>\n\n\n<\/div>\n\n\n<\/div>\n\n\n\n\n<div class=\"inn-attrny-itm\">\n\n\n<div class=\"inn-attrny-img\"><img loading=\"lazy\" decoding=\"async\" src=\"https:\/\/www.murphylawfirm.com\/wp-content\/uploads\/2025\/03\/nicole-lorio-img.webp\" alt=\"Nicole Lorio\" width=\"350\" height=\"459\"><\/div>\n\n\n\n\n<div class=\"inn-attrny-cnt\">\n\n\n<h5>Nicole Lorio<\/h5>\n\n\n\n\n<h6>Personal Injury Paralegal<\/h6>\n\n\n<\/div>\n\n\n<\/div>\n\n\n\n\n<div class=\"inn-attrny-itm\">\n\n\n<div class=\"inn-attrny-img\"><img loading=\"lazy\" decoding=\"async\" src=\"https:\/\/www.murphylawfirm.com\/wp-content\/uploads\/2025\/03\/denise-bonnette.webp\" alt=\"Denise Bonnette\" width=\"350\" height=\"459\"><\/div>\n\n\n\n\n<div class=\"inn-attrny-cnt\">\n\n\n<h5>Denise Bonnette<\/h5>\n\n\n\n\n<h6>Personal Injury Paralegal<\/h6>\n\n\n<\/div>\n\n\n<\/div>\n\n\n\n\n<div class=\"inn-attrny-itm\">\n\n\n<div class=\"inn-attrny-img\"><img loading=\"lazy\" decoding=\"async\" src=\"https:\/\/www.murphylawfirm.com\/wp-content\/uploads\/2025\/03\/jennifer-johnson-img.webp\" alt=\"Jennifer Johnson\" width=\"350\" height=\"459\"><\/div>\n\n\n\n\n<div class=\"inn-attrny-cnt\">\n\n\n<h5>Jennifer Johnson<\/h5>\n\n\n\n\n<h6>Personal Injury Paralegal<\/h6>\n\n\n<\/div>\n\n\n<\/div>\n\n\n\n\n<div class=\"inn-attrny-itm\">\n\n\n<div class=\"inn-attrny-img\"><img loading=\"lazy\" decoding=\"async\" src=\"https:\/\/www.murphylawfirm.com\/wp-content\/uploads\/2025\/03\/stacie-blade-img.webp\" alt=\"Stacie Blade\" width=\"350\" height=\"459\"><\/div>\n\n\n\n\n<div class=\"inn-attrny-cnt\">\n\n\n<h5>Stacie Blade<\/h5>\n\n\n\n\n<h6>Receptionist<\/h6>\n\n\n<\/div>\n\n\n<\/div>\n\n\n<\/div>\n\n\n--><\/p>\n<div class=\"cmn-box baton comn-box-full-width\">\n<h2>Necesita un aliado legal fuerte. <strong>Deje que Murphy Law Firm luche por usted.<\/strong><\/h2>\n<p>Murphy Law Firm proporciona m\u00e1s que representaci\u00f3n legal; ofrecemos apoyo inquebrantable y una b\u00fasqueda implacable de sus derechos.<br \/>\nObtenga el apoyo y la persecuci\u00f3n que se merece: inicie su caso hoy mismo.<\/p>\n<div class=\"inr_btn\">\n<div class=\"inr-cmn_btn\"><a class=\"cmn-btn\" href=\"https:\/\/www.murphylawfirm.com\/es\/pongase-en-contacto-con\/\">Programar una consulta<\/a><\/div>\n<div class=\"inr-phn\"><a href=\"tel:2259288800\">Llame ahora (225) 928-8800<\/a><\/div>\n<\/div>\n<\/div>","protected":false},"excerpt":{"rendered":"<p>Conoce a nuestro equipo: abogados y personal En Murphy Law Firm, trabajamos en equipo para ofrecerte la mejor representaci\u00f3n legal en Louisiana. Contamos con m\u00e1s de 150 a\u00f1os de experiencia combinada en litigios: \u00a1conf\u00eda en nuestra experiencia para luchar por ti! Peyton Murphy y nuestro equipo de abogados especializados en lesiones personales tienen su sede en Baton Rouge, pero prestamos servicios\u2026 <\/p>\n<p class=\"link-more\"><a href=\"https:\/\/www.murphylawfirm.com\/es\/our-team\/\" class=\"more-link\">Seguir leyendo<span class=\"screen-reader-text\"> &#8220;Our Team&#8221;<\/span><\/a><\/p>","protected":false},"author":1,"featured_media":0,"parent":0,"menu_order":0,"comment_status":"closed","ping_status":"closed","template":"template-parts\/our-team-page.php","meta":{"_acf_changed":false,"footnotes":""},"class_list":["post-171","page","type-page","status-publish","hentry","entry"],"acf":[],"yoast_head":"<!-- This site is optimized with the Yoast SEO plugin v27.4 - https:\/\/yoast.com\/product\/yoast-seo-wordpress\/ -->\n<title>Meet Our Team of Attorneys | Murphy Law Firm<\/title>\n<meta name=\"description\" content=\"Get to know the experienced attorneys and dedicated staff at Murphy Law Firm. We fight for justice for personal injury victims in Baton Rouge and Louisiana.\" \/>\n<meta name=\"robots\" content=\"index, follow, max-snippet:-1, max-image-preview:large, max-video-preview:-1\" \/>\n<link rel=\"canonical\" href=\"https:\/\/www.murphylawfirm.com\/es\/nuestro-equipo\/\" \/>\n<meta property=\"og:locale\" content=\"es_MX\" \/>\n<meta property=\"og:type\" content=\"article\" \/>\n<meta property=\"og:title\" content=\"Meet Our Team of Attorneys | Murphy Law Firm\" \/>\n<meta property=\"og:description\" content=\"Get to know the experienced attorneys and dedicated staff at Murphy Law Firm. We fight for justice for personal injury victims in Baton Rouge and Louisiana.\" \/>\n<meta property=\"og:url\" content=\"https:\/\/www.murphylawfirm.com\/es\/nuestro-equipo\/\" \/>\n<meta property=\"og:site_name\" content=\"Murphy Law Firm\" \/>\n<meta property=\"article:publisher\" content=\"https:\/\/www.facebook.com\/MurphyLawFirm225\/\" \/>\n<meta property=\"article:modified_time\" content=\"2026-04-23T05:23:04+00:00\" \/>\n<meta property=\"og:image\" content=\"https:\/\/www.murphylawfirm.com\/wp-content\/uploads\/2025\/03\/hm-attrny-murphy-img-one.webp\" \/>\n<meta name=\"twitter:card\" content=\"summary_large_image\" \/>\n<meta name=\"twitter:site\" content=\"@murphylawfirm225\" \/>\n<meta name=\"twitter:label1\" content=\"Tiempo de lectura\" \/>\n\t<meta name=\"twitter:data1\" content=\"2 minutos\" \/>\n<!-- \/ Yoast SEO plugin. -->","yoast_head_json":{"title":"Conozca a nuestro equipo de abogados | Murphy Law Firm","description":"Conozca a los abogados experimentados y el personal dedicado de Murphy Law Firm. Luchamos por la justicia para las v\u00edctimas de lesiones personales en Baton Rouge y Louisiana.","robots":{"index":"index","follow":"follow","max-snippet":"max-snippet:-1","max-image-preview":"max-image-preview:large","max-video-preview":"max-video-preview:-1"},"canonical":"https:\/\/www.murphylawfirm.com\/es\/nuestro-equipo\/","og_locale":"es_MX","og_type":"article","og_title":"Meet Our Team of Attorneys | Murphy Law Firm","og_description":"Get to know the experienced attorneys and dedicated staff at Murphy Law Firm. We fight for justice for personal injury victims in Baton Rouge and Louisiana.","og_url":"https:\/\/www.murphylawfirm.com\/es\/nuestro-equipo\/","og_site_name":"Murphy Law Firm","article_publisher":"https:\/\/www.facebook.com\/MurphyLawFirm225\/","article_modified_time":"2026-04-23T05:23:04+00:00","og_image":[{"url":"https:\/\/www.murphylawfirm.com\/wp-content\/uploads\/2025\/03\/hm-attrny-murphy-img-one.webp","type":"","width":"","height":""}],"twitter_card":"summary_large_image","twitter_site":"@murphylawfirm225","twitter_misc":{"Tiempo de lectura":"2 minutos"},"schema":{"@context":"https:\/\/schema.org","@graph":[{"@type":"WebPage","@id":"https:\/\/www.murphylawfirm.com\/our-team\/","url":"https:\/\/www.murphylawfirm.com\/our-team\/","name":"Conozca a nuestro equipo de abogados | Murphy Law Firm","isPartOf":{"@id":"https:\/\/www.murphylawfirm.com\/#website"},"primaryImageOfPage":{"@id":"https:\/\/www.murphylawfirm.com\/our-team\/#primaryimage"},"image":{"@id":"https:\/\/www.murphylawfirm.com\/our-team\/#primaryimage"},"thumbnailUrl":"https:\/\/www.murphylawfirm.com\/wp-content\/uploads\/2025\/03\/hm-attrny-murphy-img-one.webp","datePublished":"2024-04-16T10:06:30+00:00","dateModified":"2026-04-23T05:23:04+00:00","description":"Conozca a los abogados experimentados y el personal dedicado de Murphy Law Firm. Luchamos por la justicia para las v\u00edctimas de lesiones personales en Baton Rouge y Louisiana.","breadcrumb":{"@id":"https:\/\/www.murphylawfirm.com\/our-team\/#breadcrumb"},"inLanguage":"es","potentialAction":[{"@type":"ReadAction","target":["https:\/\/www.murphylawfirm.com\/our-team\/"]}]},{"@type":"ImageObject","inLanguage":"es","@id":"https:\/\/www.murphylawfirm.com\/our-team\/#primaryimage","url":"https:\/\/www.murphylawfirm.com\/wp-content\/uploads\/2025\/03\/hm-attrny-murphy-img-one.webp","contentUrl":"https:\/\/www.murphylawfirm.com\/wp-content\/uploads\/2025\/03\/hm-attrny-murphy-img-one.webp"},{"@type":"BreadcrumbList","@id":"https:\/\/www.murphylawfirm.com\/our-team\/#breadcrumb","itemListElement":[{"@type":"ListItem","position":1,"name":"Home","item":"https:\/\/www.murphylawfirm.com\/"},{"@type":"ListItem","position":2,"name":"Our Team"}]},{"@type":"WebSite","@id":"https:\/\/www.murphylawfirm.com\/#website","url":"https:\/\/www.murphylawfirm.com\/","name":"Bufete Murphy","description":"","publisher":{"@id":"https:\/\/www.murphylawfirm.com\/#organization"},"potentialAction":[{"@type":"SearchAction","target":{"@type":"EntryPoint","urlTemplate":"https:\/\/www.murphylawfirm.com\/?s={search_term_string}"},"query-input":{"@type":"PropertyValueSpecification","valueRequired":true,"valueName":"search_term_string"}}],"inLanguage":"es"},{"@type":"Organization","@id":"https:\/\/www.murphylawfirm.com\/#organization","name":"Bufete Murphy","alternateName":"Murphy Law Firm","url":"https:\/\/www.murphylawfirm.com\/","logo":{"@type":"ImageObject","inLanguage":"es","@id":"https:\/\/www.murphylawfirm.com\/#\/schema\/logo\/image\/","url":"https:\/\/www.murphylawfirm.com\/wp-content\/uploads\/2024\/05\/murphy.jpg","contentUrl":"https:\/\/www.murphylawfirm.com\/wp-content\/uploads\/2024\/05\/murphy.jpg","width":309,"height":79,"caption":"Murphy Law Firm"},"image":{"@id":"https:\/\/www.murphylawfirm.com\/#\/schema\/logo\/image\/"},"sameAs":["https:\/\/www.facebook.com\/MurphyLawFirm225\/","https:\/\/x.com\/murphylawfirm225","https:\/\/www.instagram.com\/murphylawfirm225\/","https:\/\/www.linkedin.com\/in\/murphy-law-firm-peyton-murphy\/","https:\/\/maps.app.goo.gl\/WCtGDyEwg1JYgwZ87","https:\/\/www.yelp.com\/biz\/murphy-law-firm-baton-rouge-3","https:\/\/www.mapquest.com\/us\/louisiana\/murphy-law-firm-284707425","https:\/\/www.lawinfo.com\/lawfirm\/louisiana\/baton-rouge\/murphy-law-firm-llc\/97a2f249-3b83-4255-b82a-f62955d76970.html","https:\/\/www.hg.org\/attorney\/murphy-law-firm-llc\/68580","https:\/\/lawyers.findlaw.com\/louisiana\/baton-rouge\/2388680_1\/","https:\/\/www.bbb.org\/us\/la\/baton-rouge\/profile\/lawyers\/murphy-law-firm-llc-0835-12003342","https:\/\/www.lawyers.com\/baton-rouge\/louisiana\/murphy-law-firm-42910679-f\/","https:\/\/nextdoor.com\/pages\/murphy-law-firm-llc\/","https:\/\/www.lawyer4criminaldefense.com\/criminal-defense-lawyers\/listing\/b637fd75d4bc11b1a32273b847ba8a37\/","https:\/\/www.expertise.com\/legal\/slip-and-fall-lawyers\/louisiana\/baton-rouge","https:\/\/www.youtube.com\/@MurphyLawFirmBatonRouge"]}]}},"_links":{"self":[{"href":"https:\/\/www.murphylawfirm.com\/es\/wp-json\/wp\/v2\/pages\/171","targetHints":{"allow":["GET"]}}],"collection":[{"href":"https:\/\/www.murphylawfirm.com\/es\/wp-json\/wp\/v2\/pages"}],"about":[{"href":"https:\/\/www.murphylawfirm.com\/es\/wp-json\/wp\/v2\/types\/page"}],"author":[{"embeddable":true,"href":"https:\/\/www.murphylawfirm.com\/es\/wp-json\/wp\/v2\/users\/1"}],"replies":[{"embeddable":true,"href":"https:\/\/www.murphylawfirm.com\/es\/wp-json\/wp\/v2\/comments?post=171"}],"version-history":[{"count":33,"href":"https:\/\/www.murphylawfirm.com\/es\/wp-json\/wp\/v2\/pages\/171\/revisions"}],"predecessor-version":[{"id":9511,"href":"https:\/\/www.murphylawfirm.com\/es\/wp-json\/wp\/v2\/pages\/171\/revisions\/9511"}],"wp:attachment":[{"href":"https:\/\/www.murphylawfirm.com\/es\/wp-json\/wp\/v2\/media?parent=171"}],"curies":[{"name":"wp","href":"https:\/\/api.w.org\/{rel}","templated":true}]}}