{"id":1837,"date":"2024-04-19T11:37:09","date_gmt":"2024-04-19T11:37:09","guid":{"rendered":"https:\/\/www.murphylawfirm.com\/?page_id=1837"},"modified":"2026-05-04T11:25:45","modified_gmt":"2026-05-04T11:25:45","slug":"baton-rouge-rv-y-remolque-accidente-abogado","status":"publish","type":"page","link":"https:\/\/www.murphylawfirm.com\/es\/baton-rouge-rv-and-trailer-accident-lawyer\/","title":{"rendered":"Baton Rouge Abogado de Accidentes de Autocaravanas y Remolques"},"content":{"rendered":"<div id=\"ez-toc-container\" class=\"ez-toc-v2_0_82_2 counter-hierarchy ez-toc-counter ez-toc-transparent ez-toc-container-direction\">\n<div class=\"ez-toc-title-container\">\n<p class=\"ez-toc-title ez-toc-toggle\" style=\"cursor:pointer\">\u00cdndice<\/p>\n<span class=\"ez-toc-title-toggle\"><a href=\"#\" class=\"ez-toc-pull-right ez-toc-btn ez-toc-btn-xs ez-toc-btn-default ez-toc-toggle\" aria-label=\"Toggle Table of Content\"><span class=\"ez-toc-js-icon-con\"><span class=\"\"><span class=\"eztoc-hide\" style=\"display:none;\">Toggle<\/span><span class=\"ez-toc-icon-toggle-span\"><svg style=\"fill: #999;color:#999\" xmlns=\"http:\/\/www.w3.org\/2000\/svg\" class=\"list-377408\" width=\"20px\" height=\"20px\" viewbox=\"0 0 24 24\" fill=\"none\"><path d=\"M6 6H4v2h2V6zm14 0H8v2h12V6zM4 11h2v2H4v-2zm16 0H8v2h12v-2zM4 16h2v2H4v-2zm16 0H8v2h12v-2z\" fill=\"currentColor\"><\/path><\/svg><svg style=\"fill: #999;color:#999\" class=\"arrow-unsorted-368013\" xmlns=\"http:\/\/www.w3.org\/2000\/svg\" width=\"10px\" height=\"10px\" viewbox=\"0 0 24 24\" version=\"1.2\" baseprofile=\"tiny\"><path d=\"M18.2 9.3l-6.2-6.3-6.2 6.3c-.2.2-.3.4-.3.7s.1.5.3.7c.2.2.4.3.7.3h11c.3 0 .5-.1.7-.3.2-.2.3-.5.3-.7s-.1-.5-.3-.7zM5.8 14.7l6.2 6.3 6.2-6.3c.2-.2.3-.5.3-.7s-.1-.5-.3-.7c-.2-.2-.4-.3-.7-.3h-11c-.3 0-.5.1-.7.3-.2.2-.3.5-.3.7s.1.5.3.7z\"\/><\/svg><\/span><\/span><\/span><\/a><\/span><\/div>\n<nav><ul class='ez-toc-list ez-toc-list-level-1 eztoc-toggle-hide-by-default' ><li class='ez-toc-page-1 ez-toc-heading-level-2'><a class=\"ez-toc-link ez-toc-heading-1\" href=\"https:\/\/www.murphylawfirm.com\/es\/baton-rouge-rv-and-trailer-accident-lawyer\/#rv-and-trailer-accident-attorney-in-baton-rouge-la\" >RV and Trailer Accident Attorney in Baton Rouge, LA<\/a><\/li><li class='ez-toc-page-1 ez-toc-heading-level-2'><a class=\"ez-toc-link ez-toc-heading-2\" href=\"https:\/\/www.murphylawfirm.com\/es\/baton-rouge-rv-and-trailer-accident-lawyer\/#protecting-your-interests-at-murphy-law-firm\" >Protecting Your Interests at Murphy Law Firm<\/a><\/li><li class='ez-toc-page-1 ez-toc-heading-level-2'><a class=\"ez-toc-link ez-toc-heading-3\" href=\"https:\/\/www.murphylawfirm.com\/es\/baton-rouge-rv-and-trailer-accident-lawyer\/#common-causes-of-rv-and-trailer-accidents\" >Common Causes of RV and Trailer Accidents<\/a><\/li><li class='ez-toc-page-1 ez-toc-heading-level-2'><a class=\"ez-toc-link ez-toc-heading-4\" href=\"https:\/\/www.murphylawfirm.com\/es\/baton-rouge-rv-and-trailer-accident-lawyer\/#how-our-team-helps-with-the-insurance-company-agent\" >How Our Team Helps With the Insurance Company Agent<\/a><\/li><li class='ez-toc-page-1 ez-toc-heading-level-2'><a class=\"ez-toc-link ez-toc-heading-5\" href=\"https:\/\/www.murphylawfirm.com\/es\/baton-rouge-rv-and-trailer-accident-lawyer\/#common-injuries-in-rv-accidents-in-baton-rouge\" >Common Injuries in RV Accidents in Baton Rouge<\/a><\/li><li class='ez-toc-page-1 ez-toc-heading-level-2'><a class=\"ez-toc-link ez-toc-heading-6\" href=\"https:\/\/www.murphylawfirm.com\/es\/baton-rouge-rv-and-trailer-accident-lawyer\/#our-trailer-and-rv-accident-attorneys-can-help-you-recover-compensation\" >Our Trailer and RV Accident Attorneys Can Help You Recover Compensation<\/a><\/li><li class='ez-toc-page-1 ez-toc-heading-level-2'><a class=\"ez-toc-link ez-toc-heading-7\" href=\"https:\/\/www.murphylawfirm.com\/es\/baton-rouge-rv-and-trailer-accident-lawyer\/#louisiana-rv-trailer-accident-laws\" >Louisiana leyes de accidentes de autocaravanas y remolques<\/a><\/li><li class='ez-toc-page-1 ez-toc-heading-level-2'><a class=\"ez-toc-link ez-toc-heading-8\" href=\"https:\/\/www.murphylawfirm.com\/es\/baton-rouge-rv-and-trailer-accident-lawyer\/#faqs\" >Preguntas frecuentes<\/a><ul class='ez-toc-list-level-3' ><li class='ez-toc-heading-level-3'><a class=\"ez-toc-link ez-toc-heading-9\" href=\"https:\/\/www.murphylawfirm.com\/es\/baton-rouge-rv-and-trailer-accident-lawyer\/#q-what-is-the-three-collision-rule-in-vehicle-accidents\" >Q: What Is the Three-Collision Rule in Vehicle Accidents?<\/a><\/li><li class='ez-toc-page-1 ez-toc-heading-level-3'><a class=\"ez-toc-link ez-toc-heading-10\" href=\"https:\/\/www.murphylawfirm.com\/es\/baton-rouge-rv-and-trailer-accident-lawyer\/#q-who-is-liable-for-an-rv-and-trailer-accident\" >Q: Who Is Liable for an RV and Trailer Accident?<\/a><\/li><li class='ez-toc-page-1 ez-toc-heading-level-3'><a class=\"ez-toc-link ez-toc-heading-11\" href=\"https:\/\/www.murphylawfirm.com\/es\/baton-rouge-rv-and-trailer-accident-lawyer\/#q-why-do-you-need-to-hire-an-rv-and-trailer-accident-lawyer-in-baton-rouge\" >Q: Why Do You Need to Hire an RV and Trailer Accident Lawyer in Baton Rouge?<\/a><\/li><li class='ez-toc-page-1 ez-toc-heading-level-3'><a class=\"ez-toc-link ez-toc-heading-12\" href=\"https:\/\/www.murphylawfirm.com\/es\/baton-rouge-rv-and-trailer-accident-lawyer\/#q-what-should-you-do-after-an-rv-accident\" >Q: What Should You Do After an RV Accident?<\/a><\/li><\/ul><\/li><li class='ez-toc-page-1 ez-toc-heading-level-2'><a class=\"ez-toc-link ez-toc-heading-13\" href=\"https:\/\/www.murphylawfirm.com\/es\/baton-rouge-rv-and-trailer-accident-lawyer\/#baton-rouge-rv-and-trailer-accident-lawyer\" >Baton Rouge Abogado de Accidentes de Autocaravanas y Remolques<\/a><\/li><\/ul><\/nav><\/div>\n<h2><span class=\"ez-toc-section\" id=\"rv-and-trailer-accident-attorney-in-baton-rouge-la\"><\/span>RV and Trailer Accident Attorney in Baton Rouge, LA<span class=\"ez-toc-section-end\"><\/span><\/h2>\n<p>Al igual que los camiones de 18 ruedas y otros veh\u00edculos comerciales, los veh\u00edculos recreativos (RV) y los veh\u00edculos con remolque crean un enorme riesgo para los conductores. Debido a su tama\u00f1o y peso, los accidentes de veh\u00edculos recreativos y veh\u00edculos con remolque suelen provocar lesiones graves o la muerte por negligencia de los implicados. Si ha sufrido heridas graves o ha perdido a un ser querido en un accidente de autocaravana o veh\u00edculo con remolque, busque atenci\u00f3n m\u00e9dica inmediatamente. A continuaci\u00f3n, llame a un <a href=\"https:\/\/www.murphylawfirm.com\/es\/nuestro-equipo\/\">equipo de abogados de lesiones personales<\/a>.<\/p>\n<h2><span class=\"ez-toc-section\" id=\"protecting-your-interests-at-murphy-law-firm\"><\/span>Protecting Your Interests at Murphy Law Firm<span class=\"ez-toc-section-end\"><\/span><\/h2>\n<p>En<a href=\"https:\/\/www.murphylawfirm.com\/es\/por-que-elegirnos\/\"> Bufete Murphy<\/a>, we represent injured clients and the families of those who have died in RV and trailer incidents throughout Louisiana. For nearly 150 combined years, our Baton Rouge trailer accident lawyers have offered high-quality legal representation backed by a commitment to aggressive litigation services personally tailored to each client\u2019s individual needs.<\/p>\n<p>The aftermath of these crashes can be devastating, and our team wants to help you get the financial recovery you deserve. We handle all types of RV collisions, including those involving<a href=\"https:\/\/www.murphylawfirm.com\/es\/baton-rouge-abogado-de-accidente-de-coche\/\"> passenger cars<\/a> o<a href=\"https:\/\/www.murphylawfirm.com\/es\/baton-rouge-abogado-de-accidente-de-bicicleta\/\"> ciclistas<\/a>.<\/p>\n<h2><span class=\"ez-toc-section\" id=\"common-causes-of-rv-and-trailer-accidents\"><\/span>Common Causes of RV and Trailer Accidents<span class=\"ez-toc-section-end\"><\/span><\/h2>\n<p>RV and trailer accidents most often happen because of the negligence of a driver, but can also happen because of the negligence of road maintenance agencies or car parts manufacturers. In the US in 2023, there were<a href=\"https:\/\/www-fars.nhtsa.dot.gov\/vehicles\/vehiclesallvehicles.aspx\"> 47 fatal accidents<\/a> involving motorhomes. In 2025, there were<a href=\"https:\/\/cartsdashboardserver.lsu.edu\/t\/CARTS\/views\/SectionH-Dashboard\/SectionH-Dashboard?:embed=y&amp;:display_count=n&amp;:showAppBanner=false&amp;:origin=viz_share_link&amp;:linktarget=_self&amp;:showVizHome=n\"> 12 accidents<\/a> in East Baton Rouge Parish that involved motor homes, two of which were suspected injury accidents.<\/p>\n<p><strong>RV and trailer accidents might be caused by:<\/strong><\/p>\n<ul>\n<li><strong>Detaching trailers.<\/strong> This may be the fault of the owner or of a faulty hitch.<\/li>\n<li><strong>Jackknife accidents.<\/strong> This occurs when the trailer swings in front of the vehicle, which can happen from improper driving, bad weather, poor trailer design, or improper cargo loading.<\/li>\n<li><strong>Improper training or inexperienced drivers<\/strong>. Lacking proper training and procedures can lead to a multitude of neglectful actions.<\/li>\n<li><strong>Aver\u00edas en los veh\u00edculos.<\/strong> From brake failure to blown-out tires or other failures caused by defective parts or poor maintenance because of driver or company neglect.<\/li>\n<li><strong>Improper cargo loading<\/strong>. From the driver to the load crew, improper loads can cause cargo spills or even rollovers.<\/li>\n<li><strong>Reckless and careless driving<\/strong>. This includes speeding, distracted driving, brake checking, tailgating, and other moving violations.<\/li>\n<li><strong>Conducir en estado de ebriedad<\/strong>. Whether by drugs, alcohol, prescription medication, or even exhaustion, can reduce reaction times.<\/li>\n<\/ul>\n<p>Determining the cause of the accident is important to assess whose negligence led to the accident and who can be held liable in a claim. When you are hurt because another party was careless, breaching their duty of care to you and causing the accident, you can file a claim against them. This claim could partially or fully recover the costs of your injuries and other losses.<\/p>\n<p>Most vehicle accidents are filed through insurance claims, but you could file a civil claim for damages. These claims are generally handled through the 19th Judicial District Court in Baton Rouge.<\/p>\n<h2><span class=\"ez-toc-section\" id=\"how-our-team-helps-with-the-insurance-company-agent\"><\/span>How Our Team Helps With the Insurance Company Agent<span class=\"ez-toc-section-end\"><\/span><\/h2>\n<p>Don\u2019t be a victim twice. The insurance company will almost certainly try to minimize or deny the total costs of your injuries. You can trust our trailer accident lawyers to advocate for what you deserve. We have experience handling insurance companies and will defend your right to full and fair compensation. <strong>We have a wealth of experience handling RV and trailer accidents that include:<\/strong><\/p>\n<ul>\n<li>Accidentes de veh\u00edculos recreativos con pasajeros heridos<\/li>\n<li>Accidentes causados por el uso del m\u00f3vil<\/li>\n<li>Colisiones por alcance<\/li>\n<li><a href=\"https:\/\/www.murphylawfirm.com\/es\/baton-rouge-abogado-de-accidente-de-conducir-ebrio\/\">Conducci\u00f3n bajo los efectos del alcohol<\/a> accidentes<\/li>\n<li><a href=\"https:\/\/www.murphylawfirm.com\/es\/baton-rouge-abogado-de-muerte-injusta\/\">Muerte por negligencia<\/a><\/li>\n<\/ul>\n<h2><span class=\"ez-toc-section\" id=\"common-injuries-in-rv-accidents-in-baton-rouge\"><\/span>Common Injuries in RV Accidents in Baton Rouge<span class=\"ez-toc-section-end\"><\/span><\/h2>\n<p>RV and trailer accidents in Baton Rouge are more likely to cause severe injuries because of the size and weight of the vehicles. These collisions also tend to become multi-vehicle accidents or pileups, greatly worsening the damage caused. <strong>They can result in injuries like:<\/strong><\/p>\n<ul>\n<li>Laceraciones<\/li>\n<li>Esguinces y distensiones<\/li>\n<li>Concussions and other traumatic brain injuries<\/li>\n<li>Fracturas \u00f3seas<\/li>\n<li>Whiplash and other spinal cord damage<\/li>\n<li>Lesiones por aplastamiento<\/li>\n<li>Hemorragia interna<\/li>\n<li>Da\u00f1os en \u00f3rganos internos y p\u00e9rdida de funciones<\/li>\n<li>Par\u00e1lisis total o parcial<\/li>\n<li>Limb loss and amputation<\/li>\n<li>Muerte por negligencia<\/li>\n<\/ul>\n<p>Some of these injuries can cause long-term or permanent complications in your life. A claim exists to help recover some of the damages caused by your injuries, from immediate bills to the costs of future complications and rehabilitative care. You shouldn&#8217;t have to navigate this claim or negotiate with insurers by yourself while trying to heal. The support of an attorney makes it easier to file your claim.<\/p>\n<h2><span class=\"ez-toc-section\" id=\"our-trailer-and-rv-accident-attorneys-can-help-you-recover-compensation\"><\/span>Our Trailer and RV Accident Attorneys Can Help You Recover Compensation<span class=\"ez-toc-section-end\"><\/span><\/h2>\n<p>Similar a un<a href=\"https:\/\/www.murphylawfirm.com\/es\/baton-rouge-abogado-de-accidente-de-camion\/\"> accidente de cami\u00f3n<\/a>, the consequences of a trailer or RV collision can be devastating. <strong>Such incidents typically lead to extensive damage, such as:<\/strong><\/p>\n<ul>\n<li>Severe physical injuries, including broken bones and traumatic brain injuries<\/li>\n<li>Emotional trauma, like post-traumatic stress disorder and anxiety<\/li>\n<li>Property damage, such as totaled vehicles and damaged personal belongings<\/li>\n<li>Loss of income when you are unable to work due to injuries or loss of a job<\/li>\n<li>Medical expenses, such as hospital bills, surgeries, and long-term care<\/li>\n<li>Pain and suffering, including ongoing physical discomfort, emotional distress<\/li>\n<\/ul>\n<div class=\"accsec-ritcnt accordion\">\n<h2><span class=\"ez-toc-section\" id=\"louisiana-rv-trailer-accident-laws\"><\/span>Louisiana leyes de accidentes de autocaravanas y remolques<span class=\"ez-toc-section-end\"><\/span><\/h2>\n<div class=\"accordion-section\">\n<h4><a class=\"accordion-section-title\" href=\"#accordion-1\">Louisiana Regla \"No paga, no juega<\/a><\/h4>\n<div id=\"accordion-1\" class=\"accordion-section-content\" style=\"display: none;\">Louisiana law requires that all drivers carry car insurance with a certain level of liability coverage. If a driver fails to carry that insurance, they can face consequences. If that driver is involved in a vehicle collision, the No Pay No Play law prevents them from recovering compensation for their damages up to a certain amount.<\/div>\n<\/div>\n<div class=\"accordion-section\">\n<h4><a class=\"accordion-section-title\" href=\"#accordion-2\">Estatuto de culpa comparativa - Art\u00edculo 2323<\/a><\/h4>\n<div id=\"accordion-2\" class=\"accordion-section-content\">\n<p>Under comparative fault laws, each party who is partially liable for the accident is responsible for their portion of the damages. If you are partially at fault, this can affect the compensation you receive in an RV and trailer accident.<\/p>\n<p>If you are 50% or less at fault, you can still recover damages, but they will be limited by the percentage you are at fault. For example, if you were 25% liable, your compensation would be reduced by 25%.<\/p>\n<p>If you are 51% or more liable, you will be barred from financial recovery for your injuries. It\u2019s crucial to work with an attorney to work against claims of partial fault. An attorney can gather evidence and work to reduce the amount you are found at fault, increasing the compensation you can recover.<\/p>\n<\/div>\n<\/div>\n<\/div>\n<h2><span class=\"ez-toc-section\" id=\"faqs\"><\/span>Preguntas frecuentes<span class=\"ez-toc-section-end\"><\/span><\/h2>\n<h3><span class=\"ez-toc-section\" id=\"q-what-is-the-three-collision-rule-in-vehicle-accidents\"><\/span>Q: What Is the Three-Collision Rule in Vehicle Accidents?<span class=\"ez-toc-section-end\"><\/span><\/h3>\n<p><strong>A:<\/strong> The three-collision rule in vehicle accidents refers to the three collisions that happen within every vehicle collision. First, there is the exterior collision of the vehicle with another object or vehicle. Then, the passengers collided with the inside of the vehicle. Finally, internal organs collide with the inside of an occupant\u2019s body. These three collisions are much more severe in major accidents, like those involving RVs and trailers.<\/p>\n<h3><span class=\"ez-toc-section\" id=\"q-who-is-liable-for-an-rv-and-trailer-accident\"><\/span>Q: Who Is Liable for an RV and Trailer Accident?<span class=\"ez-toc-section-end\"><\/span><\/h3>\n<p><strong>A:<\/strong> Every RV and trailer accident is different, and it takes a complete investigation to determine the party or parties at fault. One of the involved drivers is often liable, although multiple drivers might share liability. Also, third parties might be liable. This includes the manufacturer of a defective vehicle part or the owner of the RV who failed to maintain it. When these acts of negligence lead to an accident, this likely means that the party can be held liable.<\/p>\n<h3><span class=\"ez-toc-section\" id=\"q-why-do-you-need-to-hire-an-rv-and-trailer-accident-lawyer-in-baton-rouge\"><\/span>Q: Why Do You Need to Hire an RV and Trailer Accident Lawyer in Baton Rouge?<span class=\"ez-toc-section-end\"><\/span><\/h3>\n<p><strong>A:<\/strong> It&#8217;s important to hire an RV and trailer accident lawyer in Baton Rouge to protect your financial interests and help you recover the full compensation possible. An attorney can determine how your accident happened, gather evidence from the scene, and assess which party is liable for the crash. They add up your damages, negotiate for a fair settlement, and file your case in civil court if needed.<\/p>\n<h3><span class=\"ez-toc-section\" id=\"q-what-should-you-do-after-an-rv-accident\"><\/span>Q: What Should You Do After an RV Accident?<span class=\"ez-toc-section-end\"><\/span><\/h3>\n<p><strong>A:<\/strong> After an RV accident, you should get yourself and others to safety near the crash and report the accident and any injuries. Wait for emergency responders to arrive and receive medical treatment when they do. Provide a police report when prompted, being honest but not speculating about how the accident happened. Do not leave the scene of the accident unless medical responders take you to a hospital. Document the scene and exchange contact information with others if you can.<\/p>\n<h2><span class=\"ez-toc-section\" id=\"baton-rouge-rv-and-trailer-accident-lawyer\"><\/span>Baton Rouge Abogado de Accidentes de Autocaravanas y Remolques<span class=\"ez-toc-section-end\"><\/span><\/h2>\n<p>You don\u2019t have to handle this difficult situation alone. Contact us, and an experienced RV accident or<a href=\"https:\/\/www.murphylawfirm.com\/es\/baton-rouge-abogado-de-accidente-de-coche\/\"> accidente de coche abogado<\/a> from our team can guide you through the process and protect your rights. We can help you secure the compensation you need to recover and rebuild your life.<a href=\"https:\/\/www.murphylawfirm.com\/es\/pongase-en-contacto-con\/\"> P\u00f3ngase en contacto con nosotros<\/a> para concertar una consulta gratuita.<\/p>","protected":false},"excerpt":{"rendered":"<p>RV and Trailer Accident Attorney in Baton Rouge, LA Like 18-wheelers and other commercial trucking vehicles, recreational vehicles (RVs) and vehicles with trailers create a tremendous risk for the driving public. Because of their size and weight, RV and trailer accidents usually result in critical injuries or the wrongful death of those involved. If you &hellip; <\/p>\n<p class=\"link-more\"><a href=\"https:\/\/www.murphylawfirm.com\/es\/baton-rouge-rv-and-trailer-accident-lawyer\/\" class=\"more-link\">Seguir leyendo<span class=\"screen-reader-text\"> &#8220;Baton Rouge RV and Trailer Accident Lawyer&#8221;<\/span><\/a><\/p>","protected":false},"author":1,"featured_media":0,"parent":0,"menu_order":0,"comment_status":"closed","ping_status":"closed","template":"","meta":{"_acf_changed":false,"footnotes":""},"class_list":["post-1837","page","type-page","status-publish","hentry","entry"],"acf":[],"yoast_head":"<!-- This site is optimized with the Yoast SEO plugin v27.4 - https:\/\/yoast.com\/product\/yoast-seo-wordpress\/ -->\n<title>Baton Rouge RV and Trailer Accident Lawyer - Free Consultation<\/title>\n<meta name=\"description\" content=\"In need of a Baton Rouge RV Accident Lawyer? Murphy Law Firm specializes in RV, trailer accident cases, offering expert legal representation. Free consultation.\" \/>\n<meta name=\"robots\" content=\"index, follow, max-snippet:-1, max-image-preview:large, max-video-preview:-1\" \/>\n<link rel=\"canonical\" href=\"https:\/\/www.murphylawfirm.com\/es\/baton-rouge-rv-y-remolque-accidente-abogado\/\" \/>\n<meta property=\"og:locale\" content=\"es_MX\" \/>\n<meta property=\"og:type\" content=\"article\" \/>\n<meta property=\"og:title\" content=\"Baton Rouge RV and Trailer Accident Lawyer - Free Consultation\" \/>\n<meta property=\"og:description\" content=\"In need of a Baton Rouge RV Accident Lawyer? Murphy Law Firm specializes in RV, trailer accident cases, offering expert legal representation. Free consultation.\" \/>\n<meta property=\"og:url\" content=\"https:\/\/www.murphylawfirm.com\/es\/baton-rouge-rv-y-remolque-accidente-abogado\/\" \/>\n<meta property=\"og:site_name\" content=\"Murphy Law Firm\" \/>\n<meta property=\"article:publisher\" content=\"https:\/\/www.facebook.com\/MurphyLawFirm225\/\" \/>\n<meta property=\"article:modified_time\" content=\"2026-05-04T11:25:45+00:00\" \/>\n<meta name=\"twitter:card\" content=\"summary_large_image\" \/>\n<meta name=\"twitter:site\" content=\"@murphylawfirm225\" \/>\n<meta name=\"twitter:label1\" content=\"Tiempo de lectura\" \/>\n\t<meta name=\"twitter:data1\" content=\"7 minutos\" \/>\n<!-- \/ Yoast SEO plugin. -->","yoast_head_json":{"title":"Baton Rouge RV y Remolque Abogado Accidente - Consulta Gratuita","description":"\u00bfNecesita un abogado de accidentes de RV Baton Rouge? Murphy Law Firm se especializa en casos de accidentes de RV, remolque, ofreciendo representaci\u00f3n legal experta. Consulta gratuita.","robots":{"index":"index","follow":"follow","max-snippet":"max-snippet:-1","max-image-preview":"max-image-preview:large","max-video-preview":"max-video-preview:-1"},"canonical":"https:\/\/www.murphylawfirm.com\/es\/baton-rouge-rv-y-remolque-accidente-abogado\/","og_locale":"es_MX","og_type":"article","og_title":"Baton Rouge RV and Trailer Accident Lawyer - Free Consultation","og_description":"In need of a Baton Rouge RV Accident Lawyer? Murphy Law Firm specializes in RV, trailer accident cases, offering expert legal representation. Free consultation.","og_url":"https:\/\/www.murphylawfirm.com\/es\/baton-rouge-rv-y-remolque-accidente-abogado\/","og_site_name":"Murphy Law Firm","article_publisher":"https:\/\/www.facebook.com\/MurphyLawFirm225\/","article_modified_time":"2026-05-04T11:25:45+00:00","twitter_card":"summary_large_image","twitter_site":"@murphylawfirm225","twitter_misc":{"Tiempo de lectura":"7 minutos"},"schema":{"@context":"https:\/\/schema.org","@graph":[{"@type":"WebPage","@id":"https:\/\/www.murphylawfirm.com\/baton-rouge-rv-and-trailer-accident-lawyer\/","url":"https:\/\/www.murphylawfirm.com\/baton-rouge-rv-and-trailer-accident-lawyer\/","name":"Baton Rouge RV y Remolque Abogado Accidente - Consulta Gratuita","isPartOf":{"@id":"https:\/\/www.murphylawfirm.com\/#website"},"datePublished":"2024-04-19T11:37:09+00:00","dateModified":"2026-05-04T11:25:45+00:00","description":"\u00bfNecesita un abogado de accidentes de RV Baton Rouge? Murphy Law Firm se especializa en casos de accidentes de RV, remolque, ofreciendo representaci\u00f3n legal experta. Consulta gratuita.","breadcrumb":{"@id":"https:\/\/www.murphylawfirm.com\/baton-rouge-rv-and-trailer-accident-lawyer\/#breadcrumb"},"inLanguage":"es","potentialAction":[{"@type":"ReadAction","target":["https:\/\/www.murphylawfirm.com\/baton-rouge-rv-and-trailer-accident-lawyer\/"]}]},{"@type":"BreadcrumbList","@id":"https:\/\/www.murphylawfirm.com\/baton-rouge-rv-and-trailer-accident-lawyer\/#breadcrumb","itemListElement":[{"@type":"ListItem","position":1,"name":"Home","item":"https:\/\/www.murphylawfirm.com\/"},{"@type":"ListItem","position":2,"name":"Baton Rouge RV and Trailer Accident Lawyer"}]},{"@type":"WebSite","@id":"https:\/\/www.murphylawfirm.com\/#website","url":"https:\/\/www.murphylawfirm.com\/","name":"Bufete Murphy","description":"","publisher":{"@id":"https:\/\/www.murphylawfirm.com\/#organization"},"potentialAction":[{"@type":"SearchAction","target":{"@type":"EntryPoint","urlTemplate":"https:\/\/www.murphylawfirm.com\/?s={search_term_string}"},"query-input":{"@type":"PropertyValueSpecification","valueRequired":true,"valueName":"search_term_string"}}],"inLanguage":"es"},{"@type":"Organization","@id":"https:\/\/www.murphylawfirm.com\/#organization","name":"Bufete Murphy","alternateName":"Murphy Law Firm","url":"https:\/\/www.murphylawfirm.com\/","logo":{"@type":"ImageObject","inLanguage":"es","@id":"https:\/\/www.murphylawfirm.com\/#\/schema\/logo\/image\/","url":"https:\/\/www.murphylawfirm.com\/wp-content\/uploads\/2024\/05\/murphy.jpg","contentUrl":"https:\/\/www.murphylawfirm.com\/wp-content\/uploads\/2024\/05\/murphy.jpg","width":309,"height":79,"caption":"Murphy Law Firm"},"image":{"@id":"https:\/\/www.murphylawfirm.com\/#\/schema\/logo\/image\/"},"sameAs":["https:\/\/www.facebook.com\/MurphyLawFirm225\/","https:\/\/x.com\/murphylawfirm225","https:\/\/www.instagram.com\/murphylawfirm225\/","https:\/\/www.linkedin.com\/in\/murphy-law-firm-peyton-murphy\/","https:\/\/maps.app.goo.gl\/WCtGDyEwg1JYgwZ87","https:\/\/www.yelp.com\/biz\/murphy-law-firm-baton-rouge-3","https:\/\/www.mapquest.com\/us\/louisiana\/murphy-law-firm-284707425","https:\/\/www.lawinfo.com\/lawfirm\/louisiana\/baton-rouge\/murphy-law-firm-llc\/97a2f249-3b83-4255-b82a-f62955d76970.html","https:\/\/www.hg.org\/attorney\/murphy-law-firm-llc\/68580","https:\/\/lawyers.findlaw.com\/louisiana\/baton-rouge\/2388680_1\/","https:\/\/www.bbb.org\/us\/la\/baton-rouge\/profile\/lawyers\/murphy-law-firm-llc-0835-12003342","https:\/\/www.lawyers.com\/baton-rouge\/louisiana\/murphy-law-firm-42910679-f\/","https:\/\/nextdoor.com\/pages\/murphy-law-firm-llc\/","https:\/\/www.lawyer4criminaldefense.com\/criminal-defense-lawyers\/listing\/b637fd75d4bc11b1a32273b847ba8a37\/","https:\/\/www.expertise.com\/legal\/slip-and-fall-lawyers\/louisiana\/baton-rouge","https:\/\/www.youtube.com\/@MurphyLawFirmBatonRouge"]}]}},"_links":{"self":[{"href":"https:\/\/www.murphylawfirm.com\/es\/wp-json\/wp\/v2\/pages\/1837","targetHints":{"allow":["GET"]}}],"collection":[{"href":"https:\/\/www.murphylawfirm.com\/es\/wp-json\/wp\/v2\/pages"}],"about":[{"href":"https:\/\/www.murphylawfirm.com\/es\/wp-json\/wp\/v2\/types\/page"}],"author":[{"embeddable":true,"href":"https:\/\/www.murphylawfirm.com\/es\/wp-json\/wp\/v2\/users\/1"}],"replies":[{"embeddable":true,"href":"https:\/\/www.murphylawfirm.com\/es\/wp-json\/wp\/v2\/comments?post=1837"}],"version-history":[{"count":12,"href":"https:\/\/www.murphylawfirm.com\/es\/wp-json\/wp\/v2\/pages\/1837\/revisions"}],"predecessor-version":[{"id":9534,"href":"https:\/\/www.murphylawfirm.com\/es\/wp-json\/wp\/v2\/pages\/1837\/revisions\/9534"}],"wp:attachment":[{"href":"https:\/\/www.murphylawfirm.com\/es\/wp-json\/wp\/v2\/media?parent=1837"}],"curies":[{"name":"wp","href":"https:\/\/api.w.org\/{rel}","templated":true}]}}