{"id":2589,"date":"2024-07-01T13:15:55","date_gmt":"2024-07-01T13:15:55","guid":{"rendered":"https:\/\/www.murphylawfirm.com\/?page_id=2589"},"modified":"2026-03-12T14:50:43","modified_gmt":"2026-03-12T14:50:43","slug":"abogado-de-accidentes-de-autobus-escolar-en-louisiana","status":"publish","type":"page","link":"https:\/\/www.murphylawfirm.com\/es\/louisiana-school-bus-accident-lawyer\/","title":{"rendered":"Louisiana Abogado Accidente Autob\u00fas Escolar"},"content":{"rendered":"<div id=\"ez-toc-container\" class=\"ez-toc-v2_0_83 counter-hierarchy ez-toc-counter ez-toc-transparent ez-toc-container-direction\">\n<div class=\"ez-toc-title-container\">\n<p class=\"ez-toc-title ez-toc-toggle\" style=\"cursor:pointer\">\u00cdndice<\/p>\n<span class=\"ez-toc-title-toggle\"><a href=\"#\" class=\"ez-toc-pull-right ez-toc-btn ez-toc-btn-xs ez-toc-btn-default ez-toc-toggle\" aria-label=\"Toggle Table of Content\"><span class=\"ez-toc-js-icon-con\"><span class=\"\"><span class=\"eztoc-hide\" style=\"display:none;\">Toggle<\/span><span class=\"ez-toc-icon-toggle-span\"><svg style=\"fill: #999;color:#999\" xmlns=\"http:\/\/www.w3.org\/2000\/svg\" class=\"list-377408\" width=\"20px\" height=\"20px\" viewbox=\"0 0 24 24\" fill=\"none\"><path d=\"M6 6H4v2h2V6zm14 0H8v2h12V6zM4 11h2v2H4v-2zm16 0H8v2h12v-2zM4 16h2v2H4v-2zm16 0H8v2h12v-2z\" fill=\"currentColor\"><\/path><\/svg><svg style=\"fill: #999;color:#999\" class=\"arrow-unsorted-368013\" xmlns=\"http:\/\/www.w3.org\/2000\/svg\" width=\"10px\" height=\"10px\" viewbox=\"0 0 24 24\" version=\"1.2\" baseprofile=\"tiny\"><path d=\"M18.2 9.3l-6.2-6.3-6.2 6.3c-.2.2-.3.4-.3.7s.1.5.3.7c.2.2.4.3.7.3h11c.3 0 .5-.1.7-.3.2-.2.3-.5.3-.7s-.1-.5-.3-.7zM5.8 14.7l6.2 6.3 6.2-6.3c.2-.2.3-.5.3-.7s-.1-.5-.3-.7c-.2-.2-.4-.3-.7-.3h-11c-.3 0-.5.1-.7.3-.2.2-.3.5-.3.7s.1.5.3.7z\"\/><\/svg><\/span><\/span><\/span><\/a><\/span><\/div>\n<nav><ul class='ez-toc-list ez-toc-list-level-1 eztoc-toggle-hide-by-default' ><li class='ez-toc-page-1 ez-toc-heading-level-2'><a class=\"ez-toc-link ez-toc-heading-1\" href=\"https:\/\/www.murphylawfirm.com\/es\/louisiana-school-bus-accident-lawyer\/#louisiana-school-bus-accident-attorney\" >Louisiana Abogado de accidentes de autob\u00fas escolar<\/a><ul class='ez-toc-list-level-3' ><li class='ez-toc-heading-level-3'><a class=\"ez-toc-link ez-toc-heading-2\" href=\"https:\/\/www.murphylawfirm.com\/es\/louisiana-school-bus-accident-lawyer\/#navigating-uncertain-situations\" >Navegar en situaciones de incertidumbre<\/a><\/li><li class='ez-toc-page-1 ez-toc-heading-level-3'><a class=\"ez-toc-link ez-toc-heading-3\" href=\"https:\/\/www.murphylawfirm.com\/es\/louisiana-school-bus-accident-lawyer\/#why-do-school-bus-accidents-happen\" >\u00bfPor qu\u00e9 ocurren los accidentes de autob\u00fas escolar?<\/a><\/li><\/ul><\/li><li class='ez-toc-page-1 ez-toc-heading-level-2'><a class=\"ez-toc-link ez-toc-heading-4\" href=\"https:\/\/www.murphylawfirm.com\/es\/louisiana-school-bus-accident-lawyer\/#louisiana-school-bus-accident-lawyer\" >Louisiana Abogado Accidente Autob\u00fas Escolar<\/a><ul class='ez-toc-list-level-3' ><li class='ez-toc-heading-level-3'><a class=\"ez-toc-link ez-toc-heading-5\" href=\"https:\/\/www.murphylawfirm.com\/es\/louisiana-school-bus-accident-lawyer\/#why-do-i-need-an-attorney\" >\u00bfPor qu\u00e9 necesito un abogado?<\/a><\/li><li class='ez-toc-page-1 ez-toc-heading-level-3'><a class=\"ez-toc-link ez-toc-heading-6\" href=\"https:\/\/www.murphylawfirm.com\/es\/louisiana-school-bus-accident-lawyer\/#faqs\" >Preguntas frecuentes<\/a><\/li><li class='ez-toc-page-1 ez-toc-heading-level-3'><a class=\"ez-toc-link ez-toc-heading-7\" href=\"https:\/\/www.murphylawfirm.com\/es\/louisiana-school-bus-accident-lawyer\/#understand-your-rights\" >Conozca sus derechos<\/a><\/li><\/ul><\/li><\/ul><\/nav><\/div>\n<h2><span class=\"ez-toc-section\" id=\"louisiana-school-bus-accident-attorney\"><\/span>Louisiana Abogado de accidentes de autob\u00fas escolar<span class=\"ez-toc-section-end\"><\/span><\/h2>\n<p>Los accidentes de autobuses escolares ocurren con mucha menos frecuencia que los accidentes de otros veh\u00edculos, pero sus consecuencias pueden ser m\u00e1s graves. Debido al gran tama\u00f1o de un autob\u00fas escolar, las colisiones pueden conducir a m\u00e1s lesiones para otros veh\u00edculos si est\u00e1n involucrados en un accidente con ellos. Si el conductor no estaba operando correctamente el veh\u00edculo o no estaba siendo mantenido adecuadamente, usted podr\u00eda ser capaz de recuperar los da\u00f1os con la ayuda de un abogado de accidentes de autob\u00fas escolar Louisiana.<\/p>\n<p><img loading=\"lazy\" decoding=\"async\" class=\"aligncenter wp-image-2710 size-full\" title=\"Los mejores Louisiana Abogados de accidentes de autob\u00fas escolar\" src=\"https:\/\/www.murphylawfirm.com\/wp-content\/uploads\/2024\/07\/louisiana-school-bus-accident-lawyer.webp\" alt=\"Louisiana Abogado Accidente Autob\u00fas Escolar\" width=\"1200\" height=\"600\" srcset=\"https:\/\/www.murphylawfirm.com\/wp-content\/uploads\/2024\/07\/louisiana-school-bus-accident-lawyer.webp 1200w, https:\/\/www.murphylawfirm.com\/wp-content\/uploads\/2024\/07\/louisiana-school-bus-accident-lawyer-300x150.webp 300w, https:\/\/www.murphylawfirm.com\/wp-content\/uploads\/2024\/07\/louisiana-school-bus-accident-lawyer-1024x512.webp 1024w, https:\/\/www.murphylawfirm.com\/wp-content\/uploads\/2024\/07\/louisiana-school-bus-accident-lawyer-768x384.webp 768w\" sizes=\"auto, (max-width: 1200px) 100vw, 1200px\" \/><\/p>\n<h3><span class=\"ez-toc-section\" id=\"navigating-uncertain-situations\"><\/span>Navegar en situaciones de incertidumbre<span class=\"ez-toc-section-end\"><\/span><\/h3>\n<p>En <a href=\"https:\/\/www.murphylawfirm.com\/es\/nuestro-equipo\/\">Bufete Murphy<\/a>Entendemos lo complicado que puede ser un accidente con un autob\u00fas escolar. A menudo hay muchos factores diferentes involucrados en cada caso, por lo que escuchamos a los elementos \u00fanicos de cada situaci\u00f3n para hacer una evaluaci\u00f3n exhaustiva de la reclamaci\u00f3n de nuestro cliente. Nuestro objetivo es escuchar verdaderamente a nuestros clientes y proporcionar respuestas directas a sus preguntas legales. Tenemos d\u00e9cadas de experiencia en responsabilizar a otros conductores por accidentes vehiculares.<\/p>\n<h3><span class=\"ez-toc-section\" id=\"why-do-school-bus-accidents-happen\"><\/span>\u00bfPor qu\u00e9 ocurren los accidentes de autob\u00fas escolar?<span class=\"ez-toc-section-end\"><\/span><\/h3>\n<p>Los accidentes de autob\u00fas escolar se producen por muchas razones. <strong>Algunas de las causas m\u00e1s comunes son:<\/strong><\/p>\n<ul>\n<li><strong>Conducci\u00f3n temeraria:<\/strong> Algunos conductores utilizan <a href=\"https:\/\/www.murphylawfirm.com\/es\/blog\/negligencia-en-una-demanda-por-accidente-de-trafico\/\">t\u00e1cticas negligentes o peligrosas<\/a> para adelantar a los autobuses en la carretera, lo que incluye pisarles los talones, acelerar y cortarles el paso en el tr\u00e1fico. Todos estos comportamientos aumentan las probabilidades de accidente, sobre todo si se tiene en cuenta que un autob\u00fas tarda m\u00e1s en detenerse o reducir la velocidad debido a su gran tama\u00f1o.<\/li>\n<li><strong>Salidas de carril:<\/strong> Un autob\u00fas necesita m\u00e1s cuidado y diligencia para mantenerse en su carril en el tr\u00e1fico. Tienen menos margen de error que los veh\u00edculos m\u00e1s peque\u00f1os de la carretera, especialmente en los giros bruscos.<\/li>\n<li><strong>Problemas con los controladores:<\/strong> Si un conductor no tiene la formaci\u00f3n adecuada o carece de experiencia, puede correr un mayor riesgo de accidente. Esto tambi\u00e9n se aplica a los conductores que est\u00e1n bajo la influencia de drogas o alcohol mientras conducen un veh\u00edculo, lo que provoca tiempos de reacci\u00f3n m\u00e1s lentos y decisiones sin sentido.<\/li>\n<\/ul>\n<ul>\n<li><strong>Problemas con el veh\u00edculo:<\/strong> Un distrito escolar suele ser responsable del mantenimiento adecuado de sus veh\u00edculos. Si no lo hace, puede aumentar el riesgo de accidente de un autob\u00fas escolar. Piezas como los neum\u00e1ticos, los frenos y los motores son fundamentales para garantizar que el autob\u00fas funcione sin problemas en el tr\u00e1fico.<\/li>\n<li><strong>Factores externos:<\/strong> Puede resultar m\u00e1s dif\u00edcil conducir un veh\u00edculo tan grande cuando intervienen factores externos, como las inclemencias del tiempo o el tr\u00e1fico intenso. Puede ser m\u00e1s peligroso conducir un autob\u00fas escolar por carreteras que no est\u00e9n debidamente mantenidas o que est\u00e9n heladas debido a las heladas.<\/li>\n<\/ul>\n<p>Si se produce una colisi\u00f3n con un autob\u00fas escolar, es importante llamar al 911 tan pronto como sea posible para obtener servicios m\u00e9dicos. Tambi\u00e9n es una buena idea involucrar a las fuerzas del orden para que se genere un informe policial de su accidente.<\/p>\n<div class=\"cmn-box baton\">\n<h2><span class=\"ez-toc-section\" id=\"louisiana-school-bus-accident-lawyer\"><\/span>Louisiana <strong>Abogado de accidentes de autob\u00fas escolar<\/strong><span class=\"ez-toc-section-end\"><\/span><\/h2>\n<div class=\"inr_btn\">\n<div class=\"inr-cmn_btn\"><a class=\"cmn-btn\" href=\"https:\/\/www.murphylawfirm.com\/es\/pongase-en-contacto-con\/\">Programar una consulta<\/a><\/div>\n<div class=\"inr-phn\"><a href=\"tel:2259288800\">Llame ahora (225) 928-8800<\/a><\/div>\n<\/div>\n<\/div>\n<h3><span class=\"ez-toc-section\" id=\"why-do-i-need-an-attorney\"><\/span>\u00bfPor qu\u00e9 necesito un abogado?<span class=\"ez-toc-section-end\"><\/span><\/h3>\n<p>Cualquier tipo de <a href=\"https:\/\/www.ldi.la.gov\/docs\/default-source\/documents\/publicaffairs\/consumerpublications\/guide-to-auto-insurance-after-an-accident.pdf?sfvrsn=5b787452_36\" target=\"_blank\" rel=\"noopener\">reclamaci\u00f3n por accidente de tr\u00e1fico<\/a> pueden beneficiarse de la representaci\u00f3n legal, pero esto es especialmente cierto con los accidentes de autobuses escolares. Esto se debe a que las colisiones con los autobuses escolares a menudo implican m\u00faltiples partes y son generalmente m\u00e1s complicados de resolver que los accidentes de tr\u00e1fico tradicionales. Adem\u00e1s, la presentaci\u00f3n de una reclamaci\u00f3n contra una entidad gubernamental por lo general requiere elementos adicionales y procedimientos diferentes a la presentaci\u00f3n contra un conductor privado.<\/p>\n<p>No permita que una gran compa\u00f1\u00eda de seguros intente presionarle para que no reciba una indemnizaci\u00f3n suficiente para cubrir sus lesiones. Trabajar con un abogado de lesiones personales en <a href=\"https:\/\/www.louisiana.gov\/\" target=\"_blank\" rel=\"noopener\">Louisiana<\/a> puede ayudarle a negociar eficazmente con las compa\u00f1\u00edas de seguros para asegurarse de que recibe un trato justo en su reclamaci\u00f3n por accidente de autob\u00fas escolar.<\/p>\n<h3 style=\"text-align: center;\"><span class=\"ez-toc-section\" id=\"faqs\"><\/span>Preguntas frecuentes<span class=\"ez-toc-section-end\"><\/span><\/h3>\n<div class=\"accsec-ritcnt accordion\">\n<div class=\"accordion-section\">\n<h4><a class=\"accordion-section-title\" href=\"#accordion-1\">\u00bfD\u00f3nde tiene m\u00e1s probabilidades de sobrevivir a un accidente de autob\u00fas?<\/a><\/h4>\n<div id=\"accordion-1\" class=\"accordion-section-content open\">\n<p>Por lo general, tienes m\u00e1s probabilidades de sobrevivir a un accidente de autob\u00fas si est\u00e1s sentado en el centro del veh\u00edculo. De este modo se evitan las lesiones provocadas por la colisi\u00f3n de otros veh\u00edculos con la parte delantera o trasera del autob\u00fas. Tambi\u00e9n es una buena idea sentarse en el asiento del pasillo en lugar de cerca de la ventana en el caso de que un veh\u00edculo colisione con el centro del autob\u00fas. Si usted o un ser querido fue v\u00edctima de un accidente de autob\u00fas, considere la posibilidad de trabajar con un abogado de lesiones personales.<\/p>\n<\/div>\n<\/div>\n<div class=\"accordion-section\">\n<h4><a class=\"accordion-section-title\" href=\"#accordion-2\">\u00bfQu\u00e9 debe hacer si sufre un accidente de autob\u00fas escolar?<\/a><\/h4>\n<div id=\"accordion-2\" class=\"accordion-section-content open\">\n<p>Si te ves implicado en un accidente de autob\u00fas escolar, primero comprueba si hay heridos. Llama al 911 y pide al personal de emergencias y a las fuerzas de seguridad que acudan al lugar de los hechos. A continuaci\u00f3n, pide el seguro y los datos de contacto de todos los conductores implicados en el accidente. Si has resultado herido, busca tratamiento m\u00e9dico lo antes posible despu\u00e9s del accidente. Despu\u00e9s, <a href=\"https:\/\/www.murphylawfirm.com\/es\/abogado-de-lesiones-personales-de-louisiana\/\">contacte con un abogado de lesiones personales<\/a> para revisar su caso e informarle de los da\u00f1os y perjuicios que podr\u00eda recibir.<\/p>\n<\/div>\n<\/div>\n<div class=\"accordion-section\">\n<h4><a class=\"accordion-section-title\" href=\"#accordion-3\">\u00bfQui\u00e9n es responsable de un accidente de autob\u00fas escolar?<\/a><\/h4>\n<div id=\"accordion-3\" class=\"accordion-section-content open\">\n<p>Qui\u00e9n es responsable en un accidente de autob\u00fas escolar depende del contexto de la situaci\u00f3n. Si un conductor no conduc\u00eda con seguridad, entonces podr\u00eda ser responsable del accidente. El distrito escolar que opera los autobuses tambi\u00e9n podr\u00eda ser responsable si no form\u00f3 adecuadamente al conductor del autob\u00fas. Si el autob\u00fas no se mantuvo correctamente, entonces la empresa que mantiene y repara el veh\u00edculo podr\u00eda ser considerada responsable del accidente. Es posible que se responsabilice a varias partes.<\/p>\n<\/div>\n<\/div>\n<div class=\"accordion-section\">\n<h4><a class=\"accordion-section-title\" href=\"#accordion-4\">\u00bfEvitar\u00eda el cintur\u00f3n de seguridad los accidentes de autob\u00fas escolar?<\/a><\/h4>\n<div id=\"accordion-4\" class=\"accordion-section-content open\">\n<p>No hay cinturones de seguridad en un autob\u00fas escolar porque estos veh\u00edculos distribuyen la fuerza de una colisi\u00f3n de manera diferente a los veh\u00edculos de pasajeros, haci\u00e9ndolos generalmente m\u00e1s seguros que la mayor\u00eda de los otros veh\u00edculos en la carretera. La mayor\u00eda de los asientos de un autob\u00fas escolar est\u00e1n dise\u00f1ados para absorber gran parte del impacto de la colisi\u00f3n, por lo que los cinturones de seguridad en un autob\u00fas escolar son innecesarios en muchos casos. La mayor\u00eda de los autobuses escolares son lo suficientemente grandes como para absorber el impacto, pero algunos autobuses m\u00e1s peque\u00f1os tienen cinturones de seguridad.<\/p>\n<\/div>\n<\/div>\n<\/div>\n<h3><span class=\"ez-toc-section\" id=\"understand-your-rights\"><\/span>Conozca sus derechos<span class=\"ez-toc-section-end\"><\/span><\/h3>\n<p>Los accidentes en los que se ven implicados autobuses escolares suelen ser m\u00e1s complicados que un accidente de coche normal. Puede haber m\u00e1s personas involucradas, por lo que es m\u00e1s dif\u00edcil asignar la culpa y determinar la cuant\u00eda de los da\u00f1os. Por eso es tan importante ponerse en contacto con un abogado de accidente de autob\u00fas escolar tan pronto como sea posible despu\u00e9s de una colisi\u00f3n con un autob\u00fas escolar. Para asistencia con su reclamo de accidente de autob\u00fas escolar, <a href=\"https:\/\/www.murphylawfirm.com\/es\/pongase-en-contacto-con\/\">programar una consulta<\/a> con Murphy Law Firm hoy.<\/p>","protected":false},"excerpt":{"rendered":"<p>Louisiana School Bus Accident Attorney School bus accidents happen much less often than other vehicle accidents, but their consequences can be more severe. Due to the large size of a school bus, collisions can lead to more injuries for other vehicles if they are involved in an accident with them. If the driver was not &hellip; <\/p>\n<p class=\"link-more\"><a href=\"https:\/\/www.murphylawfirm.com\/es\/louisiana-school-bus-accident-lawyer\/\" class=\"more-link\">Seguir leyendo<span class=\"screen-reader-text\"> &#8220;Louisiana School Bus Accident Lawyer&#8221;<\/span><\/a><\/p>","protected":false},"author":1,"featured_media":0,"parent":0,"menu_order":0,"comment_status":"closed","ping_status":"closed","template":"","meta":{"_acf_changed":false,"footnotes":""},"class_list":["post-2589","page","type-page","status-publish","hentry","entry"],"acf":[],"yoast_head":"<!-- This site is optimized with the Yoast SEO plugin v27.6 - https:\/\/yoast.com\/product\/yoast-seo-wordpress\/ -->\n<title>Louisiana School Bus Accident Lawyer - Free Consultation<\/title>\n<meta name=\"description\" content=\"For assistance with your school bus accident claim, get the help of a Louisiana school bus accident lawyer. Contact us today for help.\" \/>\n<meta name=\"robots\" content=\"index, follow, max-snippet:-1, max-image-preview:large, max-video-preview:-1\" \/>\n<link rel=\"canonical\" href=\"https:\/\/www.murphylawfirm.com\/es\/abogado-de-accidentes-de-autobus-escolar-en-louisiana\/\" \/>\n<meta property=\"og:locale\" content=\"es_MX\" \/>\n<meta property=\"og:type\" content=\"article\" \/>\n<meta property=\"og:title\" content=\"Louisiana School Bus Accident Lawyer - Free Consultation\" \/>\n<meta property=\"og:description\" content=\"For assistance with your school bus accident claim, get the help of a Louisiana school bus accident lawyer. Contact us today for help.\" \/>\n<meta property=\"og:url\" content=\"https:\/\/www.murphylawfirm.com\/es\/abogado-de-accidentes-de-autobus-escolar-en-louisiana\/\" \/>\n<meta property=\"og:site_name\" content=\"Murphy Law Firm\" \/>\n<meta property=\"article:publisher\" content=\"https:\/\/www.facebook.com\/MurphyLawFirm225\/\" \/>\n<meta property=\"article:modified_time\" content=\"2026-03-12T14:50:43+00:00\" \/>\n<meta property=\"og:image\" content=\"https:\/\/www.murphylawfirm.com\/wp-content\/uploads\/2024\/07\/louisiana-school-bus-accident-lawyer.webp\" \/>\n\t<meta property=\"og:image:width\" content=\"1200\" \/>\n\t<meta property=\"og:image:height\" content=\"600\" \/>\n\t<meta property=\"og:image:type\" content=\"image\/webp\" \/>\n<meta name=\"twitter:card\" content=\"summary_large_image\" \/>\n<meta name=\"twitter:site\" content=\"@murphylawfirm225\" \/>\n<meta name=\"twitter:label1\" content=\"Tiempo de lectura\" \/>\n\t<meta name=\"twitter:data1\" content=\"5 minutos\" \/>\n<!-- \/ Yoast SEO plugin. -->","yoast_head_json":{"title":"Louisiana Abogado de Accidente de Autob\u00fas Escolar - Consulta Gratuita","description":"Para asistencia con su reclamo de accidente de autob\u00fas escolar, obtenga la ayuda de un abogado de accidente de autob\u00fas escolar Louisiana. P\u00f3ngase en contacto con nosotros hoy para obtener ayuda.","robots":{"index":"index","follow":"follow","max-snippet":"max-snippet:-1","max-image-preview":"max-image-preview:large","max-video-preview":"max-video-preview:-1"},"canonical":"https:\/\/www.murphylawfirm.com\/es\/abogado-de-accidentes-de-autobus-escolar-en-louisiana\/","og_locale":"es_MX","og_type":"article","og_title":"Louisiana School Bus Accident Lawyer - Free Consultation","og_description":"For assistance with your school bus accident claim, get the help of a Louisiana school bus accident lawyer. Contact us today for help.","og_url":"https:\/\/www.murphylawfirm.com\/es\/abogado-de-accidentes-de-autobus-escolar-en-louisiana\/","og_site_name":"Murphy Law Firm","article_publisher":"https:\/\/www.facebook.com\/MurphyLawFirm225\/","article_modified_time":"2026-03-12T14:50:43+00:00","og_image":[{"width":1200,"height":600,"url":"https:\/\/www.murphylawfirm.com\/wp-content\/uploads\/2024\/07\/louisiana-school-bus-accident-lawyer.webp","type":"image\/webp"}],"twitter_card":"summary_large_image","twitter_site":"@murphylawfirm225","twitter_misc":{"Tiempo de lectura":"5 minutos"},"schema":{"@context":"https:\/\/schema.org","@graph":[{"@type":"WebPage","@id":"https:\/\/www.murphylawfirm.com\/louisiana-school-bus-accident-lawyer\/","url":"https:\/\/www.murphylawfirm.com\/louisiana-school-bus-accident-lawyer\/","name":"Louisiana Abogado de Accidente de Autob\u00fas Escolar - Consulta Gratuita","isPartOf":{"@id":"https:\/\/www.murphylawfirm.com\/#website"},"primaryImageOfPage":{"@id":"https:\/\/www.murphylawfirm.com\/louisiana-school-bus-accident-lawyer\/#primaryimage"},"image":{"@id":"https:\/\/www.murphylawfirm.com\/louisiana-school-bus-accident-lawyer\/#primaryimage"},"thumbnailUrl":"https:\/\/www.murphylawfirm.com\/wp-content\/uploads\/2024\/07\/louisiana-school-bus-accident-lawyer.webp","datePublished":"2024-07-01T13:15:55+00:00","dateModified":"2026-03-12T14:50:43+00:00","description":"Para asistencia con su reclamo de accidente de autob\u00fas escolar, obtenga la ayuda de un abogado de accidente de autob\u00fas escolar Louisiana. P\u00f3ngase en contacto con nosotros hoy para obtener ayuda.","breadcrumb":{"@id":"https:\/\/www.murphylawfirm.com\/louisiana-school-bus-accident-lawyer\/#breadcrumb"},"inLanguage":"es","potentialAction":[{"@type":"ReadAction","target":["https:\/\/www.murphylawfirm.com\/louisiana-school-bus-accident-lawyer\/"]}]},{"@type":"ImageObject","inLanguage":"es","@id":"https:\/\/www.murphylawfirm.com\/louisiana-school-bus-accident-lawyer\/#primaryimage","url":"https:\/\/www.murphylawfirm.com\/wp-content\/uploads\/2024\/07\/louisiana-school-bus-accident-lawyer.webp","contentUrl":"https:\/\/www.murphylawfirm.com\/wp-content\/uploads\/2024\/07\/louisiana-school-bus-accident-lawyer.webp"},{"@type":"BreadcrumbList","@id":"https:\/\/www.murphylawfirm.com\/louisiana-school-bus-accident-lawyer\/#breadcrumb","itemListElement":[{"@type":"ListItem","position":1,"name":"Home","item":"https:\/\/www.murphylawfirm.com\/"},{"@type":"ListItem","position":2,"name":"Louisiana School Bus Accident Lawyer"}]},{"@type":"WebSite","@id":"https:\/\/www.murphylawfirm.com\/#website","url":"https:\/\/www.murphylawfirm.com\/","name":"Bufete Murphy","description":"","publisher":{"@id":"https:\/\/www.murphylawfirm.com\/#organization"},"potentialAction":[{"@type":"SearchAction","target":{"@type":"EntryPoint","urlTemplate":"https:\/\/www.murphylawfirm.com\/?s={search_term_string}"},"query-input":{"@type":"PropertyValueSpecification","valueRequired":true,"valueName":"search_term_string"}}],"inLanguage":"es"},{"@type":"Organization","@id":"https:\/\/www.murphylawfirm.com\/#organization","name":"Bufete Murphy","alternateName":"Murphy Law Firm","url":"https:\/\/www.murphylawfirm.com\/","logo":{"@type":"ImageObject","inLanguage":"es","@id":"https:\/\/www.murphylawfirm.com\/#\/schema\/logo\/image\/","url":"https:\/\/www.murphylawfirm.com\/wp-content\/uploads\/2024\/05\/murphy.jpg","contentUrl":"https:\/\/www.murphylawfirm.com\/wp-content\/uploads\/2024\/05\/murphy.jpg","width":309,"height":79,"caption":"Murphy Law Firm"},"image":{"@id":"https:\/\/www.murphylawfirm.com\/#\/schema\/logo\/image\/"},"sameAs":["https:\/\/www.facebook.com\/MurphyLawFirm225\/","https:\/\/x.com\/murphylawfirm225","https:\/\/www.instagram.com\/murphylawfirm225\/","https:\/\/www.linkedin.com\/in\/murphy-law-firm-peyton-murphy\/","https:\/\/maps.app.goo.gl\/WCtGDyEwg1JYgwZ87","https:\/\/www.yelp.com\/biz\/murphy-law-firm-baton-rouge-3","https:\/\/www.mapquest.com\/us\/louisiana\/murphy-law-firm-284707425","https:\/\/www.lawinfo.com\/lawfirm\/louisiana\/baton-rouge\/murphy-law-firm-llc\/97a2f249-3b83-4255-b82a-f62955d76970.html","https:\/\/www.hg.org\/attorney\/murphy-law-firm-llc\/68580","https:\/\/lawyers.findlaw.com\/louisiana\/baton-rouge\/2388680_1\/","https:\/\/www.bbb.org\/us\/la\/baton-rouge\/profile\/lawyers\/murphy-law-firm-llc-0835-12003342","https:\/\/www.lawyers.com\/baton-rouge\/louisiana\/murphy-law-firm-42910679-f\/","https:\/\/nextdoor.com\/pages\/murphy-law-firm-llc\/","https:\/\/www.lawyer4criminaldefense.com\/criminal-defense-lawyers\/listing\/b637fd75d4bc11b1a32273b847ba8a37\/","https:\/\/www.expertise.com\/legal\/slip-and-fall-lawyers\/louisiana\/baton-rouge","https:\/\/www.youtube.com\/@MurphyLawFirmBatonRouge"]}]}},"_links":{"self":[{"href":"https:\/\/www.murphylawfirm.com\/es\/wp-json\/wp\/v2\/pages\/2589","targetHints":{"allow":["GET"]}}],"collection":[{"href":"https:\/\/www.murphylawfirm.com\/es\/wp-json\/wp\/v2\/pages"}],"about":[{"href":"https:\/\/www.murphylawfirm.com\/es\/wp-json\/wp\/v2\/types\/page"}],"author":[{"embeddable":true,"href":"https:\/\/www.murphylawfirm.com\/es\/wp-json\/wp\/v2\/users\/1"}],"replies":[{"embeddable":true,"href":"https:\/\/www.murphylawfirm.com\/es\/wp-json\/wp\/v2\/comments?post=2589"}],"version-history":[{"count":14,"href":"https:\/\/www.murphylawfirm.com\/es\/wp-json\/wp\/v2\/pages\/2589\/revisions"}],"predecessor-version":[{"id":9198,"href":"https:\/\/www.murphylawfirm.com\/es\/wp-json\/wp\/v2\/pages\/2589\/revisions\/9198"}],"wp:attachment":[{"href":"https:\/\/www.murphylawfirm.com\/es\/wp-json\/wp\/v2\/media?parent=2589"}],"curies":[{"name":"wp","href":"https:\/\/api.w.org\/{rel}","templated":true}]}}