{"id":3100,"date":"2024-11-05T05:28:09","date_gmt":"2024-11-05T05:28:09","guid":{"rendered":"https:\/\/www.murphylawfirm.com\/?page_id=3100"},"modified":"2025-03-13T04:35:54","modified_gmt":"2025-03-13T04:35:54","slug":"plaquemine-abogado-de-lesiones-de-rodilla","status":"publish","type":"page","link":"https:\/\/www.murphylawfirm.com\/es\/plaquemine-knee-injury-lawyer\/","title":{"rendered":"Plaquemine Abogado de lesiones de rodilla"},"content":{"rendered":"<div id=\"ez-toc-container\" class=\"ez-toc-v2_0_82_2 counter-hierarchy ez-toc-counter ez-toc-transparent ez-toc-container-direction\">\n<div class=\"ez-toc-title-container\">\n<p class=\"ez-toc-title ez-toc-toggle\" style=\"cursor:pointer\">\u00cdndice<\/p>\n<span class=\"ez-toc-title-toggle\"><a href=\"#\" class=\"ez-toc-pull-right ez-toc-btn ez-toc-btn-xs ez-toc-btn-default ez-toc-toggle\" aria-label=\"Toggle Table of Content\"><span class=\"ez-toc-js-icon-con\"><span class=\"\"><span class=\"eztoc-hide\" style=\"display:none;\">Toggle<\/span><span class=\"ez-toc-icon-toggle-span\"><svg style=\"fill: #999;color:#999\" xmlns=\"http:\/\/www.w3.org\/2000\/svg\" class=\"list-377408\" width=\"20px\" height=\"20px\" viewbox=\"0 0 24 24\" fill=\"none\"><path d=\"M6 6H4v2h2V6zm14 0H8v2h12V6zM4 11h2v2H4v-2zm16 0H8v2h12v-2zM4 16h2v2H4v-2zm16 0H8v2h12v-2z\" fill=\"currentColor\"><\/path><\/svg><svg style=\"fill: #999;color:#999\" class=\"arrow-unsorted-368013\" xmlns=\"http:\/\/www.w3.org\/2000\/svg\" width=\"10px\" height=\"10px\" viewbox=\"0 0 24 24\" version=\"1.2\" baseprofile=\"tiny\"><path d=\"M18.2 9.3l-6.2-6.3-6.2 6.3c-.2.2-.3.4-.3.7s.1.5.3.7c.2.2.4.3.7.3h11c.3 0 .5-.1.7-.3.2-.2.3-.5.3-.7s-.1-.5-.3-.7zM5.8 14.7l6.2 6.3 6.2-6.3c.2-.2.3-.5.3-.7s-.1-.5-.3-.7c-.2-.2-.4-.3-.7-.3h-11c-.3 0-.5.1-.7.3-.2.2-.3.5-.3.7s.1.5.3.7z\"\/><\/svg><\/span><\/span><\/span><\/a><\/span><\/div>\n<nav><ul class='ez-toc-list ez-toc-list-level-1 eztoc-toggle-hide-by-default' ><li class='ez-toc-page-1 ez-toc-heading-level-2'><a class=\"ez-toc-link ez-toc-heading-1\" href=\"https:\/\/www.murphylawfirm.com\/es\/plaquemine-knee-injury-lawyer\/#plaquemine-knee-injury-attorney\" >Plaquemine Abogado de lesiones de rodilla<\/a><ul class='ez-toc-list-level-3' ><li class='ez-toc-heading-level-3'><a class=\"ez-toc-link ez-toc-heading-2\" href=\"https:\/\/www.murphylawfirm.com\/es\/plaquemine-knee-injury-lawyer\/#a-firm-built-on-success\" >Una empresa basada en el \u00e9xito<\/a><\/li><li class='ez-toc-page-1 ez-toc-heading-level-3'><a class=\"ez-toc-link ez-toc-heading-3\" href=\"https:\/\/www.murphylawfirm.com\/es\/plaquemine-knee-injury-lawyer\/#what-damages-could-i-recover-in-a-knee-injury-case\" >\u00bfQu\u00e9 da\u00f1os podr\u00eda recuperar en un caso de lesi\u00f3n de rodilla?<\/a><\/li><li class='ez-toc-page-1 ez-toc-heading-level-3'><a class=\"ez-toc-link ez-toc-heading-4\" href=\"https:\/\/www.murphylawfirm.com\/es\/plaquemine-knee-injury-lawyer\/#the-role-of-insurance-companies\" >El papel de las compa\u00f1\u00edas de seguros<\/a><\/li><\/ul><\/li><li class='ez-toc-page-1 ez-toc-heading-level-2'><a class=\"ez-toc-link ez-toc-heading-5\" href=\"https:\/\/www.murphylawfirm.com\/es\/plaquemine-knee-injury-lawyer\/#plaquemine-knee-injury-lawyer\" >Plaquemine Abogado de lesiones de rodilla<\/a><ul class='ez-toc-list-level-3' ><li class='ez-toc-heading-level-3'><a class=\"ez-toc-link ez-toc-heading-6\" href=\"https:\/\/www.murphylawfirm.com\/es\/plaquemine-knee-injury-lawyer\/#faqs\" >Preguntas frecuentes<\/a><\/li><li class='ez-toc-page-1 ez-toc-heading-level-3'><a class=\"ez-toc-link ez-toc-heading-7\" href=\"https:\/\/www.murphylawfirm.com\/es\/plaquemine-knee-injury-lawyer\/#change-the-outcome-of-your-case-with-the-help-of-a-plaquemine-knee-injury-lawyer\" >Cambie el resultado de su caso con la ayuda de un abogado especializado en lesiones de rodilla Plaquemine<\/a><\/li><\/ul><\/li><\/ul><\/nav><\/div>\n<h2><span class=\"ez-toc-section\" id=\"plaquemine-knee-injury-attorney\"><\/span>Plaquemine Abogado de lesiones de rodilla<span class=\"ez-toc-section-end\"><\/span><\/h2>\n<p>Una lesi\u00f3n de rodilla causada por las acciones de otra persona no deber\u00eda ser una carga financiera.\u00a0<a href=\"https:\/\/www.murphylawfirm.com\/es\/nuestro-equipo\/\">Nuestro equipo de abogados en Murphy Law Firm<\/a>\u00a0entiende los procedimientos legales para los casos de lesiones personales y puede trabajar diligentemente hasta que reciba la compensaci\u00f3n que se le debe. A\u00a0<strong>abogado experto en lesiones de rodilla Plaquemine<\/strong>\u00a0no s\u00f3lo luchar\u00e1 por su recuperaci\u00f3n financiera, sino que tambi\u00e9n le proporcionar\u00e1 la atenci\u00f3n, la comprensi\u00f3n y la representaci\u00f3n agresiva que se merece. Cuando usted se lesiona, se merece algo m\u00e1s que dinero, se merece justicia. Perm\u00edtanos ayudarle a obtener la compensaci\u00f3n y el apoyo que necesita durante su recuperaci\u00f3n.<\/p>\n<p><img loading=\"lazy\" decoding=\"async\" class=\"alignnone wp-image-3198 size-full\" title=\"contrate al mejor abogado de lesiones de rodilla de plaquemine\" src=\"https:\/\/www.murphylawfirm.com\/wp-content\/uploads\/2024\/11\/hire-top-plaquemine-knee-injury-lawyer.webp\" alt=\"contrate al mejor abogado de lesiones de rodilla de plaquemine\" width=\"1200\" height=\"600\" srcset=\"https:\/\/www.murphylawfirm.com\/wp-content\/uploads\/2024\/11\/hire-top-plaquemine-knee-injury-lawyer.webp 1200w, https:\/\/www.murphylawfirm.com\/wp-content\/uploads\/2024\/11\/hire-top-plaquemine-knee-injury-lawyer-300x150.webp 300w, https:\/\/www.murphylawfirm.com\/wp-content\/uploads\/2024\/11\/hire-top-plaquemine-knee-injury-lawyer-1024x512.webp 1024w, https:\/\/www.murphylawfirm.com\/wp-content\/uploads\/2024\/11\/hire-top-plaquemine-knee-injury-lawyer-768x384.webp 768w\" sizes=\"auto, (max-width: 1200px) 100vw, 1200px\" \/><\/p>\n<h3><span class=\"ez-toc-section\" id=\"a-firm-built-on-success\"><\/span>Una empresa basada en el \u00e9xito<span class=\"ez-toc-section-end\"><\/span><\/h3>\n<p>Con una s\u00f3lida reputaci\u00f3n por lograr el \u00e9xito en los casos de nuestros clientes en todo el sur de Louisiana, Murphy Law Firm se dedica a proporcionar representaci\u00f3n calificada y apoyo espec\u00edfico para cada caso para ayudar a los clientes a obtener resultados favorables. No s\u00f3lo ofrecemos representaci\u00f3n legal; abordamos cada caso con cuidado y le damos la atenci\u00f3n que merece. Como un <a href=\"https:\/\/www.murphylawfirm.com\/es\/plaquemine-abogado-de-lesiones-personales\/\">derecho de da\u00f1os personales<\/a> Murphy Law Firm est\u00e1 aqu\u00ed para ayudarle a trabajar con confianza a trav\u00e9s de este tiempo dif\u00edcil, asegurando que sus derechos est\u00e1n protegidos y su caso se maneja con la m\u00e1xima profesionalidad. Perm\u00edtanos luchar por la compensaci\u00f3n que usted merece.<\/p>\n<h3><span class=\"ez-toc-section\" id=\"what-damages-could-i-recover-in-a-knee-injury-case\"><\/span>\u00bfQu\u00e9 da\u00f1os podr\u00eda recuperar en un caso de lesi\u00f3n de rodilla?<span class=\"ez-toc-section-end\"><\/span><\/h3>\n<p>Hay muchos factores a tener en cuenta a la hora de calcular el coste total de tu lesi\u00f3n de rodilla y los posibles da\u00f1os y perjuicios que podr\u00edas recuperar. Algunos da\u00f1os pueden afectarle inmediatamente, mientras que otros pueden aparecer m\u00e1s tarde. Estos da\u00f1os pueden incluir:<\/p>\n<p><strong>Gastos m\u00e9dicos:<\/strong> La indemnizaci\u00f3n por gastos m\u00e9dicos puede incluir atenci\u00f3n de urgencia, visitas al m\u00e9dico, intervenciones quir\u00fargicas, fisioterapia y cualquier plan de tratamiento a largo plazo relacionado con la lesi\u00f3n. Tambi\u00e9n incluye medicamentos recetados, rodilleras u otras ayudas para la movilidad necesarias tras la lesi\u00f3n de rodilla.<\/p>\n<p><strong>Salarios perdidos:<\/strong> Muchas lesiones de rodilla afectan a la movilidad de las personas, lo que puede llevarlas a faltar al trabajo. Si esto ocurre, puede recibir una indemnizaci\u00f3n por los salarios perdidos. Esto puede incluir los salarios que dejaste de percibir durante tu recuperaci\u00f3n y los futuros ingresos que dejes de percibir si la lesi\u00f3n afecta a tu capacidad para trabajar a largo plazo.<\/p>\n<p><strong>P\u00e9rdida de capacidad de ganancia:<\/strong> Algunas lesiones de rodilla son tan importantes que pueden provocarte una incapacidad permanente, incapacit\u00e1ndote para realizar tus tareas laborales habituales y afectando a tu capacidad para obtener ingresos en su conjunto. Esto suele ser m\u00e1s dif\u00edcil de calcular que los salarios perdidos porque tiene en cuenta tu profesi\u00f3n, edad, formaci\u00f3n y c\u00f3mo podr\u00edas haber progresado en tu carrera si no se hubiera producido la lesi\u00f3n.<\/p>\n<p><strong>Dolor y sufrimiento:<\/strong> Este tipo de lesiones entran dentro de los da\u00f1os no econ\u00f3micos. Indemnizan a las v\u00edctimas por el dolor f\u00edsico y la angustia emocional tras una lesi\u00f3n. Los da\u00f1os no econ\u00f3micos pueden ser dif\u00edciles de cuantificar, pero son importantes en los casos en que una lesi\u00f3n de rodilla afecta sustancialmente a su calidad de vida. Trabajar con un abogado para calcular estos da\u00f1os puede asegurarle que no infravalora el dolor y el sufrimiento que ha experimentado.<\/p>\n<p>Las lesiones de rodilla pueden ser graves y a menudo requieren una amplia rehabilitaci\u00f3n. Los costes de una lesi\u00f3n de esta naturaleza pueden acumularse r\u00e1pidamente, por lo que es crucial consultar a un abogado para asegurarse una compensaci\u00f3n por todo lo relacionado con la lesi\u00f3n y sus efectos en su vida. Si adem\u00e1s sufre una lesi\u00f3n de espalda y cuello, la necesidad de apoyo legal es a\u00fan m\u00e1s importante. Un abogado <a href=\"https:\/\/www.murphylawfirm.com\/es\/abogado-de-lesiones-de-espalda-y-cuello-en-plaquemine\/\">abogado de lesiones de espalda y cuello<\/a> puede ayudarle a obtener una indemnizaci\u00f3n por el alcance total de sus lesiones, incluidas las facturas m\u00e9dicas, los salarios perdidos y los costes de los cuidados a largo plazo. No navegue solo por este proceso: aseg\u00farese de contar con la representaci\u00f3n legal adecuada para obtener la indemnizaci\u00f3n que merece.<\/p>\n<h3><span class=\"ez-toc-section\" id=\"the-role-of-insurance-companies\"><\/span>El papel de las compa\u00f1\u00edas de seguros<span class=\"ez-toc-section-end\"><\/span><\/h3>\n<p>Las compa\u00f1\u00edas de seguros desempe\u00f1an un papel importante en las reclamaciones por lesiones de rodilla, a menudo actuando en su propio inter\u00e9s y tratando de minimizar la cantidad de compensaci\u00f3n que pagan a las partes lesionadas. Despu\u00e9s de un accidente, la compa\u00f1\u00eda de seguros de la parte culpable investigar\u00e1 la reclamaci\u00f3n y puede ofrecer un acuerdo inferior al valor de su caso. Los peritos del seguro suelen argumentar que su lesi\u00f3n es exagerada o que usted tiene parte de culpa sin pruebas v\u00e1lidas.<\/p>\n<div class=\"cmn-box baton\">\n<h2><span class=\"ez-toc-section\" id=\"plaquemine-knee-injury-lawyer\"><\/span>Plaquemine <strong> Abogado de lesiones de rodilla<\/strong><span class=\"ez-toc-section-end\"><\/span><\/h2>\n<div class=\"inr_btn\">\n<div class=\"inr-cmn_btn\"><a class=\"cmn-btn\" href=\"https:\/\/www.murphylawfirm.com\/es\/pongase-en-contacto-con\/\">Programar una consulta<\/a><\/div>\n<div class=\"inr-phn\"><a href=\"tel:2259288800\">Llame ahora (225) 928-8800<\/a><\/div>\n<\/div>\n<\/div>\n<p>Una t\u00e1ctica com\u00fan utilizada por las compa\u00f1\u00edas de seguros es presionar a las personas a aceptar la oferta de liquidaci\u00f3n inicial antes de que se determine el alcance total de sus da\u00f1os. Por eso es importante revisar con un abogado cualquier oferta que haga una compa\u00f1\u00eda de seguros por una lesi\u00f3n grave de rodilla antes de aceptarla. Su abogado puede negociar con la compa\u00f1\u00eda en su nombre y presionar para obtener un acuerdo m\u00e1s alto. Si est\u00e1 en <a href=\"https:\/\/en.wikipedia.org\/wiki\/Plaquemine,_Louisiana\" target=\"_blank\" rel=\"noopener\">Plaquemine, Louisiana<\/a>Trabajar con un abogado local puede proporcionar una valiosa informaci\u00f3n sobre las leyes y pr\u00e1cticas espec\u00edficas de su zona, garantizando que no se aprovechen de usted durante el proceso de conciliaci\u00f3n y que reciba la indemnizaci\u00f3n que realmente merece.<\/p>\n<p>Estas reclamaciones tambi\u00e9n requieren mucha documentaci\u00f3n para su tramitaci\u00f3n. Las pruebas pueden ser dif\u00edciles de reunir si su movilidad se ve afectada significativamente por la lesi\u00f3n de rodilla. Su abogado puede ayudarle a reunir pruebas para reforzar su caso. Tambi\u00e9n puede abrir un caso ante el tribunal si las negociaciones con la compa\u00f1\u00eda de seguros no tienen \u00e9xito. Si se encuentra en Louisiana, contar con un abogado local que conozca las leyes del estado y las particularidades de\u00a0<a href=\"https:\/\/www.murphylawfirm.com\/es\/blog\/cuanto-tiempo-despues-de-un-accidente-de-coche-se-puede-presentar-una-demanda-por-lesiones-personales-en-louisiana\/\">reclamaciones por da\u00f1os personales<\/a>\u00a0es esencial. Se asegurar\u00e1n de recopilar toda la documentaci\u00f3n necesaria y trabajar\u00e1n sin descanso para conseguir la indemnizaci\u00f3n que se merece, incluso si eso significa llevar el caso a\u00a0<a href=\"https:\/\/www.louisiana.gov\/government\/judicial-branch\/\" target=\"_blank\" rel=\"noopener\">Tribunal Louisiana<\/a>.<\/p>\n<div class=\"accsec-ritcnt accordion\">\n<h3><span class=\"ez-toc-section\" id=\"faqs\"><\/span>Preguntas frecuentes<span class=\"ez-toc-section-end\"><\/span><\/h3>\n<div class=\"accordion-section\">\n<h4><a class=\"accordion-section-title\" href=\"#accordion-1\">\u00bfCu\u00e1les son los indicios de que debo presentar una demanda por lesi\u00f3n de rodilla?<\/a><\/h4>\n<div id=\"accordion-1\" class=\"accordion-section-content open\">\n<p>Algunas se\u00f1ales de que debe presentar una reclamaci\u00f3n por lesi\u00f3n de rodilla son tener dolor frecuente y persistente en la rodilla, necesidad de tratamiento m\u00e9dico y restricci\u00f3n de su capacidad para trabajar o realizar actividades cotidianas a causa de la lesi\u00f3n. Es una buena idea buscar asesoramiento jur\u00eddico para presentar una reclamaci\u00f3n si el accidente se produjo a causa de las acciones de otra persona o parte. Presentar una reclamaci\u00f3n puede garantizarle una indemnizaci\u00f3n justa por sus p\u00e9rdidas.<\/p>\n<\/div>\n<\/div>\n<div class=\"accordion-section\">\n<h4><a class=\"accordion-section-title\" href=\"#accordion-2\">\u00bfPuedo presentar una demanda por lesiones de rodilla si el accidente fue culpa m\u00eda?<\/a><\/h4>\n<div id=\"accordion-2\" class=\"accordion-section-content\">\n<p>A\u00fan puedes presentar una demanda por lesiones de rodilla si el accidente fue culpa tuya. El Louisiana sigue un sistema de negligencia comparativa para determinar la culpa, por lo que incluso si usted tiene parte de culpa, podr\u00eda recibir alguna indemnizaci\u00f3n. La cantidad a la que tiene derecho puede reducirse en funci\u00f3n del porcentaje de culpa que se le atribuya. Trabajar con un abogado puede ayudarle a luchar contra los intentos de asignarle la culpa del accidente exclusivamente a usted.<\/p>\n<\/div>\n<\/div>\n<div class=\"accordion-section\">\n<h4><a class=\"accordion-section-title\" href=\"#accordion-3\">\u00bfPuedo recibir una indemnizaci\u00f3n por el dolor y el sufrimiento de mi lesi\u00f3n de rodilla?<\/a><\/h4>\n<div id=\"accordion-3\" class=\"accordion-section-content\">\n<p>S\u00ed, puede recibir una indemnizaci\u00f3n por el dolor y el sufrimiento derivados de su lesi\u00f3n de rodilla; se consideran da\u00f1os no econ\u00f3micos. Los da\u00f1os no econ\u00f3micos est\u00e1n destinados a cubrir el dolor f\u00edsico, los da\u00f1os emocionales y cualquier p\u00e9rdida de disfrute de la vida que suelen acompa\u00f1ar a las lesiones graves. Los tribunales suelen tener en cuenta factores como la gravedad de la lesi\u00f3n y el tiempo de recuperaci\u00f3n para asignar una cantidad.<\/p>\n<\/div>\n<\/div>\n<div class=\"accordion-section\">\n<h4><a class=\"accordion-section-title\" href=\"#accordion-4\">\u00bfAfecta el seguro m\u00e9dico a la indemnizaci\u00f3n en un caso de lesi\u00f3n de rodilla?<\/a><\/h4>\n<div id=\"accordion-4\" class=\"accordion-section-content\">\n<p>El seguro m\u00e9dico puede afectar a la indemnizaci\u00f3n en un caso de lesi\u00f3n de rodilla al disminuir la cantidad de indemnizaci\u00f3n que puede recibir por gastos m\u00e9dicos; sin embargo, a\u00fan puede recibir alg\u00fan pago por estos da\u00f1os.<\/p>\n<p>Es posible reclamar da\u00f1os y perjuicios por los gastos m\u00e9dicos no cubiertos por el seguro y las franquicias que hayas tenido que pagar. Su compa\u00f1\u00eda de seguros m\u00e9dicos tambi\u00e9n podr\u00eda solicitar el reembolso de la parte culpable. Considere la posibilidad de consultar a un abogado de lesiones personales si esto se aplica a su situaci\u00f3n, ya que puede complicar su caso.<\/p>\n<\/div>\n<\/div>\n<\/div>\n<h3><span class=\"ez-toc-section\" id=\"change-the-outcome-of-your-case-with-the-help-of-a-plaquemine-knee-injury-lawyer\"><\/span>Cambie el resultado de su caso con la ayuda de un abogado especializado en lesiones de rodilla Plaquemine<span class=\"ez-toc-section-end\"><\/span><\/h3>\n<p>No deje que las compa\u00f1\u00edas de seguros se aprovechen de usted despu\u00e9s de una lesi\u00f3n grave en la rodilla. Murphy Law Firm ofrece representaci\u00f3n agresiva para ayudar a nuestros clientes a cambiar su futuro. <a href=\"https:\/\/www.murphylawfirm.com\/es\/pongase-en-contacto-con\/\">Concertar una consulta<\/a> con nosotros hoy para empezar a construir un caso fuerte. Estamos dedicados a proporcionar un enfoque personal para buscar justicia para usted y su familia.<\/p>","protected":false},"excerpt":{"rendered":"<p>Plaquemine Knee Injury Attorney A knee injury caused by someone else\u2019s actions should not be a financial burden.\u00a0Our lawyer team at Murphy Law Firm\u00a0understands the legal procedures for personal injury cases and can diligently work until you receive the compensation you\u2019re owed. A\u00a0skilled Plaquemine knee injury lawyer\u00a0will not only fight for your financial recovery but &hellip; <\/p>\n<p class=\"link-more\"><a href=\"https:\/\/www.murphylawfirm.com\/es\/plaquemine-knee-injury-lawyer\/\" class=\"more-link\">Seguir leyendo<span class=\"screen-reader-text\"> &#8220;Plaquemine Knee Injury Lawyer&#8221;<\/span><\/a><\/p>","protected":false},"author":1,"featured_media":0,"parent":0,"menu_order":0,"comment_status":"closed","ping_status":"closed","template":"","meta":{"_acf_changed":false,"footnotes":""},"class_list":["post-3100","page","type-page","status-publish","hentry","entry"],"acf":[],"yoast_head":"<!-- This site is optimized with the Yoast SEO plugin v27.4 - https:\/\/yoast.com\/product\/yoast-seo-wordpress\/ -->\n<title>Plaquemine Knee Injury Lawyer - Free Consultation<\/title>\n<meta name=\"description\" content=\"In need of a Plaquemine knee injury lawyer? Murphy Law Firm is committed to helping you secure the compensation you deserve. Contact for a free consultation!\" \/>\n<meta name=\"robots\" content=\"index, follow, max-snippet:-1, max-image-preview:large, max-video-preview:-1\" \/>\n<link rel=\"canonical\" href=\"https:\/\/www.murphylawfirm.com\/es\/plaquemine-abogado-de-lesiones-de-rodilla\/\" \/>\n<meta property=\"og:locale\" content=\"es_MX\" \/>\n<meta property=\"og:type\" content=\"article\" \/>\n<meta property=\"og:title\" content=\"Plaquemine Knee Injury Lawyer - Free Consultation\" \/>\n<meta property=\"og:description\" content=\"In need of a Plaquemine knee injury lawyer? Murphy Law Firm is committed to helping you secure the compensation you deserve. Contact for a free consultation!\" \/>\n<meta property=\"og:url\" content=\"https:\/\/www.murphylawfirm.com\/es\/plaquemine-abogado-de-lesiones-de-rodilla\/\" \/>\n<meta property=\"og:site_name\" content=\"Murphy Law Firm\" \/>\n<meta property=\"article:publisher\" content=\"https:\/\/www.facebook.com\/MurphyLawFirm225\/\" \/>\n<meta property=\"article:modified_time\" content=\"2025-03-13T04:35:54+00:00\" \/>\n<meta property=\"og:image\" content=\"https:\/\/www.murphylawfirm.com\/wp-content\/uploads\/2024\/11\/hire-top-plaquemine-knee-injury-lawyer.webp\" \/>\n\t<meta property=\"og:image:width\" content=\"1200\" \/>\n\t<meta property=\"og:image:height\" content=\"600\" \/>\n\t<meta property=\"og:image:type\" content=\"image\/webp\" \/>\n<meta name=\"twitter:card\" content=\"summary_large_image\" \/>\n<meta name=\"twitter:site\" content=\"@murphylawfirm225\" \/>\n<meta name=\"twitter:label1\" content=\"Tiempo de lectura\" \/>\n\t<meta name=\"twitter:data1\" content=\"6 minutos\" \/>\n<!-- \/ Yoast SEO plugin. -->","yoast_head_json":{"title":"Plaquemine Abogado de Lesiones de Rodilla - Consulta Gratuita","description":"\u00bfNecesita un abogado de lesiones de rodilla Plaquemine? Murphy Law Firm se compromete a ayudarle a asegurar la compensaci\u00f3n que se merece. \u00a1P\u00f3ngase en contacto para una consulta gratuita!","robots":{"index":"index","follow":"follow","max-snippet":"max-snippet:-1","max-image-preview":"max-image-preview:large","max-video-preview":"max-video-preview:-1"},"canonical":"https:\/\/www.murphylawfirm.com\/es\/plaquemine-abogado-de-lesiones-de-rodilla\/","og_locale":"es_MX","og_type":"article","og_title":"Plaquemine Knee Injury Lawyer - Free Consultation","og_description":"In need of a Plaquemine knee injury lawyer? Murphy Law Firm is committed to helping you secure the compensation you deserve. Contact for a free consultation!","og_url":"https:\/\/www.murphylawfirm.com\/es\/plaquemine-abogado-de-lesiones-de-rodilla\/","og_site_name":"Murphy Law Firm","article_publisher":"https:\/\/www.facebook.com\/MurphyLawFirm225\/","article_modified_time":"2025-03-13T04:35:54+00:00","og_image":[{"width":1200,"height":600,"url":"https:\/\/www.murphylawfirm.com\/wp-content\/uploads\/2024\/11\/hire-top-plaquemine-knee-injury-lawyer.webp","type":"image\/webp"}],"twitter_card":"summary_large_image","twitter_site":"@murphylawfirm225","twitter_misc":{"Tiempo de lectura":"6 minutos"},"schema":{"@context":"https:\/\/schema.org","@graph":[{"@type":"WebPage","@id":"https:\/\/www.murphylawfirm.com\/plaquemine-knee-injury-lawyer\/","url":"https:\/\/www.murphylawfirm.com\/plaquemine-knee-injury-lawyer\/","name":"Plaquemine Abogado de Lesiones de Rodilla - Consulta Gratuita","isPartOf":{"@id":"https:\/\/www.murphylawfirm.com\/#website"},"primaryImageOfPage":{"@id":"https:\/\/www.murphylawfirm.com\/plaquemine-knee-injury-lawyer\/#primaryimage"},"image":{"@id":"https:\/\/www.murphylawfirm.com\/plaquemine-knee-injury-lawyer\/#primaryimage"},"thumbnailUrl":"https:\/\/www.murphylawfirm.com\/wp-content\/uploads\/2024\/11\/hire-top-plaquemine-knee-injury-lawyer.webp","datePublished":"2024-11-05T05:28:09+00:00","dateModified":"2025-03-13T04:35:54+00:00","description":"\u00bfNecesita un abogado de lesiones de rodilla Plaquemine? Murphy Law Firm se compromete a ayudarle a asegurar la compensaci\u00f3n que se merece. \u00a1P\u00f3ngase en contacto para una consulta gratuita!","breadcrumb":{"@id":"https:\/\/www.murphylawfirm.com\/plaquemine-knee-injury-lawyer\/#breadcrumb"},"inLanguage":"es","potentialAction":[{"@type":"ReadAction","target":["https:\/\/www.murphylawfirm.com\/plaquemine-knee-injury-lawyer\/"]}]},{"@type":"ImageObject","inLanguage":"es","@id":"https:\/\/www.murphylawfirm.com\/plaquemine-knee-injury-lawyer\/#primaryimage","url":"https:\/\/www.murphylawfirm.com\/wp-content\/uploads\/2024\/11\/hire-top-plaquemine-knee-injury-lawyer.webp","contentUrl":"https:\/\/www.murphylawfirm.com\/wp-content\/uploads\/2024\/11\/hire-top-plaquemine-knee-injury-lawyer.webp"},{"@type":"BreadcrumbList","@id":"https:\/\/www.murphylawfirm.com\/plaquemine-knee-injury-lawyer\/#breadcrumb","itemListElement":[{"@type":"ListItem","position":1,"name":"Home","item":"https:\/\/www.murphylawfirm.com\/"},{"@type":"ListItem","position":2,"name":"Plaquemine Knee Injury Lawyer"}]},{"@type":"WebSite","@id":"https:\/\/www.murphylawfirm.com\/#website","url":"https:\/\/www.murphylawfirm.com\/","name":"Bufete Murphy","description":"","publisher":{"@id":"https:\/\/www.murphylawfirm.com\/#organization"},"potentialAction":[{"@type":"SearchAction","target":{"@type":"EntryPoint","urlTemplate":"https:\/\/www.murphylawfirm.com\/?s={search_term_string}"},"query-input":{"@type":"PropertyValueSpecification","valueRequired":true,"valueName":"search_term_string"}}],"inLanguage":"es"},{"@type":"Organization","@id":"https:\/\/www.murphylawfirm.com\/#organization","name":"Bufete Murphy","alternateName":"Murphy Law Firm","url":"https:\/\/www.murphylawfirm.com\/","logo":{"@type":"ImageObject","inLanguage":"es","@id":"https:\/\/www.murphylawfirm.com\/#\/schema\/logo\/image\/","url":"https:\/\/www.murphylawfirm.com\/wp-content\/uploads\/2024\/05\/murphy.jpg","contentUrl":"https:\/\/www.murphylawfirm.com\/wp-content\/uploads\/2024\/05\/murphy.jpg","width":309,"height":79,"caption":"Murphy Law Firm"},"image":{"@id":"https:\/\/www.murphylawfirm.com\/#\/schema\/logo\/image\/"},"sameAs":["https:\/\/www.facebook.com\/MurphyLawFirm225\/","https:\/\/x.com\/murphylawfirm225","https:\/\/www.instagram.com\/murphylawfirm225\/","https:\/\/www.linkedin.com\/in\/murphy-law-firm-peyton-murphy\/","https:\/\/maps.app.goo.gl\/WCtGDyEwg1JYgwZ87","https:\/\/www.yelp.com\/biz\/murphy-law-firm-baton-rouge-3","https:\/\/www.mapquest.com\/us\/louisiana\/murphy-law-firm-284707425","https:\/\/www.lawinfo.com\/lawfirm\/louisiana\/baton-rouge\/murphy-law-firm-llc\/97a2f249-3b83-4255-b82a-f62955d76970.html","https:\/\/www.hg.org\/attorney\/murphy-law-firm-llc\/68580","https:\/\/lawyers.findlaw.com\/louisiana\/baton-rouge\/2388680_1\/","https:\/\/www.bbb.org\/us\/la\/baton-rouge\/profile\/lawyers\/murphy-law-firm-llc-0835-12003342","https:\/\/www.lawyers.com\/baton-rouge\/louisiana\/murphy-law-firm-42910679-f\/","https:\/\/nextdoor.com\/pages\/murphy-law-firm-llc\/","https:\/\/www.lawyer4criminaldefense.com\/criminal-defense-lawyers\/listing\/b637fd75d4bc11b1a32273b847ba8a37\/","https:\/\/www.expertise.com\/legal\/slip-and-fall-lawyers\/louisiana\/baton-rouge","https:\/\/www.youtube.com\/@MurphyLawFirmBatonRouge"]}]}},"_links":{"self":[{"href":"https:\/\/www.murphylawfirm.com\/es\/wp-json\/wp\/v2\/pages\/3100","targetHints":{"allow":["GET"]}}],"collection":[{"href":"https:\/\/www.murphylawfirm.com\/es\/wp-json\/wp\/v2\/pages"}],"about":[{"href":"https:\/\/www.murphylawfirm.com\/es\/wp-json\/wp\/v2\/types\/page"}],"author":[{"embeddable":true,"href":"https:\/\/www.murphylawfirm.com\/es\/wp-json\/wp\/v2\/users\/1"}],"replies":[{"embeddable":true,"href":"https:\/\/www.murphylawfirm.com\/es\/wp-json\/wp\/v2\/comments?post=3100"}],"version-history":[{"count":12,"href":"https:\/\/www.murphylawfirm.com\/es\/wp-json\/wp\/v2\/pages\/3100\/revisions"}],"predecessor-version":[{"id":6203,"href":"https:\/\/www.murphylawfirm.com\/es\/wp-json\/wp\/v2\/pages\/3100\/revisions\/6203"}],"wp:attachment":[{"href":"https:\/\/www.murphylawfirm.com\/es\/wp-json\/wp\/v2\/media?parent=3100"}],"curies":[{"name":"wp","href":"https:\/\/api.w.org\/{rel}","templated":true}]}}