{"id":32,"date":"2022-01-06T11:58:58","date_gmt":"2022-01-06T11:58:58","guid":{"rendered":"https:\/\/www.murphylawfirm.com\/?page_id=32"},"modified":"2025-03-10T12:08:36","modified_gmt":"2025-03-10T12:08:36","slug":"descargo-de-responsabilidad","status":"publish","type":"page","link":"https:\/\/www.murphylawfirm.com\/es\/disclaimer\/","title":{"rendered":"Descargo de responsabilidad"},"content":{"rendered":"<p>Este sitio web s\u00f3lo pretende ofrecer informaci\u00f3n general. Nada de lo contenido en este sitio web pretende proporcionar asesoramiento jur\u00eddico. Usando este Web site usted reconoce y conviene que usted no ha formado una relaci\u00f3n del abogado-cliente con el bufete de abogados de Murphy y no confiar\u00e1 en ninguna informaci\u00f3n contenida en este Web site. A menos que y hasta que un acuerdo formal de retenci\u00f3n se haya ejecutado completamente entre The Murphy Law Firm y usted, no tomaremos ninguna acci\u00f3n en su favor. Tenga en cuenta que todos los casos tienen plazos o \"estatutos de limitaciones\" en los que debe presentar una demanda o cargo administrativo. Nuestra capacidad de analizar su caso potencial depende enteramente de la exactitud de la informaci\u00f3n que usted nos proporciona. Los veredictos\/acuerdos no constituyen una garant\u00eda o predicci\u00f3n sobre el resultado de su caso y pueden no representar la disposici\u00f3n final del caso v\u00eda apelaci\u00f3n, acuerdo o por otros medios. Cada caso es diferente y ning\u00fan abogado puede garantizarle un resultado favorable.<\/p>","protected":false},"excerpt":{"rendered":"<p>This website is intended to provide general information only. Nothing contained in this website is intended to provide legal advice. By using this website you acknowledge and agree that you have not formed an attorney-client relationship with The Murphy Law Firm and will not rely on any information contained on this website. Unless and until &hellip; <\/p>\n<p class=\"link-more\"><a href=\"https:\/\/www.murphylawfirm.com\/es\/disclaimer\/\" class=\"more-link\">Seguir leyendo<span class=\"screen-reader-text\"> &#8220;Disclaimer&#8221;<\/span><\/a><\/p>","protected":false},"author":1,"featured_media":0,"parent":0,"menu_order":0,"comment_status":"closed","ping_status":"closed","template":"","meta":{"_acf_changed":false,"footnotes":""},"class_list":["post-32","page","type-page","status-publish","hentry","entry"],"acf":[],"yoast_head":"<!-- This site is optimized with the Yoast SEO plugin v27.4 - https:\/\/yoast.com\/product\/yoast-seo-wordpress\/ -->\n<title>Disclaimer - Murphy Law Firm<\/title>\n<meta name=\"robots\" content=\"noindex, nofollow\" \/>\n<meta property=\"og:locale\" content=\"es_MX\" \/>\n<meta property=\"og:type\" content=\"article\" \/>\n<meta property=\"og:title\" content=\"Disclaimer - Murphy Law Firm\" \/>\n<meta property=\"og:description\" content=\"This website is intended to provide general information only. Nothing contained in this website is intended to provide legal advice. By using this website you acknowledge and agree that you have not formed an attorney-client relationship with The Murphy Law Firm and will not rely on any information contained on this website. Unless and until &hellip; Continuar leyendo &quot;Disclaimer&quot;\" \/>\n<meta property=\"og:url\" content=\"https:\/\/www.murphylawfirm.com\/es\/descargo-de-responsabilidad\/\" \/>\n<meta property=\"og:site_name\" content=\"Murphy Law Firm\" \/>\n<meta property=\"article:publisher\" content=\"https:\/\/www.facebook.com\/MurphyLawFirm225\/\" \/>\n<meta property=\"article:modified_time\" content=\"2025-03-10T12:08:36+00:00\" \/>\n<meta name=\"twitter:card\" content=\"summary_large_image\" \/>\n<meta name=\"twitter:site\" content=\"@murphylawfirm225\" \/>\n<!-- \/ Yoast SEO plugin. -->","yoast_head_json":{"title":"Descargo de responsabilidad - Murphy Law Firm","robots":{"index":"noindex","follow":"nofollow"},"og_locale":"es_MX","og_type":"article","og_title":"Disclaimer - Murphy Law Firm","og_description":"This website is intended to provide general information only. Nothing contained in this website is intended to provide legal advice. By using this website you acknowledge and agree that you have not formed an attorney-client relationship with The Murphy Law Firm and will not rely on any information contained on this website. Unless and until &hellip; Continuar leyendo \"Disclaimer\"","og_url":"https:\/\/www.murphylawfirm.com\/es\/descargo-de-responsabilidad\/","og_site_name":"Murphy Law Firm","article_publisher":"https:\/\/www.facebook.com\/MurphyLawFirm225\/","article_modified_time":"2025-03-10T12:08:36+00:00","twitter_card":"summary_large_image","twitter_site":"@murphylawfirm225","schema":{"@context":"https:\/\/schema.org","@graph":[{"@type":"WebPage","@id":"https:\/\/www.murphylawfirm.com\/disclaimer\/","url":"https:\/\/www.murphylawfirm.com\/disclaimer\/","name":"Descargo de responsabilidad - Murphy Law Firm","isPartOf":{"@id":"https:\/\/www.murphylawfirm.com\/#website"},"datePublished":"2022-01-06T11:58:58+00:00","dateModified":"2025-03-10T12:08:36+00:00","breadcrumb":{"@id":"https:\/\/www.murphylawfirm.com\/disclaimer\/#breadcrumb"},"inLanguage":"es","potentialAction":[{"@type":"ReadAction","target":["https:\/\/www.murphylawfirm.com\/disclaimer\/"]}]},{"@type":"BreadcrumbList","@id":"https:\/\/www.murphylawfirm.com\/disclaimer\/#breadcrumb","itemListElement":[{"@type":"ListItem","position":1,"name":"Home","item":"https:\/\/www.murphylawfirm.com\/"},{"@type":"ListItem","position":2,"name":"Disclaimer"}]},{"@type":"WebSite","@id":"https:\/\/www.murphylawfirm.com\/#website","url":"https:\/\/www.murphylawfirm.com\/","name":"Bufete Murphy","description":"","publisher":{"@id":"https:\/\/www.murphylawfirm.com\/#organization"},"potentialAction":[{"@type":"SearchAction","target":{"@type":"EntryPoint","urlTemplate":"https:\/\/www.murphylawfirm.com\/?s={search_term_string}"},"query-input":{"@type":"PropertyValueSpecification","valueRequired":true,"valueName":"search_term_string"}}],"inLanguage":"es"},{"@type":"Organization","@id":"https:\/\/www.murphylawfirm.com\/#organization","name":"Bufete Murphy","alternateName":"Murphy Law Firm","url":"https:\/\/www.murphylawfirm.com\/","logo":{"@type":"ImageObject","inLanguage":"es","@id":"https:\/\/www.murphylawfirm.com\/#\/schema\/logo\/image\/","url":"https:\/\/www.murphylawfirm.com\/wp-content\/uploads\/2024\/05\/murphy.jpg","contentUrl":"https:\/\/www.murphylawfirm.com\/wp-content\/uploads\/2024\/05\/murphy.jpg","width":309,"height":79,"caption":"Murphy Law Firm"},"image":{"@id":"https:\/\/www.murphylawfirm.com\/#\/schema\/logo\/image\/"},"sameAs":["https:\/\/www.facebook.com\/MurphyLawFirm225\/","https:\/\/x.com\/murphylawfirm225","https:\/\/www.instagram.com\/murphylawfirm225\/","https:\/\/www.linkedin.com\/in\/murphy-law-firm-peyton-murphy\/","https:\/\/maps.app.goo.gl\/WCtGDyEwg1JYgwZ87","https:\/\/www.yelp.com\/biz\/murphy-law-firm-baton-rouge-3","https:\/\/www.mapquest.com\/us\/louisiana\/murphy-law-firm-284707425","https:\/\/www.lawinfo.com\/lawfirm\/louisiana\/baton-rouge\/murphy-law-firm-llc\/97a2f249-3b83-4255-b82a-f62955d76970.html","https:\/\/www.hg.org\/attorney\/murphy-law-firm-llc\/68580","https:\/\/lawyers.findlaw.com\/louisiana\/baton-rouge\/2388680_1\/","https:\/\/www.bbb.org\/us\/la\/baton-rouge\/profile\/lawyers\/murphy-law-firm-llc-0835-12003342","https:\/\/www.lawyers.com\/baton-rouge\/louisiana\/murphy-law-firm-42910679-f\/","https:\/\/nextdoor.com\/pages\/murphy-law-firm-llc\/","https:\/\/www.lawyer4criminaldefense.com\/criminal-defense-lawyers\/listing\/b637fd75d4bc11b1a32273b847ba8a37\/","https:\/\/www.expertise.com\/legal\/slip-and-fall-lawyers\/louisiana\/baton-rouge","https:\/\/www.youtube.com\/@MurphyLawFirmBatonRouge"]}]}},"_links":{"self":[{"href":"https:\/\/www.murphylawfirm.com\/es\/wp-json\/wp\/v2\/pages\/32","targetHints":{"allow":["GET"]}}],"collection":[{"href":"https:\/\/www.murphylawfirm.com\/es\/wp-json\/wp\/v2\/pages"}],"about":[{"href":"https:\/\/www.murphylawfirm.com\/es\/wp-json\/wp\/v2\/types\/page"}],"author":[{"embeddable":true,"href":"https:\/\/www.murphylawfirm.com\/es\/wp-json\/wp\/v2\/users\/1"}],"replies":[{"embeddable":true,"href":"https:\/\/www.murphylawfirm.com\/es\/wp-json\/wp\/v2\/comments?post=32"}],"version-history":[{"count":2,"href":"https:\/\/www.murphylawfirm.com\/es\/wp-json\/wp\/v2\/pages\/32\/revisions"}],"predecessor-version":[{"id":5630,"href":"https:\/\/www.murphylawfirm.com\/es\/wp-json\/wp\/v2\/pages\/32\/revisions\/5630"}],"wp:attachment":[{"href":"https:\/\/www.murphylawfirm.com\/es\/wp-json\/wp\/v2\/media?parent=32"}],"curies":[{"name":"wp","href":"https:\/\/api.w.org\/{rel}","templated":true}]}}