{"id":3366,"date":"2024-12-02T09:00:00","date_gmt":"2024-12-02T09:00:00","guid":{"rendered":"https:\/\/www.murphylawfirm.com\/?page_id=3366"},"modified":"2025-03-13T04:35:49","modified_gmt":"2025-03-13T04:35:49","slug":"plaquemine-abogado-de-mordedura-de-perro","status":"publish","type":"page","link":"https:\/\/www.murphylawfirm.com\/es\/plaquemine-dog-bite-lawyer\/","title":{"rendered":"Plaquemine Abogado de mordedura de perro"},"content":{"rendered":"<div id=\"ez-toc-container\" class=\"ez-toc-v2_0_82_2 counter-hierarchy ez-toc-counter ez-toc-transparent ez-toc-container-direction\">\n<div class=\"ez-toc-title-container\">\n<p class=\"ez-toc-title ez-toc-toggle\" style=\"cursor:pointer\">\u00cdndice<\/p>\n<span class=\"ez-toc-title-toggle\"><a href=\"#\" class=\"ez-toc-pull-right ez-toc-btn ez-toc-btn-xs ez-toc-btn-default ez-toc-toggle\" aria-label=\"Toggle Table of Content\"><span class=\"ez-toc-js-icon-con\"><span class=\"\"><span class=\"eztoc-hide\" style=\"display:none;\">Toggle<\/span><span class=\"ez-toc-icon-toggle-span\"><svg style=\"fill: #999;color:#999\" xmlns=\"http:\/\/www.w3.org\/2000\/svg\" class=\"list-377408\" width=\"20px\" height=\"20px\" viewbox=\"0 0 24 24\" fill=\"none\"><path d=\"M6 6H4v2h2V6zm14 0H8v2h12V6zM4 11h2v2H4v-2zm16 0H8v2h12v-2zM4 16h2v2H4v-2zm16 0H8v2h12v-2z\" fill=\"currentColor\"><\/path><\/svg><svg style=\"fill: #999;color:#999\" class=\"arrow-unsorted-368013\" xmlns=\"http:\/\/www.w3.org\/2000\/svg\" width=\"10px\" height=\"10px\" viewbox=\"0 0 24 24\" version=\"1.2\" baseprofile=\"tiny\"><path d=\"M18.2 9.3l-6.2-6.3-6.2 6.3c-.2.2-.3.4-.3.7s.1.5.3.7c.2.2.4.3.7.3h11c.3 0 .5-.1.7-.3.2-.2.3-.5.3-.7s-.1-.5-.3-.7zM5.8 14.7l6.2 6.3 6.2-6.3c.2-.2.3-.5.3-.7s-.1-.5-.3-.7c-.2-.2-.4-.3-.7-.3h-11c-.3 0-.5.1-.7.3-.2.2-.3.5-.3.7s.1.5.3.7z\"\/><\/svg><\/span><\/span><\/span><\/a><\/span><\/div>\n<nav><ul class='ez-toc-list ez-toc-list-level-1 eztoc-toggle-hide-by-default' ><li class='ez-toc-page-1 ez-toc-heading-level-2'><a class=\"ez-toc-link ez-toc-heading-1\" href=\"https:\/\/www.murphylawfirm.com\/es\/plaquemine-dog-bite-lawyer\/#plaquemine-dog-bite-attorney\" >Plaquemine Abogado de mordeduras de perro<\/a><ul class='ez-toc-list-level-3' ><li class='ez-toc-heading-level-3'><a class=\"ez-toc-link ez-toc-heading-2\" href=\"https:\/\/www.murphylawfirm.com\/es\/plaquemine-dog-bite-lawyer\/#murphy-law-firm-defending-those-injured-in-dog-attacks\" >Murphy Law Firm: La defensa de los heridos en ataques de perros<\/a><\/li><li class='ez-toc-page-1 ez-toc-heading-level-3'><a class=\"ez-toc-link ez-toc-heading-3\" href=\"https:\/\/www.murphylawfirm.com\/es\/plaquemine-dog-bite-lawyer\/#what-injuries-are-common-in-dog-attacks\" >\u00bfQu\u00e9 lesiones son frecuentes en los ataques de perros?<\/a><\/li><\/ul><\/li><li class='ez-toc-page-1 ez-toc-heading-level-2'><a class=\"ez-toc-link ez-toc-heading-4\" href=\"https:\/\/www.murphylawfirm.com\/es\/plaquemine-dog-bite-lawyer\/#plaquemine-dog-bite-lawyer\" >Plaquemine Abogado de mordedura de perro<\/a><ul class='ez-toc-list-level-3' ><li class='ez-toc-heading-level-3'><a class=\"ez-toc-link ez-toc-heading-5\" href=\"https:\/\/www.murphylawfirm.com\/es\/plaquemine-dog-bite-lawyer\/#when-are-dog-owners-liable-for-a-dog-attack\" >\u00bfCu\u00e1ndo son responsables los due\u00f1os de un perro?<\/a><\/li><li class='ez-toc-page-1 ez-toc-heading-level-3'><a class=\"ez-toc-link ez-toc-heading-6\" href=\"https:\/\/www.murphylawfirm.com\/es\/plaquemine-dog-bite-lawyer\/#faqs\" >Preguntas frecuentes<\/a><\/li><li class='ez-toc-page-1 ez-toc-heading-level-3'><a class=\"ez-toc-link ez-toc-heading-7\" href=\"https:\/\/www.murphylawfirm.com\/es\/plaquemine-dog-bite-lawyer\/#get-free-legal-consultation-for-dog-bite-cases-at-murphy-law-firm\" >Obtenga consulta legal gratuita para casos de mordedura de perro en Murphy Law Firm<\/a><\/li><\/ul><\/li><\/ul><\/nav><\/div>\n<h2><span class=\"ez-toc-section\" id=\"plaquemine-dog-bite-attorney\"><\/span>Plaquemine Abogado de mordeduras de perro<span class=\"ez-toc-section-end\"><\/span><\/h2>\n<p>Los ataques de perros pueden provocar a veces lesiones catastr\u00f3ficas, incapacitantes e incluso mortales. Estos incidentes son especialmente perjudiciales para personas vulnerables como ni\u00f1os y ancianos. Si usted o un ser querido ha resultado herido por el ataque de un perro, puede exigir responsabilidades al due\u00f1o del perro. En\u00a0<strong>abogado con experiencia en mordeduras de perro Plaquemine<\/strong>\u00a0puede determinar si usted puede presentar una demanda contra el due\u00f1o del perro y c\u00f3mo maximizar eficazmente su recuperaci\u00f3n financiera.\u00a0<a href=\"https:\/\/www.murphylawfirm.com\/es\/nuestro-equipo\/\">Nuestro equipo de abogados en Murphy Law Firm<\/a>\u00a0est\u00e1 aqu\u00ed para guiarle a trav\u00e9s del proceso legal y asegurar que usted reciba la compensaci\u00f3n que merece por sus lesiones.<\/p>\n<p><img loading=\"lazy\" decoding=\"async\" class=\"alignnone wp-image-3455\" title=\"contrate al mejor abogado de mordeduras de perro de plaquemine\" src=\"https:\/\/www.murphylawfirm.com\/wp-content\/uploads\/2024\/12\/hire-best-plaquemine-dog-bite-lawyerr.webp\" alt=\"contrate al mejor abogado de mordeduras de perro de plaquemine\" width=\"1200\" height=\"600\" srcset=\"https:\/\/www.murphylawfirm.com\/wp-content\/uploads\/2024\/12\/hire-best-plaquemine-dog-bite-lawyerr.webp 800w, https:\/\/www.murphylawfirm.com\/wp-content\/uploads\/2024\/12\/hire-best-plaquemine-dog-bite-lawyerr-300x150.webp 300w, https:\/\/www.murphylawfirm.com\/wp-content\/uploads\/2024\/12\/hire-best-plaquemine-dog-bite-lawyerr-768x384.webp 768w\" sizes=\"auto, (max-width: 1200px) 100vw, 1200px\" \/><\/p>\n<h3><span class=\"ez-toc-section\" id=\"murphy-law-firm-defending-those-injured-in-dog-attacks\"><\/span>Murphy Law Firm: La defensa de los heridos en ataques de perros<span class=\"ez-toc-section-end\"><\/span><\/h3>\n<p>Las demandas por mordeduras de perro pueden ser complicadas, sobre todo cuando el due\u00f1o del perro es alguien conocido. El apoyo del abogado adecuado es necesario despu\u00e9s de estos incidentes. En Murphy Law Firm, podemos ayudarle a tomar las medidas adecuadas despu\u00e9s de un ataque de perro, la protecci\u00f3n de sus derechos e intereses financieros, mientras que la b\u00fasqueda de la compensaci\u00f3n necesaria para la recuperaci\u00f3n.<\/p>\n<p>Usted no deber\u00eda tener que lidiar con las negociaciones con los proveedores de seguros o reunir pruebas del da\u00f1o que ha sufrido mientras intenta recuperarse. Nuestro equipo tiene m\u00e1s de 30 a\u00f1os de experiencia en derecho de lesiones personales, incluidas las reclamaciones por ataques de perros. Sabemos c\u00f3mo determinar si usted tiene un caso v\u00e1lido y puede trabajar para obtener una indemnizaci\u00f3n por sus facturas m\u00e9dicas, p\u00e9rdida de ingresos, dolor f\u00edsico y otros da\u00f1os asociados con sus lesiones. A <a href=\"https:\/\/www.murphylawfirm.com\/es\/plaquemine-abogado-de-lesiones-personales\/\">abogado de lesiones personales<\/a> de nuestro equipo le proporcionar\u00e1 el apoyo legal que necesita para navegar por las complejidades de su caso y luchar por la indemnizaci\u00f3n que se merece.<\/p>\n<h3><span class=\"ez-toc-section\" id=\"what-injuries-are-common-in-dog-attacks\"><\/span>\u00bfQu\u00e9 lesiones son frecuentes en los ataques de perros?<span class=\"ez-toc-section-end\"><\/span><\/h3>\n<p>Las mordeduras y ataques de perro pueden provocar numerosas lesiones, que a veces pueden afectar a alguien para el resto de su vida. <strong>Algunas de las lesiones m\u00e1s comunes son:<\/strong><\/p>\n<ul>\n<li>Heridas punzantes<\/li>\n<li>Contusiones<\/li>\n<li>Laceraciones<\/li>\n<li>Esguinces<\/li>\n<li>Lesiones de tejidos blandos<\/li>\n<li>Lesiones por aplastamiento<\/li>\n<li>Huesos rotos<\/li>\n<li>Infecci\u00f3n y enfermedad<\/li>\n<li><a href=\"https:\/\/www.murphylawfirm.com\/es\/abogado-de-lesiones-cerebrales-plaquemine\/\">Lesiones cerebrales traum\u00e1ticas<\/a><\/li>\n<li>Da\u00f1os en la m\u00e9dula espinal<\/li>\n<li>Da\u00f1os en \u00f3rganos internos<\/li>\n<li>Rabia<\/li>\n<li>P\u00e9rdida de la funci\u00f3n de las extremidades<\/li>\n<li>P\u00e9rdida de visi\u00f3n<\/li>\n<li>Cicatrices y desfiguraci\u00f3n<\/li>\n<li>Trastorno de estr\u00e9s postraum\u00e1tico<\/li>\n<li>Muerte por negligencia<\/li>\n<\/ul>\n<p>Tras el ataque de un perro, es crucial que reciba r\u00e1pidamente atenci\u00f3n m\u00e9dica. Estas lesiones pueden ser graves, y ciertas infecciones pueden no parecer inmediatamente tan mortales como son. Un examen m\u00e9dico exhaustivo por parte de un profesional es esencial para proteger tu bienestar.<\/p>\n<p>Las lesiones m\u00e1s graves requieren un tratamiento m\u00e9dico m\u00e1s caro, cuidados a largo plazo y una baja laboral importante. Si las lesiones provocan una incapacidad permanente, es posible que nunca pueda volver a trabajar y que necesite ayudas para la movilidad y dispositivos m\u00e9dicos para vivir c\u00f3modamente. Cuanto m\u00e1s graves sean sus lesiones y m\u00e1s le alteren la vida, mayor ser\u00e1 la indemnizaci\u00f3n que necesite. Conozca <a href=\"https:\/\/www.murphylawfirm.com\/es\/blog\/leyes-de-louisiana-sobre-mordeduras-de-perro\/\">leyes sobre mordeduras de perro<\/a> es crucial en estos casos, ya que puede afectar a la cuant\u00eda de la indemnizaci\u00f3n a la que tiene derecho y al modo en que se determina la responsabilidad.<\/p>\n<div class=\"cmn-box baton\">\n<h2><span class=\"ez-toc-section\" id=\"plaquemine-dog-bite-lawyer\"><\/span>Plaquemine <strong>Abogado de mordeduras de perro<\/strong><span class=\"ez-toc-section-end\"><\/span><\/h2>\n<div class=\"inr_btn\">\n<div class=\"inr-cmn_btn\"><a class=\"cmn-btn\" href=\"https:\/\/www.murphylawfirm.com\/es\/pongase-en-contacto-con\/\">Programar una consulta<\/a><\/div>\n<div class=\"inr-phn\"><a href=\"tel:2259288800\">Llame ahora (225) 928-8800<\/a><\/div>\n<\/div>\n<\/div>\n<h3><span class=\"ez-toc-section\" id=\"when-are-dog-owners-liable-for-a-dog-attack\"><\/span>\u00bfCu\u00e1ndo son responsables los due\u00f1os de un perro?<span class=\"ez-toc-section-end\"><\/span><\/h3>\n<p>En el Louisiana, los propietarios de perros no son autom\u00e1ticamente responsables de los da\u00f1os causados por sus perros. Por el contrario, existen circunstancias espec\u00edficas que exigen cierto grado de imprudencia para que el propietario del perro sea considerado estrictamente responsable. <strong>El propietario de un perro es responsable si:<\/strong><\/p>\n<ol>\n<li>Sab\u00edan, o con una diligencia razonable deber\u00edan haber sabido, que su perro causar\u00eda da\u00f1os.<\/li>\n<li>Podr\u00edan haber evitado estos da\u00f1os con una diligencia razonable.<\/li>\n<li>No tuvieron un cuidado razonable.<\/li>\n<li>No provocaste al perro para que atacara.<\/li>\n<\/ol>\n<p>Si todo esto es cierto, el due\u00f1o del perro puede ser considerado responsable de sus da\u00f1os. El apoyo de un abogado es crucial para determinar si el due\u00f1o del perro deber\u00eda haber tomado medidas para evitar el ataque. Se requiere una investigaci\u00f3n exhaustiva de las circunstancias de la mordedura de perro, lo que la caus\u00f3, y las acciones o inacciones del propietario. Un abogado puede determinar si el propietario puede ser considerado responsable y reunir pruebas de ello.<\/p>\n<p>Un abogado tambi\u00e9n es \u00fatil para determinar qu\u00e9 da\u00f1os sufridos por usted son imputables al propietario. Mientras que algunos da\u00f1os, como el coste de su atenci\u00f3n m\u00e9dica, son sencillos, otras p\u00e9rdidas son m\u00e1s complicadas. Los da\u00f1os que son subjetivos, como el dolor f\u00edsico y el trauma emocional, son m\u00e1s f\u00e1ciles de calcular con un profesional cualificado. Sin un abogado, puede infravalorar cu\u00e1nto vale su reclamaci\u00f3n y tener costes a largo plazo que la reclamaci\u00f3n no cubra. Si se encuentra en <a href=\"https:\/\/en.wikipedia.org\/wiki\/Plaquemine,_Louisiana\" target=\"_blank\" rel=\"noopener\">Plaquemine, Louisiana<\/a>Un abogado experto puede garantizar que todos los da\u00f1os se eval\u00faen con precisi\u00f3n y que usted reciba la indemnizaci\u00f3n total que merece.<\/p>\n<h3><span class=\"ez-toc-section\" id=\"faqs\"><\/span>Preguntas frecuentes<span class=\"ez-toc-section-end\"><\/span><\/h3>\n<div class=\"accsec-ritcnt accordion\">\n<div class=\"accordion-section\">\n<h4><a class=\"accordion-section-title\" href=\"#accordion-1\">\u00bfDebo llamar a la polic\u00eda tras una mordedura de perro?<\/a><\/h4>\n<div id=\"accordion-1\" class=\"accordion-section-content open\">\n<p>Tras una mordedura de perro, lo primero que debe hacer es recibir atenci\u00f3n m\u00e9dica. Si no necesita atenci\u00f3n m\u00e9dica inmediata, debe denunciar el incidente, sobre todo si el perro sigue suelto. Denunciar el incidente tambi\u00e9n puede proporcionar un informe de la situaci\u00f3n y anotar cualquier prueba importante. Tambi\u00e9n puede llamar a la oficina local de control de animales para que quede constancia del incidente. Este organismo est\u00e1 capacitado para responder a los ataques de perros.<\/p>\n<\/div>\n<\/div>\n<div class=\"accordion-section\">\n<h4><a class=\"accordion-section-title\" href=\"#accordion-2\">\u00bfCu\u00e1l es la indemnizaci\u00f3n media por mordedura de perro?<\/a><\/h4>\n<div id=\"accordion-2\" class=\"accordion-section-content\">\n<p>No existe una indemnizaci\u00f3n media por mordedura de perro, ya que cada persona tendr\u00e1 una indemnizaci\u00f3n \u00fanica en funci\u00f3n de las p\u00e9rdidas espec\u00edficas que haya sufrido. Si sus lesiones son menores, como laceraciones menores, su pago puede ser menor. Esto se debe a que sus gastos m\u00e9dicos no ser\u00e1n tan altos, y es probable que no necesite mucho tiempo para recuperarse.<\/p>\n<p>Las lesiones graves pueden dar lugar a indemnizaciones mucho m\u00e1s elevadas. Un apoyo jur\u00eddico eficaz tambi\u00e9n es \u00fatil para obtener la mayor indemnizaci\u00f3n posible.<\/p>\n<\/div>\n<\/div>\n<div class=\"accordion-section\">\n<h4><a class=\"accordion-section-title\" href=\"#accordion-3\">\u00bfPuedo presentar una reclamaci\u00f3n por mordedura de perro en Louisiana?<\/a><\/h4>\n<div id=\"accordion-3\" class=\"accordion-section-content\">\n<p>S\u00ed, podr\u00eda presentar una reclamaci\u00f3n por mordedura de perro en <a href=\"https:\/\/en.wikipedia.org\/wiki\/Louisiana\" target=\"_blank\" rel=\"noopener\">Louisiana<\/a> en determinadas circunstancias. Si el due\u00f1o del perro sab\u00eda que el animal pod\u00eda causar da\u00f1os, pudo evitarlos y no lo hizo, puede ser considerado responsable. Tampoco debe haber provocado al perro. Si se cumplen estos requisitos, puede presentar una demanda por da\u00f1os personales contra el propietario de un perro por las lesiones que \u00e9ste le haya causado.<\/p>\n<\/div>\n<\/div>\n<div class=\"accordion-section\">\n<h4><a class=\"accordion-section-title\" href=\"#accordion-4\">\u00bfCubre el seguro de hogar las mordeduras de perro?<\/a><\/h4>\n<div id=\"accordion-4\" class=\"accordion-section-content\">\n<p>S\u00ed, el seguro de hogar suele cubrir las demandas por mordedura de perro presentadas contra el propietario, aunque puede que s\u00f3lo cubra las mordeduras que se produzcan en la propiedad del due\u00f1o. Sin este seguro, el propietario de un perro es enteramente responsable del coste total de los da\u00f1os de una persona lesionada si el propietario es declarado responsable. Si el propietario del perro tiene un seguro, el perjudicado puede obtener una indemnizaci\u00f3n del asegurador hasta los l\u00edmites de la cobertura.<\/p>\n<\/div>\n<\/div>\n<\/div>\n<h3><span class=\"ez-toc-section\" id=\"get-free-legal-consultation-for-dog-bite-cases-at-murphy-law-firm\"><\/span>Obtenga consulta legal gratuita para casos de mordedura de perro en Murphy Law Firm<span class=\"ez-toc-section-end\"><\/span><\/h3>\n<p>Si no est\u00e1 seguro de si tiene o no motivos para presentar una demanda contra el due\u00f1o de un perro, debe tratar su caso con un abogado. Las consecuencias personales y econ\u00f3micas de estos ataques pueden ser graves, y es crucial que cuente con todo el apoyo legal que necesite. <a href=\"https:\/\/www.murphylawfirm.com\/es\/pongase-en-contacto-con\/\">Contactar con el bufete Murphy<\/a> hoy mismo para ver c\u00f3mo podemos ayudarle a recuperar una indemnizaci\u00f3n tras el ataque de un perro.<\/p>","protected":false},"excerpt":{"rendered":"<p>Plaquemine Dog Bite Attorney Dog attacks can sometimes result in catastrophic, disabling, and even fatal injuries. These incidents are especially damaging to vulnerable individuals like children and the elderly. If you or a loved one was injured from a dog attack, you could hold the dog owner liable. An\u00a0experienced Plaquemine dog bite lawyer\u00a0can determine if &hellip; <\/p>\n<p class=\"link-more\"><a href=\"https:\/\/www.murphylawfirm.com\/es\/plaquemine-dog-bite-lawyer\/\" class=\"more-link\">Seguir leyendo<span class=\"screen-reader-text\"> &#8220;Plaquemine Dog Bite Lawyer&#8221;<\/span><\/a><\/p>","protected":false},"author":1,"featured_media":0,"parent":0,"menu_order":0,"comment_status":"closed","ping_status":"closed","template":"","meta":{"_acf_changed":false,"footnotes":""},"class_list":["post-3366","page","type-page","status-publish","hentry","entry"],"acf":[],"yoast_head":"<!-- This site is optimized with the Yoast SEO plugin v27.4 - https:\/\/yoast.com\/product\/yoast-seo-wordpress\/ -->\n<title>Plaquemine Dog Bite Lawyer - Animal Attack Attorney<\/title>\n<meta name=\"description\" content=\"Looking for a Plaquemine Dog Bite Lawyer? Murphy Law Firm offers legal help for dog bite cases. Contact us today for a free consultation!\" \/>\n<meta name=\"robots\" content=\"index, follow, max-snippet:-1, max-image-preview:large, max-video-preview:-1\" \/>\n<link rel=\"canonical\" href=\"https:\/\/www.murphylawfirm.com\/es\/plaquemine-abogado-de-mordedura-de-perro\/\" \/>\n<meta property=\"og:locale\" content=\"es_MX\" \/>\n<meta property=\"og:type\" content=\"article\" \/>\n<meta property=\"og:title\" content=\"Plaquemine Dog Bite Lawyer - Animal Attack Attorney\" \/>\n<meta property=\"og:description\" content=\"Looking for a Plaquemine Dog Bite Lawyer? Murphy Law Firm offers legal help for dog bite cases. Contact us today for a free consultation!\" \/>\n<meta property=\"og:url\" content=\"https:\/\/www.murphylawfirm.com\/es\/plaquemine-abogado-de-mordedura-de-perro\/\" \/>\n<meta property=\"og:site_name\" content=\"Murphy Law Firm\" \/>\n<meta property=\"article:publisher\" content=\"https:\/\/www.facebook.com\/MurphyLawFirm225\/\" \/>\n<meta property=\"article:modified_time\" content=\"2025-03-13T04:35:49+00:00\" \/>\n<meta property=\"og:image\" content=\"https:\/\/www.murphylawfirm.com\/wp-content\/uploads\/2024\/12\/hire-best-plaquemine-dog-bite-lawyerr.webp\" \/>\n\t<meta property=\"og:image:width\" content=\"800\" \/>\n\t<meta property=\"og:image:height\" content=\"400\" \/>\n\t<meta property=\"og:image:type\" content=\"image\/webp\" \/>\n<meta name=\"twitter:card\" content=\"summary_large_image\" \/>\n<meta name=\"twitter:site\" content=\"@murphylawfirm225\" \/>\n<meta name=\"twitter:label1\" content=\"Tiempo de lectura\" \/>\n\t<meta name=\"twitter:data1\" content=\"6 minutos\" \/>\n<!-- \/ Yoast SEO plugin. -->","yoast_head_json":{"title":"Plaquemine Abogado Mordedura de Perro - Abogado Ataque Animal","description":"\u00bfBusca un abogado de mordedura de perro Plaquemine? Murphy Law Firm ofrece ayuda legal para casos de mordedura de perro. \u00a1Cont\u00e1ctenos hoy para una consulta gratuita!","robots":{"index":"index","follow":"follow","max-snippet":"max-snippet:-1","max-image-preview":"max-image-preview:large","max-video-preview":"max-video-preview:-1"},"canonical":"https:\/\/www.murphylawfirm.com\/es\/plaquemine-abogado-de-mordedura-de-perro\/","og_locale":"es_MX","og_type":"article","og_title":"Plaquemine Dog Bite Lawyer - Animal Attack Attorney","og_description":"Looking for a Plaquemine Dog Bite Lawyer? Murphy Law Firm offers legal help for dog bite cases. Contact us today for a free consultation!","og_url":"https:\/\/www.murphylawfirm.com\/es\/plaquemine-abogado-de-mordedura-de-perro\/","og_site_name":"Murphy Law Firm","article_publisher":"https:\/\/www.facebook.com\/MurphyLawFirm225\/","article_modified_time":"2025-03-13T04:35:49+00:00","og_image":[{"width":800,"height":400,"url":"https:\/\/www.murphylawfirm.com\/wp-content\/uploads\/2024\/12\/hire-best-plaquemine-dog-bite-lawyerr.webp","type":"image\/webp"}],"twitter_card":"summary_large_image","twitter_site":"@murphylawfirm225","twitter_misc":{"Tiempo de lectura":"6 minutos"},"schema":{"@context":"https:\/\/schema.org","@graph":[{"@type":"WebPage","@id":"https:\/\/www.murphylawfirm.com\/plaquemine-dog-bite-lawyer\/","url":"https:\/\/www.murphylawfirm.com\/plaquemine-dog-bite-lawyer\/","name":"Plaquemine Abogado Mordedura de Perro - Abogado Ataque Animal","isPartOf":{"@id":"https:\/\/www.murphylawfirm.com\/#website"},"primaryImageOfPage":{"@id":"https:\/\/www.murphylawfirm.com\/plaquemine-dog-bite-lawyer\/#primaryimage"},"image":{"@id":"https:\/\/www.murphylawfirm.com\/plaquemine-dog-bite-lawyer\/#primaryimage"},"thumbnailUrl":"https:\/\/www.murphylawfirm.com\/wp-content\/uploads\/2024\/12\/hire-best-plaquemine-dog-bite-lawyerr.webp","datePublished":"2024-12-02T09:00:00+00:00","dateModified":"2025-03-13T04:35:49+00:00","description":"\u00bfBusca un abogado de mordedura de perro Plaquemine? Murphy Law Firm ofrece ayuda legal para casos de mordedura de perro. \u00a1Cont\u00e1ctenos hoy para una consulta gratuita!","breadcrumb":{"@id":"https:\/\/www.murphylawfirm.com\/plaquemine-dog-bite-lawyer\/#breadcrumb"},"inLanguage":"es","potentialAction":[{"@type":"ReadAction","target":["https:\/\/www.murphylawfirm.com\/plaquemine-dog-bite-lawyer\/"]}]},{"@type":"ImageObject","inLanguage":"es","@id":"https:\/\/www.murphylawfirm.com\/plaquemine-dog-bite-lawyer\/#primaryimage","url":"https:\/\/www.murphylawfirm.com\/wp-content\/uploads\/2024\/12\/hire-best-plaquemine-dog-bite-lawyerr.webp","contentUrl":"https:\/\/www.murphylawfirm.com\/wp-content\/uploads\/2024\/12\/hire-best-plaquemine-dog-bite-lawyerr.webp"},{"@type":"BreadcrumbList","@id":"https:\/\/www.murphylawfirm.com\/plaquemine-dog-bite-lawyer\/#breadcrumb","itemListElement":[{"@type":"ListItem","position":1,"name":"Home","item":"https:\/\/www.murphylawfirm.com\/"},{"@type":"ListItem","position":2,"name":"Plaquemine Dog Bite Lawyer"}]},{"@type":"WebSite","@id":"https:\/\/www.murphylawfirm.com\/#website","url":"https:\/\/www.murphylawfirm.com\/","name":"Bufete Murphy","description":"","publisher":{"@id":"https:\/\/www.murphylawfirm.com\/#organization"},"potentialAction":[{"@type":"SearchAction","target":{"@type":"EntryPoint","urlTemplate":"https:\/\/www.murphylawfirm.com\/?s={search_term_string}"},"query-input":{"@type":"PropertyValueSpecification","valueRequired":true,"valueName":"search_term_string"}}],"inLanguage":"es"},{"@type":"Organization","@id":"https:\/\/www.murphylawfirm.com\/#organization","name":"Bufete Murphy","alternateName":"Murphy Law Firm","url":"https:\/\/www.murphylawfirm.com\/","logo":{"@type":"ImageObject","inLanguage":"es","@id":"https:\/\/www.murphylawfirm.com\/#\/schema\/logo\/image\/","url":"https:\/\/www.murphylawfirm.com\/wp-content\/uploads\/2024\/05\/murphy.jpg","contentUrl":"https:\/\/www.murphylawfirm.com\/wp-content\/uploads\/2024\/05\/murphy.jpg","width":309,"height":79,"caption":"Murphy Law Firm"},"image":{"@id":"https:\/\/www.murphylawfirm.com\/#\/schema\/logo\/image\/"},"sameAs":["https:\/\/www.facebook.com\/MurphyLawFirm225\/","https:\/\/x.com\/murphylawfirm225","https:\/\/www.instagram.com\/murphylawfirm225\/","https:\/\/www.linkedin.com\/in\/murphy-law-firm-peyton-murphy\/","https:\/\/maps.app.goo.gl\/WCtGDyEwg1JYgwZ87","https:\/\/www.yelp.com\/biz\/murphy-law-firm-baton-rouge-3","https:\/\/www.mapquest.com\/us\/louisiana\/murphy-law-firm-284707425","https:\/\/www.lawinfo.com\/lawfirm\/louisiana\/baton-rouge\/murphy-law-firm-llc\/97a2f249-3b83-4255-b82a-f62955d76970.html","https:\/\/www.hg.org\/attorney\/murphy-law-firm-llc\/68580","https:\/\/lawyers.findlaw.com\/louisiana\/baton-rouge\/2388680_1\/","https:\/\/www.bbb.org\/us\/la\/baton-rouge\/profile\/lawyers\/murphy-law-firm-llc-0835-12003342","https:\/\/www.lawyers.com\/baton-rouge\/louisiana\/murphy-law-firm-42910679-f\/","https:\/\/nextdoor.com\/pages\/murphy-law-firm-llc\/","https:\/\/www.lawyer4criminaldefense.com\/criminal-defense-lawyers\/listing\/b637fd75d4bc11b1a32273b847ba8a37\/","https:\/\/www.expertise.com\/legal\/slip-and-fall-lawyers\/louisiana\/baton-rouge","https:\/\/www.youtube.com\/@MurphyLawFirmBatonRouge"]}]}},"_links":{"self":[{"href":"https:\/\/www.murphylawfirm.com\/es\/wp-json\/wp\/v2\/pages\/3366","targetHints":{"allow":["GET"]}}],"collection":[{"href":"https:\/\/www.murphylawfirm.com\/es\/wp-json\/wp\/v2\/pages"}],"about":[{"href":"https:\/\/www.murphylawfirm.com\/es\/wp-json\/wp\/v2\/types\/page"}],"author":[{"embeddable":true,"href":"https:\/\/www.murphylawfirm.com\/es\/wp-json\/wp\/v2\/users\/1"}],"replies":[{"embeddable":true,"href":"https:\/\/www.murphylawfirm.com\/es\/wp-json\/wp\/v2\/comments?post=3366"}],"version-history":[{"count":16,"href":"https:\/\/www.murphylawfirm.com\/es\/wp-json\/wp\/v2\/pages\/3366\/revisions"}],"predecessor-version":[{"id":6202,"href":"https:\/\/www.murphylawfirm.com\/es\/wp-json\/wp\/v2\/pages\/3366\/revisions\/6202"}],"wp:attachment":[{"href":"https:\/\/www.murphylawfirm.com\/es\/wp-json\/wp\/v2\/media?parent=3366"}],"curies":[{"name":"wp","href":"https:\/\/api.w.org\/{rel}","templated":true}]}}