{"id":3375,"date":"2024-12-02T09:02:01","date_gmt":"2024-12-02T09:02:01","guid":{"rendered":"https:\/\/www.murphylawfirm.com\/?page_id=3375"},"modified":"2025-03-13T04:32:02","modified_gmt":"2025-03-13T04:32:02","slug":"gonzales-abogado-de-mordedura-de-perro","status":"publish","type":"page","link":"https:\/\/www.murphylawfirm.com\/es\/gonzales-dog-bite-lawyer\/","title":{"rendered":"Gonzales Abogado de mordedura de perro"},"content":{"rendered":"<div id=\"ez-toc-container\" class=\"ez-toc-v2_0_83 counter-hierarchy ez-toc-counter ez-toc-transparent ez-toc-container-direction\">\n<div class=\"ez-toc-title-container\">\n<p class=\"ez-toc-title ez-toc-toggle\" style=\"cursor:pointer\">\u00cdndice<\/p>\n<span class=\"ez-toc-title-toggle\"><a href=\"#\" class=\"ez-toc-pull-right ez-toc-btn ez-toc-btn-xs ez-toc-btn-default ez-toc-toggle\" aria-label=\"Toggle Table of Content\"><span class=\"ez-toc-js-icon-con\"><span class=\"\"><span class=\"eztoc-hide\" style=\"display:none;\">Toggle<\/span><span class=\"ez-toc-icon-toggle-span\"><svg style=\"fill: #999;color:#999\" xmlns=\"http:\/\/www.w3.org\/2000\/svg\" class=\"list-377408\" width=\"20px\" height=\"20px\" viewbox=\"0 0 24 24\" fill=\"none\"><path d=\"M6 6H4v2h2V6zm14 0H8v2h12V6zM4 11h2v2H4v-2zm16 0H8v2h12v-2zM4 16h2v2H4v-2zm16 0H8v2h12v-2z\" fill=\"currentColor\"><\/path><\/svg><svg style=\"fill: #999;color:#999\" class=\"arrow-unsorted-368013\" xmlns=\"http:\/\/www.w3.org\/2000\/svg\" width=\"10px\" height=\"10px\" viewbox=\"0 0 24 24\" version=\"1.2\" baseprofile=\"tiny\"><path d=\"M18.2 9.3l-6.2-6.3-6.2 6.3c-.2.2-.3.4-.3.7s.1.5.3.7c.2.2.4.3.7.3h11c.3 0 .5-.1.7-.3.2-.2.3-.5.3-.7s-.1-.5-.3-.7zM5.8 14.7l6.2 6.3 6.2-6.3c.2-.2.3-.5.3-.7s-.1-.5-.3-.7c-.2-.2-.4-.3-.7-.3h-11c-.3 0-.5.1-.7.3-.2.2-.3.5-.3.7s.1.5.3.7z\"\/><\/svg><\/span><\/span><\/span><\/a><\/span><\/div>\n<nav><ul class='ez-toc-list ez-toc-list-level-1 eztoc-toggle-hide-by-default' ><li class='ez-toc-page-1 ez-toc-heading-level-2'><a class=\"ez-toc-link ez-toc-heading-1\" href=\"https:\/\/www.murphylawfirm.com\/es\/gonzales-dog-bite-lawyer\/#gonzales-dog-bite-attorney\" >Gonzales Abogado de mordeduras de perro<\/a><ul class='ez-toc-list-level-3' ><li class='ez-toc-heading-level-3'><a class=\"ez-toc-link ez-toc-heading-2\" href=\"https:\/\/www.murphylawfirm.com\/es\/gonzales-dog-bite-lawyer\/#skilled-legal-representation-for-those-injured-by-dog-attacks\" >Representaci\u00f3n legal cualificada para los heridos por ataques de perros<\/a><\/li><li class='ez-toc-page-1 ez-toc-heading-level-3'><a class=\"ez-toc-link ez-toc-heading-3\" href=\"https:\/\/www.murphylawfirm.com\/es\/gonzales-dog-bite-lawyer\/#what-compensation-can-you-get-in-a-dog-bite-claim\" >\u00bfQu\u00e9 indemnizaci\u00f3n puede obtener en una reclamaci\u00f3n por mordedura de perro?<\/a><\/li><li class='ez-toc-page-1 ez-toc-heading-level-3'><a class=\"ez-toc-link ez-toc-heading-4\" href=\"https:\/\/www.murphylawfirm.com\/es\/gonzales-dog-bite-lawyer\/#the-importance-of-legal-support\" >La importancia del apoyo jur\u00eddico<\/a><\/li><\/ul><\/li><li class='ez-toc-page-1 ez-toc-heading-level-2'><a class=\"ez-toc-link ez-toc-heading-5\" href=\"https:\/\/www.murphylawfirm.com\/es\/gonzales-dog-bite-lawyer\/#gonzales-dog-bite-lawyer\" >Gonzales Abogado de mordedura de perro<\/a><ul class='ez-toc-list-level-3' ><li class='ez-toc-heading-level-3'><a class=\"ez-toc-link ez-toc-heading-6\" href=\"https:\/\/www.murphylawfirm.com\/es\/gonzales-dog-bite-lawyer\/#faqs\" >Preguntas frecuentes<\/a><\/li><li class='ez-toc-page-1 ez-toc-heading-level-3'><a class=\"ez-toc-link ez-toc-heading-7\" href=\"https:\/\/www.murphylawfirm.com\/es\/gonzales-dog-bite-lawyer\/#contact-murphy-law-firm-to-get-defense-related-to-dog-bite-cases\" >P\u00f3ngase en contacto con Murphy Law Firm para obtener defensa relacionada con casos de mordeduras de perro<\/a><\/li><\/ul><\/li><\/ul><\/nav><\/div>\n<h2><span class=\"ez-toc-section\" id=\"gonzales-dog-bite-attorney\"><\/span>Gonzales Abogado de mordeduras de perro<span class=\"ez-toc-section-end\"><\/span><\/h2>\n<p>Cuando los due\u00f1os de perros no toman las precauciones y cuidados razonables con su perro, y \u00e9ste ataca a alguien, el due\u00f1o puede ser considerado responsable. Aunque estas lesiones pueden parecer menos graves que otros tipos de lesiones personales, pueden ser catastr\u00f3ficas y mortales, especialmente para los ni\u00f1os. Si usted o un ser querido ha resultado herido en un ataque de perro, un\u00a0<strong>abogado con experiencia en mordeduras de perro Gonzales<\/strong>\u00a0puede determinar si tiene motivos para reclamar y ayudarle a obtener una recuperaci\u00f3n econ\u00f3mica.\u00a0<a href=\"https:\/\/www.murphylawfirm.com\/es\/nuestro-equipo\/\">Nuestro equipo de abogados en Murphy Law Firm<\/a>\u00a0est\u00e1 aqu\u00ed para proporcionar el apoyo legal que necesita y ayudar a asegurar que usted reciba la compensaci\u00f3n que se merece por sus lesiones.<\/p>\n<p><img loading=\"lazy\" decoding=\"async\" class=\"alignnone wp-image-3461 size-full\" title=\"contrate al mejor abogado de mordeduras de perro en gonzales\" src=\"https:\/\/www.murphylawfirm.com\/wp-content\/uploads\/2024\/12\/hire-best-gonzales-dog-bite-lawyer.webp\" alt=\"contrate al mejor abogado de mordeduras de perro en gonzales\" width=\"1200\" height=\"600\" srcset=\"https:\/\/www.murphylawfirm.com\/wp-content\/uploads\/2024\/12\/hire-best-gonzales-dog-bite-lawyer.webp 1200w, https:\/\/www.murphylawfirm.com\/wp-content\/uploads\/2024\/12\/hire-best-gonzales-dog-bite-lawyer-300x150.webp 300w, https:\/\/www.murphylawfirm.com\/wp-content\/uploads\/2024\/12\/hire-best-gonzales-dog-bite-lawyer-1024x512.webp 1024w, https:\/\/www.murphylawfirm.com\/wp-content\/uploads\/2024\/12\/hire-best-gonzales-dog-bite-lawyer-768x384.webp 768w\" sizes=\"auto, (max-width: 1200px) 100vw, 1200px\" \/><\/p>\n<h3><span class=\"ez-toc-section\" id=\"skilled-legal-representation-for-those-injured-by-dog-attacks\"><\/span>Representaci\u00f3n legal cualificada para los heridos por ataques de perros<span class=\"ez-toc-section-end\"><\/span><\/h3>\n<p>Usted no debe ser responsable de los costos y p\u00e9rdidas financieras de una mordedura de perro cuando sucedi\u00f3 porque el due\u00f1o del perro fue descuidado. Cuando trabaja con Murphy Law Firm, podemos ayudarlo a obtener la recuperaci\u00f3n financiera que necesita para cubrir las facturas m\u00e9dicas, los ingresos perdidos y el trauma f\u00edsico y emocional del ataque.<\/p>\n<p>Tenemos m\u00e1s de 30 a\u00f1os de experiencia legal en casos de lesiones personales, incluyendo mordeduras y ataques de perros. Nuestro equipo entiende la inmensa tensi\u00f3n que estos incidentes pueden causar, especialmente cuando el due\u00f1o del perro es alguien que usted conoce. En Murphy Law Firm, tambi\u00e9n entendemos c\u00f3mo sustancialmente estas lesiones pueden afectar su vida, resultando en dolor grave a largo plazo, desfiguraci\u00f3n y discapacidad. A <a href=\"https:\/\/www.murphylawfirm.com\/es\/gonzales-abogado-de-lesiones-personales\/\">abogado de lesiones personales<\/a> de nuestro equipo trabajar\u00e1 incansablemente para garantizar que reciba la indemnizaci\u00f3n que merece por su sufrimiento y ayudarle a navegar por las complejidades de su caso.<\/p>\n<p>Queremos ayudarle a navegar su caso y determinar si usted tiene el derecho de responsabilizar al due\u00f1o del perro y proteger su futuro financiero. Nuestro equipo puede proporcionarle apoyo legal compasivo.<\/p>\n<h3><span class=\"ez-toc-section\" id=\"what-compensation-can-you-get-in-a-dog-bite-claim\"><\/span>\u00bfQu\u00e9 indemnizaci\u00f3n puede obtener en una reclamaci\u00f3n por mordedura de perro?<span class=\"ez-toc-section-end\"><\/span><\/h3>\n<p>Si el propietario del perro es declarado estrictamente responsable de sus da\u00f1os, usted puede recuperar la totalidad de sus p\u00e9rdidas. El valor de su indemnizaci\u00f3n depende del valor de sus propias p\u00e9rdidas, tanto econ\u00f3micas como no econ\u00f3micas. Entendiendo <a href=\"https:\/\/www.murphylawfirm.com\/es\/blog\/leyes-de-louisiana-sobre-mordeduras-de-perro\/\">leyes sobre mordeduras de perro<\/a> es esencial en estos casos, ya que determinan el alcance de la responsabilidad del propietario y el tipo de indemnizaci\u00f3n a la que usted puede tener derecho. Un abogado experto puede ayudar a garantizar que se tengan en cuenta todas las leyes aplicables y que usted reciba una indemnizaci\u00f3n justa por sus lesiones.<\/p>\n<p><strong>Las p\u00e9rdidas econ\u00f3micas son p\u00e9rdidas monetarias, incluyendo:<\/strong><\/p>\n<ul>\n<li><strong>Facturas m\u00e9dicas:<\/strong> La indemnizaci\u00f3n puede recuperar el coste del transporte hospitalario, los tratamientos contra la rabia y otras enfermedades infecciosas, la cirug\u00eda de pinchazos y laceraciones, la medicaci\u00f3n, las visitas al m\u00e9dico, las estancias en el hospital y la fisioterapia. Tambi\u00e9n puede cubrir los gastos de cuidados a largo plazo, por ejemplo si necesita terapia o cuidados a domicilio por p\u00e9rdida de movilidad.<\/li>\n<\/ul>\n<p>La indemnizaci\u00f3n por facturas m\u00e9dicas tambi\u00e9n debe tener en cuenta las complicaciones futuras que son comunes con ciertos tipos de lesiones y los costes de esas complicaciones.<\/p>\n<ul>\n<li><strong>P\u00e9rdida de ingresos:<\/strong> Su recuperaci\u00f3n econ\u00f3mica debe compensarle por los ingresos que perdi\u00f3 durante la recuperaci\u00f3n f\u00edsica a corto plazo, as\u00ed como por el trabajo que tuvo que perder por las visitas al m\u00e9dico.<\/li>\n<li><strong>P\u00e9rdida de capacidad de ganancia:<\/strong> Si sus lesiones le han incapacitado parcial o totalmente, impidi\u00e9ndole realizar un trabajo en el mismo grado o en absoluto, debe ser indemnizado por p\u00e9rdida de capacidad de ganancia. Esto recupera el valor de los salarios que deber\u00edas haber ganado a lo largo de tu vida si no te hubieras lesionado.<\/li>\n<\/ul>\n<p>Los da\u00f1os no econ\u00f3micos son p\u00e9rdidas emocionales o psicol\u00f3gicas que no tienen un valor econ\u00f3mico fijo. En su lugar, se les asignan valores financieros en funci\u00f3n de la gravedad de los da\u00f1os econ\u00f3micos de la persona y de otros factores. <strong>Estas p\u00e9rdidas pueden incluir:<\/strong><\/p>\n<ul>\n<li>Dolor y sufrimiento<\/li>\n<li>Trauma emocional<\/li>\n<li>P\u00e9rdida de calidad o disfrute de la vida<\/li>\n<li>Trastorno de estr\u00e9s postraum\u00e1tico<\/li>\n<li>Desfiguraci\u00f3n y cicatrices<\/li>\n<\/ul>\n<h3><span class=\"ez-toc-section\" id=\"the-importance-of-legal-support\"><\/span>La importancia del apoyo jur\u00eddico<span class=\"ez-toc-section-end\"><\/span><\/h3>\n<p>Algunos de estos da\u00f1os son f\u00e1ciles de calcular. Sin embargo, sin un abogado, es probable que infravalore su reclamaci\u00f3n y no recupere el valor de sus da\u00f1os no econ\u00f3micos o futuras facturas m\u00e9dicas.<\/p>\n<div class=\"cmn-box baton\">\n<h2><span class=\"ez-toc-section\" id=\"gonzales-dog-bite-lawyer\"><\/span>Gonzales <strong>Abogado de mordeduras de perro<\/strong><span class=\"ez-toc-section-end\"><\/span><\/h2>\n<div class=\"inr_btn\">\n<div class=\"inr-cmn_btn\"><a class=\"cmn-btn\" href=\"https:\/\/www.murphylawfirm.com\/es\/pongase-en-contacto-con\/\">Programar una consulta<\/a><\/div>\n<div class=\"inr-phn\"><a href=\"tel:2259288800\">Llame ahora (225) 928-8800<\/a><\/div>\n<\/div>\n<\/div>\n<p>Un abogado sabe c\u00f3mo calcular sus p\u00e9rdidas, maximizar sus da\u00f1os y asegurarse de que el c\u00e1lculo es justo. Esta informaci\u00f3n ayuda significativamente al entrar en negociaciones. Tambi\u00e9n hay da\u00f1os \u00fanicos si usted ha perdido a un ser querido debido a un ataque mortal de un perro. Un abogado puede ayudarle a navegar este momento imposiblemente dif\u00edcil y responsabilizar al due\u00f1o del perro.<\/p>\n<h3><span class=\"ez-toc-section\" id=\"faqs\"><\/span>Preguntas frecuentes<span class=\"ez-toc-section-end\"><\/span><\/h3>\n<div class=\"accsec-ritcnt accordion\">\n<div class=\"accordion-section\">\n<h4><a class=\"accordion-section-title\" href=\"#accordion-1\">\u00bfCu\u00e1l es la indemnizaci\u00f3n media por mordedura de perro en Louisiana?<\/a><\/h4>\n<div id=\"accordion-1\" class=\"accordion-section-content open\">\n<p><strong>No existe una indemnizaci\u00f3n media por mordedura de perro en Louisiana porque cada reclamaci\u00f3n por mordedura de perro es \u00fanica, y el valor de su propia indemnizaci\u00f3n por mordedura de perro no puede basarse en otras reclamaciones. El valor de su acuerdo depender\u00e1 de factores tales como:<\/strong><\/p>\n<ul>\n<li>La gravedad de sus lesiones inmediatas<\/li>\n<li>El tiempo que sus lesiones le impiden trabajar<\/li>\n<li>C\u00f3mo afectan sus lesiones a su vida<\/li>\n<li>El nivel de cualificaci\u00f3n de su abogado<\/li>\n<li>Si el caso se resuelve o va a juicio<\/li>\n<\/ul>\n<\/div>\n<\/div>\n<div class=\"accordion-section\">\n<h4><a class=\"accordion-section-title\" href=\"#accordion-2\">\u00bfPuede reclamar una indemnizaci\u00f3n por mordedura de perro?<\/a><\/h4>\n<div id=\"accordion-2\" class=\"accordion-section-content\">\n<p>S\u00ed, puede reclamar una indemnizaci\u00f3n por mordedura de perro. En cada Estado la responsabilidad de los due\u00f1os de perros var\u00eda. Los due\u00f1os de perros en <a href=\"https:\/\/en.wikipedia.org\/wiki\/Louisiana\" target=\"_blank\" rel=\"noopener\">Louisiana<\/a> tienen una responsabilidad objetiva limitada. Pueden ser considerados estrictamente responsables de los da\u00f1os causados por su perro si sab\u00edan que el comportamiento del perro causar\u00eda da\u00f1os o deber\u00edan haberlo sabido, pod\u00edan evitar esos da\u00f1os y no lo hicieron. La parte perjudicada no debe haber hecho nada que provocara al perro.<\/p>\n<\/div>\n<\/div>\n<div class=\"accordion-section\">\n<h4><a class=\"accordion-section-title\" href=\"#accordion-3\">\u00bfQu\u00e9 es una mordedura de perro de nivel 4?<\/a><\/h4>\n<div id=\"accordion-3\" class=\"accordion-section-content\">\n<p>Una mordedura de perro de nivel 4 se basa en la escala de mordeduras de perro de Dunbar y se refiere a una sola mordedura que provoca entre una y cuatro heridas punzantes, as\u00ed como hematomas profundos o laceraciones. Esta escala se utiliza para medir la gravedad de las distintas mordeduras de perro. Una mordedura de perro de nivel 6 es la m\u00e1s devastadora, mientras que una de nivel 1 no rompe la piel. El baremo suele utilizarse para determinar la indemnizaci\u00f3n en funci\u00f3n de la gravedad de las heridas del individuo.<\/p>\n<\/div>\n<\/div>\n<div class=\"accordion-section\">\n<h4><a class=\"accordion-section-title\" href=\"#accordion-4\">\u00bfC\u00f3mo me protejo de una demanda por mordedura de perro?<\/a><\/h4>\n<div id=\"accordion-4\" class=\"accordion-section-content\">\n<p>Si es usted propietario de un perro, puede protegerse de una demanda por mordedura de perro siendo diligente y evitando que su perro cause da\u00f1os. Los propietarios de perros tambi\u00e9n deben contratar seguros, como el seguro de hogar. Este seguro puede utilizarse si se le considera responsable de los da\u00f1os causados por su perro. En lugar de responsabilizarle a usted personalmente de las facturas m\u00e9dicas y otros da\u00f1os de la persona lesionada, \u00e9sta puede recurrir a la cobertura de su seguro. Si est\u00e1 en <a href=\"https:\/\/en.wikipedia.org\/wiki\/Gonzales,_Louisiana\" target=\"_blank\" rel=\"noopener\">Gonzales, Louisiana<\/a>Por ello, es importante conocer las leyes locales y asegurarse de que se dispone de la cobertura de seguro adecuada para protegerse de posibles responsabilidades.<\/p>\n<\/div>\n<\/div>\n<\/div>\n<h3><span class=\"ez-toc-section\" id=\"contact-murphy-law-firm-to-get-defense-related-to-dog-bite-cases\"><\/span>P\u00f3ngase en contacto con Murphy Law Firm para obtener defensa relacionada con casos de mordeduras de perro<span class=\"ez-toc-section-end\"><\/span><\/h3>\n<p>Puede que un perro le haya mordido, ara\u00f1ado, derribado o lesionado de cualquier otra forma. Si el due\u00f1o deber\u00eda haber tenido m\u00e1s cuidado para evitar el ataque y no lo hizo, usted puede exigirle responsabilidades. Una representaci\u00f3n legal cualificada es crucial para llevar con \u00e9xito el caso dentro de los plazos adecuados. <a href=\"https:\/\/www.murphylawfirm.com\/es\/pongase-en-contacto-con\/\">P\u00f3ngase en contacto con el experimentado equipo de Murphy Law Firm<\/a> para ver c\u00f3mo podemos ayudarle.<\/p>","protected":false},"excerpt":{"rendered":"<p>Gonzales Dog Bite Attorney When dog owners fail to take reasonable care and caution for their dog, and it attacks someone, the owner can be held liable. Although these injuries can seem like they would be less severe than other types of personal injuries, they can be catastrophic and deadly, particularly to children. If you &hellip; <\/p>\n<p class=\"link-more\"><a href=\"https:\/\/www.murphylawfirm.com\/es\/gonzales-dog-bite-lawyer\/\" class=\"more-link\">Seguir leyendo<span class=\"screen-reader-text\"> &#8220;Gonzales Dog Bite Lawyer&#8221;<\/span><\/a><\/p>","protected":false},"author":1,"featured_media":0,"parent":0,"menu_order":0,"comment_status":"closed","ping_status":"closed","template":"","meta":{"_acf_changed":false,"footnotes":""},"class_list":["post-3375","page","type-page","status-publish","hentry","entry"],"acf":[],"yoast_head":"<!-- This site is optimized with the Yoast SEO plugin v27.6 - https:\/\/yoast.com\/product\/yoast-seo-wordpress\/ -->\n<title>Gonzales Dog Bite Lawyer - Animal Attack Attorney<\/title>\n<meta name=\"description\" content=\"Need a Gonzales Dog Bite Lawyer? Murphy Law Firm provides expert legal representation for animal attack cases. Contact us for a free consultation!\" \/>\n<meta name=\"robots\" content=\"index, follow, max-snippet:-1, max-image-preview:large, max-video-preview:-1\" \/>\n<link rel=\"canonical\" href=\"https:\/\/www.murphylawfirm.com\/es\/gonzales-abogado-de-mordedura-de-perro\/\" \/>\n<meta property=\"og:locale\" content=\"es_MX\" \/>\n<meta property=\"og:type\" content=\"article\" \/>\n<meta property=\"og:title\" content=\"Gonzales Dog Bite Lawyer - Animal Attack Attorney\" \/>\n<meta property=\"og:description\" content=\"Need a Gonzales Dog Bite Lawyer? Murphy Law Firm provides expert legal representation for animal attack cases. Contact us for a free consultation!\" \/>\n<meta property=\"og:url\" content=\"https:\/\/www.murphylawfirm.com\/es\/gonzales-abogado-de-mordedura-de-perro\/\" \/>\n<meta property=\"og:site_name\" content=\"Murphy Law Firm\" \/>\n<meta property=\"article:publisher\" content=\"https:\/\/www.facebook.com\/MurphyLawFirm225\/\" \/>\n<meta property=\"article:modified_time\" content=\"2025-03-13T04:32:02+00:00\" \/>\n<meta property=\"og:image\" content=\"https:\/\/www.murphylawfirm.com\/wp-content\/uploads\/2024\/12\/hire-best-gonzales-dog-bite-lawyer.webp\" \/>\n\t<meta property=\"og:image:width\" content=\"1200\" \/>\n\t<meta property=\"og:image:height\" content=\"600\" \/>\n\t<meta property=\"og:image:type\" content=\"image\/webp\" \/>\n<meta name=\"twitter:card\" content=\"summary_large_image\" \/>\n<meta name=\"twitter:site\" content=\"@murphylawfirm225\" \/>\n<meta name=\"twitter:label1\" content=\"Tiempo de lectura\" \/>\n\t<meta name=\"twitter:data1\" content=\"6 minutos\" \/>\n<!-- \/ Yoast SEO plugin. -->","yoast_head_json":{"title":"Gonzales Abogado de Mordedura de Perro - Abogado de Ataque Animal","description":"\u00bfNecesita un abogado de mordedura de perro Gonzales? Murphy Law Firm proporciona representaci\u00f3n legal experta para casos de ataques de animales. \u00a1Cont\u00e1ctenos para una consulta gratuita!","robots":{"index":"index","follow":"follow","max-snippet":"max-snippet:-1","max-image-preview":"max-image-preview:large","max-video-preview":"max-video-preview:-1"},"canonical":"https:\/\/www.murphylawfirm.com\/es\/gonzales-abogado-de-mordedura-de-perro\/","og_locale":"es_MX","og_type":"article","og_title":"Gonzales Dog Bite Lawyer - Animal Attack Attorney","og_description":"Need a Gonzales Dog Bite Lawyer? Murphy Law Firm provides expert legal representation for animal attack cases. Contact us for a free consultation!","og_url":"https:\/\/www.murphylawfirm.com\/es\/gonzales-abogado-de-mordedura-de-perro\/","og_site_name":"Murphy Law Firm","article_publisher":"https:\/\/www.facebook.com\/MurphyLawFirm225\/","article_modified_time":"2025-03-13T04:32:02+00:00","og_image":[{"width":1200,"height":600,"url":"https:\/\/www.murphylawfirm.com\/wp-content\/uploads\/2024\/12\/hire-best-gonzales-dog-bite-lawyer.webp","type":"image\/webp"}],"twitter_card":"summary_large_image","twitter_site":"@murphylawfirm225","twitter_misc":{"Tiempo de lectura":"6 minutos"},"schema":{"@context":"https:\/\/schema.org","@graph":[{"@type":"WebPage","@id":"https:\/\/www.murphylawfirm.com\/gonzales-dog-bite-lawyer\/","url":"https:\/\/www.murphylawfirm.com\/gonzales-dog-bite-lawyer\/","name":"Gonzales Abogado de Mordedura de Perro - Abogado de Ataque Animal","isPartOf":{"@id":"https:\/\/www.murphylawfirm.com\/#website"},"primaryImageOfPage":{"@id":"https:\/\/www.murphylawfirm.com\/gonzales-dog-bite-lawyer\/#primaryimage"},"image":{"@id":"https:\/\/www.murphylawfirm.com\/gonzales-dog-bite-lawyer\/#primaryimage"},"thumbnailUrl":"https:\/\/www.murphylawfirm.com\/wp-content\/uploads\/2024\/12\/hire-best-gonzales-dog-bite-lawyer.webp","datePublished":"2024-12-02T09:02:01+00:00","dateModified":"2025-03-13T04:32:02+00:00","description":"\u00bfNecesita un abogado de mordedura de perro Gonzales? Murphy Law Firm proporciona representaci\u00f3n legal experta para casos de ataques de animales. \u00a1Cont\u00e1ctenos para una consulta gratuita!","breadcrumb":{"@id":"https:\/\/www.murphylawfirm.com\/gonzales-dog-bite-lawyer\/#breadcrumb"},"inLanguage":"es","potentialAction":[{"@type":"ReadAction","target":["https:\/\/www.murphylawfirm.com\/gonzales-dog-bite-lawyer\/"]}]},{"@type":"ImageObject","inLanguage":"es","@id":"https:\/\/www.murphylawfirm.com\/gonzales-dog-bite-lawyer\/#primaryimage","url":"https:\/\/www.murphylawfirm.com\/wp-content\/uploads\/2024\/12\/hire-best-gonzales-dog-bite-lawyer.webp","contentUrl":"https:\/\/www.murphylawfirm.com\/wp-content\/uploads\/2024\/12\/hire-best-gonzales-dog-bite-lawyer.webp"},{"@type":"BreadcrumbList","@id":"https:\/\/www.murphylawfirm.com\/gonzales-dog-bite-lawyer\/#breadcrumb","itemListElement":[{"@type":"ListItem","position":1,"name":"Home","item":"https:\/\/www.murphylawfirm.com\/"},{"@type":"ListItem","position":2,"name":"Gonzales Dog Bite Lawyer"}]},{"@type":"WebSite","@id":"https:\/\/www.murphylawfirm.com\/#website","url":"https:\/\/www.murphylawfirm.com\/","name":"Bufete Murphy","description":"","publisher":{"@id":"https:\/\/www.murphylawfirm.com\/#organization"},"potentialAction":[{"@type":"SearchAction","target":{"@type":"EntryPoint","urlTemplate":"https:\/\/www.murphylawfirm.com\/?s={search_term_string}"},"query-input":{"@type":"PropertyValueSpecification","valueRequired":true,"valueName":"search_term_string"}}],"inLanguage":"es"},{"@type":"Organization","@id":"https:\/\/www.murphylawfirm.com\/#organization","name":"Bufete Murphy","alternateName":"Murphy Law Firm","url":"https:\/\/www.murphylawfirm.com\/","logo":{"@type":"ImageObject","inLanguage":"es","@id":"https:\/\/www.murphylawfirm.com\/#\/schema\/logo\/image\/","url":"https:\/\/www.murphylawfirm.com\/wp-content\/uploads\/2024\/05\/murphy.jpg","contentUrl":"https:\/\/www.murphylawfirm.com\/wp-content\/uploads\/2024\/05\/murphy.jpg","width":309,"height":79,"caption":"Murphy Law Firm"},"image":{"@id":"https:\/\/www.murphylawfirm.com\/#\/schema\/logo\/image\/"},"sameAs":["https:\/\/www.facebook.com\/MurphyLawFirm225\/","https:\/\/x.com\/murphylawfirm225","https:\/\/www.instagram.com\/murphylawfirm225\/","https:\/\/www.linkedin.com\/in\/murphy-law-firm-peyton-murphy\/","https:\/\/maps.app.goo.gl\/WCtGDyEwg1JYgwZ87","https:\/\/www.yelp.com\/biz\/murphy-law-firm-baton-rouge-3","https:\/\/www.mapquest.com\/us\/louisiana\/murphy-law-firm-284707425","https:\/\/www.lawinfo.com\/lawfirm\/louisiana\/baton-rouge\/murphy-law-firm-llc\/97a2f249-3b83-4255-b82a-f62955d76970.html","https:\/\/www.hg.org\/attorney\/murphy-law-firm-llc\/68580","https:\/\/lawyers.findlaw.com\/louisiana\/baton-rouge\/2388680_1\/","https:\/\/www.bbb.org\/us\/la\/baton-rouge\/profile\/lawyers\/murphy-law-firm-llc-0835-12003342","https:\/\/www.lawyers.com\/baton-rouge\/louisiana\/murphy-law-firm-42910679-f\/","https:\/\/nextdoor.com\/pages\/murphy-law-firm-llc\/","https:\/\/www.lawyer4criminaldefense.com\/criminal-defense-lawyers\/listing\/b637fd75d4bc11b1a32273b847ba8a37\/","https:\/\/www.expertise.com\/legal\/slip-and-fall-lawyers\/louisiana\/baton-rouge","https:\/\/www.youtube.com\/@MurphyLawFirmBatonRouge"]}]}},"_links":{"self":[{"href":"https:\/\/www.murphylawfirm.com\/es\/wp-json\/wp\/v2\/pages\/3375","targetHints":{"allow":["GET"]}}],"collection":[{"href":"https:\/\/www.murphylawfirm.com\/es\/wp-json\/wp\/v2\/pages"}],"about":[{"href":"https:\/\/www.murphylawfirm.com\/es\/wp-json\/wp\/v2\/types\/page"}],"author":[{"embeddable":true,"href":"https:\/\/www.murphylawfirm.com\/es\/wp-json\/wp\/v2\/users\/1"}],"replies":[{"embeddable":true,"href":"https:\/\/www.murphylawfirm.com\/es\/wp-json\/wp\/v2\/comments?post=3375"}],"version-history":[{"count":12,"href":"https:\/\/www.murphylawfirm.com\/es\/wp-json\/wp\/v2\/pages\/3375\/revisions"}],"predecessor-version":[{"id":3460,"href":"https:\/\/www.murphylawfirm.com\/es\/wp-json\/wp\/v2\/pages\/3375\/revisions\/3460"}],"wp:attachment":[{"href":"https:\/\/www.murphylawfirm.com\/es\/wp-json\/wp\/v2\/media?parent=3375"}],"curies":[{"name":"wp","href":"https:\/\/api.w.org\/{rel}","templated":true}]}}