{"id":357,"date":"2024-04-17T04:31:46","date_gmt":"2024-04-17T04:31:46","guid":{"rendered":"https:\/\/www.murphylawfirm.com\/?page_id=357"},"modified":"2025-03-12T13:44:13","modified_gmt":"2025-03-12T13:44:13","slug":"baton-rouge-abogado-de-compensacion-de-trabajadores","status":"publish","type":"page","link":"https:\/\/www.murphylawfirm.com\/es\/baton-rouge-workers-compensation-lawyer\/","title":{"rendered":"Baton Rouge Abogado de indemnizaci\u00f3n por accidente laboral"},"content":{"rendered":"<h2><span data-sheets-root=\"1\" data-sheets-value=\"{&quot;1&quot;:2,&quot;2&quot;:&quot;Baton Rouge Workers Compensation Lawyer&quot;}\" data-sheets-userformat=\"{&quot;2&quot;:15105,&quot;3&quot;:{&quot;1&quot;:0},&quot;11&quot;:0,&quot;12&quot;:0,&quot;14&quot;:{&quot;1&quot;:3,&quot;3&quot;:1},&quot;15&quot;:&quot;Calibri&quot;,&quot;16&quot;:11}\">Baton Rouge Abogado de indemnizaci\u00f3n de trabajadores<\/span><\/h2>\n<p class=\"color_blue\"><strong>Informaci\u00f3n y qu\u00e9 hacer<\/strong><\/p>\n<div class=\"common-top\">\n<div class=\"common-lft\">\n<p>En <a href=\"https:\/\/www.murphylawfirm.com\/es\/por-que-elegirnos\/\">Bufete Murphy<\/a>Nuestros abogados de compensaci\u00f3n de trabajadores se esfuerzan incansablemente para ayudar a los empleados lesionados a obtener la atenci\u00f3n m\u00e9dica y los beneficios de compensaci\u00f3n de trabajadores que se merecen. Estamos altamente capacitados en esta compleja \u00e1rea de la ley de lesiones personales, y no comprometemos la protecci\u00f3n de los derechos de nuestros clientes. Nuestro equipo <strong>abogado experto en indemnizaci\u00f3n por accidente laboral en Baton Rouge<\/strong> har\u00e1 todo lo posible por conseguir lo que necesita para recuperarse.<\/p>\n<p>Por lo general, las empresas y sus proveedores de seguros pagar\u00e1n lo menos posible, independientemente de la gravedad de la lesi\u00f3n. El bufete de abogados Murphy est\u00e1 aqu\u00ed para asegurarse de que eso no le suceda a usted. No importa en qu\u00e9 ciudad de Louisiana se encuentre, \u00a1vendremos a usted para luchar por conseguir lo que se merece!<\/p>\n<p>Como trabajador lesionado, usted tiene derechos en virtud de la Ley de Compensaci\u00f3n de los Trabajadores de Louisiana. Proteja esos derechos hablando con un abogado de compensaci\u00f3n de trabajadores Baton Rouge de confianza de nuestro equipo.<\/p>\n<\/div>\n<div class=\"common-rgt\">\n<p>Murphy Law Firm, LLC maneja todos los aspectos de las reclamaciones de indemnizaci\u00f3n de los trabajadores, incluyendo:<\/p>\n<ul>\n<li>Prestaciones de readaptaci\u00f3n profesional<\/li>\n<li>Prestaciones por incapacidad temporal<\/li>\n<li>Prestaciones por incapacidad permanente<\/li>\n<li>Prestaciones complementarias<\/li>\n<li>Pagos a tanto alzado<\/li>\n<li>Reclamaciones de terceros<\/li>\n<li>Otros asuntos de compensaci\u00f3n<\/li>\n<li>Prestaciones m\u00e9dicas<\/li>\n<li>Prestaciones por defunci\u00f3n<\/li>\n<\/ul>\n<\/div>\n<\/div>\n<h2>Lesiones laborales<\/h2>\n<div class=\"common-top\">\n<div class=\"common-lft\">\n<p>No sea v\u00edctima dos veces. Sin un experto <a href=\"https:\/\/www.murphylawfirm.com\/es\/\">abogado de lesiones personales<\/a> de su lado, es posible que no obtenga toda la atenci\u00f3n m\u00e9dica y los beneficios de compensaci\u00f3n laboral que se merece. Nuestra firma le proporcionar\u00e1 una representaci\u00f3n vigorosa dise\u00f1ada para ayudarle a obtener el 100 por ciento de lo que tiene derecho a recibir.<\/p>\n<p>Nuestro abogado de compensaci\u00f3n de trabajadores en <a href=\"https:\/\/en.wikipedia.org\/wiki\/Baton_Rouge,_Louisiana\" target=\"_blank\" rel=\"noopener\">Baton Rouge<\/a> puede ayudarle a obtener una segunda evaluaci\u00f3n m\u00e9dica que diagnostique con precisi\u00f3n su lesi\u00f3n y la atenci\u00f3n m\u00e9dica que necesitar\u00e1 para recuperarse lo mejor posible. Nos aseguraremos de que usted reciba sus beneficios de ingresos a tiempo y en la cantidad correcta. Si su accidente fue causado por otra persona que no sea su empresario o un compa\u00f1ero de trabajo, podemos presentar una reclamaci\u00f3n a terceros para obtener una indemnizaci\u00f3n adicional.<\/p>\n<\/div>\n<div class=\"common-rgt\">\n<p>P\u00f3ngase en contacto con nosotros si sufri\u00f3 lesiones por un incidente relacionado con el trabajo. Cualquiera que sea la naturaleza de su accidente de trabajo, los abogados dedicados de Murphy Law Firm se asegurar\u00e1n de que reciba el m\u00e1ximo beneficio y paquete de compensaci\u00f3n posible bajo la ley.<\/p>\n<p>A <a href=\"https:\/\/www.murphylawfirm.com\/es\/pongase-en-contacto-con\/\">programar una consulta gratuita<\/a> con nuestro abogado laboralista en Baton Rouge, env\u00ede un formulario de contacto en l\u00ednea o llame al <a href=\"tel:2259288800\">(225) 928-8800<\/a>. Tambi\u00e9n puede pasar por nuestra oficina para concertar una cita. Recuerde, puede que tengamos nuestra sede en East Baton Rouge, pero iremos donde nos necesite en Louisiana. Ya sea en Gonzales, St. Gabriel, Port Allen, Denham Springs, o en cualquier lugar m\u00e1s all\u00e1 de estas ciudades, \u00a1vendremos a ayudarle!<\/p>\n<\/div>\n<\/div>","protected":false},"excerpt":{"rendered":"<p>Baton Rouge Workers Compensation Attorney Information &amp; What To Do At Murphy Law Firm, our workers\u2019 comp lawyers strive tirelessly to help injured employees get the medical care and workers\u2019 compensation benefits they deserve. We are highly knowledgeable in this complex area of personal injury law, and we do not compromise when protecting our client\u2019s &hellip; <\/p>\n<p class=\"link-more\"><a href=\"https:\/\/www.murphylawfirm.com\/es\/baton-rouge-workers-compensation-lawyer\/\" class=\"more-link\">Seguir leyendo<span class=\"screen-reader-text\"> &#8220;Baton Rouge Workers Compensation Lawyer&#8221;<\/span><\/a><\/p>","protected":false},"author":1,"featured_media":0,"parent":0,"menu_order":0,"comment_status":"closed","ping_status":"closed","template":"","meta":{"_acf_changed":false,"footnotes":""},"class_list":["post-357","page","type-page","status-publish","hentry","entry"],"acf":[],"yoast_head":"<!-- This site is optimized with the Yoast SEO plugin v27.4 - https:\/\/yoast.com\/product\/yoast-seo-wordpress\/ -->\n<title>Baton Rouge Workers Compensation Lawyer - Free Consultation<\/title>\n<meta name=\"description\" content=\"Hurt at work in Baton Rouge? Murphy Law Firm helps you secure the workers&#039; compensation benefits you deserve. Contact us today for a free consultation!\" \/>\n<meta name=\"robots\" content=\"index, follow, max-snippet:-1, max-image-preview:large, max-video-preview:-1\" \/>\n<link rel=\"canonical\" href=\"https:\/\/www.murphylawfirm.com\/es\/baton-rouge-abogado-de-compensacion-de-trabajadores\/\" \/>\n<meta property=\"og:locale\" content=\"es_MX\" \/>\n<meta property=\"og:type\" content=\"article\" \/>\n<meta property=\"og:title\" content=\"Baton Rouge Workers Compensation Lawyer - Free Consultation\" \/>\n<meta property=\"og:description\" content=\"Hurt at work in Baton Rouge? Murphy Law Firm helps you secure the workers&#039; compensation benefits you deserve. Contact us today for a free consultation!\" \/>\n<meta property=\"og:url\" content=\"https:\/\/www.murphylawfirm.com\/es\/baton-rouge-abogado-de-compensacion-de-trabajadores\/\" \/>\n<meta property=\"og:site_name\" content=\"Murphy Law Firm\" \/>\n<meta property=\"article:publisher\" content=\"https:\/\/www.facebook.com\/MurphyLawFirm225\/\" \/>\n<meta property=\"article:modified_time\" content=\"2025-03-12T13:44:13+00:00\" \/>\n<meta name=\"twitter:card\" content=\"summary_large_image\" \/>\n<meta name=\"twitter:site\" content=\"@murphylawfirm225\" \/>\n<meta name=\"twitter:label1\" content=\"Tiempo de lectura\" \/>\n\t<meta name=\"twitter:data1\" content=\"2 minutos\" \/>\n<!-- \/ Yoast SEO plugin. -->","yoast_head_json":{"title":"Baton Rouge Compensaci\u00f3n a los Trabajadores Abogado - Consulta Gratuita","description":"\u00bfLastimado en el trabajo en Baton Rouge? Murphy Law Firm le ayuda a asegurar los beneficios de compensaci\u00f3n laboral que se merece. \u00a1P\u00f3ngase en contacto con nosotros hoy para una consulta gratuita!","robots":{"index":"index","follow":"follow","max-snippet":"max-snippet:-1","max-image-preview":"max-image-preview:large","max-video-preview":"max-video-preview:-1"},"canonical":"https:\/\/www.murphylawfirm.com\/es\/baton-rouge-abogado-de-compensacion-de-trabajadores\/","og_locale":"es_MX","og_type":"article","og_title":"Baton Rouge Workers Compensation Lawyer - Free Consultation","og_description":"Hurt at work in Baton Rouge? Murphy Law Firm helps you secure the workers' compensation benefits you deserve. Contact us today for a free consultation!","og_url":"https:\/\/www.murphylawfirm.com\/es\/baton-rouge-abogado-de-compensacion-de-trabajadores\/","og_site_name":"Murphy Law Firm","article_publisher":"https:\/\/www.facebook.com\/MurphyLawFirm225\/","article_modified_time":"2025-03-12T13:44:13+00:00","twitter_card":"summary_large_image","twitter_site":"@murphylawfirm225","twitter_misc":{"Tiempo de lectura":"2 minutos"},"schema":{"@context":"https:\/\/schema.org","@graph":[{"@type":"WebPage","@id":"https:\/\/www.murphylawfirm.com\/baton-rouge-workers-compensation-lawyer\/","url":"https:\/\/www.murphylawfirm.com\/baton-rouge-workers-compensation-lawyer\/","name":"Baton Rouge Compensaci\u00f3n a los Trabajadores Abogado - Consulta Gratuita","isPartOf":{"@id":"https:\/\/www.murphylawfirm.com\/#website"},"datePublished":"2024-04-17T04:31:46+00:00","dateModified":"2025-03-12T13:44:13+00:00","description":"\u00bfLastimado en el trabajo en Baton Rouge? Murphy Law Firm le ayuda a asegurar los beneficios de compensaci\u00f3n laboral que se merece. \u00a1P\u00f3ngase en contacto con nosotros hoy para una consulta gratuita!","breadcrumb":{"@id":"https:\/\/www.murphylawfirm.com\/baton-rouge-workers-compensation-lawyer\/#breadcrumb"},"inLanguage":"es","potentialAction":[{"@type":"ReadAction","target":["https:\/\/www.murphylawfirm.com\/baton-rouge-workers-compensation-lawyer\/"]}]},{"@type":"BreadcrumbList","@id":"https:\/\/www.murphylawfirm.com\/baton-rouge-workers-compensation-lawyer\/#breadcrumb","itemListElement":[{"@type":"ListItem","position":1,"name":"Home","item":"https:\/\/www.murphylawfirm.com\/"},{"@type":"ListItem","position":2,"name":"Baton Rouge Workers Compensation Lawyer"}]},{"@type":"WebSite","@id":"https:\/\/www.murphylawfirm.com\/#website","url":"https:\/\/www.murphylawfirm.com\/","name":"Bufete Murphy","description":"","publisher":{"@id":"https:\/\/www.murphylawfirm.com\/#organization"},"potentialAction":[{"@type":"SearchAction","target":{"@type":"EntryPoint","urlTemplate":"https:\/\/www.murphylawfirm.com\/?s={search_term_string}"},"query-input":{"@type":"PropertyValueSpecification","valueRequired":true,"valueName":"search_term_string"}}],"inLanguage":"es"},{"@type":"Organization","@id":"https:\/\/www.murphylawfirm.com\/#organization","name":"Bufete Murphy","alternateName":"Murphy Law Firm","url":"https:\/\/www.murphylawfirm.com\/","logo":{"@type":"ImageObject","inLanguage":"es","@id":"https:\/\/www.murphylawfirm.com\/#\/schema\/logo\/image\/","url":"https:\/\/www.murphylawfirm.com\/wp-content\/uploads\/2024\/05\/murphy.jpg","contentUrl":"https:\/\/www.murphylawfirm.com\/wp-content\/uploads\/2024\/05\/murphy.jpg","width":309,"height":79,"caption":"Murphy Law Firm"},"image":{"@id":"https:\/\/www.murphylawfirm.com\/#\/schema\/logo\/image\/"},"sameAs":["https:\/\/www.facebook.com\/MurphyLawFirm225\/","https:\/\/x.com\/murphylawfirm225","https:\/\/www.instagram.com\/murphylawfirm225\/","https:\/\/www.linkedin.com\/in\/murphy-law-firm-peyton-murphy\/","https:\/\/maps.app.goo.gl\/WCtGDyEwg1JYgwZ87","https:\/\/www.yelp.com\/biz\/murphy-law-firm-baton-rouge-3","https:\/\/www.mapquest.com\/us\/louisiana\/murphy-law-firm-284707425","https:\/\/www.lawinfo.com\/lawfirm\/louisiana\/baton-rouge\/murphy-law-firm-llc\/97a2f249-3b83-4255-b82a-f62955d76970.html","https:\/\/www.hg.org\/attorney\/murphy-law-firm-llc\/68580","https:\/\/lawyers.findlaw.com\/louisiana\/baton-rouge\/2388680_1\/","https:\/\/www.bbb.org\/us\/la\/baton-rouge\/profile\/lawyers\/murphy-law-firm-llc-0835-12003342","https:\/\/www.lawyers.com\/baton-rouge\/louisiana\/murphy-law-firm-42910679-f\/","https:\/\/nextdoor.com\/pages\/murphy-law-firm-llc\/","https:\/\/www.lawyer4criminaldefense.com\/criminal-defense-lawyers\/listing\/b637fd75d4bc11b1a32273b847ba8a37\/","https:\/\/www.expertise.com\/legal\/slip-and-fall-lawyers\/louisiana\/baton-rouge","https:\/\/www.youtube.com\/@MurphyLawFirmBatonRouge"]}]}},"_links":{"self":[{"href":"https:\/\/www.murphylawfirm.com\/es\/wp-json\/wp\/v2\/pages\/357","targetHints":{"allow":["GET"]}}],"collection":[{"href":"https:\/\/www.murphylawfirm.com\/es\/wp-json\/wp\/v2\/pages"}],"about":[{"href":"https:\/\/www.murphylawfirm.com\/es\/wp-json\/wp\/v2\/types\/page"}],"author":[{"embeddable":true,"href":"https:\/\/www.murphylawfirm.com\/es\/wp-json\/wp\/v2\/users\/1"}],"replies":[{"embeddable":true,"href":"https:\/\/www.murphylawfirm.com\/es\/wp-json\/wp\/v2\/comments?post=357"}],"version-history":[{"count":6,"href":"https:\/\/www.murphylawfirm.com\/es\/wp-json\/wp\/v2\/pages\/357\/revisions"}],"predecessor-version":[{"id":6035,"href":"https:\/\/www.murphylawfirm.com\/es\/wp-json\/wp\/v2\/pages\/357\/revisions\/6035"}],"wp:attachment":[{"href":"https:\/\/www.murphylawfirm.com\/es\/wp-json\/wp\/v2\/media?parent=357"}],"curies":[{"name":"wp","href":"https:\/\/api.w.org\/{rel}","templated":true}]}}