{"id":365,"date":"2024-04-17T04:34:11","date_gmt":"2024-04-17T04:34:11","guid":{"rendered":"https:\/\/www.murphylawfirm.com\/?page_id=365"},"modified":"2025-10-28T14:56:28","modified_gmt":"2025-10-28T14:56:28","slug":"responsabilidad-civil-masiva","status":"publish","type":"page","link":"https:\/\/www.murphylawfirm.com\/es\/mass-tort\/","title":{"rendered":"Baton Rouge Abogado de da\u00f1os masivos"},"content":{"rendered":"<div id=\"ez-toc-container\" class=\"ez-toc-v2_0_82_2 counter-hierarchy ez-toc-counter ez-toc-transparent ez-toc-container-direction\">\n<div class=\"ez-toc-title-container\">\n<p class=\"ez-toc-title ez-toc-toggle\" style=\"cursor:pointer\">\u00cdndice<\/p>\n<span class=\"ez-toc-title-toggle\"><a href=\"#\" class=\"ez-toc-pull-right ez-toc-btn ez-toc-btn-xs ez-toc-btn-default ez-toc-toggle\" aria-label=\"Toggle Table of Content\"><span class=\"ez-toc-js-icon-con\"><span class=\"\"><span class=\"eztoc-hide\" style=\"display:none;\">Toggle<\/span><span class=\"ez-toc-icon-toggle-span\"><svg style=\"fill: #999;color:#999\" xmlns=\"http:\/\/www.w3.org\/2000\/svg\" class=\"list-377408\" width=\"20px\" height=\"20px\" viewbox=\"0 0 24 24\" fill=\"none\"><path d=\"M6 6H4v2h2V6zm14 0H8v2h12V6zM4 11h2v2H4v-2zm16 0H8v2h12v-2zM4 16h2v2H4v-2zm16 0H8v2h12v-2z\" fill=\"currentColor\"><\/path><\/svg><svg style=\"fill: #999;color:#999\" class=\"arrow-unsorted-368013\" xmlns=\"http:\/\/www.w3.org\/2000\/svg\" width=\"10px\" height=\"10px\" viewbox=\"0 0 24 24\" version=\"1.2\" baseprofile=\"tiny\"><path d=\"M18.2 9.3l-6.2-6.3-6.2 6.3c-.2.2-.3.4-.3.7s.1.5.3.7c.2.2.4.3.7.3h11c.3 0 .5-.1.7-.3.2-.2.3-.5.3-.7s-.1-.5-.3-.7zM5.8 14.7l6.2 6.3 6.2-6.3c.2-.2.3-.5.3-.7s-.1-.5-.3-.7c-.2-.2-.4-.3-.7-.3h-11c-.3 0-.5.1-.7.3-.2.2-.3.5-.3.7s.1.5.3.7z\"\/><\/svg><\/span><\/span><\/span><\/a><\/span><\/div>\n<nav><ul class='ez-toc-list ez-toc-list-level-1 eztoc-toggle-hide-by-default' ><li class='ez-toc-page-1 ez-toc-heading-level-2'><a class=\"ez-toc-link ez-toc-heading-1\" href=\"https:\/\/www.murphylawfirm.com\/es\/mass-tort\/#mass-tort-attorney-in-baton-rouge-la\" >Abogado de agravios masivos en Baton Rouge, LA<\/a><\/li><li class='ez-toc-page-1 ez-toc-heading-level-2'><a class=\"ez-toc-link ez-toc-heading-2\" href=\"https:\/\/www.murphylawfirm.com\/es\/mass-tort\/#what-is-mass-tort\" >\u00bfQu\u00e9 son los da\u00f1os masivos?<\/a><\/li><li class='ez-toc-page-1 ez-toc-heading-level-2'><a class=\"ez-toc-link ez-toc-heading-3\" href=\"https:\/\/www.murphylawfirm.com\/es\/mass-tort\/#you-need-a-strong-legal-ally-let-murphy-law-firm-fight-for-you\" >Usted Necesita un Aliado Legal Fuerte. Deje que Murphy Law Firm luche por usted.<\/a><\/li><li class='ez-toc-page-1 ez-toc-heading-level-2'><a class=\"ez-toc-link ez-toc-heading-4\" href=\"https:\/\/www.murphylawfirm.com\/es\/mass-tort\/#how-mass-torts-work\" >C\u00f3mo funcionan los siniestros colectivos<\/a><\/li><li class='ez-toc-page-1 ez-toc-heading-level-2'><a class=\"ez-toc-link ez-toc-heading-5\" href=\"https:\/\/www.murphylawfirm.com\/es\/mass-tort\/#why-choose-murphy-law-firm\" >\u00bfPor qu\u00e9 elegir el bufete de abogados Murphy?<\/a><\/li><li class='ez-toc-page-1 ez-toc-heading-level-2'><a class=\"ez-toc-link ez-toc-heading-6\" href=\"https:\/\/www.murphylawfirm.com\/es\/mass-tort\/#baton-rouge-la-mass-tort-resources\" >Baton Rouge, LA Recursos para demandas colectivas<\/a><\/li><\/ul><\/nav><\/div>\n<h2><span class=\"ez-toc-section\" id=\"mass-tort-attorney-in-baton-rouge-la\"><\/span>Abogado de agravios masivos en Baton Rouge, LA<span class=\"ez-toc-section-end\"><\/span><\/h2>\n<p>En <a href=\"https:\/\/www.murphylawfirm.com\/es\/por-que-elegirnos\/\">Bufete Murphy<\/a>, entendemos las complejidades y los retos \u00fanicos que conllevan las demandas por da\u00f1os masivos. Un agravio masivo es un tipo de acci\u00f3n legal que involucra a numerosos demandantes que han sido perjudicados de manera similar por las acciones de un acusado. Estos casos suelen estar relacionados con productos defectuosos, medicamentos peligrosos, desastres medioambientales o accidentes a gran escala que han afectado a muchas personas. P\u00f3ngase en contacto con un <strong>Abogado experto en agravios masivos Baton Rouge<\/strong> para discutir su caso y obtener la orientaci\u00f3n adecuada.<\/p>\n<h2><span class=\"ez-toc-section\" id=\"what-is-mass-tort\"><\/span>\u00bfQu\u00e9 son los da\u00f1os masivos?<span class=\"ez-toc-section-end\"><\/span><\/h2>\n<p>Los agravios masivos se producen cuando un gran grupo de personas sufre lesiones o da\u00f1os similares por la misma causa, como un producto peligroso, una negligencia empresarial o una cat\u00e1strofe medioambiental. A diferencia de las demandas colectivas, las demandas colectivas permiten a cada demandante mantener su demanda individual, aunque compartan una causa de acci\u00f3n com\u00fan. Esto es importante porque la lesi\u00f3n de cada demandante puede ser \u00fanica, y su indemnizaci\u00f3n podr\u00eda diferir en funci\u00f3n del alcance del da\u00f1o.<br \/>\nAlgunos ejemplos comunes de agravios masivos incluyen:<\/p>\n<ul>\n<li>Productos farmac\u00e9uticos defectuosos: Medicamentos peligrosos que causan efectos secundarios graves o incluso la muerte.<\/li>\n<li>Cat\u00e1strofes medioambientales: Vertidos de sustancias qu\u00edmicas t\u00f3xicas o contaminaci\u00f3n que afectan a varias comunidades.<\/li>\n<li>Productos defectuosos: Art\u00edculos como piezas de autom\u00f3vil defectuosas, bienes de consumo o productos sanitarios inseguros que perjudican a los usuarios.<\/li>\n<li>Exposici\u00f3n t\u00f3xica: Casos relacionados con amianto, pesticidas u otros materiales peligrosos que causan efectos a largo plazo sobre la salud.<\/li>\n<\/ul>\n<div class=\"cmn-box baton comn-box-full-width\">\n<h2><span class=\"ez-toc-section\" id=\"you-need-a-strong-legal-ally-let-murphy-law-firm-fight-for-you\"><\/span>Necesita un aliado legal fuerte. <strong>Deje que Murphy Law Firm luche por usted.<\/strong><span class=\"ez-toc-section-end\"><\/span><\/h2>\n<p>Murphy Law Firm proporciona m\u00e1s que representaci\u00f3n legal; ofrecemos apoyo inquebrantable y una b\u00fasqueda implacable de sus derechos. Obtenga el apoyo y la b\u00fasqueda que se merece - Comience su caso hoy.<\/p>\n<div class=\"inr_btn\">\n<div class=\"inr-cmn_btn\"><a class=\"cmn-btn\" href=\"https:\/\/www.murphylawfirm.com\/es\/pongase-en-contacto-con\/\">Programar una consulta<\/a><\/div>\n<div class=\"inr-phn\"><a href=\"tel:2259288800\">Llame ahora (225) 928-8800<\/a><\/div>\n<\/div>\n<\/div>\n<h2><span class=\"ez-toc-section\" id=\"how-mass-torts-work\"><\/span>C\u00f3mo funcionan los siniestros colectivos<span class=\"ez-toc-section-end\"><\/span><\/h2>\n<p>En los casos de responsabilidad civil masiva, cientos o incluso miles de personas que han sufrido da\u00f1os debido al mismo acto negligente o il\u00edcito pueden unirse para presentar una demanda legal. Sin embargo, a diferencia de las demandas colectivas, cada caso se tramita individualmente, lo que significa que cada demandante tiene la oportunidad de presentar sus pruebas, argumentar su caso y solicitar una indemnizaci\u00f3n espec\u00edfica para su lesi\u00f3n.<br \/>\nLos agravios masivos permiten a los particulares:<\/p>\n<ul>\n<li>Unirse por una causa com\u00fan: Los demandantes que han sufrido lesiones similares pueden trabajar colectivamente para aumentar sus posibilidades de obtener un resultado satisfactorio.<\/li>\n<li>Conservar el control individual: A diferencia de las demandas colectivas, las demandas colectivas permiten a cada demandante mantener el control sobre su caso individual y su indemnizaci\u00f3n.<\/li>\n<\/ul>\n<h2><span class=\"ez-toc-section\" id=\"why-choose-murphy-law-firm\"><\/span>\u00bfPor qu\u00e9 elegir el bufete de abogados Murphy?<span class=\"ez-toc-section-end\"><\/span><\/h2>\n<p>Murphy Law Firm tiene una amplia experiencia en el manejo de casos de agravio masivo y la defensa de los derechos de las personas que han sido perjudicados por corporaciones negligentes, productos defectuosos y sustancias peligrosas. Nuestro <a href=\"https:\/\/en.wikipedia.org\/wiki\/Baton_Rouge,_Louisiana\" target=\"_blank\" rel=\"noopener\">Baton Rouge<\/a> es consciente de la complejidad de estos casos y de lo mucho que est\u00e1 en juego para las v\u00edctimas. Tanto si ha sufrido lesiones por un medicamento peligroso como si se ha visto afectado por una cat\u00e1strofe medioambiental, nuestro equipo especializado est\u00e1 aqu\u00ed para garantizar que reciba la justicia y la indemnizaci\u00f3n que se merece conforme a la ley. <a href=\"https:\/\/en.wikipedia.org\/wiki\/Louisiana\" target=\"_blank\" rel=\"noopener\">Louisiana<\/a> leyes.<\/p>\n<p>Nos enorgullecemos de ofrecer un servicio personalizado y compasivo, y una representaci\u00f3n legal agresiva. Nuestra firma le guiar\u00e1 a trav\u00e9s de cada paso del proceso, desde la recopilaci\u00f3n de pruebas hasta la negociaci\u00f3n de acuerdos o llevar su caso a juicio si es necesario. Si usted o un ser querido se ha visto afectado por un agravio masivo, no dude en ponerse en contacto con Murphy Law Firm. Ofrecemos consultas gratuitas para ayudarle a entender sus opciones legales.<\/p>\n<h2 data-start=\"4539\" data-end=\"4561\"><span class=\"ez-toc-section\" id=\"baton-rouge-la-mass-tort-resources\"><\/span>Baton Rouge, LA Recursos para demandas colectivas<span class=\"ez-toc-section-end\"><\/span><\/h2>\n<ul data-start=\"4563\" data-end=\"5059\">\n<li data-start=\"4563\" data-end=\"4741\">\n<p data-start=\"4565\" data-end=\"4741\"><a class=\"decorated-link\" href=\"https:\/\/www.murphylawfirm.com\/es\/blog\/aceptamos-casos-de-inyeccion-anticonceptiva-depo-provera-en-mass-tort\/\" target=\"_new\" rel=\"noopener\" data-start=\"4565\" data-end=\"4739\">Aceptamos casos de inyecci\u00f3n anticonceptiva Depo-Provera en demandas colectivas<\/a><\/p>\n<\/li>\n<li data-start=\"4742\" data-end=\"4884\">\n<p data-start=\"4744\" data-end=\"4884\"><a class=\"decorated-link\" href=\"https:\/\/www.murphylawfirm.com\/es\/blog\/importe-medio-de-las-indemnizaciones-por-danos-causados-por-sustancias-toxicas-en-louisiana\/\" target=\"_new\" rel=\"noopener\" data-start=\"4744\" data-end=\"4882\">Importe medio de las indemnizaciones por da\u00f1os t\u00f3xicos en Louisiana<\/a><\/p>\n<\/li>\n<\/ul>\n<p><iframe loading=\"lazy\" style=\"border: 0;\" src=\"https:\/\/www.google.com\/maps\/embed?pb=!1m18!1m12!1m3!1d3440.385463259973!2d-91.15138689999999!3d30.425173!2m3!1f0!2f0!3f0!3m2!1i1024!2i768!4f13.1!3m3!1m2!1s0x8626a3f4d0c4378d%3A0xd7ee33e80783fe34!2sMurphy%20Law%20Firm!5e0!3m2!1sen!2sin!4v1761663210261!5m2!1sen!2sin\" width=\"1000\" height=\"300\" allowfullscreen=\"allowfullscreen\"><span data-mce-type=\"bookmark\" style=\"display: inline-block; width: 0px; overflow: hidden; line-height: 0;\" class=\"mce_SELRES_start\"><\/span><\/iframe><\/p>","protected":false},"excerpt":{"rendered":"<p>Mass Tort Attorney in Baton Rouge, LA At Murphy Law Firm, we understand the complexities and unique challenges that come with mass tort lawsuits. A mass tort is a type of legal action that involves numerous plaintiffs who have been harmed in a similar way by a defendant\u2019s actions. These cases often involve defective products, &hellip; <\/p>\n<p class=\"link-more\"><a href=\"https:\/\/www.murphylawfirm.com\/es\/mass-tort\/\" class=\"more-link\">Seguir leyendo<span class=\"screen-reader-text\"> &#8220;Baton Rouge Mass Tort Lawyer&#8221;<\/span><\/a><\/p>","protected":false},"author":1,"featured_media":0,"parent":0,"menu_order":0,"comment_status":"closed","ping_status":"closed","template":"","meta":{"_acf_changed":false,"footnotes":""},"class_list":["post-365","page","type-page","status-publish","hentry","entry"],"acf":[],"yoast_head":"<!-- This site is optimized with the Yoast SEO plugin v27.4 - https:\/\/yoast.com\/product\/yoast-seo-wordpress\/ -->\n<title>Baton Rouge Mass Tort Lawyer - Free Consultation<\/title>\n<meta name=\"description\" content=\"Facing a mass tort in Baton Rouge? We pursue justice for toxic exposure, unsafe products &amp; disasters. Murphy Law Firm\u2014free consultation.\" \/>\n<meta name=\"robots\" content=\"index, follow, max-snippet:-1, max-image-preview:large, max-video-preview:-1\" \/>\n<link rel=\"canonical\" href=\"https:\/\/www.murphylawfirm.com\/es\/responsabilidad-civil-masiva\/\" \/>\n<meta property=\"og:locale\" content=\"es_MX\" \/>\n<meta property=\"og:type\" content=\"article\" \/>\n<meta property=\"og:title\" content=\"Baton Rouge Mass Tort Lawyer - Free Consultation\" \/>\n<meta property=\"og:description\" content=\"Facing a mass tort in Baton Rouge? We pursue justice for toxic exposure, unsafe products &amp; disasters. Murphy Law Firm\u2014free consultation.\" \/>\n<meta property=\"og:url\" content=\"https:\/\/www.murphylawfirm.com\/es\/responsabilidad-civil-masiva\/\" \/>\n<meta property=\"og:site_name\" content=\"Murphy Law Firm\" \/>\n<meta property=\"article:publisher\" content=\"https:\/\/www.facebook.com\/MurphyLawFirm225\/\" \/>\n<meta property=\"article:modified_time\" content=\"2025-10-28T14:56:28+00:00\" \/>\n<meta name=\"twitter:card\" content=\"summary_large_image\" \/>\n<meta name=\"twitter:site\" content=\"@murphylawfirm225\" \/>\n<meta name=\"twitter:label1\" content=\"Tiempo de lectura\" \/>\n\t<meta name=\"twitter:data1\" content=\"3 minutos\" \/>\n<!-- \/ Yoast SEO plugin. -->","yoast_head_json":{"title":"Baton Rouge Mass Tort Lawyer - Consulta gratuita","description":"\u00bfSe enfrenta a un perjuicio masivo en Baton Rouge? Buscamos justicia para la exposici\u00f3n t\u00f3xica, productos inseguros y desastres. Murphy Law Firm consulta gratuita.","robots":{"index":"index","follow":"follow","max-snippet":"max-snippet:-1","max-image-preview":"max-image-preview:large","max-video-preview":"max-video-preview:-1"},"canonical":"https:\/\/www.murphylawfirm.com\/es\/responsabilidad-civil-masiva\/","og_locale":"es_MX","og_type":"article","og_title":"Baton Rouge Mass Tort Lawyer - Free Consultation","og_description":"Facing a mass tort in Baton Rouge? We pursue justice for toxic exposure, unsafe products & disasters. Murphy Law Firm\u2014free consultation.","og_url":"https:\/\/www.murphylawfirm.com\/es\/responsabilidad-civil-masiva\/","og_site_name":"Murphy Law Firm","article_publisher":"https:\/\/www.facebook.com\/MurphyLawFirm225\/","article_modified_time":"2025-10-28T14:56:28+00:00","twitter_card":"summary_large_image","twitter_site":"@murphylawfirm225","twitter_misc":{"Tiempo de lectura":"3 minutos"},"schema":{"@context":"https:\/\/schema.org","@graph":[{"@type":"WebPage","@id":"https:\/\/www.murphylawfirm.com\/mass-tort\/","url":"https:\/\/www.murphylawfirm.com\/mass-tort\/","name":"Baton Rouge Mass Tort Lawyer - Consulta gratuita","isPartOf":{"@id":"https:\/\/www.murphylawfirm.com\/#website"},"datePublished":"2024-04-17T04:34:11+00:00","dateModified":"2025-10-28T14:56:28+00:00","description":"\u00bfSe enfrenta a un perjuicio masivo en Baton Rouge? Buscamos justicia para la exposici\u00f3n t\u00f3xica, productos inseguros y desastres. Murphy Law Firm consulta gratuita.","breadcrumb":{"@id":"https:\/\/www.murphylawfirm.com\/mass-tort\/#breadcrumb"},"inLanguage":"es","potentialAction":[{"@type":"ReadAction","target":["https:\/\/www.murphylawfirm.com\/mass-tort\/"]}]},{"@type":"BreadcrumbList","@id":"https:\/\/www.murphylawfirm.com\/mass-tort\/#breadcrumb","itemListElement":[{"@type":"ListItem","position":1,"name":"Home","item":"https:\/\/www.murphylawfirm.com\/"},{"@type":"ListItem","position":2,"name":"Baton Rouge Mass Tort Lawyer"}]},{"@type":"WebSite","@id":"https:\/\/www.murphylawfirm.com\/#website","url":"https:\/\/www.murphylawfirm.com\/","name":"Bufete Murphy","description":"","publisher":{"@id":"https:\/\/www.murphylawfirm.com\/#organization"},"potentialAction":[{"@type":"SearchAction","target":{"@type":"EntryPoint","urlTemplate":"https:\/\/www.murphylawfirm.com\/?s={search_term_string}"},"query-input":{"@type":"PropertyValueSpecification","valueRequired":true,"valueName":"search_term_string"}}],"inLanguage":"es"},{"@type":"Organization","@id":"https:\/\/www.murphylawfirm.com\/#organization","name":"Bufete Murphy","alternateName":"Murphy Law Firm","url":"https:\/\/www.murphylawfirm.com\/","logo":{"@type":"ImageObject","inLanguage":"es","@id":"https:\/\/www.murphylawfirm.com\/#\/schema\/logo\/image\/","url":"https:\/\/www.murphylawfirm.com\/wp-content\/uploads\/2024\/05\/murphy.jpg","contentUrl":"https:\/\/www.murphylawfirm.com\/wp-content\/uploads\/2024\/05\/murphy.jpg","width":309,"height":79,"caption":"Murphy Law Firm"},"image":{"@id":"https:\/\/www.murphylawfirm.com\/#\/schema\/logo\/image\/"},"sameAs":["https:\/\/www.facebook.com\/MurphyLawFirm225\/","https:\/\/x.com\/murphylawfirm225","https:\/\/www.instagram.com\/murphylawfirm225\/","https:\/\/www.linkedin.com\/in\/murphy-law-firm-peyton-murphy\/","https:\/\/maps.app.goo.gl\/WCtGDyEwg1JYgwZ87","https:\/\/www.yelp.com\/biz\/murphy-law-firm-baton-rouge-3","https:\/\/www.mapquest.com\/us\/louisiana\/murphy-law-firm-284707425","https:\/\/www.lawinfo.com\/lawfirm\/louisiana\/baton-rouge\/murphy-law-firm-llc\/97a2f249-3b83-4255-b82a-f62955d76970.html","https:\/\/www.hg.org\/attorney\/murphy-law-firm-llc\/68580","https:\/\/lawyers.findlaw.com\/louisiana\/baton-rouge\/2388680_1\/","https:\/\/www.bbb.org\/us\/la\/baton-rouge\/profile\/lawyers\/murphy-law-firm-llc-0835-12003342","https:\/\/www.lawyers.com\/baton-rouge\/louisiana\/murphy-law-firm-42910679-f\/","https:\/\/nextdoor.com\/pages\/murphy-law-firm-llc\/","https:\/\/www.lawyer4criminaldefense.com\/criminal-defense-lawyers\/listing\/b637fd75d4bc11b1a32273b847ba8a37\/","https:\/\/www.expertise.com\/legal\/slip-and-fall-lawyers\/louisiana\/baton-rouge","https:\/\/www.youtube.com\/@MurphyLawFirmBatonRouge"]}]}},"_links":{"self":[{"href":"https:\/\/www.murphylawfirm.com\/es\/wp-json\/wp\/v2\/pages\/365","targetHints":{"allow":["GET"]}}],"collection":[{"href":"https:\/\/www.murphylawfirm.com\/es\/wp-json\/wp\/v2\/pages"}],"about":[{"href":"https:\/\/www.murphylawfirm.com\/es\/wp-json\/wp\/v2\/types\/page"}],"author":[{"embeddable":true,"href":"https:\/\/www.murphylawfirm.com\/es\/wp-json\/wp\/v2\/users\/1"}],"replies":[{"embeddable":true,"href":"https:\/\/www.murphylawfirm.com\/es\/wp-json\/wp\/v2\/comments?post=365"}],"version-history":[{"count":7,"href":"https:\/\/www.murphylawfirm.com\/es\/wp-json\/wp\/v2\/pages\/365\/revisions"}],"predecessor-version":[{"id":7624,"href":"https:\/\/www.murphylawfirm.com\/es\/wp-json\/wp\/v2\/pages\/365\/revisions\/7624"}],"wp:attachment":[{"href":"https:\/\/www.murphylawfirm.com\/es\/wp-json\/wp\/v2\/media?parent=365"}],"curies":[{"name":"wp","href":"https:\/\/api.w.org\/{rel}","templated":true}]}}