{"id":370,"date":"2024-04-17T04:35:45","date_gmt":"2024-04-17T04:35:45","guid":{"rendered":"https:\/\/www.murphylawfirm.com\/?page_id=370"},"modified":"2025-03-17T06:17:55","modified_gmt":"2025-03-17T06:17:55","slug":"drogas-peligrosas","status":"publish","type":"page","link":"https:\/\/www.murphylawfirm.com\/es\/mass-tort\/dangerous-drugs\/","title":{"rendered":"Baton Rouge Abogado de drogas peligrosas"},"content":{"rendered":"<div id=\"ez-toc-container\" class=\"ez-toc-v2_0_82_2 counter-hierarchy ez-toc-counter ez-toc-transparent ez-toc-container-direction\">\n<div class=\"ez-toc-title-container\">\n<p class=\"ez-toc-title ez-toc-toggle\" style=\"cursor:pointer\">\u00cdndice<\/p>\n<span class=\"ez-toc-title-toggle\"><a href=\"#\" class=\"ez-toc-pull-right ez-toc-btn ez-toc-btn-xs ez-toc-btn-default ez-toc-toggle\" aria-label=\"Toggle Table of Content\"><span class=\"ez-toc-js-icon-con\"><span class=\"\"><span class=\"eztoc-hide\" style=\"display:none;\">Toggle<\/span><span class=\"ez-toc-icon-toggle-span\"><svg style=\"fill: #999;color:#999\" xmlns=\"http:\/\/www.w3.org\/2000\/svg\" class=\"list-377408\" width=\"20px\" height=\"20px\" viewbox=\"0 0 24 24\" fill=\"none\"><path d=\"M6 6H4v2h2V6zm14 0H8v2h12V6zM4 11h2v2H4v-2zm16 0H8v2h12v-2zM4 16h2v2H4v-2zm16 0H8v2h12v-2z\" fill=\"currentColor\"><\/path><\/svg><svg style=\"fill: #999;color:#999\" class=\"arrow-unsorted-368013\" xmlns=\"http:\/\/www.w3.org\/2000\/svg\" width=\"10px\" height=\"10px\" viewbox=\"0 0 24 24\" version=\"1.2\" baseprofile=\"tiny\"><path d=\"M18.2 9.3l-6.2-6.3-6.2 6.3c-.2.2-.3.4-.3.7s.1.5.3.7c.2.2.4.3.7.3h11c.3 0 .5-.1.7-.3.2-.2.3-.5.3-.7s-.1-.5-.3-.7zM5.8 14.7l6.2 6.3 6.2-6.3c.2-.2.3-.5.3-.7s-.1-.5-.3-.7c-.2-.2-.4-.3-.7-.3h-11c-.3 0-.5.1-.7.3-.2.2-.3.5-.3.7s.1.5.3.7z\"\/><\/svg><\/span><\/span><\/span><\/a><\/span><\/div>\n<nav><ul class='ez-toc-list ez-toc-list-level-1 eztoc-toggle-hide-by-default' ><li class='ez-toc-page-1 ez-toc-heading-level-2'><a class=\"ez-toc-link ez-toc-heading-1\" href=\"https:\/\/www.murphylawfirm.com\/es\/mass-tort\/dangerous-drugs\/#baton-rouge-dangerous-drug-attorney\" >Baton Rouge Abogado de drogas peligrosas<\/a><ul class='ez-toc-list-level-3' ><li class='ez-toc-heading-level-3'><a class=\"ez-toc-link ez-toc-heading-2\" href=\"https:\/\/www.murphylawfirm.com\/es\/mass-tort\/dangerous-drugs\/#types-of-dangerous-drug-claims\" >Tipos de reclamaciones por medicamentos peligrosos<\/a><\/li><li class='ez-toc-page-1 ez-toc-heading-level-3'><a class=\"ez-toc-link ez-toc-heading-3\" href=\"https:\/\/www.murphylawfirm.com\/es\/mass-tort\/dangerous-drugs\/#faqs\" >Preguntas frecuentes<\/a><\/li><li class='ez-toc-page-1 ez-toc-heading-level-3'><a class=\"ez-toc-link ez-toc-heading-4\" href=\"https:\/\/www.murphylawfirm.com\/es\/mass-tort\/dangerous-drugs\/#secure-your-future-with-a-dangerous-drug-claim\" >Asegure su futuro con una reclamaci\u00f3n por medicamentos peligrosos<\/a><\/li><\/ul><\/li><\/ul><\/nav><\/div>\n<h2><span class=\"ez-toc-section\" id=\"baton-rouge-dangerous-drug-attorney\"><\/span>Baton Rouge Abogado de drogas peligrosas<span class=\"ez-toc-section-end\"><\/span><\/h2>\n<p>Muchas personas conf\u00edan en los medicamentos tanto de venta con receta como de venta libre, pero son muchos los problemas que pueden surgir si se produce un error en el proceso de producci\u00f3n o si el medicamento es perjudicial. Si cree que se ha lesionado al utilizar un medicamento de la forma prevista, podr\u00eda presentar una demanda contra una empresa farmac\u00e9utica, farmac\u00e9utico o fabricante para obtener una indemnizaci\u00f3n por las lesiones sufridas. Para m\u00e1s informaci\u00f3n, p\u00f3ngase en contacto con un <strong>abogado experto en drogas peligrosas Baton Rouge <\/strong>en <a href=\"https:\/\/www.murphylawfirm.com\/es\/pongase-en-contacto-con\/\">Bufete Murphy<\/a>.<\/p>\n<h3><span class=\"ez-toc-section\" id=\"types-of-dangerous-drug-claims\"><\/span>Tipos de reclamaciones por medicamentos peligrosos<span class=\"ez-toc-section-end\"><\/span><\/h3>\n<p>Las demandas por medicamentos peligrosos entran en la categor\u00eda de responsabilidad por productos defectuosos. Este tipo de reclamaci\u00f3n suele implicar que un producto falle de forma que perjudique al usuario, aunque \u00e9ste haya utilizado el producto siguiendo las instrucciones. Puede tratarse de problemas relacionados con la fabricaci\u00f3n del medicamento, su comercializaci\u00f3n o los efectos secundarios que pueden afectar negativamente al paciente.<\/p>\n<p>Durante el proceso de fabricaci\u00f3n y distribuci\u00f3n pueden surgir muchos tipos de problemas. Puede haber errores en la f\u00e1brica y algunos medicamentos pueden da\u00f1arse durante el transporte. Tambi\u00e9n puede ser peligroso que un medicamento se etiquete de forma incorrecta, con el resultado de que se administre el medicamento o la dosis equivocados. Si un medicamento se manipula de alguna manera, desde el fabricante hasta el distribuidor, podr\u00eda afectar a su efecto en el consumidor.<\/p>\n<p>Incluso si un f\u00e1rmaco se crea correctamente, puede ser intr\u00ednsecamente peligroso y provocar un mayor riesgo de enfermedades graves como el c\u00e1ncer o un infarto de miocardio. Pueden pasar meses o incluso a\u00f1os desde el lanzamiento inicial de un f\u00e1rmaco hasta que se descubran estos efectos secundarios.<\/p>\n<p>En algunos casos, una empresa farmac\u00e9utica puede conocer los efectos secundarios nocivos, pero decide ocultarlos mediante un marketing enga\u00f1oso. Tambi\u00e9n puede tratarse de un problema de marketing si no proporcionan instrucciones eficaces sobre c\u00f3mo tomar el medicamento o no advierten adecuadamente al consumidor de los riesgos potenciales que podr\u00eda conllevar su consumo. Algunas reclamaciones implican una combinaci\u00f3n de estos problemas, que pueden ser causados por varias partes diferentes.<\/p>\n<h4>\u00bfQui\u00e9n tiene la culpa?<\/h4>\n<p>Muchas partes pueden ser culpables en una reclamaci\u00f3n por un medicamento peligroso. La parte m\u00e1s obviamente responsable es una empresa farmac\u00e9utica, porque suele ser responsable de la fabricaci\u00f3n, desarrollo y comercializaci\u00f3n de un medicamento. Sin embargo, hay muchas partes diferentes que son responsables de la manipulaci\u00f3n de los medicamentos antes de que se administren al consumidor.<\/p>\n<p>Seg\u00fan las circunstancias, un agente de ventas de una empresa farmac\u00e9utica <a href=\"https:\/\/www.murphylawfirm.com\/es\/baton-rouge-abogado-de-negligencia-medica\/\">empresa o un m\u00e9dico podr\u00edan ser responsables de un medicamento peligroso<\/a> si convencieron a una persona para que lo tomara. Un hospital o una farmacia tambi\u00e9n pueden ser responsables si se encargaron de distribuir el medicamento. Algunas demandas incluyen m\u00faltiples partes culpables, y puede ser dif\u00edcil decidir qui\u00e9n es el culpable de un medicamento peligroso.<\/p>\n<h4>\u00bfPor qu\u00e9 necesito un abogado?<\/h4>\n<p>Las demandas por medicamentos defectuosos pueden ser extremadamente dif\u00edciles de presentar y ganar debido a diversos factores. En primer lugar, la naturaleza de los medicamentos farmac\u00e9uticos puede ser complicada de entender y a menudo requiere la asistencia de profesionales m\u00e9dicos. Tambi\u00e9n se presentan muchos casos contra grandes empresas farmac\u00e9uticas y fabricantes, y esas entidades tienen sus propios equipos jur\u00eddicos dedicados a luchar contra este tipo de reclamaciones. Como <a href=\"https:\/\/www.murphylawfirm.com\/es\/baton-rouge-depo-provera-lawsuit-lawyer\/\">Abogado demanda Depo-Provera<\/a>Tenemos la experiencia y los recursos necesarios para sortear estas complejidades y luchar por la indemnizaci\u00f3n que se merece.<\/p>\n<p>Tambi\u00e9n hay plazos para presentar una reclamaci\u00f3n. Si espera demasiado, es posible que su reclamaci\u00f3n no sea v\u00e1lida. Un abogado puede ayudarle a presentar una reclamaci\u00f3n a tiempo, y tambi\u00e9n puede hacer un seguimiento de todos los plazos de su caso para asegurarse de que se procesa de la mejor manera posible. Si no est\u00e1 seguro de si tiene un caso o no, considere la posibilidad de programar una consulta con un abogado para obtener m\u00e1s informaci\u00f3n sobre cu\u00e1les podr\u00edan ser sus pr\u00f3ximos pasos.<\/p>\n<h3><span class=\"ez-toc-section\" id=\"faqs\"><\/span>Preguntas frecuentes<span class=\"ez-toc-section-end\"><\/span><\/h3>\n<div class=\"accsec-ritcnt accordion\">\n<div class=\"accordion-section\">\n<h4><a class=\"accordion-section-title\" href=\"#accordion-1\">P: \u00bfC\u00f3mo puedo encontrar un buen abogado para mi reclamaci\u00f3n por medicamentos peligrosos?<\/a><\/h4>\n<div id=\"accordion-1\" class=\"accordion-section-content open\">\n<p><strong>A:<\/strong> Un buen abogado para una reclamaci\u00f3n por medicamentos peligrosos en <a href=\"https:\/\/en.wikipedia.org\/wiki\/Louisiana\" target=\"_blank\" rel=\"noopener\">Louisiana<\/a> tiene experiencia trabajando con <a href=\"https:\/\/www.murphylawfirm.com\/es\/abogado-de-lesiones-personales-de-louisiana\/\">reclamaciones por da\u00f1os personales<\/a>especialmente los relacionados con negligencia m\u00e9dica, errores farmac\u00e9uticos y otros problemas con f\u00e1rmacos o medicamentos. Despu\u00e9s de mirar el historial y las rese\u00f1as de un abogado, programe una consulta inicial con ellos para asegurarse de que son una buena opci\u00f3n para su caso. H\u00e1gales preguntas sobre los honorarios, los posibles resultados y si han trabajado con casos similares en el pasado.<\/p>\n<\/div>\n<\/div>\n<div class=\"accordion-section\">\n<h4><a class=\"accordion-section-title\" href=\"#accordion-2\">P: \u00bfC\u00f3mo s\u00e9 si mi reclamaci\u00f3n por medicamentos peligrosos da derecho a indemnizaci\u00f3n?<\/a><\/h4>\n<div id=\"accordion-2\" class=\"accordion-section-content open\">\n<p><strong>A:<\/strong> Una reclamaci\u00f3n por f\u00e1rmacos peligrosos suele dar derecho a indemnizaci\u00f3n si puede demostrar que tom\u00f3 el f\u00e1rmaco por prescripci\u00f3n m\u00e9dica y result\u00f3 directamente perjudicado por \u00e9l. Sin embargo, cada medicamento es diferente y puede requerir diversas formas de prueba para una reclamaci\u00f3n v\u00e1lida. Hablar con un abogado sobre su situaci\u00f3n individual puede darle una idea m\u00e1s clara sobre qu\u00e9 pruebas puede necesitar y si su reclamaci\u00f3n por medicamentos peligrosos es legalmente viable.<\/p>\n<\/div>\n<\/div>\n<div class=\"accordion-section\">\n<h4><a class=\"accordion-section-title\" href=\"#accordion-3\">P: \u00bfNecesito un abogado para una reclamaci\u00f3n por medicamentos peligrosos?<\/a><\/h4>\n<div id=\"accordion-3\" class=\"accordion-section-content open\">\n<p><strong>A:<\/strong> Un abogado es un activo valioso para una reclamaci\u00f3n por drogas peligrosas. Puede ayudarle a recopilar historiales m\u00e9dicos y otras pruebas, as\u00ed como a presentar una demanda. Las empresas farmac\u00e9uticas suelen ser bastante grandes y puede ser dif\u00edcil tratar con ellas, pero un abogado con experiencia puede ayudarle. <a href=\"https:\/\/en.wikipedia.org\/wiki\/Baton_Rouge,_Louisiana\" target=\"_blank\" rel=\"noopener\">Baton Rouge<\/a> abogado sabe c\u00f3mo negociar con ellos para recuperar los da\u00f1os de su caso. Las reclamaciones por medicamentos peligrosos se refieren tanto a cuestiones m\u00e9dicas como jur\u00eddicas, lo que las convierte en todo un reto.<\/p>\n<\/div>\n<\/div>\n<div class=\"accordion-section\">\n<h4><a class=\"accordion-section-title\" href=\"#accordion-4\">P: \u00bfQu\u00e9 pruebas necesito para mi reclamaci\u00f3n por medicamentos peligrosos?<\/a><\/h4>\n<div id=\"accordion-4\" class=\"accordion-section-content open\">\n<p><strong>A:<\/strong> Las pruebas que necesita para su demanda por medicamentos peligrosos dependen de sus circunstancias espec\u00edficas, pero suelen incluir historiales m\u00e9dicos de doctores y otros profesionales sanitarios. Tambi\u00e9n puede incluir pruebas de la compra del medicamento, relatos personales y pruebas de sus s\u00edntomas, e incluso testimonios de profesionales sanitarios. Este tipo de reclamaciones suelen requerir muchas pruebas.<\/p>\n<\/div>\n<\/div>\n<\/div>\n<h3><span class=\"ez-toc-section\" id=\"secure-your-future-with-a-dangerous-drug-claim\"><\/span>Asegure su futuro con una reclamaci\u00f3n por medicamentos peligrosos<span class=\"ez-toc-section-end\"><\/span><\/h3>\n<p>No dejes que el impacto de una droga peligrosa cambie tu vida a peor. <a href=\"https:\/\/www.murphylawfirm.com\/es\/pongase-en-contacto-con\/\">P\u00f3ngase en contacto con los abogados de Murphy Law Firm<\/a> hoy. Pueden ayudarle a presentar una demanda para recuperar los da\u00f1os y perjuicios causados por este tipo de medicamentos. Estas reclamaciones suelen ser bastante dif\u00edciles de probar porque requieren un an\u00e1lisis exhaustivo de documentos complejos. Trabajar con un profesional del derecho puede ayudarle a comprender cu\u00e1l puede ser la opci\u00f3n adecuada para su situaci\u00f3n.<\/p>\n<h4>P\u00e1gina relacionada<\/h4>\n<ul>\n<li><a href=\"https:\/\/www.murphylawfirm.com\/es\/blog\/aceptamos-casos-de-inyeccion-anticonceptiva-depo-provera-en-mass-tort\/\">Depo Provera<\/a><\/li>\n<\/ul>","protected":false},"excerpt":{"rendered":"<p>Baton Rouge Dangerous Drug Attorney Many people rely on both prescription and over-the-counter drugs, but there are many issues that could take place if a mistake occurs in the production process or when the drug is harmful. If you believe that you have been injured by using a drug as intended, you might be able &hellip; <\/p>\n<p class=\"link-more\"><a href=\"https:\/\/www.murphylawfirm.com\/es\/mass-tort\/dangerous-drugs\/\" class=\"more-link\">Seguir leyendo<span class=\"screen-reader-text\"> &#8220;Baton Rouge Dangerous Drug Lawyer&#8221;<\/span><\/a><\/p>","protected":false},"author":1,"featured_media":0,"parent":365,"menu_order":0,"comment_status":"closed","ping_status":"closed","template":"","meta":{"_acf_changed":false,"footnotes":""},"class_list":["post-370","page","type-page","status-publish","hentry","entry"],"acf":[],"yoast_head":"<!-- This site is optimized with the Yoast SEO plugin v27.4 - https:\/\/yoast.com\/product\/yoast-seo-wordpress\/ -->\n<title>Baton Rouge Dangerous Drug Lawyer - Free Consultation<\/title>\n<meta name=\"description\" content=\"Seeking a Baton Rouge Dangerous Drug Lawyer? Murphy Law Firm offers expert legal representation for drug injury cases. Contact us today for a free consultation.\" \/>\n<meta name=\"robots\" content=\"index, follow, max-snippet:-1, max-image-preview:large, max-video-preview:-1\" \/>\n<link rel=\"canonical\" href=\"https:\/\/www.murphylawfirm.com\/es\/responsabilidad-civil-masiva\/drogas-peligrosas\/\" \/>\n<meta property=\"og:locale\" content=\"es_MX\" \/>\n<meta property=\"og:type\" content=\"article\" \/>\n<meta property=\"og:title\" content=\"Baton Rouge Dangerous Drug Lawyer - Free Consultation\" \/>\n<meta property=\"og:description\" content=\"Seeking a Baton Rouge Dangerous Drug Lawyer? Murphy Law Firm offers expert legal representation for drug injury cases. Contact us today for a free consultation.\" \/>\n<meta property=\"og:url\" content=\"https:\/\/www.murphylawfirm.com\/es\/responsabilidad-civil-masiva\/drogas-peligrosas\/\" \/>\n<meta property=\"og:site_name\" content=\"Murphy Law Firm\" \/>\n<meta property=\"article:publisher\" content=\"https:\/\/www.facebook.com\/MurphyLawFirm225\/\" \/>\n<meta property=\"article:modified_time\" content=\"2025-03-17T06:17:55+00:00\" \/>\n<meta name=\"twitter:card\" content=\"summary_large_image\" \/>\n<meta name=\"twitter:site\" content=\"@murphylawfirm225\" \/>\n<meta name=\"twitter:label1\" content=\"Tiempo de lectura\" \/>\n\t<meta name=\"twitter:data1\" content=\"5 minutos\" \/>\n<!-- \/ Yoast SEO plugin. -->","yoast_head_json":{"title":"Baton Rouge Abogado de Drogas Peligrosas - Consulta Gratuita","description":"\u00bfBusca un abogado de drogas peligrosas Baton Rouge? Murphy Law Firm ofrece representaci\u00f3n legal experta para casos de lesiones por drogas. P\u00f3ngase en contacto con nosotros hoy para una consulta gratuita.","robots":{"index":"index","follow":"follow","max-snippet":"max-snippet:-1","max-image-preview":"max-image-preview:large","max-video-preview":"max-video-preview:-1"},"canonical":"https:\/\/www.murphylawfirm.com\/es\/responsabilidad-civil-masiva\/drogas-peligrosas\/","og_locale":"es_MX","og_type":"article","og_title":"Baton Rouge Dangerous Drug Lawyer - Free Consultation","og_description":"Seeking a Baton Rouge Dangerous Drug Lawyer? Murphy Law Firm offers expert legal representation for drug injury cases. Contact us today for a free consultation.","og_url":"https:\/\/www.murphylawfirm.com\/es\/responsabilidad-civil-masiva\/drogas-peligrosas\/","og_site_name":"Murphy Law Firm","article_publisher":"https:\/\/www.facebook.com\/MurphyLawFirm225\/","article_modified_time":"2025-03-17T06:17:55+00:00","twitter_card":"summary_large_image","twitter_site":"@murphylawfirm225","twitter_misc":{"Tiempo de lectura":"5 minutos"},"schema":{"@context":"https:\/\/schema.org","@graph":[{"@type":"WebPage","@id":"https:\/\/www.murphylawfirm.com\/mass-tort\/dangerous-drugs\/","url":"https:\/\/www.murphylawfirm.com\/mass-tort\/dangerous-drugs\/","name":"Baton Rouge Abogado de Drogas Peligrosas - Consulta Gratuita","isPartOf":{"@id":"https:\/\/www.murphylawfirm.com\/#website"},"datePublished":"2024-04-17T04:35:45+00:00","dateModified":"2025-03-17T06:17:55+00:00","description":"\u00bfBusca un abogado de drogas peligrosas Baton Rouge? Murphy Law Firm ofrece representaci\u00f3n legal experta para casos de lesiones por drogas. P\u00f3ngase en contacto con nosotros hoy para una consulta gratuita.","breadcrumb":{"@id":"https:\/\/www.murphylawfirm.com\/mass-tort\/dangerous-drugs\/#breadcrumb"},"inLanguage":"es","potentialAction":[{"@type":"ReadAction","target":["https:\/\/www.murphylawfirm.com\/mass-tort\/dangerous-drugs\/"]}]},{"@type":"BreadcrumbList","@id":"https:\/\/www.murphylawfirm.com\/mass-tort\/dangerous-drugs\/#breadcrumb","itemListElement":[{"@type":"ListItem","position":1,"name":"Home","item":"https:\/\/www.murphylawfirm.com\/"},{"@type":"ListItem","position":2,"name":"Baton Rouge Mass Tort Lawyer","item":"https:\/\/www.murphylawfirm.com\/mass-tort\/"},{"@type":"ListItem","position":3,"name":"Baton Rouge Dangerous Drug Lawyer"}]},{"@type":"WebSite","@id":"https:\/\/www.murphylawfirm.com\/#website","url":"https:\/\/www.murphylawfirm.com\/","name":"Bufete Murphy","description":"","publisher":{"@id":"https:\/\/www.murphylawfirm.com\/#organization"},"potentialAction":[{"@type":"SearchAction","target":{"@type":"EntryPoint","urlTemplate":"https:\/\/www.murphylawfirm.com\/?s={search_term_string}"},"query-input":{"@type":"PropertyValueSpecification","valueRequired":true,"valueName":"search_term_string"}}],"inLanguage":"es"},{"@type":"Organization","@id":"https:\/\/www.murphylawfirm.com\/#organization","name":"Bufete Murphy","alternateName":"Murphy Law Firm","url":"https:\/\/www.murphylawfirm.com\/","logo":{"@type":"ImageObject","inLanguage":"es","@id":"https:\/\/www.murphylawfirm.com\/#\/schema\/logo\/image\/","url":"https:\/\/www.murphylawfirm.com\/wp-content\/uploads\/2024\/05\/murphy.jpg","contentUrl":"https:\/\/www.murphylawfirm.com\/wp-content\/uploads\/2024\/05\/murphy.jpg","width":309,"height":79,"caption":"Murphy Law Firm"},"image":{"@id":"https:\/\/www.murphylawfirm.com\/#\/schema\/logo\/image\/"},"sameAs":["https:\/\/www.facebook.com\/MurphyLawFirm225\/","https:\/\/x.com\/murphylawfirm225","https:\/\/www.instagram.com\/murphylawfirm225\/","https:\/\/www.linkedin.com\/in\/murphy-law-firm-peyton-murphy\/","https:\/\/maps.app.goo.gl\/WCtGDyEwg1JYgwZ87","https:\/\/www.yelp.com\/biz\/murphy-law-firm-baton-rouge-3","https:\/\/www.mapquest.com\/us\/louisiana\/murphy-law-firm-284707425","https:\/\/www.lawinfo.com\/lawfirm\/louisiana\/baton-rouge\/murphy-law-firm-llc\/97a2f249-3b83-4255-b82a-f62955d76970.html","https:\/\/www.hg.org\/attorney\/murphy-law-firm-llc\/68580","https:\/\/lawyers.findlaw.com\/louisiana\/baton-rouge\/2388680_1\/","https:\/\/www.bbb.org\/us\/la\/baton-rouge\/profile\/lawyers\/murphy-law-firm-llc-0835-12003342","https:\/\/www.lawyers.com\/baton-rouge\/louisiana\/murphy-law-firm-42910679-f\/","https:\/\/nextdoor.com\/pages\/murphy-law-firm-llc\/","https:\/\/www.lawyer4criminaldefense.com\/criminal-defense-lawyers\/listing\/b637fd75d4bc11b1a32273b847ba8a37\/","https:\/\/www.expertise.com\/legal\/slip-and-fall-lawyers\/louisiana\/baton-rouge","https:\/\/www.youtube.com\/@MurphyLawFirmBatonRouge"]}]}},"_links":{"self":[{"href":"https:\/\/www.murphylawfirm.com\/es\/wp-json\/wp\/v2\/pages\/370","targetHints":{"allow":["GET"]}}],"collection":[{"href":"https:\/\/www.murphylawfirm.com\/es\/wp-json\/wp\/v2\/pages"}],"about":[{"href":"https:\/\/www.murphylawfirm.com\/es\/wp-json\/wp\/v2\/types\/page"}],"author":[{"embeddable":true,"href":"https:\/\/www.murphylawfirm.com\/es\/wp-json\/wp\/v2\/users\/1"}],"replies":[{"embeddable":true,"href":"https:\/\/www.murphylawfirm.com\/es\/wp-json\/wp\/v2\/comments?post=370"}],"version-history":[{"count":16,"href":"https:\/\/www.murphylawfirm.com\/es\/wp-json\/wp\/v2\/pages\/370\/revisions"}],"predecessor-version":[{"id":6295,"href":"https:\/\/www.murphylawfirm.com\/es\/wp-json\/wp\/v2\/pages\/370\/revisions\/6295"}],"up":[{"embeddable":true,"href":"https:\/\/www.murphylawfirm.com\/es\/wp-json\/wp\/v2\/pages\/365"}],"wp:attachment":[{"href":"https:\/\/www.murphylawfirm.com\/es\/wp-json\/wp\/v2\/media?parent=370"}],"curies":[{"name":"wp","href":"https:\/\/api.w.org\/{rel}","templated":true}]}}