{"id":373,"date":"2024-04-17T04:35:24","date_gmt":"2024-04-17T04:35:24","guid":{"rendered":"https:\/\/www.murphylawfirm.com\/?page_id=373"},"modified":"2025-07-15T14:41:37","modified_gmt":"2025-07-15T14:41:37","slug":"productos-peligrosos","status":"publish","type":"page","link":"https:\/\/www.murphylawfirm.com\/es\/mass-tort\/dangerous-products\/","title":{"rendered":"Baton Rouge Abogado de productos peligrosos"},"content":{"rendered":"<div id=\"ez-toc-container\" class=\"ez-toc-v2_0_82_2 counter-hierarchy ez-toc-counter ez-toc-transparent ez-toc-container-direction\">\n<div class=\"ez-toc-title-container\">\n<p class=\"ez-toc-title ez-toc-toggle\" style=\"cursor:pointer\">\u00cdndice<\/p>\n<span class=\"ez-toc-title-toggle\"><a href=\"#\" class=\"ez-toc-pull-right ez-toc-btn ez-toc-btn-xs ez-toc-btn-default ez-toc-toggle\" aria-label=\"Toggle Table of Content\"><span class=\"ez-toc-js-icon-con\"><span class=\"\"><span class=\"eztoc-hide\" style=\"display:none;\">Toggle<\/span><span class=\"ez-toc-icon-toggle-span\"><svg style=\"fill: #999;color:#999\" xmlns=\"http:\/\/www.w3.org\/2000\/svg\" class=\"list-377408\" width=\"20px\" height=\"20px\" viewbox=\"0 0 24 24\" fill=\"none\"><path d=\"M6 6H4v2h2V6zm14 0H8v2h12V6zM4 11h2v2H4v-2zm16 0H8v2h12v-2zM4 16h2v2H4v-2zm16 0H8v2h12v-2z\" fill=\"currentColor\"><\/path><\/svg><svg style=\"fill: #999;color:#999\" class=\"arrow-unsorted-368013\" xmlns=\"http:\/\/www.w3.org\/2000\/svg\" width=\"10px\" height=\"10px\" viewbox=\"0 0 24 24\" version=\"1.2\" baseprofile=\"tiny\"><path d=\"M18.2 9.3l-6.2-6.3-6.2 6.3c-.2.2-.3.4-.3.7s.1.5.3.7c.2.2.4.3.7.3h11c.3 0 .5-.1.7-.3.2-.2.3-.5.3-.7s-.1-.5-.3-.7zM5.8 14.7l6.2 6.3 6.2-6.3c.2-.2.3-.5.3-.7s-.1-.5-.3-.7c-.2-.2-.4-.3-.7-.3h-11c-.3 0-.5.1-.7.3-.2.2-.3.5-.3.7s.1.5.3.7z\"\/><\/svg><\/span><\/span><\/span><\/a><\/span><\/div>\n<nav><ul class='ez-toc-list ez-toc-list-level-1 eztoc-toggle-hide-by-default' ><li class='ez-toc-page-1 ez-toc-heading-level-2'><a class=\"ez-toc-link ez-toc-heading-1\" href=\"https:\/\/www.murphylawfirm.com\/es\/mass-tort\/dangerous-products\/#baton-rouge-dangerous-products-attorney\" >Baton Rouge Abogado de productos peligrosos<\/a><ul class='ez-toc-list-level-3' ><li class='ez-toc-heading-level-3'><a class=\"ez-toc-link ez-toc-heading-2\" href=\"https:\/\/www.murphylawfirm.com\/es\/mass-tort\/dangerous-products\/#what-is-product-liability\" >\u00bfQu\u00e9 es la responsabilidad por productos defectuosos?<\/a><\/li><li class='ez-toc-page-1 ez-toc-heading-level-3'><a class=\"ez-toc-link ez-toc-heading-3\" href=\"https:\/\/www.murphylawfirm.com\/es\/mass-tort\/dangerous-products\/#what-types-of-compensation-might-i-be-eligible-for\" >\u00bfA qu\u00e9 tipos de indemnizaci\u00f3n puedo optar?<\/a><\/li><li class='ez-toc-page-1 ez-toc-heading-level-3'><a class=\"ez-toc-link ez-toc-heading-4\" href=\"https:\/\/www.murphylawfirm.com\/es\/mass-tort\/dangerous-products\/#faqs\" >Preguntas frecuentes<\/a><\/li><li class='ez-toc-page-1 ez-toc-heading-level-3'><a class=\"ez-toc-link ez-toc-heading-5\" href=\"https:\/\/www.murphylawfirm.com\/es\/mass-tort\/dangerous-products\/#protect-yourself-from-dangerous-products\" >Prot\u00e9jase de los productos peligrosos<\/a><\/li><\/ul><\/li><\/ul><\/nav><\/div>\n<h2><span class=\"ez-toc-section\" id=\"baton-rouge-dangerous-products-attorney\"><\/span>Baton Rouge Abogado de productos peligrosos<span class=\"ez-toc-section-end\"><\/span><\/h2>\n<p>En la era moderna, utilizamos muchos tipos diferentes de productos para hacernos la vida m\u00e1s f\u00e1cil. Confiamos en que funcionar\u00e1n como se supone que deben hacerlo. Sin embargo, estos productos a veces fallan debido a un defecto. Estos defectos pueden provocar lesiones, p\u00e9rdidas econ\u00f3micas y traumas emocionales. Si necesita ayuda para superar las secuelas del fallo de un producto, considere la posibilidad de trabajar con un <strong>abogado experto en productos peligrosos Baton Rouge <\/strong>de <a href=\"https:\/\/www.murphylawfirm.com\/es\/nuestro-equipo\/\">Bufete Murphy<\/a> para reclamar una indemnizaci\u00f3n.<\/p>\n<h3><span class=\"ez-toc-section\" id=\"what-is-product-liability\"><\/span>\u00bfQu\u00e9 es la responsabilidad por productos defectuosos?<span class=\"ez-toc-section-end\"><\/span><\/h3>\n<p>Existen tres tipos de responsabilidad por productos defectuosos. Cada uno de ellos se deriva de problemas de fabricaci\u00f3n, dise\u00f1o y\/o advertencias\/instrucciones. Determinadas circunstancias pueden implicar m\u00e1s de un tipo de responsabilidad por productos defectuosos, pero muchas demandas se refieren a una sola de estas tres categor\u00edas.<\/p>\n<h4>Defectos de fabricaci\u00f3n<\/h4>\n<p>Los problemas en el proceso de fabricaci\u00f3n pueden afectar al funcionamiento de un producto. Un peque\u00f1o problema en la creaci\u00f3n del producto puede tener graves consecuencias para el usuario final. Estos problemas no se basan en la forma en que se dise\u00f1\u00f3 el producto, por lo que suelen provocar el mal funcionamiento de determinados lotes o grupos de productos. Estos defectos pueden deberse a que no se instalan piezas o componentes importantes o a que se hace de forma incorrecta en el momento de la fabricaci\u00f3n.<\/p>\n<h4>Defectos de dise\u00f1o<\/h4>\n<p>Algunos productos son intr\u00ednsecamente peligrosos, aunque est\u00e9n ensamblados correctamente. Por ejemplo, los productos fabricados para ni\u00f1os peque\u00f1os pueden ser intr\u00ednsecamente peligrosos si se rompen con facilidad o presentan riesgo de asfixia por contener muchas piezas peque\u00f1as. Muchos <a href=\"https:\/\/www.murphylawfirm.com\/es\/responsabilidad-civil-masiva\/productos-peligrosos\/philips-cpap-bi-pap-machines\/\">productos m\u00e9dicos, como las m\u00e1quinas CPAP<\/a> y las mallas para hernias, tambi\u00e9n entran en esta categor\u00eda porque causan problemas, incluso cuando se implantan correctamente en el cuerpo del paciente.<\/p>\n<h4>Falta de advertencia o instrucci\u00f3n<\/h4>\n<p>Aunque un producto se haya dise\u00f1ado y fabricado correctamente, puede causar da\u00f1os al usuario final sin previo aviso. Cualquier efecto potencialmente adverso que pueda causar un producto debe figurar en las instrucciones o en una etiqueta de advertencia. Si un producto no dispone de esta documentaci\u00f3n, el fabricante puede ser responsable si alguien resulta herido al utilizarlo correctamente.<\/p>\n<p>Las reclamaciones de responsabilidad por productos defectuosos pueden ser complicadas, y puede resultar dif\u00edcil determinar el tipo de problema que presenta un producto defectuoso al examinar sus lesiones. Ponerse en contacto con un abogado puede ayudarle a comprender mejor su situaci\u00f3n para que pueda presentar una reclamaci\u00f3n precisa.<\/p>\n<h4>Qu\u00e9 hacer tras el fallo de un producto<\/h4>\n<p>Los productos defectuosos suelen ser inesperados y pueden causar mucho estr\u00e9s a los afectados. Si tiene problemas debido a un producto defectuoso, d\u00e9 prioridad a su salud acudiendo al m\u00e9dico lo antes posible. Esto no s\u00f3lo le ayudar\u00e1 a cuidar de s\u00ed mismo, sino que tambi\u00e9n le aportar\u00e1 m\u00e1s pruebas m\u00e9dicas en apoyo de su caso.<\/p>\n<p>Conserve el producto sin intentar repararlo, y guarde el embalaje y las instrucciones si es posible. Por \u00faltimo, hable con un abogado especializado en responsabilidad por productos defectuosos para analizar su caso. Ellos pueden saber si su caso es legalmente viable y ayudarle a presentar una reclamaci\u00f3n si lo es.<\/p>\n<h3><span class=\"ez-toc-section\" id=\"what-types-of-compensation-might-i-be-eligible-for\"><\/span>\u00bfA qu\u00e9 tipos de indemnizaci\u00f3n puedo optar?<span class=\"ez-toc-section-end\"><\/span><\/h3>\n<p>Hay muchos tipos diferentes de da\u00f1os y perjuicios a los que se puede optar en una reclamaci\u00f3n por responsabilidad civil por productos defectuosos. <a href=\"https:\/\/en.wikipedia.org\/wiki\/Baton_Rouge,_Louisiana\" target=\"_blank\" rel=\"noopener\">Baton Rouge<\/a>. Uno de los ejemplos m\u00e1s evidentes son los gastos m\u00e9dicos. Si un producto le lesion\u00f3 o le caus\u00f3 una enfermedad como el c\u00e1ncer, lo m\u00e1s probable es que haya sufrido alguna lesi\u00f3n. Una demanda de responsabilidad por producto defectuoso puede dar lugar a una indemnizaci\u00f3n para pagar las facturas m\u00e9dicas derivadas del fallo del producto.<\/p>\n<p>Si sus lesiones son tan graves que le impiden ir a trabajar, podr\u00eda recibir una indemnizaci\u00f3n por da\u00f1os y perjuicios para compensar su falta de ingresos. Esto incluye la p\u00e9rdida futura de ingresos si queda incapacitado temporal o permanentemente debido a un defecto del producto. Otros tipos de da\u00f1os pueden incluir el dolor y el sufrimiento, especialmente si puede demostrarse que el defecto del producto le hizo perder el disfrute de la vida o le oblig\u00f3 a dejar de realizar ciertas actividades.<\/p>\n<section style=\"background-color: #f3f4f4; padding: 20px 10px; text-align: center;\">\n<div style=\"max-width: 800px; margin: 0 auto; width: 90%;\">\n<h2 style=\"font-family: 'Playfair Display', serif; font-size: 46px; font-weight: 400; line-height: 61.18px; color: #0e2c4d; margin-bottom: 10px;\">Conozca a nuestro abogado<\/h2>\n<div style=\"background-color: #f3f4f4; border: 1px solid #e0e0e0; border-radius: 8px; padding: 4px; box-shadow: 0 2px 4px rgba(0,0,0,0.1); display: flex; flex-wrap: wrap; align-items: center;\">\n<p><img decoding=\"async\" style=\"width: 200px; height: 270px; border-radius: 0; object-fit: cover; margin: 4px 15px 4px 4px; flex: 0 0 auto;\" src=\"https:\/\/www.murphylawfirm.com\/wp-content\/uploads\/2025\/03\/hm-attrny-murphy-img-one.webp\" alt=\"Peyton Murphy\" \/><\/p>\n<div style=\"flex: 1; text-align: center; min-width: 180px; padding: 4px;\">\n<h3 style=\"font-family: 'Playfair Display', serif; font-size: 46px; font-weight: 400; line-height: 61.18px; color: #a15127; margin-bottom: 8px;\">Peyton Murphy<\/h3>\n<p style=\"font-family: 'Onest-Regular', sans-serif; font-size: 19px; font-weight: 400; line-height: 34.2px; color: #000000; margin-bottom: 10px;\">Peyton Murphy, un abogado Louisiana con m\u00e1s de 30 a\u00f1os de experiencia, se especializa en casos de lesiones personales. Fund\u00f3 Murphy Law Firm en Baton Rouge en 1993 y lucha por la indemnizaci\u00f3n de sus clientes.<\/p>\n<p><a style=\"font-family: 'Onest-Regular', sans-serif; font-size: 22px; font-weight: 400; color: #ffffff; background-color: #0d2c4e; padding: 12px 40px; border-radius: 50px; text-decoration: none; display: inline-block;\" href=\"https:\/\/www.murphylawfirm.com\/es\/nuestro-equipo\/peyton-murphy\/\"><b>Contactar con Peyton<\/b><\/a><\/p>\n<\/div>\n<\/div>\n<\/div>\n<\/section>\n<h3><span class=\"ez-toc-section\" id=\"faqs\"><\/span>Preguntas frecuentes<span class=\"ez-toc-section-end\"><\/span><\/h3>\n<div class=\"accsec-ritcnt accordion\">\n<div class=\"accordion-section\">\n<h4><a class=\"accordion-section-title\" href=\"#accordion-1\">P: \u00bfCu\u00e1l es la ley de responsabilidad por productos defectuosos en Louisiana?<\/a><\/h4>\n<div id=\"accordion-1\" class=\"accordion-section-content open\">\n<p><strong>A:<\/strong> Seg\u00fan la ley de responsabilidad por productos defectuosos, si una persona utiliza un producto de la forma prevista y sufre lesiones como consecuencia directa del producto, puede presentar una demanda de responsabilidad por productos defectuosos. Los productos pueden ir desde bienes de consumo general hasta medicamentos e incluso dispositivos m\u00e9dicos defectuosos. Aunque las personas suelen sufrir lesiones como consecuencia de un defecto del producto, estas demandas son diferentes de las demandas tradicionales por lesiones personales, como los accidentes de coche.<\/p>\n<\/div>\n<\/div>\n<div class=\"accordion-section\">\n<h4><a class=\"accordion-section-title\" href=\"#accordion-2\">P: \u00bfQu\u00e9 debo hacer si me he lesionado con un producto despu\u00e9s de utilizarlo correctamente?<\/a><\/h4>\n<div id=\"accordion-2\" class=\"accordion-section-content\">\n<p><strong>A:<\/strong> Si ha resultado lesionado por un producto despu\u00e9s de utilizarlo correctamente, es buena idea hablar con un abogado para saber m\u00e1s sobre sus opciones legales. Es posible que pueda obtener una indemnizaci\u00f3n por da\u00f1os y perjuicios como consecuencia del defecto del producto, que podr\u00eda pagar el tratamiento m\u00e9dico o los salarios perdidos por faltar al trabajo. Muchas partes diferentes pueden ser responsables del fallo de un producto, por lo que consultar a un abogado es una buena opci\u00f3n para averiguar qui\u00e9n es el culpable y qu\u00e9 puede hacer usted.<\/p>\n<\/div>\n<\/div>\n<div class=\"accordion-section\">\n<h4><a class=\"accordion-section-title\" href=\"#accordion-3\">P: \u00bfQu\u00e9 pruebas se necesitan para una demanda por responsabilidad civil por productos defectuosos?<\/a><\/h4>\n<div id=\"accordion-3\" class=\"accordion-section-content\">\n<p><strong>A:<\/strong> Normalmente se necesitan pruebas s\u00f3lidas para una demanda de responsabilidad por producto defectuoso. Las formas m\u00e1s comunes de pruebas incluyen el producto real, cualquier historial m\u00e9dico relacionado con lesiones causadas por el fallo del producto, pruebas de c\u00f3mo compr\u00f3 el producto e incluso el testimonio de testigos si le vieron lesionarse. Un abogado puede ayudarle a determinar qu\u00e9 tipo de pruebas son necesarias para su reclamaci\u00f3n y a reunirlas para recuperar los da\u00f1os.<\/p>\n<\/div>\n<\/div>\n<div class=\"accordion-section\">\n<h4><a class=\"accordion-section-title\" href=\"#accordion-4\">P: \u00bfQu\u00e9 tipos de defectos pueden dar lugar a una demanda por responsabilidad civil por productos defectuosos?<\/a><\/h4>\n<div id=\"accordion-4\" class=\"accordion-section-content\">\n<p><strong>A:<\/strong> R: Hay tres tipos principales de defectos que pueden dar lugar a una reclamaci\u00f3n por responsabilidad civil por productos defectuosos: defectos de fabricaci\u00f3n, defectos de dise\u00f1o y advertencias o instrucciones defectuosas. Cada una de estas categor\u00edas requiere diferentes cantidades y tipos de pruebas para demostrar, y las reclamaciones resultantes podr\u00edan responsabilizar a diferentes partes. Para recibir claridad en su reclamaci\u00f3n de responsabilidad por productos defectuosos, consulte a un abogado para saber qu\u00e9 tipo de responsabilidad por productos defectuosos se aplica a su caso y c\u00f3mo presentar una reclamaci\u00f3n para recibir una indemnizaci\u00f3n.<\/p>\n<\/div>\n<\/div>\n<\/div>\n<h3><span class=\"ez-toc-section\" id=\"protect-yourself-from-dangerous-products\"><\/span>Prot\u00e9jase de los productos peligrosos<span class=\"ez-toc-section-end\"><\/span><\/h3>\n<p>No dejes que el hecho de que una gran empresa no te proteja te impida disfrutar de tu vida. Existen medios legales para reclamar da\u00f1os y perjuicios por defectos graves de los productos, pero a menudo est\u00e1n restringidos por plazos. Aseg\u00farese de que su reclamaci\u00f3n se presenta a tiempo consultando a un abogado especializado en responsabilidad por productos defectuosos. <a href=\"https:\/\/www.murphylawfirm.com\/es\/pongase-en-contacto-con\/\">Concertar una consulta<\/a> con Murphy Law Firm para determinar sus opciones para presentar una demanda de responsabilidad por productos defectuosos.<\/p>","protected":false},"excerpt":{"rendered":"<p>Baton Rouge Dangerous Products Attorney In the modern era, we use many different types of products to make our lives easier. We place our trust in the fact that they will function the way they\u2019re supposed to. However, these products sometimes fail due to a defect. These defects can result in injury, financial loss, and &hellip; <\/p>\n<p class=\"link-more\"><a href=\"https:\/\/www.murphylawfirm.com\/es\/mass-tort\/dangerous-products\/\" class=\"more-link\">Seguir leyendo<span class=\"screen-reader-text\"> &#8220;Baton Rouge Dangerous Product Lawyer&#8221;<\/span><\/a><\/p>","protected":false},"author":1,"featured_media":0,"parent":365,"menu_order":0,"comment_status":"closed","ping_status":"closed","template":"","meta":{"_acf_changed":false,"footnotes":""},"class_list":["post-373","page","type-page","status-publish","hentry","entry"],"acf":[],"yoast_head":"<!-- This site is optimized with the Yoast SEO plugin v27.4 - https:\/\/yoast.com\/product\/yoast-seo-wordpress\/ -->\n<title>Baton Rouge Dangerous Product Lawyer - Free Consultation<\/title>\n<meta name=\"description\" content=\"Need a Baton Rouge Dangerous Product Lawyer? Murphy Law Firm provides expert legal representation for product injury cases claims, including defective product lawsuits &amp; product injury litigation. Get free consultation.\" \/>\n<meta name=\"robots\" content=\"index, follow, max-snippet:-1, max-image-preview:large, max-video-preview:-1\" \/>\n<link rel=\"canonical\" href=\"https:\/\/www.murphylawfirm.com\/es\/responsabilidad-civil-masiva\/productos-peligrosos\/\" \/>\n<meta property=\"og:locale\" content=\"es_MX\" \/>\n<meta property=\"og:type\" content=\"article\" \/>\n<meta property=\"og:title\" content=\"Baton Rouge Dangerous Product Lawyer - Free Consultation\" \/>\n<meta property=\"og:description\" content=\"Need a Baton Rouge Dangerous Product Lawyer? Murphy Law Firm provides expert legal representation for product injury cases claims, including defective product lawsuits &amp; product injury litigation. Get free consultation.\" \/>\n<meta property=\"og:url\" content=\"https:\/\/www.murphylawfirm.com\/es\/responsabilidad-civil-masiva\/productos-peligrosos\/\" \/>\n<meta property=\"og:site_name\" content=\"Murphy Law Firm\" \/>\n<meta property=\"article:publisher\" content=\"https:\/\/www.facebook.com\/MurphyLawFirm225\/\" \/>\n<meta property=\"article:modified_time\" content=\"2025-07-15T14:41:37+00:00\" \/>\n<meta property=\"og:image\" content=\"https:\/\/www.murphylawfirm.com\/wp-content\/uploads\/2025\/03\/hm-attrny-murphy-img-one.webp\" \/>\n<meta name=\"twitter:card\" content=\"summary_large_image\" \/>\n<meta name=\"twitter:site\" content=\"@murphylawfirm225\" \/>\n<meta name=\"twitter:label1\" content=\"Tiempo de lectura\" \/>\n\t<meta name=\"twitter:data1\" content=\"6 minutos\" \/>\n<!-- \/ Yoast SEO plugin. -->","yoast_head_json":{"title":"Baton Rouge Abogado de Productos Peligrosos - Consulta Gratuita","description":"\u00bfNecesita un abogado de productos peligrosos Baton Rouge? El bufete de abogados Murphy Law Firm proporciona representaci\u00f3n legal experta para demandas de casos de lesiones por productos, incluyendo demandas por productos defectuosos y litigios por lesiones por productos. Obtenga una consulta gratuita.","robots":{"index":"index","follow":"follow","max-snippet":"max-snippet:-1","max-image-preview":"max-image-preview:large","max-video-preview":"max-video-preview:-1"},"canonical":"https:\/\/www.murphylawfirm.com\/es\/responsabilidad-civil-masiva\/productos-peligrosos\/","og_locale":"es_MX","og_type":"article","og_title":"Baton Rouge Dangerous Product Lawyer - Free Consultation","og_description":"Need a Baton Rouge Dangerous Product Lawyer? Murphy Law Firm provides expert legal representation for product injury cases claims, including defective product lawsuits & product injury litigation. Get free consultation.","og_url":"https:\/\/www.murphylawfirm.com\/es\/responsabilidad-civil-masiva\/productos-peligrosos\/","og_site_name":"Murphy Law Firm","article_publisher":"https:\/\/www.facebook.com\/MurphyLawFirm225\/","article_modified_time":"2025-07-15T14:41:37+00:00","og_image":[{"url":"https:\/\/www.murphylawfirm.com\/wp-content\/uploads\/2025\/03\/hm-attrny-murphy-img-one.webp","type":"","width":"","height":""}],"twitter_card":"summary_large_image","twitter_site":"@murphylawfirm225","twitter_misc":{"Tiempo de lectura":"6 minutos"},"schema":{"@context":"https:\/\/schema.org","@graph":[{"@type":"WebPage","@id":"https:\/\/www.murphylawfirm.com\/mass-tort\/dangerous-products\/","url":"https:\/\/www.murphylawfirm.com\/mass-tort\/dangerous-products\/","name":"Baton Rouge Abogado de Productos Peligrosos - Consulta Gratuita","isPartOf":{"@id":"https:\/\/www.murphylawfirm.com\/#website"},"primaryImageOfPage":{"@id":"https:\/\/www.murphylawfirm.com\/mass-tort\/dangerous-products\/#primaryimage"},"image":{"@id":"https:\/\/www.murphylawfirm.com\/mass-tort\/dangerous-products\/#primaryimage"},"thumbnailUrl":"https:\/\/www.murphylawfirm.com\/wp-content\/uploads\/2025\/03\/hm-attrny-murphy-img-one.webp","datePublished":"2024-04-17T04:35:24+00:00","dateModified":"2025-07-15T14:41:37+00:00","description":"\u00bfNecesita un abogado de productos peligrosos Baton Rouge? El bufete de abogados Murphy Law Firm proporciona representaci\u00f3n legal experta para demandas de casos de lesiones por productos, incluyendo demandas por productos defectuosos y litigios por lesiones por productos. Obtenga una consulta gratuita.","breadcrumb":{"@id":"https:\/\/www.murphylawfirm.com\/mass-tort\/dangerous-products\/#breadcrumb"},"inLanguage":"es","potentialAction":[{"@type":"ReadAction","target":["https:\/\/www.murphylawfirm.com\/mass-tort\/dangerous-products\/"]}]},{"@type":"ImageObject","inLanguage":"es","@id":"https:\/\/www.murphylawfirm.com\/mass-tort\/dangerous-products\/#primaryimage","url":"https:\/\/www.murphylawfirm.com\/wp-content\/uploads\/2025\/03\/hm-attrny-murphy-img-one.webp","contentUrl":"https:\/\/www.murphylawfirm.com\/wp-content\/uploads\/2025\/03\/hm-attrny-murphy-img-one.webp"},{"@type":"BreadcrumbList","@id":"https:\/\/www.murphylawfirm.com\/mass-tort\/dangerous-products\/#breadcrumb","itemListElement":[{"@type":"ListItem","position":1,"name":"Home","item":"https:\/\/www.murphylawfirm.com\/"},{"@type":"ListItem","position":2,"name":"Baton Rouge Mass Tort Lawyer","item":"https:\/\/www.murphylawfirm.com\/mass-tort\/"},{"@type":"ListItem","position":3,"name":"Baton Rouge Dangerous Product Lawyer"}]},{"@type":"WebSite","@id":"https:\/\/www.murphylawfirm.com\/#website","url":"https:\/\/www.murphylawfirm.com\/","name":"Bufete Murphy","description":"","publisher":{"@id":"https:\/\/www.murphylawfirm.com\/#organization"},"potentialAction":[{"@type":"SearchAction","target":{"@type":"EntryPoint","urlTemplate":"https:\/\/www.murphylawfirm.com\/?s={search_term_string}"},"query-input":{"@type":"PropertyValueSpecification","valueRequired":true,"valueName":"search_term_string"}}],"inLanguage":"es"},{"@type":"Organization","@id":"https:\/\/www.murphylawfirm.com\/#organization","name":"Bufete Murphy","alternateName":"Murphy Law Firm","url":"https:\/\/www.murphylawfirm.com\/","logo":{"@type":"ImageObject","inLanguage":"es","@id":"https:\/\/www.murphylawfirm.com\/#\/schema\/logo\/image\/","url":"https:\/\/www.murphylawfirm.com\/wp-content\/uploads\/2024\/05\/murphy.jpg","contentUrl":"https:\/\/www.murphylawfirm.com\/wp-content\/uploads\/2024\/05\/murphy.jpg","width":309,"height":79,"caption":"Murphy Law Firm"},"image":{"@id":"https:\/\/www.murphylawfirm.com\/#\/schema\/logo\/image\/"},"sameAs":["https:\/\/www.facebook.com\/MurphyLawFirm225\/","https:\/\/x.com\/murphylawfirm225","https:\/\/www.instagram.com\/murphylawfirm225\/","https:\/\/www.linkedin.com\/in\/murphy-law-firm-peyton-murphy\/","https:\/\/maps.app.goo.gl\/WCtGDyEwg1JYgwZ87","https:\/\/www.yelp.com\/biz\/murphy-law-firm-baton-rouge-3","https:\/\/www.mapquest.com\/us\/louisiana\/murphy-law-firm-284707425","https:\/\/www.lawinfo.com\/lawfirm\/louisiana\/baton-rouge\/murphy-law-firm-llc\/97a2f249-3b83-4255-b82a-f62955d76970.html","https:\/\/www.hg.org\/attorney\/murphy-law-firm-llc\/68580","https:\/\/lawyers.findlaw.com\/louisiana\/baton-rouge\/2388680_1\/","https:\/\/www.bbb.org\/us\/la\/baton-rouge\/profile\/lawyers\/murphy-law-firm-llc-0835-12003342","https:\/\/www.lawyers.com\/baton-rouge\/louisiana\/murphy-law-firm-42910679-f\/","https:\/\/nextdoor.com\/pages\/murphy-law-firm-llc\/","https:\/\/www.lawyer4criminaldefense.com\/criminal-defense-lawyers\/listing\/b637fd75d4bc11b1a32273b847ba8a37\/","https:\/\/www.expertise.com\/legal\/slip-and-fall-lawyers\/louisiana\/baton-rouge","https:\/\/www.youtube.com\/@MurphyLawFirmBatonRouge"]}]}},"_links":{"self":[{"href":"https:\/\/www.murphylawfirm.com\/es\/wp-json\/wp\/v2\/pages\/373","targetHints":{"allow":["GET"]}}],"collection":[{"href":"https:\/\/www.murphylawfirm.com\/es\/wp-json\/wp\/v2\/pages"}],"about":[{"href":"https:\/\/www.murphylawfirm.com\/es\/wp-json\/wp\/v2\/types\/page"}],"author":[{"embeddable":true,"href":"https:\/\/www.murphylawfirm.com\/es\/wp-json\/wp\/v2\/users\/1"}],"replies":[{"embeddable":true,"href":"https:\/\/www.murphylawfirm.com\/es\/wp-json\/wp\/v2\/comments?post=373"}],"version-history":[{"count":12,"href":"https:\/\/www.murphylawfirm.com\/es\/wp-json\/wp\/v2\/pages\/373\/revisions"}],"predecessor-version":[{"id":7052,"href":"https:\/\/www.murphylawfirm.com\/es\/wp-json\/wp\/v2\/pages\/373\/revisions\/7052"}],"up":[{"embeddable":true,"href":"https:\/\/www.murphylawfirm.com\/es\/wp-json\/wp\/v2\/pages\/365"}],"wp:attachment":[{"href":"https:\/\/www.murphylawfirm.com\/es\/wp-json\/wp\/v2\/media?parent=373"}],"curies":[{"name":"wp","href":"https:\/\/api.w.org\/{rel}","templated":true}]}}