{"id":378,"date":"2024-04-17T04:36:22","date_gmt":"2024-04-17T04:36:22","guid":{"rendered":"https:\/\/www.murphylawfirm.com\/?page_id=378"},"modified":"2025-03-12T18:04:49","modified_gmt":"2025-03-12T18:04:49","slug":"productos-sanitarios-defectuosos","status":"publish","type":"page","link":"https:\/\/www.murphylawfirm.com\/es\/mass-tort\/defective-medical-devices\/","title":{"rendered":"Baton Rouge Abogado de Dispositivos M\u00e9dicos Defectuosos"},"content":{"rendered":"<div id=\"ez-toc-container\" class=\"ez-toc-v2_0_82_2 counter-hierarchy ez-toc-counter ez-toc-transparent ez-toc-container-direction\">\n<div class=\"ez-toc-title-container\">\n<p class=\"ez-toc-title ez-toc-toggle\" style=\"cursor:pointer\">\u00cdndice<\/p>\n<span class=\"ez-toc-title-toggle\"><a href=\"#\" class=\"ez-toc-pull-right ez-toc-btn ez-toc-btn-xs ez-toc-btn-default ez-toc-toggle\" aria-label=\"Toggle Table of Content\"><span class=\"ez-toc-js-icon-con\"><span class=\"\"><span class=\"eztoc-hide\" style=\"display:none;\">Toggle<\/span><span class=\"ez-toc-icon-toggle-span\"><svg style=\"fill: #999;color:#999\" xmlns=\"http:\/\/www.w3.org\/2000\/svg\" class=\"list-377408\" width=\"20px\" height=\"20px\" viewbox=\"0 0 24 24\" fill=\"none\"><path d=\"M6 6H4v2h2V6zm14 0H8v2h12V6zM4 11h2v2H4v-2zm16 0H8v2h12v-2zM4 16h2v2H4v-2zm16 0H8v2h12v-2z\" fill=\"currentColor\"><\/path><\/svg><svg style=\"fill: #999;color:#999\" class=\"arrow-unsorted-368013\" xmlns=\"http:\/\/www.w3.org\/2000\/svg\" width=\"10px\" height=\"10px\" viewbox=\"0 0 24 24\" version=\"1.2\" baseprofile=\"tiny\"><path d=\"M18.2 9.3l-6.2-6.3-6.2 6.3c-.2.2-.3.4-.3.7s.1.5.3.7c.2.2.4.3.7.3h11c.3 0 .5-.1.7-.3.2-.2.3-.5.3-.7s-.1-.5-.3-.7zM5.8 14.7l6.2 6.3 6.2-6.3c.2-.2.3-.5.3-.7s-.1-.5-.3-.7c-.2-.2-.4-.3-.7-.3h-11c-.3 0-.5.1-.7.3-.2.2-.3.5-.3.7s.1.5.3.7z\"\/><\/svg><\/span><\/span><\/span><\/a><\/span><\/div>\n<nav><ul class='ez-toc-list ez-toc-list-level-1 eztoc-toggle-hide-by-default' ><li class='ez-toc-page-1 ez-toc-heading-level-2'><a class=\"ez-toc-link ez-toc-heading-1\" href=\"https:\/\/www.murphylawfirm.com\/es\/mass-tort\/defective-medical-devices\/#baton-rouge-dangerous-products-attorney\" >Baton Rouge Abogado de productos peligrosos<\/a><ul class='ez-toc-list-level-3' ><li class='ez-toc-heading-level-3'><a class=\"ez-toc-link ez-toc-heading-2\" href=\"https:\/\/www.murphylawfirm.com\/es\/mass-tort\/defective-medical-devices\/#how-did-my-medical-device-fail\" >\u00bfC\u00f3mo fall\u00f3 mi producto sanitario?<\/a><\/li><li class='ez-toc-page-1 ez-toc-heading-level-3'><a class=\"ez-toc-link ez-toc-heading-3\" href=\"https:\/\/www.murphylawfirm.com\/es\/mass-tort\/defective-medical-devices\/#design-defects\" >Defectos de dise\u00f1o<\/a><\/li><li class='ez-toc-page-1 ez-toc-heading-level-3'><a class=\"ez-toc-link ez-toc-heading-4\" href=\"https:\/\/www.murphylawfirm.com\/es\/mass-tort\/defective-medical-devices\/#manufacturing-defects\" >Defectos de fabricaci\u00f3n<\/a><\/li><li class='ez-toc-page-1 ez-toc-heading-level-3'><a class=\"ez-toc-link ez-toc-heading-5\" href=\"https:\/\/www.murphylawfirm.com\/es\/mass-tort\/defective-medical-devices\/#marketing-defects\" >Defectos de comercializaci\u00f3n<\/a><\/li><li class='ez-toc-page-1 ez-toc-heading-level-3'><a class=\"ez-toc-link ez-toc-heading-6\" href=\"https:\/\/www.murphylawfirm.com\/es\/mass-tort\/defective-medical-devices\/#how-to-find-a-good-attorney-for-my-case\" >C\u00f3mo encontrar un buen abogado para mi caso<\/a><\/li><li class='ez-toc-page-1 ez-toc-heading-level-3'><a class=\"ez-toc-link ez-toc-heading-7\" href=\"https:\/\/www.murphylawfirm.com\/es\/mass-tort\/defective-medical-devices\/#faqs\" >Preguntas frecuentes<\/a><\/li><li class='ez-toc-page-1 ez-toc-heading-level-3'><a class=\"ez-toc-link ez-toc-heading-8\" href=\"https:\/\/www.murphylawfirm.com\/es\/mass-tort\/defective-medical-devices\/#your-health-matters\" >Su salud importa<\/a><\/li><\/ul><\/li><\/ul><\/nav><\/div>\n<h2><span class=\"ez-toc-section\" id=\"baton-rouge-dangerous-products-attorney\"><\/span>Baton Rouge Abogado de productos peligrosos<span class=\"ez-toc-section-end\"><\/span><\/h2>\n<p>Los dispositivos m\u00e9dicos como desfibriladores, marcapasos y dispositivos intrauterinos son incre\u00edblemente importantes para muchos pacientes. Sin embargo, puede ser catastr\u00f3fico que uno de estos productos no funcione como deber\u00eda. Los problemas con los dispositivos m\u00e9dicos pueden dar lugar a complicaciones y lesiones adicionales, provocando dolor y estr\u00e9s innecesarios en una situaci\u00f3n de salud. Para resolver un problema con un fallo de un dispositivo m\u00e9dico, considere la posibilidad de hablar con un <strong>abogado experto en productos sanitarios defectuosos Baton Rouge <\/strong>en <a href=\"https:\/\/www.murphylawfirm.com\/es\/nuestro-equipo\/\">Bufete Murphy<\/a>.<\/p>\n<h3><span class=\"ez-toc-section\" id=\"how-did-my-medical-device-fail\"><\/span>\u00bfC\u00f3mo fall\u00f3 mi producto sanitario?<span class=\"ez-toc-section-end\"><\/span><\/h3>\n<p>Si ha sufrido complicaciones o lesiones debido al fallo de un dispositivo m\u00e9dico, es posible que pueda presentar una reclamaci\u00f3n de responsabilidad por productos defectuosos. Existen diferentes tipos de reclamaciones de responsabilidad por productos defectuosos en funci\u00f3n de c\u00f3mo fall\u00f3 el producto y del contexto de la situaci\u00f3n que rode\u00f3 el fallo.<\/p>\n<h3><span class=\"ez-toc-section\" id=\"design-defects\"><\/span>Defectos de dise\u00f1o<span class=\"ez-toc-section-end\"><\/span><\/h3>\n<p>Algunos productos m\u00e9dicos se dise\u00f1aron de tal forma que con el tiempo acabaron fallando. Aunque el producto se hiciera correctamente mientras se fabricaba, segu\u00eda dando lugar a complicaciones porque el propio dise\u00f1o era defectuoso. Este tipo de fallos se denominan defectos de dise\u00f1o.<\/p>\n<h3><span class=\"ez-toc-section\" id=\"manufacturing-defects\"><\/span>Defectos de fabricaci\u00f3n<span class=\"ez-toc-section-end\"><\/span><\/h3>\n<p>Si se producen problemas durante el proceso de fabricaci\u00f3n, pueden surgir complicaciones conocidas como defectos de fabricaci\u00f3n, sobre todo si el producto sanitario tiene un peque\u00f1o margen de error. Incluso desviaciones m\u00ednimas del dise\u00f1o previsto de un producto pueden tener consecuencias peligrosas para los pacientes que dependen de productos sanitarios para enfermedades graves. Esto tambi\u00e9n puede incluir da\u00f1os en tr\u00e1nsito desde la planta de fabricaci\u00f3n hasta el consumidor.<\/p>\n<h3><span class=\"ez-toc-section\" id=\"marketing-defects\"><\/span>Defectos de comercializaci\u00f3n<span class=\"ez-toc-section-end\"><\/span><\/h3>\n<p>En determinadas circunstancias, los productos est\u00e1n fabricados correctamente y son seguros de usar, pero requieren instrucciones detalladas o tienen ciertas caracter\u00edsticas \u00fanicas que exigen advertencias. Si estos mensajes no se transmiten correctamente al consumidor, el producto puede fallar y provocar una lesi\u00f3n. Este tipo de fallo se denomina defecto de comercializaci\u00f3n o falta de advertencia. Pueden ser culpa de muchas partes distintas a lo largo de la cadena de producci\u00f3n, desde el fabricante hasta el profesional sanitario.<\/p>\n<p>Hay algunas situaciones en las que un producto puede optar a varios <a href=\"https:\/\/www.doa.la.gov\/doa\/orm\/claims\/\" target=\"_blank\" rel=\"noopener\">diferentes tipos de responsabilidad por productos defectuosos<\/a>. Determinar qu\u00e9 tipo de defecto se aplica a su situaci\u00f3n puede ser dif\u00edcil de hacer por su cuenta, pero puede afectar dram\u00e1ticamente el tipo de pruebas necesarias para su caso. Por eso es tan importante ponerse en contacto con un <a href=\"https:\/\/www.murphylawfirm.com\/es\/responsabilidad-civil-masiva\/productos-peligrosos\/\">abogado de responsabilidad por productos defectuosos<\/a> que tenga experiencia con productos sanitarios defectuosos.<\/p>\n<h3><span class=\"ez-toc-section\" id=\"how-to-find-a-good-attorney-for-my-case\"><\/span>C\u00f3mo encontrar un buen abogado para mi caso<span class=\"ez-toc-section-end\"><\/span><\/h3>\n<p>Si est\u00e1 pensando en presentar una demanda de responsabilidad por productos defectuosos por lesiones sufridas a causa de un dispositivo m\u00e9dico defectuoso en <a href=\"https:\/\/en.wikipedia.org\/wiki\/Baton_Rouge,_Louisiana\" target=\"_blank\" rel=\"noopener\">Baton Rouge<\/a>es importante que investigues. <strong>Hay muchos abogados, as\u00ed que es importante tener una estrategia para encontrar uno que se adapte a su caso:<\/strong><\/p>\n<ul>\n<li><strong>Conocimientos \u00fanicos:<\/strong> Las demandas por responsabilidad civil por productos defectuosos son diferentes de otras formas de demandas por lesiones personales. Un abogado con experiencia en reclamaciones de responsabilidad por productos defectuosos puede asegurarse de que su caso se presenta correctamente. Busque su historial para ver si puede encontrar alg\u00fan caso exitoso que sea similar al suyo.<\/li>\n<li><strong>Comprensi\u00f3n m\u00e9dica:<\/strong> Las demandas relacionadas con productos sanitarios defectuosos suelen ser bastante complicadas y requieren un conocimiento b\u00e1sico de los detalles m\u00e9dicos y t\u00e9cnicos. Un abogado con testigos profesionales que puedan testificar a su favor podr\u00eda reforzar su argumentaci\u00f3n. Tambi\u00e9n podr\u00eda ayudar que el abogado conozca la normativa federal y estatal para el tipo de dispositivo m\u00e9dico sobre el que versa su reclamaci\u00f3n.<\/li>\n<li><strong>Estructura de las tasas:<\/strong> Antes de aceptar trabajar con un abogado, inf\u00f3rmese sobre c\u00f3mo reciben la indemnizaci\u00f3n. Muchos abogados de lesiones personales trabajan con honorarios condicionales, pero algunos no. Pregunte qu\u00e9 porcentaje de su indemnizaci\u00f3n podr\u00edan quedarse y si podr\u00eda haber alg\u00fan gasto adicional asociado a su caso.<\/li>\n<li><strong>Rese\u00f1as:<\/strong> Cuanta m\u00e1s informaci\u00f3n pueda encontrar sobre sus casos de \u00e9xito o rese\u00f1as, mejor. Muchos abogados tendr\u00e1n rese\u00f1as positivas o casos exitosos en su sitio web, con m\u00e1s detalles sobre c\u00f3mo aseguraron el resultado ganador.<\/li>\n<\/ul>\n<p>Elegir al abogado adecuado puede llevar tiempo, pero puede marcar una gran diferencia en el resultado de su reclamaci\u00f3n. Como <a href=\"https:\/\/www.murphylawfirm.com\/es\/baton-rouge-depo-provera-lawsuit-lawyer\/\">Abogado demanda Depo-Provera<\/a>Tambi\u00e9n nos especializamos en el manejo de casos complejos relacionados con medicamentos defectuosos y compa\u00f1\u00edas farmac\u00e9uticas. Nuestra experiencia garantiza que podamos defender eficazmente sus derechos y trabajar para asegurar la compensaci\u00f3n que se merece.<\/p>\n<h3 style=\"text-align: center;\"><span class=\"ez-toc-section\" id=\"faqs\"><\/span>Preguntas frecuentes<span class=\"ez-toc-section-end\"><\/span><\/h3>\n<div class=\"accsec-ritcnt accordion\">\n<div class=\"accordion-section\">\n<h4><a class=\"accordion-section-title\" href=\"#accordion-1\">P: \u00bfQui\u00e9n es responsable de un producto sanitario defectuoso?<\/a><\/h4>\n<div id=\"accordion-1\" class=\"accordion-section-content open\">\n<p><strong>A:<\/strong> Muchas partes pueden ser responsables de un producto sanitario defectuoso, dependiendo de c\u00f3mo haya fallado. Si falla el producto en s\u00ed, la culpa puede recaer en el fabricante. A veces, el producto es defectuoso por su dise\u00f1o, por lo que el dise\u00f1ador o la empresa matriz podr\u00edan ser considerados responsables. Un m\u00e9dico, cirujano u otro profesional de la medicina tambi\u00e9n podr\u00eda ser responsable si no advirti\u00f3 debidamente a los pacientes de los efectos secundarios o no les dio instrucciones para un uso adecuado.<\/p>\n<\/div>\n<\/div>\n<div class=\"accordion-section\">\n<h4><a class=\"accordion-section-title\" href=\"#accordion-2\">P: \u00bfC\u00f3mo se presenta una reclamaci\u00f3n por producto sanitario defectuoso en Louisiana?<\/a><\/h4>\n<div id=\"accordion-2\" class=\"accordion-section-content open\">\n<p><strong>A:<\/strong> Presentar una reclamaci\u00f3n por productos sanitarios en el Louisiana puede ser un proceso complicado. Normalmente implica una gran cantidad de pruebas que pueden ser dif\u00edciles de interpretar. Por eso puede ser \u00fatil presentar una reclamaci\u00f3n con la ayuda de un abogado. \u00c9ste puede ayudarle a reunir pruebas, determinar qu\u00e9 tipo de pruebas pueden reforzar su reclamaci\u00f3n y defender sus derechos frente a un fabricante o proveedor de asistencia sanitaria.<\/p>\n<\/div>\n<\/div>\n<div class=\"accordion-section\">\n<h4><a class=\"accordion-section-title\" href=\"#accordion-3\">P: \u00bfC\u00f3mo puedo demostrar que un producto sanitario era defectuoso?<\/a><\/h4>\n<div id=\"accordion-3\" class=\"accordion-section-content open\">\n<p><strong>A:<\/strong> Para demostrar que un producto sanitario era defectuoso, conviene conservar el producto defectuoso, as\u00ed como el resto del embalaje y las instrucciones que lo acompa\u00f1aban. Si puede reunir alg\u00fan historial m\u00e9dico que documente el uso del producto, puede serle de ayuda. Los testigos pueden aportar informaci\u00f3n sobre c\u00f3mo le afect\u00f3 el producto sanitario. Aunque ya no tenga el aparato, cualquier documentaci\u00f3n, como fotos o v\u00eddeos, puede ser \u00fatil en una reclamaci\u00f3n.<\/p>\n<\/div>\n<\/div>\n<div class=\"accordion-section\">\n<h4><a class=\"accordion-section-title\" href=\"#accordion-4\">P: \u00bfQu\u00e9 tipo de indemnizaci\u00f3n podr\u00eda recibir por una reclamaci\u00f3n por un producto sanitario defectuoso?<\/a><\/h4>\n<div id=\"accordion-4\" class=\"accordion-section-content open\">\n<p><strong>A:<\/strong> Los tipos de indemnizaci\u00f3n que podr\u00eda recibir de una reclamaci\u00f3n por un dispositivo m\u00e9dico defectuoso incluyen el reembolso de los gastos m\u00e9dicos y los salarios perdidos. Tambi\u00e9n podr\u00eda recibir una indemnizaci\u00f3n por el dolor y el sufrimiento sufridos a causa de sus lesiones. Si el caso es lo bastante extremo, un juez podr\u00eda ordenar una indemnizaci\u00f3n punitiva para castigar a la parte responsable y evitar que se repita una situaci\u00f3n similar.<\/p>\n<\/div>\n<\/div>\n<\/div>\n<h3><span class=\"ez-toc-section\" id=\"your-health-matters\"><\/span>Su salud importa<span class=\"ez-toc-section-end\"><\/span><\/h3>\n<p>No arriesgue algo tan importante como su salud. Una reclamaci\u00f3n de responsabilidad por productos defectuosos puede ayudarle a recibir justicia por las lesiones sufridas a consecuencia de un dispositivo m\u00e9dico defectuoso. <a href=\"https:\/\/www.murphylawfirm.com\/es\/pongase-en-contacto-con\/\">Concertar una consulta<\/a> con Murphy Law Firm hoy para aprender m\u00e1s acerca de c\u00f3mo podemos hacer el complicado proceso de presentaci\u00f3n m\u00e1s f\u00e1cil.<\/p>","protected":false},"excerpt":{"rendered":"<p>Baton Rouge Dangerous Products Attorney Medical devices like defibrillators, pacemakers, and IUDs are incredibly important for many patients. However, it can be catastrophic if one of these products does not work as it should. Issues with medical devices can lead to complications and additional injuries, bringing unnecessary pain and stress to a health situation. To &hellip; <\/p>\n<p class=\"link-more\"><a href=\"https:\/\/www.murphylawfirm.com\/es\/mass-tort\/defective-medical-devices\/\" class=\"more-link\">Seguir leyendo<span class=\"screen-reader-text\"> &#8220;Baton Rouge Defective Medical Device Lawyer&#8221;<\/span><\/a><\/p>","protected":false},"author":1,"featured_media":0,"parent":365,"menu_order":0,"comment_status":"closed","ping_status":"closed","template":"","meta":{"_acf_changed":false,"footnotes":""},"class_list":["post-378","page","type-page","status-publish","hentry","entry"],"acf":[],"yoast_head":"<!-- This site is optimized with the Yoast SEO plugin v27.4 - https:\/\/yoast.com\/product\/yoast-seo-wordpress\/ -->\n<title>Baton Rouge Defective Medical Device Lawyer - Free Consultation<\/title>\n<meta name=\"description\" content=\"Seeking a Baton Rouge Defective Medical Device Lawyer? Murphy Law Firm specializes in product liability, medical device recalls, and injury claims. Contact us today for a free consultation.\" \/>\n<meta name=\"robots\" content=\"index, follow, max-snippet:-1, max-image-preview:large, max-video-preview:-1\" \/>\n<link rel=\"canonical\" href=\"https:\/\/www.murphylawfirm.com\/es\/responsabilidad-civil-masiva\/productos-sanitarios-defectuosos\/\" \/>\n<meta property=\"og:locale\" content=\"es_MX\" \/>\n<meta property=\"og:type\" content=\"article\" \/>\n<meta property=\"og:title\" content=\"Baton Rouge Defective Medical Device Lawyer - Free Consultation\" \/>\n<meta property=\"og:description\" content=\"Seeking a Baton Rouge Defective Medical Device Lawyer? Murphy Law Firm specializes in product liability, medical device recalls, and injury claims. Contact us today for a free consultation.\" \/>\n<meta property=\"og:url\" content=\"https:\/\/www.murphylawfirm.com\/es\/responsabilidad-civil-masiva\/productos-sanitarios-defectuosos\/\" \/>\n<meta property=\"og:site_name\" content=\"Murphy Law Firm\" \/>\n<meta property=\"article:publisher\" content=\"https:\/\/www.facebook.com\/MurphyLawFirm225\/\" \/>\n<meta property=\"article:modified_time\" content=\"2025-03-12T18:04:49+00:00\" \/>\n<meta name=\"twitter:card\" content=\"summary_large_image\" \/>\n<meta name=\"twitter:site\" content=\"@murphylawfirm225\" \/>\n<meta name=\"twitter:label1\" content=\"Tiempo de lectura\" \/>\n\t<meta name=\"twitter:data1\" content=\"5 minutos\" \/>\n<!-- \/ Yoast SEO plugin. -->","yoast_head_json":{"title":"Baton Rouge Defective Medical Device Lawyer - Consulta gratuita","description":"\u00bfBusca un Abogado de Dispositivos M\u00e9dicos Defectuosos Baton Rouge? Murphy Law Firm se especializa en responsabilidad por productos defectuosos, retiros de dispositivos m\u00e9dicos y reclamaciones por lesiones. P\u00f3ngase en contacto con nosotros hoy para una consulta gratuita.","robots":{"index":"index","follow":"follow","max-snippet":"max-snippet:-1","max-image-preview":"max-image-preview:large","max-video-preview":"max-video-preview:-1"},"canonical":"https:\/\/www.murphylawfirm.com\/es\/responsabilidad-civil-masiva\/productos-sanitarios-defectuosos\/","og_locale":"es_MX","og_type":"article","og_title":"Baton Rouge Defective Medical Device Lawyer - Free Consultation","og_description":"Seeking a Baton Rouge Defective Medical Device Lawyer? Murphy Law Firm specializes in product liability, medical device recalls, and injury claims. Contact us today for a free consultation.","og_url":"https:\/\/www.murphylawfirm.com\/es\/responsabilidad-civil-masiva\/productos-sanitarios-defectuosos\/","og_site_name":"Murphy Law Firm","article_publisher":"https:\/\/www.facebook.com\/MurphyLawFirm225\/","article_modified_time":"2025-03-12T18:04:49+00:00","twitter_card":"summary_large_image","twitter_site":"@murphylawfirm225","twitter_misc":{"Tiempo de lectura":"5 minutos"},"schema":{"@context":"https:\/\/schema.org","@graph":[{"@type":"WebPage","@id":"https:\/\/www.murphylawfirm.com\/mass-tort\/defective-medical-devices\/","url":"https:\/\/www.murphylawfirm.com\/mass-tort\/defective-medical-devices\/","name":"Baton Rouge Defective Medical Device Lawyer - Consulta gratuita","isPartOf":{"@id":"https:\/\/www.murphylawfirm.com\/#website"},"datePublished":"2024-04-17T04:36:22+00:00","dateModified":"2025-03-12T18:04:49+00:00","description":"\u00bfBusca un Abogado de Dispositivos M\u00e9dicos Defectuosos Baton Rouge? Murphy Law Firm se especializa en responsabilidad por productos defectuosos, retiros de dispositivos m\u00e9dicos y reclamaciones por lesiones. P\u00f3ngase en contacto con nosotros hoy para una consulta gratuita.","breadcrumb":{"@id":"https:\/\/www.murphylawfirm.com\/mass-tort\/defective-medical-devices\/#breadcrumb"},"inLanguage":"es","potentialAction":[{"@type":"ReadAction","target":["https:\/\/www.murphylawfirm.com\/mass-tort\/defective-medical-devices\/"]}]},{"@type":"BreadcrumbList","@id":"https:\/\/www.murphylawfirm.com\/mass-tort\/defective-medical-devices\/#breadcrumb","itemListElement":[{"@type":"ListItem","position":1,"name":"Home","item":"https:\/\/www.murphylawfirm.com\/"},{"@type":"ListItem","position":2,"name":"Baton Rouge Mass Tort Lawyer","item":"https:\/\/www.murphylawfirm.com\/mass-tort\/"},{"@type":"ListItem","position":3,"name":"Baton Rouge Defective Medical Device Lawyer"}]},{"@type":"WebSite","@id":"https:\/\/www.murphylawfirm.com\/#website","url":"https:\/\/www.murphylawfirm.com\/","name":"Bufete Murphy","description":"","publisher":{"@id":"https:\/\/www.murphylawfirm.com\/#organization"},"potentialAction":[{"@type":"SearchAction","target":{"@type":"EntryPoint","urlTemplate":"https:\/\/www.murphylawfirm.com\/?s={search_term_string}"},"query-input":{"@type":"PropertyValueSpecification","valueRequired":true,"valueName":"search_term_string"}}],"inLanguage":"es"},{"@type":"Organization","@id":"https:\/\/www.murphylawfirm.com\/#organization","name":"Bufete Murphy","alternateName":"Murphy Law Firm","url":"https:\/\/www.murphylawfirm.com\/","logo":{"@type":"ImageObject","inLanguage":"es","@id":"https:\/\/www.murphylawfirm.com\/#\/schema\/logo\/image\/","url":"https:\/\/www.murphylawfirm.com\/wp-content\/uploads\/2024\/05\/murphy.jpg","contentUrl":"https:\/\/www.murphylawfirm.com\/wp-content\/uploads\/2024\/05\/murphy.jpg","width":309,"height":79,"caption":"Murphy Law Firm"},"image":{"@id":"https:\/\/www.murphylawfirm.com\/#\/schema\/logo\/image\/"},"sameAs":["https:\/\/www.facebook.com\/MurphyLawFirm225\/","https:\/\/x.com\/murphylawfirm225","https:\/\/www.instagram.com\/murphylawfirm225\/","https:\/\/www.linkedin.com\/in\/murphy-law-firm-peyton-murphy\/","https:\/\/maps.app.goo.gl\/WCtGDyEwg1JYgwZ87","https:\/\/www.yelp.com\/biz\/murphy-law-firm-baton-rouge-3","https:\/\/www.mapquest.com\/us\/louisiana\/murphy-law-firm-284707425","https:\/\/www.lawinfo.com\/lawfirm\/louisiana\/baton-rouge\/murphy-law-firm-llc\/97a2f249-3b83-4255-b82a-f62955d76970.html","https:\/\/www.hg.org\/attorney\/murphy-law-firm-llc\/68580","https:\/\/lawyers.findlaw.com\/louisiana\/baton-rouge\/2388680_1\/","https:\/\/www.bbb.org\/us\/la\/baton-rouge\/profile\/lawyers\/murphy-law-firm-llc-0835-12003342","https:\/\/www.lawyers.com\/baton-rouge\/louisiana\/murphy-law-firm-42910679-f\/","https:\/\/nextdoor.com\/pages\/murphy-law-firm-llc\/","https:\/\/www.lawyer4criminaldefense.com\/criminal-defense-lawyers\/listing\/b637fd75d4bc11b1a32273b847ba8a37\/","https:\/\/www.expertise.com\/legal\/slip-and-fall-lawyers\/louisiana\/baton-rouge","https:\/\/www.youtube.com\/@MurphyLawFirmBatonRouge"]}]}},"_links":{"self":[{"href":"https:\/\/www.murphylawfirm.com\/es\/wp-json\/wp\/v2\/pages\/378","targetHints":{"allow":["GET"]}}],"collection":[{"href":"https:\/\/www.murphylawfirm.com\/es\/wp-json\/wp\/v2\/pages"}],"about":[{"href":"https:\/\/www.murphylawfirm.com\/es\/wp-json\/wp\/v2\/types\/page"}],"author":[{"embeddable":true,"href":"https:\/\/www.murphylawfirm.com\/es\/wp-json\/wp\/v2\/users\/1"}],"replies":[{"embeddable":true,"href":"https:\/\/www.murphylawfirm.com\/es\/wp-json\/wp\/v2\/comments?post=378"}],"version-history":[{"count":14,"href":"https:\/\/www.murphylawfirm.com\/es\/wp-json\/wp\/v2\/pages\/378\/revisions"}],"predecessor-version":[{"id":6084,"href":"https:\/\/www.murphylawfirm.com\/es\/wp-json\/wp\/v2\/pages\/378\/revisions\/6084"}],"up":[{"embeddable":true,"href":"https:\/\/www.murphylawfirm.com\/es\/wp-json\/wp\/v2\/pages\/365"}],"wp:attachment":[{"href":"https:\/\/www.murphylawfirm.com\/es\/wp-json\/wp\/v2\/media?parent=378"}],"curies":[{"name":"wp","href":"https:\/\/api.w.org\/{rel}","templated":true}]}}