{"id":3971,"date":"2025-01-14T10:30:02","date_gmt":"2025-01-14T10:30:02","guid":{"rendered":"https:\/\/www.murphylawfirm.com\/?page_id=3971"},"modified":"2025-03-13T05:03:23","modified_gmt":"2025-03-13T05:03:23","slug":"abogado-de-lesiones-de-hombro-walker","status":"publish","type":"page","link":"https:\/\/www.murphylawfirm.com\/es\/walker-shoulder-injury-lawyer\/","title":{"rendered":"Abogado de lesiones de hombro Walker"},"content":{"rendered":"<div id=\"ez-toc-container\" class=\"ez-toc-v2_0_82_2 counter-hierarchy ez-toc-counter ez-toc-transparent ez-toc-container-direction\">\n<div class=\"ez-toc-title-container\">\n<p class=\"ez-toc-title ez-toc-toggle\" style=\"cursor:pointer\">\u00cdndice<\/p>\n<span class=\"ez-toc-title-toggle\"><a href=\"#\" class=\"ez-toc-pull-right ez-toc-btn ez-toc-btn-xs ez-toc-btn-default ez-toc-toggle\" aria-label=\"Toggle Table of Content\"><span class=\"ez-toc-js-icon-con\"><span class=\"\"><span class=\"eztoc-hide\" style=\"display:none;\">Toggle<\/span><span class=\"ez-toc-icon-toggle-span\"><svg style=\"fill: #999;color:#999\" xmlns=\"http:\/\/www.w3.org\/2000\/svg\" class=\"list-377408\" width=\"20px\" height=\"20px\" viewbox=\"0 0 24 24\" fill=\"none\"><path d=\"M6 6H4v2h2V6zm14 0H8v2h12V6zM4 11h2v2H4v-2zm16 0H8v2h12v-2zM4 16h2v2H4v-2zm16 0H8v2h12v-2z\" fill=\"currentColor\"><\/path><\/svg><svg style=\"fill: #999;color:#999\" class=\"arrow-unsorted-368013\" xmlns=\"http:\/\/www.w3.org\/2000\/svg\" width=\"10px\" height=\"10px\" viewbox=\"0 0 24 24\" version=\"1.2\" baseprofile=\"tiny\"><path d=\"M18.2 9.3l-6.2-6.3-6.2 6.3c-.2.2-.3.4-.3.7s.1.5.3.7c.2.2.4.3.7.3h11c.3 0 .5-.1.7-.3.2-.2.3-.5.3-.7s-.1-.5-.3-.7zM5.8 14.7l6.2 6.3 6.2-6.3c.2-.2.3-.5.3-.7s-.1-.5-.3-.7c-.2-.2-.4-.3-.7-.3h-11c-.3 0-.5.1-.7.3-.2.2-.3.5-.3.7s.1.5.3.7z\"\/><\/svg><\/span><\/span><\/span><\/a><\/span><\/div>\n<nav><ul class='ez-toc-list ez-toc-list-level-1 eztoc-toggle-hide-by-default' ><li class='ez-toc-page-1 ez-toc-heading-level-2'><a class=\"ez-toc-link ez-toc-heading-1\" href=\"https:\/\/www.murphylawfirm.com\/es\/walker-shoulder-injury-lawyer\/#walker-shoulder-injury-attorney\" >Abogado de lesiones de hombro Walker<\/a><ul class='ez-toc-list-level-3' ><li class='ez-toc-heading-level-3'><a class=\"ez-toc-link ez-toc-heading-2\" href=\"https:\/\/www.murphylawfirm.com\/es\/walker-shoulder-injury-lawyer\/#the-role-of-a-skilled-attorney-from-murphy-law-firm\" >El papel de un abogado experto de Murphy Law Firm<\/a><\/li><li class='ez-toc-page-1 ez-toc-heading-level-3'><a class=\"ez-toc-link ez-toc-heading-3\" href=\"https:\/\/www.murphylawfirm.com\/es\/walker-shoulder-injury-lawyer\/#common-causes-of-shoulder-injuries\" >Causas comunes de las lesiones de hombro<\/a><\/li><\/ul><\/li><li class='ez-toc-page-1 ez-toc-heading-level-2'><a class=\"ez-toc-link ez-toc-heading-4\" href=\"https:\/\/www.murphylawfirm.com\/es\/walker-shoulder-injury-lawyer\/#walker-shoulder-injury-lawyer\" >Abogado de lesiones de hombro Walker<\/a><ul class='ez-toc-list-level-3' ><li class='ez-toc-heading-level-3'><a class=\"ez-toc-link ez-toc-heading-5\" href=\"https:\/\/www.murphylawfirm.com\/es\/walker-shoulder-injury-lawyer\/#faqs\" >Preguntas frecuentes<\/a><\/li><li class='ez-toc-page-1 ez-toc-heading-level-3'><a class=\"ez-toc-link ez-toc-heading-6\" href=\"https:\/\/www.murphylawfirm.com\/es\/walker-shoulder-injury-lawyer\/#get-free-legal-consultation-for-shoulder-injury-cases-at-murphy-law-firm\" >Obtenga una consulta legal gratuita para casos de lesiones en el hombro en Murphy Law Firm<\/a><\/li><\/ul><\/li><\/ul><\/nav><\/div>\n<h2><span class=\"ez-toc-section\" id=\"walker-shoulder-injury-attorney\"><\/span>Abogado de lesiones de hombro Walker<span class=\"ez-toc-section-end\"><\/span><\/h2>\n<p>Las lesiones de hombro pueden deberse a incidentes repentinos o a peque\u00f1os esfuerzos a largo plazo. Estas lesiones pueden afectar a m\u00e1s aspectos de su vida de lo que espera. Cuando estas lesiones se producen mientras trabajas o son causadas por la negligencia de otra parte, podr\u00edas recuperar alguna cantidad de compensaci\u00f3n econ\u00f3mica. A\u00a0<strong>abogado experto en lesiones de hombro Walker<\/strong>\u00a0puede revisar sus opciones para la recuperaci\u00f3n financiera, calcular el impacto completo de sus lesiones, y negociar con la aseguradora para una reclamaci\u00f3n justa. P\u00f3ngase en contacto con nuestro\u00a0<a href=\"https:\/\/www.murphylawfirm.com\/es\/nuestro-equipo\/\">abogados de Murphy Law Firm<\/a>\u00a0para discutir su caso hoy.<\/p>\n<p><img loading=\"lazy\" decoding=\"async\" class=\"alignnone wp-image-4092 size-full\" title=\"contrate al mejor abogado de lesiones de hombro de walker\" src=\"https:\/\/www.murphylawfirm.com\/wp-content\/uploads\/2025\/01\/hire-best-walker-shoulder-injury-lawyer.webp\" alt=\"contrate al mejor abogado de lesiones de hombro de walker\" width=\"1200\" height=\"600\" srcset=\"https:\/\/www.murphylawfirm.com\/wp-content\/uploads\/2025\/01\/hire-best-walker-shoulder-injury-lawyer.webp 1200w, https:\/\/www.murphylawfirm.com\/wp-content\/uploads\/2025\/01\/hire-best-walker-shoulder-injury-lawyer-300x150.webp 300w, https:\/\/www.murphylawfirm.com\/wp-content\/uploads\/2025\/01\/hire-best-walker-shoulder-injury-lawyer-1024x512.webp 1024w, https:\/\/www.murphylawfirm.com\/wp-content\/uploads\/2025\/01\/hire-best-walker-shoulder-injury-lawyer-768x384.webp 768w, https:\/\/www.murphylawfirm.com\/wp-content\/uploads\/2025\/01\/hire-best-walker-shoulder-injury-lawyer-18x9.webp 18w\" sizes=\"auto, (max-width: 1200px) 100vw, 1200px\" \/><\/p>\n<h3><span class=\"ez-toc-section\" id=\"the-role-of-a-skilled-attorney-from-murphy-law-firm\"><\/span>El papel de un abogado experto de Murphy Law Firm<span class=\"ez-toc-section-end\"><\/span><\/h3>\n<p>La mayor\u00eda de las reclamaciones, ya sean por da\u00f1os personales o por accidentes laborales, tienen que ver con las aseguradoras. Las compa\u00f1\u00edas de seguros no tienen sus intereses en mente y s\u00f3lo desean reducir su propia responsabilidad. Cuando trabaja con un\u00a0<a href=\"https:\/\/www.murphylawfirm.com\/es\/walker-abogado-de-lesiones-personales\/\">abogado cualificado en lesiones personales<\/a>\u00a0en Murphy Law Firm, usted tiene el apoyo que necesita contra estas aseguradoras. Nuestro equipo puede ayudarle a navegar por el proceso de reclamaciones y hacer frente a las compa\u00f1\u00edas de seguros depredadores para usted para que pueda centrarse en su recuperaci\u00f3n.<\/p>\n<p>Murphy Law Firm se compromete a ayudar a las personas lesionadas, si su lesi\u00f3n en el hombro es grave o leve. Queremos ayudarle a asegurar la recuperaci\u00f3n financiera que necesita, y aprovechamos nuestros 30 a\u00f1os de experiencia en reclamos por lesiones personales para su beneficio. Nuestra misi\u00f3n es ayudarle a volver a la vida normal.<\/p>\n<h3><span class=\"ez-toc-section\" id=\"common-causes-of-shoulder-injuries\"><\/span>Causas comunes de las lesiones de hombro<span class=\"ez-toc-section-end\"><\/span><\/h3>\n<p>No todas las lesiones de hombro dan lugar a reclamaciones por lesiones personales o indemnizaciones por accidentes laborales. Hay muchas causas posibles de lesiones de hombro, incluidas las lesiones de los tendones y el manguito de los rotadores, y las lesiones que implican fracturas, esguinces, luxaciones y desgarros. <strong>Algunas causas comunes de estas lesiones son<\/strong><\/p>\n<ul>\n<li><strong>Accidentes de tr\u00e1fico:<\/strong> Los accidentes de tr\u00e1fico pueden provocar numerosas lesiones, incluidas las del hombro. Incluso las lesiones por latigazo cervical pueden provocar dolor en el hombro. Los accidentes de veh\u00edculos de motor como los que involucran camiones comerciales a menudo resultan en m\u00faltiples lesiones graves. Cuando otro conductor o parte es culpable del accidente, pueden ser considerados financieramente responsables de las lesiones de los dem\u00e1s, incluyendo su lesi\u00f3n en el hombro.<\/li>\n<li><strong><a href=\"https:\/\/www.murphylawfirm.com\/es\/walker-resbalon-y-caida-abogado\/\">Accidentes por resbalones y ca\u00eddas<\/a>: <\/strong>Las lesiones por resbalones y ca\u00eddas pueden provocar lesiones en los hombros, especialmente cuando la ca\u00edda se produce desde una altura considerable, cuando el entorno circundante es m\u00e1s peligroso o cuando la parte lesionada es m\u00e1s vulnerable. Cuando estas lesiones se producen en la propiedad p\u00fablica o privada de un propietario, \u00e9ste puede ser considerado responsable de su lesi\u00f3n. A <a href=\"https:\/\/www.murphylawfirm.com\/es\/abogado-de-lesiones-de-espalda-walker\/\">abogado experto en lesiones de espalda<\/a> tambi\u00e9n puede ayudarle si su ca\u00edda le provoc\u00f3 lesiones en la espalda, asegur\u00e1ndose de que reciba la indemnizaci\u00f3n adecuada por el alcance total de sus lesiones.<\/li>\n<li><strong>Accidentes laborales:<\/strong> Las lesiones de hombro pueden producirse por incidentes repentinos en el lugar de trabajo, como ca\u00eddas de objetos, maquinaria peligrosa y otros riesgos. Cuando usted se lesiona en el trabajo, no tiene que demostrar que otra parte tuvo la culpa. Sin embargo, las reclamaciones de indemnizaci\u00f3n por accidente laboral no tienen todos los perjuicios que tienen las reclamaciones por lesiones personales. Si la culpa de un accidente laboral es de un tercero, puede optar a ambos tipos de indemnizaci\u00f3n.<\/li>\n<li><strong>Lesiones por movimientos repetitivos:<\/strong> Las lesiones de hombro tambi\u00e9n pueden producirse en el lugar de trabajo debido a la tensi\u00f3n por movimientos repetitivos. La repetici\u00f3n de la misma tarea durante horas, como levantar y cargar cajas o formar parte de una cadena de montaje, puede provocar con el tiempo la formaci\u00f3n de una lesi\u00f3n de hombro. Cuando se produce esta lesi\u00f3n en el lugar de trabajo, usted puede ser capaz de recuperar las p\u00e9rdidas financieras a trav\u00e9s de una reclamaci\u00f3n de indemnizaci\u00f3n de los trabajadores.<\/li>\n<li><strong>Lesiones deportivas:<\/strong> Muchas lesiones de hombro son el resultado de actividades deportivas y recreativas. Si otra parte tuvo la culpa de este accidente y le deb\u00eda un deber de cuidado razonable, es posible que pueda reclamar una indemnizaci\u00f3n. Un abogado puede ayudarle a entender c\u00f3mo un nivel esperado de riesgo de lesiones en su deporte o actividad recreativa afecta a su capacidad para hacer una reclamaci\u00f3n.<\/li>\n<\/ul>\n<p>Trabajar con un abogado que tenga experiencia en casos como el suyo es importante, especialmente cuando su caso es complejo. Un abogado que ha trabajado con su tipo de accidente o lesi\u00f3n es probable que tenga los recursos para manejar su caso y puede ser capaz de resolver de manera m\u00e1s eficaz.<\/p>\n<div class=\"cmn-box baton\">\n<h2><span class=\"ez-toc-section\" id=\"walker-shoulder-injury-lawyer\"><\/span>Walker <strong>Abogado de lesiones de hombro<\/strong><span class=\"ez-toc-section-end\"><\/span><\/h2>\n<div class=\"inr_btn\">\n<div class=\"inr-cmn_btn\"><a class=\"cmn-btn\" href=\"https:\/\/www.murphylawfirm.com\/es\/pongase-en-contacto-con\/\">Programar una consulta<\/a><\/div>\n<div class=\"inr-phn\"><a href=\"tel:2259288800\">Llame ahora (225) 928-8800<\/a><\/div>\n<\/div>\n<\/div>\n<div class=\"accsec-ritcnt accordion\">\n<h3><span class=\"ez-toc-section\" id=\"faqs\"><\/span>Preguntas frecuentes<span class=\"ez-toc-section-end\"><\/span><\/h3>\n<div class=\"accordion-section\">\n<h4><a class=\"accordion-section-title\" href=\"#accordion-1\">\u00bfCu\u00e1ndo se puede reclamar por una lesi\u00f3n de hombro?<\/a><\/h4>\n<div id=\"accordion-1\" class=\"accordion-section-content open\">\n<p>Puede presentar una demanda por una lesi\u00f3n en el hombro si la causa directa de la lesi\u00f3n ha sido un descuido o una falta intencionada de otra persona. <strong>Las demandas por lesiones personales son \u00fatiles para recuperar los costes de su lesi\u00f3n, pero debe demostrar lo siguiente:<\/strong><\/p>\n<ol>\n<li>La parte que le deb\u00eda un deber de diligencia<\/li>\n<li>La parte incumpli\u00f3 su deber de diligencia, normalmente por negligencia.<\/li>\n<li>Su fallo provoc\u00f3 el accidente o incidente<\/li>\n<li>El incidente le caus\u00f3 lesiones y otras p\u00e9rdidas econ\u00f3micas y personales<\/li>\n<\/ol>\n<\/div>\n<\/div>\n<div class=\"accordion-section\">\n<h4><a class=\"accordion-section-title\" href=\"#accordion-2\">\u00bfCu\u00e1nto cobrar\u00e9 por mi lesi\u00f3n de hombro?<\/a><\/h4>\n<div id=\"accordion-2\" class=\"accordion-section-content\">\n<p>La cantidad que usted puede conseguir para su lesi\u00f3n del hombro depende enteramente de su accidente \u00fanico, lesi\u00f3n, y otros factores. Si la negligencia de otra parte caus\u00f3 su lesi\u00f3n, y usted no ten\u00eda ninguna culpa, usted puede ser capaz de recuperar la totalidad de sus gastos m\u00e9dicos, p\u00e9rdida de ingresos, y otras p\u00e9rdidas. Dado que la indemnizaci\u00f3n depende de estos costes, la reclamaci\u00f3n de cada persona es diferente. Un abogado especializado en lesiones personales puede ayudarle a <a href=\"https:\/\/www.murphylawfirm.com\/es\/blog\/ejemplos-de-indemnizaciones-por-danos-personales-en-louisiana\/\">obtener la m\u00e1xima indemnizaci\u00f3n posible<\/a>.<\/p>\n<\/div>\n<\/div>\n<div class=\"accordion-section\">\n<h4><a class=\"accordion-section-title\" href=\"#accordion-3\">\u00bfC\u00f3mo se calculan el dolor y el sufrimiento en Louisiana?<\/a><\/h4>\n<div id=\"accordion-3\" class=\"accordion-section-content\">\n<p>Los da\u00f1os morales se calculan seg\u00fan distintos m\u00e9todos en el Louisiana, y no siempre hay una forma correcta de hacerlo. El valor de sus da\u00f1os subjetivos no econ\u00f3micos, incluidos el dolor y el sufrimiento, a menudo depender\u00e1 del valor de sus da\u00f1os econ\u00f3micos. El valor tambi\u00e9n depende de cu\u00e1nto se prev\u00e9 que afecten sus lesiones al resto de su vida. Un abogado experimentado en lesiones personales tiene mucha experiencia en calcular con precisi\u00f3n los da\u00f1os por dolor y sufrimiento. P\u00f3ngase en contacto con nuestro <a href=\"https:\/\/en.wikipedia.org\/wiki\/Walker,_Louisiana\">Walker, Louisiana<\/a>abogados de lesiones personales para saber m\u00e1s sobre el c\u00e1lculo de da\u00f1os y perjuicios por dolor y sufrimiento.<\/p>\n<\/div>\n<\/div>\n<div class=\"accordion-section\">\n<h4><a class=\"accordion-section-title\" href=\"#accordion-4\">\u00bfCu\u00e1nto tiempo durar\u00e1 una demanda por lesiones personales?<\/a><\/h4>\n<div id=\"accordion-4\" class=\"accordion-section-content\">\n<p><strong>La duraci\u00f3n de una demanda por lesiones personales en Louisiana puede depender de factores como:<\/strong><\/p>\n<ul>\n<li>Si est\u00e1 claro cu\u00e1l fue la parte culpable<\/li>\n<li>La cantidad de pruebas justificativas de sus p\u00e9rdidas<\/li>\n<li>La voluntad de negociar de la aseguradora<\/li>\n<li>Si se necesitan peritos<\/li>\n<li>Cu\u00e1ntas partes estuvieron implicadas en el accidente<\/li>\n<li>Si tiene un abogado<\/li>\n<\/ul>\n<p>En <a href=\"https:\/\/en.wikipedia.org\/wiki\/Louisiana\" target=\"_blank\" rel=\"noopener\">Louisiana<\/a>Los casos que van a juicio pueden tardar mucho tiempo en resolverse, pero tambi\u00e9n pueden dar lugar a m\u00e1s indemnizaciones.<\/p>\n<\/div>\n<\/div>\n<\/div>\n<h3><span class=\"ez-toc-section\" id=\"get-free-legal-consultation-for-shoulder-injury-cases-at-murphy-law-firm\"><\/span>Obtenga una consulta legal gratuita para casos de lesiones en el hombro en Murphy Law Firm<span class=\"ez-toc-section-end\"><\/span><\/h3>\n<p>Una lesi\u00f3n de hombro puede acarrear costosas facturas m\u00e9dicas y fisioterapia a largo plazo, e incluso impedirle volver al trabajo durante un tiempo. Tanto si se lesion\u00f3 en el lugar de trabajo como por descuido de otra persona, estas p\u00e9rdidas podr\u00edan ser indemnizadas. <a href=\"https:\/\/www.murphylawfirm.com\/es\/pongase-en-contacto-con\/\">P\u00f3ngase en contacto con el bufete de abogados Murphy hoy<\/a> y descubra el apoyo que podemos ofrecerle.<\/p>","protected":false},"excerpt":{"rendered":"<p>Walker Shoulder Injury Attorney Shoulder injuries can result from sudden incidents or from long-term minor strain. These injuries can affect more aspects of your life than you expect. When these injuries happen while you are working or are caused by the negligence of another party, you could recover some amount of financial compensation. A\u00a0skilled Walker &hellip; <\/p>\n<p class=\"link-more\"><a href=\"https:\/\/www.murphylawfirm.com\/es\/walker-shoulder-injury-lawyer\/\" class=\"more-link\">Seguir leyendo<span class=\"screen-reader-text\"> &#8220;Walker Shoulder Injury Lawyer&#8221;<\/span><\/a><\/p>","protected":false},"author":1,"featured_media":0,"parent":0,"menu_order":0,"comment_status":"closed","ping_status":"closed","template":"","meta":{"_acf_changed":false,"footnotes":""},"class_list":["post-3971","page","type-page","status-publish","hentry","entry"],"acf":[],"yoast_head":"<!-- This site is optimized with the Yoast SEO plugin v27.4 - https:\/\/yoast.com\/product\/yoast-seo-wordpress\/ -->\n<title>Walker Shoulder Injury Lawyer - Free Consultation<\/title>\n<meta name=\"description\" content=\"Need a Walker shoulder injury lawyer? Murphy Law Firm fights for your rights and ensures you get fair compensation for your injuries. Book free consultation!\" \/>\n<meta name=\"robots\" content=\"index, follow, max-snippet:-1, max-image-preview:large, max-video-preview:-1\" \/>\n<link rel=\"canonical\" href=\"https:\/\/www.murphylawfirm.com\/es\/abogado-de-lesiones-de-hombro-walker\/\" \/>\n<meta property=\"og:locale\" content=\"es_MX\" \/>\n<meta property=\"og:type\" content=\"article\" \/>\n<meta property=\"og:title\" content=\"Walker Shoulder Injury Lawyer - Free Consultation\" \/>\n<meta property=\"og:description\" content=\"Need a Walker shoulder injury lawyer? Murphy Law Firm fights for your rights and ensures you get fair compensation for your injuries. Book free consultation!\" \/>\n<meta property=\"og:url\" content=\"https:\/\/www.murphylawfirm.com\/es\/abogado-de-lesiones-de-hombro-walker\/\" \/>\n<meta property=\"og:site_name\" content=\"Murphy Law Firm\" \/>\n<meta property=\"article:publisher\" content=\"https:\/\/www.facebook.com\/MurphyLawFirm225\/\" \/>\n<meta property=\"article:modified_time\" content=\"2025-03-13T05:03:23+00:00\" \/>\n<meta property=\"og:image\" content=\"https:\/\/www.murphylawfirm.com\/wp-content\/uploads\/2025\/01\/hire-best-walker-shoulder-injury-lawyer.webp\" \/>\n\t<meta property=\"og:image:width\" content=\"1200\" \/>\n\t<meta property=\"og:image:height\" content=\"600\" \/>\n\t<meta property=\"og:image:type\" content=\"image\/webp\" \/>\n<meta name=\"twitter:card\" content=\"summary_large_image\" \/>\n<meta name=\"twitter:site\" content=\"@murphylawfirm225\" \/>\n<meta name=\"twitter:label1\" content=\"Tiempo de lectura\" \/>\n\t<meta name=\"twitter:data1\" content=\"6 minutos\" \/>\n<!-- \/ Yoast SEO plugin. -->","yoast_head_json":{"title":"Walker Abogado de Lesion de Hombro - Consulta Gratis","description":"\u00bfNecesita un abogado de lesiones de hombro Walker? Murphy Law Firm lucha por sus derechos y se asegura de que obtenga una compensaci\u00f3n justa por sus lesiones. \u00a1Reserve una consulta gratuita!","robots":{"index":"index","follow":"follow","max-snippet":"max-snippet:-1","max-image-preview":"max-image-preview:large","max-video-preview":"max-video-preview:-1"},"canonical":"https:\/\/www.murphylawfirm.com\/es\/abogado-de-lesiones-de-hombro-walker\/","og_locale":"es_MX","og_type":"article","og_title":"Walker Shoulder Injury Lawyer - Free Consultation","og_description":"Need a Walker shoulder injury lawyer? Murphy Law Firm fights for your rights and ensures you get fair compensation for your injuries. Book free consultation!","og_url":"https:\/\/www.murphylawfirm.com\/es\/abogado-de-lesiones-de-hombro-walker\/","og_site_name":"Murphy Law Firm","article_publisher":"https:\/\/www.facebook.com\/MurphyLawFirm225\/","article_modified_time":"2025-03-13T05:03:23+00:00","og_image":[{"width":1200,"height":600,"url":"https:\/\/www.murphylawfirm.com\/wp-content\/uploads\/2025\/01\/hire-best-walker-shoulder-injury-lawyer.webp","type":"image\/webp"}],"twitter_card":"summary_large_image","twitter_site":"@murphylawfirm225","twitter_misc":{"Tiempo de lectura":"6 minutos"},"schema":{"@context":"https:\/\/schema.org","@graph":[{"@type":"WebPage","@id":"https:\/\/www.murphylawfirm.com\/walker-shoulder-injury-lawyer\/","url":"https:\/\/www.murphylawfirm.com\/walker-shoulder-injury-lawyer\/","name":"Walker Abogado de Lesion de Hombro - Consulta Gratis","isPartOf":{"@id":"https:\/\/www.murphylawfirm.com\/#website"},"primaryImageOfPage":{"@id":"https:\/\/www.murphylawfirm.com\/walker-shoulder-injury-lawyer\/#primaryimage"},"image":{"@id":"https:\/\/www.murphylawfirm.com\/walker-shoulder-injury-lawyer\/#primaryimage"},"thumbnailUrl":"https:\/\/www.murphylawfirm.com\/wp-content\/uploads\/2025\/01\/hire-best-walker-shoulder-injury-lawyer.webp","datePublished":"2025-01-14T10:30:02+00:00","dateModified":"2025-03-13T05:03:23+00:00","description":"\u00bfNecesita un abogado de lesiones de hombro Walker? Murphy Law Firm lucha por sus derechos y se asegura de que obtenga una compensaci\u00f3n justa por sus lesiones. \u00a1Reserve una consulta gratuita!","breadcrumb":{"@id":"https:\/\/www.murphylawfirm.com\/walker-shoulder-injury-lawyer\/#breadcrumb"},"inLanguage":"es","potentialAction":[{"@type":"ReadAction","target":["https:\/\/www.murphylawfirm.com\/walker-shoulder-injury-lawyer\/"]}]},{"@type":"ImageObject","inLanguage":"es","@id":"https:\/\/www.murphylawfirm.com\/walker-shoulder-injury-lawyer\/#primaryimage","url":"https:\/\/www.murphylawfirm.com\/wp-content\/uploads\/2025\/01\/hire-best-walker-shoulder-injury-lawyer.webp","contentUrl":"https:\/\/www.murphylawfirm.com\/wp-content\/uploads\/2025\/01\/hire-best-walker-shoulder-injury-lawyer.webp"},{"@type":"BreadcrumbList","@id":"https:\/\/www.murphylawfirm.com\/walker-shoulder-injury-lawyer\/#breadcrumb","itemListElement":[{"@type":"ListItem","position":1,"name":"Home","item":"https:\/\/www.murphylawfirm.com\/"},{"@type":"ListItem","position":2,"name":"Walker Shoulder Injury Lawyer"}]},{"@type":"WebSite","@id":"https:\/\/www.murphylawfirm.com\/#website","url":"https:\/\/www.murphylawfirm.com\/","name":"Bufete Murphy","description":"","publisher":{"@id":"https:\/\/www.murphylawfirm.com\/#organization"},"potentialAction":[{"@type":"SearchAction","target":{"@type":"EntryPoint","urlTemplate":"https:\/\/www.murphylawfirm.com\/?s={search_term_string}"},"query-input":{"@type":"PropertyValueSpecification","valueRequired":true,"valueName":"search_term_string"}}],"inLanguage":"es"},{"@type":"Organization","@id":"https:\/\/www.murphylawfirm.com\/#organization","name":"Bufete Murphy","alternateName":"Murphy Law Firm","url":"https:\/\/www.murphylawfirm.com\/","logo":{"@type":"ImageObject","inLanguage":"es","@id":"https:\/\/www.murphylawfirm.com\/#\/schema\/logo\/image\/","url":"https:\/\/www.murphylawfirm.com\/wp-content\/uploads\/2024\/05\/murphy.jpg","contentUrl":"https:\/\/www.murphylawfirm.com\/wp-content\/uploads\/2024\/05\/murphy.jpg","width":309,"height":79,"caption":"Murphy Law Firm"},"image":{"@id":"https:\/\/www.murphylawfirm.com\/#\/schema\/logo\/image\/"},"sameAs":["https:\/\/www.facebook.com\/MurphyLawFirm225\/","https:\/\/x.com\/murphylawfirm225","https:\/\/www.instagram.com\/murphylawfirm225\/","https:\/\/www.linkedin.com\/in\/murphy-law-firm-peyton-murphy\/","https:\/\/maps.app.goo.gl\/WCtGDyEwg1JYgwZ87","https:\/\/www.yelp.com\/biz\/murphy-law-firm-baton-rouge-3","https:\/\/www.mapquest.com\/us\/louisiana\/murphy-law-firm-284707425","https:\/\/www.lawinfo.com\/lawfirm\/louisiana\/baton-rouge\/murphy-law-firm-llc\/97a2f249-3b83-4255-b82a-f62955d76970.html","https:\/\/www.hg.org\/attorney\/murphy-law-firm-llc\/68580","https:\/\/lawyers.findlaw.com\/louisiana\/baton-rouge\/2388680_1\/","https:\/\/www.bbb.org\/us\/la\/baton-rouge\/profile\/lawyers\/murphy-law-firm-llc-0835-12003342","https:\/\/www.lawyers.com\/baton-rouge\/louisiana\/murphy-law-firm-42910679-f\/","https:\/\/nextdoor.com\/pages\/murphy-law-firm-llc\/","https:\/\/www.lawyer4criminaldefense.com\/criminal-defense-lawyers\/listing\/b637fd75d4bc11b1a32273b847ba8a37\/","https:\/\/www.expertise.com\/legal\/slip-and-fall-lawyers\/louisiana\/baton-rouge","https:\/\/www.youtube.com\/@MurphyLawFirmBatonRouge"]}]}},"_links":{"self":[{"href":"https:\/\/www.murphylawfirm.com\/es\/wp-json\/wp\/v2\/pages\/3971","targetHints":{"allow":["GET"]}}],"collection":[{"href":"https:\/\/www.murphylawfirm.com\/es\/wp-json\/wp\/v2\/pages"}],"about":[{"href":"https:\/\/www.murphylawfirm.com\/es\/wp-json\/wp\/v2\/types\/page"}],"author":[{"embeddable":true,"href":"https:\/\/www.murphylawfirm.com\/es\/wp-json\/wp\/v2\/users\/1"}],"replies":[{"embeddable":true,"href":"https:\/\/www.murphylawfirm.com\/es\/wp-json\/wp\/v2\/comments?post=3971"}],"version-history":[{"count":10,"href":"https:\/\/www.murphylawfirm.com\/es\/wp-json\/wp\/v2\/pages\/3971\/revisions"}],"predecessor-version":[{"id":6249,"href":"https:\/\/www.murphylawfirm.com\/es\/wp-json\/wp\/v2\/pages\/3971\/revisions\/6249"}],"wp:attachment":[{"href":"https:\/\/www.murphylawfirm.com\/es\/wp-json\/wp\/v2\/media?parent=3971"}],"curies":[{"name":"wp","href":"https:\/\/api.w.org\/{rel}","templated":true}]}}