{"id":3973,"date":"2025-01-14T10:38:36","date_gmt":"2025-01-14T10:38:36","guid":{"rendered":"https:\/\/www.murphylawfirm.com\/?page_id=3973"},"modified":"2025-03-13T05:02:48","modified_gmt":"2025-03-13T05:02:48","slug":"abogado-de-lesiones-de-rodilla-walker","status":"publish","type":"page","link":"https:\/\/www.murphylawfirm.com\/es\/walker-knee-injury-lawyer\/","title":{"rendered":"Abogado de lesiones de rodilla Walker"},"content":{"rendered":"<div id=\"ez-toc-container\" class=\"ez-toc-v2_0_82_2 counter-hierarchy ez-toc-counter ez-toc-transparent ez-toc-container-direction\">\n<div class=\"ez-toc-title-container\">\n<p class=\"ez-toc-title ez-toc-toggle\" style=\"cursor:pointer\">\u00cdndice<\/p>\n<span class=\"ez-toc-title-toggle\"><a href=\"#\" class=\"ez-toc-pull-right ez-toc-btn ez-toc-btn-xs ez-toc-btn-default ez-toc-toggle\" aria-label=\"Toggle Table of Content\"><span class=\"ez-toc-js-icon-con\"><span class=\"\"><span class=\"eztoc-hide\" style=\"display:none;\">Toggle<\/span><span class=\"ez-toc-icon-toggle-span\"><svg style=\"fill: #999;color:#999\" xmlns=\"http:\/\/www.w3.org\/2000\/svg\" class=\"list-377408\" width=\"20px\" height=\"20px\" viewbox=\"0 0 24 24\" fill=\"none\"><path d=\"M6 6H4v2h2V6zm14 0H8v2h12V6zM4 11h2v2H4v-2zm16 0H8v2h12v-2zM4 16h2v2H4v-2zm16 0H8v2h12v-2z\" fill=\"currentColor\"><\/path><\/svg><svg style=\"fill: #999;color:#999\" class=\"arrow-unsorted-368013\" xmlns=\"http:\/\/www.w3.org\/2000\/svg\" width=\"10px\" height=\"10px\" viewbox=\"0 0 24 24\" version=\"1.2\" baseprofile=\"tiny\"><path d=\"M18.2 9.3l-6.2-6.3-6.2 6.3c-.2.2-.3.4-.3.7s.1.5.3.7c.2.2.4.3.7.3h11c.3 0 .5-.1.7-.3.2-.2.3-.5.3-.7s-.1-.5-.3-.7zM5.8 14.7l6.2 6.3 6.2-6.3c.2-.2.3-.5.3-.7s-.1-.5-.3-.7c-.2-.2-.4-.3-.7-.3h-11c-.3 0-.5.1-.7.3-.2.2-.3.5-.3.7s.1.5.3.7z\"\/><\/svg><\/span><\/span><\/span><\/a><\/span><\/div>\n<nav><ul class='ez-toc-list ez-toc-list-level-1 eztoc-toggle-hide-by-default' ><li class='ez-toc-page-1 ez-toc-heading-level-2'><a class=\"ez-toc-link ez-toc-heading-1\" href=\"https:\/\/www.murphylawfirm.com\/es\/walker-knee-injury-lawyer\/#walker-knee-injury-attorney\" >Abogado de lesiones de rodilla Walker<\/a><ul class='ez-toc-list-level-3' ><li class='ez-toc-heading-level-3'><a class=\"ez-toc-link ez-toc-heading-2\" href=\"https:\/\/www.murphylawfirm.com\/es\/walker-knee-injury-lawyer\/#murphy-law-firm-supporting-injured-individuals-in-louisiana\" >Bufete Murphy: Apoyo a las personas lesionadas en Louisiana<\/a><\/li><li class='ez-toc-page-1 ez-toc-heading-level-3'><a class=\"ez-toc-link ez-toc-heading-3\" href=\"https:\/\/www.murphylawfirm.com\/es\/walker-knee-injury-lawyer\/#how-do-knee-injuries-occur\" >\u00bfC\u00f3mo se producen las lesiones de rodilla?<\/a><\/li><\/ul><\/li><li class='ez-toc-page-1 ez-toc-heading-level-2'><a class=\"ez-toc-link ez-toc-heading-4\" href=\"https:\/\/www.murphylawfirm.com\/es\/walker-knee-injury-lawyer\/#walker-knee-injury-lawyer\" >Abogado de lesiones de rodilla Walker<\/a><ul class='ez-toc-list-level-3' ><li class='ez-toc-heading-level-3'><a class=\"ez-toc-link ez-toc-heading-5\" href=\"https:\/\/www.murphylawfirm.com\/es\/walker-knee-injury-lawyer\/#there-are-other-potential-causes-of-knee-injuries-including\" >Existen otras causas potenciales de las lesiones de rodilla, entre ellas:<\/a><\/li><li class='ez-toc-page-1 ez-toc-heading-level-3'><a class=\"ez-toc-link ez-toc-heading-6\" href=\"https:\/\/www.murphylawfirm.com\/es\/walker-knee-injury-lawyer\/#faqs\" >Preguntas frecuentes<\/a><\/li><li class='ez-toc-page-1 ez-toc-heading-level-3'><a class=\"ez-toc-link ez-toc-heading-7\" href=\"https:\/\/www.murphylawfirm.com\/es\/walker-knee-injury-lawyer\/#contact-our-lawyers-team-to-get-help-with-knee-injury-cases\" >P\u00f3ngase en contacto con nuestro equipo de abogados para obtener ayuda con casos de lesiones de rodilla<\/a><\/li><\/ul><\/li><\/ul><\/nav><\/div>\n<h2><span class=\"ez-toc-section\" id=\"walker-knee-injury-attorney\"><\/span>Abogado de lesiones de rodilla Walker<span class=\"ez-toc-section-end\"><\/span><\/h2>\n<p>Cuando otra persona es culpable de su lesi\u00f3n, o cuando la lesi\u00f3n se produjo en el trabajo, usted no debe ser responsable de sus consecuencias financieras. Una lesi\u00f3n de rodilla puede limitar gravemente su movilidad durante semanas o meses, requerir una fisioterapia importante e impedirle realizar su trabajo. En <strong>abogado con experiencia en lesiones de rodilla Walker<\/strong> es importante para ayudarle a recuperar la indemnizaci\u00f3n que le debe la parte culpable o su seguro de accidentes laborales.<br \/>\n<a href=\"https:\/\/www.murphylawfirm.com\/es\/nuestro-equipo\/\">Bufete Murphy<\/a> cuenta con uno de los mejores equipos de <a href=\"https:\/\/www.murphylawfirm.com\/es\/walker-abogado-de-lesiones-personales\/\">abogados especializados en lesiones personales<\/a> con amplia experiencia en la tramitaci\u00f3n de este tipo de casos. P\u00f3ngase en contacto con nosotros hoy mismo para tratar su caso.<\/p>\n<p><img loading=\"lazy\" decoding=\"async\" class=\"alignnone wp-image-4094 size-full\" title=\"contrate al mejor abogado de lesiones de rodilla de andador\" src=\"https:\/\/www.murphylawfirm.com\/wp-content\/uploads\/2025\/01\/hire-best-walker-knee-injury-lawyer.webp\" alt=\"contrate al mejor abogado de lesiones de rodilla de andador\" width=\"1200\" height=\"600\" srcset=\"https:\/\/www.murphylawfirm.com\/wp-content\/uploads\/2025\/01\/hire-best-walker-knee-injury-lawyer.webp 1200w, https:\/\/www.murphylawfirm.com\/wp-content\/uploads\/2025\/01\/hire-best-walker-knee-injury-lawyer-300x150.webp 300w, https:\/\/www.murphylawfirm.com\/wp-content\/uploads\/2025\/01\/hire-best-walker-knee-injury-lawyer-1024x512.webp 1024w, https:\/\/www.murphylawfirm.com\/wp-content\/uploads\/2025\/01\/hire-best-walker-knee-injury-lawyer-768x384.webp 768w, https:\/\/www.murphylawfirm.com\/wp-content\/uploads\/2025\/01\/hire-best-walker-knee-injury-lawyer-18x9.webp 18w\" sizes=\"auto, (max-width: 1200px) 100vw, 1200px\" \/><\/p>\n<h3><span class=\"ez-toc-section\" id=\"murphy-law-firm-supporting-injured-individuals-in-louisiana\"><\/span>Bufete Murphy: Apoyo a las personas lesionadas en Louisiana<span class=\"ez-toc-section-end\"><\/span><\/h3>\n<p>La mayor\u00eda de los casos se tramitan a trav\u00e9s de aseguradoras, como las de autom\u00f3viles, viviendas o accidentes laborales.<\/p>\n<p>Estas aseguradoras s\u00f3lo se centran en ahorrar dinero y limitar la responsabilidad y pueden participar en cualquier n\u00famero de t\u00e1cticas para evitar pagarle lo que debe. Un abogado sabe c\u00f3mo enfrentarse a estas t\u00e1cticas, y las aseguradoras tienden incluso a no utilizarlas cuando usted tiene un abogado. Adem\u00e1s, un abogado puede manejar su caso por usted, incluyendo el c\u00e1lculo de sus da\u00f1os y la negociaci\u00f3n de un acuerdo, mientras que usted toma el tiempo crucial para recuperarse.<\/p>\n<p>En Murphy Law Firm, nuestra firma ha trabajado en la ley de lesiones personales durante 30 a\u00f1os, y nuestros abogados tienen m\u00e1s de 150 a\u00f1os de experiencia entre ellos. Le brindamos apoyo legal compasivo y representaci\u00f3n agresiva cuando es necesario. Nuestro equipo navega cada paso de la reclamaci\u00f3n, proporcion\u00e1ndole atenci\u00f3n legal personalizada y manteni\u00e9ndole informado sobre sus opciones. Queremos ayudarle a recuperarse y volver a su vida.<\/p>\n<h3><span class=\"ez-toc-section\" id=\"how-do-knee-injuries-occur\"><\/span>\u00bfC\u00f3mo se producen las lesiones de rodilla?<span class=\"ez-toc-section-end\"><\/span><\/h3>\n<p>Las lesiones de rodilla pueden da\u00f1ar los ligamentos, los tendones, otros tejidos blandos y los huesos. <strong>Hay muchos tipos de accidentes e incidentes que pueden provocar lesiones de rodilla, aunque no todas estas causas tienen fundamento para una demanda por lesiones personales.<\/strong><\/p>\n<ul>\n<li><strong>Accidentes de tr\u00e1fico: <\/strong>Las lesiones de rodilla pueden producirse en accidentes de tr\u00e1fico leves y graves, especialmente en colisiones por alcance o frontales. Las lesiones pueden ir desde la rotura de ligamentos hasta la fractura de huesos de la rodilla. Si otro conductor o parte implicada tuvo la culpa de la colisi\u00f3n, podr\u00eda ser considerado responsable de esas lesiones. A <a href=\"https:\/\/www.murphylawfirm.com\/es\/walker-accidente-de-coche-abogado\/\">abogado experto en accidentes de tr\u00e1fico<\/a> puede ayudarle a navegar por el proceso de reclamaci\u00f3n y luchar por la indemnizaci\u00f3n que merece por su lesi\u00f3n de rodilla.<\/li>\n<li><strong>Accidentes de peatones y ciclistas:<\/strong> Existen pocas protecciones f\u00edsicas para los peatones y ciclistas que son atropellados por veh\u00edculos de motor. Las lesiones de rodilla son un tipo de lesi\u00f3n que puede sufrir. Cuando la culpa es del conductor, puedes presentar una reclamaci\u00f3n contra \u00e9l.<\/li>\n<li><strong>Lesiones deportivas:<\/strong> Las lesiones de rodilla, como los esguinces y las lesiones del ligamento cruzado anterior, son frecuentes en actividades deportivas y recreativas. Estas lesiones no siempre son elegibles para una demanda por lesiones personales, ya que hay un nivel esperado de riesgo y lesiones. Su abogado puede ayudarle a determinar si tiene base para una reclamaci\u00f3n.<\/li>\n<li><strong>Accidentes por resbalones y ca\u00eddas:<\/strong> Las lesiones pueden producirse por resbalones en superficies resbaladizas, peligros de tropiezos no resueltos y otras situaciones peligrosas. Si estas lesiones se produjeron porque el propietario no abord\u00f3 los peligros en su propiedad, usted podr\u00eda considerarlo responsable.<\/li>\n<li><strong>Lesiones laborales: <\/strong>Las lesiones de rodilla pueden producirse por accidentes repentinos en el lugar de trabajo o por esfuerzos repetitivos y lesiones por movimiento. Cuando se lesiona como consecuencia de sus obligaciones laborales, normalmente puede recibir una indemnizaci\u00f3n a trav\u00e9s del sistema de compensaci\u00f3n a los trabajadores. Esto puede cubrir salarios parciales y sus facturas m\u00e9dicas. Si la culpa de su lesi\u00f3n laboral es de un tercero, tambi\u00e9n puede presentar una demanda por lesiones personales contra \u00e9l. Comprender los matices de una <a href=\"https:\/\/www.murphylawfirm.com\/es\/blog\/ejemplos-de-indemnizaciones-por-danos-personales-en-louisiana\/\">louisiana personal injury settlement<\/a> puede ayudarle a recibir la indemnizaci\u00f3n que merece por sus p\u00e9rdidas inmediatas y a largo plazo.<\/li>\n<\/ul>\n<div class=\"cmn-box baton\">\n<h2><span class=\"ez-toc-section\" id=\"walker-knee-injury-lawyer\"><\/span>Walker <strong>Abogado de lesiones de rodilla<\/strong><span class=\"ez-toc-section-end\"><\/span><\/h2>\n<div class=\"inr_btn\">\n<div class=\"inr-cmn_btn\"><a class=\"cmn-btn\" href=\"https:\/\/www.murphylawfirm.com\/es\/pongase-en-contacto-con\/\">Programar una consulta<\/a><\/div>\n<div class=\"inr-phn\"><a href=\"tel:2259288800\">Llame ahora (225) 928-8800<\/a><\/div>\n<\/p><\/div>\n<\/div>\n<h3><span class=\"ez-toc-section\" id=\"there-are-other-potential-causes-of-knee-injuries-including\"><\/span>Existen otras causas potenciales de las lesiones de rodilla, entre ellas:<span class=\"ez-toc-section-end\"><\/span><\/h3>\n<ul>\n<li>Accidentes de camiones comerciales<\/li>\n<li>Accidentes de Lyft, Uber y otros veh\u00edculos compartidos<\/li>\n<li>Accidentes de moto<\/li>\n<li>Accidentes de autob\u00fas<\/li>\n<li><a href=\"https:\/\/www.murphylawfirm.com\/es\/abogado-de-mordedura-de-perro-walker\/\">Mordeduras de perro<\/a> y ataques<\/li>\n<li>Lesiones por negligencia m\u00e9dica<\/li>\n<li>Productos defectuosos y peligrosos<\/li>\n<\/ul>\n<p>Cada lesi\u00f3n y accidente es \u00fanico, pero pueden tener elementos comunes. Es importante encontrar un abogado que ha navegado reclamaciones como la suya, ya que son m\u00e1s propensos a tener el conocimiento y los recursos para gestionar su reclamo. Siempre revise la experiencia, el \u00e9xito y la licencia de un abogado potencial.<\/p>\n<div class=\"accsec-ritcnt accordion\">\n<h3><span class=\"ez-toc-section\" id=\"faqs\"><\/span>Preguntas frecuentes<span class=\"ez-toc-section-end\"><\/span><\/h3>\n<div class=\"accordion-section\">\n<h4><a class=\"accordion-section-title\" href=\"#accordion-1\">\u00bfQu\u00e9 es una buena oferta de acuerdo por una lesi\u00f3n de rodilla?<\/a><\/h4>\n<div id=\"accordion-1\" class=\"accordion-section-content open\">\n<p>Una buena oferta de acuerdo por una lesi\u00f3n de rodilla depender\u00e1 de la cuant\u00eda de las p\u00e9rdidas econ\u00f3micas y emocionales, as\u00ed como del grado de culpa que usted haya tenido en el accidente. Usted tiene m\u00e1s probabilidades de asegurar un buen acuerdo con un abogado experto en lesiones personales, como las aseguradoras son menos propensos a tratar de t\u00e1cticas solapadas. Un abogado tambi\u00e9n puede evaluar equitativamente sus p\u00e9rdidas de la lesi\u00f3n de rodilla para determinar lo que es una buena oferta de liquidaci\u00f3n.<\/p>\n<\/div>\n<\/div>\n<div class=\"accordion-section\">\n<h4><a class=\"accordion-section-title\" href=\"#accordion-2\">\u00bfA cu\u00e1nto asciende la indemnizaci\u00f3n por una lesi\u00f3n de rodilla?<\/a><\/h4>\n<div id=\"accordion-2\" class=\"accordion-section-content\">\n<p>La cuant\u00eda de la indemnizaci\u00f3n que puede obtener por una lesi\u00f3n de rodilla depende de los costes de dicha lesi\u00f3n, incluidas las facturas m\u00e9dicas inmediatas, la atenci\u00f3n m\u00e9dica a largo plazo y los ingresos que haya perdido durante su recuperaci\u00f3n. Es probable que una lesi\u00f3n grave de rodilla merezca una indemnizaci\u00f3n m\u00e1s alta, mientras que una lesi\u00f3n leve puede que no d\u00e9 para tanto. La indemnizaci\u00f3n tambi\u00e9n depende de factores como la habilidad de su abogado, si el caso va a juicio o no, y los l\u00edmites del seguro de la parte culpable. Si est\u00e1 en <a href=\"https:\/\/en.wikipedia.org\/wiki\/Walker,_Louisiana\" target=\"_blank\" rel=\"noopener\">Walker, Louisiana<\/a>Un abogado experto de nuestro equipo en Murphy Law Firm puede ayudarle a navegar por estos factores y asegurar la m\u00e1xima compensaci\u00f3n posible por su lesi\u00f3n de rodilla.<\/p>\n<\/div>\n<\/div>\n<div class=\"accordion-section\">\n<h4><a class=\"accordion-section-title\" href=\"#accordion-3\">\u00bfCu\u00e1ndo se puede reclamar por una lesi\u00f3n de rodilla?<\/a><\/h4>\n<div id=\"accordion-3\" class=\"accordion-section-content\">\n<p>Puede presentar una reclamaci\u00f3n por una lesi\u00f3n de rodilla si se puede responsabilizar a otra parte de la misma. Puedes presentar una demanda por lesiones personales cuando puedas demostrar:<\/p>\n<ol>\n<li>La parte le deb\u00eda una diligencia razonable<\/li>\n<li>Incumplieron este deber, con negligencia o dolo<\/li>\n<li>Esta infracci\u00f3n provoc\u00f3 el accidente que caus\u00f3 su lesi\u00f3n<\/li>\n<li>Ha sufrido da\u00f1os reconocibles a causa de su lesi\u00f3n<\/li>\n<\/ol>\n<p>Es posible que pueda obtener una indemnizaci\u00f3n a trav\u00e9s de la compensaci\u00f3n de los trabajadores u otros medios, si procede.<\/p>\n<\/div>\n<\/div>\n<div class=\"accordion-section\">\n<h4><a class=\"accordion-section-title\" href=\"#accordion-4\">\u00bfC\u00f3mo se calculan el dolor y el sufrimiento en Louisiana?<\/a><\/h4>\n<div id=\"accordion-4\" class=\"accordion-section-content\">\n<p>El dolor y el sufrimiento se calculan de diferentes maneras en <a href=\"https:\/\/en.wikipedia.org\/wiki\/Louisiana\" target=\"_blank\" rel=\"noopener\">Louisiana<\/a>Dependiendo del accidente y del tipo de lesi\u00f3n. Las indemnizaciones por da\u00f1os y perjuicios son subjetivas, y se han desarrollado m\u00e9todos espec\u00edficos para intentar calcularlas objetivamente. Estos m\u00e9todos pueden considerar la cantidad de tiempo que su lesi\u00f3n le afect\u00f3, el dolor que sufri\u00f3 y las actividades cotidianas que se han visto afectadas por su lesi\u00f3n. Un abogado puede tener a\u00f1os de experiencia calculando estas p\u00e9rdidas y puede determinar una indemnizaci\u00f3n justa.<\/p>\n<\/div>\n<\/div>\n<\/div>\n<h3><span class=\"ez-toc-section\" id=\"contact-our-lawyers-team-to-get-help-with-knee-injury-cases\"><\/span>P\u00f3ngase en contacto con nuestro equipo de abogados para obtener ayuda con casos de lesiones de rodilla<span class=\"ez-toc-section-end\"><\/span><\/h3>\n<p>Usted no tiene que lidiar solo con la recuperaci\u00f3n de la compensaci\u00f3n. El equipo experimentado de Murphy Law Firm puede ayudarle a asegurar la mayor compensaci\u00f3n posible para su situaci\u00f3n \u00fanica. <a href=\"https:\/\/www.murphylawfirm.com\/es\/pongase-en-contacto-con\/\">P\u00f3ngase en contacto con nosotros<\/a> y ver si tiene motivos para reclamar.<\/p>","protected":false},"excerpt":{"rendered":"<p>Walker Knee Injury Attorney When someone else is to blame for your injury, or when the injury happened at work, you shouldn\u2019t be responsible for its financial consequences. A knee injury can severely limit your mobility for weeks or months, requiring significant physical therapy and preventing you from completing your job. An experienced Walker knee &hellip; <\/p>\n<p class=\"link-more\"><a href=\"https:\/\/www.murphylawfirm.com\/es\/walker-knee-injury-lawyer\/\" class=\"more-link\">Seguir leyendo<span class=\"screen-reader-text\"> &#8220;Walker Knee Injury Lawyer&#8221;<\/span><\/a><\/p>","protected":false},"author":1,"featured_media":0,"parent":0,"menu_order":0,"comment_status":"closed","ping_status":"closed","template":"","meta":{"_acf_changed":false,"footnotes":""},"class_list":["post-3973","page","type-page","status-publish","hentry","entry"],"acf":[],"yoast_head":"<!-- This site is optimized with the Yoast SEO plugin v27.4 - https:\/\/yoast.com\/product\/yoast-seo-wordpress\/ -->\n<title>Walker Knee Injury Lawyer - Free Consultation<\/title>\n<meta name=\"description\" content=\"Need a Walker knee injury lawyer? Murphy Law Firm is dedicated to securing the compensation you deserve for your injuries. Schedule a free consultation now!\" \/>\n<meta name=\"robots\" content=\"index, follow, max-snippet:-1, max-image-preview:large, max-video-preview:-1\" \/>\n<link rel=\"canonical\" href=\"https:\/\/www.murphylawfirm.com\/es\/abogado-de-lesiones-de-rodilla-walker\/\" \/>\n<meta property=\"og:locale\" content=\"es_MX\" \/>\n<meta property=\"og:type\" content=\"article\" \/>\n<meta property=\"og:title\" content=\"Walker Knee Injury Lawyer - Free Consultation\" \/>\n<meta property=\"og:description\" content=\"Need a Walker knee injury lawyer? Murphy Law Firm is dedicated to securing the compensation you deserve for your injuries. Schedule a free consultation now!\" \/>\n<meta property=\"og:url\" content=\"https:\/\/www.murphylawfirm.com\/es\/abogado-de-lesiones-de-rodilla-walker\/\" \/>\n<meta property=\"og:site_name\" content=\"Murphy Law Firm\" \/>\n<meta property=\"article:publisher\" content=\"https:\/\/www.facebook.com\/MurphyLawFirm225\/\" \/>\n<meta property=\"article:modified_time\" content=\"2025-03-13T05:02:48+00:00\" \/>\n<meta property=\"og:image\" content=\"https:\/\/www.murphylawfirm.com\/wp-content\/uploads\/2025\/01\/hire-best-walker-knee-injury-lawyer.webp\" \/>\n\t<meta property=\"og:image:width\" content=\"1200\" \/>\n\t<meta property=\"og:image:height\" content=\"600\" \/>\n\t<meta property=\"og:image:type\" content=\"image\/webp\" \/>\n<meta name=\"twitter:card\" content=\"summary_large_image\" \/>\n<meta name=\"twitter:site\" content=\"@murphylawfirm225\" \/>\n<meta name=\"twitter:label1\" content=\"Tiempo de lectura\" \/>\n\t<meta name=\"twitter:data1\" content=\"6 minutos\" \/>\n<!-- \/ Yoast SEO plugin. -->","yoast_head_json":{"title":"Walker Abogado de Lesiones de Rodilla - Consulta Gratuita","description":"\u00bfNecesita un abogado de lesiones de rodilla Walker? Murphy Law Firm se dedica a asegurar la compensaci\u00f3n que merece por sus lesiones. \u00a1Programe una consulta gratuita ahora!","robots":{"index":"index","follow":"follow","max-snippet":"max-snippet:-1","max-image-preview":"max-image-preview:large","max-video-preview":"max-video-preview:-1"},"canonical":"https:\/\/www.murphylawfirm.com\/es\/abogado-de-lesiones-de-rodilla-walker\/","og_locale":"es_MX","og_type":"article","og_title":"Walker Knee Injury Lawyer - Free Consultation","og_description":"Need a Walker knee injury lawyer? Murphy Law Firm is dedicated to securing the compensation you deserve for your injuries. Schedule a free consultation now!","og_url":"https:\/\/www.murphylawfirm.com\/es\/abogado-de-lesiones-de-rodilla-walker\/","og_site_name":"Murphy Law Firm","article_publisher":"https:\/\/www.facebook.com\/MurphyLawFirm225\/","article_modified_time":"2025-03-13T05:02:48+00:00","og_image":[{"width":1200,"height":600,"url":"https:\/\/www.murphylawfirm.com\/wp-content\/uploads\/2025\/01\/hire-best-walker-knee-injury-lawyer.webp","type":"image\/webp"}],"twitter_card":"summary_large_image","twitter_site":"@murphylawfirm225","twitter_misc":{"Tiempo de lectura":"6 minutos"},"schema":{"@context":"https:\/\/schema.org","@graph":[{"@type":"WebPage","@id":"https:\/\/www.murphylawfirm.com\/walker-knee-injury-lawyer\/","url":"https:\/\/www.murphylawfirm.com\/walker-knee-injury-lawyer\/","name":"Walker Abogado de Lesiones de Rodilla - Consulta Gratuita","isPartOf":{"@id":"https:\/\/www.murphylawfirm.com\/#website"},"primaryImageOfPage":{"@id":"https:\/\/www.murphylawfirm.com\/walker-knee-injury-lawyer\/#primaryimage"},"image":{"@id":"https:\/\/www.murphylawfirm.com\/walker-knee-injury-lawyer\/#primaryimage"},"thumbnailUrl":"https:\/\/www.murphylawfirm.com\/wp-content\/uploads\/2025\/01\/hire-best-walker-knee-injury-lawyer.webp","datePublished":"2025-01-14T10:38:36+00:00","dateModified":"2025-03-13T05:02:48+00:00","description":"\u00bfNecesita un abogado de lesiones de rodilla Walker? Murphy Law Firm se dedica a asegurar la compensaci\u00f3n que merece por sus lesiones. \u00a1Programe una consulta gratuita ahora!","breadcrumb":{"@id":"https:\/\/www.murphylawfirm.com\/walker-knee-injury-lawyer\/#breadcrumb"},"inLanguage":"es","potentialAction":[{"@type":"ReadAction","target":["https:\/\/www.murphylawfirm.com\/walker-knee-injury-lawyer\/"]}]},{"@type":"ImageObject","inLanguage":"es","@id":"https:\/\/www.murphylawfirm.com\/walker-knee-injury-lawyer\/#primaryimage","url":"https:\/\/www.murphylawfirm.com\/wp-content\/uploads\/2025\/01\/hire-best-walker-knee-injury-lawyer.webp","contentUrl":"https:\/\/www.murphylawfirm.com\/wp-content\/uploads\/2025\/01\/hire-best-walker-knee-injury-lawyer.webp"},{"@type":"BreadcrumbList","@id":"https:\/\/www.murphylawfirm.com\/walker-knee-injury-lawyer\/#breadcrumb","itemListElement":[{"@type":"ListItem","position":1,"name":"Home","item":"https:\/\/www.murphylawfirm.com\/"},{"@type":"ListItem","position":2,"name":"Walker Knee Injury Lawyer"}]},{"@type":"WebSite","@id":"https:\/\/www.murphylawfirm.com\/#website","url":"https:\/\/www.murphylawfirm.com\/","name":"Bufete Murphy","description":"","publisher":{"@id":"https:\/\/www.murphylawfirm.com\/#organization"},"potentialAction":[{"@type":"SearchAction","target":{"@type":"EntryPoint","urlTemplate":"https:\/\/www.murphylawfirm.com\/?s={search_term_string}"},"query-input":{"@type":"PropertyValueSpecification","valueRequired":true,"valueName":"search_term_string"}}],"inLanguage":"es"},{"@type":"Organization","@id":"https:\/\/www.murphylawfirm.com\/#organization","name":"Bufete Murphy","alternateName":"Murphy Law Firm","url":"https:\/\/www.murphylawfirm.com\/","logo":{"@type":"ImageObject","inLanguage":"es","@id":"https:\/\/www.murphylawfirm.com\/#\/schema\/logo\/image\/","url":"https:\/\/www.murphylawfirm.com\/wp-content\/uploads\/2024\/05\/murphy.jpg","contentUrl":"https:\/\/www.murphylawfirm.com\/wp-content\/uploads\/2024\/05\/murphy.jpg","width":309,"height":79,"caption":"Murphy Law Firm"},"image":{"@id":"https:\/\/www.murphylawfirm.com\/#\/schema\/logo\/image\/"},"sameAs":["https:\/\/www.facebook.com\/MurphyLawFirm225\/","https:\/\/x.com\/murphylawfirm225","https:\/\/www.instagram.com\/murphylawfirm225\/","https:\/\/www.linkedin.com\/in\/murphy-law-firm-peyton-murphy\/","https:\/\/maps.app.goo.gl\/WCtGDyEwg1JYgwZ87","https:\/\/www.yelp.com\/biz\/murphy-law-firm-baton-rouge-3","https:\/\/www.mapquest.com\/us\/louisiana\/murphy-law-firm-284707425","https:\/\/www.lawinfo.com\/lawfirm\/louisiana\/baton-rouge\/murphy-law-firm-llc\/97a2f249-3b83-4255-b82a-f62955d76970.html","https:\/\/www.hg.org\/attorney\/murphy-law-firm-llc\/68580","https:\/\/lawyers.findlaw.com\/louisiana\/baton-rouge\/2388680_1\/","https:\/\/www.bbb.org\/us\/la\/baton-rouge\/profile\/lawyers\/murphy-law-firm-llc-0835-12003342","https:\/\/www.lawyers.com\/baton-rouge\/louisiana\/murphy-law-firm-42910679-f\/","https:\/\/nextdoor.com\/pages\/murphy-law-firm-llc\/","https:\/\/www.lawyer4criminaldefense.com\/criminal-defense-lawyers\/listing\/b637fd75d4bc11b1a32273b847ba8a37\/","https:\/\/www.expertise.com\/legal\/slip-and-fall-lawyers\/louisiana\/baton-rouge","https:\/\/www.youtube.com\/@MurphyLawFirmBatonRouge"]}]}},"_links":{"self":[{"href":"https:\/\/www.murphylawfirm.com\/es\/wp-json\/wp\/v2\/pages\/3973","targetHints":{"allow":["GET"]}}],"collection":[{"href":"https:\/\/www.murphylawfirm.com\/es\/wp-json\/wp\/v2\/pages"}],"about":[{"href":"https:\/\/www.murphylawfirm.com\/es\/wp-json\/wp\/v2\/types\/page"}],"author":[{"embeddable":true,"href":"https:\/\/www.murphylawfirm.com\/es\/wp-json\/wp\/v2\/users\/1"}],"replies":[{"embeddable":true,"href":"https:\/\/www.murphylawfirm.com\/es\/wp-json\/wp\/v2\/comments?post=3973"}],"version-history":[{"count":10,"href":"https:\/\/www.murphylawfirm.com\/es\/wp-json\/wp\/v2\/pages\/3973\/revisions"}],"predecessor-version":[{"id":6244,"href":"https:\/\/www.murphylawfirm.com\/es\/wp-json\/wp\/v2\/pages\/3973\/revisions\/6244"}],"wp:attachment":[{"href":"https:\/\/www.murphylawfirm.com\/es\/wp-json\/wp\/v2\/media?parent=3973"}],"curies":[{"name":"wp","href":"https:\/\/api.w.org\/{rel}","templated":true}]}}