{"id":4579,"date":"2025-02-24T12:09:07","date_gmt":"2025-02-24T12:09:07","guid":{"rendered":"https:\/\/www.murphylawfirm.com\/?page_id=4579"},"modified":"2025-03-13T05:09:35","modified_gmt":"2025-03-13T05:09:35","slug":"abogado-de-lesiones-de-hombro-de-louisiana","status":"publish","type":"page","link":"https:\/\/www.murphylawfirm.com\/es\/louisiana-shoulder-injury-lawyer\/","title":{"rendered":"Louisiana Abogado de lesiones de hombro"},"content":{"rendered":"<div id=\"ez-toc-container\" class=\"ez-toc-v2_0_82_2 counter-hierarchy ez-toc-counter ez-toc-transparent ez-toc-container-direction\">\n<div class=\"ez-toc-title-container\">\n<p class=\"ez-toc-title ez-toc-toggle\" style=\"cursor:pointer\">\u00cdndice<\/p>\n<span class=\"ez-toc-title-toggle\"><a href=\"#\" class=\"ez-toc-pull-right ez-toc-btn ez-toc-btn-xs ez-toc-btn-default ez-toc-toggle\" aria-label=\"Toggle Table of Content\"><span class=\"ez-toc-js-icon-con\"><span class=\"\"><span class=\"eztoc-hide\" style=\"display:none;\">Toggle<\/span><span class=\"ez-toc-icon-toggle-span\"><svg style=\"fill: #999;color:#999\" xmlns=\"http:\/\/www.w3.org\/2000\/svg\" class=\"list-377408\" width=\"20px\" height=\"20px\" viewbox=\"0 0 24 24\" fill=\"none\"><path d=\"M6 6H4v2h2V6zm14 0H8v2h12V6zM4 11h2v2H4v-2zm16 0H8v2h12v-2zM4 16h2v2H4v-2zm16 0H8v2h12v-2z\" fill=\"currentColor\"><\/path><\/svg><svg style=\"fill: #999;color:#999\" class=\"arrow-unsorted-368013\" xmlns=\"http:\/\/www.w3.org\/2000\/svg\" width=\"10px\" height=\"10px\" viewbox=\"0 0 24 24\" version=\"1.2\" baseprofile=\"tiny\"><path d=\"M18.2 9.3l-6.2-6.3-6.2 6.3c-.2.2-.3.4-.3.7s.1.5.3.7c.2.2.4.3.7.3h11c.3 0 .5-.1.7-.3.2-.2.3-.5.3-.7s-.1-.5-.3-.7zM5.8 14.7l6.2 6.3 6.2-6.3c.2-.2.3-.5.3-.7s-.1-.5-.3-.7c-.2-.2-.4-.3-.7-.3h-11c-.3 0-.5.1-.7.3-.2.2-.3.5-.3.7s.1.5.3.7z\"\/><\/svg><\/span><\/span><\/span><\/a><\/span><\/div>\n<nav><ul class='ez-toc-list ez-toc-list-level-1 eztoc-toggle-hide-by-default' ><li class='ez-toc-page-1 ez-toc-heading-level-2'><a class=\"ez-toc-link ez-toc-heading-1\" href=\"https:\/\/www.murphylawfirm.com\/es\/louisiana-shoulder-injury-lawyer\/#louisiana-shoulder-injury-attorney\" >Louisiana Abogado de lesiones de hombro<\/a><ul class='ez-toc-list-level-3' ><li class='ez-toc-heading-level-3'><a class=\"ez-toc-link ez-toc-heading-2\" href=\"https:\/\/www.murphylawfirm.com\/es\/louisiana-shoulder-injury-lawyer\/#how-murphy-law-firm-can-help-you\" >C\u00f3mo puede ayudarle el bufete de abogados Murphy<\/a><\/li><li class='ez-toc-page-1 ez-toc-heading-level-3'><a class=\"ez-toc-link ez-toc-heading-3\" href=\"https:\/\/www.murphylawfirm.com\/es\/louisiana-shoulder-injury-lawyer\/#the-effects-of-shoulder-injuries\" >Los efectos de las lesiones de hombro<\/a><\/li><\/ul><\/li><li class='ez-toc-page-1 ez-toc-heading-level-2'><a class=\"ez-toc-link ez-toc-heading-4\" href=\"https:\/\/www.murphylawfirm.com\/es\/louisiana-shoulder-injury-lawyer\/#louisiana-shoulder-injury-lawyer\" >Louisiana Abogado de lesiones de hombro<\/a><ul class='ez-toc-list-level-3' ><li class='ez-toc-heading-level-3'><a class=\"ez-toc-link ez-toc-heading-5\" href=\"https:\/\/www.murphylawfirm.com\/es\/louisiana-shoulder-injury-lawyer\/#what-are-common-causes-of-shoulder-injuries\" >\u00bfCu\u00e1les son las causas habituales de las lesiones de hombro?<\/a><\/li><li class='ez-toc-page-1 ez-toc-heading-level-3'><a class=\"ez-toc-link ez-toc-heading-6\" href=\"https:\/\/www.murphylawfirm.com\/es\/louisiana-shoulder-injury-lawyer\/#faqs\" >Preguntas frecuentes<\/a><\/li><li class='ez-toc-page-1 ez-toc-heading-level-3'><a class=\"ez-toc-link ez-toc-heading-7\" href=\"https:\/\/www.murphylawfirm.com\/es\/louisiana-shoulder-injury-lawyer\/#contact-our-lawyer-team-to-get-help-with-shoulder-injury-cases\" >P\u00f3ngase en contacto con nuestro equipo de abogados para obtener ayuda con casos de lesiones en el hombro<\/a><\/li><\/ul><\/li><\/ul><\/nav><\/div>\n<h2><span class=\"ez-toc-section\" id=\"louisiana-shoulder-injury-attorney\"><\/span>Louisiana Abogado de lesiones de hombro<span class=\"ez-toc-section-end\"><\/span><\/h2>\n<p>Las lesiones de hombro pueden afectar a muchos aspectos de su vida, impidi\u00e9ndole trabajar o realizar tareas sencillas. Una lesi\u00f3n de hombro puede producirse por un esfuerzo repetitivo de movimiento a lo largo del tiempo o por una lesi\u00f3n por sacudida. Cuando esta lesi\u00f3n se ha producido trabajando o porque otra persona ha actuado de forma descuidada, usted puede recibir una indemnizaci\u00f3n. En <strong>abogado experto en lesiones de hombro Louisiana<\/strong> puede ayudarle a comprender la indemnizaci\u00f3n que merece.<\/p>\n<p><a href=\"https:\/\/www.murphylawfirm.com\/es\/nuestro-equipo\/\">Nuestro equipo de abogados en Murphy Law Firm<\/a> tiene d\u00e9cadas de experiencia en muchos tipos de demandas por lesiones, y queremos ayudarle en su recuperaci\u00f3n.<\/p>\n<p><img loading=\"lazy\" decoding=\"async\" class=\"alignnone wp-image-4643 size-full\" title=\"contrate a un abogado de lesiones de hombro de louisiana\" src=\"https:\/\/www.murphylawfirm.com\/wp-content\/uploads\/2025\/02\/hire-louisiana-shoulder-injury-lawyer.webp\" alt=\"contrate a un abogado de lesiones de hombro de louisiana\" width=\"1200\" height=\"600\" srcset=\"https:\/\/www.murphylawfirm.com\/wp-content\/uploads\/2025\/02\/hire-louisiana-shoulder-injury-lawyer.webp 1200w, https:\/\/www.murphylawfirm.com\/wp-content\/uploads\/2025\/02\/hire-louisiana-shoulder-injury-lawyer-300x150.webp 300w, https:\/\/www.murphylawfirm.com\/wp-content\/uploads\/2025\/02\/hire-louisiana-shoulder-injury-lawyer-1024x512.webp 1024w, https:\/\/www.murphylawfirm.com\/wp-content\/uploads\/2025\/02\/hire-louisiana-shoulder-injury-lawyer-768x384.webp 768w, https:\/\/www.murphylawfirm.com\/wp-content\/uploads\/2025\/02\/hire-louisiana-shoulder-injury-lawyer-18x9.webp 18w\" sizes=\"auto, (max-width: 1200px) 100vw, 1200px\" \/><\/p>\n<h3><span class=\"ez-toc-section\" id=\"how-murphy-law-firm-can-help-you\"><\/span>C\u00f3mo puede ayudarle el bufete de abogados Murphy<span class=\"ez-toc-section-end\"><\/span><\/h3>\n<p>En Murphy Law Firm, le ayudamos a conseguir la compensaci\u00f3n econ\u00f3mica que le corresponde. Determinamos si tiene motivos para una reclamaci\u00f3n, calculamos sus p\u00e9rdidas econ\u00f3micas, investigamos el accidente y negociamos con la aseguradora. Nuestro equipo se encarga de todo esto para que usted pueda descansar y centrarse en su recuperaci\u00f3n f\u00edsica. Durante m\u00e1s de 30 a\u00f1os, Murphy Law Firm ha apoyado a las personas en nuestras comunidades Louisiana.<\/p>\n<p>La mayor\u00eda de las reclamaciones tienen que ver con compa\u00f1\u00edas de seguros, tanto si se trata de una reclamaci\u00f3n de indemnizaci\u00f3n por accidente laboral como si no. Estas compa\u00f1\u00edas de seguros se aprovechan de las personas lesionadas, intentando socavar sus reclamaciones y negarles la indemnizaci\u00f3n que les corresponde. Cuando se lesiona a causa de la imprudencia de alguien, tiene derecho a solicitar una indemnizaci\u00f3n por da\u00f1os y perjuicios. <a href=\"https:\/\/www.murphylawfirm.com\/es\/abogado-de-lesiones-personales-de-louisiana\/\">Abogados expertos en lesiones personales<\/a> en Murphy Law Firm puede ayudarle a hacerlo de manera eficiente y eficaz.<\/p>\n<h3><span class=\"ez-toc-section\" id=\"the-effects-of-shoulder-injuries\"><\/span>Los efectos de las lesiones de hombro<span class=\"ez-toc-section-end\"><\/span><\/h3>\n<p>Las lesiones de hombro pueden causar problemas inesperados a largo plazo, que requieren tratamiento m\u00e9dico y fisioterapia para recuperar el pleno uso. Otras lesiones tambi\u00e9n requieren cirug\u00eda. Algunas lesiones de hombro nunca permiten una recuperaci\u00f3n completa, dejando a las personas con dolor permanente, fuerza limitada y otros problemas. Las lesiones de hombro incluyen da\u00f1os en huesos y tendones, como esguinces, distensiones, fracturas y luxaciones.<\/p>\n<p>Los costes de tratamiento y reparaci\u00f3n de una lesi\u00f3n de hombro aumentan considerablemente. Presentar una demanda por lesiones personales o una demanda de indemnizaci\u00f3n por accidente laboral puede permitirte recuperar el coste de las facturas m\u00e9dicas, incluidos los tratamientos anteriores y cualquier tratamiento que necesites en el futuro.<\/p>\n<p>Cuando otra persona es culpable de sus lesiones, usted no deber\u00eda tener que soportar la carga financiera. Es importante que su demanda por lesiones personales tenga en cuenta el alcance de sus da\u00f1os, incluidas las consecuencias f\u00edsicas y emocionales a largo plazo de la lesi\u00f3n. Es importante no infravalorar la importancia de sus lesiones y trabajar con ayuda profesional para calcular con precisi\u00f3n sus da\u00f1os.<\/p>\n<div class=\"cmn-box baton\">\n<h2><span class=\"ez-toc-section\" id=\"louisiana-shoulder-injury-lawyer\"><\/span>Louisiana <strong>Abogado de lesiones de hombro<\/strong><span class=\"ez-toc-section-end\"><\/span><\/h2>\n<div class=\"inr_btn\">\n<div class=\"inr-cmn_btn\"><a class=\"cmn-btn\" href=\"https:\/\/www.murphylawfirm.com\/es\/pongase-en-contacto-con\/\">Programar una consulta<\/a><\/div>\n<div class=\"inr-phn\"><a href=\"tel:2259288800\">Llame ahora (225) 928-8800<\/a><\/div>\n<\/div>\n<\/div>\n<h3><span class=\"ez-toc-section\" id=\"what-are-common-causes-of-shoulder-injuries\"><\/span>\u00bfCu\u00e1les son las causas habituales de las lesiones de hombro?<span class=\"ez-toc-section-end\"><\/span><\/h3>\n<p>Las lesiones de hombro pueden deberse a numerosas causas, y no todas ellas dar\u00e1n lugar a una demanda viable por lesiones personales. <strong>Algunas de las causas habituales de estas lesiones son:<\/strong><\/p>\n<ul>\n<li><strong>Accidentes de tr\u00e1fico.<\/strong> Si se lesiona el hombro en un <a href=\"https:\/\/www.murphylawfirm.com\/es\/abogado-de-accidentes-de-coche-en-louisiana\/\">accidente de tr\u00e1fico<\/a>y otra parte es culpable del accidente, puedes presentar una reclamaci\u00f3n a su aseguradora para recuperar tus p\u00e9rdidas. Incluso si tuviste parte de culpa en el accidente, puedes reclamar una indemnizaci\u00f3n parcial.<\/li>\n<li><strong><a href=\"https:\/\/www.murphylawfirm.com\/es\/louisiana-resbalon-y-caida-abogado\/\">Accidentes por resbalones y ca\u00eddas<\/a>.<\/strong> Usted puede lesionarse el hombro por peligros no controlados en las instalaciones, como objetos sin asegurar que le caen encima, ca\u00eddas por derrames sin limpiar y suelos resbaladizos, tropiezos debidos a pasillos mal iluminados u otros peligros. Cuando un propietario no soluciona estos peligros en un plazo razonable, puede ser considerado responsable. Puedes presentar una reclamaci\u00f3n a su seguro de propietario, tanto si se trata de una vivienda como de un negocio u otro local.<\/li>\n<\/ul>\n<ul>\n<li><strong>Lesiones laborales.<\/strong> Los accidentes repentinos en el lugar de trabajo pueden causar lesiones en el hombro, sobre todo en lugares de trabajo peligrosos como obras de construcci\u00f3n o f\u00e1bricas industriales. Puede presentar una reclamaci\u00f3n de indemnizaci\u00f3n por accidente laboral por estas lesiones sin necesidad de demostrar que alguien tuvo la culpa. Si la lesi\u00f3n se debe a la negligencia de un tercero, tambi\u00e9n puede presentar una demanda por lesiones personales.<\/li>\n<li><strong>Lesiones por movimientos repetitivos.<\/strong> Si su lesi\u00f3n de hombro es consecuencia de tareas repetitivas en el trabajo, como levantar objetos pesados o realizar acciones en una cadena de montaje, podr\u00eda presentar una reclamaci\u00f3n de indemnizaci\u00f3n por accidente de trabajo.<\/li>\n<li><strong>Incidentes deportivos.<\/strong> Las lesiones de hombro suelen ser el resultado de accidentes en el deporte y otros \u00e1mbitos recreativos. En muchos casos, estas lesiones no dan lugar a una reclamaci\u00f3n porque se espera un cierto nivel de riesgo. Sin embargo, hay casos en los que alguien puede ser considerado responsable por incumplir su deber de diligencia.<\/li>\n<\/ul>\n<div class=\"accsec-ritcnt accordion\">\n<h3><span class=\"ez-toc-section\" id=\"faqs\"><\/span>Preguntas frecuentes<span class=\"ez-toc-section-end\"><\/span><\/h3>\n<div class=\"accordion-section\">\n<h4><a class=\"accordion-section-title\" href=\"#accordion-1\">\u00bfCu\u00e1nto se puede demandar por una lesi\u00f3n de hombro?<\/a><\/h4>\n<div id=\"accordion-1\" class=\"accordion-section-content open\">\n<p>La cantidad que puede demandar por una lesi\u00f3n de hombro var\u00eda de un caso a otro. Depende de la gravedad de su lesi\u00f3n; las lesiones m\u00e1s graves suelen tener costes m\u00e9dicos m\u00e1s elevados y afectan a su vida de forma m\u00e1s significativa, por lo que la indemnizaci\u00f3n que se le debe es mayor. Hay otros factores que pueden afectar a la indemnizaci\u00f3n, como el seguro que tenga la parte culpable, las pruebas que apoyen su caso y si cuenta con apoyo legal.<\/p>\n<\/div>\n<\/div>\n<div class=\"accordion-section\">\n<h4><a class=\"accordion-section-title\" href=\"#accordion-2\">\u00bfC\u00f3mo demostrar una lesi\u00f3n de hombro?<\/a><\/h4>\n<div id=\"accordion-2\" class=\"accordion-section-content\">\n<p>Para probar una lesi\u00f3n de hombro en una demanda por lesiones personales, necesitar\u00e1 documentaci\u00f3n m\u00e9dica de la lesi\u00f3n, as\u00ed como las opiniones de profesionales m\u00e9dicos. Dependiendo del tipo de lesi\u00f3n y de c\u00f3mo se lesion\u00f3, pueden ser necesarios otros testigos expertos para demostrar los efectos a largo plazo de la lesi\u00f3n que sufri\u00f3. Los informes de accidentes, los relatos de testigos presenciales y las grabaciones de v\u00eddeo tambi\u00e9n pueden respaldar otros hechos de la reclamaci\u00f3n.<\/p>\n<\/div>\n<\/div>\n<div class=\"accordion-section\">\n<h4><a class=\"accordion-section-title\" href=\"#accordion-3\">\u00bfC\u00f3mo se calculan los da\u00f1os y perjuicios en el Louisiana?<\/a><\/h4>\n<div id=\"accordion-3\" class=\"accordion-section-content\">\n<p>Hay m\u00e1s de una manera en <a href=\"https:\/\/en.wikipedia.org\/wiki\/Louisiana\" target=\"_blank\" rel=\"noopener\">Louisiana<\/a> que se calculan las indemnizaciones por da\u00f1o moral. La determinaci\u00f3n de los da\u00f1os y perjuicios depender\u00e1 de sus circunstancias y de lo que resulte m\u00e1s eficaz para obtener una indemnizaci\u00f3n justa. En la mayor\u00eda de los m\u00e9todos de c\u00e1lculo, el valor de los da\u00f1os morales depende del valor de los da\u00f1os econ\u00f3micos. Cuanto m\u00e1s graves sean las p\u00e9rdidas econ\u00f3micas, m\u00e1s probable es que la lesi\u00f3n sea grave y pueda afectar a su vida.<\/p>\n<\/div>\n<\/div>\n<div class=\"accordion-section\">\n<h4><a class=\"accordion-section-title\" href=\"#accordion-4\">\u00bfCu\u00e1ndo se puede presentar una demanda por lesiones personales en el hombro?<\/a><\/h4>\n<div id=\"accordion-4\" class=\"accordion-section-content\">\n<p>Usted puede presentar una demanda por lesiones personales por una lesi\u00f3n en el hombro cuando una persona o entidad fue responsable de causar la lesi\u00f3n debido a su negligencia. <strong>Para probar la culpa, debe probar:<\/strong><\/p>\n<ol>\n<li>Te deb\u00edan un deber de cuidado.<\/li>\n<li>Incumplieron este deber de diligencia por negligencia u omisi\u00f3n.<\/li>\n<li>Su incumplimiento fue la causa del accidente.<\/li>\n<li>El accidente le caus\u00f3 lesiones y usted sufri\u00f3 p\u00e9rdidas posteriores.<\/li>\n<\/ol>\n<\/div>\n<\/div>\n<\/div>\n<h3><span class=\"ez-toc-section\" id=\"contact-our-lawyer-team-to-get-help-with-shoulder-injury-cases\"><\/span>P\u00f3ngase en contacto con nuestro equipo de abogados para obtener ayuda con casos de lesiones en el hombro<span class=\"ez-toc-section-end\"><\/span><\/h3>\n<p>Es importante actuar con rapidez si cree que tiene motivos para reclamar y trabajar con un abogado que tenga experiencia en su caso. <a href=\"https:\/\/www.murphylawfirm.com\/es\/pongase-en-contacto-con\/\">P\u00f3ngase en contacto con el bufete de abogados Murphy hoy<\/a> para ver c\u00f3mo podemos ayudarle.<\/p>","protected":false},"excerpt":{"rendered":"<p>Louisiana Shoulder Injury Attorney Shoulder injuries can affect many aspects of your life, preventing you from working or completing simple tasks. A shoulder injury can develop from a repetitive motion strain over time or from a jarring injury. When this injury was obtained while working or because another person acted carelessly, you can recover some &hellip; <\/p>\n<p class=\"link-more\"><a href=\"https:\/\/www.murphylawfirm.com\/es\/louisiana-shoulder-injury-lawyer\/\" class=\"more-link\">Seguir leyendo<span class=\"screen-reader-text\"> &#8220;Louisiana Shoulder Injury Lawyer&#8221;<\/span><\/a><\/p>","protected":false},"author":1,"featured_media":0,"parent":0,"menu_order":0,"comment_status":"closed","ping_status":"closed","template":"","meta":{"_acf_changed":false,"footnotes":""},"class_list":["post-4579","page","type-page","status-publish","hentry","entry"],"acf":[],"yoast_head":"<!-- This site is optimized with the Yoast SEO plugin v27.4 - https:\/\/yoast.com\/product\/yoast-seo-wordpress\/ -->\n<title>Louisiana Shoulder Injury Lawyer - Free Consultation<\/title>\n<meta name=\"description\" content=\"Need a Louisiana shoulder injury lawyer? Murphy Law Firm helps clients recover compensation for medical expenses, lost wages, &amp; pain. Free consultation!\" \/>\n<meta name=\"robots\" content=\"index, follow, max-snippet:-1, max-image-preview:large, max-video-preview:-1\" \/>\n<link rel=\"canonical\" href=\"https:\/\/www.murphylawfirm.com\/es\/abogado-de-lesiones-de-hombro-de-louisiana\/\" \/>\n<meta property=\"og:locale\" content=\"es_MX\" \/>\n<meta property=\"og:type\" content=\"article\" \/>\n<meta property=\"og:title\" content=\"Louisiana Shoulder Injury Lawyer - Free Consultation\" \/>\n<meta property=\"og:description\" content=\"Need a Louisiana shoulder injury lawyer? Murphy Law Firm helps clients recover compensation for medical expenses, lost wages, &amp; pain. Free consultation!\" \/>\n<meta property=\"og:url\" content=\"https:\/\/www.murphylawfirm.com\/es\/abogado-de-lesiones-de-hombro-de-louisiana\/\" \/>\n<meta property=\"og:site_name\" content=\"Murphy Law Firm\" \/>\n<meta property=\"article:publisher\" content=\"https:\/\/www.facebook.com\/MurphyLawFirm225\/\" \/>\n<meta property=\"article:modified_time\" content=\"2025-03-13T05:09:35+00:00\" \/>\n<meta property=\"og:image\" content=\"https:\/\/www.murphylawfirm.com\/wp-content\/uploads\/2025\/02\/hire-louisiana-shoulder-injury-lawyer.webp\" \/>\n\t<meta property=\"og:image:width\" content=\"1200\" \/>\n\t<meta property=\"og:image:height\" content=\"600\" \/>\n\t<meta property=\"og:image:type\" content=\"image\/webp\" \/>\n<meta name=\"twitter:card\" content=\"summary_large_image\" \/>\n<meta name=\"twitter:site\" content=\"@murphylawfirm225\" \/>\n<meta name=\"twitter:label1\" content=\"Tiempo de lectura\" \/>\n\t<meta name=\"twitter:data1\" content=\"6 minutos\" \/>\n<!-- \/ Yoast SEO plugin. -->","yoast_head_json":{"title":"Louisiana Abogado de Lesiones de Hombro - Consulta Gratuita","description":"\u00bfNecesita un abogado de lesiones de hombro Louisiana? Murphy Law Firm ayuda a los clientes a recuperar la compensaci\u00f3n por gastos m\u00e9dicos, salarios perdidos, y el dolor. \u00a1Consulta gratis!","robots":{"index":"index","follow":"follow","max-snippet":"max-snippet:-1","max-image-preview":"max-image-preview:large","max-video-preview":"max-video-preview:-1"},"canonical":"https:\/\/www.murphylawfirm.com\/es\/abogado-de-lesiones-de-hombro-de-louisiana\/","og_locale":"es_MX","og_type":"article","og_title":"Louisiana Shoulder Injury Lawyer - Free Consultation","og_description":"Need a Louisiana shoulder injury lawyer? Murphy Law Firm helps clients recover compensation for medical expenses, lost wages, & pain. Free consultation!","og_url":"https:\/\/www.murphylawfirm.com\/es\/abogado-de-lesiones-de-hombro-de-louisiana\/","og_site_name":"Murphy Law Firm","article_publisher":"https:\/\/www.facebook.com\/MurphyLawFirm225\/","article_modified_time":"2025-03-13T05:09:35+00:00","og_image":[{"width":1200,"height":600,"url":"https:\/\/www.murphylawfirm.com\/wp-content\/uploads\/2025\/02\/hire-louisiana-shoulder-injury-lawyer.webp","type":"image\/webp"}],"twitter_card":"summary_large_image","twitter_site":"@murphylawfirm225","twitter_misc":{"Tiempo de lectura":"6 minutos"},"schema":{"@context":"https:\/\/schema.org","@graph":[{"@type":"WebPage","@id":"https:\/\/www.murphylawfirm.com\/louisiana-shoulder-injury-lawyer\/","url":"https:\/\/www.murphylawfirm.com\/louisiana-shoulder-injury-lawyer\/","name":"Louisiana Abogado de Lesiones de Hombro - Consulta Gratuita","isPartOf":{"@id":"https:\/\/www.murphylawfirm.com\/#website"},"primaryImageOfPage":{"@id":"https:\/\/www.murphylawfirm.com\/louisiana-shoulder-injury-lawyer\/#primaryimage"},"image":{"@id":"https:\/\/www.murphylawfirm.com\/louisiana-shoulder-injury-lawyer\/#primaryimage"},"thumbnailUrl":"https:\/\/www.murphylawfirm.com\/wp-content\/uploads\/2025\/02\/hire-louisiana-shoulder-injury-lawyer.webp","datePublished":"2025-02-24T12:09:07+00:00","dateModified":"2025-03-13T05:09:35+00:00","description":"\u00bfNecesita un abogado de lesiones de hombro Louisiana? Murphy Law Firm ayuda a los clientes a recuperar la compensaci\u00f3n por gastos m\u00e9dicos, salarios perdidos, y el dolor. \u00a1Consulta gratis!","breadcrumb":{"@id":"https:\/\/www.murphylawfirm.com\/louisiana-shoulder-injury-lawyer\/#breadcrumb"},"inLanguage":"es","potentialAction":[{"@type":"ReadAction","target":["https:\/\/www.murphylawfirm.com\/louisiana-shoulder-injury-lawyer\/"]}]},{"@type":"ImageObject","inLanguage":"es","@id":"https:\/\/www.murphylawfirm.com\/louisiana-shoulder-injury-lawyer\/#primaryimage","url":"https:\/\/www.murphylawfirm.com\/wp-content\/uploads\/2025\/02\/hire-louisiana-shoulder-injury-lawyer.webp","contentUrl":"https:\/\/www.murphylawfirm.com\/wp-content\/uploads\/2025\/02\/hire-louisiana-shoulder-injury-lawyer.webp"},{"@type":"BreadcrumbList","@id":"https:\/\/www.murphylawfirm.com\/louisiana-shoulder-injury-lawyer\/#breadcrumb","itemListElement":[{"@type":"ListItem","position":1,"name":"Home","item":"https:\/\/www.murphylawfirm.com\/"},{"@type":"ListItem","position":2,"name":"Louisiana Shoulder Injury Lawyer"}]},{"@type":"WebSite","@id":"https:\/\/www.murphylawfirm.com\/#website","url":"https:\/\/www.murphylawfirm.com\/","name":"Bufete Murphy","description":"","publisher":{"@id":"https:\/\/www.murphylawfirm.com\/#organization"},"potentialAction":[{"@type":"SearchAction","target":{"@type":"EntryPoint","urlTemplate":"https:\/\/www.murphylawfirm.com\/?s={search_term_string}"},"query-input":{"@type":"PropertyValueSpecification","valueRequired":true,"valueName":"search_term_string"}}],"inLanguage":"es"},{"@type":"Organization","@id":"https:\/\/www.murphylawfirm.com\/#organization","name":"Bufete Murphy","alternateName":"Murphy Law Firm","url":"https:\/\/www.murphylawfirm.com\/","logo":{"@type":"ImageObject","inLanguage":"es","@id":"https:\/\/www.murphylawfirm.com\/#\/schema\/logo\/image\/","url":"https:\/\/www.murphylawfirm.com\/wp-content\/uploads\/2024\/05\/murphy.jpg","contentUrl":"https:\/\/www.murphylawfirm.com\/wp-content\/uploads\/2024\/05\/murphy.jpg","width":309,"height":79,"caption":"Murphy Law Firm"},"image":{"@id":"https:\/\/www.murphylawfirm.com\/#\/schema\/logo\/image\/"},"sameAs":["https:\/\/www.facebook.com\/MurphyLawFirm225\/","https:\/\/x.com\/murphylawfirm225","https:\/\/www.instagram.com\/murphylawfirm225\/","https:\/\/www.linkedin.com\/in\/murphy-law-firm-peyton-murphy\/","https:\/\/maps.app.goo.gl\/WCtGDyEwg1JYgwZ87","https:\/\/www.yelp.com\/biz\/murphy-law-firm-baton-rouge-3","https:\/\/www.mapquest.com\/us\/louisiana\/murphy-law-firm-284707425","https:\/\/www.lawinfo.com\/lawfirm\/louisiana\/baton-rouge\/murphy-law-firm-llc\/97a2f249-3b83-4255-b82a-f62955d76970.html","https:\/\/www.hg.org\/attorney\/murphy-law-firm-llc\/68580","https:\/\/lawyers.findlaw.com\/louisiana\/baton-rouge\/2388680_1\/","https:\/\/www.bbb.org\/us\/la\/baton-rouge\/profile\/lawyers\/murphy-law-firm-llc-0835-12003342","https:\/\/www.lawyers.com\/baton-rouge\/louisiana\/murphy-law-firm-42910679-f\/","https:\/\/nextdoor.com\/pages\/murphy-law-firm-llc\/","https:\/\/www.lawyer4criminaldefense.com\/criminal-defense-lawyers\/listing\/b637fd75d4bc11b1a32273b847ba8a37\/","https:\/\/www.expertise.com\/legal\/slip-and-fall-lawyers\/louisiana\/baton-rouge","https:\/\/www.youtube.com\/@MurphyLawFirmBatonRouge"]}]}},"_links":{"self":[{"href":"https:\/\/www.murphylawfirm.com\/es\/wp-json\/wp\/v2\/pages\/4579","targetHints":{"allow":["GET"]}}],"collection":[{"href":"https:\/\/www.murphylawfirm.com\/es\/wp-json\/wp\/v2\/pages"}],"about":[{"href":"https:\/\/www.murphylawfirm.com\/es\/wp-json\/wp\/v2\/types\/page"}],"author":[{"embeddable":true,"href":"https:\/\/www.murphylawfirm.com\/es\/wp-json\/wp\/v2\/users\/1"}],"replies":[{"embeddable":true,"href":"https:\/\/www.murphylawfirm.com\/es\/wp-json\/wp\/v2\/comments?post=4579"}],"version-history":[{"count":8,"href":"https:\/\/www.murphylawfirm.com\/es\/wp-json\/wp\/v2\/pages\/4579\/revisions"}],"predecessor-version":[{"id":6264,"href":"https:\/\/www.murphylawfirm.com\/es\/wp-json\/wp\/v2\/pages\/4579\/revisions\/6264"}],"wp:attachment":[{"href":"https:\/\/www.murphylawfirm.com\/es\/wp-json\/wp\/v2\/media?parent=4579"}],"curies":[{"name":"wp","href":"https:\/\/api.w.org\/{rel}","templated":true}]}}