{"id":4583,"date":"2025-02-24T12:39:49","date_gmt":"2025-02-24T12:39:49","guid":{"rendered":"https:\/\/www.murphylawfirm.com\/?page_id=4583"},"modified":"2025-03-13T04:29:41","modified_gmt":"2025-03-13T04:29:41","slug":"denham-springs-abogado-de-lesiones-de-cuello","status":"publish","type":"page","link":"https:\/\/www.murphylawfirm.com\/es\/denham-springs-neck-injury-lawyer\/","title":{"rendered":"Denham Springs Abogado de lesiones cervicales"},"content":{"rendered":"<div id=\"ez-toc-container\" class=\"ez-toc-v2_0_82_2 counter-hierarchy ez-toc-counter ez-toc-transparent ez-toc-container-direction\">\n<div class=\"ez-toc-title-container\">\n<p class=\"ez-toc-title ez-toc-toggle\" style=\"cursor:pointer\">\u00cdndice<\/p>\n<span class=\"ez-toc-title-toggle\"><a href=\"#\" class=\"ez-toc-pull-right ez-toc-btn ez-toc-btn-xs ez-toc-btn-default ez-toc-toggle\" aria-label=\"Toggle Table of Content\"><span class=\"ez-toc-js-icon-con\"><span class=\"\"><span class=\"eztoc-hide\" style=\"display:none;\">Toggle<\/span><span class=\"ez-toc-icon-toggle-span\"><svg style=\"fill: #999;color:#999\" xmlns=\"http:\/\/www.w3.org\/2000\/svg\" class=\"list-377408\" width=\"20px\" height=\"20px\" viewbox=\"0 0 24 24\" fill=\"none\"><path d=\"M6 6H4v2h2V6zm14 0H8v2h12V6zM4 11h2v2H4v-2zm16 0H8v2h12v-2zM4 16h2v2H4v-2zm16 0H8v2h12v-2z\" fill=\"currentColor\"><\/path><\/svg><svg style=\"fill: #999;color:#999\" class=\"arrow-unsorted-368013\" xmlns=\"http:\/\/www.w3.org\/2000\/svg\" width=\"10px\" height=\"10px\" viewbox=\"0 0 24 24\" version=\"1.2\" baseprofile=\"tiny\"><path d=\"M18.2 9.3l-6.2-6.3-6.2 6.3c-.2.2-.3.4-.3.7s.1.5.3.7c.2.2.4.3.7.3h11c.3 0 .5-.1.7-.3.2-.2.3-.5.3-.7s-.1-.5-.3-.7zM5.8 14.7l6.2 6.3 6.2-6.3c.2-.2.3-.5.3-.7s-.1-.5-.3-.7c-.2-.2-.4-.3-.7-.3h-11c-.3 0-.5.1-.7.3-.2.2-.3.5-.3.7s.1.5.3.7z\"\/><\/svg><\/span><\/span><\/span><\/a><\/span><\/div>\n<nav><ul class='ez-toc-list ez-toc-list-level-1 eztoc-toggle-hide-by-default' ><li class='ez-toc-page-1 ez-toc-heading-level-2'><a class=\"ez-toc-link ez-toc-heading-1\" href=\"https:\/\/www.murphylawfirm.com\/es\/denham-springs-neck-injury-lawyer\/#denham-springs-neck-injury-attorney\" >Denham Springs Abogado de lesiones cervicales<\/a><ul class='ez-toc-list-level-3' ><li class='ez-toc-heading-level-3'><a class=\"ez-toc-link ez-toc-heading-2\" href=\"https:\/\/www.murphylawfirm.com\/es\/denham-springs-neck-injury-lawyer\/#murphy-law-firm-defending-those-injured-in-louisiana-communities\" >Bufete Murphy: La defensa de los heridos en las comunidades Louisiana<\/a><\/li><li class='ez-toc-page-1 ez-toc-heading-level-3'><a class=\"ez-toc-link ez-toc-heading-3\" href=\"https:\/\/www.murphylawfirm.com\/es\/denham-springs-neck-injury-lawyer\/#filing-claims-with-insurance-companies\" >Presentar reclamaciones a las compa\u00f1\u00edas de seguros<\/a><\/li><li class='ez-toc-page-1 ez-toc-heading-level-3'><a class=\"ez-toc-link ez-toc-heading-4\" href=\"https:\/\/www.murphylawfirm.com\/es\/denham-springs-neck-injury-lawyer\/#time-limits-on-neck-injury-claims\" >Plazos para las reclamaciones por lesiones cervicales<\/a><\/li><\/ul><\/li><li class='ez-toc-page-1 ez-toc-heading-level-2'><a class=\"ez-toc-link ez-toc-heading-5\" href=\"https:\/\/www.murphylawfirm.com\/es\/denham-springs-neck-injury-lawyer\/#denham-springs-neck-injury-lawyer\" >Denham Springs Abogado de lesiones cervicales<\/a><ul class='ez-toc-list-level-3' ><li class='ez-toc-heading-level-3'><a class=\"ez-toc-link ez-toc-heading-6\" href=\"https:\/\/www.murphylawfirm.com\/es\/denham-springs-neck-injury-lawyer\/#how-long-will-it-take-to-resolve-my-claim\" >\u00bfCu\u00e1nto tardar\u00e1 en resolverse mi reclamaci\u00f3n?<\/a><\/li><li class='ez-toc-page-1 ez-toc-heading-level-3'><a class=\"ez-toc-link ez-toc-heading-7\" href=\"https:\/\/www.murphylawfirm.com\/es\/denham-springs-neck-injury-lawyer\/#faqs\" >Preguntas frecuentes<\/a><\/li><li class='ez-toc-page-1 ez-toc-heading-level-3'><a class=\"ez-toc-link ez-toc-heading-8\" href=\"https:\/\/www.murphylawfirm.com\/es\/denham-springs-neck-injury-lawyer\/#contact-murphy-law-firm-to-get-defense-related-to-neck-injury-cases\" >Contacte con Murphy Law Firm para obtener defensa relacionada con casos de lesiones cervicales<\/a><\/li><\/ul><\/li><\/ul><\/nav><\/div>\n<h2><span class=\"ez-toc-section\" id=\"denham-springs-neck-injury-attorney\"><\/span>Denham Springs Abogado de lesiones cervicales<span class=\"ez-toc-section-end\"><\/span><\/h2>\n<p>Las lesiones cervicales pueden producirse en <a href=\"https:\/\/www.murphylawfirm.com\/es\/denham-springs-abogado-de-accidente-de-coche\/\">accidentes de tr\u00e1fico<\/a>En la mayor\u00eda de los casos, las lesiones cervicales se producen por ca\u00eddas en propiedades ajenas o en el lugar de trabajo. Si otra persona fue la culpable de su lesi\u00f3n cervical, puede presentar una demanda por lesiones personales. Si su lesi\u00f3n se produjo en el trabajo, podr\u00eda recibir una indemnizaci\u00f3n laboral. Las lesiones cervicales pueden causarle fuertes dolores y requerir importantes cuidados m\u00e9dicos. En <strong>abogado experto en lesiones cervicales Denham Springs<\/strong> puede ayudarle a tramitar una reclamaci\u00f3n para recuperar determinadas p\u00e9rdidas econ\u00f3micas.<\/p>\n<p><a href=\"https:\/\/www.murphylawfirm.com\/es\/nuestro-equipo\/\">Nuestro experimentado equipo de abogados en Murphy Law Firm<\/a>, tienen una amplia experiencia relevante ayudando a los lesionados cervicales a recuperar la indemnizaci\u00f3n que se les debe. <a href=\"https:\/\/www.murphylawfirm.com\/es\/pongase-en-contacto-con\/\">P\u00f3ngase en contacto con nosotros<\/a> para obtener la consulta gratuita.<\/p>\n<div class=\"cmn-img\"><img loading=\"lazy\" decoding=\"async\" class=\"alignnone wp-image-4650 size-full\" title=\"contrate a un abogado de lesiones cervicales en denham springs\" src=\"https:\/\/www.murphylawfirm.com\/wp-content\/uploads\/2025\/02\/hire-denham-springs-neck-injury-lawyer.webp\" alt=\"contrate a un abogado de lesiones cervicales en denham springs\" width=\"1200\" height=\"600\" srcset=\"https:\/\/www.murphylawfirm.com\/wp-content\/uploads\/2025\/02\/hire-denham-springs-neck-injury-lawyer.webp 1200w, https:\/\/www.murphylawfirm.com\/wp-content\/uploads\/2025\/02\/hire-denham-springs-neck-injury-lawyer-300x150.webp 300w, https:\/\/www.murphylawfirm.com\/wp-content\/uploads\/2025\/02\/hire-denham-springs-neck-injury-lawyer-1024x512.webp 1024w, https:\/\/www.murphylawfirm.com\/wp-content\/uploads\/2025\/02\/hire-denham-springs-neck-injury-lawyer-768x384.webp 768w, https:\/\/www.murphylawfirm.com\/wp-content\/uploads\/2025\/02\/hire-denham-springs-neck-injury-lawyer-18x9.webp 18w\" sizes=\"auto, (max-width: 1200px) 100vw, 1200px\" \/><\/div>\n<h3><span class=\"ez-toc-section\" id=\"murphy-law-firm-defending-those-injured-in-louisiana-communities\"><\/span>Bufete Murphy: La defensa de los heridos en las comunidades Louisiana<span class=\"ez-toc-section-end\"><\/span><\/h3>\n<p>Hay muchos tipos de lesiones cervicales, como latigazos cervicales, esguinces, fracturas \u00f3seas o hernias discales en el cuello. Pueden requerir atenci\u00f3n m\u00e9dica costosa, incluido tratamiento a largo plazo, e impedirle trabajar y obtener ingresos. Estos costos pueden acumularse, y usted no deber\u00eda tener que pagarlos cuando el descuido de otra persona causa su lesi\u00f3n. En Murphy Law Firm, luchamos por usted y trabajamos para asegurar la compensaci\u00f3n que necesita para volver a su vida.<\/p>\n<p>El bufete de abogados Murphy ha estado proporcionando apoyo legal en Louisiana durante 30 a\u00f1os, y nuestro equipo tiene m\u00e1s de 150 a\u00f1os de experiencia legal colectiva. Utilizamos esta experiencia en su beneficio, determinando si tiene una reclamaci\u00f3n v\u00e1lida por lesiones personales o compensaci\u00f3n laboral y ayud\u00e1ndole a probar esa reclamaci\u00f3n. Hacemos responsables a las compa\u00f1\u00edas de seguros depredadoras de los da\u00f1os y perjuicios que le deben.<\/p>\n<h3><span class=\"ez-toc-section\" id=\"filing-claims-with-insurance-companies\"><\/span>Presentar reclamaciones a las compa\u00f1\u00edas de seguros<span class=\"ez-toc-section-end\"><\/span><\/h3>\n<p>Cuando usted reclama una indemnizaci\u00f3n, ya sea por lesiones personales o por accidentes de trabajo, suele tratar con una compa\u00f1\u00eda de seguros. Puede tratarse del seguro de accidentes laborales de su empresa, del seguro de hogar de un propietario o del seguro de autom\u00f3vil de un conductor.<\/p>\n<p>Estas empresas se centran s\u00f3lo en su cuenta de resultados y no tienen sus intereses en mente. Investigar\u00e1n el accidente y se preguntar\u00e1n si usted tuvo parte de la culpa o si sus lesiones fueron realmente causadas por el accidente. Estas t\u00e1cticas pretenden limitar la cuant\u00eda de la indemnizaci\u00f3n que tienen que pagarte o justificar su negativa a pagarte.<\/p>\n<p>Trabajar con un <a href=\"https:\/\/www.murphylawfirm.com\/es\/denham-springs-abogado-de-lesiones-personales\/\">abogado con experiencia en lesiones personales<\/a> le ayuda a negociar con las aseguradoras, investigar el accidente y reunir pruebas para demostrar su reclamaci\u00f3n. Cuando trabajas con un abogado, tampoco necesitas estar en contacto directo con una compa\u00f1\u00eda de seguros mientras est\u00e1s lesionado y sufriendo.<\/p>\n<h3><span class=\"ez-toc-section\" id=\"time-limits-on-neck-injury-claims\"><\/span>Plazos para las reclamaciones por lesiones cervicales<span class=\"ez-toc-section-end\"><\/span><\/h3>\n<p>Es importante actuar con rapidez si tiene base para una reclamaci\u00f3n y ponerse en contacto con un abogado con experiencia. Hay plazos cortos para presentar reclamaciones por lesiones personales, y si usted no presenta antes de ese tiempo, es probable que se le prohibi\u00f3 cualquier indemnizaci\u00f3n. Trabajar con un abogado desde el principio les da tiempo para investigar y reunir pruebas antes de presentar la demanda, lo que puede reforzarla. Sea consciente de la ley de prescripci\u00f3n y act\u00fae lo antes posible.<\/p>\n<div class=\"cmn-box baton\">\n<h2><span class=\"ez-toc-section\" id=\"denham-springs-neck-injury-lawyer\"><\/span>Denham Springs <strong>Abogado de lesiones cervicales<\/strong><span class=\"ez-toc-section-end\"><\/span><\/h2>\n<div class=\"inr_btn\">\n<div class=\"inr-cmn_btn\"><a class=\"cmn-btn\" href=\"https:\/\/www.murphylawfirm.com\/es\/pongase-en-contacto-con\/\">Programar una consulta<\/a><\/div>\n<div class=\"inr-phn\"><a href=\"tel:2259288800\">Llame ahora (225) 928-8800<\/a><\/div>\n<\/div>\n<\/div>\n<h3><span class=\"ez-toc-section\" id=\"how-long-will-it-take-to-resolve-my-claim\"><\/span>\u00bfCu\u00e1nto tardar\u00e1 en resolverse mi reclamaci\u00f3n?<span class=\"ez-toc-section-end\"><\/span><\/h3>\n<p>Cuando usted ha presentado una demanda por lesiones personales o por accidentes de trabajo, hay muchas cosas que influyen en el tiempo que tarda en resolverse. Las personas lesionadas deben ser conscientes de que, si bien puede ser estresante cuando un caso tarda en resolverse, a menudo es una buena cosa. Cuando usted est\u00e1 trabajando con un abogado, el marco de tiempo m\u00e1s largo significa que su abogado est\u00e1 negociando para un acuerdo justo y se niega a conformarse con una indemnizaci\u00f3n que no cubre sus p\u00e9rdidas totales.<\/p>\n<p><strong>Hay varios factores que pueden influir en el tiempo que tarde en resolverse su caso, entre ellos:<\/strong><\/p>\n<ul>\n<li>Si se impugna o no la culpabilidad en el caso<\/li>\n<\/ul>\n<ul>\n<li>Si la aseguradora se niega a llegar a un acuerdo justo y el caso llega a juicio<\/li>\n<li>Cu\u00e1ntas pruebas de apoyo hay de la culpa en el accidente y sus da\u00f1os<\/li>\n<li>El tiempo que tarda en alcanzar la mejor\u00eda m\u00e9dica m\u00e1xima<\/li>\n<li>La complejidad del caso<\/li>\n<\/ul>\n<p>Un abogado no puede garantizar una resoluci\u00f3n m\u00e1s r\u00e1pida de su reclamaci\u00f3n, pero puede facilitarle el proceso y ayudarle a evitar errores.<\/p>\n<div class=\"accsec-ritcnt accordion\">\n<h3><span class=\"ez-toc-section\" id=\"faqs\"><\/span>Preguntas frecuentes<span class=\"ez-toc-section-end\"><\/span><\/h3>\n<div class=\"accordion-section\">\n<h4><a class=\"accordion-section-title\" href=\"#accordion-1\">\u00bfA cu\u00e1nto puede ascender la indemnizaci\u00f3n por una lesi\u00f3n cervical?<\/a><\/h4>\n<div id=\"accordion-1\" class=\"accordion-section-content open\">\n<p>La indemnizaci\u00f3n que puedes obtener por una lesi\u00f3n cervical en <a href=\"https:\/\/en.wikipedia.org\/wiki\/Denham_Springs,_Louisiana\" target=\"_blank\" rel=\"noopener\">Denham Springs, Louisiana<\/a>depende de la gravedad de las lesiones sufridas y de lo mucho que \u00e9stas puedan afectar a su vida. Cada reclamaci\u00f3n por lesi\u00f3n cervical es \u00fanica. El valor tambi\u00e9n depende de si presenta una demanda por lesiones personales o una demanda de indemnizaci\u00f3n por accidente laboral. Hay muchos otros elementos que pueden afectar a la indemnizaci\u00f3n, como si tiene apoyo legal, las pruebas que respaldan su caso y si el caso llega a juicio.<\/p>\n<\/div>\n<\/div>\n<div class=\"accordion-section\">\n<h4><a class=\"accordion-section-title\" href=\"#accordion-2\">\u00bfEs dif\u00edcil demostrar una lesi\u00f3n cervical?<\/a><\/h4>\n<div id=\"accordion-2\" class=\"accordion-section-content\">\n<p>Puede ser dif\u00edcil probar una lesi\u00f3n en el cuello, pero es mucho m\u00e1s f\u00e1cil con un abogado experto en lesiones personales. Si usted tiene una demanda por lesiones personales, usted debe ser capaz de demostrar que una parte tuvo la culpa de la lesi\u00f3n, as\u00ed como la gravedad de la lesi\u00f3n y los da\u00f1os resultantes. Si usted tiene una reclamaci\u00f3n de compensaci\u00f3n de trabajadores, debe demostrar que la lesi\u00f3n se deriv\u00f3 de sus funciones de trabajo o durante su trabajo.<\/p>\n<\/div>\n<\/div>\n<div class=\"accordion-section\">\n<h4><a class=\"accordion-section-title\" href=\"#accordion-3\">\u00bfCu\u00e1nto cobran la mayor\u00eda de los abogados de lesiones?<\/a><\/h4>\n<div id=\"accordion-3\" class=\"accordion-section-content\">\n<p>Abogados de lesiones en <a href=\"https:\/\/en.wikipedia.org\/wiki\/Louisiana\" target=\"_blank\" rel=\"noopener\">Louisiana<\/a> suelen cobrar honorarios condicionales o un porcentaje del acuerdo o veredicto final si el caso prospera. Este porcentaje var\u00eda. Depende de la experiencia del abogado, la ubicaci\u00f3n y reputaci\u00f3n del bufete, el tipo espec\u00edfico de caso y otros factores. Si el caso llega a los tribunales, el porcentaje suele aumentar.<\/p>\n<p>Los honorarios condicionales tienen por objeto limitar su carga financiera inicial. Al hablar de su caso con posibles abogados, siempre debe discutir su estructura de honorarios.<\/p>\n<\/div>\n<\/div>\n<div class=\"accordion-section\">\n<h4><a class=\"accordion-section-title\" href=\"#accordion-4\">\u00bfCu\u00e1ndo debe contratar a un abogado de lesiones personales?<\/a><\/h4>\n<div id=\"accordion-4\" class=\"accordion-section-content\">\n<p>Debe contratar a un abogado de lesiones personales si ha sufrido lesiones y la culpa es de otra parte. Es mucho m\u00e1s f\u00e1cil conseguir la m\u00e1xima recuperaci\u00f3n econ\u00f3mica con apoyo legal. <strong>Ciertas circunstancias complejas hacen a\u00fan m\u00e1s importante trabajar con un abogado, como cuando:<\/strong><\/p>\n<ul>\n<li>Se impugna la responsabilidad<\/li>\n<li>La compa\u00f1\u00eda de seguros deniega su reclamaci\u00f3n, la infravalora o minimiza la gravedad de sus lesiones.<\/li>\n<li>Su lesi\u00f3n es grave<\/li>\n<li>No puede trabajar<\/li>\n<\/ul>\n<\/div>\n<\/div>\n<\/div>\n<h3><span class=\"ez-toc-section\" id=\"contact-murphy-law-firm-to-get-defense-related-to-neck-injury-cases\"><\/span>Contacte con Murphy Law Firm para obtener defensa relacionada con casos de lesiones cervicales<span class=\"ez-toc-section-end\"><\/span><\/h3>\n<p>En Murphy Law Firm, podemos ayudarle a obtener la compensaci\u00f3n que se merece. Podemos determinar si usted tiene las bases para una demanda por lesiones personales y ayudar con cada parte de su caso. Nuestro objetivo es asegurar la compensaci\u00f3n que necesita para recuperarse f\u00edsica y financieramente. <a href=\"https:\/\/www.murphylawfirm.com\/es\/pongase-en-contacto-con\/\">Contactar con el bufete Murphy<\/a> hoy.<\/p>","protected":false},"excerpt":{"rendered":"<p>Denham Springs Neck Injury Attorney Neck injuries can occur in car accidents, from falls on other people\u2019s properties, and while in the workplace. If someone else was to blame for your neck injury, you may be able to file a personal injury claim. If your injury happened at work, you could recover workers\u2019 compensation. Neck &hellip; <\/p>\n<p class=\"link-more\"><a href=\"https:\/\/www.murphylawfirm.com\/es\/denham-springs-neck-injury-lawyer\/\" class=\"more-link\">Seguir leyendo<span class=\"screen-reader-text\"> &#8220;Denham Springs Neck Injury Lawyer&#8221;<\/span><\/a><\/p>","protected":false},"author":1,"featured_media":0,"parent":0,"menu_order":0,"comment_status":"closed","ping_status":"closed","template":"","meta":{"_acf_changed":false,"footnotes":""},"class_list":["post-4583","page","type-page","status-publish","hentry","entry"],"acf":[],"yoast_head":"<!-- This site is optimized with the Yoast SEO plugin v27.4 - https:\/\/yoast.com\/product\/yoast-seo-wordpress\/ -->\n<title>Denham Springs Neck Injury Lawyer - Free Consultation<\/title>\n<meta name=\"description\" content=\"Looking for a Denham Springs neck injury lawyer? Murphy Law Firm fights for maximum compensation in personal injury claims. Free consultation!\" \/>\n<meta name=\"robots\" content=\"index, follow, max-snippet:-1, max-image-preview:large, max-video-preview:-1\" \/>\n<link rel=\"canonical\" href=\"https:\/\/www.murphylawfirm.com\/es\/denham-springs-abogado-de-lesiones-de-cuello\/\" \/>\n<meta property=\"og:locale\" content=\"es_MX\" \/>\n<meta property=\"og:type\" content=\"article\" \/>\n<meta property=\"og:title\" content=\"Denham Springs Neck Injury Lawyer - Free Consultation\" \/>\n<meta property=\"og:description\" content=\"Looking for a Denham Springs neck injury lawyer? Murphy Law Firm fights for maximum compensation in personal injury claims. Free consultation!\" \/>\n<meta property=\"og:url\" content=\"https:\/\/www.murphylawfirm.com\/es\/denham-springs-abogado-de-lesiones-de-cuello\/\" \/>\n<meta property=\"og:site_name\" content=\"Murphy Law Firm\" \/>\n<meta property=\"article:publisher\" content=\"https:\/\/www.facebook.com\/MurphyLawFirm225\/\" \/>\n<meta property=\"article:modified_time\" content=\"2025-03-13T04:29:41+00:00\" \/>\n<meta property=\"og:image\" content=\"https:\/\/www.murphylawfirm.com\/wp-content\/uploads\/2025\/02\/hire-denham-springs-neck-injury-lawyer.webp\" \/>\n\t<meta property=\"og:image:width\" content=\"1200\" \/>\n\t<meta property=\"og:image:height\" content=\"600\" \/>\n\t<meta property=\"og:image:type\" content=\"image\/webp\" \/>\n<meta name=\"twitter:card\" content=\"summary_large_image\" \/>\n<meta name=\"twitter:site\" content=\"@murphylawfirm225\" \/>\n<meta name=\"twitter:label1\" content=\"Tiempo de lectura\" \/>\n\t<meta name=\"twitter:data1\" content=\"6 minutos\" \/>\n<!-- \/ Yoast SEO plugin. -->","yoast_head_json":{"title":"Denham Springs Neck Injury Lawyer - Consulta gratuita","description":"\u00bfBusca un abogado de lesiones de cuello Denham Springs? Murphy Law Firm lucha por la m\u00e1xima compensaci\u00f3n en demandas por lesiones personales. \u00a1Consulta gratuita!","robots":{"index":"index","follow":"follow","max-snippet":"max-snippet:-1","max-image-preview":"max-image-preview:large","max-video-preview":"max-video-preview:-1"},"canonical":"https:\/\/www.murphylawfirm.com\/es\/denham-springs-abogado-de-lesiones-de-cuello\/","og_locale":"es_MX","og_type":"article","og_title":"Denham Springs Neck Injury Lawyer - Free Consultation","og_description":"Looking for a Denham Springs neck injury lawyer? Murphy Law Firm fights for maximum compensation in personal injury claims. Free consultation!","og_url":"https:\/\/www.murphylawfirm.com\/es\/denham-springs-abogado-de-lesiones-de-cuello\/","og_site_name":"Murphy Law Firm","article_publisher":"https:\/\/www.facebook.com\/MurphyLawFirm225\/","article_modified_time":"2025-03-13T04:29:41+00:00","og_image":[{"width":1200,"height":600,"url":"https:\/\/www.murphylawfirm.com\/wp-content\/uploads\/2025\/02\/hire-denham-springs-neck-injury-lawyer.webp","type":"image\/webp"}],"twitter_card":"summary_large_image","twitter_site":"@murphylawfirm225","twitter_misc":{"Tiempo de lectura":"6 minutos"},"schema":{"@context":"https:\/\/schema.org","@graph":[{"@type":"WebPage","@id":"https:\/\/www.murphylawfirm.com\/denham-springs-neck-injury-lawyer\/","url":"https:\/\/www.murphylawfirm.com\/denham-springs-neck-injury-lawyer\/","name":"Denham Springs Neck Injury Lawyer - Consulta gratuita","isPartOf":{"@id":"https:\/\/www.murphylawfirm.com\/#website"},"primaryImageOfPage":{"@id":"https:\/\/www.murphylawfirm.com\/denham-springs-neck-injury-lawyer\/#primaryimage"},"image":{"@id":"https:\/\/www.murphylawfirm.com\/denham-springs-neck-injury-lawyer\/#primaryimage"},"thumbnailUrl":"https:\/\/www.murphylawfirm.com\/wp-content\/uploads\/2025\/02\/hire-denham-springs-neck-injury-lawyer.webp","datePublished":"2025-02-24T12:39:49+00:00","dateModified":"2025-03-13T04:29:41+00:00","description":"\u00bfBusca un abogado de lesiones de cuello Denham Springs? Murphy Law Firm lucha por la m\u00e1xima compensaci\u00f3n en demandas por lesiones personales. \u00a1Consulta gratuita!","breadcrumb":{"@id":"https:\/\/www.murphylawfirm.com\/denham-springs-neck-injury-lawyer\/#breadcrumb"},"inLanguage":"es","potentialAction":[{"@type":"ReadAction","target":["https:\/\/www.murphylawfirm.com\/denham-springs-neck-injury-lawyer\/"]}]},{"@type":"ImageObject","inLanguage":"es","@id":"https:\/\/www.murphylawfirm.com\/denham-springs-neck-injury-lawyer\/#primaryimage","url":"https:\/\/www.murphylawfirm.com\/wp-content\/uploads\/2025\/02\/hire-denham-springs-neck-injury-lawyer.webp","contentUrl":"https:\/\/www.murphylawfirm.com\/wp-content\/uploads\/2025\/02\/hire-denham-springs-neck-injury-lawyer.webp"},{"@type":"BreadcrumbList","@id":"https:\/\/www.murphylawfirm.com\/denham-springs-neck-injury-lawyer\/#breadcrumb","itemListElement":[{"@type":"ListItem","position":1,"name":"Home","item":"https:\/\/www.murphylawfirm.com\/"},{"@type":"ListItem","position":2,"name":"Denham Springs Neck Injury Lawyer"}]},{"@type":"WebSite","@id":"https:\/\/www.murphylawfirm.com\/#website","url":"https:\/\/www.murphylawfirm.com\/","name":"Bufete Murphy","description":"","publisher":{"@id":"https:\/\/www.murphylawfirm.com\/#organization"},"potentialAction":[{"@type":"SearchAction","target":{"@type":"EntryPoint","urlTemplate":"https:\/\/www.murphylawfirm.com\/?s={search_term_string}"},"query-input":{"@type":"PropertyValueSpecification","valueRequired":true,"valueName":"search_term_string"}}],"inLanguage":"es"},{"@type":"Organization","@id":"https:\/\/www.murphylawfirm.com\/#organization","name":"Bufete Murphy","alternateName":"Murphy Law Firm","url":"https:\/\/www.murphylawfirm.com\/","logo":{"@type":"ImageObject","inLanguage":"es","@id":"https:\/\/www.murphylawfirm.com\/#\/schema\/logo\/image\/","url":"https:\/\/www.murphylawfirm.com\/wp-content\/uploads\/2024\/05\/murphy.jpg","contentUrl":"https:\/\/www.murphylawfirm.com\/wp-content\/uploads\/2024\/05\/murphy.jpg","width":309,"height":79,"caption":"Murphy Law Firm"},"image":{"@id":"https:\/\/www.murphylawfirm.com\/#\/schema\/logo\/image\/"},"sameAs":["https:\/\/www.facebook.com\/MurphyLawFirm225\/","https:\/\/x.com\/murphylawfirm225","https:\/\/www.instagram.com\/murphylawfirm225\/","https:\/\/www.linkedin.com\/in\/murphy-law-firm-peyton-murphy\/","https:\/\/maps.app.goo.gl\/WCtGDyEwg1JYgwZ87","https:\/\/www.yelp.com\/biz\/murphy-law-firm-baton-rouge-3","https:\/\/www.mapquest.com\/us\/louisiana\/murphy-law-firm-284707425","https:\/\/www.lawinfo.com\/lawfirm\/louisiana\/baton-rouge\/murphy-law-firm-llc\/97a2f249-3b83-4255-b82a-f62955d76970.html","https:\/\/www.hg.org\/attorney\/murphy-law-firm-llc\/68580","https:\/\/lawyers.findlaw.com\/louisiana\/baton-rouge\/2388680_1\/","https:\/\/www.bbb.org\/us\/la\/baton-rouge\/profile\/lawyers\/murphy-law-firm-llc-0835-12003342","https:\/\/www.lawyers.com\/baton-rouge\/louisiana\/murphy-law-firm-42910679-f\/","https:\/\/nextdoor.com\/pages\/murphy-law-firm-llc\/","https:\/\/www.lawyer4criminaldefense.com\/criminal-defense-lawyers\/listing\/b637fd75d4bc11b1a32273b847ba8a37\/","https:\/\/www.expertise.com\/legal\/slip-and-fall-lawyers\/louisiana\/baton-rouge","https:\/\/www.youtube.com\/@MurphyLawFirmBatonRouge"]}]}},"_links":{"self":[{"href":"https:\/\/www.murphylawfirm.com\/es\/wp-json\/wp\/v2\/pages\/4583","targetHints":{"allow":["GET"]}}],"collection":[{"href":"https:\/\/www.murphylawfirm.com\/es\/wp-json\/wp\/v2\/pages"}],"about":[{"href":"https:\/\/www.murphylawfirm.com\/es\/wp-json\/wp\/v2\/types\/page"}],"author":[{"embeddable":true,"href":"https:\/\/www.murphylawfirm.com\/es\/wp-json\/wp\/v2\/users\/1"}],"replies":[{"embeddable":true,"href":"https:\/\/www.murphylawfirm.com\/es\/wp-json\/wp\/v2\/comments?post=4583"}],"version-history":[{"count":10,"href":"https:\/\/www.murphylawfirm.com\/es\/wp-json\/wp\/v2\/pages\/4583\/revisions"}],"predecessor-version":[{"id":6178,"href":"https:\/\/www.murphylawfirm.com\/es\/wp-json\/wp\/v2\/pages\/4583\/revisions\/6178"}],"wp:attachment":[{"href":"https:\/\/www.murphylawfirm.com\/es\/wp-json\/wp\/v2\/media?parent=4583"}],"curies":[{"name":"wp","href":"https:\/\/api.w.org\/{rel}","templated":true}]}}