{"id":4591,"date":"2025-02-24T12:52:49","date_gmt":"2025-02-24T12:52:49","guid":{"rendered":"https:\/\/www.murphylawfirm.com\/?page_id=4591"},"modified":"2025-03-13T04:30:04","modified_gmt":"2025-03-13T04:30:04","slug":"denham-springs-abogado-de-lesiones-de-hombro","status":"publish","type":"page","link":"https:\/\/www.murphylawfirm.com\/es\/denham-springs-shoulder-injury-lawyer\/","title":{"rendered":"Denham Springs Abogado de lesiones de hombro"},"content":{"rendered":"<div id=\"ez-toc-container\" class=\"ez-toc-v2_0_82_2 counter-hierarchy ez-toc-counter ez-toc-transparent ez-toc-container-direction\">\n<div class=\"ez-toc-title-container\">\n<p class=\"ez-toc-title ez-toc-toggle\" style=\"cursor:pointer\">\u00cdndice<\/p>\n<span class=\"ez-toc-title-toggle\"><a href=\"#\" class=\"ez-toc-pull-right ez-toc-btn ez-toc-btn-xs ez-toc-btn-default ez-toc-toggle\" aria-label=\"Toggle Table of Content\"><span class=\"ez-toc-js-icon-con\"><span class=\"\"><span class=\"eztoc-hide\" style=\"display:none;\">Toggle<\/span><span class=\"ez-toc-icon-toggle-span\"><svg style=\"fill: #999;color:#999\" xmlns=\"http:\/\/www.w3.org\/2000\/svg\" class=\"list-377408\" width=\"20px\" height=\"20px\" viewbox=\"0 0 24 24\" fill=\"none\"><path d=\"M6 6H4v2h2V6zm14 0H8v2h12V6zM4 11h2v2H4v-2zm16 0H8v2h12v-2zM4 16h2v2H4v-2zm16 0H8v2h12v-2z\" fill=\"currentColor\"><\/path><\/svg><svg style=\"fill: #999;color:#999\" class=\"arrow-unsorted-368013\" xmlns=\"http:\/\/www.w3.org\/2000\/svg\" width=\"10px\" height=\"10px\" viewbox=\"0 0 24 24\" version=\"1.2\" baseprofile=\"tiny\"><path d=\"M18.2 9.3l-6.2-6.3-6.2 6.3c-.2.2-.3.4-.3.7s.1.5.3.7c.2.2.4.3.7.3h11c.3 0 .5-.1.7-.3.2-.2.3-.5.3-.7s-.1-.5-.3-.7zM5.8 14.7l6.2 6.3 6.2-6.3c.2-.2.3-.5.3-.7s-.1-.5-.3-.7c-.2-.2-.4-.3-.7-.3h-11c-.3 0-.5.1-.7.3-.2.2-.3.5-.3.7s.1.5.3.7z\"\/><\/svg><\/span><\/span><\/span><\/a><\/span><\/div>\n<nav><ul class='ez-toc-list ez-toc-list-level-1 eztoc-toggle-hide-by-default' ><li class='ez-toc-page-1 ez-toc-heading-level-2'><a class=\"ez-toc-link ez-toc-heading-1\" href=\"https:\/\/www.murphylawfirm.com\/es\/denham-springs-shoulder-injury-lawyer\/#denham-springs-shoulder-injury-attorney\" >Denham Springs Abogado de lesiones de hombro<\/a><ul class='ez-toc-list-level-3' ><li class='ez-toc-heading-level-3'><a class=\"ez-toc-link ez-toc-heading-2\" href=\"https:\/\/www.murphylawfirm.com\/es\/denham-springs-shoulder-injury-lawyer\/#murphy-law-firm-compassionate-attorneys-supporting-our-communities\" >Bufete Murphy: Abogados Compasivos Apoyando Nuestras Comunidades<\/a><\/li><\/ul><\/li><li class='ez-toc-page-1 ez-toc-heading-level-2'><a class=\"ez-toc-link ez-toc-heading-3\" href=\"https:\/\/www.murphylawfirm.com\/es\/denham-springs-shoulder-injury-lawyer\/#denham-springs-shoulder-injury-lawyer\" >Denham Springs Abogado de lesiones de hombro<\/a><ul class='ez-toc-list-level-3' ><li class='ez-toc-heading-level-3'><a class=\"ez-toc-link ez-toc-heading-4\" href=\"https:\/\/www.murphylawfirm.com\/es\/denham-springs-shoulder-injury-lawyer\/#how-do-i-know-if-i-have-a-valid-claim-for-a-shoulder-injury\" >\u00bfC\u00f3mo s\u00e9 si tengo derecho a reclamar por una lesi\u00f3n de hombro?<\/a><\/li><li class='ez-toc-page-1 ez-toc-heading-level-3'><a class=\"ez-toc-link ez-toc-heading-5\" href=\"https:\/\/www.murphylawfirm.com\/es\/denham-springs-shoulder-injury-lawyer\/#how-do-shoulder-injuries-typically-happen\" >\u00bfC\u00f3mo suelen producirse las lesiones de hombro?<\/a><\/li><li class='ez-toc-page-1 ez-toc-heading-level-3'><a class=\"ez-toc-link ez-toc-heading-6\" href=\"https:\/\/www.murphylawfirm.com\/es\/denham-springs-shoulder-injury-lawyer\/#faqs\" >Preguntas frecuentes<\/a><\/li><li class='ez-toc-page-1 ez-toc-heading-level-3'><a class=\"ez-toc-link ez-toc-heading-7\" href=\"https:\/\/www.murphylawfirm.com\/es\/denham-springs-shoulder-injury-lawyer\/#contact-murphy-law-firm-to-get-help-with-shoulder-injury-cases\" >P\u00f3ngase en contacto con Murphy Law Firm para obtener ayuda con casos de lesiones en el hombro<\/a><\/li><\/ul><\/li><\/ul><\/nav><\/div>\n<h2><span class=\"ez-toc-section\" id=\"denham-springs-shoulder-injury-attorney\"><\/span>Denham Springs Abogado de lesiones de hombro<span class=\"ez-toc-section-end\"><\/span><\/h2>\n<p>Una lesi\u00f3n de hombro puede limitar sus movimientos, impedirle ir a trabajar y causarle graves dolores y molestias. Si su lesi\u00f3n es consecuencia de un accidente laboral o de sus obligaciones laborales, o si su lesi\u00f3n fue causada por un tercero, un <strong>abogado experto en lesiones de hombro Denham Springs<\/strong> podr\u00eda ayudarle a conseguir la indemnizaci\u00f3n monetaria que se le debe.<\/p>\n<p><a href=\"https:\/\/www.murphylawfirm.com\/es\/nuestro-equipo\/\">El experimentado equipo de Murphy Law Firm<\/a> puede proporcionarle el apoyo jur\u00eddico especializado necesario para investigar la causa de su lesi\u00f3n y determinar si puede presentar una reclamaci\u00f3n.<\/p>\n<div class=\"cmn-img\"><img loading=\"lazy\" decoding=\"async\" class=\"alignnone wp-image-4654 size-full\" title=\"contrate a un abogado de denham springs especializado en lesiones de hombro\" src=\"https:\/\/www.murphylawfirm.com\/wp-content\/uploads\/2025\/02\/hire-denham-springs-shoulder-injury-lawyer.webp\" alt=\"contrate a un abogado de denham springs especializado en lesiones de hombro\" width=\"1200\" height=\"600\" srcset=\"https:\/\/www.murphylawfirm.com\/wp-content\/uploads\/2025\/02\/hire-denham-springs-shoulder-injury-lawyer.webp 1200w, https:\/\/www.murphylawfirm.com\/wp-content\/uploads\/2025\/02\/hire-denham-springs-shoulder-injury-lawyer-300x150.webp 300w, https:\/\/www.murphylawfirm.com\/wp-content\/uploads\/2025\/02\/hire-denham-springs-shoulder-injury-lawyer-1024x512.webp 1024w, https:\/\/www.murphylawfirm.com\/wp-content\/uploads\/2025\/02\/hire-denham-springs-shoulder-injury-lawyer-768x384.webp 768w, https:\/\/www.murphylawfirm.com\/wp-content\/uploads\/2025\/02\/hire-denham-springs-shoulder-injury-lawyer-18x9.webp 18w\" sizes=\"auto, (max-width: 1200px) 100vw, 1200px\" \/><\/div>\n<h3><span class=\"ez-toc-section\" id=\"murphy-law-firm-compassionate-attorneys-supporting-our-communities\"><\/span>Bufete Murphy: Abogados Compasivos Apoyando Nuestras Comunidades<span class=\"ez-toc-section-end\"><\/span><\/h3>\n<p>Una lesi\u00f3n puede alterar el curso de su vida, dej\u00e1ndole importantes gastos y la incapacidad de obtener ingresos. Mientras tanto, las facturas siguen acumul\u00e1ndose y hay que pagarlas. Cuando se lesiona debido al descuido de otra persona o mientras realiza su trabajo, no tiene por qu\u00e9 ser responsable de todos estos costes. El bufete de abogados Murphy Law Firm ha trabajado durante d\u00e9cadas para apoyar a las personas y familias a las que se les debe ayuda financiera por parte de las compa\u00f1\u00edas de seguros que no quieren pagarla.<\/p>\n<p>Murphy Law Firm, como su <a href=\"https:\/\/www.murphylawfirm.com\/es\/denham-springs-abogado-de-lesiones-personales\/\">abogado de lesiones personales<\/a>podemos guiarle a lo largo del proceso. Podemos revisar la viabilidad de su reclamaci\u00f3n, investigar la culpa y calcular sus da\u00f1os. Negociamos con la aseguradora para que usted no tenga que hacerlo, y luchamos por la totalidad de la indemnizaci\u00f3n que se merece.<\/p>\n<div class=\"cmn-box baton\">\n<h2><span class=\"ez-toc-section\" id=\"denham-springs-shoulder-injury-lawyer\"><\/span>Denham Springs <strong>Abogado de lesiones de hombro<\/strong><span class=\"ez-toc-section-end\"><\/span><\/h2>\n<div class=\"inr_btn\">\n<div class=\"inr-cmn_btn\"><a class=\"cmn-btn\" href=\"https:\/\/www.murphylawfirm.com\/es\/pongase-en-contacto-con\/\">Programar una consulta<\/a><\/div>\n<div class=\"inr-phn\"><a href=\"tel:2259288800\">Llame ahora (225) 928-8800<\/a><\/div>\n<\/div>\n<\/div>\n<h3><span class=\"ez-toc-section\" id=\"how-do-i-know-if-i-have-a-valid-claim-for-a-shoulder-injury\"><\/span>\u00bfC\u00f3mo s\u00e9 si tengo derecho a reclamar por una lesi\u00f3n de hombro?<span class=\"ez-toc-section-end\"><\/span><\/h3>\n<p>La validez de su reclamaci\u00f3n por lesi\u00f3n de hombro depender\u00e1 de las circunstancias de su lesi\u00f3n, incluido si se lesion\u00f3 en el trabajo y la parte que le deb\u00eda una obligaci\u00f3n de diligencia.<\/p>\n<p>Si se lesion\u00f3 en el trabajo, es probable que tenga motivos para reclamar una indemnizaci\u00f3n por accidente laboral. Tendr\u00e1 que demostrar que sus lesiones se produjeron en el trabajo o fueron consecuencia de sus obligaciones laborales. Una lesi\u00f3n de hombro puede haber sido repentina o haberse desarrollado gradualmente. Tambi\u00e9n tendr\u00e1 que aportar pruebas de los costes m\u00e9dicos del tratamiento de la lesi\u00f3n.<\/p>\n<p>Si se lesion\u00f3 en otro lugar, debe demostrar que otra parte fue responsable para tener una reclamaci\u00f3n v\u00e1lida por lesiones personales. <strong>Para determinar la culpa, debe demostrar lo siguiente:<\/strong><\/p>\n<ol>\n<li><strong>Deber.<\/strong> La parte responsable de su lesi\u00f3n le deb\u00eda un deber de diligencia, como una norma profesional de diligencia o un deber de cuidado, de actuar de forma que no amenazara injustificadamente su seguridad.<\/li>\n<li><strong>Infracci\u00f3n.<\/strong> La parte incumpli\u00f3 su deber de diligencia desvi\u00e1ndose de una norma profesional sin motivo, actuando o dejando de actuar de forma negligente, o actuando de alguna otra forma negligente o perjudicial.<\/li>\n<li><strong>Causalidad.<\/strong> Debe haber una relaci\u00f3n directa entre la falta de diligencia y el accidente en el que usted result\u00f3 lesionado.<\/li>\n<li><strong>Da\u00f1os y perjuicios.<\/strong> El accidente le caus\u00f3 lesiones, as\u00ed como p\u00e9rdidas econ\u00f3micas y no econ\u00f3micas legalmente reconocibles.<\/li>\n<\/ol>\n<p>Las cosas espec\u00edficas que usted debe probar para mantener una parte responsable de sus lesiones pueden variar dependiendo del accidente, como si usted fue herido en la propiedad de alguien o en un <a href=\"https:\/\/www.murphylawfirm.com\/es\/denham-springs-abogado-de-accidente-de-coche\/\">accidente de tr\u00e1fico<\/a>. Es importante trabajar con una representaci\u00f3n legal que tenga una amplia experiencia en lesiones personales y leyes de compensaci\u00f3n de trabajadores.<\/p>\n<h3><span class=\"ez-toc-section\" id=\"how-do-shoulder-injuries-typically-happen\"><\/span>\u00bfC\u00f3mo suelen producirse las lesiones de hombro?<span class=\"ez-toc-section-end\"><\/span><\/h3>\n<p>Son muchas las causas de las lesiones de hombro, que provocan esguinces, fracturas y desgarros. <strong>Esto incluye:Esto incluye:<\/strong><\/p>\n<ul>\n<li><strong>Accidentes de tr\u00e1fico.<\/strong> En estos incidentes, los costes del tratamiento de su lesi\u00f3n de hombro recaen en la aseguradora del conductor culpable del accidente.<\/li>\n<li><strong>Accidentes por resbalones y ca\u00eddas.<\/strong> Si se lesion\u00f3 a causa de un peligro para la propiedad que deber\u00eda haberse solucionado, el propietario puede ser responsable.<\/li>\n<\/ul>\n<ul>\n<li><strong>Accidentes deportivos.<\/strong> No todos los accidentes deportivos dan lugar a reclamaciones v\u00e1lidas. Sin embargo, si alguien incumpli\u00f3 su deber de diligencia hacia ti, puedes exigirle responsabilidades.<\/li>\n<li><strong>Accidentes laborales.<\/strong> Las lesiones repentinas por accidentes en el lugar de trabajo pueden dar lugar a una reclamaci\u00f3n de indemnizaci\u00f3n por accidente laboral o a una reclamaci\u00f3n por da\u00f1os personales si hubo negligencia por parte de un tercero.<\/li>\n<li><strong>Lesiones por movimientos repetitivos.<\/strong> Tambi\u00e9n es posible reclamar una indemnizaci\u00f3n si la lesi\u00f3n se ha producido con el tiempo por movimientos repetidos o distensiones musculares.<\/li>\n<\/ul>\n<div class=\"accsec-ritcnt accordion\">\n<h3><span class=\"ez-toc-section\" id=\"faqs\"><\/span>Preguntas frecuentes<span class=\"ez-toc-section-end\"><\/span><\/h3>\n<div class=\"accordion-section\">\n<h4><a class=\"accordion-section-title\" href=\"#accordion-1\">\u00bfCu\u00e1nto se puede demandar por una lesi\u00f3n de hombro?<\/a><\/h4>\n<div id=\"accordion-1\" class=\"accordion-section-content open\">\n<p>La cuant\u00eda que puedes demandar por una lesi\u00f3n de hombro en <a href=\"https:\/\/en.wikipedia.org\/wiki\/Denham_Springs,_Louisiana\" target=\"_blank\" rel=\"noopener\">Denham Springs, Louisiana<\/a>depende de la gravedad de sus lesiones, del valor de sus da\u00f1os econ\u00f3micos y no econ\u00f3micos y del tipo de demanda que presente. En una demanda por lesiones personales, puede recuperar la totalidad de sus p\u00e9rdidas econ\u00f3micas y personales si puede demostrar que la negligencia de la otra parte caus\u00f3 su lesi\u00f3n. Cuanto m\u00e1s grave sea su lesi\u00f3n, mayores ser\u00e1n estos costes. Si usted tuvo parte de la culpa, esto puede limitar su recuperaci\u00f3n.<\/p>\n<\/div>\n<\/div>\n<div class=\"accordion-section\">\n<h4><a class=\"accordion-section-title\" href=\"#accordion-2\">\u00bfC\u00f3mo se calcula la indemnizaci\u00f3n por da\u00f1os y perjuicios en Louisiana?<\/a><\/h4>\n<div id=\"accordion-2\" class=\"accordion-section-content\">\n<p>Existen varios m\u00e9todos para calcular los da\u00f1os morales y materiales. <a href=\"https:\/\/en.wikipedia.org\/wiki\/Louisiana\" target=\"_blank\" rel=\"noopener\">Louisiana<\/a>. Puede que necesite utilizar uno o varios para obtener la determinaci\u00f3n m\u00e1s precisa. Los da\u00f1os por dolor y sufrimiento, as\u00ed como otros da\u00f1os no econ\u00f3micos, suelen estar relacionados con los da\u00f1os econ\u00f3micos.<\/p>\n<p>Cuanto mayores sean sus da\u00f1os econ\u00f3micos, incluidas las facturas de tratamiento m\u00e9dico y la p\u00e9rdida de ingresos, m\u00e1s grave se presume que es su lesi\u00f3n. Esto significa que afectar\u00e1 m\u00e1s a su vida y le costar\u00e1 m\u00e1s en concepto de da\u00f1os no econ\u00f3micos.<\/p>\n<\/div>\n<\/div>\n<div class=\"accordion-section\">\n<h4><a class=\"accordion-section-title\" href=\"#accordion-3\">\u00bfQu\u00e9 es un buen acuerdo por lesiones personales?<\/a><\/h4>\n<div id=\"accordion-3\" class=\"accordion-section-content\">\n<p>A <a href=\"https:\/\/www.murphylawfirm.com\/es\/blog\/ejemplos-de-indemnizaciones-por-danos-personales-en-louisiana\/\">buen acuerdo por lesiones personales<\/a> depende de los da\u00f1os sufridos, las circunstancias de la lesi\u00f3n, los l\u00edmites de cobertura de la parte culpable y otros factores. Lo que se considera una indemnizaci\u00f3n justa var\u00eda en cada caso. Es m\u00e1s f\u00e1cil calcular el valor de sus da\u00f1os actuales y futuros con un abogado experto. Trabajar con un abogado tambi\u00e9n significa que usted tiene un negociador experto que puede asegurar un acuerdo justo e interactuar con la aseguradora en su nombre.<\/p>\n<\/div>\n<\/div>\n<div class=\"accordion-section\">\n<h4><a class=\"accordion-section-title\" href=\"#accordion-4\">\u00bfQu\u00e9 pruebas son necesarias para demostrar una lesi\u00f3n de hombro?<\/a><\/h4>\n<div id=\"accordion-4\" class=\"accordion-section-content\">\n<p>Las pruebas necesarias para demostrar una demanda por lesiones en el hombro dependen del tipo de demanda y de la causa de la lesi\u00f3n.<\/p>\n<p>Si presenta una demanda por lesiones personales, debe demostrar que otra persona, empresa u otra entidad actu\u00f3 con negligencia, causando el accidente que le lesion\u00f3. Tambi\u00e9n debe demostrar el alcance de sus lesiones. Sin embargo, si presenta una reclamaci\u00f3n de indemnizaci\u00f3n por accidente laboral, no tiene que demostrar la responsabilidad.<\/p>\n<\/div>\n<\/div>\n<\/div>\n<h3><span class=\"ez-toc-section\" id=\"contact-murphy-law-firm-to-get-help-with-shoulder-injury-cases\"><\/span>P\u00f3ngase en contacto con Murphy Law Firm para obtener ayuda con casos de lesiones en el hombro<span class=\"ez-toc-section-end\"><\/span><\/h3>\n<p>Si cree que tiene una reclamaci\u00f3n por lesiones personales o indemnizaci\u00f3n por accidente laboral, <a href=\"https:\/\/www.murphylawfirm.com\/es\/pongase-en-contacto-con\/\">p\u00f3ngase en contacto con el bufete de abogados Murphy hoy<\/a>. Podemos ayudarle a revisar las particularidades de su caso y, potencialmente, a recuperarse econ\u00f3micamente.<\/p>","protected":false},"excerpt":{"rendered":"<p>Denham Springs Shoulder Injury Attorney When you sustain a shoulder injury, it can limit your movement, prevent you from going to work, and cause you serious pain and discomfort. If your injury is the result of a work accident or your job duties, or your injury was caused by another party, a experienced Denham Springs &hellip; <\/p>\n<p class=\"link-more\"><a href=\"https:\/\/www.murphylawfirm.com\/es\/denham-springs-shoulder-injury-lawyer\/\" class=\"more-link\">Seguir leyendo<span class=\"screen-reader-text\"> &#8220;Denham Springs Shoulder Injury Lawyer&#8221;<\/span><\/a><\/p>","protected":false},"author":1,"featured_media":0,"parent":0,"menu_order":0,"comment_status":"closed","ping_status":"closed","template":"","meta":{"_acf_changed":false,"footnotes":""},"class_list":["post-4591","page","type-page","status-publish","hentry","entry"],"acf":[],"yoast_head":"<!-- This site is optimized with the Yoast SEO plugin v27.4 - https:\/\/yoast.com\/product\/yoast-seo-wordpress\/ -->\n<title>Denham Springs Shoulder Injury Lawyer - Free Consultation<\/title>\n<meta name=\"description\" content=\"Looking for a Denham Springs shoulder injury lawyer? Murphy Law Firm fights for the compensation you deserve. Book free consultation now.\" \/>\n<meta name=\"robots\" content=\"index, follow, max-snippet:-1, max-image-preview:large, max-video-preview:-1\" \/>\n<link rel=\"canonical\" href=\"https:\/\/www.murphylawfirm.com\/es\/denham-springs-abogado-de-lesiones-de-hombro\/\" \/>\n<meta property=\"og:locale\" content=\"es_MX\" \/>\n<meta property=\"og:type\" content=\"article\" \/>\n<meta property=\"og:title\" content=\"Denham Springs Shoulder Injury Lawyer - Free Consultation\" \/>\n<meta property=\"og:description\" content=\"Looking for a Denham Springs shoulder injury lawyer? Murphy Law Firm fights for the compensation you deserve. Book free consultation now.\" \/>\n<meta property=\"og:url\" content=\"https:\/\/www.murphylawfirm.com\/es\/denham-springs-abogado-de-lesiones-de-hombro\/\" \/>\n<meta property=\"og:site_name\" content=\"Murphy Law Firm\" \/>\n<meta property=\"article:publisher\" content=\"https:\/\/www.facebook.com\/MurphyLawFirm225\/\" \/>\n<meta property=\"article:modified_time\" content=\"2025-03-13T04:30:04+00:00\" \/>\n<meta property=\"og:image\" content=\"https:\/\/www.murphylawfirm.com\/wp-content\/uploads\/2025\/02\/hire-denham-springs-shoulder-injury-lawyer.webp\" \/>\n\t<meta property=\"og:image:width\" content=\"1200\" \/>\n\t<meta property=\"og:image:height\" content=\"600\" \/>\n\t<meta property=\"og:image:type\" content=\"image\/webp\" \/>\n<meta name=\"twitter:card\" content=\"summary_large_image\" \/>\n<meta name=\"twitter:site\" content=\"@murphylawfirm225\" \/>\n<meta name=\"twitter:label1\" content=\"Tiempo de lectura\" \/>\n\t<meta name=\"twitter:data1\" content=\"6 minutos\" \/>\n<!-- \/ Yoast SEO plugin. -->","yoast_head_json":{"title":"Denham Springs Abogado de lesiones de hombro - Consulta gratuita","description":"\u00bfBusca un abogado de lesiones de hombro Denham Springs? Murphy Law Firm lucha por la compensaci\u00f3n que se merece. Reserve una consulta gratuita ahora.","robots":{"index":"index","follow":"follow","max-snippet":"max-snippet:-1","max-image-preview":"max-image-preview:large","max-video-preview":"max-video-preview:-1"},"canonical":"https:\/\/www.murphylawfirm.com\/es\/denham-springs-abogado-de-lesiones-de-hombro\/","og_locale":"es_MX","og_type":"article","og_title":"Denham Springs Shoulder Injury Lawyer - Free Consultation","og_description":"Looking for a Denham Springs shoulder injury lawyer? Murphy Law Firm fights for the compensation you deserve. Book free consultation now.","og_url":"https:\/\/www.murphylawfirm.com\/es\/denham-springs-abogado-de-lesiones-de-hombro\/","og_site_name":"Murphy Law Firm","article_publisher":"https:\/\/www.facebook.com\/MurphyLawFirm225\/","article_modified_time":"2025-03-13T04:30:04+00:00","og_image":[{"width":1200,"height":600,"url":"https:\/\/www.murphylawfirm.com\/wp-content\/uploads\/2025\/02\/hire-denham-springs-shoulder-injury-lawyer.webp","type":"image\/webp"}],"twitter_card":"summary_large_image","twitter_site":"@murphylawfirm225","twitter_misc":{"Tiempo de lectura":"6 minutos"},"schema":{"@context":"https:\/\/schema.org","@graph":[{"@type":"WebPage","@id":"https:\/\/www.murphylawfirm.com\/denham-springs-shoulder-injury-lawyer\/","url":"https:\/\/www.murphylawfirm.com\/denham-springs-shoulder-injury-lawyer\/","name":"Denham Springs Abogado de lesiones de hombro - Consulta gratuita","isPartOf":{"@id":"https:\/\/www.murphylawfirm.com\/#website"},"primaryImageOfPage":{"@id":"https:\/\/www.murphylawfirm.com\/denham-springs-shoulder-injury-lawyer\/#primaryimage"},"image":{"@id":"https:\/\/www.murphylawfirm.com\/denham-springs-shoulder-injury-lawyer\/#primaryimage"},"thumbnailUrl":"https:\/\/www.murphylawfirm.com\/wp-content\/uploads\/2025\/02\/hire-denham-springs-shoulder-injury-lawyer.webp","datePublished":"2025-02-24T12:52:49+00:00","dateModified":"2025-03-13T04:30:04+00:00","description":"\u00bfBusca un abogado de lesiones de hombro Denham Springs? Murphy Law Firm lucha por la compensaci\u00f3n que se merece. Reserve una consulta gratuita ahora.","breadcrumb":{"@id":"https:\/\/www.murphylawfirm.com\/denham-springs-shoulder-injury-lawyer\/#breadcrumb"},"inLanguage":"es","potentialAction":[{"@type":"ReadAction","target":["https:\/\/www.murphylawfirm.com\/denham-springs-shoulder-injury-lawyer\/"]}]},{"@type":"ImageObject","inLanguage":"es","@id":"https:\/\/www.murphylawfirm.com\/denham-springs-shoulder-injury-lawyer\/#primaryimage","url":"https:\/\/www.murphylawfirm.com\/wp-content\/uploads\/2025\/02\/hire-denham-springs-shoulder-injury-lawyer.webp","contentUrl":"https:\/\/www.murphylawfirm.com\/wp-content\/uploads\/2025\/02\/hire-denham-springs-shoulder-injury-lawyer.webp"},{"@type":"BreadcrumbList","@id":"https:\/\/www.murphylawfirm.com\/denham-springs-shoulder-injury-lawyer\/#breadcrumb","itemListElement":[{"@type":"ListItem","position":1,"name":"Home","item":"https:\/\/www.murphylawfirm.com\/"},{"@type":"ListItem","position":2,"name":"Denham Springs Shoulder Injury Lawyer"}]},{"@type":"WebSite","@id":"https:\/\/www.murphylawfirm.com\/#website","url":"https:\/\/www.murphylawfirm.com\/","name":"Bufete Murphy","description":"","publisher":{"@id":"https:\/\/www.murphylawfirm.com\/#organization"},"potentialAction":[{"@type":"SearchAction","target":{"@type":"EntryPoint","urlTemplate":"https:\/\/www.murphylawfirm.com\/?s={search_term_string}"},"query-input":{"@type":"PropertyValueSpecification","valueRequired":true,"valueName":"search_term_string"}}],"inLanguage":"es"},{"@type":"Organization","@id":"https:\/\/www.murphylawfirm.com\/#organization","name":"Bufete Murphy","alternateName":"Murphy Law Firm","url":"https:\/\/www.murphylawfirm.com\/","logo":{"@type":"ImageObject","inLanguage":"es","@id":"https:\/\/www.murphylawfirm.com\/#\/schema\/logo\/image\/","url":"https:\/\/www.murphylawfirm.com\/wp-content\/uploads\/2024\/05\/murphy.jpg","contentUrl":"https:\/\/www.murphylawfirm.com\/wp-content\/uploads\/2024\/05\/murphy.jpg","width":309,"height":79,"caption":"Murphy Law Firm"},"image":{"@id":"https:\/\/www.murphylawfirm.com\/#\/schema\/logo\/image\/"},"sameAs":["https:\/\/www.facebook.com\/MurphyLawFirm225\/","https:\/\/x.com\/murphylawfirm225","https:\/\/www.instagram.com\/murphylawfirm225\/","https:\/\/www.linkedin.com\/in\/murphy-law-firm-peyton-murphy\/","https:\/\/maps.app.goo.gl\/WCtGDyEwg1JYgwZ87","https:\/\/www.yelp.com\/biz\/murphy-law-firm-baton-rouge-3","https:\/\/www.mapquest.com\/us\/louisiana\/murphy-law-firm-284707425","https:\/\/www.lawinfo.com\/lawfirm\/louisiana\/baton-rouge\/murphy-law-firm-llc\/97a2f249-3b83-4255-b82a-f62955d76970.html","https:\/\/www.hg.org\/attorney\/murphy-law-firm-llc\/68580","https:\/\/lawyers.findlaw.com\/louisiana\/baton-rouge\/2388680_1\/","https:\/\/www.bbb.org\/us\/la\/baton-rouge\/profile\/lawyers\/murphy-law-firm-llc-0835-12003342","https:\/\/www.lawyers.com\/baton-rouge\/louisiana\/murphy-law-firm-42910679-f\/","https:\/\/nextdoor.com\/pages\/murphy-law-firm-llc\/","https:\/\/www.lawyer4criminaldefense.com\/criminal-defense-lawyers\/listing\/b637fd75d4bc11b1a32273b847ba8a37\/","https:\/\/www.expertise.com\/legal\/slip-and-fall-lawyers\/louisiana\/baton-rouge","https:\/\/www.youtube.com\/@MurphyLawFirmBatonRouge"]}]}},"_links":{"self":[{"href":"https:\/\/www.murphylawfirm.com\/es\/wp-json\/wp\/v2\/pages\/4591","targetHints":{"allow":["GET"]}}],"collection":[{"href":"https:\/\/www.murphylawfirm.com\/es\/wp-json\/wp\/v2\/pages"}],"about":[{"href":"https:\/\/www.murphylawfirm.com\/es\/wp-json\/wp\/v2\/types\/page"}],"author":[{"embeddable":true,"href":"https:\/\/www.murphylawfirm.com\/es\/wp-json\/wp\/v2\/users\/1"}],"replies":[{"embeddable":true,"href":"https:\/\/www.murphylawfirm.com\/es\/wp-json\/wp\/v2\/comments?post=4591"}],"version-history":[{"count":9,"href":"https:\/\/www.murphylawfirm.com\/es\/wp-json\/wp\/v2\/pages\/4591\/revisions"}],"predecessor-version":[{"id":6181,"href":"https:\/\/www.murphylawfirm.com\/es\/wp-json\/wp\/v2\/pages\/4591\/revisions\/6181"}],"wp:attachment":[{"href":"https:\/\/www.murphylawfirm.com\/es\/wp-json\/wp\/v2\/media?parent=4591"}],"curies":[{"name":"wp","href":"https:\/\/api.w.org\/{rel}","templated":true}]}}