{"id":552,"date":"2024-04-17T09:39:12","date_gmt":"2024-04-17T09:39:12","guid":{"rendered":"https:\/\/www.murphylawfirm.com\/?page_id=552"},"modified":"2025-03-24T18:39:27","modified_gmt":"2025-03-24T18:39:27","slug":"brian-l-mccullough","status":"publish","type":"page","link":"https:\/\/www.murphylawfirm.com\/es\/our-team\/brian-l-mccullough\/","title":{"rendered":"Brian L. McCullough"},"content":{"rendered":"<h3>Brian L. McCullough<\/h3>\n<h5>Abogado<\/h5>\n<p><strong><em>\"Contamos con un equipo de gran experiencia. Cada uno de nuestros puntos fuertes se unen para crear una unidad formidable a la hora de representar los intereses de nuestros clientes.\"<\/em><\/strong><\/p>\n<h3>Vida temprana y educaci\u00f3n<\/h3>\n<p><img loading=\"lazy\" decoding=\"async\" class=\"alignright size-full wp-image-566\" src=\"https:\/\/www.murphylawfirm.com\/wp-content\/uploads\/2024\/04\/brian-1-Brian-McCullough.jpg\" alt=\"Brian L. McCullough\" width=\"250\" height=\"395\" srcset=\"https:\/\/www.murphylawfirm.com\/wp-content\/uploads\/2024\/04\/brian-1-Brian-McCullough.jpg 656w, https:\/\/www.murphylawfirm.com\/wp-content\/uploads\/2024\/04\/brian-1-Brian-McCullough-190x300.jpg 190w, https:\/\/www.murphylawfirm.com\/wp-content\/uploads\/2024\/04\/brian-1-Brian-McCullough-648x1024.jpg 648w\" sizes=\"auto, (max-width: 250px) 100vw, 250px\" \/> Brian McCullough, abogado especializado en lesiones personales, naci\u00f3 en Baton Rouge y se cri\u00f3 en la gran \u00e1rea metropolitana de Atlanta, Georgia. Sintiendo la llamada del hogar, McCullough regres\u00f3 a Louisiana para asistir a la universidad en <a href=\"https:\/\/www.lsu.edu\/\">Universidad Estatal Louisiana.<\/a> Tras licenciarse en la LSU, cruz\u00f3 el lago hasta Nueva Orleans para licenciarse en Derecho. <a href=\"https:\/\/www.loyno.edu\/academics\/colleges\/college-law\">Facultad de Derecho de la Universidad Loyola.<\/a> Tras licenciarse, McCullough comenz\u00f3 inmediatamente su andadura por los entresijos del sistema jur\u00eddico.<\/p>\n<p>Reci\u00e9n licenciado, McCullough comenz\u00f3 su carrera en el Departamento de Justicia, trabajando para la Oficina del Fiscal General. Obviamente, tuvo \u00e9xito en su empe\u00f1o, ya que ha seguido desarrollando su carrera jur\u00eddica desde entonces.<\/p>\n<p>Licenciado y trabajando en Louisiana, Brian McCullough define su especialidad de la pr\u00e1ctica como la ley de lesiones personales y litigios complejos. Cada vez que \u00e9l y su <a href=\"https:\/\/www.murphylawfirm.com\/es\/nuestro-equipo\/\">equipo<\/a> son capaces de hacer que una compa\u00f1\u00eda de seguros asuma su responsabilidad y ayude a las personas perjudicadas es un <a href=\"https:\/\/www.murphylawfirm.com\/es\/historias-de-exito\/\">\u00e9xito<\/a> a sus ojos, no importa la situaci\u00f3n o lo lucrativo que sea el caso. \u00c9l est\u00e1 claramente en esto para el pueblo, y nuestra <a href=\"https:\/\/www.murphylawfirm.com\/es\/testimonios\/\">Los clientes pueden dar fe de ello.<\/a><\/p>","protected":false},"excerpt":{"rendered":"<p>Brian L. McCullough Attorney \u201cWe have a diversely experienced team. Each of our strengths come together to create a formidable unit in representing our clients\u2019 interests.\u201d Early Life &amp; Education Personal injury attorney, Brian McCullough, was born in Baton Rouge and raised in the large metropolitan area of Atlanta, Georgia. Feeling the call of home, &hellip; <\/p>\n<p class=\"link-more\"><a href=\"https:\/\/www.murphylawfirm.com\/es\/our-team\/brian-l-mccullough\/\" class=\"more-link\">Seguir leyendo<span class=\"screen-reader-text\"> &#8220;Brian L. McCullough&#8221;<\/span><\/a><\/p>","protected":false},"author":1,"featured_media":0,"parent":171,"menu_order":0,"comment_status":"closed","ping_status":"closed","template":"template-parts\/single-attorney.php","meta":{"_acf_changed":false,"footnotes":""},"class_list":["post-552","page","type-page","status-publish","hentry","entry"],"acf":[],"yoast_head":"<!-- This site is optimized with the Yoast SEO plugin v27.4 - https:\/\/yoast.com\/product\/yoast-seo-wordpress\/ -->\n<title>Brian L. McCullough | Personal Injury Lawyer Near Me | Murphy<\/title>\n<meta name=\"description\" content=\"Contact Brian L. McCullough if you need someone to advocate for your personal injury case in Baton Rouge!\" \/>\n<meta name=\"robots\" content=\"index, follow, max-snippet:-1, max-image-preview:large, max-video-preview:-1\" \/>\n<link rel=\"canonical\" href=\"https:\/\/www.murphylawfirm.com\/es\/nuestro-equipo\/brian-l-mccullough\/\" \/>\n<meta property=\"og:locale\" content=\"es_MX\" \/>\n<meta property=\"og:type\" content=\"article\" \/>\n<meta property=\"og:title\" content=\"Brian L. McCullough | Personal Injury Lawyer Near Me | Murphy\" \/>\n<meta property=\"og:description\" content=\"Contact Brian L. McCullough if you need someone to advocate for your personal injury case in Baton Rouge!\" \/>\n<meta property=\"og:url\" content=\"https:\/\/www.murphylawfirm.com\/es\/nuestro-equipo\/brian-l-mccullough\/\" \/>\n<meta property=\"og:site_name\" content=\"Murphy Law Firm\" \/>\n<meta property=\"article:publisher\" content=\"https:\/\/www.facebook.com\/MurphyLawFirm225\/\" \/>\n<meta property=\"article:modified_time\" content=\"2025-03-24T18:39:27+00:00\" \/>\n<meta property=\"og:image\" content=\"https:\/\/www.murphylawfirm.com\/wp-content\/uploads\/2024\/04\/brian-1-Brian-McCullough.jpg\" \/>\n\t<meta property=\"og:image:width\" content=\"656\" \/>\n\t<meta property=\"og:image:height\" content=\"1036\" \/>\n\t<meta property=\"og:image:type\" content=\"image\/jpeg\" \/>\n<meta name=\"twitter:card\" content=\"summary_large_image\" \/>\n<meta name=\"twitter:site\" content=\"@murphylawfirm225\" \/>\n<meta name=\"twitter:label1\" content=\"Tiempo de lectura\" \/>\n\t<meta name=\"twitter:data1\" content=\"2 minutos\" \/>\n<!-- \/ Yoast SEO plugin. -->","yoast_head_json":{"title":"Brian L. McCullough | Abogado de lesiones personales cerca de m\u00ed | Murphy","description":"P\u00f3ngase en contacto con Brian L. McCullough si necesita que alguien defienda su caso de lesiones personales en Baton Rouge.","robots":{"index":"index","follow":"follow","max-snippet":"max-snippet:-1","max-image-preview":"max-image-preview:large","max-video-preview":"max-video-preview:-1"},"canonical":"https:\/\/www.murphylawfirm.com\/es\/nuestro-equipo\/brian-l-mccullough\/","og_locale":"es_MX","og_type":"article","og_title":"Brian L. McCullough | Personal Injury Lawyer Near Me | Murphy","og_description":"Contact Brian L. McCullough if you need someone to advocate for your personal injury case in Baton Rouge!","og_url":"https:\/\/www.murphylawfirm.com\/es\/nuestro-equipo\/brian-l-mccullough\/","og_site_name":"Murphy Law Firm","article_publisher":"https:\/\/www.facebook.com\/MurphyLawFirm225\/","article_modified_time":"2025-03-24T18:39:27+00:00","og_image":[{"width":656,"height":1036,"url":"https:\/\/www.murphylawfirm.com\/wp-content\/uploads\/2024\/04\/brian-1-Brian-McCullough.jpg","type":"image\/jpeg"}],"twitter_card":"summary_large_image","twitter_site":"@murphylawfirm225","twitter_misc":{"Tiempo de lectura":"2 minutos"},"schema":{"@context":"https:\/\/schema.org","@graph":[{"@type":["WebPage","ProfilePage"],"@id":"https:\/\/www.murphylawfirm.com\/our-team\/brian-l-mccullough\/","url":"https:\/\/www.murphylawfirm.com\/our-team\/brian-l-mccullough\/","name":"Brian L. McCullough | Abogado de lesiones personales cerca de m\u00ed | Murphy","isPartOf":{"@id":"https:\/\/www.murphylawfirm.com\/#website"},"primaryImageOfPage":{"@id":"https:\/\/www.murphylawfirm.com\/our-team\/brian-l-mccullough\/#primaryimage"},"image":{"@id":"https:\/\/www.murphylawfirm.com\/our-team\/brian-l-mccullough\/#primaryimage"},"thumbnailUrl":"https:\/\/www.murphylawfirm.com\/wp-content\/uploads\/2024\/04\/brian-1-Brian-McCullough.jpg","datePublished":"2024-04-17T09:39:12+00:00","dateModified":"2025-03-24T18:39:27+00:00","description":"P\u00f3ngase en contacto con Brian L. McCullough si necesita que alguien defienda su caso de lesiones personales en Baton Rouge.","breadcrumb":{"@id":"https:\/\/www.murphylawfirm.com\/our-team\/brian-l-mccullough\/#breadcrumb"},"inLanguage":"es","potentialAction":[{"@type":"ReadAction","target":["https:\/\/www.murphylawfirm.com\/our-team\/brian-l-mccullough\/"]}]},{"@type":"ImageObject","inLanguage":"es","@id":"https:\/\/www.murphylawfirm.com\/our-team\/brian-l-mccullough\/#primaryimage","url":"https:\/\/www.murphylawfirm.com\/wp-content\/uploads\/2024\/04\/brian-1-Brian-McCullough.jpg","contentUrl":"https:\/\/www.murphylawfirm.com\/wp-content\/uploads\/2024\/04\/brian-1-Brian-McCullough.jpg"},{"@type":"BreadcrumbList","@id":"https:\/\/www.murphylawfirm.com\/our-team\/brian-l-mccullough\/#breadcrumb","itemListElement":[{"@type":"ListItem","position":1,"name":"Home","item":"https:\/\/www.murphylawfirm.com\/"},{"@type":"ListItem","position":2,"name":"Our Team","item":"https:\/\/www.murphylawfirm.com\/our-team\/"},{"@type":"ListItem","position":3,"name":"Brian L. McCullough"}]},{"@type":"WebSite","@id":"https:\/\/www.murphylawfirm.com\/#website","url":"https:\/\/www.murphylawfirm.com\/","name":"Bufete Murphy","description":"","publisher":{"@id":"https:\/\/www.murphylawfirm.com\/#organization"},"potentialAction":[{"@type":"SearchAction","target":{"@type":"EntryPoint","urlTemplate":"https:\/\/www.murphylawfirm.com\/?s={search_term_string}"},"query-input":{"@type":"PropertyValueSpecification","valueRequired":true,"valueName":"search_term_string"}}],"inLanguage":"es"},{"@type":"Organization","@id":"https:\/\/www.murphylawfirm.com\/#organization","name":"Bufete Murphy","alternateName":"Murphy Law Firm","url":"https:\/\/www.murphylawfirm.com\/","logo":{"@type":"ImageObject","inLanguage":"es","@id":"https:\/\/www.murphylawfirm.com\/#\/schema\/logo\/image\/","url":"https:\/\/www.murphylawfirm.com\/wp-content\/uploads\/2024\/05\/murphy.jpg","contentUrl":"https:\/\/www.murphylawfirm.com\/wp-content\/uploads\/2024\/05\/murphy.jpg","width":309,"height":79,"caption":"Murphy Law Firm"},"image":{"@id":"https:\/\/www.murphylawfirm.com\/#\/schema\/logo\/image\/"},"sameAs":["https:\/\/www.facebook.com\/MurphyLawFirm225\/","https:\/\/x.com\/murphylawfirm225","https:\/\/www.instagram.com\/murphylawfirm225\/","https:\/\/www.linkedin.com\/in\/murphy-law-firm-peyton-murphy\/","https:\/\/maps.app.goo.gl\/WCtGDyEwg1JYgwZ87","https:\/\/www.yelp.com\/biz\/murphy-law-firm-baton-rouge-3","https:\/\/www.mapquest.com\/us\/louisiana\/murphy-law-firm-284707425","https:\/\/www.lawinfo.com\/lawfirm\/louisiana\/baton-rouge\/murphy-law-firm-llc\/97a2f249-3b83-4255-b82a-f62955d76970.html","https:\/\/www.hg.org\/attorney\/murphy-law-firm-llc\/68580","https:\/\/lawyers.findlaw.com\/louisiana\/baton-rouge\/2388680_1\/","https:\/\/www.bbb.org\/us\/la\/baton-rouge\/profile\/lawyers\/murphy-law-firm-llc-0835-12003342","https:\/\/www.lawyers.com\/baton-rouge\/louisiana\/murphy-law-firm-42910679-f\/","https:\/\/nextdoor.com\/pages\/murphy-law-firm-llc\/","https:\/\/www.lawyer4criminaldefense.com\/criminal-defense-lawyers\/listing\/b637fd75d4bc11b1a32273b847ba8a37\/","https:\/\/www.expertise.com\/legal\/slip-and-fall-lawyers\/louisiana\/baton-rouge","https:\/\/www.youtube.com\/@MurphyLawFirmBatonRouge"],"mainEntityOfPage":{"@id":"https:\/\/www.murphylawfirm.com\/our-team\/brian-l-mccullough\/"}}]}},"_links":{"self":[{"href":"https:\/\/www.murphylawfirm.com\/es\/wp-json\/wp\/v2\/pages\/552","targetHints":{"allow":["GET"]}}],"collection":[{"href":"https:\/\/www.murphylawfirm.com\/es\/wp-json\/wp\/v2\/pages"}],"about":[{"href":"https:\/\/www.murphylawfirm.com\/es\/wp-json\/wp\/v2\/types\/page"}],"author":[{"embeddable":true,"href":"https:\/\/www.murphylawfirm.com\/es\/wp-json\/wp\/v2\/users\/1"}],"replies":[{"embeddable":true,"href":"https:\/\/www.murphylawfirm.com\/es\/wp-json\/wp\/v2\/comments?post=552"}],"version-history":[{"count":13,"href":"https:\/\/www.murphylawfirm.com\/es\/wp-json\/wp\/v2\/pages\/552\/revisions"}],"predecessor-version":[{"id":6426,"href":"https:\/\/www.murphylawfirm.com\/es\/wp-json\/wp\/v2\/pages\/552\/revisions\/6426"}],"up":[{"embeddable":true,"href":"https:\/\/www.murphylawfirm.com\/es\/wp-json\/wp\/v2\/pages\/171"}],"wp:attachment":[{"href":"https:\/\/www.murphylawfirm.com\/es\/wp-json\/wp\/v2\/media?parent=552"}],"curies":[{"name":"wp","href":"https:\/\/api.w.org\/{rel}","templated":true}]}}