{"id":562,"date":"2024-04-17T10:04:24","date_gmt":"2024-04-17T10:04:24","guid":{"rendered":"https:\/\/www.murphylawfirm.com\/?page_id=562"},"modified":"2025-03-12T17:54:52","modified_gmt":"2025-03-12T17:54:52","slug":"sintomas","status":"publish","type":"page","link":"https:\/\/www.murphylawfirm.com\/es\/mass-tort\/mesothelioma\/symptoms\/","title":{"rendered":"S\u00edntomas del mesotelioma"},"content":{"rendered":"<div id=\"ez-toc-container\" class=\"ez-toc-v2_0_82_2 counter-hierarchy ez-toc-counter ez-toc-transparent ez-toc-container-direction\">\n<div class=\"ez-toc-title-container\">\n<p class=\"ez-toc-title ez-toc-toggle\" style=\"cursor:pointer\">\u00cdndice<\/p>\n<span class=\"ez-toc-title-toggle\"><a href=\"#\" class=\"ez-toc-pull-right ez-toc-btn ez-toc-btn-xs ez-toc-btn-default ez-toc-toggle\" aria-label=\"Toggle Table of Content\"><span class=\"ez-toc-js-icon-con\"><span class=\"\"><span class=\"eztoc-hide\" style=\"display:none;\">Toggle<\/span><span class=\"ez-toc-icon-toggle-span\"><svg style=\"fill: #999;color:#999\" xmlns=\"http:\/\/www.w3.org\/2000\/svg\" class=\"list-377408\" width=\"20px\" height=\"20px\" viewbox=\"0 0 24 24\" fill=\"none\"><path d=\"M6 6H4v2h2V6zm14 0H8v2h12V6zM4 11h2v2H4v-2zm16 0H8v2h12v-2zM4 16h2v2H4v-2zm16 0H8v2h12v-2z\" fill=\"currentColor\"><\/path><\/svg><svg style=\"fill: #999;color:#999\" class=\"arrow-unsorted-368013\" xmlns=\"http:\/\/www.w3.org\/2000\/svg\" width=\"10px\" height=\"10px\" viewbox=\"0 0 24 24\" version=\"1.2\" baseprofile=\"tiny\"><path d=\"M18.2 9.3l-6.2-6.3-6.2 6.3c-.2.2-.3.4-.3.7s.1.5.3.7c.2.2.4.3.7.3h11c.3 0 .5-.1.7-.3.2-.2.3-.5.3-.7s-.1-.5-.3-.7zM5.8 14.7l6.2 6.3 6.2-6.3c.2-.2.3-.5.3-.7s-.1-.5-.3-.7c-.2-.2-.4-.3-.7-.3h-11c-.3 0-.5.1-.7.3-.2.2-.3.5-.3.7s.1.5.3.7z\"\/><\/svg><\/span><\/span><\/span><\/a><\/span><\/div>\n<nav><ul class='ez-toc-list ez-toc-list-level-1 eztoc-toggle-hide-by-default' ><li class='ez-toc-page-1 ez-toc-heading-level-2'><a class=\"ez-toc-link ez-toc-heading-1\" href=\"https:\/\/www.murphylawfirm.com\/es\/mass-tort\/mesothelioma\/symptoms\/#mesothelioma-and-your-legal-rights\" >El mesotelioma y sus derechos legales<\/a><ul class='ez-toc-list-level-3' ><li class='ez-toc-heading-level-3'><a class=\"ez-toc-link ez-toc-heading-2\" href=\"https:\/\/www.murphylawfirm.com\/es\/mass-tort\/mesothelioma\/symptoms\/#symptoms-of-mesothelioma\" >S\u00edntomas del mesotelioma<\/a><\/li><li class='ez-toc-page-1 ez-toc-heading-level-3'><a class=\"ez-toc-link ez-toc-heading-3\" href=\"https:\/\/www.murphylawfirm.com\/es\/mass-tort\/mesothelioma\/symptoms\/#symptoms-of-asbestosis\" >S\u00edntomas de la asbestosis<\/a><\/li><li class='ez-toc-page-1 ez-toc-heading-level-3'><a class=\"ez-toc-link ez-toc-heading-4\" href=\"https:\/\/www.murphylawfirm.com\/es\/mass-tort\/mesothelioma\/symptoms\/#get-help-from-an-experienced-mesothelioma-lawyer-at-murphy-law-firm\" >Obtenga ayuda de un abogado con experiencia en mesotelioma en Murphy Law Firm<\/a><\/li><\/ul><\/li><\/ul><\/nav><\/div>\n<h2><span class=\"ez-toc-section\" id=\"mesothelioma-and-your-legal-rights\"><\/span>El mesotelioma y sus derechos legales<span class=\"ez-toc-section-end\"><\/span><\/h2>\n<h5>Informaci\u00f3n y qu\u00e9 hacer<\/h5>\n<p>El mesotelioma es una forma de c\u00e1ncer que tiene su origen en la exposici\u00f3n al amianto. Dado que se requiere un alto grado de exposici\u00f3n para contraer mesotelioma, normalmente s\u00f3lo contraen la enfermedad las personas que han trabajado en ocupaciones de alto riesgo de mesotelioma. <strong>S\u00edntomas del mesotelioma<\/strong> pueden incluir dificultad para respirar, dolor tor\u00e1cico, fatiga y tos persistente. Estos s\u00edntomas no suelen aparecer hasta d\u00e9cadas despu\u00e9s de la exposici\u00f3n, lo que dificulta su detecci\u00f3n precoz.<\/p>\n<p>Si padece mesotelioma, cree que puede estar en riesgo de padecerlo o ha perdido a un ser querido en una muerte por negligencia causada por mesotelioma, nuestros abogados especializados en mesotelioma de Baton Rouge pueden ayudarle.<\/p>\n<div class=\"cmn-img\"><img loading=\"lazy\" decoding=\"async\" title=\"s\u00edntomas del mesotelioma\" src=\"https:\/\/www.murphylawfirm.com\/wp-content\/uploads\/2024\/11\/symptoms-of-mesothelioma.webp\" alt=\"s\u00edntomas del mesotelioma\" width=\"800\" height=\"400\" \/><\/div>\n<p>Murphy Law Firm, LLC se dedica a proporcionar litigios agresivos que se adaptan personalmente a las necesidades de cada cliente. <a href=\"https:\/\/www.murphylawfirm.com\/es\/nuestro-equipo\/\">Nuestro equipo de abogados en Murphy Law Firm<\/a> le ayudar\u00e1 a decidir si tiene un caso, y le ayudaremos a obtener la indemnizaci\u00f3n que necesita por las facturas m\u00e9dicas, los salarios perdidos, la angustia mental y el dolor y el sufrimiento que han resultado de la enfermedad.<\/p>\n<p><strong><em>\"La mayor\u00eda de los casos de mesotelioma est\u00e1n relacionados con el trabajo, por respirar humos de amianto en f\u00e1bricas u otros puestos de producci\u00f3n. No es justo trabajar toda la vida para luego sufrir una enfermedad grave. Como padre de familia que soy, quiero asegurarme de que reciba una indemnizaci\u00f3n justa por su enfermedad, para que pueda seguir manteniendo a su familia. Ll\u00e1meme\".<\/em> -Abogado Peyton Murphy<\/strong><\/p>\n<h3><span class=\"ez-toc-section\" id=\"symptoms-of-mesothelioma\"><\/span>S\u00edntomas del mesotelioma<span class=\"ez-toc-section-end\"><\/span><\/h3>\n<p>Debido a que pueden pasar d\u00e9cadas entre la exposici\u00f3n inicial al amianto y la detecci\u00f3n y el diagn\u00f3stico del mesotelioma, es esencial buscar una evaluaci\u00f3n m\u00e9dica si alguna vez ha estado expuesto al amianto. A continuaci\u00f3n, p\u00f3ngase en contacto con un abogado de lesiones personales lo antes posible.<\/p>\n<p>Los s\u00edntomas son bastante obvios, y usted sabr\u00e1 que algo va mal; sin embargo, coinciden con varias otras enfermedades, por lo que los m\u00e9dicos a menudo pueden diagnosticarlo err\u00f3neamente como otra cosa. Dicho esto, aseg\u00farese de informar a su m\u00e9dico de que ha estado o podr\u00eda haber estado expuesto al amianto.<\/p>\n<p>Los s\u00edntomas del mesotelioma incluyen:<\/p>\n<ul>\n<li>Falta de aliento<\/li>\n<li>Dolores tor\u00e1cicos<\/li>\n<li>Tos y sibilancias<\/li>\n<li>Acumulaci\u00f3n de l\u00edquido en el pecho<\/li>\n<li>Pecho hinchado<\/li>\n<\/ul>\n<p>Podemos ayudarle a encontrar un m\u00e9dico que entienda de mesotelioma y pueda examinarle espec\u00edficamente para detectar enfermedades relacionadas con el amianto. Tambi\u00e9n nos aseguraremos de que reciba la indemnizaci\u00f3n que necesita para volver a estar sano y recuperar su vida.<\/p>\n<h3><span class=\"ez-toc-section\" id=\"symptoms-of-asbestosis\"><\/span>S\u00edntomas de la asbestosis<span class=\"ez-toc-section-end\"><\/span><\/h3>\n<p><a href=\"https:\/\/www.murphylawfirm.com\/es\/responsabilidad-civil-masiva\/mesotelioma\/asbestosis\/\">La asbestosis es una enfermedad pulmonar<\/a> que s\u00f3lo puede ser causada por un alto nivel de exposici\u00f3n al amianto. La mayor\u00eda de las v\u00edctimas del amianto lo adquieren por una exposici\u00f3n prolongada al trabajar en ocupaciones de alto riesgo. Los s\u00edntomas son similares a los de otros trastornos pulmonares e incluyen:<\/p>\n<ul>\n<li>Respiraci\u00f3n<\/li>\n<li>Tos<\/li>\n<li>Dolor tor\u00e1cico<\/li>\n<li>Dedos en palillo de tambor<\/li>\n<\/ul>\n<p>Dado que pueden pasar muchos a\u00f1os desde el momento de la exposici\u00f3n al amianto hasta que se descubre la asbestosis, es esencial buscar atenci\u00f3n m\u00e9dica adecuada lo antes posible. Nuestra <a href=\"https:\/\/www.murphylawfirm.com\/es\/abogado-de-lesiones-personales-de-louisiana\/\">abogados de da\u00f1os personales<\/a> puede ayudarle a encontrar un m\u00e9dico en <a href=\"https:\/\/en.wikipedia.org\/wiki\/Louisiana\" target=\"_blank\" rel=\"noopener\">Louisiana<\/a>. Despu\u00e9s de recibir atenci\u00f3n m\u00e9dica, aseg\u00farese de ponerse en contacto con un equipo de abogados experimentados y agresivos en mesotelioma que puedan ayudarle a entender sus opciones y que luchar\u00e1n en su nombre.<\/p>\n<h3><span class=\"ez-toc-section\" id=\"get-help-from-an-experienced-mesothelioma-lawyer-at-murphy-law-firm\"><\/span>Obtenga ayuda de un abogado con experiencia en mesotelioma en Murphy Law Firm<span class=\"ez-toc-section-end\"><\/span><\/h3>\n<p>Muchas personas simplemente no saben qu\u00e9 hacer si se enfrentan a un mesotelioma, especialmente si han trabajado en industrias con antecedentes de exposici\u00f3n al amianto. <a href=\"https:\/\/www.murphylawfirm.com\/es\/blog\/por-que-los-trabajadores-de-la-construccion-deben-preocuparse-por-el-mesotelioma\/\">Los trabajadores de la construcci\u00f3n deben estar especialmente preocupados por el mesotelioma<\/a>ya que a menudo corren un mayor riesgo debido a la prevalencia de amianto en edificios antiguos y materiales de construcci\u00f3n. Si usted ha sido diagnosticado con mesotelioma o cree que puede estar en riesgo, ofrecemos consultas gratuitas, para que pueda hablar con uno de nuestros abogados de mesotelioma y aprender acerca de sus opciones. Trabajamos con honorarios condicionales, lo que significa que no tendr\u00e1 que pagar honorarios de abogado hasta que tengamos \u00e9xito en su caso.<\/p>\n<p>Ll\u00e1menos al <a href=\"tel:2256234626\">(225) 623-4626<\/a> o <a href=\"https:\/\/www.murphylawfirm.com\/es\/pongase-en-contacto-con\/\">programe una consulta GRATUITA en l\u00ednea<\/a>. Si se encuentra en Baton Rouge, pase por nuestra oficina cerca de Denham Springs para hablar con un abogado calificado en Mesotelioma para discutir su caso. \u00a1Incluso si no se encuentra en el \u00e1rea de Baton Rouge, el bufete de abogados Murphy se acercar\u00e1 a usted y luchar\u00e1 para obtener la compensaci\u00f3n y la atenci\u00f3n m\u00e9dica que necesita y merece!<\/p>","protected":false},"excerpt":{"rendered":"<p>Mesothelioma and Your Legal Rights Information &amp; What To Do Mesothelioma is a form of cancer that originates from asbestos exposure. Since it takes a high degree of exposure to contract mesothelioma, it is usually only people who have worked in high-risk mesothelioma occupations who contract the illness. Symptoms of mesothelioma can include shortness of &hellip; <\/p>\n<p class=\"link-more\"><a href=\"https:\/\/www.murphylawfirm.com\/es\/mass-tort\/mesothelioma\/symptoms\/\" class=\"more-link\">Seguir leyendo<span class=\"screen-reader-text\"> &#8220;Symptoms of Mesothelioma&#8221;<\/span><\/a><\/p>","protected":false},"author":1,"featured_media":0,"parent":376,"menu_order":0,"comment_status":"closed","ping_status":"closed","template":"","meta":{"_acf_changed":false,"footnotes":""},"class_list":["post-562","page","type-page","status-publish","hentry","entry"],"acf":[],"yoast_head":"<!-- This site is optimized with the Yoast SEO plugin v27.4 - https:\/\/yoast.com\/product\/yoast-seo-wordpress\/ -->\n<title>Symptoms of Mesothelioma - Murphy Law Firm<\/title>\n<meta name=\"description\" content=\"Learn about common mesothelioma symptoms caused by asbestos exposure. Murphy Law Firm helps victims in Baton Rouge and Louisiana seek justice.\" \/>\n<meta name=\"robots\" content=\"index, follow, max-snippet:-1, max-image-preview:large, max-video-preview:-1\" \/>\n<link rel=\"canonical\" href=\"https:\/\/www.murphylawfirm.com\/es\/responsabilidad-civil-masiva\/mesotelioma\/sintomas\/\" \/>\n<meta property=\"og:locale\" content=\"es_MX\" \/>\n<meta property=\"og:type\" content=\"article\" \/>\n<meta property=\"og:title\" content=\"Symptoms of Mesothelioma - Murphy Law Firm\" \/>\n<meta property=\"og:description\" content=\"Learn about common mesothelioma symptoms caused by asbestos exposure. Murphy Law Firm helps victims in Baton Rouge and Louisiana seek justice.\" \/>\n<meta property=\"og:url\" content=\"https:\/\/www.murphylawfirm.com\/es\/responsabilidad-civil-masiva\/mesotelioma\/sintomas\/\" \/>\n<meta property=\"og:site_name\" content=\"Murphy Law Firm\" \/>\n<meta property=\"article:publisher\" content=\"https:\/\/www.facebook.com\/MurphyLawFirm225\/\" \/>\n<meta property=\"article:modified_time\" content=\"2025-03-12T17:54:52+00:00\" \/>\n<meta property=\"og:image\" content=\"https:\/\/www.murphylawfirm.com\/wp-content\/uploads\/2024\/11\/symptoms-of-mesothelioma.webp\" \/>\n<meta name=\"twitter:card\" content=\"summary_large_image\" \/>\n<meta name=\"twitter:site\" content=\"@murphylawfirm225\" \/>\n<meta name=\"twitter:label1\" content=\"Tiempo de lectura\" \/>\n\t<meta name=\"twitter:data1\" content=\"4 minutos\" \/>\n<!-- \/ Yoast SEO plugin. -->","yoast_head_json":{"title":"S\u00edntomas del mesotelioma - Murphy Law Firm","description":"Conozca los s\u00edntomas comunes del mesotelioma causados por la exposici\u00f3n al amianto. Murphy Law Firm ayuda a las v\u00edctimas en Baton Rouge y Louisiana buscar justicia.","robots":{"index":"index","follow":"follow","max-snippet":"max-snippet:-1","max-image-preview":"max-image-preview:large","max-video-preview":"max-video-preview:-1"},"canonical":"https:\/\/www.murphylawfirm.com\/es\/responsabilidad-civil-masiva\/mesotelioma\/sintomas\/","og_locale":"es_MX","og_type":"article","og_title":"Symptoms of Mesothelioma - Murphy Law Firm","og_description":"Learn about common mesothelioma symptoms caused by asbestos exposure. Murphy Law Firm helps victims in Baton Rouge and Louisiana seek justice.","og_url":"https:\/\/www.murphylawfirm.com\/es\/responsabilidad-civil-masiva\/mesotelioma\/sintomas\/","og_site_name":"Murphy Law Firm","article_publisher":"https:\/\/www.facebook.com\/MurphyLawFirm225\/","article_modified_time":"2025-03-12T17:54:52+00:00","og_image":[{"url":"https:\/\/www.murphylawfirm.com\/wp-content\/uploads\/2024\/11\/symptoms-of-mesothelioma.webp","type":"","width":"","height":""}],"twitter_card":"summary_large_image","twitter_site":"@murphylawfirm225","twitter_misc":{"Tiempo de lectura":"4 minutos"},"schema":{"@context":"https:\/\/schema.org","@graph":[{"@type":"WebPage","@id":"https:\/\/www.murphylawfirm.com\/mass-tort\/mesothelioma\/symptoms\/","url":"https:\/\/www.murphylawfirm.com\/mass-tort\/mesothelioma\/symptoms\/","name":"S\u00edntomas del mesotelioma - Murphy Law Firm","isPartOf":{"@id":"https:\/\/www.murphylawfirm.com\/#website"},"primaryImageOfPage":{"@id":"https:\/\/www.murphylawfirm.com\/mass-tort\/mesothelioma\/symptoms\/#primaryimage"},"image":{"@id":"https:\/\/www.murphylawfirm.com\/mass-tort\/mesothelioma\/symptoms\/#primaryimage"},"thumbnailUrl":"https:\/\/www.murphylawfirm.com\/wp-content\/uploads\/2024\/11\/symptoms-of-mesothelioma.webp","datePublished":"2024-04-17T10:04:24+00:00","dateModified":"2025-03-12T17:54:52+00:00","description":"Conozca los s\u00edntomas comunes del mesotelioma causados por la exposici\u00f3n al amianto. Murphy Law Firm ayuda a las v\u00edctimas en Baton Rouge y Louisiana buscar justicia.","breadcrumb":{"@id":"https:\/\/www.murphylawfirm.com\/mass-tort\/mesothelioma\/symptoms\/#breadcrumb"},"inLanguage":"es","potentialAction":[{"@type":"ReadAction","target":["https:\/\/www.murphylawfirm.com\/mass-tort\/mesothelioma\/symptoms\/"]}]},{"@type":"ImageObject","inLanguage":"es","@id":"https:\/\/www.murphylawfirm.com\/mass-tort\/mesothelioma\/symptoms\/#primaryimage","url":"https:\/\/www.murphylawfirm.com\/wp-content\/uploads\/2024\/11\/symptoms-of-mesothelioma.webp","contentUrl":"https:\/\/www.murphylawfirm.com\/wp-content\/uploads\/2024\/11\/symptoms-of-mesothelioma.webp"},{"@type":"BreadcrumbList","@id":"https:\/\/www.murphylawfirm.com\/mass-tort\/mesothelioma\/symptoms\/#breadcrumb","itemListElement":[{"@type":"ListItem","position":1,"name":"Home","item":"https:\/\/www.murphylawfirm.com\/"},{"@type":"ListItem","position":2,"name":"Baton Rouge Mass Tort Lawyer","item":"https:\/\/www.murphylawfirm.com\/mass-tort\/"},{"@type":"ListItem","position":3,"name":"Baton Rouge Mesothelioma Lawyer","item":"https:\/\/www.murphylawfirm.com\/mass-tort\/mesothelioma\/"},{"@type":"ListItem","position":4,"name":"Symptoms of Mesothelioma"}]},{"@type":"WebSite","@id":"https:\/\/www.murphylawfirm.com\/#website","url":"https:\/\/www.murphylawfirm.com\/","name":"Bufete Murphy","description":"","publisher":{"@id":"https:\/\/www.murphylawfirm.com\/#organization"},"potentialAction":[{"@type":"SearchAction","target":{"@type":"EntryPoint","urlTemplate":"https:\/\/www.murphylawfirm.com\/?s={search_term_string}"},"query-input":{"@type":"PropertyValueSpecification","valueRequired":true,"valueName":"search_term_string"}}],"inLanguage":"es"},{"@type":"Organization","@id":"https:\/\/www.murphylawfirm.com\/#organization","name":"Bufete Murphy","alternateName":"Murphy Law Firm","url":"https:\/\/www.murphylawfirm.com\/","logo":{"@type":"ImageObject","inLanguage":"es","@id":"https:\/\/www.murphylawfirm.com\/#\/schema\/logo\/image\/","url":"https:\/\/www.murphylawfirm.com\/wp-content\/uploads\/2024\/05\/murphy.jpg","contentUrl":"https:\/\/www.murphylawfirm.com\/wp-content\/uploads\/2024\/05\/murphy.jpg","width":309,"height":79,"caption":"Murphy Law Firm"},"image":{"@id":"https:\/\/www.murphylawfirm.com\/#\/schema\/logo\/image\/"},"sameAs":["https:\/\/www.facebook.com\/MurphyLawFirm225\/","https:\/\/x.com\/murphylawfirm225","https:\/\/www.instagram.com\/murphylawfirm225\/","https:\/\/www.linkedin.com\/in\/murphy-law-firm-peyton-murphy\/","https:\/\/maps.app.goo.gl\/WCtGDyEwg1JYgwZ87","https:\/\/www.yelp.com\/biz\/murphy-law-firm-baton-rouge-3","https:\/\/www.mapquest.com\/us\/louisiana\/murphy-law-firm-284707425","https:\/\/www.lawinfo.com\/lawfirm\/louisiana\/baton-rouge\/murphy-law-firm-llc\/97a2f249-3b83-4255-b82a-f62955d76970.html","https:\/\/www.hg.org\/attorney\/murphy-law-firm-llc\/68580","https:\/\/lawyers.findlaw.com\/louisiana\/baton-rouge\/2388680_1\/","https:\/\/www.bbb.org\/us\/la\/baton-rouge\/profile\/lawyers\/murphy-law-firm-llc-0835-12003342","https:\/\/www.lawyers.com\/baton-rouge\/louisiana\/murphy-law-firm-42910679-f\/","https:\/\/nextdoor.com\/pages\/murphy-law-firm-llc\/","https:\/\/www.lawyer4criminaldefense.com\/criminal-defense-lawyers\/listing\/b637fd75d4bc11b1a32273b847ba8a37\/","https:\/\/www.expertise.com\/legal\/slip-and-fall-lawyers\/louisiana\/baton-rouge","https:\/\/www.youtube.com\/@MurphyLawFirmBatonRouge"]}]}},"_links":{"self":[{"href":"https:\/\/www.murphylawfirm.com\/es\/wp-json\/wp\/v2\/pages\/562","targetHints":{"allow":["GET"]}}],"collection":[{"href":"https:\/\/www.murphylawfirm.com\/es\/wp-json\/wp\/v2\/pages"}],"about":[{"href":"https:\/\/www.murphylawfirm.com\/es\/wp-json\/wp\/v2\/types\/page"}],"author":[{"embeddable":true,"href":"https:\/\/www.murphylawfirm.com\/es\/wp-json\/wp\/v2\/users\/1"}],"replies":[{"embeddable":true,"href":"https:\/\/www.murphylawfirm.com\/es\/wp-json\/wp\/v2\/comments?post=562"}],"version-history":[{"count":14,"href":"https:\/\/www.murphylawfirm.com\/es\/wp-json\/wp\/v2\/pages\/562\/revisions"}],"predecessor-version":[{"id":6077,"href":"https:\/\/www.murphylawfirm.com\/es\/wp-json\/wp\/v2\/pages\/562\/revisions\/6077"}],"up":[{"embeddable":true,"href":"https:\/\/www.murphylawfirm.com\/es\/wp-json\/wp\/v2\/pages\/376"}],"wp:attachment":[{"href":"https:\/\/www.murphylawfirm.com\/es\/wp-json\/wp\/v2\/media?parent=562"}],"curies":[{"name":"wp","href":"https:\/\/api.w.org\/{rel}","templated":true}]}}