{"id":572,"date":"2024-04-17T10:21:32","date_gmt":"2024-04-17T10:21:32","guid":{"rendered":"https:\/\/www.murphylawfirm.com\/?page_id=572"},"modified":"2025-03-12T18:18:48","modified_gmt":"2025-03-12T18:18:48","slug":"nexium-ppi","status":"publish","type":"page","link":"https:\/\/www.murphylawfirm.com\/es\/mass-tort\/dangerous-drugs\/nexium-ppi\/","title":{"rendered":"Baton Rouge Nexium (IBP) Abogado"},"content":{"rendered":"<div id=\"ez-toc-container\" class=\"ez-toc-v2_0_82_2 counter-hierarchy ez-toc-counter ez-toc-transparent ez-toc-container-direction\">\n<div class=\"ez-toc-title-container\">\n<p class=\"ez-toc-title ez-toc-toggle\" style=\"cursor:pointer\">\u00cdndice<\/p>\n<span class=\"ez-toc-title-toggle\"><a href=\"#\" class=\"ez-toc-pull-right ez-toc-btn ez-toc-btn-xs ez-toc-btn-default ez-toc-toggle\" aria-label=\"Toggle Table of Content\"><span class=\"ez-toc-js-icon-con\"><span class=\"\"><span class=\"eztoc-hide\" style=\"display:none;\">Toggle<\/span><span class=\"ez-toc-icon-toggle-span\"><svg style=\"fill: #999;color:#999\" xmlns=\"http:\/\/www.w3.org\/2000\/svg\" class=\"list-377408\" width=\"20px\" height=\"20px\" viewbox=\"0 0 24 24\" fill=\"none\"><path d=\"M6 6H4v2h2V6zm14 0H8v2h12V6zM4 11h2v2H4v-2zm16 0H8v2h12v-2zM4 16h2v2H4v-2zm16 0H8v2h12v-2z\" fill=\"currentColor\"><\/path><\/svg><svg style=\"fill: #999;color:#999\" class=\"arrow-unsorted-368013\" xmlns=\"http:\/\/www.w3.org\/2000\/svg\" width=\"10px\" height=\"10px\" viewbox=\"0 0 24 24\" version=\"1.2\" baseprofile=\"tiny\"><path d=\"M18.2 9.3l-6.2-6.3-6.2 6.3c-.2.2-.3.4-.3.7s.1.5.3.7c.2.2.4.3.7.3h11c.3 0 .5-.1.7-.3.2-.2.3-.5.3-.7s-.1-.5-.3-.7zM5.8 14.7l6.2 6.3 6.2-6.3c.2-.2.3-.5.3-.7s-.1-.5-.3-.7c-.2-.2-.4-.3-.7-.3h-11c-.3 0-.5.1-.7.3-.2.2-.3.5-.3.7s.1.5.3.7z\"\/><\/svg><\/span><\/span><\/span><\/a><\/span><\/div>\n<nav><ul class='ez-toc-list ez-toc-list-level-1 eztoc-toggle-hide-by-default' ><li class='ez-toc-page-1 ez-toc-heading-level-2'><a class=\"ez-toc-link ez-toc-heading-1\" href=\"https:\/\/www.murphylawfirm.com\/es\/mass-tort\/dangerous-drugs\/nexium-ppi\/#baton-rouge-nexium-attorney\" >Baton Rouge Nexium Abogado<\/a><ul class='ez-toc-list-level-3' ><li class='ez-toc-heading-level-3'><a class=\"ez-toc-link ez-toc-heading-2\" href=\"https:\/\/www.murphylawfirm.com\/es\/mass-tort\/dangerous-drugs\/nexium-ppi\/#what-is-nexium\" >\u00bfQu\u00e9 es Nexium?<\/a><\/li><li class='ez-toc-page-1 ez-toc-heading-level-3'><a class=\"ez-toc-link ez-toc-heading-3\" href=\"https:\/\/www.murphylawfirm.com\/es\/mass-tort\/dangerous-drugs\/nexium-ppi\/#what-do-we-use-it-for\" >\u00bfPara qu\u00e9 lo utilizamos?<\/a><\/li><li class='ez-toc-page-1 ez-toc-heading-level-3'><a class=\"ez-toc-link ez-toc-heading-4\" href=\"https:\/\/www.murphylawfirm.com\/es\/mass-tort\/dangerous-drugs\/nexium-ppi\/#side-effects\" >Efectos secundarios<\/a><\/li><li class='ez-toc-page-1 ez-toc-heading-level-3'><a class=\"ez-toc-link ez-toc-heading-5\" href=\"https:\/\/www.murphylawfirm.com\/es\/mass-tort\/dangerous-drugs\/nexium-ppi\/#nexium-and-product-liability-claims\" >Nexium y las demandas por responsabilidad civil por productos defectuosos<\/a><\/li><li class='ez-toc-page-1 ez-toc-heading-level-3'><a class=\"ez-toc-link ez-toc-heading-6\" href=\"https:\/\/www.murphylawfirm.com\/es\/mass-tort\/dangerous-drugs\/nexium-ppi\/#get-help-from-a-personal-injury-lawyer\" >Obtenga ayuda de un abogado especializado en lesiones personales<\/a><\/li><li class='ez-toc-page-1 ez-toc-heading-level-3'><a class=\"ez-toc-link ez-toc-heading-7\" href=\"https:\/\/www.murphylawfirm.com\/es\/mass-tort\/dangerous-drugs\/nexium-ppi\/#faqs\" >Preguntas frecuentes<\/a><\/li><li class='ez-toc-page-1 ez-toc-heading-level-3'><a class=\"ez-toc-link ez-toc-heading-8\" href=\"https:\/\/www.murphylawfirm.com\/es\/mass-tort\/dangerous-drugs\/nexium-ppi\/#build-a-case-for-your-nexium-related-issues\" >Argumente sus problemas relacionados con Nexium<\/a><\/li><\/ul><\/li><\/ul><\/nav><\/div>\n<h2><span class=\"ez-toc-section\" id=\"baton-rouge-nexium-attorney\"><\/span>Baton Rouge Nexium Abogado<span class=\"ez-toc-section-end\"><\/span><\/h2>\n<p>El Nexium es un medicamento muy com\u00fan y muchas personas dependen de \u00e9l en su vida diaria. Trata muchos tipos diferentes de afecciones, pero existen efectos secundarios potenciales que algunas personas desconoc\u00edan antes de tomar el f\u00e1rmaco. Si usted ha sido v\u00edctima de problemas renales despu\u00e9s de tomar Nexium, podr\u00eda ser prudente trabajar con un <strong>experto<\/strong> <strong>Baton Rouge Nexium abogado<\/strong> en <a href=\"https:\/\/www.murphylawfirm.com\/es\/nuestro-equipo\/\">Bufete Murphy<\/a> para presentar una reclamaci\u00f3n de responsabilidad por productos defectuosos.<\/p>\n<h3><span class=\"ez-toc-section\" id=\"what-is-nexium\"><\/span>\u00bfQu\u00e9 es Nexium?<span class=\"ez-toc-section-end\"><\/span><\/h3>\n<p><strong>Informaci\u00f3n y qu\u00e9 hacer<\/strong><\/p>\n<p>\u00bfQu\u00e9 es Nexium? Nexium es un inhibidor de la bomba de protones (IBP). Es uno de los medicamentos m\u00e1s vendidos en todo el mundo. Se utiliza para reducir la secreci\u00f3n de \u00e1cido estomacal.<\/p>\n<p>Tambi\u00e9n afecta a las c\u00e9lulas parietales de la pared del est\u00f3mago. Estas c\u00e9lulas segregan \u00e1cido clorh\u00eddrico y factor intr\u00ednseco. El factor intr\u00ednseco es un factor muy importante en la absorci\u00f3n de la vitamina B12.<\/p>\n<h3><span class=\"ez-toc-section\" id=\"what-do-we-use-it-for\"><\/span>\u00bfPara qu\u00e9 lo utilizamos?<span class=\"ez-toc-section-end\"><\/span><\/h3>\n<p>Nexium se utiliza para muchas afecciones. La dispepsia y la indigesti\u00f3n son afecciones comunes que Nexium trata. Afecciones como la \u00falcera p\u00e9ptica, la enfermedad por reflujo gastroesof\u00e1gico y el s\u00edndrome de Zollinger-Ellison son afecciones menos comunes que Nexium tambi\u00e9n puede tratar. Los pacientes que toman antiinflamatorios no esteroideos tambi\u00e9n pueden utilizar Nexium.<\/p>\n<p>Se ha dicho que los AINE pueden producir \u00falceras estomacales, por lo que se recomienda Nexium porque evita que se formen las \u00falceras. Adem\u00e1s de Nexium, existen otros IBP. Est\u00e1n Aciphex, Zegerid, Prilosec, Protonix y Prevacid. Aunque los efectos de Nexium sobre los s\u00edntomas leves son comparables a los de otros f\u00e1rmacos, se dice que es m\u00e1s eficaz que otros <a href=\"https:\/\/www.murphylawfirm.com\/es\/responsabilidad-civil-masiva\/drogas-peligrosas\/\">drogas peligrosas<\/a> para los s\u00edntomas m\u00e1s graves. Tambi\u00e9n mejora las tasas de curaci\u00f3n esof\u00e1gica.<\/p>\n<h3><span class=\"ez-toc-section\" id=\"side-effects\"><\/span>Efectos secundarios<span class=\"ez-toc-section-end\"><\/span><\/h3>\n<p>Nexium tiene muchos efectos secundarios. Algunos son frecuentes y otros no tanto.<strong> Los m\u00e1s comunes son dolores de cabeza, diarrea, n\u00e1useas, flatulencia, disminuci\u00f3n del apetito, sequedad de boca, estre\u00f1imiento y dolor abdominal.<\/strong> Los efectos secundarios menos frecuentes van desde reacciones al\u00e9rgicas y orina oscura hasta espasmos musculares y convulsiones. Si alguien presenta alguno de estos s\u00edntomas, debe ponerse en contacto con un m\u00e9dico inmediatamente.<\/p>\n<p>Adem\u00e1s de los efectos secundarios, Nexium tambi\u00e9n conlleva bastantes riesgos. Estos riesgos incluyen fractura de cadera, da\u00f1o renal, p\u00f3lipos y neumon\u00eda e infecci\u00f3n por clostridium difficile. La sobredosis es tambi\u00e9n algo que puede ocurrir cuando se consume Nexium. Los resultados de la sobredosis son confusi\u00f3n, somnolencia, problemas de visi\u00f3n, n\u00e1useas, sudoraci\u00f3n, dolores de cabeza, sequedad de boca y taquicardia.<\/p>\n<h3><span class=\"ez-toc-section\" id=\"nexium-and-product-liability-claims\"><\/span>Nexium y las demandas por responsabilidad civil por productos defectuosos<span class=\"ez-toc-section-end\"><\/span><\/h3>\n<p>Una demanda de responsabilidad civil por Nexium implica responsabilizar a AstraZeneca por los da\u00f1os causados al no informar al p\u00fablico sobre los posibles problemas renales derivados de la toma del medicamento. En lugar de ofrecer esta informaci\u00f3n a trav\u00e9s de las etiquetas, instrucciones o advertencias del producto, la compa\u00f1\u00eda no proporcion\u00f3 esta informaci\u00f3n, abri\u00e9ndose a acciones legales en su contra. Esto significa que usted podr\u00eda tener una <a href=\"https:\/\/www.murphylawfirm.com\/es\/responsabilidad-civil-masiva\/productos-peligrosos\/\">reclamaci\u00f3n de responsabilidad por productos defectuosos<\/a> despu\u00e9s de tomar Nexium.<\/p>\n<h3><span class=\"ez-toc-section\" id=\"get-help-from-a-personal-injury-lawyer\"><\/span>Obtenga ayuda de un abogado especializado en lesiones personales<span class=\"ez-toc-section-end\"><\/span><\/h3>\n<p>Si usted o un ser querido se ha visto afectado como resultado de tomar Nexium, podr\u00eda tener una reclamaci\u00f3n por lesiones personales. Nuestro dedicado equipo de abogados de lesiones personales en el bufete de abogados Murphy est\u00e1 aqu\u00ed para ayudarle a entender sus derechos y luchar por la m\u00e1xima compensaci\u00f3n en su nombre.<\/p>\n<p>No espere para ponerse en contacto con nosotros. Dar a nuestro equipo de abogados de lesiones personales una llamada al (225) 928-8800 o <a href=\"https:\/\/www.murphylawfirm.com\/es\/pongase-en-contacto-con\/\">programe una consulta GRATUITA en l\u00ednea<\/a>. Si est\u00e1s en <a href=\"https:\/\/en.wikipedia.org\/wiki\/Baton_Rouge,_Louisiana\" target=\"_blank\" rel=\"noopener\">Baton Rouge<\/a>Pase por nuestra oficina para hablar con nuestros abogados. Si no se encuentra en Baton Rouge, \u00a1nosotros iremos a verle!<\/p>\n<h3><span class=\"ez-toc-section\" id=\"faqs\"><\/span>Preguntas frecuentes<span class=\"ez-toc-section-end\"><\/span><\/h3>\n<div class=\"accsec-ritcnt accordion\">\n<div class=\"accordion-section\">\n<h4><a class=\"accordion-section-title\" href=\"#accordion-1\">P: \u00bfC\u00f3mo presento una reclamaci\u00f3n por Nexium?<\/a><\/h4>\n<div id=\"accordion-1\" class=\"accordion-section-content open\">\n<p><strong>A:<\/strong> Para presentar una reclamaci\u00f3n por Nexium, hable con un abogado para examinar sus opciones legales. Un abogado que entienda de reclamaciones m\u00e9dicas complicadas puede calcular la cantidad que podr\u00eda recuperar en una reclamaci\u00f3n. Tambi\u00e9n puede ayudarle a reunir las pruebas necesarias, como historiales m\u00e9dicos, y asistirle durante todo el proceso legal. Si es posible, pueden incluso reunir pruebas mediante el testimonio m\u00e9dico profesional de profesionales sanitarios, como m\u00e9dicos.<\/p>\n<\/div>\n<\/div>\n<div class=\"accordion-section\">\n<h4><a class=\"accordion-section-title\" href=\"#accordion-2\">P: \u00bfTiene Nexium efectos a largo plazo?<\/a><\/h4>\n<div id=\"accordion-2\" class=\"accordion-section-content open\">\n<p><strong>A:<\/strong> La toma de Nexium puede tener efectos a largo plazo en algunas personas. Algunas personas experimentan mareos, latidos irregulares del coraz\u00f3n, temblores o sacudidas, o calambres musculares debido a los bajos niveles de magnesio. <strong>Tambi\u00e9n podr\u00eda provocar problemas renales que podr\u00edan manifestarse en:<\/strong><\/p>\n<ul>\n<li>Fiebre<\/li>\n<li>Erupci\u00f3n<\/li>\n<li>Problemas digestivos, como n\u00e1useas<\/li>\n<li>Problemas con la orina<\/li>\n<\/ul>\n<p>Si experimenta estos s\u00edntomas y ha tomado Nexium con regularidad, acuda al m\u00e9dico para que le examine.<\/p>\n<\/div>\n<\/div>\n<div class=\"accordion-section\">\n<h4><a class=\"accordion-section-title\" href=\"#accordion-3\">P: \u00bfQui\u00e9n es responsable en una reclamaci\u00f3n por Nexium?<\/a><\/h4>\n<div id=\"accordion-3\" class=\"accordion-section-content open\">\n<p><strong>A:<\/strong> La parte responsable en una reclamaci\u00f3n por Nexium suele ser el fabricante, AstraZeneca. Las personas que presentan estas demandas alegan que la empresa no advirti\u00f3 a los consumidores sobre los posibles problemas renales derivados de la toma del producto, lo que se considera un defecto de comercializaci\u00f3n. Debido a este defecto, muchas personas no se dieron cuenta de que el medicamento pod\u00eda causar da\u00f1os en los ri\u00f1ones. Para presentar una demanda por Nexium, hable con un abogado para saber c\u00f3mo iniciar el proceso.<\/p>\n<\/div>\n<\/div>\n<div class=\"accordion-section\">\n<h4><a class=\"accordion-section-title\" href=\"#accordion-4\">P: \u00bfA qu\u00e9 \u00f3rganos afecta Nexium?<\/a><\/h4>\n<div id=\"accordion-4\" class=\"accordion-section-content open\">\n<p><strong>A:<\/strong> Nexium afecta a muchos \u00f3rganos diferentes del cuerpo. Se utiliza principalmente para reducir la cantidad de \u00e1cido estomacal, por lo que se sabe que afecta a los \u00f3rganos del aparato digestivo. Sin embargo, Nexium tambi\u00e9n puede afectar a los ri\u00f1ones y al sistema renal, como se ha demostrado en nuevas investigaciones. Esto es especialmente cierto si una persona toma Nexium durante un largo periodo de tiempo. Los s\u00edntomas tambi\u00e9n pueden afectar a las articulaciones, los m\u00fasculos y el sistema \u00f3seo.<\/p>\n<\/div>\n<\/div>\n<\/div>\n<h3><span class=\"ez-toc-section\" id=\"build-a-case-for-your-nexium-related-issues\"><\/span>Argumente sus problemas relacionados con Nexium<span class=\"ez-toc-section-end\"><\/span><\/h3>\n<p>Presentar una reclamaci\u00f3n por responsabilidad civil por productos defectuosos puede ser un paso importante para obtener una indemnizaci\u00f3n por sus problemas. Si ha sufrido problemas renales u otros efectos secundarios relacionados despu\u00e9s de usar Nexium, act\u00fae r\u00e1pido para mejorar sus posibilidades. <a href=\"https:\/\/www.murphylawfirm.com\/es\/pongase-en-contacto-con\/\">Concertar una consulta<\/a> con Murphy Law Firm hoy para ayudarle a construir un caso fuerte. Nuestro equipo legal est\u00e1 aqu\u00ed para apoyarlo en el proceso.<\/p>","protected":false},"excerpt":{"rendered":"<p>Baton Rouge Nexium Attorney Nexium is a very common drug, and many people rely on it in their everyday lives. It treats many different types of conditions, but there are potential side effects that some people didn&#8217;t know about before taking the drug. If you\u2019ve been a victim of kidney issues after taking Nexium, it &hellip; <\/p>\n<p class=\"link-more\"><a href=\"https:\/\/www.murphylawfirm.com\/es\/mass-tort\/dangerous-drugs\/nexium-ppi\/\" class=\"more-link\">Seguir leyendo<span class=\"screen-reader-text\"> &#8220;Baton Rouge Nexium (PPI) Lawyer&#8221;<\/span><\/a><\/p>","protected":false},"author":1,"featured_media":0,"parent":370,"menu_order":0,"comment_status":"closed","ping_status":"closed","template":"","meta":{"_acf_changed":false,"footnotes":""},"class_list":["post-572","page","type-page","status-publish","hentry","entry"],"acf":[],"yoast_head":"<!-- This site is optimized with the Yoast SEO plugin v27.4 - https:\/\/yoast.com\/product\/yoast-seo-wordpress\/ -->\n<title>Baton Rouge Nexium Lawyer - Free Consultation<\/title>\n<meta name=\"description\" content=\"If you or someone you love has been affected as a result of taking Nexium, you could have a personal injury claim. Our dedicated team of personal injury lawyers at the Murphy Law Firm is here to help you.\" \/>\n<meta name=\"robots\" content=\"index, follow, max-snippet:-1, max-image-preview:large, max-video-preview:-1\" \/>\n<link rel=\"canonical\" href=\"https:\/\/www.murphylawfirm.com\/es\/responsabilidad-civil-masiva\/drogas-peligrosas\/nexium-ppi\/\" \/>\n<meta property=\"og:locale\" content=\"es_MX\" \/>\n<meta property=\"og:type\" content=\"article\" \/>\n<meta property=\"og:title\" content=\"Baton Rouge Nexium Lawyer - Free Consultation\" \/>\n<meta property=\"og:description\" content=\"If you or someone you love has been affected as a result of taking Nexium, you could have a personal injury claim. Our dedicated team of personal injury lawyers at the Murphy Law Firm is here to help you.\" \/>\n<meta property=\"og:url\" content=\"https:\/\/www.murphylawfirm.com\/es\/responsabilidad-civil-masiva\/drogas-peligrosas\/nexium-ppi\/\" \/>\n<meta property=\"og:site_name\" content=\"Murphy Law Firm\" \/>\n<meta property=\"article:publisher\" content=\"https:\/\/www.facebook.com\/MurphyLawFirm225\/\" \/>\n<meta property=\"article:modified_time\" content=\"2025-03-12T18:18:48+00:00\" \/>\n<meta name=\"twitter:card\" content=\"summary_large_image\" \/>\n<meta name=\"twitter:site\" content=\"@murphylawfirm225\" \/>\n<meta name=\"twitter:label1\" content=\"Tiempo de lectura\" \/>\n\t<meta name=\"twitter:data1\" content=\"5 minutos\" \/>\n<!-- \/ Yoast SEO plugin. -->","yoast_head_json":{"title":"Baton Rouge Nexium Abogado - Consulta Gratuita","description":"Si usted o un ser querido se ha visto afectado como resultado de tomar Nexium, podr\u00eda tener una reclamaci\u00f3n por lesiones personales. Nuestro dedicado equipo de abogados de lesiones personales en el bufete de abogados Murphy est\u00e1 aqu\u00ed para ayudarle.","robots":{"index":"index","follow":"follow","max-snippet":"max-snippet:-1","max-image-preview":"max-image-preview:large","max-video-preview":"max-video-preview:-1"},"canonical":"https:\/\/www.murphylawfirm.com\/es\/responsabilidad-civil-masiva\/drogas-peligrosas\/nexium-ppi\/","og_locale":"es_MX","og_type":"article","og_title":"Baton Rouge Nexium Lawyer - Free Consultation","og_description":"If you or someone you love has been affected as a result of taking Nexium, you could have a personal injury claim. Our dedicated team of personal injury lawyers at the Murphy Law Firm is here to help you.","og_url":"https:\/\/www.murphylawfirm.com\/es\/responsabilidad-civil-masiva\/drogas-peligrosas\/nexium-ppi\/","og_site_name":"Murphy Law Firm","article_publisher":"https:\/\/www.facebook.com\/MurphyLawFirm225\/","article_modified_time":"2025-03-12T18:18:48+00:00","twitter_card":"summary_large_image","twitter_site":"@murphylawfirm225","twitter_misc":{"Tiempo de lectura":"5 minutos"},"schema":{"@context":"https:\/\/schema.org","@graph":[{"@type":"WebPage","@id":"https:\/\/www.murphylawfirm.com\/mass-tort\/dangerous-drugs\/nexium-ppi\/","url":"https:\/\/www.murphylawfirm.com\/mass-tort\/dangerous-drugs\/nexium-ppi\/","name":"Baton Rouge Nexium Abogado - Consulta Gratuita","isPartOf":{"@id":"https:\/\/www.murphylawfirm.com\/#website"},"datePublished":"2024-04-17T10:21:32+00:00","dateModified":"2025-03-12T18:18:48+00:00","description":"Si usted o un ser querido se ha visto afectado como resultado de tomar Nexium, podr\u00eda tener una reclamaci\u00f3n por lesiones personales. Nuestro dedicado equipo de abogados de lesiones personales en el bufete de abogados Murphy est\u00e1 aqu\u00ed para ayudarle.","breadcrumb":{"@id":"https:\/\/www.murphylawfirm.com\/mass-tort\/dangerous-drugs\/nexium-ppi\/#breadcrumb"},"inLanguage":"es","potentialAction":[{"@type":"ReadAction","target":["https:\/\/www.murphylawfirm.com\/mass-tort\/dangerous-drugs\/nexium-ppi\/"]}]},{"@type":"BreadcrumbList","@id":"https:\/\/www.murphylawfirm.com\/mass-tort\/dangerous-drugs\/nexium-ppi\/#breadcrumb","itemListElement":[{"@type":"ListItem","position":1,"name":"Home","item":"https:\/\/www.murphylawfirm.com\/"},{"@type":"ListItem","position":2,"name":"Baton Rouge Mass Tort Lawyer","item":"https:\/\/www.murphylawfirm.com\/mass-tort\/"},{"@type":"ListItem","position":3,"name":"Baton Rouge Dangerous Drug Lawyer","item":"https:\/\/www.murphylawfirm.com\/mass-tort\/dangerous-drugs\/"},{"@type":"ListItem","position":4,"name":"Baton Rouge Nexium (PPI) Lawyer"}]},{"@type":"WebSite","@id":"https:\/\/www.murphylawfirm.com\/#website","url":"https:\/\/www.murphylawfirm.com\/","name":"Bufete Murphy","description":"","publisher":{"@id":"https:\/\/www.murphylawfirm.com\/#organization"},"potentialAction":[{"@type":"SearchAction","target":{"@type":"EntryPoint","urlTemplate":"https:\/\/www.murphylawfirm.com\/?s={search_term_string}"},"query-input":{"@type":"PropertyValueSpecification","valueRequired":true,"valueName":"search_term_string"}}],"inLanguage":"es"},{"@type":"Organization","@id":"https:\/\/www.murphylawfirm.com\/#organization","name":"Bufete Murphy","alternateName":"Murphy Law Firm","url":"https:\/\/www.murphylawfirm.com\/","logo":{"@type":"ImageObject","inLanguage":"es","@id":"https:\/\/www.murphylawfirm.com\/#\/schema\/logo\/image\/","url":"https:\/\/www.murphylawfirm.com\/wp-content\/uploads\/2024\/05\/murphy.jpg","contentUrl":"https:\/\/www.murphylawfirm.com\/wp-content\/uploads\/2024\/05\/murphy.jpg","width":309,"height":79,"caption":"Murphy Law Firm"},"image":{"@id":"https:\/\/www.murphylawfirm.com\/#\/schema\/logo\/image\/"},"sameAs":["https:\/\/www.facebook.com\/MurphyLawFirm225\/","https:\/\/x.com\/murphylawfirm225","https:\/\/www.instagram.com\/murphylawfirm225\/","https:\/\/www.linkedin.com\/in\/murphy-law-firm-peyton-murphy\/","https:\/\/maps.app.goo.gl\/WCtGDyEwg1JYgwZ87","https:\/\/www.yelp.com\/biz\/murphy-law-firm-baton-rouge-3","https:\/\/www.mapquest.com\/us\/louisiana\/murphy-law-firm-284707425","https:\/\/www.lawinfo.com\/lawfirm\/louisiana\/baton-rouge\/murphy-law-firm-llc\/97a2f249-3b83-4255-b82a-f62955d76970.html","https:\/\/www.hg.org\/attorney\/murphy-law-firm-llc\/68580","https:\/\/lawyers.findlaw.com\/louisiana\/baton-rouge\/2388680_1\/","https:\/\/www.bbb.org\/us\/la\/baton-rouge\/profile\/lawyers\/murphy-law-firm-llc-0835-12003342","https:\/\/www.lawyers.com\/baton-rouge\/louisiana\/murphy-law-firm-42910679-f\/","https:\/\/nextdoor.com\/pages\/murphy-law-firm-llc\/","https:\/\/www.lawyer4criminaldefense.com\/criminal-defense-lawyers\/listing\/b637fd75d4bc11b1a32273b847ba8a37\/","https:\/\/www.expertise.com\/legal\/slip-and-fall-lawyers\/louisiana\/baton-rouge","https:\/\/www.youtube.com\/@MurphyLawFirmBatonRouge"]}]}},"_links":{"self":[{"href":"https:\/\/www.murphylawfirm.com\/es\/wp-json\/wp\/v2\/pages\/572","targetHints":{"allow":["GET"]}}],"collection":[{"href":"https:\/\/www.murphylawfirm.com\/es\/wp-json\/wp\/v2\/pages"}],"about":[{"href":"https:\/\/www.murphylawfirm.com\/es\/wp-json\/wp\/v2\/types\/page"}],"author":[{"embeddable":true,"href":"https:\/\/www.murphylawfirm.com\/es\/wp-json\/wp\/v2\/users\/1"}],"replies":[{"embeddable":true,"href":"https:\/\/www.murphylawfirm.com\/es\/wp-json\/wp\/v2\/comments?post=572"}],"version-history":[{"count":11,"href":"https:\/\/www.murphylawfirm.com\/es\/wp-json\/wp\/v2\/pages\/572\/revisions"}],"predecessor-version":[{"id":6095,"href":"https:\/\/www.murphylawfirm.com\/es\/wp-json\/wp\/v2\/pages\/572\/revisions\/6095"}],"up":[{"embeddable":true,"href":"https:\/\/www.murphylawfirm.com\/es\/wp-json\/wp\/v2\/pages\/370"}],"wp:attachment":[{"href":"https:\/\/www.murphylawfirm.com\/es\/wp-json\/wp\/v2\/media?parent=572"}],"curies":[{"name":"wp","href":"https:\/\/api.w.org\/{rel}","templated":true}]}}