{"id":5868,"date":"2025-03-11T12:10:18","date_gmt":"2025-03-11T12:10:18","guid":{"rendered":"https:\/\/www.murphylawfirm.com\/?page_id=5868"},"modified":"2026-03-24T11:28:17","modified_gmt":"2026-03-24T11:28:17","slug":"kacia-cook","status":"publish","type":"page","link":"https:\/\/www.murphylawfirm.com\/es\/our-team\/kacia-cook\/","title":{"rendered":"Kacia Cook"},"content":{"rendered":"<h2>Kacia N. Cook<\/h2>\n<p><b>Abogado | Director del departamento de litigios colectivos<\/b><span style=\"font-weight: 400;\"><br \/>\n<strong>Tel\u00e9fono:<\/strong> <a href=\"tel:+12259288800\">(225) 928-8800<\/a><br \/>\n<strong>Correo electr\u00f3nico:<\/strong> <a href=\"mailto:Kacia@MurphyLawFirm.com\">Kacia@MurphyLawFirm.com<\/a><br \/>\n<strong>Oficina:<\/strong> <a href=\"https:\/\/maps.app.goo.gl\/dWEPTBZAAz9hVm499\" target=\"_blank\" rel=\"noopener noreferrer\">2354 S Acadian Thruway, 1 dormitorio y 3 ba\u00f1os, LA 70808<\/a><\/span><br \/>\n<strong>LinkedIn:<\/strong> <a href=\"https:\/\/www.linkedin.com\/in\/kacia-n-cook-76b058b9\" target=\"_blank\" rel=\"noopener\">Kacia N. Cook<\/a><\/p>\n<h2>Perfil profesional<\/h2>\n<p>Nacida y criada en la ciudad de Central, Louisiana, en la parroquia de East Baton Rouge, Kacia N. Cook ha dedicado su carrera a defender a las personas que han sufrido da\u00f1os a causa de productos y medicamentos defectuosos. Su pr\u00e1ctica se centra en litigios de responsabilidad por productos defectuosos relacionados con medicamentos, dispositivos m\u00e9dicos y productos defectuosos, con especial \u00e9nfasis en los litigios por da\u00f1os masivos y los litigios complejos.<\/p>\n<p>Kacia se licenci\u00f3 en la Universidad Southeastern Louisiana antes de obtener su t\u00edtulo de Juris Doctor en el Centro de Derecho de la Universidad Southern. Su carrera jur\u00eddica se basa en a\u00f1os de experiencia pr\u00e1ctica y en un profundo conocimiento de c\u00f3mo se desarrollan, evolucionan y defienden los casos complejos.<\/p>\n<p>Antes de convertirse en abogada, Kacia adquiri\u00f3 una s\u00f3lida base jur\u00eddica gracias a sus 15 a\u00f1os de experiencia como asistente legal en un bufete especializado en defensa. Esa experiencia le proporcion\u00f3 una valiosa perspectiva sobre c\u00f3mo se eval\u00faan los casos desde ambas partes y le permite orientar a sus clientes con expectativas realistas a lo largo de todo el proceso legal.<\/p>\n<p>En el bufete Murphy Law Firm, Kacia se encarga de litigios por da\u00f1os masivos, responsabilidad por productos defectuosos, medicamentos y dispositivos m\u00e9dicos defectuosos, demandas colectivas y litigios complejos. Aborda su trabajo con concentraci\u00f3n, tenacidad y un profundo compromiso por ayudar a los clientes a obtener justicia en asuntos de gran importancia.<\/p>\n<h2>Compromiso con los clientes<\/h2>\n<p>Kacia es consciente de que los litigios por da\u00f1os masivos y los litigios complejos exigen atenci\u00f3n al detalle, organizaci\u00f3n y la capacidad de gestionar m\u00faltiples aspectos simult\u00e1neamente. Se desenvuelve con soltura en ese entorno din\u00e1mico y aplica un enfoque disciplinado y centrado en el cliente a cada caso que lleva.<\/p>\n<p>Su experiencia en el \u00e1mbito de la defensa le proporciona una perspectiva \u00fanica a la hora de evaluar reclamaciones y anticipar posibles dificultades. Los clientes que trabajan con Kacia pueden contar con una gesti\u00f3n minuciosa de sus casos, una comunicaci\u00f3n sincera y una abogada comprometida con llevar adelante sus casos con esmero y precisi\u00f3n.<\/p>\n<h2>Acerca de Kacia Cook<\/h2>\n<h3>Premios y reconocimientos<\/h3>\n<ul>\n<li>Los 100 mejores abogados litigantes del pa\u00eds<\/li>\n<\/ul>\n<h3>Resumen de la experiencia<\/h3>\n<p>La experiencia de Kacia se centra en litigios civiles complejos, con especial \u00e9nfasis en asuntos relacionados con la responsabilidad por productos defectuosos y da\u00f1os masivos. Se ocupa de reclamaciones relacionadas con medicamentos defectuosos, dispositivos m\u00e9dicos defectuosos, productos defectuosos, acciones colectivas y otros asuntos litigiosos complejos.<\/p>\n<h3>\u00c1reas de pr\u00e1ctica<\/h3>\n<p><strong>Kacia se ocupa activamente de asuntos relacionados con:<\/strong><\/p>\n<ul>\n<li><a href=\"https:\/\/www.murphylawfirm.com\/es\/responsabilidad-civil-masiva\/\"><span style=\"font-weight: 400;\">Litigios por da\u00f1os masivos<\/span><\/a><\/li>\n<li><a href=\"https:\/\/www.murphylawfirm.com\/es\/baton-rouge-demandas-colectivas-abogado\/\"><span style=\"font-weight: 400;\">Demandas colectivas<\/span><\/a><\/li>\n<li><a href=\"https:\/\/www.murphylawfirm.com\/es\/responsabilidad-civil-masiva\/productos-peligrosos\/\"><span style=\"font-weight: 400;\">Litigios por responsabilidad por productos defectuosos<\/span><\/a><\/li>\n<li><a href=\"https:\/\/www.murphylawfirm.com\/es\/responsabilidad-civil-masiva\/drogas-peligrosas\/\"><span style=\"font-weight: 400;\">Medicamentos defectuosos<\/span><\/a><\/li>\n<li><a href=\"https:\/\/www.murphylawfirm.com\/es\/responsabilidad-civil-masiva\/productos-sanitarios-defectuosos\/\"><span style=\"font-weight: 400;\">Productos sanitarios defectuosos<\/span><\/a><\/li>\n<li><a href=\"https:\/\/www.murphylawfirm.com\/es\/baton-rouge-depo-provera-lawsuit-lawyer\/\"><span style=\"font-weight: 400;\">Demandas por Depo-Provera<\/span><\/a><\/li>\n<li><a href=\"https:\/\/www.murphylawfirm.com\/es\/responsabilidad-civil-masiva\/d-r-horton-demanda-colectiva\/\"><span style=\"font-weight: 400;\">Demandas colectivas contra D.R. Horton<\/span><\/a><\/li>\n<li><a href=\"https:\/\/www.murphylawfirm.com\/es\/baton-rouge-pfa-lawsuit-lawyer\/\"><span style=\"font-weight: 400;\">Demandas relacionadas con los PFAS \/ PFA<\/span><\/a><\/li>\n<li><a href=\"https:\/\/www.murphylawfirm.com\/es\/responsabilidad-civil-masiva\/mesotelioma\/\"><span style=\"font-weight: 400;\">Litigios por mesotelioma<\/span><\/a><\/li>\n<li><a href=\"https:\/\/www.murphylawfirm.com\/es\/responsabilidad-civil-masiva\/mesotelioma\/asbestosis\/\"><span style=\"font-weight: 400;\">Reclamaciones por asbestosis<\/span><\/a><\/li>\n<li><a href=\"https:\/\/www.murphylawfirm.com\/es\/responsabilidad-civil-masiva\/productos-peligrosos\/demandas-contra-roundup\/\"><span style=\"font-weight: 400;\">Demandas por Roundup<\/span><\/a><\/li>\n<li><a href=\"https:\/\/www.murphylawfirm.com\/es\/responsabilidad-civil-masiva\/productos-peligrosos\/talco-en-polvo\/\"><span style=\"font-weight: 400;\">Demandas relacionadas con el talco en polvo<\/span><\/a><\/li>\n<li><a href=\"https:\/\/www.murphylawfirm.com\/es\/responsabilidad-civil-masiva\/productos-peligrosos\/tapones-3m\/\"><span style=\"font-weight: 400;\">Demandas contra 3M por los tapones para los o\u00eddos<\/span><\/a><\/li>\n<li><a href=\"https:\/\/www.murphylawfirm.com\/es\/responsabilidad-civil-masiva\/productos-peligrosos\/philips-cpap-bi-pap-machines\/\"><span style=\"font-weight: 400;\">Demandas relacionadas con los aparatos CPAP y Bi-PAP de Philips<\/span><\/a><\/li>\n<li><a href=\"https:\/\/www.murphylawfirm.com\/es\/responsabilidad-civil-masiva\/productos-sanitarios-defectuosos\/implantes-mamarios-allergan\/\"><span style=\"font-weight: 400;\">Reclamaciones relacionadas con los implantes mamarios de Allergan<\/span><\/a><\/li>\n<li><a href=\"https:\/\/www.murphylawfirm.com\/es\/responsabilidad-civil-masiva\/productos-sanitarios-defectuosos\/sistema-de-rodilla-attune\/\"><span style=\"font-weight: 400;\">Afirmaciones sobre el sistema de rodilla Attune<\/span><\/a><\/li>\n<li><a href=\"https:\/\/www.murphylawfirm.com\/es\/responsabilidad-civil-masiva\/productos-sanitarios-defectuosos\/essure\/\"><span style=\"font-weight: 400;\">Reclamaciones relacionadas con Essure<\/span><\/a><\/li>\n<li><a href=\"https:\/\/www.murphylawfirm.com\/es\/responsabilidad-civil-masiva\/productos-sanitarios-defectuosos\/malla-de-hernia\/\"><span style=\"font-weight: 400;\">Reclamaciones por mallas para hernias<\/span><\/a><\/li>\n<li><a href=\"https:\/\/www.murphylawfirm.com\/es\/responsabilidad-civil-masiva\/productos-sanitarios-defectuosos\/filtros-ivc\/\"><span style=\"font-weight: 400;\">Reclamaciones relacionadas con los filtros IVC<\/span><\/a><\/li>\n<li><a href=\"https:\/\/www.murphylawfirm.com\/es\/responsabilidad-civil-masiva\/productos-sanitarios-defectuosos\/paragard-iud\/\"><span style=\"font-weight: 400;\">Reclamaciones relacionadas con el DIU ParaGard<\/span><\/a><\/li>\n<li><a href=\"https:\/\/www.murphylawfirm.com\/es\/responsabilidad-civil-masiva\/productos-sanitarios-defectuosos\/complicaciones-de-la-malla-transvaginal\/\"><span style=\"font-weight: 400;\">Complicaciones de la malla transvaginal<\/span><\/a><\/li>\n<li><a href=\"https:\/\/www.murphylawfirm.com\/es\/responsabilidad-civil-masiva\/drogas-peligrosas\/gadolinio\/\"><span style=\"font-weight: 400;\">Reclamaciones relacionadas con el gadolinio<\/span><\/a><\/li>\n<li><a href=\"https:\/\/www.murphylawfirm.com\/es\/responsabilidad-civil-masiva\/drogas-peligrosas\/nexium-ppi\/\"><span style=\"font-weight: 400;\">Reclamaciones relacionadas con Nexium \/ IBP<\/span><\/a><\/li>\n<li><a href=\"https:\/\/www.murphylawfirm.com\/es\/responsabilidad-civil-masiva\/drogas-peligrosas\/olmo\/\"><span style=\"font-weight: 400;\">Reclamaciones relacionadas con Elmiron<\/span><\/a><\/li>\n<\/ul>\n<p><span style=\"font-family: -apple-system, BlinkMacSystemFont, 'Segoe UI', Roboto, Oxygen, Ubuntu, Cantarell, 'Fira Sans', 'Droid Sans', 'Helvetica Neue', sans-serif; font-size: 1.6875em; font-weight: bold;\">Colegios de Abogados<\/span><\/p>\n<ul>\n<li style=\"font-weight: 400;\" aria-level=\"1\"><span style=\"font-weight: 400;\">1 de octubre de 2023<\/span><\/li>\n<li style=\"font-weight: 400;\" aria-level=\"1\"><span style=\"font-weight: 400;\">Tribunal de Distrito de los Estados Unidos \u2013<\/span><a href=\"https:\/\/www.lamd.uscourts.gov\/\" target=\"_blank\" rel=\"noopener\"> <span style=\"font-weight: 400;\">Distrito Central de Louisiana<\/span><\/a><\/li>\n<li style=\"font-weight: 400;\" aria-level=\"1\"><span style=\"font-weight: 400;\">Tribunal de Distrito de los Estados Unidos \u2013<\/span><a href=\"https:\/\/www.laed.uscourts.gov\/\" target=\"_blank\" rel=\"noopener\"> <span style=\"font-weight: 400;\">Distrito Este de Louisiana<\/span><\/a><\/li>\n<li style=\"font-weight: 400;\" aria-level=\"1\"><span style=\"font-weight: 400;\">Tribunal de Distrito de los Estados Unidos \u2013<\/span><a href=\"https:\/\/www.lawd.uscourts.gov\/\" target=\"_blank\" rel=\"noopener\"> <span style=\"font-weight: 400;\">Distrito Oeste de Louisiana<\/span><\/a><\/li>\n<li style=\"font-weight: 400;\" aria-level=\"1\">Tribunal de Apelaciones de los Estados Unidos \u2013<a href=\"https:\/\/www.ca5.uscourts.gov\/\" target=\"_blank\" rel=\"noopener\"> Quinto Circuito<\/a><\/li>\n<\/ul>\n<h3>Educaci\u00f3n<\/h3>\n<ul>\n<li>Centro de Derecho de la Universidad del Sur, Doctorado en Derecho (J.D.).<\/li>\n<li>Premio CALI, Redacci\u00f3n jur\u00eddica<\/li>\n<li>Universidad Southeastern Louisiana, Licenciatura en Contabilidad, cum laude<\/li>\n<\/ul>\n<h3>Afiliaciones profesionales<\/h3>\n<ul>\n<li>Colegio de Abogados del Estado de Louisiana<\/li>\n<li>Colegio de Abogados Baton Rouge<\/li>\n<li>Asociaci\u00f3n Estadounidense para la Justicia<\/li>\n<li>Colegio Federal de Abogados<\/li>\n<li>Asociaci\u00f3n Louisiana para la Justicia<\/li>\n<\/ul>\n<h3>Datos personales<\/h3>\n<p>Kacia, que naci\u00f3 y creci\u00f3 en Central, Louisiana, mantiene fuertes lazos con la regi\u00f3n a la que presta servicio. Fuera del trabajo, es madre de tres hijos maravillosos, tiene un yerno y una sobrina y un sobrino a quienes considera como propios, y tambi\u00e9n es la abuelita de una peque\u00f1a que es un encanto.<\/p>\n<p>Cuando no est\u00e1 luchando por la justicia, a Kacia le gusta leer, hacer mejoras en el hogar y dedicarse a proyectos de bricolaje, canalizando su creatividad para transformar los espacios. Adem\u00e1s, es una persona que nunca deja de aprender y disfruta adquiriendo nuevos conocimientos inform\u00e1ticos y explorando nuevas formas de crecer tanto a nivel personal como profesional.<\/p>\n<p><span style=\"text-decoration: underline;\"><em>Su lema es:<\/em><\/span><\/p>\n<blockquote><p><em>\"S\u00e9 intr\u00e9pido en la b\u00fasqueda de lo que enciende tu alma\".<\/em><\/p><\/blockquote>\n<section style=\"margin: 50px 0; text-align: center;\"><!-- Section Heading --><\/p>\n<h2 style=\"color: #0d2c4e; margin-bottom: 30px;\">Resultados probados de casos resueltos por nuestro equipo<\/h2>\n<p><!-- Side-by-side boxes --><\/p>\n<table style=\"border-collapse: separate; border-spacing: 20px;\" width=\"100%\" cellspacing=\"0\" cellpadding=\"0\">\n<tbody>\n<tr><!-- Box 1 --><\/p>\n<td style=\"background: #eff0f0; padding: 35px 30px; border-top: 4px solid #b4532a; border-bottom: 4px solid #b4532a;\" valign=\"top\" width=\"50%\">\n<h3 style=\"color: #0d2c4e; font-size: 38px; margin: 0;\">$12,5 MILLONES<\/h3>\n<p style=\"color: #b4532a; font-weight: 600; margin: 12px 0 18px;\">Mesotelioma<\/p>\n<p style=\"color: #333; line-height: 1.6; margin: 0;\">Dos trabajadores de una refiner\u00eda presentaron una demanda por mesotelioma causado por la exposici\u00f3n al amianto mientras trabajaban en una refiner\u00eda en Baton Rouge. Se concedi\u00f3 un veredicto de $12.500.000 en Iberville Parish.<\/p>\n<\/td>\n<p><!-- Box 2 --><\/p>\n<td style=\"background: #eff0f0; padding: 35px 30px; border-top: 4px solid #b4532a; border-bottom: 4px solid #b4532a;\" valign=\"top\" width=\"50%\">\n<h3 style=\"color: #0d2c4e; font-size: 38px; margin: 0;\">$9,5 MILLONES<\/h3>\n<p style=\"color: #b4532a; font-weight: 600; margin: 12px 0 18px;\">Mesotelioma<\/p>\n<p style=\"color: #333; line-height: 1.6; margin: 0;\">Dos trabajadores de una refiner\u00eda de East Baton Rouge Parish ganaron un veredicto de $9.500.000 por exposici\u00f3n laboral al amianto tras una demanda presentada en Iberville Parish.<\/p>\n<\/td>\n<\/tr>\n<\/tbody>\n<\/table>\n<table style=\"border-collapse: separate; border-spacing: 20px;\" width=\"100%\" cellspacing=\"0\" cellpadding=\"0\">\n<tbody>\n<tr><!-- Box 3 --><\/p>\n<td style=\"background: #eff0f0; padding: 35px 30px; border-top: 4px solid #b4532a; border-bottom: 4px solid #b4532a;\" valign=\"top\" width=\"50%\">\n<h3 style=\"color: #0d2c4e; font-size: 38px; margin: 0;\">$4,5 MILLONES<\/h3>\n<p style=\"color: #b4532a; font-weight: 600; margin: 12px 0 18px;\">Mesotelioma<\/p>\n<p style=\"color: #333; line-height: 1.6; margin: 0;\">A la esposa de un trabajador de una refiner\u00eda le diagnosticaron un mesotelioma causado por la exposici\u00f3n dom\u00e9stica tras lavar la ropa de trabajo de su marido. Las partes llegaron a un acuerdo extrajudicial por 1 245 000 d\u00f3lares tras la presentaci\u00f3n de la demanda en la parroquia de Iberville.<\/p>\n<\/td>\n<p><!-- Box 4 --><\/p>\n<td style=\"background: #eff0f0; padding: 35px 30px; border-top: 4px solid #b4532a; border-bottom: 4px solid #b4532a;\" valign=\"top\" width=\"50%\">\n<h3 style=\"color: #0d2c4e; font-size: 38px; margin: 0;\">$3,8 MILLONES<\/h3>\n<p style=\"color: #b4532a; font-weight: 600; margin: 12px 0 18px;\">Mesotelioma<\/p>\n<p style=\"color: #333; line-height: 1.6; margin: 0;\">A un ingeniero que hab\u00eda desarrollado su carrera profesional en el sector petrolero le diagnosticaron mesotelioma debido a la exposici\u00f3n al asbesto en el trabajo y logr\u00f3 un acuerdo por 1 238 000 d\u00f3lares tras presentar una demanda en la parroquia de Plaquemine.<\/p>\n<\/td>\n<\/tr>\n<\/tbody>\n<\/table>\n<p><!-- CTA Button --><\/p>\n<div style=\"margin-top: 40px; text-align: center;\"><a style=\"font-family: 'Onest-Regular', sans-serif; font-size: 22px; font-weight: 600; color: #ffffff; background-color: #0d2c4e; border-radius: 50px; text-decoration: none; display: inline-flex; align-items: center; justify-content: center; line-height: 1; padding: 18px 40px 23px 40px;\" href=\"https:\/\/www.murphylawfirm.com\/es\/historias-de-exito\/\"><br \/>\n<span style=\"display: inline-block; transform: translateY(-2px);\"><br \/>\nVer todos los resultados de los casos \u2192<br \/>\n<\/span><br \/>\n<\/a><\/div>\n<\/section>","protected":false},"excerpt":{"rendered":"<p>Kacia N. Cook Attorney | Mass Tort Director Phone: (225) 928-8800 Email: Kacia@MurphyLawFirm.com Office: 2354 S Acadian Thruway, Baton Rouge, LA 70808 LinkedIn: Kacia N. Cook Professional Overview Born and raised in the City of Central, Louisiana, in East Baton Rouge Parish, Kacia N. Cook has dedicated her career to advocating for individuals harmed by &hellip; <\/p>\n<p class=\"link-more\"><a href=\"https:\/\/www.murphylawfirm.com\/es\/our-team\/kacia-cook\/\" class=\"more-link\">Seguir leyendo<span class=\"screen-reader-text\"> &#8220;Kacia Cook&#8221;<\/span><\/a><\/p>","protected":false},"author":1,"featured_media":0,"parent":171,"menu_order":0,"comment_status":"closed","ping_status":"closed","template":"template-parts\/single-attorney.php","meta":{"_acf_changed":false,"footnotes":""},"class_list":["post-5868","page","type-page","status-publish","hentry","entry"],"acf":[],"yoast_head":"<!-- This site is optimized with the Yoast SEO plugin v27.6 - https:\/\/yoast.com\/product\/yoast-seo-wordpress\/ -->\n<title>Kacia Cook - Murphy Law Firm<\/title>\n<meta name=\"robots\" content=\"index, follow, max-snippet:-1, max-image-preview:large, max-video-preview:-1\" \/>\n<link rel=\"canonical\" href=\"https:\/\/www.murphylawfirm.com\/es\/nuestro-equipo\/kacia-cook\/\" \/>\n<meta property=\"og:locale\" content=\"es_MX\" \/>\n<meta property=\"og:type\" content=\"article\" \/>\n<meta property=\"og:title\" content=\"Kacia Cook - Murphy Law Firm\" \/>\n<meta property=\"og:description\" content=\"Kacia N. Cook Attorney | Mass Tort Director Phone: (225) 928-8800 Email: Kacia@MurphyLawFirm.com Office: 2354 S Acadian Thruway, Baton Rouge, LA 70808 LinkedIn: Kacia N. Cook Professional Overview Born and raised in the City of Central, Louisiana, in East Baton Rouge Parish, Kacia N. Cook has dedicated her career to advocating for individuals harmed by &hellip; Continuar leyendo &quot;Kacia Cook&quot;\" \/>\n<meta property=\"og:url\" content=\"https:\/\/www.murphylawfirm.com\/es\/nuestro-equipo\/kacia-cook\/\" \/>\n<meta property=\"og:site_name\" content=\"Murphy Law Firm\" \/>\n<meta property=\"article:publisher\" content=\"https:\/\/www.facebook.com\/MurphyLawFirm225\/\" \/>\n<meta property=\"article:modified_time\" content=\"2026-03-24T11:28:17+00:00\" \/>\n<meta name=\"twitter:card\" content=\"summary_large_image\" \/>\n<meta name=\"twitter:site\" content=\"@murphylawfirm225\" \/>\n<meta name=\"twitter:label1\" content=\"Tiempo de lectura\" \/>\n\t<meta name=\"twitter:data1\" content=\"4 minutos\" \/>\n<!-- \/ Yoast SEO plugin. -->","yoast_head_json":{"title":"Kacia Cook - Bufete Murphy","robots":{"index":"index","follow":"follow","max-snippet":"max-snippet:-1","max-image-preview":"max-image-preview:large","max-video-preview":"max-video-preview:-1"},"canonical":"https:\/\/www.murphylawfirm.com\/es\/nuestro-equipo\/kacia-cook\/","og_locale":"es_MX","og_type":"article","og_title":"Kacia Cook - Murphy Law Firm","og_description":"Kacia N. Cook Attorney | Mass Tort Director Phone: (225) 928-8800 Email: Kacia@MurphyLawFirm.com Office: 2354 S Acadian Thruway, Baton Rouge, LA 70808 LinkedIn: Kacia N. Cook Professional Overview Born and raised in the City of Central, Louisiana, in East Baton Rouge Parish, Kacia N. Cook has dedicated her career to advocating for individuals harmed by &hellip; Continuar leyendo \"Kacia Cook\"","og_url":"https:\/\/www.murphylawfirm.com\/es\/nuestro-equipo\/kacia-cook\/","og_site_name":"Murphy Law Firm","article_publisher":"https:\/\/www.facebook.com\/MurphyLawFirm225\/","article_modified_time":"2026-03-24T11:28:17+00:00","twitter_card":"summary_large_image","twitter_site":"@murphylawfirm225","twitter_misc":{"Tiempo de lectura":"4 minutos"},"schema":{"@context":"https:\/\/schema.org","@graph":[{"@type":["WebPage","ProfilePage"],"@id":"https:\/\/www.murphylawfirm.com\/our-team\/kacia-cook\/","url":"https:\/\/www.murphylawfirm.com\/our-team\/kacia-cook\/","name":"Kacia Cook - Bufete Murphy","isPartOf":{"@id":"https:\/\/www.murphylawfirm.com\/#website"},"datePublished":"2025-03-11T12:10:18+00:00","dateModified":"2026-03-24T11:28:17+00:00","breadcrumb":{"@id":"https:\/\/www.murphylawfirm.com\/our-team\/kacia-cook\/#breadcrumb"},"inLanguage":"es","potentialAction":[{"@type":"ReadAction","target":["https:\/\/www.murphylawfirm.com\/our-team\/kacia-cook\/"]}]},{"@type":"BreadcrumbList","@id":"https:\/\/www.murphylawfirm.com\/our-team\/kacia-cook\/#breadcrumb","itemListElement":[{"@type":"ListItem","position":1,"name":"Home","item":"https:\/\/www.murphylawfirm.com\/"},{"@type":"ListItem","position":2,"name":"Our Team","item":"https:\/\/www.murphylawfirm.com\/our-team\/"},{"@type":"ListItem","position":3,"name":"Kacia Cook"}]},{"@type":"WebSite","@id":"https:\/\/www.murphylawfirm.com\/#website","url":"https:\/\/www.murphylawfirm.com\/","name":"Bufete Murphy","description":"","publisher":{"@id":"https:\/\/www.murphylawfirm.com\/#organization"},"potentialAction":[{"@type":"SearchAction","target":{"@type":"EntryPoint","urlTemplate":"https:\/\/www.murphylawfirm.com\/?s={search_term_string}"},"query-input":{"@type":"PropertyValueSpecification","valueRequired":true,"valueName":"search_term_string"}}],"inLanguage":"es"},{"@type":"Organization","@id":"https:\/\/www.murphylawfirm.com\/#organization","name":"Bufete Murphy","alternateName":"Murphy Law Firm","url":"https:\/\/www.murphylawfirm.com\/","logo":{"@type":"ImageObject","inLanguage":"es","@id":"https:\/\/www.murphylawfirm.com\/#\/schema\/logo\/image\/","url":"https:\/\/www.murphylawfirm.com\/wp-content\/uploads\/2024\/05\/murphy.jpg","contentUrl":"https:\/\/www.murphylawfirm.com\/wp-content\/uploads\/2024\/05\/murphy.jpg","width":309,"height":79,"caption":"Murphy Law Firm"},"image":{"@id":"https:\/\/www.murphylawfirm.com\/#\/schema\/logo\/image\/"},"sameAs":["https:\/\/www.facebook.com\/MurphyLawFirm225\/","https:\/\/x.com\/murphylawfirm225","https:\/\/www.instagram.com\/murphylawfirm225\/","https:\/\/www.linkedin.com\/in\/murphy-law-firm-peyton-murphy\/","https:\/\/maps.app.goo.gl\/WCtGDyEwg1JYgwZ87","https:\/\/www.yelp.com\/biz\/murphy-law-firm-baton-rouge-3","https:\/\/www.mapquest.com\/us\/louisiana\/murphy-law-firm-284707425","https:\/\/www.lawinfo.com\/lawfirm\/louisiana\/baton-rouge\/murphy-law-firm-llc\/97a2f249-3b83-4255-b82a-f62955d76970.html","https:\/\/www.hg.org\/attorney\/murphy-law-firm-llc\/68580","https:\/\/lawyers.findlaw.com\/louisiana\/baton-rouge\/2388680_1\/","https:\/\/www.bbb.org\/us\/la\/baton-rouge\/profile\/lawyers\/murphy-law-firm-llc-0835-12003342","https:\/\/www.lawyers.com\/baton-rouge\/louisiana\/murphy-law-firm-42910679-f\/","https:\/\/nextdoor.com\/pages\/murphy-law-firm-llc\/","https:\/\/www.lawyer4criminaldefense.com\/criminal-defense-lawyers\/listing\/b637fd75d4bc11b1a32273b847ba8a37\/","https:\/\/www.expertise.com\/legal\/slip-and-fall-lawyers\/louisiana\/baton-rouge","https:\/\/www.youtube.com\/@MurphyLawFirmBatonRouge"],"mainEntityOfPage":{"@id":"https:\/\/www.murphylawfirm.com\/our-team\/kacia-cook\/"}}]}},"_links":{"self":[{"href":"https:\/\/www.murphylawfirm.com\/es\/wp-json\/wp\/v2\/pages\/5868","targetHints":{"allow":["GET"]}}],"collection":[{"href":"https:\/\/www.murphylawfirm.com\/es\/wp-json\/wp\/v2\/pages"}],"about":[{"href":"https:\/\/www.murphylawfirm.com\/es\/wp-json\/wp\/v2\/types\/page"}],"author":[{"embeddable":true,"href":"https:\/\/www.murphylawfirm.com\/es\/wp-json\/wp\/v2\/users\/1"}],"replies":[{"embeddable":true,"href":"https:\/\/www.murphylawfirm.com\/es\/wp-json\/wp\/v2\/comments?post=5868"}],"version-history":[{"count":11,"href":"https:\/\/www.murphylawfirm.com\/es\/wp-json\/wp\/v2\/pages\/5868\/revisions"}],"predecessor-version":[{"id":9266,"href":"https:\/\/www.murphylawfirm.com\/es\/wp-json\/wp\/v2\/pages\/5868\/revisions\/9266"}],"up":[{"embeddable":true,"href":"https:\/\/www.murphylawfirm.com\/es\/wp-json\/wp\/v2\/pages\/171"}],"wp:attachment":[{"href":"https:\/\/www.murphylawfirm.com\/es\/wp-json\/wp\/v2\/media?parent=5868"}],"curies":[{"name":"wp","href":"https:\/\/api.w.org\/{rel}","templated":true}]}}