{"id":5970,"date":"2025-03-12T04:17:36","date_gmt":"2025-03-12T04:17:36","guid":{"rendered":"https:\/\/www.murphylawfirm.com\/?page_id=5970"},"modified":"2025-03-12T17:15:28","modified_gmt":"2025-03-12T17:15:28","slug":"baton-rouge-demandas-colectivas-abogado","status":"publish","type":"page","link":"https:\/\/www.murphylawfirm.com\/es\/baton-rouge-class-action-lawsuits-lawyer\/","title":{"rendered":"Baton Rouge Class Action Lawsuits Abogado"},"content":{"rendered":"<div id=\"ez-toc-container\" class=\"ez-toc-v2_0_82_2 counter-hierarchy ez-toc-counter ez-toc-transparent ez-toc-container-direction\">\n<div class=\"ez-toc-title-container\">\n<p class=\"ez-toc-title ez-toc-toggle\" style=\"cursor:pointer\">\u00cdndice<\/p>\n<span class=\"ez-toc-title-toggle\"><a href=\"#\" class=\"ez-toc-pull-right ez-toc-btn ez-toc-btn-xs ez-toc-btn-default ez-toc-toggle\" aria-label=\"Toggle Table of Content\"><span class=\"ez-toc-js-icon-con\"><span class=\"\"><span class=\"eztoc-hide\" style=\"display:none;\">Toggle<\/span><span class=\"ez-toc-icon-toggle-span\"><svg style=\"fill: #999;color:#999\" xmlns=\"http:\/\/www.w3.org\/2000\/svg\" class=\"list-377408\" width=\"20px\" height=\"20px\" viewbox=\"0 0 24 24\" fill=\"none\"><path d=\"M6 6H4v2h2V6zm14 0H8v2h12V6zM4 11h2v2H4v-2zm16 0H8v2h12v-2zM4 16h2v2H4v-2zm16 0H8v2h12v-2z\" fill=\"currentColor\"><\/path><\/svg><svg style=\"fill: #999;color:#999\" class=\"arrow-unsorted-368013\" xmlns=\"http:\/\/www.w3.org\/2000\/svg\" width=\"10px\" height=\"10px\" viewbox=\"0 0 24 24\" version=\"1.2\" baseprofile=\"tiny\"><path d=\"M18.2 9.3l-6.2-6.3-6.2 6.3c-.2.2-.3.4-.3.7s.1.5.3.7c.2.2.4.3.7.3h11c.3 0 .5-.1.7-.3.2-.2.3-.5.3-.7s-.1-.5-.3-.7zM5.8 14.7l6.2 6.3 6.2-6.3c.2-.2.3-.5.3-.7s-.1-.5-.3-.7c-.2-.2-.4-.3-.7-.3h-11c-.3 0-.5.1-.7.3-.2.2-.3.5-.3.7s.1.5.3.7z\"\/><\/svg><\/span><\/span><\/span><\/a><\/span><\/div>\n<nav><ul class='ez-toc-list ez-toc-list-level-1 eztoc-toggle-hide-by-default' ><li class='ez-toc-page-1 ez-toc-heading-level-2'><a class=\"ez-toc-link ez-toc-heading-1\" href=\"https:\/\/www.murphylawfirm.com\/es\/baton-rouge-class-action-lawsuits-lawyer\/#class-action-lawsuits\" >Demandas colectivas<\/a><\/li><li class='ez-toc-page-1 ez-toc-heading-level-2'><a class=\"ez-toc-link ez-toc-heading-2\" href=\"https:\/\/www.murphylawfirm.com\/es\/baton-rouge-class-action-lawsuits-lawyer\/#what-is-a-class-action-lawsuit\" >\u00bfQu\u00e9 es una demanda colectiva?<\/a><\/li><li class='ez-toc-page-1 ez-toc-heading-level-2'><a class=\"ez-toc-link ez-toc-heading-3\" href=\"https:\/\/www.murphylawfirm.com\/es\/baton-rouge-class-action-lawsuits-lawyer\/#you-need-a-strong-legal-ally-let-murphy-law-firm-fight-for-you\" >Usted Necesita un Aliado Legal Fuerte. Deje que Murphy Law Firm luche por usted.<\/a><ul class='ez-toc-list-level-3' ><li class='ez-toc-heading-level-3'><a class=\"ez-toc-link ez-toc-heading-4\" href=\"https:\/\/www.murphylawfirm.com\/es\/baton-rouge-class-action-lawsuits-lawyer\/#how-class-actions-work\" >C\u00f3mo funcionan las demandas colectivas<\/a><\/li><li class='ez-toc-page-1 ez-toc-heading-level-3'><a class=\"ez-toc-link ez-toc-heading-5\" href=\"https:\/\/www.murphylawfirm.com\/es\/baton-rouge-class-action-lawsuits-lawyer\/#why-choose-murphy-law-firm\" >\u00bfPor qu\u00e9 elegir el bufete de abogados Murphy?<\/a><\/li><\/ul><\/li><\/ul><\/nav><\/div>\n<h2><span class=\"ez-toc-section\" id=\"class-action-lawsuits\"><\/span>Demandas colectivas<span class=\"ez-toc-section-end\"><\/span><\/h2>\n<p>En Murphy Law Firm, nos especializamos en demandas colectivas, una poderosa herramienta utilizada para proteger a los consumidores y empleados de malas pr\u00e1cticas corporativas y violaciones generalizadas. Si usted cree que usted o su negocio ha sido perjudicado por una pr\u00e1ctica ilegal o poco \u00e9tica com\u00fan que afecta a un grupo grande, una demanda colectiva puede ser la forma m\u00e1s eficaz de buscar justicia.<\/p>\n<h2><span class=\"ez-toc-section\" id=\"what-is-a-class-action-lawsuit\"><\/span>\u00bfQu\u00e9 es una demanda colectiva?<span class=\"ez-toc-section-end\"><\/span><\/h2>\n<p>Una demanda colectiva tiene lugar cuando un grupo de personas con reclamaciones legales similares se unen para presentar una \u00fanica demanda contra un demandado. Estos casos suelen referirse a grandes empresas que han cometido da\u00f1os generalizados, como pr\u00e1cticas comerciales enga\u00f1osas, fraude o infracciones de las leyes de protecci\u00f3n del consumidor. En lugar de que cada persona presente una demanda individual, una demanda colectiva consolida todas las reclamaciones en un solo caso, lo que ahorra tiempo y recursos, a la vez que facilita el logro de una resoluci\u00f3n justa para todos los implicados.<\/p>\n<p>Algunos ejemplos comunes de demandas colectivas son<\/p>\n<ul>\n<li>Fraude al consumidor: Cuando las empresas realizan publicidad enga\u00f1osa, reclamaciones falsas de productos o pr\u00e1cticas de marketing ilegales.<\/li>\n<li>Filtraciones de datos: Filtraciones a gran escala de datos de consumidores o empleados por parte de empresas que no protegen la informaci\u00f3n sensible.<\/li>\n<li>Infracciones de la legislaci\u00f3n laboral: Casos en los que las empresas no pagan a los empleados las horas extraordinarias o infringen otras leyes laborales a gran escala.<\/li>\n<li>Productos defectuosos: Cuando se descubre que un producto es nocivo o defectuoso y afecta a grandes grupos de consumidores.<\/li>\n<\/ul>\n<div class=\"cmn-box baton comn-box-full-width\">\n<h2><span class=\"ez-toc-section\" id=\"you-need-a-strong-legal-ally-let-murphy-law-firm-fight-for-you\"><\/span>Necesita un aliado legal fuerte. <strong>Deje que Murphy Law Firm luche por usted.<\/strong><span class=\"ez-toc-section-end\"><\/span><\/h2>\n<p>Murphy Law Firm proporciona m\u00e1s que representaci\u00f3n legal; ofrecemos apoyo inquebrantable y una b\u00fasqueda implacable de sus derechos. Obtenga el apoyo y la b\u00fasqueda que se merece - Comience su caso hoy.<\/p>\n<div class=\"inr_btn\">\n<div class=\"inr-cmn_btn\"><a class=\"cmn-btn\" href=\"https:\/\/www.murphylawfirm.com\/es\/pongase-en-contacto-con\/\">Programar una consulta<\/a><\/div>\n<div class=\"inr-phn\"><a href=\"tel:2259288800\">Llame ahora (225) 928-8800<\/a><\/div>\n<\/div>\n<\/div>\n<h3><span class=\"ez-toc-section\" id=\"how-class-actions-work\"><\/span>C\u00f3mo funcionan las demandas colectivas<span class=\"ez-toc-section-end\"><\/span><\/h3>\n<p>En una demanda colectiva, un \"demandante principal\" representa los intereses de toda la clase. El tribunal debe aprobar la formaci\u00f3n de la clase, asegur\u00e1ndose de que las reclamaciones legales son lo suficientemente similares como para justificar un planteamiento colectivo. Si el tribunal certifica la demanda colectiva, el caso sigue adelante con el demandante principal actuando en nombre de todos los miembros de la clase.<\/p>\n<p>Las demandas colectivas son especialmente eficaces en situaciones en las que las reclamaciones individuales pueden ser demasiado peque\u00f1as para justificar el coste de un pleito, pero en las que, colectivamente, las reclamaciones pueden dar lugar a una reparaci\u00f3n significativa y a la exigencia de responsabilidades. Si tienen \u00e9xito, las demandas colectivas pueden dar lugar a una serie de soluciones, como compensaciones econ\u00f3micas, mandamientos judiciales para poner fin a pr\u00e1cticas ilegales y retirada de productos.<\/p>\n<h3><span class=\"ez-toc-section\" id=\"why-choose-murphy-law-firm\"><\/span>\u00bfPor qu\u00e9 elegir el bufete de abogados Murphy?<span class=\"ez-toc-section-end\"><\/span><\/h3>\n<p>Murphy Law Firm tiene un historial probado en el manejo de demandas colectivas. Estamos comprometidos a luchar por los derechos de los consumidores, empleados y empresas que han sido perjudicados por la mala conducta corporativa. Nuestro equipo es experto en la gesti\u00f3n de litigios complejos, y tenemos los recursos necesarios para representar a grandes grupos de demandantes con eficacia.<\/p>\n<p>Si forma parte de un grupo afectado por pr\u00e1cticas comerciales enga\u00f1osas, fraude al consumidor u otros da\u00f1os masivos, el bufete de abogados Murphy puede ayudarle a navegar por el proceso de demanda colectiva. Evaluaremos su caso de forma gratuita, y si creemos que una demanda colectiva est\u00e1 justificada, le guiaremos a trav\u00e9s de cada paso del proceso legal.<\/p>\n<p>Usted no tiene que luchar solo. Con Murphy Law Firm, tiene un equipo dedicado de profesionales legales que trabajar\u00e1n incansablemente para asegurar que sus derechos est\u00e9n protegidos y que reciba la compensaci\u00f3n que merece.<\/p>","protected":false},"excerpt":{"rendered":"<p>Class Action Lawsuits At Murphy Law Firm, we specialize in class action lawsuits, a powerful tool used to protect consumers and employees from corporate wrongdoing and widespread violations. If you believe that you or your business has been harmed by a common illegal or unethical practice affecting a large group, a class action lawsuit may &hellip; <\/p>\n<p class=\"link-more\"><a href=\"https:\/\/www.murphylawfirm.com\/es\/baton-rouge-class-action-lawsuits-lawyer\/\" class=\"more-link\">Seguir leyendo<span class=\"screen-reader-text\"> &#8220;Baton Rouge Class Action Lawsuits Lawyer&#8221;<\/span><\/a><\/p>","protected":false},"author":1,"featured_media":0,"parent":0,"menu_order":0,"comment_status":"closed","ping_status":"closed","template":"","meta":{"_acf_changed":false,"footnotes":""},"class_list":["post-5970","page","type-page","status-publish","hentry","entry"],"acf":[],"yoast_head":"<!-- This site is optimized with the Yoast SEO plugin v27.4 - https:\/\/yoast.com\/product\/yoast-seo-wordpress\/ -->\n<title>Baton Rouge Class Action Lawsuits Lawyer - Murphy Law Firm<\/title>\n<meta name=\"robots\" content=\"index, follow, max-snippet:-1, max-image-preview:large, max-video-preview:-1\" \/>\n<link rel=\"canonical\" href=\"https:\/\/www.murphylawfirm.com\/es\/baton-rouge-demandas-colectivas-abogado\/\" \/>\n<meta property=\"og:locale\" content=\"es_MX\" \/>\n<meta property=\"og:type\" content=\"article\" \/>\n<meta property=\"og:title\" content=\"Baton Rouge Class Action Lawsuits Lawyer - Murphy Law Firm\" \/>\n<meta property=\"og:description\" content=\"Class Action Lawsuits At Murphy Law Firm, we specialize in class action lawsuits, a powerful tool used to protect consumers and employees from corporate wrongdoing and widespread violations. If you believe that you or your business has been harmed by a common illegal or unethical practice affecting a large group, a class action lawsuit may &hellip; Continuar leyendo &quot;Baton Rouge Class Action Lawsuits Lawyer&quot;\" \/>\n<meta property=\"og:url\" content=\"https:\/\/www.murphylawfirm.com\/es\/baton-rouge-demandas-colectivas-abogado\/\" \/>\n<meta property=\"og:site_name\" content=\"Murphy Law Firm\" \/>\n<meta property=\"article:publisher\" content=\"https:\/\/www.facebook.com\/MurphyLawFirm225\/\" \/>\n<meta property=\"article:modified_time\" content=\"2025-03-12T17:15:28+00:00\" \/>\n<meta name=\"twitter:card\" content=\"summary_large_image\" \/>\n<meta name=\"twitter:site\" content=\"@murphylawfirm225\" \/>\n<meta name=\"twitter:label1\" content=\"Tiempo de lectura\" \/>\n\t<meta name=\"twitter:data1\" content=\"3 minutos\" \/>\n<!-- \/ Yoast SEO plugin. -->","yoast_head_json":{"title":"Baton Rouge demanda colectiva abogado - Murphy Law Firm","robots":{"index":"index","follow":"follow","max-snippet":"max-snippet:-1","max-image-preview":"max-image-preview:large","max-video-preview":"max-video-preview:-1"},"canonical":"https:\/\/www.murphylawfirm.com\/es\/baton-rouge-demandas-colectivas-abogado\/","og_locale":"es_MX","og_type":"article","og_title":"Baton Rouge Class Action Lawsuits Lawyer - Murphy Law Firm","og_description":"Class Action Lawsuits At Murphy Law Firm, we specialize in class action lawsuits, a powerful tool used to protect consumers and employees from corporate wrongdoing and widespread violations. If you believe that you or your business has been harmed by a common illegal or unethical practice affecting a large group, a class action lawsuit may &hellip; Continuar leyendo \"Baton Rouge Class Action Lawsuits Lawyer\"","og_url":"https:\/\/www.murphylawfirm.com\/es\/baton-rouge-demandas-colectivas-abogado\/","og_site_name":"Murphy Law Firm","article_publisher":"https:\/\/www.facebook.com\/MurphyLawFirm225\/","article_modified_time":"2025-03-12T17:15:28+00:00","twitter_card":"summary_large_image","twitter_site":"@murphylawfirm225","twitter_misc":{"Tiempo de lectura":"3 minutos"},"schema":{"@context":"https:\/\/schema.org","@graph":[{"@type":"WebPage","@id":"https:\/\/www.murphylawfirm.com\/baton-rouge-class-action-lawsuits-lawyer\/","url":"https:\/\/www.murphylawfirm.com\/baton-rouge-class-action-lawsuits-lawyer\/","name":"Baton Rouge demanda colectiva abogado - Murphy Law Firm","isPartOf":{"@id":"https:\/\/www.murphylawfirm.com\/#website"},"datePublished":"2025-03-12T04:17:36+00:00","dateModified":"2025-03-12T17:15:28+00:00","breadcrumb":{"@id":"https:\/\/www.murphylawfirm.com\/baton-rouge-class-action-lawsuits-lawyer\/#breadcrumb"},"inLanguage":"es","potentialAction":[{"@type":"ReadAction","target":["https:\/\/www.murphylawfirm.com\/baton-rouge-class-action-lawsuits-lawyer\/"]}]},{"@type":"BreadcrumbList","@id":"https:\/\/www.murphylawfirm.com\/baton-rouge-class-action-lawsuits-lawyer\/#breadcrumb","itemListElement":[{"@type":"ListItem","position":1,"name":"Home","item":"https:\/\/www.murphylawfirm.com\/"},{"@type":"ListItem","position":2,"name":"Baton Rouge Class Action Lawsuits Lawyer"}]},{"@type":"WebSite","@id":"https:\/\/www.murphylawfirm.com\/#website","url":"https:\/\/www.murphylawfirm.com\/","name":"Bufete Murphy","description":"","publisher":{"@id":"https:\/\/www.murphylawfirm.com\/#organization"},"potentialAction":[{"@type":"SearchAction","target":{"@type":"EntryPoint","urlTemplate":"https:\/\/www.murphylawfirm.com\/?s={search_term_string}"},"query-input":{"@type":"PropertyValueSpecification","valueRequired":true,"valueName":"search_term_string"}}],"inLanguage":"es"},{"@type":"Organization","@id":"https:\/\/www.murphylawfirm.com\/#organization","name":"Bufete Murphy","alternateName":"Murphy Law Firm","url":"https:\/\/www.murphylawfirm.com\/","logo":{"@type":"ImageObject","inLanguage":"es","@id":"https:\/\/www.murphylawfirm.com\/#\/schema\/logo\/image\/","url":"https:\/\/www.murphylawfirm.com\/wp-content\/uploads\/2024\/05\/murphy.jpg","contentUrl":"https:\/\/www.murphylawfirm.com\/wp-content\/uploads\/2024\/05\/murphy.jpg","width":309,"height":79,"caption":"Murphy Law Firm"},"image":{"@id":"https:\/\/www.murphylawfirm.com\/#\/schema\/logo\/image\/"},"sameAs":["https:\/\/www.facebook.com\/MurphyLawFirm225\/","https:\/\/x.com\/murphylawfirm225","https:\/\/www.instagram.com\/murphylawfirm225\/","https:\/\/www.linkedin.com\/in\/murphy-law-firm-peyton-murphy\/","https:\/\/maps.app.goo.gl\/WCtGDyEwg1JYgwZ87","https:\/\/www.yelp.com\/biz\/murphy-law-firm-baton-rouge-3","https:\/\/www.mapquest.com\/us\/louisiana\/murphy-law-firm-284707425","https:\/\/www.lawinfo.com\/lawfirm\/louisiana\/baton-rouge\/murphy-law-firm-llc\/97a2f249-3b83-4255-b82a-f62955d76970.html","https:\/\/www.hg.org\/attorney\/murphy-law-firm-llc\/68580","https:\/\/lawyers.findlaw.com\/louisiana\/baton-rouge\/2388680_1\/","https:\/\/www.bbb.org\/us\/la\/baton-rouge\/profile\/lawyers\/murphy-law-firm-llc-0835-12003342","https:\/\/www.lawyers.com\/baton-rouge\/louisiana\/murphy-law-firm-42910679-f\/","https:\/\/nextdoor.com\/pages\/murphy-law-firm-llc\/","https:\/\/www.lawyer4criminaldefense.com\/criminal-defense-lawyers\/listing\/b637fd75d4bc11b1a32273b847ba8a37\/","https:\/\/www.expertise.com\/legal\/slip-and-fall-lawyers\/louisiana\/baton-rouge","https:\/\/www.youtube.com\/@MurphyLawFirmBatonRouge"]}]}},"_links":{"self":[{"href":"https:\/\/www.murphylawfirm.com\/es\/wp-json\/wp\/v2\/pages\/5970","targetHints":{"allow":["GET"]}}],"collection":[{"href":"https:\/\/www.murphylawfirm.com\/es\/wp-json\/wp\/v2\/pages"}],"about":[{"href":"https:\/\/www.murphylawfirm.com\/es\/wp-json\/wp\/v2\/types\/page"}],"author":[{"embeddable":true,"href":"https:\/\/www.murphylawfirm.com\/es\/wp-json\/wp\/v2\/users\/1"}],"replies":[{"embeddable":true,"href":"https:\/\/www.murphylawfirm.com\/es\/wp-json\/wp\/v2\/comments?post=5970"}],"version-history":[{"count":4,"href":"https:\/\/www.murphylawfirm.com\/es\/wp-json\/wp\/v2\/pages\/5970\/revisions"}],"predecessor-version":[{"id":6049,"href":"https:\/\/www.murphylawfirm.com\/es\/wp-json\/wp\/v2\/pages\/5970\/revisions\/6049"}],"wp:attachment":[{"href":"https:\/\/www.murphylawfirm.com\/es\/wp-json\/wp\/v2\/media?parent=5970"}],"curies":[{"name":"wp","href":"https:\/\/api.w.org\/{rel}","templated":true}]}}