{"id":621,"date":"2024-04-17T11:24:51","date_gmt":"2024-04-17T11:24:51","guid":{"rendered":"https:\/\/www.murphylawfirm.com\/?page_id=621"},"modified":"2025-03-12T18:16:14","modified_gmt":"2025-03-12T18:16:14","slug":"filtros-ivc","status":"publish","type":"page","link":"https:\/\/www.murphylawfirm.com\/es\/mass-tort\/defective-medical-devices\/ivc-filters\/","title":{"rendered":"Filtros IVC"},"content":{"rendered":"<div id=\"ez-toc-container\" class=\"ez-toc-v2_0_83 counter-hierarchy ez-toc-counter ez-toc-transparent ez-toc-container-direction\">\n<div class=\"ez-toc-title-container\">\n<p class=\"ez-toc-title ez-toc-toggle\" style=\"cursor:pointer\">\u00cdndice<\/p>\n<span class=\"ez-toc-title-toggle\"><a href=\"#\" class=\"ez-toc-pull-right ez-toc-btn ez-toc-btn-xs ez-toc-btn-default ez-toc-toggle\" aria-label=\"Toggle Table of Content\"><span class=\"ez-toc-js-icon-con\"><span class=\"\"><span class=\"eztoc-hide\" style=\"display:none;\">Toggle<\/span><span class=\"ez-toc-icon-toggle-span\"><svg style=\"fill: #999;color:#999\" xmlns=\"http:\/\/www.w3.org\/2000\/svg\" class=\"list-377408\" width=\"20px\" height=\"20px\" viewbox=\"0 0 24 24\" fill=\"none\"><path d=\"M6 6H4v2h2V6zm14 0H8v2h12V6zM4 11h2v2H4v-2zm16 0H8v2h12v-2zM4 16h2v2H4v-2zm16 0H8v2h12v-2z\" fill=\"currentColor\"><\/path><\/svg><svg style=\"fill: #999;color:#999\" class=\"arrow-unsorted-368013\" xmlns=\"http:\/\/www.w3.org\/2000\/svg\" width=\"10px\" height=\"10px\" viewbox=\"0 0 24 24\" version=\"1.2\" baseprofile=\"tiny\"><path d=\"M18.2 9.3l-6.2-6.3-6.2 6.3c-.2.2-.3.4-.3.7s.1.5.3.7c.2.2.4.3.7.3h11c.3 0 .5-.1.7-.3.2-.2.3-.5.3-.7s-.1-.5-.3-.7zM5.8 14.7l6.2 6.3 6.2-6.3c.2-.2.3-.5.3-.7s-.1-.5-.3-.7c-.2-.2-.4-.3-.7-.3h-11c-.3 0-.5.1-.7.3-.2.2-.3.5-.3.7s.1.5.3.7z\"\/><\/svg><\/span><\/span><\/span><\/a><\/span><\/div>\n<nav><ul class='ez-toc-list ez-toc-list-level-1 eztoc-toggle-hide-by-default' ><li class='ez-toc-page-1 ez-toc-heading-level-2'><a class=\"ez-toc-link ez-toc-heading-1\" href=\"https:\/\/www.murphylawfirm.com\/es\/mass-tort\/defective-medical-devices\/ivc-filters\/#ivc-filter-recall-injuries\" >Retirada del mercado del filtro VCI y lesiones<\/a><ul class='ez-toc-list-level-3' ><li class='ez-toc-heading-level-3'><a class=\"ez-toc-link ez-toc-heading-2\" href=\"https:\/\/www.murphylawfirm.com\/es\/mass-tort\/defective-medical-devices\/ivc-filters\/#dangers-of-ivc-filters\" >Peligros de los filtros VCI<\/a><\/li><li class='ez-toc-page-1 ez-toc-heading-level-3'><a class=\"ez-toc-link ez-toc-heading-3\" href=\"https:\/\/www.murphylawfirm.com\/es\/mass-tort\/defective-medical-devices\/ivc-filters\/#government-warnings\" >Advertencias del Gobierno<\/a><\/li><li class='ez-toc-page-1 ez-toc-heading-level-3'><a class=\"ez-toc-link ez-toc-heading-4\" href=\"https:\/\/www.murphylawfirm.com\/es\/mass-tort\/defective-medical-devices\/ivc-filters\/#ivc-filter-models-and-manufacturers\" >Modelos y fabricantes de filtros IVC<\/a><\/li><li class='ez-toc-page-1 ez-toc-heading-level-3'><a class=\"ez-toc-link ez-toc-heading-5\" href=\"https:\/\/www.murphylawfirm.com\/es\/mass-tort\/defective-medical-devices\/ivc-filters\/#ivc-filter-litigation\" >Litigios sobre filtros IVC<\/a><\/li><li class='ez-toc-page-1 ez-toc-heading-level-3'><a class=\"ez-toc-link ez-toc-heading-6\" href=\"https:\/\/www.murphylawfirm.com\/es\/mass-tort\/defective-medical-devices\/ivc-filters\/#get-help-with-your-ivc-filter-injury-claim\" >Obtenga ayuda con su reclamaci\u00f3n por lesiones del filtro IVC<\/a><\/li><\/ul><\/li><\/ul><\/nav><\/div>\n<h2><span class=\"ez-toc-section\" id=\"ivc-filter-recall-injuries\"><\/span>Retirada del mercado del filtro VCI y lesiones<span class=\"ez-toc-section-end\"><\/span><\/h2>\n<h5>Informaci\u00f3n y qu\u00e9 hacer<\/h5>\n<p>Un filtro de vena cava inferior, o <strong>Filtro IVC<\/strong>es un dispositivo implantado para impedir que los co\u00e1gulos sangu\u00edneos lleguen a los pulmones del paciente. Por desgracia, los filtros VCI mal dise\u00f1ados y defectuosos han causado da\u00f1os irreparables a miles de pacientes. Las lesiones m\u00e1s comunes incluyen la perforaci\u00f3n de \u00f3rganos\/venas, la migraci\u00f3n del filtro desde el lugar del implante y la creaci\u00f3n de co\u00e1gulos sangu\u00edneos.<\/p>\n<p>Los pacientes lesionados y sus familiares pueden tener derecho a una indemnizaci\u00f3n por da\u00f1os y perjuicios a trav\u00e9s de una demanda por un filtro IVC. La mayor\u00eda de las demandas por responsabilidad civil de productos IVC se est\u00e1n consolidando en expedientes de tribunales federales dise\u00f1ados espec\u00edficamente para abordar las lesiones generalizadas causadas por filtros defectuosos. Debido a que hay miles de v\u00edctimas del filtro IVC con diferentes lesiones, es importante que documente su da\u00f1o ampliamente y busque un recurso legal r\u00e1pidamente con la ayuda de un abogado de lesiones por filtro IVC. Adem\u00e1s de las demandas por filtros IVC, muchos pacientes que han sufrido a causa de dispositivos m\u00e9dicos defectuosos tambi\u00e9n buscan justicia a trav\u00e9s de <a href=\"https:\/\/www.murphylawfirm.com\/es\/responsabilidad-civil-masiva\/productos-sanitarios-defectuosos\/malla-de-hernia\/\">Demandas por mallas de hernia<\/a>. Si usted o un ser querido ha sufrido complicaciones a causa de implantes de mallas para hernias, tambi\u00e9n puede tener derecho a una indemnizaci\u00f3n.<\/p>\n<p><img decoding=\"async\" title=\"filtros ivc\" src=\"https:\/\/www.murphylawfirm.com\/wp-content\/uploads\/2024\/11\/ivc-filters.webp\" \/><\/p>\n<h3><span class=\"ez-toc-section\" id=\"dangers-of-ivc-filters\"><\/span>Peligros de los filtros VCI<span class=\"ez-toc-section-end\"><\/span><\/h3>\n<p>La finalidad de los filtros de vena cava inferior es impedir que los co\u00e1gulos sangu\u00edneos lleguen a los pulmones, una afecci\u00f3n potencialmente mortal conocida como embolia pulmonar (EP). Sin embargo, muchos fabricantes de filtros VCI no dise\u00f1aron ni fabricaron correctamente estos dispositivos. Seg\u00fan un estudio m\u00e9dico, el 40% de los filtros VCI implantados se hab\u00edan desplazado de su posici\u00f3n \u00f3ptima.<\/p>\n<p>El tipo de defecto y da\u00f1o causado var\u00eda entre los pacientes, pero las lesiones y problemas m\u00e1s comunes de la VCI incluyen:<\/p>\n<ul>\n<li>Perforaci\u00f3n o punci\u00f3n de \u00f3rganos y vasos sangu\u00edneos<\/li>\n<li>No filtra los co\u00e1gulos sangu\u00edneos da\u00f1inos despu\u00e9s de que el dispositivo migre o se incline<\/li>\n<li>Da\u00f1os o muerte por fracturas del filtro VCI, que env\u00eda fragmentos a trav\u00e9s del torrente sangu\u00edneo.<\/li>\n<li>Co\u00e1gulos de sangre, o embolizaci\u00f3n, causados por el filtro VCI<\/li>\n<li>Trombosis venosa profunda (TVP) de miembros inferiores<\/li>\n<\/ul>\n<p>Los filtros VCI se dise\u00f1aron para utilizarse poco tiempo -la Administraci\u00f3n de Alimentos y Medicamentos de EE.UU. (FDA) indica que el tiempo ideal de implantaci\u00f3n es de 29 a 54 d\u00edas-, pero muchos dispositivos permanecen en el paciente m\u00e1s tiempo o fallan antes de poder retirarse. Adem\u00e1s, la extracci\u00f3n del filtro intravenoso suele ser molesta y presenta sus propios riesgos.<\/p>\n<h3><span class=\"ez-toc-section\" id=\"government-warnings\"><\/span>Advertencias del Gobierno<span class=\"ez-toc-section-end\"><\/span><\/h3>\n<p>En 2004, el fabricante de dispositivos m\u00e9dicos C.R. Bard contrat\u00f3 a un consultor de litigios para que estudiara la peligrosidad de sus filtros IVC de nuevo dise\u00f1o frente a los modelos m\u00e1s antiguos. El informe, conocido como Informe Lehmann, se elabor\u00f3 \u00fanicamente con fines internos y se filtr\u00f3 accidentalmente. Su admisibilidad como prueba en las demandas por responsabilidad civil por el uso de filtros IVC es muy controvertida. Como m\u00ednimo, el informe indica que C.R. Bard sab\u00eda que sus filtros IVC presentaban efectos secundarios graves para los pacientes, pero no comparti\u00f3 ese conocimiento con los pacientes ni con la FDA.<\/p>\n<p>En 2013, un estudio publicado en el Journal of the American Medical Association (JAMA) examin\u00f3 los riesgos y beneficios relacionados con la duraci\u00f3n del implante del filtro VCI de un paciente. Tras examinar los historiales m\u00e9dicos disponibles, los investigadores descubrieron que muchos m\u00e9dicos no retiraban a tiempo los filtros VCI a sus pacientes cuando ya hab\u00eda pasado la amenaza de embolia pulmonar.<\/p>\n<p>Los cient\u00edficos revisaron los datos disponibles para hallar un plazo ideal para retirar los dispositivos de filtrado de VCI a los pacientes, y llegaron a la conclusi\u00f3n de que entre 29 y 54 d\u00edas despu\u00e9s de la implantaci\u00f3n suele ser el \u00f3ptimo. Los filtros intravenosos presentan una elevada tasa de fallos que aumenta cuanto m\u00e1s tiempo permanece implantado el dispositivo. La investigaci\u00f3n, descrita como puntuaci\u00f3n neta de riesgo, revel\u00f3 que el riesgo de acontecimientos adversos empezaba a aumentar entre cinco y ocho semanas despu\u00e9s de que a un paciente se le implantara un filtro VCI.<\/p>\n<h3><span class=\"ez-toc-section\" id=\"ivc-filter-models-and-manufacturers\"><\/span>Modelos y fabricantes de filtros IVC<span class=\"ez-toc-section-end\"><\/span><\/h3>\n<p>Los fabricantes y modelos responsables de la mayor\u00eda de las lesiones por filtros IVC en EE.UU. incluyen:<\/p>\n<ul>\n<li>C.R Bard<\/li>\n<li>Filtro Bard G2<\/li>\n<li>Filtro de recuperaci\u00f3n Bard<\/li>\n<li>Filtro Bard G2 Express<\/li>\n<li>Cook Medical<\/li>\n<li>Cocinero Celect<\/li>\n<li>Tulip\u00e1n Gunther<\/li>\n<\/ul>\n<p>El filtro IVC espec\u00edfico responsable de sus problemas de salud puede influir en el lugar donde debe presentar su demanda. Obtenga m\u00e1s informaci\u00f3n en la secci\u00f3n siguiente.<\/p>\n<p><img decoding=\"async\" src=\"https:\/\/www.murphylawfirm.com\/wp-content\/uploads\/2024\/04\/IVC-photo-300x225.webp\" alt=\"\" \/><\/p>\n<h3><span class=\"ez-toc-section\" id=\"ivc-filter-litigation\"><\/span>Litigios sobre filtros IVC<span class=\"ez-toc-section-end\"><\/span><\/h3>\n<p>El n\u00famero de pacientes lesionados por filtros IVC est\u00e1 creciendo r\u00e1pidamente, por lo que los tribunales estadounidenses est\u00e1n organizando las demandas contra Cook Medical en un proceso conocido como litigio multidistrito (MDL). Las demandas por filtros IVC contra Cook Medical se est\u00e1n consolidando en el Tribunal de Distrito de EE.UU. en el Distrito Sur de Indiana.<\/p>\n<p>Las demandas contra C.R. Bard a\u00fan no se han consolidado, pero es probable que eso ocurra pronto. Los fabricantes demandados suelen estar a favor de las MDL porque les permiten defender -o resolver- sistem\u00e1ticamente los pleitos en un \u00fanico tribunal, ante un \u00fanico juez y en una \u00fanica instancia. <a href=\"https:\/\/en.wikipedia.org\/wiki\/Baton_Rouge,_Louisiana\" target=\"_blank\" rel=\"noopener\">Baton Rouge<\/a>.<\/p>\n<p>En algunos casos, la demanda de una v\u00edctima de lesiones no es apropiada para su consolidaci\u00f3n en el expediente de la MDL. En <a href=\"https:\/\/www.murphylawfirm.com\/es\/responsabilidad-civil-masiva\/productos-sanitarios-defectuosos\/\">abogado experto en productos sanitarios defectuosos<\/a> puede ayudarle a decidir qu\u00e9 enfoque es el mejor para su demanda de filtro IVC.<\/p>\n<h3><span class=\"ez-toc-section\" id=\"get-help-with-your-ivc-filter-injury-claim\"><\/span>Obtenga ayuda con su reclamaci\u00f3n por lesiones del filtro IVC<span class=\"ez-toc-section-end\"><\/span><\/h3>\n<p>Murphy Law Firm, LLC est\u00e1 representando a las v\u00edctimas del filtro IVC y aceptando m\u00e1s clientes. Nuestro bufete de abogados ha representado con \u00e9xito a miles de personas con reclamaciones de responsabilidad por productos que involucran dispositivos m\u00e9dicos defectuosos o medicamentos farmac\u00e9uticos. <a href=\"https:\/\/www.murphylawfirm.com\/es\/nuestro-equipo\/\">Nuestro equipo de abogados en Murphy Law Firm<\/a> tiene la experiencia que su reclamaci\u00f3n necesita para conseguirle una indemnizaci\u00f3n completa.<\/p>\n<p>Para una consulta inicial GRATUITA con un abogado fundador <a href=\"https:\/\/www.murphylawfirm.com\/es\/nuestro-equipo\/peyton-murphy\/\">Peyton P. Murphy<\/a>llame al <a href=\"tel:(225) 928-8800\">(225) 928-8800<\/a>o <a href=\"https:\/\/www.murphylawfirm.com\/es\/pongase-en-contacto-con\/\">contacto en l\u00ednea<\/a>.<\/p>","protected":false},"excerpt":{"rendered":"<p>IVC Filter Recall &amp; Injuries Information &amp; What To Do An inferior vena cava filter, or IVC filter, is an implanted device designed to prevent blood clots from reaching a patient\u2019s lungs. Unfortunately, poorly designed and defective IVC filters have caused irreparable harm to thousands of patients. The most common injuries include punctured organs\/veins, filter &hellip; <\/p>\n<p class=\"link-more\"><a href=\"https:\/\/www.murphylawfirm.com\/es\/mass-tort\/defective-medical-devices\/ivc-filters\/\" class=\"more-link\">Seguir leyendo<span class=\"screen-reader-text\"> &#8220;IVC Filters&#8221;<\/span><\/a><\/p>","protected":false},"author":1,"featured_media":0,"parent":378,"menu_order":0,"comment_status":"closed","ping_status":"closed","template":"","meta":{"_acf_changed":false,"footnotes":""},"class_list":["post-621","page","type-page","status-publish","hentry","entry"],"acf":[],"yoast_head":"<!-- This site is optimized with the Yoast SEO plugin v27.6 - https:\/\/yoast.com\/product\/yoast-seo-wordpress\/ -->\n<title>IVC Filter Recall | Personal Injury Lawyer Near Me | Murphy in Baton Rouge<\/title>\n<meta name=\"description\" content=\"Because there are thousands of IVC filter victims with varying injuries, it is important that you document your harm extensively and pursue legal recourse with a personal injury lawyer from Murphy.\" \/>\n<meta name=\"robots\" content=\"index, follow, max-snippet:-1, max-image-preview:large, max-video-preview:-1\" \/>\n<link rel=\"canonical\" href=\"https:\/\/www.murphylawfirm.com\/es\/responsabilidad-civil-masiva\/productos-sanitarios-defectuosos\/filtros-ivc\/\" \/>\n<meta property=\"og:locale\" content=\"es_MX\" \/>\n<meta property=\"og:type\" content=\"article\" \/>\n<meta property=\"og:title\" content=\"IVC Filter Recall | Personal Injury Lawyer Near Me | Murphy in Baton Rouge\" \/>\n<meta property=\"og:description\" content=\"Because there are thousands of IVC filter victims with varying injuries, it is important that you document your harm extensively and pursue legal recourse with a personal injury lawyer from Murphy.\" \/>\n<meta property=\"og:url\" content=\"https:\/\/www.murphylawfirm.com\/es\/responsabilidad-civil-masiva\/productos-sanitarios-defectuosos\/filtros-ivc\/\" \/>\n<meta property=\"og:site_name\" content=\"Murphy Law Firm\" \/>\n<meta property=\"article:publisher\" content=\"https:\/\/www.facebook.com\/MurphyLawFirm225\/\" \/>\n<meta property=\"article:modified_time\" content=\"2025-03-12T18:16:14+00:00\" \/>\n<meta property=\"og:image\" content=\"https:\/\/www.murphylawfirm.com\/wp-content\/uploads\/2024\/11\/ivc-filters.webp\" \/>\n<meta name=\"twitter:card\" content=\"summary_large_image\" \/>\n<meta name=\"twitter:site\" content=\"@murphylawfirm225\" \/>\n<meta name=\"twitter:label1\" content=\"Tiempo de lectura\" \/>\n\t<meta name=\"twitter:data1\" content=\"5 minutos\" \/>\n<!-- \/ Yoast SEO plugin. -->","yoast_head_json":{"title":"IVC Filter Recall | Abogado de lesiones personales cerca de m\u00ed | Murphy en Baton Rouge","description":"Porque hay millares de v\u00edctimas del filtro de IVC con lesiones que var\u00edan, es importante que usted documenta su da\u00f1o extensivamente y persigue el recurso legal con un abogado de los da\u00f1os corporales de Murphy.","robots":{"index":"index","follow":"follow","max-snippet":"max-snippet:-1","max-image-preview":"max-image-preview:large","max-video-preview":"max-video-preview:-1"},"canonical":"https:\/\/www.murphylawfirm.com\/es\/responsabilidad-civil-masiva\/productos-sanitarios-defectuosos\/filtros-ivc\/","og_locale":"es_MX","og_type":"article","og_title":"IVC Filter Recall | Personal Injury Lawyer Near Me | Murphy in Baton Rouge","og_description":"Because there are thousands of IVC filter victims with varying injuries, it is important that you document your harm extensively and pursue legal recourse with a personal injury lawyer from Murphy.","og_url":"https:\/\/www.murphylawfirm.com\/es\/responsabilidad-civil-masiva\/productos-sanitarios-defectuosos\/filtros-ivc\/","og_site_name":"Murphy Law Firm","article_publisher":"https:\/\/www.facebook.com\/MurphyLawFirm225\/","article_modified_time":"2025-03-12T18:16:14+00:00","og_image":[{"url":"https:\/\/www.murphylawfirm.com\/wp-content\/uploads\/2024\/11\/ivc-filters.webp","type":"","width":"","height":""}],"twitter_card":"summary_large_image","twitter_site":"@murphylawfirm225","twitter_misc":{"Tiempo de lectura":"5 minutos"},"schema":{"@context":"https:\/\/schema.org","@graph":[{"@type":"WebPage","@id":"https:\/\/www.murphylawfirm.com\/mass-tort\/defective-medical-devices\/ivc-filters\/","url":"https:\/\/www.murphylawfirm.com\/mass-tort\/defective-medical-devices\/ivc-filters\/","name":"IVC Filter Recall | Abogado de lesiones personales cerca de m\u00ed | Murphy en Baton Rouge","isPartOf":{"@id":"https:\/\/www.murphylawfirm.com\/#website"},"primaryImageOfPage":{"@id":"https:\/\/www.murphylawfirm.com\/mass-tort\/defective-medical-devices\/ivc-filters\/#primaryimage"},"image":{"@id":"https:\/\/www.murphylawfirm.com\/mass-tort\/defective-medical-devices\/ivc-filters\/#primaryimage"},"thumbnailUrl":"https:\/\/www.murphylawfirm.com\/wp-content\/uploads\/2024\/11\/ivc-filters.webp","datePublished":"2024-04-17T11:24:51+00:00","dateModified":"2025-03-12T18:16:14+00:00","description":"Porque hay millares de v\u00edctimas del filtro de IVC con lesiones que var\u00edan, es importante que usted documenta su da\u00f1o extensivamente y persigue el recurso legal con un abogado de los da\u00f1os corporales de Murphy.","breadcrumb":{"@id":"https:\/\/www.murphylawfirm.com\/mass-tort\/defective-medical-devices\/ivc-filters\/#breadcrumb"},"inLanguage":"es","potentialAction":[{"@type":"ReadAction","target":["https:\/\/www.murphylawfirm.com\/mass-tort\/defective-medical-devices\/ivc-filters\/"]}]},{"@type":"ImageObject","inLanguage":"es","@id":"https:\/\/www.murphylawfirm.com\/mass-tort\/defective-medical-devices\/ivc-filters\/#primaryimage","url":"https:\/\/www.murphylawfirm.com\/wp-content\/uploads\/2024\/11\/ivc-filters.webp","contentUrl":"https:\/\/www.murphylawfirm.com\/wp-content\/uploads\/2024\/11\/ivc-filters.webp"},{"@type":"BreadcrumbList","@id":"https:\/\/www.murphylawfirm.com\/mass-tort\/defective-medical-devices\/ivc-filters\/#breadcrumb","itemListElement":[{"@type":"ListItem","position":1,"name":"Home","item":"https:\/\/www.murphylawfirm.com\/"},{"@type":"ListItem","position":2,"name":"Baton Rouge Mass Tort Lawyer","item":"https:\/\/www.murphylawfirm.com\/mass-tort\/"},{"@type":"ListItem","position":3,"name":"Baton Rouge Defective Medical Device Lawyer","item":"https:\/\/www.murphylawfirm.com\/mass-tort\/defective-medical-devices\/"},{"@type":"ListItem","position":4,"name":"IVC Filters"}]},{"@type":"WebSite","@id":"https:\/\/www.murphylawfirm.com\/#website","url":"https:\/\/www.murphylawfirm.com\/","name":"Bufete Murphy","description":"","publisher":{"@id":"https:\/\/www.murphylawfirm.com\/#organization"},"potentialAction":[{"@type":"SearchAction","target":{"@type":"EntryPoint","urlTemplate":"https:\/\/www.murphylawfirm.com\/?s={search_term_string}"},"query-input":{"@type":"PropertyValueSpecification","valueRequired":true,"valueName":"search_term_string"}}],"inLanguage":"es"},{"@type":"Organization","@id":"https:\/\/www.murphylawfirm.com\/#organization","name":"Bufete Murphy","alternateName":"Murphy Law Firm","url":"https:\/\/www.murphylawfirm.com\/","logo":{"@type":"ImageObject","inLanguage":"es","@id":"https:\/\/www.murphylawfirm.com\/#\/schema\/logo\/image\/","url":"https:\/\/www.murphylawfirm.com\/wp-content\/uploads\/2024\/05\/murphy.jpg","contentUrl":"https:\/\/www.murphylawfirm.com\/wp-content\/uploads\/2024\/05\/murphy.jpg","width":309,"height":79,"caption":"Murphy Law Firm"},"image":{"@id":"https:\/\/www.murphylawfirm.com\/#\/schema\/logo\/image\/"},"sameAs":["https:\/\/www.facebook.com\/MurphyLawFirm225\/","https:\/\/x.com\/murphylawfirm225","https:\/\/www.instagram.com\/murphylawfirm225\/","https:\/\/www.linkedin.com\/in\/murphy-law-firm-peyton-murphy\/","https:\/\/maps.app.goo.gl\/WCtGDyEwg1JYgwZ87","https:\/\/www.yelp.com\/biz\/murphy-law-firm-baton-rouge-3","https:\/\/www.mapquest.com\/us\/louisiana\/murphy-law-firm-284707425","https:\/\/www.lawinfo.com\/lawfirm\/louisiana\/baton-rouge\/murphy-law-firm-llc\/97a2f249-3b83-4255-b82a-f62955d76970.html","https:\/\/www.hg.org\/attorney\/murphy-law-firm-llc\/68580","https:\/\/lawyers.findlaw.com\/louisiana\/baton-rouge\/2388680_1\/","https:\/\/www.bbb.org\/us\/la\/baton-rouge\/profile\/lawyers\/murphy-law-firm-llc-0835-12003342","https:\/\/www.lawyers.com\/baton-rouge\/louisiana\/murphy-law-firm-42910679-f\/","https:\/\/nextdoor.com\/pages\/murphy-law-firm-llc\/","https:\/\/www.lawyer4criminaldefense.com\/criminal-defense-lawyers\/listing\/b637fd75d4bc11b1a32273b847ba8a37\/","https:\/\/www.expertise.com\/legal\/slip-and-fall-lawyers\/louisiana\/baton-rouge","https:\/\/www.youtube.com\/@MurphyLawFirmBatonRouge"]}]}},"_links":{"self":[{"href":"https:\/\/www.murphylawfirm.com\/es\/wp-json\/wp\/v2\/pages\/621","targetHints":{"allow":["GET"]}}],"collection":[{"href":"https:\/\/www.murphylawfirm.com\/es\/wp-json\/wp\/v2\/pages"}],"about":[{"href":"https:\/\/www.murphylawfirm.com\/es\/wp-json\/wp\/v2\/types\/page"}],"author":[{"embeddable":true,"href":"https:\/\/www.murphylawfirm.com\/es\/wp-json\/wp\/v2\/users\/1"}],"replies":[{"embeddable":true,"href":"https:\/\/www.murphylawfirm.com\/es\/wp-json\/wp\/v2\/comments?post=621"}],"version-history":[{"count":9,"href":"https:\/\/www.murphylawfirm.com\/es\/wp-json\/wp\/v2\/pages\/621\/revisions"}],"predecessor-version":[{"id":6091,"href":"https:\/\/www.murphylawfirm.com\/es\/wp-json\/wp\/v2\/pages\/621\/revisions\/6091"}],"up":[{"embeddable":true,"href":"https:\/\/www.murphylawfirm.com\/es\/wp-json\/wp\/v2\/pages\/378"}],"wp:attachment":[{"href":"https:\/\/www.murphylawfirm.com\/es\/wp-json\/wp\/v2\/media?parent=621"}],"curies":[{"name":"wp","href":"https:\/\/api.w.org\/{rel}","templated":true}]}}