{"id":6388,"date":"2025-03-27T20:22:28","date_gmt":"2025-03-27T20:22:28","guid":{"rendered":"https:\/\/www.murphylawfirm.com\/?page_id=6388"},"modified":"2025-03-27T20:22:28","modified_gmt":"2025-03-27T20:22:28","slug":"abogado-de-accidentes-de-conduccion-distraida-en-gonzales","status":"publish","type":"page","link":"https:\/\/www.murphylawfirm.com\/es\/gonzales-distracted-driving-accident-lawyer\/","title":{"rendered":"Gonzales Abogado de accidente de conducci\u00f3n distra\u00edda"},"content":{"rendered":"<div id=\"ez-toc-container\" class=\"ez-toc-v2_0_82_2 counter-hierarchy ez-toc-counter ez-toc-transparent ez-toc-container-direction\">\n<div class=\"ez-toc-title-container\">\n<p class=\"ez-toc-title ez-toc-toggle\" style=\"cursor:pointer\">\u00cdndice<\/p>\n<span class=\"ez-toc-title-toggle\"><a href=\"#\" class=\"ez-toc-pull-right ez-toc-btn ez-toc-btn-xs ez-toc-btn-default ez-toc-toggle\" aria-label=\"Toggle Table of Content\"><span class=\"ez-toc-js-icon-con\"><span class=\"\"><span class=\"eztoc-hide\" style=\"display:none;\">Toggle<\/span><span class=\"ez-toc-icon-toggle-span\"><svg style=\"fill: #999;color:#999\" xmlns=\"http:\/\/www.w3.org\/2000\/svg\" class=\"list-377408\" width=\"20px\" height=\"20px\" viewbox=\"0 0 24 24\" fill=\"none\"><path d=\"M6 6H4v2h2V6zm14 0H8v2h12V6zM4 11h2v2H4v-2zm16 0H8v2h12v-2zM4 16h2v2H4v-2zm16 0H8v2h12v-2z\" fill=\"currentColor\"><\/path><\/svg><svg style=\"fill: #999;color:#999\" class=\"arrow-unsorted-368013\" xmlns=\"http:\/\/www.w3.org\/2000\/svg\" width=\"10px\" height=\"10px\" viewbox=\"0 0 24 24\" version=\"1.2\" baseprofile=\"tiny\"><path d=\"M18.2 9.3l-6.2-6.3-6.2 6.3c-.2.2-.3.4-.3.7s.1.5.3.7c.2.2.4.3.7.3h11c.3 0 .5-.1.7-.3.2-.2.3-.5.3-.7s-.1-.5-.3-.7zM5.8 14.7l6.2 6.3 6.2-6.3c.2-.2.3-.5.3-.7s-.1-.5-.3-.7c-.2-.2-.4-.3-.7-.3h-11c-.3 0-.5.1-.7.3-.2.2-.3.5-.3.7s.1.5.3.7z\"\/><\/svg><\/span><\/span><\/span><\/a><\/span><\/div>\n<nav><ul class='ez-toc-list ez-toc-list-level-1 eztoc-toggle-hide-by-default' ><li class='ez-toc-page-1 ez-toc-heading-level-2'><a class=\"ez-toc-link ez-toc-heading-1\" href=\"https:\/\/www.murphylawfirm.com\/es\/gonzales-distracted-driving-accident-lawyer\/#gonzales-distracted-driving-accident-attorney\" >Gonzales Abogado de accidente de conducci\u00f3n distra\u00edda<\/a><\/li><li class='ez-toc-page-1 ez-toc-heading-level-2'><a class=\"ez-toc-link ez-toc-heading-2\" href=\"https:\/\/www.murphylawfirm.com\/es\/gonzales-distracted-driving-accident-lawyer\/#navigating-a-distracted-driving-accident-with-murphy-law-firm\" >Navegar un accidente de conducci\u00f3n distra\u00edda con Murphy Law Firm<\/a><\/li><li class='ez-toc-page-1 ez-toc-heading-level-2'><a class=\"ez-toc-link ez-toc-heading-3\" href=\"https:\/\/www.murphylawfirm.com\/es\/gonzales-distracted-driving-accident-lawyer\/#distracted-driving-accidents-in-gonzales\" >Accidentes por distracci\u00f3n al volante en Gonzales<\/a><\/li><li class='ez-toc-page-1 ez-toc-heading-level-2'><a class=\"ez-toc-link ez-toc-heading-4\" href=\"https:\/\/www.murphylawfirm.com\/es\/gonzales-distracted-driving-accident-lawyer\/#what-should-you-do-after-a-distracted-driving-accident-in-gonzales\" >\u00bfQu\u00e9 debe hacer despu\u00e9s de un accidente por conducci\u00f3n distra\u00edda en Gonzales?<\/a><\/li><li class='ez-toc-page-1 ez-toc-heading-level-2'><a class=\"ez-toc-link ez-toc-heading-5\" href=\"https:\/\/www.murphylawfirm.com\/es\/gonzales-distracted-driving-accident-lawyer\/#faqs\" >Preguntas frecuentes<\/a><ul class='ez-toc-list-level-3' ><li class='ez-toc-heading-level-3'><a class=\"ez-toc-link ez-toc-heading-6\" href=\"https:\/\/www.murphylawfirm.com\/es\/gonzales-distracted-driving-accident-lawyer\/#how-long-does-it-take-to-settle-a-car-accident-claim-in-louisiana\" >\u00bfCu\u00e1nto tiempo se tarda en resolver una reclamaci\u00f3n por accidente de coche en Louisiana?<\/a><\/li><li class='ez-toc-page-1 ez-toc-heading-level-3'><a class=\"ez-toc-link ez-toc-heading-7\" href=\"https:\/\/www.murphylawfirm.com\/es\/gonzales-distracted-driving-accident-lawyer\/#what-is-the-distracted-driving-law-in-louisiana\" >\u00bfCu\u00e1l es la ley de conducci\u00f3n distra\u00edda en Louisiana?<\/a><\/li><li class='ez-toc-page-1 ez-toc-heading-level-3'><a class=\"ez-toc-link ez-toc-heading-8\" href=\"https:\/\/www.murphylawfirm.com\/es\/gonzales-distracted-driving-accident-lawyer\/#how-do-you-prove-a-driver-was-distracted\" >\u00bfC\u00f3mo probar que un conductor estaba distra\u00eddo?<\/a><\/li><li class='ez-toc-page-1 ez-toc-heading-level-3'><a class=\"ez-toc-link ez-toc-heading-9\" href=\"https:\/\/www.murphylawfirm.com\/es\/gonzales-distracted-driving-accident-lawyer\/#is-distracted-driving-gross-negligence\" >\u00bfConducir distra\u00eddo es una negligencia grave?<\/a><\/li><\/ul><\/li><li class='ez-toc-page-1 ez-toc-heading-level-2'><a class=\"ez-toc-link ez-toc-heading-10\" href=\"https:\/\/www.murphylawfirm.com\/es\/gonzales-distracted-driving-accident-lawyer\/#financial-recovery-after-a-distracted-driving-accident\" >Recuperaci\u00f3n financiera tras un accidente por conducci\u00f3n distra\u00edda<\/a><\/li><\/ul><\/nav><\/div>\n<h2><span class=\"ez-toc-section\" id=\"gonzales-distracted-driving-accident-attorney\"><\/span>Gonzales Abogado de accidente de conducci\u00f3n distra\u00edda<span class=\"ez-toc-section-end\"><\/span><\/h2>\n<p>Hay muchas maneras en que un conductor puede distraerse mientras maneja su veh\u00edculo, y cualquier acci\u00f3n que desv\u00ede la atenci\u00f3n de la carretera puede aumentar las posibilidades de un accidente. La conducci\u00f3n distra\u00edda es una de las principales causas de accidentes y puede causar da\u00f1os y lesiones a otras personas en los veh\u00edculos y cerca de la carretera. Si usted o un ser querido ha sufrido lesiones por culpa de un conductor distra\u00eddo, es posible que pueda obtener una indemnizaci\u00f3n. A <strong>abogado experto en accidentes por conducci\u00f3n distra\u00edda Gonzales<\/strong> puede ayudar.<\/p>\n<p><img loading=\"lazy\" decoding=\"async\" class=\"alignnone wp-image-6471\" title=\"contrate a un abogado de accidentes por conducci\u00f3n distra\u00edda en gonzales\" src=\"https:\/\/www.murphylawfirm.com\/wp-content\/uploads\/2025\/03\/hire-gonzales-distracted-driving-accident-lawyer.webp\" alt=\"contrate a un abogado de accidentes por conducci\u00f3n distra\u00edda en gonzales\" width=\"1200\" height=\"600\" srcset=\"https:\/\/www.murphylawfirm.com\/wp-content\/uploads\/2025\/03\/hire-gonzales-distracted-driving-accident-lawyer.webp 800w, https:\/\/www.murphylawfirm.com\/wp-content\/uploads\/2025\/03\/hire-gonzales-distracted-driving-accident-lawyer-300x150.webp 300w, https:\/\/www.murphylawfirm.com\/wp-content\/uploads\/2025\/03\/hire-gonzales-distracted-driving-accident-lawyer-768x384.webp 768w, https:\/\/www.murphylawfirm.com\/wp-content\/uploads\/2025\/03\/hire-gonzales-distracted-driving-accident-lawyer-18x9.webp 18w\" sizes=\"auto, (max-width: 1200px) 100vw, 1200px\" \/><\/p>\n<h2><span class=\"ez-toc-section\" id=\"navigating-a-distracted-driving-accident-with-murphy-law-firm\"><\/span>Navegar un accidente de conducci\u00f3n distra\u00edda con Murphy Law Firm<span class=\"ez-toc-section-end\"><\/span><\/h2>\n<p>Las distracciones pueden provenir del interior y del exterior del veh\u00edculo, de los propios pensamientos del conductor o de otras personas que se encuentren en su veh\u00edculo. Los tel\u00e9fonos m\u00f3viles y otros dispositivos electr\u00f3nicos son una causa importante de distracci\u00f3n. Cuando los conductores no prestan atenci\u00f3n a la carretera, est\u00e1n actuando con negligencia y poniendo a otros en peligro. Esta acci\u00f3n imprudente y descuidada debe abordarse. Cuando causa un accidente, el conductor puede ser considerado responsable.<\/p>\n<p><a href=\"https:\/\/www.murphylawfirm.com\/es\/por-que-elegirnos\/\">Bufete Murphy<\/a> puede ayudarle a responsabilizar al conductor. Un accidente de tr\u00e1fico puede dejarle con lesiones importantes, que le ocasionen costosas facturas m\u00e9dicas y le impidan obtener ingresos. Si presentas una demanda contra el conductor negligente que caus\u00f3 el accidente, podr\u00e1s recuperar una parte o la totalidad de estas p\u00e9rdidas.<\/p>\n<p>En nuestro bufete podemos ayudarle con esta reclamaci\u00f3n, determinar si tiene fundamento para ello e investigar la causa del accidente. Contamos con m\u00e1s de 150 a\u00f1os de experiencia jur\u00eddica colectiva apoyando a los lesionados en nuestras comunidades, incluida la Gonzales. Nuestro <a href=\"https:\/\/www.murphylawfirm.com\/es\/gonzales-abogado-de-accidente-de-coche\/\">equipo de abogados con experiencia en casos de accidentes de tr\u00e1fico<\/a> entiende lo frustrante que es lidiar con las secuelas de un accidente que es culpa de otra persona. Perm\u00edtanos ayudarle a obtener la recuperaci\u00f3n financiera que necesita.<\/p>\n<h2><span class=\"ez-toc-section\" id=\"distracted-driving-accidents-in-gonzales\"><\/span>Accidentes por distracci\u00f3n al volante en Gonzales<span class=\"ez-toc-section-end\"><\/span><\/h2>\n<p>Aunque provoca muchos accidentes, la conducci\u00f3n distra\u00edda es, por desgracia, habitual. En 2024, se produjeron <a href=\"https:\/\/cartsdashboardserver.lsu.edu\/t\/CARTS\/views\/SectionF-Dashboard\/SectionF-Dashboard?%3AshowAppBanner=false&amp;%3Adisplay_count=n&amp;%3AshowVizHome=n&amp;%3Aorigin=viz_share_link&amp;%3Atoolbar=yes&amp;%3Aembed=y&amp;%3Alinktarget=_self\" target=\"_blank\" rel=\"noopener\">280 accidentes mortales de conductores<\/a> en Louisiana atribuidos a distracciones al volante. Cinco de estos accidentes mortales se debieron a distracciones con el tel\u00e9fono m\u00f3vil, pero en 272 accidentes mortales no se conocen los motivos que se les atribuyen. De los 280 accidentes mortales que se atribuyeron a distracciones, siete de ellos ocurrieron en Ascension Parish.<\/p>\n<p>En 2024, hubo un total de 145 accidentes causados por distracci\u00f3n en Ascension Parish, incluidos siete accidentes mortales y 138 presuntos accidentes con heridos. Mientras que la mayor\u00eda de estos accidentes tuvieron una causa desconocida de distracci\u00f3n, hubo ocho accidentes causados por tel\u00e9fonos m\u00f3viles de mano, todos los cuales fueron presuntos accidentes con lesiones. La siguiente causa de distracci\u00f3n fue un pasajero o no motorista, que provoc\u00f3 cuatro colisiones, una de ellas mortal.<\/p>\n<h2><span class=\"ez-toc-section\" id=\"what-should-you-do-after-a-distracted-driving-accident-in-gonzales\"><\/span>\u00bfQu\u00e9 debe hacer despu\u00e9s de un accidente por conducci\u00f3n distra\u00edda en Gonzales?<span class=\"ez-toc-section-end\"><\/span><\/h2>\n<p>Lo m\u00e1s importante que hay que hacer despu\u00e9s de un accidente por conducir ebrio en <a href=\"https:\/\/en.wikipedia.org\/wiki\/Gonzales,_Louisiana\" target=\"_blank\" rel=\"noopener\">Gonzales, LA<\/a> es llamar al 911 e informar del accidente, as\u00ed como de sus lesiones y de cualquier otra lesi\u00f3n de la que tenga conocimiento. De esta forma se asegura de que habr\u00e1 un informe policial del accidente y de que todas las partes recibir\u00e1n atenci\u00f3n m\u00e9dica. Espera en el lugar del accidente para facilitar informaci\u00f3n a la polic\u00eda y recibir atenci\u00f3n m\u00e9dica de urgencia.<\/p>\n<p><strong>Hay otras medidas que puede tomar para proteger sus derechos, entre ellas:<\/strong><\/p>\n<ul>\n<li>Documentar la escena del accidente tomando fotograf\u00edas de los veh\u00edculos, sus lesiones y las condiciones circundantes.<\/li>\n<li>Intercambiar informaci\u00f3n con el otro conductor o conductores, incluida la informaci\u00f3n del seguro, la informaci\u00f3n de contacto y la informaci\u00f3n del veh\u00edculo.<\/li>\n<li>Obtener informaci\u00f3n de contacto de los testigos del accidente<\/li>\n<li>Notificar el accidente a su aseguradora<\/li>\n<li>Ponerse en contacto con un abogado experto en lesiones personales por accidente de coche<\/li>\n<\/ul>\n<p>Despu\u00e9s de estos pasos, debe recibir tratamiento m\u00e9dico adicional. Esto le proporcionar\u00e1 una documentaci\u00f3n m\u00e1s exhaustiva de sus lesiones, y su proveedor m\u00e9dico puede estar mejor equipado para buscar ciertas lesiones subyacentes. El n\u00famero del Hospital St. Elizabeth es (225) 647-5000, y el hospital est\u00e1 situado en:<\/p>\n<p><strong>1125 W Autopista 30<br \/>\nGonzalez, LA 70737<\/strong><\/p>\n<p>Si la aseguradora del otro conductor intenta ponerse en contacto con usted, espere hasta que su abogado pueda hablar en su nombre.<\/p>\n<div class=\"accsec-ritcnt accordion\">\n<h2><span class=\"ez-toc-section\" id=\"faqs\"><\/span>Preguntas frecuentes<span class=\"ez-toc-section-end\"><\/span><\/h2>\n<div class=\"accordion-section\">\n<h3><span class=\"ez-toc-section\" id=\"how-long-does-it-take-to-settle-a-car-accident-claim-in-louisiana\"><\/span><a class=\"accordion-section-title\" href=\"#accordion-1\">\u00bfCu\u00e1nto tiempo se tarda en resolver una reclamaci\u00f3n por accidente de coche en Louisiana?<\/a><span class=\"ez-toc-section-end\"><\/span><\/h3>\n<div id=\"accordion-1\" class=\"accordion-section-content open\">\n<p>El tiempo que se tarda en resolver una reclamaci\u00f3n por accidente de coche en Louisiana var\u00eda, ya que cada caso es \u00fanico. Si trabaja con un abogado, \u00e9ste puede ayudarle a evitar errores, lo que puede agilizar el proceso de presentaci\u00f3n de una reclamaci\u00f3n. Sin embargo, cuando se trabaja con un abogado, tambi\u00e9n es posible que la reclamaci\u00f3n lleve m\u00e1s tiempo porque su abogado negociar\u00e1 para conseguir una reclamaci\u00f3n completa y justa. Un acuerdo r\u00e1pido despu\u00e9s de un accidente significa que su indemnizaci\u00f3n puede ser insuficiente.<\/p>\n<\/div>\n<\/div>\n<div class=\"accordion-section\">\n<h3><span class=\"ez-toc-section\" id=\"what-is-the-distracted-driving-law-in-louisiana\"><\/span><a class=\"accordion-section-title\" href=\"#accordion-2\">\u00bfCu\u00e1l es la ley de conducci\u00f3n distra\u00edda en Louisiana?<\/a><span class=\"ez-toc-section-end\"><\/span><\/h3>\n<div id=\"accordion-2\" class=\"accordion-section-content\">\n<p>El uso de tel\u00e9fonos m\u00f3viles mientras se conduce es ilegal en Louisiana y es una violaci\u00f3n en movimiento. No todas las acciones distra\u00eddas son infracciones expl\u00edcitas, pero hacen que la conducci\u00f3n sea m\u00e1s peligrosa. Dependiendo de su ubicaci\u00f3n y parroquia, muchas acciones distra\u00eddas podr\u00edan ser ilegales. Si un conductor se distrae mientras conduce en Louisiana, puede ser considerado responsable si esa distracci\u00f3n caus\u00f3 el accidente. La acci\u00f3n no tiene que ser una violaci\u00f3n en movimiento para que el conductor sea responsable.<\/p>\n<\/div>\n<\/div>\n<div class=\"accordion-section\">\n<h3><span class=\"ez-toc-section\" id=\"how-do-you-prove-a-driver-was-distracted\"><\/span><a class=\"accordion-section-title\" href=\"#accordion-3\">\u00bfC\u00f3mo probar que un conductor estaba distra\u00eddo?<\/a><span class=\"ez-toc-section-end\"><\/span><\/h3>\n<div id=\"accordion-3\" class=\"accordion-section-content\">\n<p><strong>C\u00f3mo se puede demostrar que un conductor estaba distra\u00eddo en un accidente puede requerir pruebas tales como:<\/strong><\/p>\n<ul>\n<li>Registros de tel\u00e9fonos m\u00f3viles<\/li>\n<li>Informes policiales y de accidentes<\/li>\n<li>Publicaciones en redes sociales<\/li>\n<li>Fotos o im\u00e1genes del accidente<\/li>\n<li>Declaraciones de testigos<\/li>\n<\/ul>\n<p>Las pruebas necesarias depender\u00e1n del tipo de distracci\u00f3n y accidente. Cuando se trabaja con un abogado de lesiones personales, que tienen los recursos para investigar a fondo el accidente y descubrir pruebas de distracci\u00f3n, dando a su reclamo una mejor oportunidad de \u00e9xito.<\/p>\n<\/div>\n<\/div>\n<div class=\"accordion-section\">\n<h3><span class=\"ez-toc-section\" id=\"is-distracted-driving-gross-negligence\"><\/span><a class=\"accordion-section-title\" href=\"#accordion-4\">\u00bfConducir distra\u00eddo es una negligencia grave?<\/a><span class=\"ez-toc-section-end\"><\/span><\/h3>\n<div id=\"accordion-4\" class=\"accordion-section-content\">\n<p>La conducci\u00f3n distra\u00edda puede ser considerada negligencia grave dependiendo de las circunstancias, pero a menudo es s\u00f3lo una forma de negligencia o imprudencia en la carretera. Con los mensajes de texto y la conducci\u00f3n, que es ilegal, hay una presunci\u00f3n de negligencia porque la persona rompi\u00f3 las leyes de la carretera. Otras acciones de distracci\u00f3n no siempre son ilegales, lo que significa que debes demostrar que el conductor incumpli\u00f3 su deber de diligencia contigo al realizar la acci\u00f3n.<\/p>\n<\/div>\n<\/div>\n<\/div>\n<h2><span class=\"ez-toc-section\" id=\"financial-recovery-after-a-distracted-driving-accident\"><\/span>Recuperaci\u00f3n financiera tras un accidente por conducci\u00f3n distra\u00edda<span class=\"ez-toc-section-end\"><\/span><\/h2>\n<p>Despu\u00e9s de un accidente de conducci\u00f3n distra\u00edda, es probable que se presente con el proveedor de seguros de la parte culpable. Estas compa\u00f1\u00edas de seguros son dif\u00edciles de tratar en cualquier situaci\u00f3n, y puede ser a\u00fan m\u00e1s dif\u00edcil cuando usted est\u00e1 lesionado. Una aseguradora se centra en su cuenta de resultados. Para proteger sus intereses, necesita un abogado experto.<\/p>\n<p>En Murphy Law Firm, podemos tratar con el asegurador para usted y luchar por la recuperaci\u00f3n financiera justa y completa. <a href=\"https:\/\/www.murphylawfirm.com\/es\/pongase-en-contacto-con\/\">P\u00f3ngase en contacto con nuestro equipo<\/a> para ver c\u00f3mo podemos ayudarle.<\/p>","protected":false},"excerpt":{"rendered":"<p>Gonzales Distracted Driving Accident Attorney There are many ways that a driver can be distracted while operating their vehicle, and any action that takes focus off the road can increase the chances of an accident. Distracted driving is one of the primary causes of accidents and can cause harm and injury to others in vehicles &hellip; <\/p>\n<p class=\"link-more\"><a href=\"https:\/\/www.murphylawfirm.com\/es\/gonzales-distracted-driving-accident-lawyer\/\" class=\"more-link\">Seguir leyendo<span class=\"screen-reader-text\"> &#8220;Gonzales Distracted Driving Accident Lawyer&#8221;<\/span><\/a><\/p>","protected":false},"author":1,"featured_media":0,"parent":0,"menu_order":0,"comment_status":"closed","ping_status":"closed","template":"","meta":{"_acf_changed":false,"footnotes":""},"class_list":["post-6388","page","type-page","status-publish","hentry","entry"],"acf":[],"yoast_head":"<!-- This site is optimized with the Yoast SEO plugin v27.4 - https:\/\/yoast.com\/product\/yoast-seo-wordpress\/ -->\n<title>Gonzales Distracted Driving Accident Lawyer - Free Consultation<\/title>\n<meta name=\"description\" content=\"Looking for a Gonzales Distracted Driving Accident Lawyer? Trust Murphy Law Firm with your auto case. Schedule free consultation today!\" \/>\n<meta name=\"robots\" content=\"index, follow, max-snippet:-1, max-image-preview:large, max-video-preview:-1\" \/>\n<link rel=\"canonical\" href=\"https:\/\/www.murphylawfirm.com\/es\/abogado-de-accidentes-de-conduccion-distraida-en-gonzales\/\" \/>\n<meta property=\"og:locale\" content=\"es_MX\" \/>\n<meta property=\"og:type\" content=\"article\" \/>\n<meta property=\"og:title\" content=\"Gonzales Distracted Driving Accident Lawyer - Free Consultation\" \/>\n<meta property=\"og:description\" content=\"Looking for a Gonzales Distracted Driving Accident Lawyer? Trust Murphy Law Firm with your auto case. Schedule free consultation today!\" \/>\n<meta property=\"og:url\" content=\"https:\/\/www.murphylawfirm.com\/es\/abogado-de-accidentes-de-conduccion-distraida-en-gonzales\/\" \/>\n<meta property=\"og:site_name\" content=\"Murphy Law Firm\" \/>\n<meta property=\"article:publisher\" content=\"https:\/\/www.facebook.com\/MurphyLawFirm225\/\" \/>\n<meta property=\"og:image\" content=\"https:\/\/www.murphylawfirm.com\/wp-content\/uploads\/2025\/03\/hire-gonzales-distracted-driving-accident-lawyer.webp\" \/>\n\t<meta property=\"og:image:width\" content=\"800\" \/>\n\t<meta property=\"og:image:height\" content=\"400\" \/>\n\t<meta property=\"og:image:type\" content=\"image\/webp\" \/>\n<meta name=\"twitter:card\" content=\"summary_large_image\" \/>\n<meta name=\"twitter:site\" content=\"@murphylawfirm225\" \/>\n<meta name=\"twitter:label1\" content=\"Tiempo de lectura\" \/>\n\t<meta name=\"twitter:data1\" content=\"5 minutos\" \/>\n<!-- \/ Yoast SEO plugin. -->","yoast_head_json":{"title":"Gonzales Abogado de Accidente de Conducci\u00f3n Distra\u00edda - Consulta Gratuita","description":"\u00bfBusca un abogado de accidentes por conducci\u00f3n distra\u00edda? Conf\u00ede en Murphy Law Firm con su caso de auto. \u00a1Programe una consulta gratuita hoy!","robots":{"index":"index","follow":"follow","max-snippet":"max-snippet:-1","max-image-preview":"max-image-preview:large","max-video-preview":"max-video-preview:-1"},"canonical":"https:\/\/www.murphylawfirm.com\/es\/abogado-de-accidentes-de-conduccion-distraida-en-gonzales\/","og_locale":"es_MX","og_type":"article","og_title":"Gonzales Distracted Driving Accident Lawyer - Free Consultation","og_description":"Looking for a Gonzales Distracted Driving Accident Lawyer? Trust Murphy Law Firm with your auto case. Schedule free consultation today!","og_url":"https:\/\/www.murphylawfirm.com\/es\/abogado-de-accidentes-de-conduccion-distraida-en-gonzales\/","og_site_name":"Murphy Law Firm","article_publisher":"https:\/\/www.facebook.com\/MurphyLawFirm225\/","og_image":[{"width":800,"height":400,"url":"https:\/\/www.murphylawfirm.com\/wp-content\/uploads\/2025\/03\/hire-gonzales-distracted-driving-accident-lawyer.webp","type":"image\/webp"}],"twitter_card":"summary_large_image","twitter_site":"@murphylawfirm225","twitter_misc":{"Tiempo de lectura":"5 minutos"},"schema":{"@context":"https:\/\/schema.org","@graph":[{"@type":"WebPage","@id":"https:\/\/www.murphylawfirm.com\/gonzales-distracted-driving-accident-lawyer\/","url":"https:\/\/www.murphylawfirm.com\/gonzales-distracted-driving-accident-lawyer\/","name":"Gonzales Abogado de Accidente de Conducci\u00f3n Distra\u00edda - Consulta Gratuita","isPartOf":{"@id":"https:\/\/www.murphylawfirm.com\/#website"},"primaryImageOfPage":{"@id":"https:\/\/www.murphylawfirm.com\/gonzales-distracted-driving-accident-lawyer\/#primaryimage"},"image":{"@id":"https:\/\/www.murphylawfirm.com\/gonzales-distracted-driving-accident-lawyer\/#primaryimage"},"thumbnailUrl":"https:\/\/www.murphylawfirm.com\/wp-content\/uploads\/2025\/03\/hire-gonzales-distracted-driving-accident-lawyer.webp","datePublished":"2025-03-27T20:22:28+00:00","description":"\u00bfBusca un abogado de accidentes por conducci\u00f3n distra\u00edda? Conf\u00ede en Murphy Law Firm con su caso de auto. \u00a1Programe una consulta gratuita hoy!","breadcrumb":{"@id":"https:\/\/www.murphylawfirm.com\/gonzales-distracted-driving-accident-lawyer\/#breadcrumb"},"inLanguage":"es","potentialAction":[{"@type":"ReadAction","target":["https:\/\/www.murphylawfirm.com\/gonzales-distracted-driving-accident-lawyer\/"]}]},{"@type":"ImageObject","inLanguage":"es","@id":"https:\/\/www.murphylawfirm.com\/gonzales-distracted-driving-accident-lawyer\/#primaryimage","url":"https:\/\/www.murphylawfirm.com\/wp-content\/uploads\/2025\/03\/hire-gonzales-distracted-driving-accident-lawyer.webp","contentUrl":"https:\/\/www.murphylawfirm.com\/wp-content\/uploads\/2025\/03\/hire-gonzales-distracted-driving-accident-lawyer.webp"},{"@type":"BreadcrumbList","@id":"https:\/\/www.murphylawfirm.com\/gonzales-distracted-driving-accident-lawyer\/#breadcrumb","itemListElement":[{"@type":"ListItem","position":1,"name":"Home","item":"https:\/\/www.murphylawfirm.com\/"},{"@type":"ListItem","position":2,"name":"Gonzales Distracted Driving Accident Lawyer"}]},{"@type":"WebSite","@id":"https:\/\/www.murphylawfirm.com\/#website","url":"https:\/\/www.murphylawfirm.com\/","name":"Bufete Murphy","description":"","publisher":{"@id":"https:\/\/www.murphylawfirm.com\/#organization"},"potentialAction":[{"@type":"SearchAction","target":{"@type":"EntryPoint","urlTemplate":"https:\/\/www.murphylawfirm.com\/?s={search_term_string}"},"query-input":{"@type":"PropertyValueSpecification","valueRequired":true,"valueName":"search_term_string"}}],"inLanguage":"es"},{"@type":"Organization","@id":"https:\/\/www.murphylawfirm.com\/#organization","name":"Bufete Murphy","alternateName":"Murphy Law Firm","url":"https:\/\/www.murphylawfirm.com\/","logo":{"@type":"ImageObject","inLanguage":"es","@id":"https:\/\/www.murphylawfirm.com\/#\/schema\/logo\/image\/","url":"https:\/\/www.murphylawfirm.com\/wp-content\/uploads\/2024\/05\/murphy.jpg","contentUrl":"https:\/\/www.murphylawfirm.com\/wp-content\/uploads\/2024\/05\/murphy.jpg","width":309,"height":79,"caption":"Murphy Law Firm"},"image":{"@id":"https:\/\/www.murphylawfirm.com\/#\/schema\/logo\/image\/"},"sameAs":["https:\/\/www.facebook.com\/MurphyLawFirm225\/","https:\/\/x.com\/murphylawfirm225","https:\/\/www.instagram.com\/murphylawfirm225\/","https:\/\/www.linkedin.com\/in\/murphy-law-firm-peyton-murphy\/","https:\/\/maps.app.goo.gl\/WCtGDyEwg1JYgwZ87","https:\/\/www.yelp.com\/biz\/murphy-law-firm-baton-rouge-3","https:\/\/www.mapquest.com\/us\/louisiana\/murphy-law-firm-284707425","https:\/\/www.lawinfo.com\/lawfirm\/louisiana\/baton-rouge\/murphy-law-firm-llc\/97a2f249-3b83-4255-b82a-f62955d76970.html","https:\/\/www.hg.org\/attorney\/murphy-law-firm-llc\/68580","https:\/\/lawyers.findlaw.com\/louisiana\/baton-rouge\/2388680_1\/","https:\/\/www.bbb.org\/us\/la\/baton-rouge\/profile\/lawyers\/murphy-law-firm-llc-0835-12003342","https:\/\/www.lawyers.com\/baton-rouge\/louisiana\/murphy-law-firm-42910679-f\/","https:\/\/nextdoor.com\/pages\/murphy-law-firm-llc\/","https:\/\/www.lawyer4criminaldefense.com\/criminal-defense-lawyers\/listing\/b637fd75d4bc11b1a32273b847ba8a37\/","https:\/\/www.expertise.com\/legal\/slip-and-fall-lawyers\/louisiana\/baton-rouge","https:\/\/www.youtube.com\/@MurphyLawFirmBatonRouge"]}]}},"_links":{"self":[{"href":"https:\/\/www.murphylawfirm.com\/es\/wp-json\/wp\/v2\/pages\/6388","targetHints":{"allow":["GET"]}}],"collection":[{"href":"https:\/\/www.murphylawfirm.com\/es\/wp-json\/wp\/v2\/pages"}],"about":[{"href":"https:\/\/www.murphylawfirm.com\/es\/wp-json\/wp\/v2\/types\/page"}],"author":[{"embeddable":true,"href":"https:\/\/www.murphylawfirm.com\/es\/wp-json\/wp\/v2\/users\/1"}],"replies":[{"embeddable":true,"href":"https:\/\/www.murphylawfirm.com\/es\/wp-json\/wp\/v2\/comments?post=6388"}],"version-history":[{"count":2,"href":"https:\/\/www.murphylawfirm.com\/es\/wp-json\/wp\/v2\/pages\/6388\/revisions"}],"predecessor-version":[{"id":6472,"href":"https:\/\/www.murphylawfirm.com\/es\/wp-json\/wp\/v2\/pages\/6388\/revisions\/6472"}],"wp:attachment":[{"href":"https:\/\/www.murphylawfirm.com\/es\/wp-json\/wp\/v2\/media?parent=6388"}],"curies":[{"name":"wp","href":"https:\/\/api.w.org\/{rel}","templated":true}]}}