{"id":6396,"date":"2025-03-24T13:20:11","date_gmt":"2025-03-24T13:20:11","guid":{"rendered":"https:\/\/www.murphylawfirm.com\/?page_id=6396"},"modified":"2025-03-27T20:54:28","modified_gmt":"2025-03-27T20:54:28","slug":"plaquemine-distraido-accidente-de-conduccion-abogado","status":"publish","type":"page","link":"https:\/\/www.murphylawfirm.com\/es\/plaquemine-distracted-driving-accident-lawyer\/","title":{"rendered":"Plaquemine Abogado de accidentes por conducci\u00f3n distra\u00edda"},"content":{"rendered":"<div id=\"ez-toc-container\" class=\"ez-toc-v2_0_82_2 counter-hierarchy ez-toc-counter ez-toc-transparent ez-toc-container-direction\">\n<div class=\"ez-toc-title-container\">\n<p class=\"ez-toc-title ez-toc-toggle\" style=\"cursor:pointer\">\u00cdndice<\/p>\n<span class=\"ez-toc-title-toggle\"><a href=\"#\" class=\"ez-toc-pull-right ez-toc-btn ez-toc-btn-xs ez-toc-btn-default ez-toc-toggle\" aria-label=\"Toggle Table of Content\"><span class=\"ez-toc-js-icon-con\"><span class=\"\"><span class=\"eztoc-hide\" style=\"display:none;\">Toggle<\/span><span class=\"ez-toc-icon-toggle-span\"><svg style=\"fill: #999;color:#999\" xmlns=\"http:\/\/www.w3.org\/2000\/svg\" class=\"list-377408\" width=\"20px\" height=\"20px\" viewbox=\"0 0 24 24\" fill=\"none\"><path d=\"M6 6H4v2h2V6zm14 0H8v2h12V6zM4 11h2v2H4v-2zm16 0H8v2h12v-2zM4 16h2v2H4v-2zm16 0H8v2h12v-2z\" fill=\"currentColor\"><\/path><\/svg><svg style=\"fill: #999;color:#999\" class=\"arrow-unsorted-368013\" xmlns=\"http:\/\/www.w3.org\/2000\/svg\" width=\"10px\" height=\"10px\" viewbox=\"0 0 24 24\" version=\"1.2\" baseprofile=\"tiny\"><path d=\"M18.2 9.3l-6.2-6.3-6.2 6.3c-.2.2-.3.4-.3.7s.1.5.3.7c.2.2.4.3.7.3h11c.3 0 .5-.1.7-.3.2-.2.3-.5.3-.7s-.1-.5-.3-.7zM5.8 14.7l6.2 6.3 6.2-6.3c.2-.2.3-.5.3-.7s-.1-.5-.3-.7c-.2-.2-.4-.3-.7-.3h-11c-.3 0-.5.1-.7.3-.2.2-.3.5-.3.7s.1.5.3.7z\"\/><\/svg><\/span><\/span><\/span><\/a><\/span><\/div>\n<nav><ul class='ez-toc-list ez-toc-list-level-1 eztoc-toggle-hide-by-default' ><li class='ez-toc-page-1 ez-toc-heading-level-2'><a class=\"ez-toc-link ez-toc-heading-1\" href=\"https:\/\/www.murphylawfirm.com\/es\/plaquemine-distracted-driving-accident-lawyer\/#plaquemine-distracted-driving-accident-attorney\" >Plaquemine Abogado de accidente de conducci\u00f3n distra\u00edda<\/a><\/li><li class='ez-toc-page-1 ez-toc-heading-level-2'><a class=\"ez-toc-link ez-toc-heading-2\" href=\"https:\/\/www.murphylawfirm.com\/es\/plaquemine-distracted-driving-accident-lawyer\/#murphy-law-firm-navigating-the-aftermath-of-distracted-driving-accidents\" >Murphy Law Firm. Navegando por las secuelas de los accidentes de conducci\u00f3n distra\u00edda<\/a><\/li><li class='ez-toc-page-1 ez-toc-heading-level-2'><a class=\"ez-toc-link ez-toc-heading-3\" href=\"https:\/\/www.murphylawfirm.com\/es\/plaquemine-distracted-driving-accident-lawyer\/#what-are-the-types-of-distracted-driving\" >Tipos de distracciones al volante<\/a><\/li><li class='ez-toc-page-1 ez-toc-heading-level-2'><a class=\"ez-toc-link ez-toc-heading-4\" href=\"https:\/\/www.murphylawfirm.com\/es\/plaquemine-distracted-driving-accident-lawyer\/#how-does-distracted-driving-affect-my-accident-claim\" >C\u00f3mo afecta la conducci\u00f3n distra\u00edda a mi reclamaci\u00f3n por accidente.<\/a><ul class='ez-toc-list-level-3' ><li class='ez-toc-heading-level-3'><a class=\"ez-toc-link ez-toc-heading-5\" href=\"https:\/\/www.murphylawfirm.com\/es\/plaquemine-distracted-driving-accident-lawyer\/#faqs\" >Preguntas frecuentes<\/a><\/li><li class='ez-toc-page-1 ez-toc-heading-level-3'><a class=\"ez-toc-link ez-toc-heading-6\" href=\"https:\/\/www.murphylawfirm.com\/es\/plaquemine-distracted-driving-accident-lawyer\/#what-is-the-phone-law-in-louisiana\" >\u00bfQu\u00e9 es la ley telef\u00f3nica en Louisiana?<\/a><\/li><li class='ez-toc-page-1 ez-toc-heading-level-3'><a class=\"ez-toc-link ez-toc-heading-7\" href=\"https:\/\/www.murphylawfirm.com\/es\/plaquemine-distracted-driving-accident-lawyer\/#is-distracted-driving-the-same-as-reckless-driving\" >\u00bfEs lo mismo conducir distra\u00eddo que de forma temeraria?<\/a><\/li><li class='ez-toc-page-1 ez-toc-heading-level-3'><a class=\"ez-toc-link ez-toc-heading-8\" href=\"https:\/\/www.murphylawfirm.com\/es\/plaquemine-distracted-driving-accident-lawyer\/#how-do-you-prove-a-driver-was-distracted\" >\u00bfC\u00f3mo probar que un conductor estaba distra\u00eddo?<\/a><\/li><li class='ez-toc-page-1 ez-toc-heading-level-3'><a class=\"ez-toc-link ez-toc-heading-9\" href=\"https:\/\/www.murphylawfirm.com\/es\/plaquemine-distracted-driving-accident-lawyer\/#what-does-a-distracted-driving-accident-attorney-charge\" >\u00bfCu\u00e1nto cobra un abogado de accidentes por conducci\u00f3n distra\u00edda?<\/a><\/li><\/ul><\/li><li class='ez-toc-page-1 ez-toc-heading-level-2'><a class=\"ez-toc-link ez-toc-heading-10\" href=\"https:\/\/www.murphylawfirm.com\/es\/plaquemine-distracted-driving-accident-lawyer\/#work-with-murphy-law-firm-to-discuss-your-distracted-driving-accident-case\" >Trabaje con Murphy Law Firm para discutir su caso de accidente por conducci\u00f3n distra\u00edda<\/a><\/li><\/ul><\/nav><\/div>\n<h2><span class=\"ez-toc-section\" id=\"plaquemine-distracted-driving-accident-attorney\"><\/span>Plaquemine Abogado de accidente de conducci\u00f3n distra\u00edda<span class=\"ez-toc-section-end\"><\/span><\/h2>\n<p>Si usted fue herido en un accidente causado por un conductor distra\u00eddo, es importante saber que usted puede presentar una reclamaci\u00f3n para recuperar sus p\u00e9rdidas. Al trabajar con un <strong>abogado experto en accidentes por conducci\u00f3n distra\u00edda Plaquemine<\/strong>En el caso de un accidente de tr\u00e1fico, usted dispone de orientaci\u00f3n profesional y respuestas a sus preguntas, lo que le permite tomar decisiones importantes e informadas sobre su caso. Es probable que el abogado adecuado obtenga la m\u00e1xima indemnizaci\u00f3n posible por su reclamaci\u00f3n, incluido el coste de sus facturas m\u00e9dicas.<\/p>\n<p>Por desgracia, las distracciones al volante son frecuentes. Muchas personas creen err\u00f3neamente que no es un gran problema. Es importante ser consciente del impacto significativo de la conducci\u00f3n distra\u00edda. En 2022, la conducci\u00f3n distra\u00edda caus\u00f3 3.308 muertes en todo el pa\u00eds. En Louisiana en 2022, hubo 518 accidentes mortales. Usted no deber\u00eda tener que ser responsable de los costos de sus lesiones cuando suceden debido a la imprudencia de otro conductor.<\/p>\n<p><img loading=\"lazy\" decoding=\"async\" class=\"alignnone wp-image-6477\" title=\"contrate a un abogado de accidentes por conducci\u00f3n distra\u00edda en plaquemine\" src=\"https:\/\/www.murphylawfirm.com\/wp-content\/uploads\/2025\/03\/hire-plaquemine-distracted-driving-accident-lawyer.webp\" alt=\"contrate a un abogado de accidentes por conducci\u00f3n distra\u00edda en plaquemine\" width=\"1200\" height=\"600\" srcset=\"https:\/\/www.murphylawfirm.com\/wp-content\/uploads\/2025\/03\/hire-plaquemine-distracted-driving-accident-lawyer.webp 800w, https:\/\/www.murphylawfirm.com\/wp-content\/uploads\/2025\/03\/hire-plaquemine-distracted-driving-accident-lawyer-300x150.webp 300w, https:\/\/www.murphylawfirm.com\/wp-content\/uploads\/2025\/03\/hire-plaquemine-distracted-driving-accident-lawyer-768x384.webp 768w, https:\/\/www.murphylawfirm.com\/wp-content\/uploads\/2025\/03\/hire-plaquemine-distracted-driving-accident-lawyer-18x9.webp 18w\" sizes=\"auto, (max-width: 1200px) 100vw, 1200px\" \/><\/p>\n<h2><span class=\"ez-toc-section\" id=\"murphy-law-firm-navigating-the-aftermath-of-distracted-driving-accidents\"><\/span>Murphy Law Firm. Navegando por las secuelas de los accidentes de conducci\u00f3n distra\u00edda<span class=\"ez-toc-section-end\"><\/span><\/h2>\n<p>No deber\u00eda tener que gestionar usted solo una reclamaci\u00f3n civil o al seguro. Estas reclamaciones deben presentarse poco despu\u00e9s de un accidente. Con la ayuda de un abogado con experiencia, puede asegurarse de que la reclamaci\u00f3n se presenta de manera eficiente mientras se toma el tiempo para recuperarse f\u00edsicamente.<\/p>\n<p>Desde hace 30 a\u00f1os, <a href=\"https:\/\/www.murphylawfirm.com\/es\/por-que-elegirnos\/\">Bufete Murphy<\/a> ha luchado para apoyar los intereses de los heridos por la negligencia de otros. Entendemos el estr\u00e9s y la tensi\u00f3n de estos accidentes y queremos ayudarle a luchar por la justicia. Nuestro equipo puede apoyarle y proporcionarle apoyo legal diligente y compasivo.<\/p>\n<h2><span class=\"ez-toc-section\" id=\"what-are-the-types-of-distracted-driving\"><\/span>Tipos de distracciones al volante<span class=\"ez-toc-section-end\"><\/span><\/h2>\n<p>La conducci\u00f3n distra\u00edda se produce cuando un conductor desv\u00eda su atenci\u00f3n de la carretera de cualquier forma. En 2024, en el estado, hubo 8.890 presuntos accidentes con heridos causados por distracci\u00f3n y 280 accidentes mortales. En Iberville Parish, hubo 129 accidentes causados por distracci\u00f3n, cinco de los cuales fueron accidentes mortales.<\/p>\n<p><strong>Existen cuatro tipos principales de distracciones durante la conducci\u00f3n, a saber:<\/strong><\/p>\n<ol>\n<li><strong>Distracciones cognitivas<\/strong>. Cualquier cosa que desv\u00ede su atenci\u00f3n o concentraci\u00f3n de la carretera, como conducir cansado o estresado o distraerse con otras personas en el veh\u00edculo. Esto es especialmente com\u00fan para aquellos con ni\u00f1os o mascotas en sus veh\u00edculos. Dos presuntos accidentes con heridos en la parroquia en 2024 ocurrieron debido a la distracci\u00f3n de un pasajero o no motorista.<\/li>\n<li><strong>Distracciones manuales<\/strong>. Estas distracciones apartan las manos del volante, como entregar o coger un objeto a un pasajero, alcanzar algo en el suelo o ajustar par\u00e1metros en la consola.<\/li>\n<li><strong>Distracciones visuales<\/strong>. Esto ocurre cuando apartas la vista de la carretera. Puede estar mirando cosas fuera del veh\u00edculo, como carteles publicitarios, accidentes o paisajes, o dentro del veh\u00edculo, como dirigirse a un pasajero o comprobar una notificaci\u00f3n del tel\u00e9fono.<\/li>\n<li><strong>Distracciones auditivas<\/strong>. M\u00fasica alta o conversaciones que distraigan al conductor de prestar toda su atenci\u00f3n a la carretera.<\/li>\n<\/ol>\n<p>Los tel\u00e9fonos m\u00f3viles son uno de los tipos de distracci\u00f3n m\u00e1s peligrosos y prol\u00edficos porque combinan elementos visuales, manuales y cognitivos. Un accidente mortal y un presunto accidente con lesiones en Iberville Parish se debieron a un tel\u00e9fono m\u00f3vil, mientras que cinco accidentes mortales y 384 presuntos accidentes con lesiones ocurrieron en todo el estado debido al uso del tel\u00e9fono m\u00f3vil. Si ha resultado herido en un accidente de este tipo, un <a href=\"https:\/\/www.murphylawfirm.com\/es\/plaquemine-accidente-de-coche-abogado\/\">abogado con experiencia en accidentes de coche<\/a> puede ayudarle a comprender sus derechos y a reclamar una indemnizaci\u00f3n.<\/p>\n<h2><span class=\"ez-toc-section\" id=\"how-does-distracted-driving-affect-my-accident-claim\"><\/span>C\u00f3mo afecta la conducci\u00f3n distra\u00edda a mi reclamaci\u00f3n por accidente.<span class=\"ez-toc-section-end\"><\/span><\/h2>\n<p>En <a href=\"https:\/\/en.wikipedia.org\/wiki\/Plaquemine,_Louisiana\" target=\"_blank\" rel=\"noopener\">Plaquemine<\/a>cuando dos o m\u00e1s veh\u00edculos se ven implicados en un accidente, se presentan reclamaciones a la compa\u00f1\u00eda de seguros del conductor culpable. Un conductor es culpable de un accidente cuando incumple su deber de diligencia y este incumplimiento provoca el accidente. La negligencia es el motivo m\u00e1s com\u00fan de incumplimiento del deber de diligencia. La conducci\u00f3n distra\u00edda es una forma de negligencia en la carretera que se produce al no velar por la seguridad de los dem\u00e1s.<\/p>\n<p>Si el otro conductor estaba distra\u00eddo y esto caus\u00f3 el accidente, puede hacerle responsable de sus p\u00e9rdidas econ\u00f3micas. Si puede probar cada uno de estos elementos, deber\u00eda tener \u00e9xito en su reclamaci\u00f3n para recuperar p\u00e9rdidas como gastos m\u00e9dicos, p\u00e9rdida de ingresos, reducci\u00f3n de la capacidad de ganancia y da\u00f1os por dolor y sufrimiento.<\/p>\n<div class=\"accsec-ritcnt accordion\">\n<h3><span class=\"ez-toc-section\" id=\"faqs\"><\/span>Preguntas frecuentes<span class=\"ez-toc-section-end\"><\/span><\/h3>\n<div class=\"accordion-section\">\n<h3><span class=\"ez-toc-section\" id=\"what-is-the-phone-law-in-louisiana\"><\/span><a class=\"accordion-section-title\" href=\"#accordion-1\">\u00bfQu\u00e9 es la ley telef\u00f3nica en Louisiana?<\/a><span class=\"ez-toc-section-end\"><\/span><\/h3>\n<div id=\"accordion-1\" class=\"accordion-section-content open\">\n<p>En Louisiana, est\u00e1 prohibido utilizar el tel\u00e9fono para enviar mensajes de texto mientras se conduce. Esto incluye leer, enviar o escribir comunicaciones de texto. Tambi\u00e9n es ilegal acceder a las redes sociales mientras se conduce. Aunque hay algunas acciones en un tel\u00e9fono que el estado no proh\u00edbe, las parroquias individuales pueden prohibirlas. Incluso si no es ilegal participar en una determinada acci\u00f3n, como hacer una llamada telef\u00f3nica, todav\u00eda puede hacer que alguien sea civilmente responsable si fue negligente.<\/p>\n<\/div>\n<\/div>\n<div class=\"accordion-section\">\n<h3><span class=\"ez-toc-section\" id=\"is-distracted-driving-the-same-as-reckless-driving\"><\/span><a class=\"accordion-section-title\" href=\"#accordion-2\">\u00bfEs lo mismo conducir distra\u00eddo que de forma temeraria?<\/a><span class=\"ez-toc-section-end\"><\/span><\/h3>\n<div id=\"accordion-2\" class=\"accordion-section-content\">\n<p>La conducci\u00f3n distra\u00edda no es lo mismo que la conducci\u00f3n temeraria, aunque podr\u00eda convertirse en conducci\u00f3n temeraria. La conducci\u00f3n distra\u00edda es una forma de negligencia en la carretera en la que un conductor no cumple con su deber de diligencia. La imprudencia es una forma m\u00e1s extrema de negligencia que a menudo incluye un elemento de desprecio intencional por la seguridad de los dem\u00e1s. Que la conducci\u00f3n distra\u00edda sea imprudente depende del tipo de conducci\u00f3n distra\u00edda y de si est\u00e1 prohibida en la carretera.<\/p>\n<\/div>\n<\/div>\n<div class=\"accordion-section\">\n<h3><span class=\"ez-toc-section\" id=\"how-do-you-prove-a-driver-was-distracted\"><\/span><a class=\"accordion-section-title\" href=\"#accordion-3\">\u00bfC\u00f3mo probar que un conductor estaba distra\u00eddo?<\/a><span class=\"ez-toc-section-end\"><\/span><\/h3>\n<div id=\"accordion-3\" class=\"accordion-section-content\">\n<p><strong>Para demostrar que un conductor estaba distra\u00eddo, puede necesitar pruebas como:<\/strong><\/p>\n<ul>\n<li>Los registros de sus tel\u00e9fonos m\u00f3viles<\/li>\n<li>El informe del accidente<\/li>\n<li>Im\u00e1genes del accidente<\/li>\n<li>Fotos de su consola o salpicadero<\/li>\n<li>Testimonio de testigos presenciales<\/li>\n<li>Publicaciones en redes sociales<\/li>\n<\/ul>\n<p>El tipo de distracci\u00f3n tendr\u00e1 un impacto en los m\u00e9todos de investigaci\u00f3n y las pruebas necesarias. Cuando se trabaja con un abogado con experiencia, utilizan sus recursos para revisar el accidente y determinar si hay evidencia de conducci\u00f3n distra\u00edda.<\/p>\n<\/div>\n<\/div>\n<div class=\"accordion-section\">\n<h3><span class=\"ez-toc-section\" id=\"what-does-a-distracted-driving-accident-attorney-charge\"><\/span><a class=\"accordion-section-title\" href=\"#accordion-4\">\u00bfCu\u00e1nto cobra un abogado de accidentes por conducci\u00f3n distra\u00edda?<\/a><span class=\"ez-toc-section-end\"><\/span><\/h3>\n<div id=\"accordion-4\" class=\"accordion-section-content\">\n<p>La mayor\u00eda de los abogados de accidentes de conducci\u00f3n distra\u00edda cobran una cuota de contingencia, que es t\u00edpico para un caso de lesiones personales. Esto permite a una parte lesionada obtener apoyo legal experto sin necesidad de pagar costosos honorarios legales por adelantado. En su lugar, el abogado cobra un porcentaje del acuerdo final si se asegura un resultado exitoso. Es probable que este porcentaje aumente si el caso llega a juicio, ya que la tramitaci\u00f3n de un juicio requiere m\u00e1s tiempo y trabajo para el abogado.<\/p>\n<\/div>\n<\/div>\n<\/div>\n<h2><span class=\"ez-toc-section\" id=\"work-with-murphy-law-firm-to-discuss-your-distracted-driving-accident-case\"><\/span>Trabaje con Murphy Law Firm para discutir su caso de accidente por conducci\u00f3n distra\u00edda<span class=\"ez-toc-section-end\"><\/span><\/h2>\n<p>Los costes de un accidente de coche pueden ser importantes y acumularse con el tiempo. Cuando otra persona provoca un accidente por no prestar atenci\u00f3n a la carretera, una reclamaci\u00f3n al seguro puede recuperar tus p\u00e9rdidas econ\u00f3micas. <a href=\"https:\/\/www.murphylawfirm.com\/es\/pongase-en-contacto-con\/\">P\u00f3ngase en contacto con el bufete de abogados Murphy hoy<\/a> e inf\u00f3rmese de c\u00f3mo podemos ayudarle a investigar y presentar su reclamaci\u00f3n.<\/p>","protected":false},"excerpt":{"rendered":"<p>Plaquemine Distracted Driving Accident Attorney If you were injured in an accident caused by a distracted driver, it is important to know you can file a claim to recover your losses. By working with a skilled Plaquemine distracted driving accident lawyer, you have professional guidance and answers to your questions, allowing you to make important &hellip; <\/p>\n<p class=\"link-more\"><a href=\"https:\/\/www.murphylawfirm.com\/es\/plaquemine-distracted-driving-accident-lawyer\/\" class=\"more-link\">Seguir leyendo<span class=\"screen-reader-text\"> &#8220;Plaquemine Distracted Driving Accident Lawyer&#8221;<\/span><\/a><\/p>","protected":false},"author":1,"featured_media":0,"parent":0,"menu_order":0,"comment_status":"closed","ping_status":"closed","template":"","meta":{"_acf_changed":false,"footnotes":""},"class_list":["post-6396","page","type-page","status-publish","hentry","entry"],"acf":[],"yoast_head":"<!-- This site is optimized with the Yoast SEO plugin v27.4 - https:\/\/yoast.com\/product\/yoast-seo-wordpress\/ -->\n<title>Plaquemine Distracted Driving Accident Lawyer - Free Consultation<\/title>\n<meta name=\"description\" content=\"Need a Plaquemine Distracted Driving Accident Lawyer? Protect your rights with Murphy Law Firm and our expertise in auto cases. Get free consultation.\" \/>\n<meta name=\"robots\" content=\"index, follow, max-snippet:-1, max-image-preview:large, max-video-preview:-1\" \/>\n<link rel=\"canonical\" href=\"https:\/\/www.murphylawfirm.com\/es\/plaquemine-distraido-accidente-de-conduccion-abogado\/\" \/>\n<meta property=\"og:locale\" content=\"es_MX\" \/>\n<meta property=\"og:type\" content=\"article\" \/>\n<meta property=\"og:title\" content=\"Plaquemine Distracted Driving Accident Lawyer - Free Consultation\" \/>\n<meta property=\"og:description\" content=\"Need a Plaquemine Distracted Driving Accident Lawyer? Protect your rights with Murphy Law Firm and our expertise in auto cases. Get free consultation.\" \/>\n<meta property=\"og:url\" content=\"https:\/\/www.murphylawfirm.com\/es\/plaquemine-distraido-accidente-de-conduccion-abogado\/\" \/>\n<meta property=\"og:site_name\" content=\"Murphy Law Firm\" \/>\n<meta property=\"article:publisher\" content=\"https:\/\/www.facebook.com\/MurphyLawFirm225\/\" \/>\n<meta property=\"article:modified_time\" content=\"2025-03-27T20:54:28+00:00\" \/>\n<meta property=\"og:image\" content=\"https:\/\/www.murphylawfirm.com\/wp-content\/uploads\/2025\/03\/hire-plaquemine-distracted-driving-accident-lawyer.webp\" \/>\n\t<meta property=\"og:image:width\" content=\"800\" \/>\n\t<meta property=\"og:image:height\" content=\"400\" \/>\n\t<meta property=\"og:image:type\" content=\"image\/webp\" \/>\n<meta name=\"twitter:card\" content=\"summary_large_image\" \/>\n<meta name=\"twitter:site\" content=\"@murphylawfirm225\" \/>\n<meta name=\"twitter:label1\" content=\"Tiempo de lectura\" \/>\n\t<meta name=\"twitter:data1\" content=\"5 minutos\" \/>\n<!-- \/ Yoast SEO plugin. -->","yoast_head_json":{"title":"Plaquemine Abogado de Accidente de Conducci\u00f3n Distra\u00edda - Consulta Gratuita","description":"\u00bfNecesita un abogado de accidentes de conducci\u00f3n distra\u00edda Plaquemine? Proteja sus derechos con Murphy Law Firm y nuestra experiencia en casos de autom\u00f3viles. Obtenga una consulta gratuita.","robots":{"index":"index","follow":"follow","max-snippet":"max-snippet:-1","max-image-preview":"max-image-preview:large","max-video-preview":"max-video-preview:-1"},"canonical":"https:\/\/www.murphylawfirm.com\/es\/plaquemine-distraido-accidente-de-conduccion-abogado\/","og_locale":"es_MX","og_type":"article","og_title":"Plaquemine Distracted Driving Accident Lawyer - Free Consultation","og_description":"Need a Plaquemine Distracted Driving Accident Lawyer? Protect your rights with Murphy Law Firm and our expertise in auto cases. Get free consultation.","og_url":"https:\/\/www.murphylawfirm.com\/es\/plaquemine-distraido-accidente-de-conduccion-abogado\/","og_site_name":"Murphy Law Firm","article_publisher":"https:\/\/www.facebook.com\/MurphyLawFirm225\/","article_modified_time":"2025-03-27T20:54:28+00:00","og_image":[{"width":800,"height":400,"url":"https:\/\/www.murphylawfirm.com\/wp-content\/uploads\/2025\/03\/hire-plaquemine-distracted-driving-accident-lawyer.webp","type":"image\/webp"}],"twitter_card":"summary_large_image","twitter_site":"@murphylawfirm225","twitter_misc":{"Tiempo de lectura":"5 minutos"},"schema":{"@context":"https:\/\/schema.org","@graph":[{"@type":"WebPage","@id":"https:\/\/www.murphylawfirm.com\/plaquemine-distracted-driving-accident-lawyer\/","url":"https:\/\/www.murphylawfirm.com\/plaquemine-distracted-driving-accident-lawyer\/","name":"Plaquemine Abogado de Accidente de Conducci\u00f3n Distra\u00edda - Consulta Gratuita","isPartOf":{"@id":"https:\/\/www.murphylawfirm.com\/#website"},"primaryImageOfPage":{"@id":"https:\/\/www.murphylawfirm.com\/plaquemine-distracted-driving-accident-lawyer\/#primaryimage"},"image":{"@id":"https:\/\/www.murphylawfirm.com\/plaquemine-distracted-driving-accident-lawyer\/#primaryimage"},"thumbnailUrl":"https:\/\/www.murphylawfirm.com\/wp-content\/uploads\/2025\/03\/hire-plaquemine-distracted-driving-accident-lawyer.webp","datePublished":"2025-03-24T13:20:11+00:00","dateModified":"2025-03-27T20:54:28+00:00","description":"\u00bfNecesita un abogado de accidentes de conducci\u00f3n distra\u00edda Plaquemine? Proteja sus derechos con Murphy Law Firm y nuestra experiencia en casos de autom\u00f3viles. Obtenga una consulta gratuita.","breadcrumb":{"@id":"https:\/\/www.murphylawfirm.com\/plaquemine-distracted-driving-accident-lawyer\/#breadcrumb"},"inLanguage":"es","potentialAction":[{"@type":"ReadAction","target":["https:\/\/www.murphylawfirm.com\/plaquemine-distracted-driving-accident-lawyer\/"]}]},{"@type":"ImageObject","inLanguage":"es","@id":"https:\/\/www.murphylawfirm.com\/plaquemine-distracted-driving-accident-lawyer\/#primaryimage","url":"https:\/\/www.murphylawfirm.com\/wp-content\/uploads\/2025\/03\/hire-plaquemine-distracted-driving-accident-lawyer.webp","contentUrl":"https:\/\/www.murphylawfirm.com\/wp-content\/uploads\/2025\/03\/hire-plaquemine-distracted-driving-accident-lawyer.webp"},{"@type":"BreadcrumbList","@id":"https:\/\/www.murphylawfirm.com\/plaquemine-distracted-driving-accident-lawyer\/#breadcrumb","itemListElement":[{"@type":"ListItem","position":1,"name":"Home","item":"https:\/\/www.murphylawfirm.com\/"},{"@type":"ListItem","position":2,"name":"Plaquemine Distracted Driving Accident Lawyer"}]},{"@type":"WebSite","@id":"https:\/\/www.murphylawfirm.com\/#website","url":"https:\/\/www.murphylawfirm.com\/","name":"Bufete Murphy","description":"","publisher":{"@id":"https:\/\/www.murphylawfirm.com\/#organization"},"potentialAction":[{"@type":"SearchAction","target":{"@type":"EntryPoint","urlTemplate":"https:\/\/www.murphylawfirm.com\/?s={search_term_string}"},"query-input":{"@type":"PropertyValueSpecification","valueRequired":true,"valueName":"search_term_string"}}],"inLanguage":"es"},{"@type":"Organization","@id":"https:\/\/www.murphylawfirm.com\/#organization","name":"Bufete Murphy","alternateName":"Murphy Law Firm","url":"https:\/\/www.murphylawfirm.com\/","logo":{"@type":"ImageObject","inLanguage":"es","@id":"https:\/\/www.murphylawfirm.com\/#\/schema\/logo\/image\/","url":"https:\/\/www.murphylawfirm.com\/wp-content\/uploads\/2024\/05\/murphy.jpg","contentUrl":"https:\/\/www.murphylawfirm.com\/wp-content\/uploads\/2024\/05\/murphy.jpg","width":309,"height":79,"caption":"Murphy Law Firm"},"image":{"@id":"https:\/\/www.murphylawfirm.com\/#\/schema\/logo\/image\/"},"sameAs":["https:\/\/www.facebook.com\/MurphyLawFirm225\/","https:\/\/x.com\/murphylawfirm225","https:\/\/www.instagram.com\/murphylawfirm225\/","https:\/\/www.linkedin.com\/in\/murphy-law-firm-peyton-murphy\/","https:\/\/maps.app.goo.gl\/WCtGDyEwg1JYgwZ87","https:\/\/www.yelp.com\/biz\/murphy-law-firm-baton-rouge-3","https:\/\/www.mapquest.com\/us\/louisiana\/murphy-law-firm-284707425","https:\/\/www.lawinfo.com\/lawfirm\/louisiana\/baton-rouge\/murphy-law-firm-llc\/97a2f249-3b83-4255-b82a-f62955d76970.html","https:\/\/www.hg.org\/attorney\/murphy-law-firm-llc\/68580","https:\/\/lawyers.findlaw.com\/louisiana\/baton-rouge\/2388680_1\/","https:\/\/www.bbb.org\/us\/la\/baton-rouge\/profile\/lawyers\/murphy-law-firm-llc-0835-12003342","https:\/\/www.lawyers.com\/baton-rouge\/louisiana\/murphy-law-firm-42910679-f\/","https:\/\/nextdoor.com\/pages\/murphy-law-firm-llc\/","https:\/\/www.lawyer4criminaldefense.com\/criminal-defense-lawyers\/listing\/b637fd75d4bc11b1a32273b847ba8a37\/","https:\/\/www.expertise.com\/legal\/slip-and-fall-lawyers\/louisiana\/baton-rouge","https:\/\/www.youtube.com\/@MurphyLawFirmBatonRouge"]}]}},"_links":{"self":[{"href":"https:\/\/www.murphylawfirm.com\/es\/wp-json\/wp\/v2\/pages\/6396","targetHints":{"allow":["GET"]}}],"collection":[{"href":"https:\/\/www.murphylawfirm.com\/es\/wp-json\/wp\/v2\/pages"}],"about":[{"href":"https:\/\/www.murphylawfirm.com\/es\/wp-json\/wp\/v2\/types\/page"}],"author":[{"embeddable":true,"href":"https:\/\/www.murphylawfirm.com\/es\/wp-json\/wp\/v2\/users\/1"}],"replies":[{"embeddable":true,"href":"https:\/\/www.murphylawfirm.com\/es\/wp-json\/wp\/v2\/comments?post=6396"}],"version-history":[{"count":7,"href":"https:\/\/www.murphylawfirm.com\/es\/wp-json\/wp\/v2\/pages\/6396\/revisions"}],"predecessor-version":[{"id":6478,"href":"https:\/\/www.murphylawfirm.com\/es\/wp-json\/wp\/v2\/pages\/6396\/revisions\/6478"}],"wp:attachment":[{"href":"https:\/\/www.murphylawfirm.com\/es\/wp-json\/wp\/v2\/media?parent=6396"}],"curies":[{"name":"wp","href":"https:\/\/api.w.org\/{rel}","templated":true}]}}