{"id":6824,"date":"2025-05-21T15:55:35","date_gmt":"2025-05-21T15:55:35","guid":{"rendered":"https:\/\/www.murphylawfirm.com\/?page_id=6824"},"modified":"2025-05-21T18:21:37","modified_gmt":"2025-05-21T18:21:37","slug":"abogado-de-lesiones-cerebrales-traumaticas-de-nueva-orleans","status":"publish","type":"page","link":"https:\/\/www.murphylawfirm.com\/es\/new-orleans-traumatic-brain-injury-lawyer\/","title":{"rendered":"Abogado de lesiones cerebrales traum\u00e1ticas de Nueva Orleans"},"content":{"rendered":"<div id=\"ez-toc-container\" class=\"ez-toc-v2_0_83 counter-hierarchy ez-toc-counter ez-toc-transparent ez-toc-container-direction\">\n<div class=\"ez-toc-title-container\">\n<p class=\"ez-toc-title ez-toc-toggle\" style=\"cursor:pointer\">\u00cdndice<\/p>\n<span class=\"ez-toc-title-toggle\"><a href=\"#\" class=\"ez-toc-pull-right ez-toc-btn ez-toc-btn-xs ez-toc-btn-default ez-toc-toggle\" aria-label=\"Toggle Table of Content\"><span class=\"ez-toc-js-icon-con\"><span class=\"\"><span class=\"eztoc-hide\" style=\"display:none;\">Toggle<\/span><span class=\"ez-toc-icon-toggle-span\"><svg style=\"fill: #999;color:#999\" xmlns=\"http:\/\/www.w3.org\/2000\/svg\" class=\"list-377408\" width=\"20px\" height=\"20px\" viewbox=\"0 0 24 24\" fill=\"none\"><path d=\"M6 6H4v2h2V6zm14 0H8v2h12V6zM4 11h2v2H4v-2zm16 0H8v2h12v-2zM4 16h2v2H4v-2zm16 0H8v2h12v-2z\" fill=\"currentColor\"><\/path><\/svg><svg style=\"fill: #999;color:#999\" class=\"arrow-unsorted-368013\" xmlns=\"http:\/\/www.w3.org\/2000\/svg\" width=\"10px\" height=\"10px\" viewbox=\"0 0 24 24\" version=\"1.2\" baseprofile=\"tiny\"><path d=\"M18.2 9.3l-6.2-6.3-6.2 6.3c-.2.2-.3.4-.3.7s.1.5.3.7c.2.2.4.3.7.3h11c.3 0 .5-.1.7-.3.2-.2.3-.5.3-.7s-.1-.5-.3-.7zM5.8 14.7l6.2 6.3 6.2-6.3c.2-.2.3-.5.3-.7s-.1-.5-.3-.7c-.2-.2-.4-.3-.7-.3h-11c-.3 0-.5.1-.7.3-.2.2-.3.5-.3.7s.1.5.3.7z\"\/><\/svg><\/span><\/span><\/span><\/a><\/span><\/div>\n<nav><ul class='ez-toc-list ez-toc-list-level-1 eztoc-toggle-hide-by-default' ><li class='ez-toc-page-1 ez-toc-heading-level-2'><a class=\"ez-toc-link ez-toc-heading-1\" href=\"https:\/\/www.murphylawfirm.com\/es\/new-orleans-traumatic-brain-injury-lawyer\/#new-orleans-traumatic-brain-injury-attorney\" >Abogado de lesiones cerebrales traum\u00e1ticas de Nueva Orleans<\/a><\/li><li class='ez-toc-page-1 ez-toc-heading-level-2'><a class=\"ez-toc-link ez-toc-heading-2\" href=\"https:\/\/www.murphylawfirm.com\/es\/new-orleans-traumatic-brain-injury-lawyer\/#strategies-and-experienced-legal-representation-with-murphy-law-firm\" >Estrategias y Representaci\u00f3n Legal Experimentada Con Murphy Law Firm<\/a><\/li><li class='ez-toc-page-1 ez-toc-heading-level-2'><a class=\"ez-toc-link ez-toc-heading-3\" href=\"https:\/\/www.murphylawfirm.com\/es\/new-orleans-traumatic-brain-injury-lawyer\/#what-are-common-incidents-that-cause-traumatic-brain-injuries\" >\u00bfCu\u00e1les son los incidentes comunes que causan lesiones cerebrales traum\u00e1ticas?<\/a><\/li><li class='ez-toc-page-1 ez-toc-heading-level-2'><a class=\"ez-toc-link ez-toc-heading-4\" href=\"https:\/\/www.murphylawfirm.com\/es\/new-orleans-traumatic-brain-injury-lawyer\/#faqs\" >Preguntas frecuentes<\/a><ul class='ez-toc-list-level-3' ><li class='ez-toc-heading-level-3'><a class=\"ez-toc-link ez-toc-heading-5\" href=\"https:\/\/www.murphylawfirm.com\/es\/new-orleans-traumatic-brain-injury-lawyer\/#q-what-is-the-average-settlement-for-a-traumatic-brain-injury-case\" >P: \u00bfCu\u00e1l es la indemnizaci\u00f3n media en un caso de lesi\u00f3n cerebral traum\u00e1tica?<\/a><\/li><li class='ez-toc-page-1 ez-toc-heading-level-3'><a class=\"ez-toc-link ez-toc-heading-6\" href=\"https:\/\/www.murphylawfirm.com\/es\/new-orleans-traumatic-brain-injury-lawyer\/#q-how-can-you-prove-a-tbi-in-a-lawsuit\" >P: \u00bfC\u00f3mo se puede demostrar una LCT en una demanda?<\/a><\/li><li class='ez-toc-page-1 ez-toc-heading-level-3'><a class=\"ez-toc-link ez-toc-heading-7\" href=\"https:\/\/www.murphylawfirm.com\/es\/new-orleans-traumatic-brain-injury-lawyer\/#q-how-long-does-a-tbi-settlement-take\" >P: \u00bfCu\u00e1nto tiempo tarda un acuerdo de LCT?<\/a><\/li><li class='ez-toc-page-1 ez-toc-heading-level-3'><a class=\"ez-toc-link ez-toc-heading-8\" href=\"https:\/\/www.murphylawfirm.com\/es\/new-orleans-traumatic-brain-injury-lawyer\/#q-what-is-a-good-settlement-offer-for-a-concussion\" >P: \u00bfQu\u00e9 es una buena oferta de acuerdo por una conmoci\u00f3n cerebral?<\/a><\/li><\/ul><\/li><li class='ez-toc-page-1 ez-toc-heading-level-2'><a class=\"ez-toc-link ez-toc-heading-9\" href=\"https:\/\/www.murphylawfirm.com\/es\/new-orleans-traumatic-brain-injury-lawyer\/#contact-our-firm-today-to-discuss-your-traumatic-brain-injury-case\" >P\u00f3ngase en contacto con nuestra firma hoy para discutir su caso de lesi\u00f3n cerebral traum\u00e1tica<\/a><\/li><\/ul><\/nav><\/div>\n<h2><span class=\"ez-toc-section\" id=\"new-orleans-traumatic-brain-injury-attorney\"><\/span>Abogado de lesiones cerebrales traum\u00e1ticas de Nueva Orleans<span class=\"ez-toc-section-end\"><\/span><\/h2>\n<p>Las lesiones cerebrales traum\u00e1ticas suelen ser lesiones muy graves que afectan a la calidad de vida de una persona durante meses o incluso el resto de su vida. Las lesiones cerebrales pueden implicar s\u00edntomas como mareos, p\u00e9rdida de memoria, falta de coordinaci\u00f3n y dolor. Cuando estas lesiones se producen por negligencia, mala conducta o acci\u00f3n intencionada de otra persona, \u00e9sta debe ser considerada responsable. En <strong>abogado con experiencia en lesiones cerebrales traum\u00e1ticas de Nueva Orleans<\/strong> puede ayudarle a usted y a sus seres queridos a tramitar una demanda por lesiones personales.<\/p>\n<p><img loading=\"lazy\" decoding=\"async\" class=\"alignnone wp-image-6867\" title=\"contrate a un abogado de lesiones cerebrales traum\u00e1ticas de nueva orleans\" src=\"https:\/\/www.murphylawfirm.com\/wp-content\/uploads\/2025\/05\/hire-new-orleans-traumatic-brain-injury-lawyer.webp\" alt=\"contrate a un abogado de lesiones cerebrales traum\u00e1ticas de nueva orleans\" width=\"1200\" height=\"600\" srcset=\"https:\/\/www.murphylawfirm.com\/wp-content\/uploads\/2025\/05\/hire-new-orleans-traumatic-brain-injury-lawyer.webp 800w, https:\/\/www.murphylawfirm.com\/wp-content\/uploads\/2025\/05\/hire-new-orleans-traumatic-brain-injury-lawyer-300x150.webp 300w, https:\/\/www.murphylawfirm.com\/wp-content\/uploads\/2025\/05\/hire-new-orleans-traumatic-brain-injury-lawyer-768x384.webp 768w, https:\/\/www.murphylawfirm.com\/wp-content\/uploads\/2025\/05\/hire-new-orleans-traumatic-brain-injury-lawyer-18x9.webp 18w\" sizes=\"auto, (max-width: 1200px) 100vw, 1200px\" \/><\/p>\n<h2><span class=\"ez-toc-section\" id=\"strategies-and-experienced-legal-representation-with-murphy-law-firm\"><\/span>Estrategias y Representaci\u00f3n Legal Experimentada Con Murphy Law Firm<span class=\"ez-toc-section-end\"><\/span><\/h2>\n<p>Cuando trabaje con un <a href=\"https:\/\/www.murphylawfirm.com\/es\/abogado-de-lesiones-personales-de-nueva-orleans\/\">abogado experto en lesiones personales<\/a> que ha gestionado casos de lesiones cerebrales traum\u00e1ticas, es m\u00e1s probable que obtenga los m\u00e1ximos beneficios de una reclamaci\u00f3n. Nuestro <a href=\"https:\/\/www.murphylawfirm.com\/es\/nuestro-equipo\/\">equipo de abogados del bufete Murphy<\/a>Entendemos el impacto que puede tener una lesi\u00f3n cerebral traum\u00e1tica, tanto f\u00edsica como mentalmente. Cuando otra persona es culpable de su lesi\u00f3n, usted no deber\u00eda tener que pagar los costes del tratamiento m\u00e9dico y los cuidados a largo plazo.<\/p>\n<p>Nuestra firma ha pasado los \u00faltimos 30 a\u00f1os apoyando a nuestros clientes a trav\u00e9s de lesiones dif\u00edciles. Perm\u00edtanos ayudarle a obtener la justicia que se merece.<\/p>\n<h2><span class=\"ez-toc-section\" id=\"what-are-common-incidents-that-cause-traumatic-brain-injuries\"><\/span>\u00bfCu\u00e1les son los incidentes comunes que causan lesiones cerebrales traum\u00e1ticas?<span class=\"ez-toc-section-end\"><\/span><\/h2>\n<p>Muchos accidentes y delitos pueden provocar lesiones cerebrales graves. Sin embargo, solo algunos de estos incidentes dan lugar a una reclamaci\u00f3n v\u00e1lida por lesiones personales. <strong>Algunas de las razones m\u00e1s comunes por las que se producen lesiones cerebrales traum\u00e1ticas son:<\/strong><\/p>\n<ul>\n<li><a href=\"https:\/\/www.murphylawfirm.com\/es\/abogado-de-accidentes-de-moto-en-nueva-orleans\/\"><strong>Accidentes de tr\u00e1fico<\/strong><\/a>. Muchos accidentes de tr\u00e1fico pueden provocar lesiones cerebrales traum\u00e1ticas, incluso en accidentes aparentemente leves. En Orleans Parish y Nueva Orleans, hubo <a href=\"https:\/\/cartsdashboardserver.lsu.edu\/t\/CARTS\/views\/SectionC-Dashboard\/SectionC-Dashboard?:embed=y&amp;:display_count=n&amp;:showAppBanner=false&amp;:origin=viz_share_link&amp;:linktarget=_self&amp;:showVizHome=n\" target=\"_blank\" rel=\"noopener\">8.198 presuntos heridos<\/a> en accidentes de tr\u00e1fico en 2024. Las lesiones pueden producirse cuando la cabeza de alguien golpea el veh\u00edculo o cuando la fuerza de la colisi\u00f3n hace que el cerebro golpee el interior del cr\u00e1neo. Tambi\u00e9n pueden producirse por lesiones cerebrales penetrantes. Cuando otro conductor es culpable del accidente, puede ser considerado responsable de estas lesiones.<\/li>\n<li><strong>Resbalones y ca\u00eddas<\/strong>. Las ca\u00eddas pueden provocar con frecuencia lesiones cerebrales traum\u00e1ticas, sobre todo desde grandes alturas. Cuando se produce una ca\u00edda porque un propietario es negligente en el mantenimiento de su propiedad, las personas lesionadas pueden presentar una reclamaci\u00f3n de responsabilidad de los locales.<\/li>\n<li><strong>Accidentes deportivos y recreativos<\/strong>. Las conmociones cerebrales y otras lesiones cerebrales traum\u00e1ticas pueden producirse en accidentes deportivos, especialmente en deportes de alto contacto. Otras actividades recreativas tambi\u00e9n pueden provocar lesiones cerebrales. En muchos de estos incidentes no hay reclamaci\u00f3n v\u00e1lida. Existe un cierto nivel de riesgo asumido al practicar deportes, y algunas de estas lesiones no son culpa de nadie. Sin embargo, puede haber casos en los que una persona incumpli\u00f3 su deber de diligencia hacia usted y puede ser considerada responsable.<\/li>\n<li><strong>Accidentes laborales<\/strong>. Las lesiones cerebrales pueden producirse por muchos tipos de peligros en el lugar de trabajo, como ca\u00eddas sobre suelos resbaladizos, ca\u00eddas de objetos, colisiones de veh\u00edculos y mal funcionamiento de la maquinaria.En 2023, se produjeron <a href=\"https:\/\/www.osha.gov\/severe-injury-reports\" target=\"_blank\" rel=\"noopener\">ocho informes<\/a> de lesiones cerebrales graves en lugares de trabajo Louisiana, y las ocho de estas lesiones dieron lugar a hospitalizaci\u00f3n. Dos de estas lesiones se produjeron en empresas de Nueva Orleans. De 2015 a 2023, se registraron 62 lesiones cerebrales graves, y todas ellas resultaron en hospitalizaci\u00f3n.Cuando los empleados sufren lesiones, normalmente pueden recuperar una compensaci\u00f3n limitada a trav\u00e9s del sistema de seguro de compensaci\u00f3n de los trabajadores. En raras ocasiones, tambi\u00e9n pueden presentar demandas por lesiones personales. Un abogado puede ayudar a los empleados a determinar sus opciones de indemnizaci\u00f3n.<\/li>\n<li><strong>Delitos violentos<\/strong>. Los delitos penales como asalto, agresi\u00f3n, robo y otros delitos violentos pueden provocar conmociones cerebrales y otras lesiones cerebrales traum\u00e1ticas. En 2019, se produjeron <a href=\"https:\/\/ucr.fbi.gov\/crime-in-the-u.s\/2019\/crime-in-the-u.s.-2019\/tables\/table-8\/table-8-state-cuts\/louisiana.xls\" target=\"_blank\" rel=\"noopener\">2.608 agresiones con agravantes denunciadas<\/a> en Nueva Orleans de un total de 4.516 delitos violentos denunciados en la ciudad ese a\u00f1o. Cuando alguien resulta perjudicado en un delito o como consecuencia de un delito, puede obtener una indemnizaci\u00f3n mediante una demanda civil contra esa parte.<\/li>\n<\/ul>\n<p>Si ha sufrido lesiones en un accidente, es importante que reciba tratamiento m\u00e9dico. Hospitales cercanos en <a href=\"https:\/\/en.wikipedia.org\/wiki\/New_Orleans\" target=\"_blank\" rel=\"noopener\">Nueva Orleans<\/a> incluyen el Centro M\u00e9dico Ochsner de Nueva Orleans y el Centro M\u00e9dico Universitario de Nueva Orleans.<\/p>\n<h2><span class=\"ez-toc-section\" id=\"faqs\"><\/span>Preguntas frecuentes<span class=\"ez-toc-section-end\"><\/span><\/h2>\n<div class=\"accsec-ritcnt accordion\">\n<div class=\"accordion-section\">\n<h3><span class=\"ez-toc-section\" id=\"q-what-is-the-average-settlement-for-a-traumatic-brain-injury-case\"><\/span><a class=\"accordion-section-title\" href=\"#accordion-1\">P: \u00bfCu\u00e1l es la indemnizaci\u00f3n media en un caso de lesi\u00f3n cerebral traum\u00e1tica?<\/a><span class=\"ez-toc-section-end\"><\/span><\/h3>\n<div id=\"accordion-1\" class=\"accordion-section-content\">\n<p><strong>A:<\/strong> No existe un acuerdo medio para un caso de lesi\u00f3n cerebral traum\u00e1tica (LCT) porque cada caso es diferente. Una LCT puede ser una conmoci\u00f3n cerebral muy leve con costes m\u00ednimos, o puede ser una lesi\u00f3n gravemente incapacitante que impida a las personas trabajar o cuidar de s\u00ed mismas para el resto de sus vidas. Estas lesiones tienen valores de liquidaci\u00f3n muy diferentes.<\/p>\n<p>Cuanto m\u00e1s graves sean sus lesiones, mayores ser\u00e1n sus da\u00f1os econ\u00f3micos y no econ\u00f3micos, y mayor deber\u00e1 ser el valor de la indemnizaci\u00f3n.<\/p>\n<\/div>\n<\/div>\n<div class=\"accordion-section\">\n<h3><span class=\"ez-toc-section\" id=\"q-how-can-you-prove-a-tbi-in-a-lawsuit\"><\/span><a class=\"accordion-section-title\" href=\"#accordion-2\">P: \u00bfC\u00f3mo se puede demostrar una LCT en una demanda?<\/a><span class=\"ez-toc-section-end\"><\/span><\/h3>\n<div id=\"accordion-2\" class=\"accordion-section-content\">\n<p><strong>A:<\/strong> Se necesitan pruebas significativas para demostrar una LCT en una demanda por lesiones personales o de otro tipo, como las siguientes:<\/p>\n<ul>\n<li>Documentaci\u00f3n m\u00e9dica sobre la lesi\u00f3n y el tratamiento<\/li>\n<li>Testimonio de profesionales m\u00e9dicos sobre el impacto a largo plazo de sus lesiones<\/li>\n<li>Testimonio de un familiar sobre c\u00f3mo la lesi\u00f3n ha afectado a su vida<\/li>\n<li>Pruebas del lugar del accidente<\/li>\n<li>Testimonios de testigos que vieron el accidente<\/li>\n<li>Un diario que documente las luchas personales y emocionales de su lesi\u00f3n.<\/li>\n<\/ul>\n<\/div>\n<\/div>\n<div class=\"accordion-section\">\n<h3><span class=\"ez-toc-section\" id=\"q-how-long-does-a-tbi-settlement-take\"><\/span><a class=\"accordion-section-title\" href=\"#accordion-3\">P: \u00bfCu\u00e1nto tiempo tarda un acuerdo de LCT?<\/a><span class=\"ez-toc-section-end\"><\/span><\/h3>\n<div id=\"accordion-3\" class=\"accordion-section-content\"><strong>A:<\/strong> El tiempo que se tarda en obtener un acuerdo para un caso de LCT var\u00eda en funci\u00f3n de la reclamaci\u00f3n, y no hay un calendario establecido. Algunos casos pueden resolverse r\u00e1pidamente, especialmente aquellos con pruebas significativas y culpa clara. Otros casos pueden llevar m\u00e1s tiempo, especialmente los que van a juicio. Su caso tambi\u00e9n puede llevar m\u00e1s tiempo si sus lesiones tardan mucho en curarse. Un abogado puede proporcionar una estimaci\u00c3\u00b3n m\u00c3\u00a1s exacta de cu\u00c3\u00a1nto tiempo su establecimiento de TBI puede tomar para asegurar.<\/div>\n<\/div>\n<div class=\"accordion-section\">\n<h3><span class=\"ez-toc-section\" id=\"q-what-is-a-good-settlement-offer-for-a-concussion\"><\/span><a class=\"accordion-section-title\" href=\"#accordion-4\">P: \u00bfQu\u00e9 es una buena oferta de acuerdo por una conmoci\u00f3n cerebral?<\/a><span class=\"ez-toc-section-end\"><\/span><\/h3>\n<div id=\"accordion-4\" class=\"accordion-section-content\"><strong>A:<\/strong> Una buena oferta de indemnizaci\u00f3n por conmoci\u00f3n cerebral depender\u00e1 de la gravedad de la conmoci\u00f3n y de otros factores. Un acuerdo debe cubrir sus p\u00e9rdidas financieras, tales como facturas m\u00e9dicas, p\u00e9rdida de ingresos, p\u00e9rdida de capacidad de ganancia y da\u00f1os a la propiedad. Tambi\u00e9n debe cubrir otras p\u00e9rdidas, como dolor y sufrimiento, p\u00e9rdida del disfrute de la vida, desfiguraci\u00f3n y otros da\u00f1os no econ\u00f3micos. Un abogado sabe c\u00f3mo evaluar estos da\u00f1os y qu\u00e9 constituye una oferta suficiente.<\/div>\n<\/div>\n<\/div>\n<h2><span class=\"ez-toc-section\" id=\"contact-our-firm-today-to-discuss-your-traumatic-brain-injury-case\"><\/span>P\u00f3ngase en contacto con nuestra firma hoy para discutir su caso de lesi\u00f3n cerebral traum\u00e1tica<span class=\"ez-toc-section-end\"><\/span><\/h2>\n<p>La recuperaci\u00f3n de una lesi\u00f3n cerebral traum\u00e1tica es mucho m\u00e1s f\u00e1cil cuando se tiene un nivel de estabilidad financiera para cubrir sus ingresos perdidos y sus facturas m\u00e9dicas. En Murphy Law Firm, podemos ayudarle a obtener el m\u00e1ximo provecho de una lesi\u00f3n personal u otra reclamaci\u00f3n. <a href=\"https:\/\/www.murphylawfirm.com\/es\/pongase-en-contacto-con\/\">P\u00f3ngase en contacto con nosotros<\/a> para programar una consulta y ver c\u00f3mo podemos ayudarle a usted y a su familia.<\/p>\n<p><iframe loading=\"lazy\" style=\"border: 0;\" src=\"https:\/\/www.google.com\/maps\/embed?pb=!1m14!1m8!1m3!1d3456.690832069809!2d-90.0817664!3d29.9595703!3m2!1i1024!2i768!4f13.1!3m3!1m2!1s0x8620a5e300000001%3A0x4bb4de08081bc1ed!2sMurphy%20Law%20Firm!5e0!3m2!1sen!2sin!4v1747834832522!5m2!1sen!2sin\" width=\"1000\" height=\"300\" allowfullscreen=\"allowfullscreen\"><span data-mce-type=\"bookmark\" style=\"display: inline-block; width: 0px; overflow: hidden; line-height: 0;\" class=\"mce_SELRES_start\"><\/span><\/iframe><\/p>","protected":false},"excerpt":{"rendered":"<p>New Orleans Traumatic Brain Injury Attorney Traumatic brain injuries are often very serious injuries that affect someone\u2019s quality of life for months or even the rest of their life. Brain injuries can involve symptoms like dizziness, memory loss, lack of coordination, and pain. When these injuries happen because of negligence, misconduct, or intentional action by &hellip; <\/p>\n<p class=\"link-more\"><a href=\"https:\/\/www.murphylawfirm.com\/es\/new-orleans-traumatic-brain-injury-lawyer\/\" class=\"more-link\">Seguir leyendo<span class=\"screen-reader-text\"> &#8220;New Orleans Traumatic Brain Injury Lawyer&#8221;<\/span><\/a><\/p>","protected":false},"author":1,"featured_media":0,"parent":0,"menu_order":0,"comment_status":"closed","ping_status":"closed","template":"","meta":{"_acf_changed":false,"footnotes":""},"class_list":["post-6824","page","type-page","status-publish","hentry","entry"],"acf":[],"yoast_head":"<!-- This site is optimized with the Yoast SEO plugin v27.6 - https:\/\/yoast.com\/product\/yoast-seo-wordpress\/ -->\n<title>New Orleans Traumatic Brain Injury Lawyer - TBI Attorney<\/title>\n<meta name=\"description\" content=\"Looking for a New Orleans Traumatic Brain Injury Lawyer? Murphy Law Firm pursues top compensation for life-changing harm. Free consultation\u2014call now!\" \/>\n<meta name=\"robots\" content=\"index, follow, max-snippet:-1, max-image-preview:large, max-video-preview:-1\" \/>\n<link rel=\"canonical\" href=\"https:\/\/www.murphylawfirm.com\/es\/abogado-de-lesiones-cerebrales-traumaticas-de-nueva-orleans\/\" \/>\n<meta property=\"og:locale\" content=\"es_MX\" \/>\n<meta property=\"og:type\" content=\"article\" \/>\n<meta property=\"og:title\" content=\"New Orleans Traumatic Brain Injury Lawyer - TBI Attorney\" \/>\n<meta property=\"og:description\" content=\"Looking for a New Orleans Traumatic Brain Injury Lawyer? Murphy Law Firm pursues top compensation for life-changing harm. Free consultation\u2014call now!\" \/>\n<meta property=\"og:url\" content=\"https:\/\/www.murphylawfirm.com\/es\/abogado-de-lesiones-cerebrales-traumaticas-de-nueva-orleans\/\" \/>\n<meta property=\"og:site_name\" content=\"Murphy Law Firm\" \/>\n<meta property=\"article:publisher\" content=\"https:\/\/www.facebook.com\/MurphyLawFirm225\/\" \/>\n<meta property=\"article:modified_time\" content=\"2025-05-21T18:21:37+00:00\" \/>\n<meta property=\"og:image\" content=\"https:\/\/www.murphylawfirm.com\/wp-content\/uploads\/2025\/05\/hire-new-orleans-traumatic-brain-injury-lawyer.webp\" \/>\n\t<meta property=\"og:image:width\" content=\"800\" \/>\n\t<meta property=\"og:image:height\" content=\"400\" \/>\n\t<meta property=\"og:image:type\" content=\"image\/webp\" \/>\n<meta name=\"twitter:card\" content=\"summary_large_image\" \/>\n<meta name=\"twitter:site\" content=\"@murphylawfirm225\" \/>\n<meta name=\"twitter:label1\" content=\"Tiempo de lectura\" \/>\n\t<meta name=\"twitter:data1\" content=\"5 minutos\" \/>\n<!-- \/ Yoast SEO plugin. -->","yoast_head_json":{"title":"Nueva Orleans Trauma Cerebral Abogado - TBI Abogado","description":"\u00bfBusca un abogado de lesiones cerebrales traum\u00e1ticas en Nueva Orleans? El bufete de abogados Murphy persigue la compensaci\u00f3n superior para el da\u00f1o que cambia la vida. \u00a1Consulta gratuita-llame ahora!","robots":{"index":"index","follow":"follow","max-snippet":"max-snippet:-1","max-image-preview":"max-image-preview:large","max-video-preview":"max-video-preview:-1"},"canonical":"https:\/\/www.murphylawfirm.com\/es\/abogado-de-lesiones-cerebrales-traumaticas-de-nueva-orleans\/","og_locale":"es_MX","og_type":"article","og_title":"New Orleans Traumatic Brain Injury Lawyer - TBI Attorney","og_description":"Looking for a New Orleans Traumatic Brain Injury Lawyer? Murphy Law Firm pursues top compensation for life-changing harm. Free consultation\u2014call now!","og_url":"https:\/\/www.murphylawfirm.com\/es\/abogado-de-lesiones-cerebrales-traumaticas-de-nueva-orleans\/","og_site_name":"Murphy Law Firm","article_publisher":"https:\/\/www.facebook.com\/MurphyLawFirm225\/","article_modified_time":"2025-05-21T18:21:37+00:00","og_image":[{"width":800,"height":400,"url":"https:\/\/www.murphylawfirm.com\/wp-content\/uploads\/2025\/05\/hire-new-orleans-traumatic-brain-injury-lawyer.webp","type":"image\/webp"}],"twitter_card":"summary_large_image","twitter_site":"@murphylawfirm225","twitter_misc":{"Tiempo de lectura":"5 minutos"},"schema":{"@context":"https:\/\/schema.org","@graph":[{"@type":"WebPage","@id":"https:\/\/www.murphylawfirm.com\/new-orleans-traumatic-brain-injury-lawyer\/","url":"https:\/\/www.murphylawfirm.com\/new-orleans-traumatic-brain-injury-lawyer\/","name":"Nueva Orleans Trauma Cerebral Abogado - TBI Abogado","isPartOf":{"@id":"https:\/\/www.murphylawfirm.com\/#website"},"primaryImageOfPage":{"@id":"https:\/\/www.murphylawfirm.com\/new-orleans-traumatic-brain-injury-lawyer\/#primaryimage"},"image":{"@id":"https:\/\/www.murphylawfirm.com\/new-orleans-traumatic-brain-injury-lawyer\/#primaryimage"},"thumbnailUrl":"https:\/\/www.murphylawfirm.com\/wp-content\/uploads\/2025\/05\/hire-new-orleans-traumatic-brain-injury-lawyer.webp","datePublished":"2025-05-21T15:55:35+00:00","dateModified":"2025-05-21T18:21:37+00:00","description":"\u00bfBusca un abogado de lesiones cerebrales traum\u00e1ticas en Nueva Orleans? El bufete de abogados Murphy persigue la compensaci\u00f3n superior para el da\u00f1o que cambia la vida. \u00a1Consulta gratuita-llame ahora!","breadcrumb":{"@id":"https:\/\/www.murphylawfirm.com\/new-orleans-traumatic-brain-injury-lawyer\/#breadcrumb"},"inLanguage":"es","potentialAction":[{"@type":"ReadAction","target":["https:\/\/www.murphylawfirm.com\/new-orleans-traumatic-brain-injury-lawyer\/"]}]},{"@type":"ImageObject","inLanguage":"es","@id":"https:\/\/www.murphylawfirm.com\/new-orleans-traumatic-brain-injury-lawyer\/#primaryimage","url":"https:\/\/www.murphylawfirm.com\/wp-content\/uploads\/2025\/05\/hire-new-orleans-traumatic-brain-injury-lawyer.webp","contentUrl":"https:\/\/www.murphylawfirm.com\/wp-content\/uploads\/2025\/05\/hire-new-orleans-traumatic-brain-injury-lawyer.webp"},{"@type":"BreadcrumbList","@id":"https:\/\/www.murphylawfirm.com\/new-orleans-traumatic-brain-injury-lawyer\/#breadcrumb","itemListElement":[{"@type":"ListItem","position":1,"name":"Home","item":"https:\/\/www.murphylawfirm.com\/"},{"@type":"ListItem","position":2,"name":"New Orleans Traumatic Brain Injury Lawyer"}]},{"@type":"WebSite","@id":"https:\/\/www.murphylawfirm.com\/#website","url":"https:\/\/www.murphylawfirm.com\/","name":"Bufete Murphy","description":"","publisher":{"@id":"https:\/\/www.murphylawfirm.com\/#organization"},"potentialAction":[{"@type":"SearchAction","target":{"@type":"EntryPoint","urlTemplate":"https:\/\/www.murphylawfirm.com\/?s={search_term_string}"},"query-input":{"@type":"PropertyValueSpecification","valueRequired":true,"valueName":"search_term_string"}}],"inLanguage":"es"},{"@type":"Organization","@id":"https:\/\/www.murphylawfirm.com\/#organization","name":"Bufete Murphy","alternateName":"Murphy Law Firm","url":"https:\/\/www.murphylawfirm.com\/","logo":{"@type":"ImageObject","inLanguage":"es","@id":"https:\/\/www.murphylawfirm.com\/#\/schema\/logo\/image\/","url":"https:\/\/www.murphylawfirm.com\/wp-content\/uploads\/2024\/05\/murphy.jpg","contentUrl":"https:\/\/www.murphylawfirm.com\/wp-content\/uploads\/2024\/05\/murphy.jpg","width":309,"height":79,"caption":"Murphy Law Firm"},"image":{"@id":"https:\/\/www.murphylawfirm.com\/#\/schema\/logo\/image\/"},"sameAs":["https:\/\/www.facebook.com\/MurphyLawFirm225\/","https:\/\/x.com\/murphylawfirm225","https:\/\/www.instagram.com\/murphylawfirm225\/","https:\/\/www.linkedin.com\/in\/murphy-law-firm-peyton-murphy\/","https:\/\/maps.app.goo.gl\/WCtGDyEwg1JYgwZ87","https:\/\/www.yelp.com\/biz\/murphy-law-firm-baton-rouge-3","https:\/\/www.mapquest.com\/us\/louisiana\/murphy-law-firm-284707425","https:\/\/www.lawinfo.com\/lawfirm\/louisiana\/baton-rouge\/murphy-law-firm-llc\/97a2f249-3b83-4255-b82a-f62955d76970.html","https:\/\/www.hg.org\/attorney\/murphy-law-firm-llc\/68580","https:\/\/lawyers.findlaw.com\/louisiana\/baton-rouge\/2388680_1\/","https:\/\/www.bbb.org\/us\/la\/baton-rouge\/profile\/lawyers\/murphy-law-firm-llc-0835-12003342","https:\/\/www.lawyers.com\/baton-rouge\/louisiana\/murphy-law-firm-42910679-f\/","https:\/\/nextdoor.com\/pages\/murphy-law-firm-llc\/","https:\/\/www.lawyer4criminaldefense.com\/criminal-defense-lawyers\/listing\/b637fd75d4bc11b1a32273b847ba8a37\/","https:\/\/www.expertise.com\/legal\/slip-and-fall-lawyers\/louisiana\/baton-rouge","https:\/\/www.youtube.com\/@MurphyLawFirmBatonRouge"]}]}},"_links":{"self":[{"href":"https:\/\/www.murphylawfirm.com\/es\/wp-json\/wp\/v2\/pages\/6824","targetHints":{"allow":["GET"]}}],"collection":[{"href":"https:\/\/www.murphylawfirm.com\/es\/wp-json\/wp\/v2\/pages"}],"about":[{"href":"https:\/\/www.murphylawfirm.com\/es\/wp-json\/wp\/v2\/types\/page"}],"author":[{"embeddable":true,"href":"https:\/\/www.murphylawfirm.com\/es\/wp-json\/wp\/v2\/users\/1"}],"replies":[{"embeddable":true,"href":"https:\/\/www.murphylawfirm.com\/es\/wp-json\/wp\/v2\/comments?post=6824"}],"version-history":[{"count":10,"href":"https:\/\/www.murphylawfirm.com\/es\/wp-json\/wp\/v2\/pages\/6824\/revisions"}],"predecessor-version":[{"id":6907,"href":"https:\/\/www.murphylawfirm.com\/es\/wp-json\/wp\/v2\/pages\/6824\/revisions\/6907"}],"wp:attachment":[{"href":"https:\/\/www.murphylawfirm.com\/es\/wp-json\/wp\/v2\/media?parent=6824"}],"curies":[{"name":"wp","href":"https:\/\/api.w.org\/{rel}","templated":true}]}}