{"id":687,"date":"2024-04-17T12:59:31","date_gmt":"2024-04-17T12:59:31","guid":{"rendered":"https:\/\/www.murphylawfirm.com\/?page_id=687"},"modified":"2025-03-12T17:55:47","modified_gmt":"2025-03-12T17:55:47","slug":"tratamientos","status":"publish","type":"page","link":"https:\/\/www.murphylawfirm.com\/es\/mass-tort\/mesothelioma\/treatments\/","title":{"rendered":"Tratamientos"},"content":{"rendered":"<div id=\"ez-toc-container\" class=\"ez-toc-v2_0_82_2 counter-hierarchy ez-toc-counter ez-toc-transparent ez-toc-container-direction\">\n<div class=\"ez-toc-title-container\">\n<p class=\"ez-toc-title ez-toc-toggle\" style=\"cursor:pointer\">\u00cdndice<\/p>\n<span class=\"ez-toc-title-toggle\"><a href=\"#\" class=\"ez-toc-pull-right ez-toc-btn ez-toc-btn-xs ez-toc-btn-default ez-toc-toggle\" aria-label=\"Toggle Table of Content\"><span class=\"ez-toc-js-icon-con\"><span class=\"\"><span class=\"eztoc-hide\" style=\"display:none;\">Toggle<\/span><span class=\"ez-toc-icon-toggle-span\"><svg style=\"fill: #999;color:#999\" xmlns=\"http:\/\/www.w3.org\/2000\/svg\" class=\"list-377408\" width=\"20px\" height=\"20px\" viewbox=\"0 0 24 24\" fill=\"none\"><path d=\"M6 6H4v2h2V6zm14 0H8v2h12V6zM4 11h2v2H4v-2zm16 0H8v2h12v-2zM4 16h2v2H4v-2zm16 0H8v2h12v-2z\" fill=\"currentColor\"><\/path><\/svg><svg style=\"fill: #999;color:#999\" class=\"arrow-unsorted-368013\" xmlns=\"http:\/\/www.w3.org\/2000\/svg\" width=\"10px\" height=\"10px\" viewbox=\"0 0 24 24\" version=\"1.2\" baseprofile=\"tiny\"><path d=\"M18.2 9.3l-6.2-6.3-6.2 6.3c-.2.2-.3.4-.3.7s.1.5.3.7c.2.2.4.3.7.3h11c.3 0 .5-.1.7-.3.2-.2.3-.5.3-.7s-.1-.5-.3-.7zM5.8 14.7l6.2 6.3 6.2-6.3c.2-.2.3-.5.3-.7s-.1-.5-.3-.7c-.2-.2-.4-.3-.7-.3h-11c-.3 0-.5.1-.7.3-.2.2-.3.5-.3.7s.1.5.3.7z\"\/><\/svg><\/span><\/span><\/span><\/a><\/span><\/div>\n<nav><ul class='ez-toc-list ez-toc-list-level-1 eztoc-toggle-hide-by-default' ><li class='ez-toc-page-1 ez-toc-heading-level-2'><a class=\"ez-toc-link ez-toc-heading-1\" href=\"https:\/\/www.murphylawfirm.com\/es\/mass-tort\/mesothelioma\/treatments\/#treatments-of-mesothelioma\" >Tratamientos del mesotelioma<\/a><ul class='ez-toc-list-level-3' ><li class='ez-toc-heading-level-3'><a class=\"ez-toc-link ez-toc-heading-2\" href=\"https:\/\/www.murphylawfirm.com\/es\/mass-tort\/mesothelioma\/treatments\/#mesothelioma-treatment-options-and-finding-the-right-care\" >Opciones de tratamiento del mesotelioma y c\u00f3mo encontrar la atenci\u00f3n adecuada<\/a><\/li><li class='ez-toc-page-1 ez-toc-heading-level-3'><a class=\"ez-toc-link ez-toc-heading-3\" href=\"https:\/\/www.murphylawfirm.com\/es\/mass-tort\/mesothelioma\/treatments\/#contact-our-experienced-mesothelioma-lawyers-to-get-help-with-your-claim\" >P\u00f3ngase en contacto con nuestros abogados expertos en mesotelioma para obtener ayuda con su reclamaci\u00f3n<\/a><\/li><\/ul><\/li><\/ul><\/nav><\/div>\n<h2><span class=\"ez-toc-section\" id=\"treatments-of-mesothelioma\"><\/span>Tratamientos del mesotelioma<span class=\"ez-toc-section-end\"><\/span><\/h2>\n<p><strong>Informaci\u00f3n y qu\u00e9 hacer<\/strong><\/p>\n<p>El Baton Rouge <a href=\"https:\/\/www.murphylawfirm.com\/es\/responsabilidad-civil-masiva\/mesotelioma\/\">abogados especializados en mesotelioma<\/a> del bufete de abogados Murphy se comprometen a ayudar a las v\u00edctimas del mesotelioma en Louisiana y en todo Estados Unidos. Antes de contraer la enfermedad, la mayor\u00eda de las personas no tienen idea de c\u00f3mo es realmente el mesotelioma y qu\u00e9 incluir\u00e1 el tratamiento m\u00e9dico. Con m\u00e1s de 150 a\u00f1os combinados de experiencia, nuestro <a href=\"https:\/\/www.murphylawfirm.com\/es\/abogado-de-lesiones-personales-de-louisiana\/\">abogados de da\u00f1os personales<\/a> han ayudado a muchas personas con mesotelioma. Le ayudaremos a encontrar el m\u00e9dico adecuado y lucharemos para que reciba la indemnizaci\u00f3n completa y justa por su enfermedad.<\/p>\n<p><img loading=\"lazy\" decoding=\"async\" class=\"alignnone wp-image-3241\" title=\"tratamientos del mesotelioma\" src=\"https:\/\/www.murphylawfirm.com\/wp-content\/uploads\/2024\/11\/treatments-of-mesothelioma.webp\" alt=\"tratamientos del mesotelioma\" width=\"800\" height=\"400\" srcset=\"https:\/\/www.murphylawfirm.com\/wp-content\/uploads\/2024\/11\/treatments-of-mesothelioma.webp 1200w, https:\/\/www.murphylawfirm.com\/wp-content\/uploads\/2024\/11\/treatments-of-mesothelioma-300x150.webp 300w, https:\/\/www.murphylawfirm.com\/wp-content\/uploads\/2024\/11\/treatments-of-mesothelioma-1024x512.webp 1024w, https:\/\/www.murphylawfirm.com\/wp-content\/uploads\/2024\/11\/treatments-of-mesothelioma-768x384.webp 768w\" sizes=\"auto, (max-width: 800px) 100vw, 800px\" \/><\/p>\n<p>Si padece mesotelioma, cree que puede estar en riesgo de padecerlo o ha perdido a un ser querido en un caso de homicidio culposo causado por mesotelioma, nuestra\u00a0<strong>Baton Rouge abogados mesotelioma<\/strong>\u00a0puede ayudarle. Murphy Law Firm, LLC se dedica a proporcionar litigios agresivos que se adaptan personalmente a las necesidades de cada cliente.\u00a0<a href=\"https:\/\/www.murphylawfirm.com\/es\/nuestro-equipo\/\">Nuestro equipo de abogados en Murphy Law Firm<\/a>\u00a0le ayudar\u00e1 a decidir si tiene un caso, y lucharemos para conseguirle la indemnizaci\u00f3n que necesita por las facturas m\u00e9dicas, los salarios perdidos, la angustia mental y el dolor y el sufrimiento derivados de la enfermedad.<\/p>\n<p><strong><em>\"La mayor\u00eda de los casos de mesotelioma est\u00e1n relacionados con el trabajo, por respirar humos de amianto en f\u00e1bricas u otros puestos de producci\u00f3n. No es justo trabajar toda la vida para luego sufrir una enfermedad grave. Como padre de familia que soy, quiero asegurarme de que reciba una indemnizaci\u00f3n justa por su enfermedad, para que pueda seguir manteniendo a su familia. Ll\u00e1meme\".<\/em><br \/>\nAbogado Peyton Murphy.<\/strong><\/p>\n<h3><span class=\"ez-toc-section\" id=\"mesothelioma-treatment-options-and-finding-the-right-care\"><\/span>Opciones de tratamiento del mesotelioma y c\u00f3mo encontrar la atenci\u00f3n adecuada<span class=\"ez-toc-section-end\"><\/span><\/h3>\n<p>Hist\u00f3ricamente, la tasa de supervivencia del mesotelioma ha sido baja. Muy pocas personas pueden soportar los rigores de esta enfermedad. Por supuesto, la tecnolog\u00eda m\u00e9dica est\u00e1 mejorando, lo que aumenta las posibilidades de supervivencia de los enfermos de mesotelioma, pero el \u00e9xito en este sentido depende de muchos factores, como el reconocimiento de los s\u00edntomas del mesotelioma, la detecci\u00f3n y el diagn\u00f3stico precoces, la edad del paciente y la existencia de otros problemas m\u00e9dicos y enfermedades que puedan debilitar el organismo. Si usted o un ser querido se encuentra en <a href=\"https:\/\/en.wikipedia.org\/wiki\/Baton_Rouge,_Louisiana\" target=\"_blank\" rel=\"noopener\">Baton Rouge<\/a> y lidiar con el mesotelioma, es crucial buscar ayuda legal para explorar sus opciones de compensaci\u00f3n.<\/p>\n<p>Podemos ayudarle a encontrar un m\u00e9dico que entienda el mesotelioma y est\u00e9 especializado en el tratamiento de esta enfermedad. Actualmente, existen tres formas principales de tratar el mesotelioma:<\/p>\n<ul>\n<li><strong>Cirug\u00eda: <\/strong>La mayor\u00eda de las veces, el mesotelioma debe detectarse precozmente para que la extirpaci\u00f3n quir\u00fargica del c\u00e1ncer tenga \u00e9xito.<\/li>\n<li><strong>Quimioterapia:<\/strong> La mayor\u00eda de las veces, el mesotelioma se descubre demasiado tarde para que la cirug\u00eda sea una opci\u00f3n viable, por lo que las v\u00edctimas del mesotelioma tienen que someterse a quimioterapia para destruir el c\u00e1ncer.<\/li>\n<li><strong>Radioterapia:<\/strong> La radioterapia es similar a la quimioterapia, ya que su objetivo es destruir las c\u00e9lulas cancerosas y controlar su crecimiento.<\/li>\n<\/ul>\n<h3><span class=\"ez-toc-section\" id=\"contact-our-experienced-mesothelioma-lawyers-to-get-help-with-your-claim\"><\/span>P\u00f3ngase en contacto con nuestros abogados expertos en mesotelioma para obtener ayuda con su reclamaci\u00f3n<span class=\"ez-toc-section-end\"><\/span><\/h3>\n<p>Ninguna de estas opciones es sencilla ni c\u00f3moda. Si usted ha contra\u00eddo mesotelioma por su trabajo, por la ocupaci\u00f3n de un familiar o por cualquier otra causa, lucharemos por la indemnizaci\u00f3n que se merece. Tambi\u00e9n representamos a clientes en demandas por homicidio culposo de seres queridos a los que esta terrible enfermedad se ha llevado. P\u00f3ngase en contacto con nuestro dedicado y atento equipo de abogados especializados en mesotelioma en Murphy Law Firm llamando al <a href=\"tel:2256234626\">(225) 623-4626<\/a> o <a href=\"https:\/\/www.murphylawfirm.com\/es\/pongase-en-contacto-con\/\">contacte con nosotros en l\u00ednea para una consulta gratuita<\/a>.<\/p>","protected":false},"excerpt":{"rendered":"<p>Treatments of Mesothelioma Information &amp; What To Do The Baton Rouge mesothelioma attorneys of Murphy Law Firm are committed to helping mesothelioma victims in Louisiana and throughout the United States. Before contracting the disease, most people have no idea what mesothelioma really looks like and what the medical treatment will include. With more than 150 &hellip; <\/p>\n<p class=\"link-more\"><a href=\"https:\/\/www.murphylawfirm.com\/es\/mass-tort\/mesothelioma\/treatments\/\" class=\"more-link\">Seguir leyendo<span class=\"screen-reader-text\"> &#8220;Treatments&#8221;<\/span><\/a><\/p>","protected":false},"author":1,"featured_media":0,"parent":376,"menu_order":0,"comment_status":"closed","ping_status":"closed","template":"","meta":{"_acf_changed":false,"footnotes":""},"class_list":["post-687","page","type-page","status-publish","hentry","entry"],"acf":[],"yoast_head":"<!-- This site is optimized with the Yoast SEO plugin v27.4 - https:\/\/yoast.com\/product\/yoast-seo-wordpress\/ -->\n<title>Treatments of Mesothelioma - Murphy Law Firm<\/title>\n<meta name=\"description\" content=\"Explore treatment options for mesothelioma caused by asbestos exposure. Murphy Law Firm fights for justice for victims in Baton Rouge and Louisiana.\" \/>\n<meta name=\"robots\" content=\"index, follow, max-snippet:-1, max-image-preview:large, max-video-preview:-1\" \/>\n<link rel=\"canonical\" href=\"https:\/\/www.murphylawfirm.com\/es\/responsabilidad-civil-masiva\/mesotelioma\/tratamientos\/\" \/>\n<meta property=\"og:locale\" content=\"es_MX\" \/>\n<meta property=\"og:type\" content=\"article\" \/>\n<meta property=\"og:title\" content=\"Treatments of Mesothelioma - Murphy Law Firm\" \/>\n<meta property=\"og:description\" content=\"Explore treatment options for mesothelioma caused by asbestos exposure. Murphy Law Firm fights for justice for victims in Baton Rouge and Louisiana.\" \/>\n<meta property=\"og:url\" content=\"https:\/\/www.murphylawfirm.com\/es\/responsabilidad-civil-masiva\/mesotelioma\/tratamientos\/\" \/>\n<meta property=\"og:site_name\" content=\"Murphy Law Firm\" \/>\n<meta property=\"article:publisher\" content=\"https:\/\/www.facebook.com\/MurphyLawFirm225\/\" \/>\n<meta property=\"article:modified_time\" content=\"2025-03-12T17:55:47+00:00\" \/>\n<meta property=\"og:image\" content=\"https:\/\/www.murphylawfirm.com\/wp-content\/uploads\/2024\/11\/treatments-of-mesothelioma.webp\" \/>\n\t<meta property=\"og:image:width\" content=\"1200\" \/>\n\t<meta property=\"og:image:height\" content=\"600\" \/>\n\t<meta property=\"og:image:type\" content=\"image\/webp\" \/>\n<meta name=\"twitter:card\" content=\"summary_large_image\" \/>\n<meta name=\"twitter:site\" content=\"@murphylawfirm225\" \/>\n<meta name=\"twitter:label1\" content=\"Tiempo de lectura\" \/>\n\t<meta name=\"twitter:data1\" content=\"3 minutos\" \/>\n<!-- \/ Yoast SEO plugin. -->","yoast_head_json":{"title":"Tratamientos del mesotelioma - Murphy Law Firm","description":"Explore las opciones de tratamiento para el mesotelioma causado por la exposici\u00f3n al amianto. Murphy Law Firm lucha por la justicia para las v\u00edctimas en Baton Rouge y Louisiana.","robots":{"index":"index","follow":"follow","max-snippet":"max-snippet:-1","max-image-preview":"max-image-preview:large","max-video-preview":"max-video-preview:-1"},"canonical":"https:\/\/www.murphylawfirm.com\/es\/responsabilidad-civil-masiva\/mesotelioma\/tratamientos\/","og_locale":"es_MX","og_type":"article","og_title":"Treatments of Mesothelioma - Murphy Law Firm","og_description":"Explore treatment options for mesothelioma caused by asbestos exposure. Murphy Law Firm fights for justice for victims in Baton Rouge and Louisiana.","og_url":"https:\/\/www.murphylawfirm.com\/es\/responsabilidad-civil-masiva\/mesotelioma\/tratamientos\/","og_site_name":"Murphy Law Firm","article_publisher":"https:\/\/www.facebook.com\/MurphyLawFirm225\/","article_modified_time":"2025-03-12T17:55:47+00:00","og_image":[{"width":1200,"height":600,"url":"https:\/\/www.murphylawfirm.com\/wp-content\/uploads\/2024\/11\/treatments-of-mesothelioma.webp","type":"image\/webp"}],"twitter_card":"summary_large_image","twitter_site":"@murphylawfirm225","twitter_misc":{"Tiempo de lectura":"3 minutos"},"schema":{"@context":"https:\/\/schema.org","@graph":[{"@type":"WebPage","@id":"https:\/\/www.murphylawfirm.com\/mass-tort\/mesothelioma\/treatments\/","url":"https:\/\/www.murphylawfirm.com\/mass-tort\/mesothelioma\/treatments\/","name":"Tratamientos del mesotelioma - Murphy Law Firm","isPartOf":{"@id":"https:\/\/www.murphylawfirm.com\/#website"},"primaryImageOfPage":{"@id":"https:\/\/www.murphylawfirm.com\/mass-tort\/mesothelioma\/treatments\/#primaryimage"},"image":{"@id":"https:\/\/www.murphylawfirm.com\/mass-tort\/mesothelioma\/treatments\/#primaryimage"},"thumbnailUrl":"https:\/\/www.murphylawfirm.com\/wp-content\/uploads\/2024\/11\/treatments-of-mesothelioma.webp","datePublished":"2024-04-17T12:59:31+00:00","dateModified":"2025-03-12T17:55:47+00:00","description":"Explore las opciones de tratamiento para el mesotelioma causado por la exposici\u00f3n al amianto. Murphy Law Firm lucha por la justicia para las v\u00edctimas en Baton Rouge y Louisiana.","breadcrumb":{"@id":"https:\/\/www.murphylawfirm.com\/mass-tort\/mesothelioma\/treatments\/#breadcrumb"},"inLanguage":"es","potentialAction":[{"@type":"ReadAction","target":["https:\/\/www.murphylawfirm.com\/mass-tort\/mesothelioma\/treatments\/"]}]},{"@type":"ImageObject","inLanguage":"es","@id":"https:\/\/www.murphylawfirm.com\/mass-tort\/mesothelioma\/treatments\/#primaryimage","url":"https:\/\/www.murphylawfirm.com\/wp-content\/uploads\/2024\/11\/treatments-of-mesothelioma.webp","contentUrl":"https:\/\/www.murphylawfirm.com\/wp-content\/uploads\/2024\/11\/treatments-of-mesothelioma.webp"},{"@type":"BreadcrumbList","@id":"https:\/\/www.murphylawfirm.com\/mass-tort\/mesothelioma\/treatments\/#breadcrumb","itemListElement":[{"@type":"ListItem","position":1,"name":"Home","item":"https:\/\/www.murphylawfirm.com\/"},{"@type":"ListItem","position":2,"name":"Baton Rouge Mass Tort Lawyer","item":"https:\/\/www.murphylawfirm.com\/mass-tort\/"},{"@type":"ListItem","position":3,"name":"Baton Rouge Mesothelioma Lawyer","item":"https:\/\/www.murphylawfirm.com\/mass-tort\/mesothelioma\/"},{"@type":"ListItem","position":4,"name":"Treatments"}]},{"@type":"WebSite","@id":"https:\/\/www.murphylawfirm.com\/#website","url":"https:\/\/www.murphylawfirm.com\/","name":"Bufete Murphy","description":"","publisher":{"@id":"https:\/\/www.murphylawfirm.com\/#organization"},"potentialAction":[{"@type":"SearchAction","target":{"@type":"EntryPoint","urlTemplate":"https:\/\/www.murphylawfirm.com\/?s={search_term_string}"},"query-input":{"@type":"PropertyValueSpecification","valueRequired":true,"valueName":"search_term_string"}}],"inLanguage":"es"},{"@type":"Organization","@id":"https:\/\/www.murphylawfirm.com\/#organization","name":"Bufete Murphy","alternateName":"Murphy Law Firm","url":"https:\/\/www.murphylawfirm.com\/","logo":{"@type":"ImageObject","inLanguage":"es","@id":"https:\/\/www.murphylawfirm.com\/#\/schema\/logo\/image\/","url":"https:\/\/www.murphylawfirm.com\/wp-content\/uploads\/2024\/05\/murphy.jpg","contentUrl":"https:\/\/www.murphylawfirm.com\/wp-content\/uploads\/2024\/05\/murphy.jpg","width":309,"height":79,"caption":"Murphy Law Firm"},"image":{"@id":"https:\/\/www.murphylawfirm.com\/#\/schema\/logo\/image\/"},"sameAs":["https:\/\/www.facebook.com\/MurphyLawFirm225\/","https:\/\/x.com\/murphylawfirm225","https:\/\/www.instagram.com\/murphylawfirm225\/","https:\/\/www.linkedin.com\/in\/murphy-law-firm-peyton-murphy\/","https:\/\/maps.app.goo.gl\/WCtGDyEwg1JYgwZ87","https:\/\/www.yelp.com\/biz\/murphy-law-firm-baton-rouge-3","https:\/\/www.mapquest.com\/us\/louisiana\/murphy-law-firm-284707425","https:\/\/www.lawinfo.com\/lawfirm\/louisiana\/baton-rouge\/murphy-law-firm-llc\/97a2f249-3b83-4255-b82a-f62955d76970.html","https:\/\/www.hg.org\/attorney\/murphy-law-firm-llc\/68580","https:\/\/lawyers.findlaw.com\/louisiana\/baton-rouge\/2388680_1\/","https:\/\/www.bbb.org\/us\/la\/baton-rouge\/profile\/lawyers\/murphy-law-firm-llc-0835-12003342","https:\/\/www.lawyers.com\/baton-rouge\/louisiana\/murphy-law-firm-42910679-f\/","https:\/\/nextdoor.com\/pages\/murphy-law-firm-llc\/","https:\/\/www.lawyer4criminaldefense.com\/criminal-defense-lawyers\/listing\/b637fd75d4bc11b1a32273b847ba8a37\/","https:\/\/www.expertise.com\/legal\/slip-and-fall-lawyers\/louisiana\/baton-rouge","https:\/\/www.youtube.com\/@MurphyLawFirmBatonRouge"]}]}},"_links":{"self":[{"href":"https:\/\/www.murphylawfirm.com\/es\/wp-json\/wp\/v2\/pages\/687","targetHints":{"allow":["GET"]}}],"collection":[{"href":"https:\/\/www.murphylawfirm.com\/es\/wp-json\/wp\/v2\/pages"}],"about":[{"href":"https:\/\/www.murphylawfirm.com\/es\/wp-json\/wp\/v2\/types\/page"}],"author":[{"embeddable":true,"href":"https:\/\/www.murphylawfirm.com\/es\/wp-json\/wp\/v2\/users\/1"}],"replies":[{"embeddable":true,"href":"https:\/\/www.murphylawfirm.com\/es\/wp-json\/wp\/v2\/comments?post=687"}],"version-history":[{"count":12,"href":"https:\/\/www.murphylawfirm.com\/es\/wp-json\/wp\/v2\/pages\/687\/revisions"}],"predecessor-version":[{"id":6078,"href":"https:\/\/www.murphylawfirm.com\/es\/wp-json\/wp\/v2\/pages\/687\/revisions\/6078"}],"up":[{"embeddable":true,"href":"https:\/\/www.murphylawfirm.com\/es\/wp-json\/wp\/v2\/pages\/376"}],"wp:attachment":[{"href":"https:\/\/www.murphylawfirm.com\/es\/wp-json\/wp\/v2\/media?parent=687"}],"curies":[{"name":"wp","href":"https:\/\/api.w.org\/{rel}","templated":true}]}}