{"id":7020,"date":"2025-07-18T05:00:18","date_gmt":"2025-07-18T05:00:18","guid":{"rendered":"https:\/\/www.murphylawfirm.com\/?page_id=7020"},"modified":"2025-07-18T05:12:15","modified_gmt":"2025-07-18T05:12:15","slug":"abogado-de-lesiones-de-espalda-en-port-allen","status":"publish","type":"page","link":"https:\/\/www.murphylawfirm.com\/es\/port-allen-back-injury-lawyer\/","title":{"rendered":"Port Allen Abogado de lesiones de espalda"},"content":{"rendered":"<div id=\"ez-toc-container\" class=\"ez-toc-v2_0_83 counter-hierarchy ez-toc-counter ez-toc-transparent ez-toc-container-direction\">\n<div class=\"ez-toc-title-container\">\n<p class=\"ez-toc-title ez-toc-toggle\" style=\"cursor:pointer\">\u00cdndice<\/p>\n<span class=\"ez-toc-title-toggle\"><a href=\"#\" class=\"ez-toc-pull-right ez-toc-btn ez-toc-btn-xs ez-toc-btn-default ez-toc-toggle\" aria-label=\"Toggle Table of Content\"><span class=\"ez-toc-js-icon-con\"><span class=\"\"><span class=\"eztoc-hide\" style=\"display:none;\">Toggle<\/span><span class=\"ez-toc-icon-toggle-span\"><svg style=\"fill: #999;color:#999\" xmlns=\"http:\/\/www.w3.org\/2000\/svg\" class=\"list-377408\" width=\"20px\" height=\"20px\" viewbox=\"0 0 24 24\" fill=\"none\"><path d=\"M6 6H4v2h2V6zm14 0H8v2h12V6zM4 11h2v2H4v-2zm16 0H8v2h12v-2zM4 16h2v2H4v-2zm16 0H8v2h12v-2z\" fill=\"currentColor\"><\/path><\/svg><svg style=\"fill: #999;color:#999\" class=\"arrow-unsorted-368013\" xmlns=\"http:\/\/www.w3.org\/2000\/svg\" width=\"10px\" height=\"10px\" viewbox=\"0 0 24 24\" version=\"1.2\" baseprofile=\"tiny\"><path d=\"M18.2 9.3l-6.2-6.3-6.2 6.3c-.2.2-.3.4-.3.7s.1.5.3.7c.2.2.4.3.7.3h11c.3 0 .5-.1.7-.3.2-.2.3-.5.3-.7s-.1-.5-.3-.7zM5.8 14.7l6.2 6.3 6.2-6.3c.2-.2.3-.5.3-.7s-.1-.5-.3-.7c-.2-.2-.4-.3-.7-.3h-11c-.3 0-.5.1-.7.3-.2.2-.3.5-.3.7s.1.5.3.7z\"\/><\/svg><\/span><\/span><\/span><\/a><\/span><\/div>\n<nav><ul class='ez-toc-list ez-toc-list-level-1 eztoc-toggle-hide-by-default' ><li class='ez-toc-page-1 ez-toc-heading-level-2'><a class=\"ez-toc-link ez-toc-heading-1\" href=\"https:\/\/www.murphylawfirm.com\/es\/port-allen-back-injury-lawyer\/#back-injury-attorney-in-port-allen\" >Abogado de lesiones de espalda en Port Allen<\/a><\/li><li class='ez-toc-page-1 ez-toc-heading-level-2'><a class=\"ez-toc-link ez-toc-heading-2\" href=\"https:\/\/www.murphylawfirm.com\/es\/port-allen-back-injury-lawyer\/#common-back-injuries\" >Lesiones comunes de espalda<\/a><\/li><li class='ez-toc-page-1 ez-toc-heading-level-2'><a class=\"ez-toc-link ez-toc-heading-3\" href=\"https:\/\/www.murphylawfirm.com\/es\/port-allen-back-injury-lawyer\/#frequent-causes-of-back-injuries-in-port-allen\" >Causas frecuentes de lesiones de espalda en Port Allen<\/a><\/li><li class='ez-toc-page-1 ez-toc-heading-level-2'><a class=\"ez-toc-link ez-toc-heading-4\" href=\"https:\/\/www.murphylawfirm.com\/es\/port-allen-back-injury-lawyer\/#faqs\" >Preguntas frecuentes<\/a><ul class='ez-toc-list-level-3' ><li class='ez-toc-heading-level-3'><a class=\"ez-toc-link ez-toc-heading-5\" href=\"https:\/\/www.murphylawfirm.com\/es\/port-allen-back-injury-lawyer\/#q-how-much-can-you-file-a-claim-for-a-back-injury\" >P: \u00bfCu\u00e1nto se puede reclamar por una lesi\u00f3n de espalda?<\/a><\/li><li class='ez-toc-page-1 ez-toc-heading-level-3'><a class=\"ez-toc-link ez-toc-heading-6\" href=\"https:\/\/www.murphylawfirm.com\/es\/port-allen-back-injury-lawyer\/#q-how-is-pain-and-suffering-for-a-back-injury-calculated-in-louisiana\" >P: \u00bfC\u00f3mo se calcula el da\u00f1o moral por lesi\u00f3n de espalda en el Louisiana?<\/a><\/li><li class='ez-toc-page-1 ez-toc-heading-level-3'><a class=\"ez-toc-link ez-toc-heading-7\" href=\"https:\/\/www.murphylawfirm.com\/es\/port-allen-back-injury-lawyer\/#q-is-it-hard-to-prove-a-back-injury\" >P: \u00bfEs dif\u00edcil demostrar una lesi\u00f3n de espalda?<\/a><\/li><li class='ez-toc-page-1 ez-toc-heading-level-3'><a class=\"ez-toc-link ez-toc-heading-8\" href=\"https:\/\/www.murphylawfirm.com\/es\/port-allen-back-injury-lawyer\/#q-how-long-does-a-personal-injury-claim-take-for-a-back-injury-in-louisiana\" >P: \u00bfCu\u00e1nto tarda una demanda por lesiones personales por una lesi\u00f3n de espalda en Louisiana?<\/a><\/li><\/ul><\/li><li class='ez-toc-page-1 ez-toc-heading-level-2'><a class=\"ez-toc-link ez-toc-heading-9\" href=\"https:\/\/www.murphylawfirm.com\/es\/port-allen-back-injury-lawyer\/#work-with-skilled-back-injury-lawyers-in-port-allen\" >Trabaje con abogados expertos en lesiones de espalda en Port Allen<\/a><\/li><\/ul><\/nav><\/div>\n<h2><span class=\"ez-toc-section\" id=\"back-injury-attorney-in-port-allen\"><\/span>Abogado de lesiones de espalda en Port Allen<span class=\"ez-toc-section-end\"><\/span><\/h2>\n<p>Cuando sufre una lesi\u00f3n de espalda, puede tener que hacer frente a importantes gastos m\u00e9dicos, dolor diario, limitaci\u00f3n de movimientos y movilidad, p\u00e9rdida de ingresos y muchas otras p\u00e9rdidas. Cuando alguien es culpable de su lesi\u00f3n de espalda por negligencia o imprudencia, usted puede exigirle responsabilidades, ya sea un conductor, el fabricante de un producto o el propietario de un inmueble. A<strong> abogado experto en lesiones de espalda Port Allen<\/strong> puede determinar si tiene derecho a reclamar y ayudarle a luchar por lo que se merece.<\/p>\n<p><a href=\"https:\/\/www.murphylawfirm.com\/es\/nuestro-equipo\/\">Bufete Murphy<\/a> ha ayudado a individuos y familias a navegar complejas demandas por lesiones personales durante 30 a\u00f1os. Nuestro <a href=\"https:\/\/www.murphylawfirm.com\/es\/port-allen-abogado-de-lesiones-personales\/\">equipo de abogados expertos en lesiones personales<\/a> entiende que los casos de lesiones de espalda pueden ser complicados, especialmente cuando su capacidad para trabajar es limitada, potencialmente para el resto de su vida. Estas p\u00e9rdidas pueden ser extremas, y es crucial que usted sea compensado por ellas. Nuestra empresa cuenta con m\u00e1s de 150 a\u00f1os de experiencia legal combinada, y estamos comprometidos a apoyarle durante este tiempo dif\u00edcil.<\/p>\n<p><img loading=\"lazy\" decoding=\"async\" class=\"alignnone wp-image-7061\" title=\"abogado de lesiones de espalda en port allen\" src=\"https:\/\/www.murphylawfirm.com\/wp-content\/uploads\/2025\/07\/port-allen-back-injury-lawyer.webp\" alt=\"abogado de lesiones de espalda en port allen\" width=\"1000\" height=\"500\" srcset=\"https:\/\/www.murphylawfirm.com\/wp-content\/uploads\/2025\/07\/port-allen-back-injury-lawyer.webp 800w, https:\/\/www.murphylawfirm.com\/wp-content\/uploads\/2025\/07\/port-allen-back-injury-lawyer-300x150.webp 300w, https:\/\/www.murphylawfirm.com\/wp-content\/uploads\/2025\/07\/port-allen-back-injury-lawyer-768x384.webp 768w, https:\/\/www.murphylawfirm.com\/wp-content\/uploads\/2025\/07\/port-allen-back-injury-lawyer-18x9.webp 18w\" sizes=\"auto, (max-width: 1000px) 100vw, 1000px\" \/><\/p>\n<h2><span class=\"ez-toc-section\" id=\"common-back-injuries\"><\/span>Lesiones comunes de espalda<span class=\"ez-toc-section-end\"><\/span><\/h2>\n<p>En <a href=\"https:\/\/www.murphylawfirm.com\/es\/blog\/ejemplos-de-indemnizaciones-por-danos-personales-en-louisiana\/\">valor de un posible acuerdo<\/a> depender\u00e1 de la gravedad de su lesi\u00f3n de espalda, de la medida en que afecte a su vida diaria y de los costes directos del tratamiento. <strong>Existen muchos tipos de lesiones de espalda, entre ellas:<\/strong><\/p>\n<ul>\n<li>Hernias o protuberancias discales<\/li>\n<li>Enfermedad discal degenerativa<\/li>\n<li>Artritis<\/li>\n<li>Da\u00f1o nervioso<\/li>\n<li>V\u00e9rtebras fracturadas<\/li>\n<li>Esguinces, distensiones y desgarros de m\u00fasculos y ligamentos<\/li>\n<li>Da\u00f1os en la m\u00e9dula espinal que provocan dolor, lesiones nerviosas o par\u00e1lisis total o parcial.<\/li>\n<\/ul>\n<p>Es importante actuar con rapidez tras un accidente o cuando haya descubierto una lesi\u00f3n de desarrollo. Si su lesi\u00f3n de espalda es consecuencia de un accidente, hablar con un <a class=\"\" href=\"https:\/\/www.murphylawfirm.com\/es\/port-allen-abogado-de-accidente-de-coche\/\" target=\"_new\" rel=\"noopener\" data-start=\"1933\" data-end=\"2028\">Port Allen abogado accidente coche<\/a> pronto puede proteger su derecho a una indemnizaci\u00f3n. Cuanto antes reciba tratamiento m\u00e9dico y se ponga en contacto con un abogado, m\u00e1s tiempo tendr\u00e1 para construir un caso s\u00f3lido. Si espera demasiado, podr\u00eda perder el plazo de prescripci\u00f3n civil y no poder cobrar la indemnizaci\u00f3n.<\/p>\n<h2><span class=\"ez-toc-section\" id=\"frequent-causes-of-back-injuries-in-port-allen\"><\/span>Causas frecuentes de lesiones de espalda en Port Allen<span class=\"ez-toc-section-end\"><\/span><\/h2>\n<p>No todas las lesiones de espalda dan lugar a una demanda v\u00e1lida por lesiones personales, por lo que es importante hablar con un abogado sobre su lesi\u00f3n y accidente espec\u00edficos. <strong>Las lesiones de espalda suelen deberse a:<\/strong><\/p>\n<ul>\n<li><strong>Accidentes de tr\u00e1fico.<\/strong> Las lesiones de espalda figuran entre las m\u00e1s frecuentes en los accidentes de tr\u00e1fico. Las colisiones pueden provocar latigazos cervicales que afectan a la columna vertebral, fracturas y da\u00f1os en la m\u00e9dula espinal. Hubo <a href=\"https:\/\/cartsdashboardserver.lsu.edu\/t\/CARTS\/views\/SectionD-Dashboard\/SectionD-Dashboard?:embed=y&amp;:display_count=n&amp;:showAppBanner=false&amp;:origin=viz_share_link&amp;:linktarget=_self&amp;:showVizHome=n\" target=\"_blank\" rel=\"noopener\">147 presuntos heridos<\/a> a personas en accidentes de tr\u00e1fico en <a href=\"https:\/\/en.wikipedia.org\/wiki\/Port_Allen,_Louisiana\" target=\"_blank\" rel=\"noopener\">Port Allen<\/a> en 2024. Otras colisiones de veh\u00edculos de motor, como las que implican a <a href=\"https:\/\/www.murphylawfirm.com\/es\/abogado-de-accidente-de-camion-en-port-allen\/\">camiones comerciales<\/a> o motocicletas, son especialmente perjudiciales para quienes viajan en veh\u00edculos m\u00e1s peque\u00f1os y menos protegidos. El seguro del conductor culpable puede ser considerado responsable de estas lesiones.<\/li>\n<li><strong>Accidentes laborales y lesiones.<\/strong> En 2020, se calcula que hab\u00eda <a href=\"https:\/\/ldh.la.gov\/assets\/oph\/SEET\/OccupationalHealth\/OHI_Report_2016-2020_Final.pdf#page=40\" target=\"_blank\" rel=\"noopener\">740 empleados<\/a> con trastornos musculoesquel\u00e9ticos en la espalda por lesiones relacionadas con el trabajo que requirieron un d\u00eda de baja en Louisiana.Hay muchas causas potenciales de lesiones de espalda en el lugar de trabajo, incluidas las ca\u00eddas repentinas o la ca\u00edda de objetos, as\u00ed como la tensi\u00f3n por movimientos repetitivos al levantar objetos u otros movimientos repetidos. Los lugares de trabajo peligrosos, como las obras de construcci\u00f3n, las plataformas marinas y las plantas industriales, son especialmente propensos a causar lesiones graves. Los trabajadores suelen limitarse a reclamar indemnizaciones por accidentes laborales, pero son raros los casos que dan lugar a una demanda civil.<\/li>\n<li><strong>Accidentes por resbalones y ca\u00eddas.<\/strong> Algunas personas no consideran que las ca\u00eddas sean especialmente peligrosas, pero pueden ser lesivas e incluso mortales. Esto es especialmente cierto cuando la persona lesionada tiene m\u00e1s de 65 a\u00f1os, si la ca\u00edda se produce desde una altura considerable o si el entorno es peligroso. <a href=\"https:\/\/wisqars.cdc.gov\/cost\/?y=2023&amp;o=HOSP&amp;i=0&amp;m=3000&amp;g=00&amp;s=0&amp;u=TOTAL&amp;u=AVG&amp;t=COMBO&amp;t=MED&amp;t=LIFE&amp;t=WORK&amp;a=5Yr&amp;g1=0&amp;g2=199&amp;a1=0&amp;a2=199&amp;r1=MECH&amp;r2=INTENT&amp;r3=NONE&amp;r4=NONE\" target=\"_blank\" rel=\"noopener\">1,85 millones de hospitalizaciones<\/a> y m\u00e1s de <a href=\"https:\/\/wisqars.cdc.gov\/cost\/?y=2023&amp;o=TAR&amp;i=0&amp;m=3000&amp;g=00&amp;s=0&amp;u=TOTAL&amp;u=AVG&amp;t=COMBO&amp;t=MED&amp;t=LIFE&amp;t=WORK&amp;a=5Yr&amp;g1=0&amp;g2=199&amp;a1=0&amp;a2=199&amp;r1=MECH&amp;r2=INTENT&amp;r3=NONE&amp;r4=NONE\" target=\"_blank\" rel=\"noopener\">6,73 millones de visitas a urgencias<\/a> por ca\u00eddas involuntarias en 2023 en EE.UU., seg\u00fan datos recogidos por los Centros para el Control de Enfermedades. Estos casos podr\u00edan dar lugar a una demanda por responsabilidad de las instalaciones si el accidente se produjo debido a un propietario negligente.<\/li>\n<li><strong>Accidentes deportivos.<\/strong> Determinados deportes y actividades recreativas pueden provocar lesiones de espalda, sobre todo los que implican un alto contacto. Estas actividades conllevan cierto nivel de riesgo, por lo que no siempre dan lugar a una reclamaci\u00f3n. Sin embargo, si una persona ha incumplido negligentemente su deber de diligencia hacia usted, o si se ha lesionado a causa de un producto defectuoso, puede tener derecho a reclamar.<\/li>\n<\/ul>\n<ul>\n<li><strong>Delitos violentos.<\/strong> Los delitos violentos como la agresi\u00f3n o el asalto pueden provocar muchas lesiones, incluidos da\u00f1os en la columna vertebral y la espalda. Cuando sufres da\u00f1os por acciones delictivas o negligencia criminal, puedes presentar cargos y tambi\u00e9n interponer una demanda civil.<\/li>\n<\/ul>\n<h2><span class=\"ez-toc-section\" id=\"faqs\"><\/span>Preguntas frecuentes<span class=\"ez-toc-section-end\"><\/span><\/h2>\n<div class=\"accsec-ritcnt accordion\">\n<div class=\"accordion-section\">\n<h3><span class=\"ez-toc-section\" id=\"q-how-much-can-you-file-a-claim-for-a-back-injury\"><\/span><a href=\"#accordion-1\">P: \u00bfCu\u00e1nto se puede reclamar por una lesi\u00f3n de espalda?<\/a><span class=\"ez-toc-section-end\"><\/span><\/h3>\n<div id=\"accordion-1\" class=\"accordion-section-content open\">\n<p><strong>A: <\/strong>Cuando presentas una reclamaci\u00f3n por una lesi\u00f3n de espalda, la cantidad que puedes recuperar depender\u00e1 del tipo de accidente, la gravedad de tu lesi\u00f3n, los l\u00edmites de cobertura del seguro de la parte culpable y otros factores.<\/p>\n<p>Por ejemplo, si usted fue parcialmente culpable de su lesi\u00f3n, esto reducir\u00eda su indemnizaci\u00f3n. Si te lesionaste en el trabajo, no tienes que demostrar que nadie tuvo la culpa, pero no puedes recuperar tantos da\u00f1os como podr\u00edas en una demanda civil.<\/p>\n<\/div>\n<\/div>\n<div class=\"accordion-section\">\n<h3><span class=\"ez-toc-section\" id=\"q-how-is-pain-and-suffering-for-a-back-injury-calculated-in-louisiana\"><\/span><a class=\"accordion-section-title\" href=\"#accordion-2\">P: \u00bfC\u00f3mo se calcula el da\u00f1o moral por lesi\u00f3n de espalda en el Louisiana?<\/a><span class=\"ez-toc-section-end\"><\/span><\/h3>\n<div id=\"accordion-2\" class=\"accordion-section-content open\">\n<p><strong>A: <\/strong>Hay muchas formas posibles de calcular el da\u00f1o moral por una lesi\u00f3n de espalda en el Louisiana. Puede calcularse en funci\u00f3n del n\u00famero de d\u00edas que te afecta la lesi\u00f3n, revisando el valor de tus perjuicios econ\u00f3micos o teniendo en cuenta las indemnizaciones por da\u00f1o moral en casos similares al tuyo.<\/p>\n<p>A menudo se utilizan varios m\u00e9todos para obtener el valor m\u00e1s exacto. Es importante trabajar con un abogado para obtener una indemnizaci\u00f3n completa y justa.<\/p>\n<\/div>\n<\/div>\n<div class=\"accordion-section\">\n<h3><span class=\"ez-toc-section\" id=\"q-is-it-hard-to-prove-a-back-injury\"><\/span><a class=\"accordion-section-title\" href=\"#accordion-3\">P: \u00bfEs dif\u00edcil demostrar una lesi\u00f3n de espalda?<\/a><span class=\"ez-toc-section-end\"><\/span><\/h3>\n<div id=\"accordion-3\" class=\"accordion-section-content\">\n<p><strong>A: <\/strong>Puede ser dif\u00edcil demostrar una lesi\u00f3n de espalda, pero tambi\u00e9n puede ser f\u00e1cil probarla. Cada caso es diferente, y las pruebas que apoyen su reclamaci\u00f3n tambi\u00e9n variar\u00e1n. Si usted tiene documentaci\u00f3n m\u00e9dica de la lesi\u00f3n y puede conectarlo claramente a las acciones de la parte culpable y el accidente, puede ser m\u00e1s f\u00e1cil de probar su reclamo. Cuando contrata a un abogado especializado en lesiones de espalda, a menudo es m\u00e1s f\u00e1cil probar su reclamaci\u00f3n y su lesi\u00f3n.<\/p>\n<\/div>\n<\/div>\n<div class=\"accordion-section\">\n<h3><span class=\"ez-toc-section\" id=\"q-how-long-does-a-personal-injury-claim-take-for-a-back-injury-in-louisiana\"><\/span><a class=\"accordion-section-title\" href=\"#accordion-4\">P: \u00bfCu\u00e1nto tarda una demanda por lesiones personales por una lesi\u00f3n de espalda en Louisiana?<\/a><span class=\"ez-toc-section-end\"><\/span><\/h3>\n<div id=\"accordion-4\" class=\"accordion-section-content\">\n<p><strong>A: <\/strong>Cada demanda por lesiones personales en Louisiana es diferente, y no hay un plazo establecido para una demanda por lesiones de espalda. Varios factores influir\u00e1n en la duraci\u00f3n de un caso. Su caso puede llevar m\u00e1s tiempo si sus lesiones tardan mucho en curarse, si se impugna la culpa o si el caso va a juicio. Para obtener una estimaci\u00f3n m\u00e1s precisa de cu\u00e1nto tiempo tomar\u00e1 su caso, usted debe discutir su caso con un abogado.<\/p>\n<\/div>\n<\/div>\n<\/div>\n<h2><span class=\"ez-toc-section\" id=\"work-with-skilled-back-injury-lawyers-in-port-allen\"><\/span>Trabaje con abogados expertos en lesiones de espalda en Port Allen<span class=\"ez-toc-section-end\"><\/span><\/h2>\n<p>Usted no tiene que navegar una lesi\u00f3n en la espalda solo. Si se lastim\u00f3 en el trabajo o debido al descuido de otra persona o empresa, Murphy Law Firm puede ayudar. <a href=\"https:\/\/www.murphylawfirm.com\/es\/pongase-en-contacto-con\/\">P\u00f3ngase en contacto con nosotros<\/a> hoy.<\/p>\n<p><iframe loading=\"lazy\" style=\"border: 0;\" src=\"https:\/\/www.google.com\/maps\/embed?pb=!1m18!1m12!1m3!1d27519.06091128363!2d-91.2313031570394!3d30.439429432500084!2m3!1f0!2f0!3f0!3m2!1i1024!2i768!4f13.1!3m3!1m2!1s0x86241e1ff8c0318d%3A0x2265848ae01d7e6f!2sPort%20Allen%2C%20LA%2070767%2C%20USA!5e0!3m2!1sen!2sin!4v1752814183888!5m2!1sen!2sin\" width=\"1000\" height=\"300\" allowfullscreen=\"allowfullscreen\"><span data-mce-type=\"bookmark\" style=\"display: inline-block; width: 0px; overflow: hidden; line-height: 0;\" class=\"mce_SELRES_start\"><\/span><\/iframe><\/p>","protected":false},"excerpt":{"rendered":"<p>Abogado especializado en lesiones de espalda en Port Allen Cuando sufres una lesi\u00f3n de espalda, puedes enfrentarte a gastos m\u00e9dicos considerables, dolor diario, limitaciones en tus movimientos y movilidad, p\u00e9rdida de ingresos y muchas otras p\u00e9rdidas. Si alguien es responsable de tu lesi\u00f3n de espalda por negligencia o imprudencia, puedes exigirle una indemnizaci\u00f3n, ya sea un conductor, un\u2026 <\/p>\n<p class=\"link-more\"><a href=\"https:\/\/www.murphylawfirm.com\/es\/port-allen-back-injury-lawyer\/\" class=\"more-link\">Seguir leyendo<span class=\"screen-reader-text\"> &#8220;Port Allen Back Injury Lawyer&#8221;<\/span><\/a><\/p>","protected":false},"author":1,"featured_media":0,"parent":0,"menu_order":0,"comment_status":"closed","ping_status":"closed","template":"","meta":{"_acf_changed":false,"footnotes":""},"class_list":["post-7020","page","type-page","status-publish","hentry","entry"],"acf":[],"yoast_head":"<!-- This site is optimized with the Yoast SEO plugin v27.6 - https:\/\/yoast.com\/product\/yoast-seo-wordpress\/ -->\n<title>Port Allen Back Injury Lawyer - Free Consultation<\/title>\n<meta name=\"description\" content=\"Need a Port Allen Back Injury Lawyer? Murphy Law Firm handles spine trauma, workplace injuries, &amp; accident-related claims. Free consultation.\" \/>\n<meta name=\"robots\" content=\"index, follow, max-snippet:-1, max-image-preview:large, max-video-preview:-1\" \/>\n<link rel=\"canonical\" href=\"https:\/\/www.murphylawfirm.com\/es\/abogado-de-lesiones-de-espalda-en-port-allen\/\" \/>\n<meta property=\"og:locale\" content=\"es_MX\" \/>\n<meta property=\"og:type\" content=\"article\" \/>\n<meta property=\"og:title\" content=\"Port Allen Back Injury Lawyer - Free Consultation\" \/>\n<meta property=\"og:description\" content=\"Need a Port Allen Back Injury Lawyer? Murphy Law Firm handles spine trauma, workplace injuries, &amp; accident-related claims. Free consultation.\" \/>\n<meta property=\"og:url\" content=\"https:\/\/www.murphylawfirm.com\/es\/abogado-de-lesiones-de-espalda-en-port-allen\/\" \/>\n<meta property=\"og:site_name\" content=\"Murphy Law Firm\" \/>\n<meta property=\"article:publisher\" content=\"https:\/\/www.facebook.com\/MurphyLawFirm225\/\" \/>\n<meta property=\"article:modified_time\" content=\"2025-07-18T05:12:15+00:00\" \/>\n<meta property=\"og:image\" content=\"https:\/\/www.murphylawfirm.com\/wp-content\/uploads\/2025\/07\/port-allen-back-injury-lawyer.webp\" \/>\n\t<meta property=\"og:image:width\" content=\"800\" \/>\n\t<meta property=\"og:image:height\" content=\"400\" \/>\n\t<meta property=\"og:image:type\" content=\"image\/webp\" \/>\n<meta name=\"twitter:card\" content=\"summary_large_image\" \/>\n<meta name=\"twitter:site\" content=\"@murphylawfirm225\" \/>\n<meta name=\"twitter:label1\" content=\"Tiempo de lectura\" \/>\n\t<meta name=\"twitter:data1\" content=\"6 minutos\" \/>\n<!-- \/ Yoast SEO plugin. -->","yoast_head_json":{"title":"Port Allen Abogado de Lesiones de Espalda - Consulta Gratuita","description":"\u00bfNecesita un abogado de lesiones de espalda Port Allen? Murphy Law Firm maneja trauma de la columna vertebral, lesiones en el lugar de trabajo, y las reclamaciones relacionadas con accidentes. Consulta gratuita.","robots":{"index":"index","follow":"follow","max-snippet":"max-snippet:-1","max-image-preview":"max-image-preview:large","max-video-preview":"max-video-preview:-1"},"canonical":"https:\/\/www.murphylawfirm.com\/es\/abogado-de-lesiones-de-espalda-en-port-allen\/","og_locale":"es_MX","og_type":"article","og_title":"Port Allen Back Injury Lawyer - Free Consultation","og_description":"Need a Port Allen Back Injury Lawyer? Murphy Law Firm handles spine trauma, workplace injuries, & accident-related claims. Free consultation.","og_url":"https:\/\/www.murphylawfirm.com\/es\/abogado-de-lesiones-de-espalda-en-port-allen\/","og_site_name":"Murphy Law Firm","article_publisher":"https:\/\/www.facebook.com\/MurphyLawFirm225\/","article_modified_time":"2025-07-18T05:12:15+00:00","og_image":[{"width":800,"height":400,"url":"https:\/\/www.murphylawfirm.com\/wp-content\/uploads\/2025\/07\/port-allen-back-injury-lawyer.webp","type":"image\/webp"}],"twitter_card":"summary_large_image","twitter_site":"@murphylawfirm225","twitter_misc":{"Tiempo de lectura":"6 minutos"},"schema":{"@context":"https:\/\/schema.org","@graph":[{"@type":"WebPage","@id":"https:\/\/www.murphylawfirm.com\/port-allen-back-injury-lawyer\/","url":"https:\/\/www.murphylawfirm.com\/port-allen-back-injury-lawyer\/","name":"Port Allen Abogado de Lesiones de Espalda - Consulta Gratuita","isPartOf":{"@id":"https:\/\/www.murphylawfirm.com\/#website"},"primaryImageOfPage":{"@id":"https:\/\/www.murphylawfirm.com\/port-allen-back-injury-lawyer\/#primaryimage"},"image":{"@id":"https:\/\/www.murphylawfirm.com\/port-allen-back-injury-lawyer\/#primaryimage"},"thumbnailUrl":"https:\/\/www.murphylawfirm.com\/wp-content\/uploads\/2025\/07\/port-allen-back-injury-lawyer.webp","datePublished":"2025-07-18T05:00:18+00:00","dateModified":"2025-07-18T05:12:15+00:00","description":"\u00bfNecesita un abogado de lesiones de espalda Port Allen? Murphy Law Firm maneja trauma de la columna vertebral, lesiones en el lugar de trabajo, y las reclamaciones relacionadas con accidentes. Consulta gratuita.","breadcrumb":{"@id":"https:\/\/www.murphylawfirm.com\/port-allen-back-injury-lawyer\/#breadcrumb"},"inLanguage":"es","potentialAction":[{"@type":"ReadAction","target":["https:\/\/www.murphylawfirm.com\/port-allen-back-injury-lawyer\/"]}]},{"@type":"ImageObject","inLanguage":"es","@id":"https:\/\/www.murphylawfirm.com\/port-allen-back-injury-lawyer\/#primaryimage","url":"https:\/\/www.murphylawfirm.com\/wp-content\/uploads\/2025\/07\/port-allen-back-injury-lawyer.webp","contentUrl":"https:\/\/www.murphylawfirm.com\/wp-content\/uploads\/2025\/07\/port-allen-back-injury-lawyer.webp"},{"@type":"BreadcrumbList","@id":"https:\/\/www.murphylawfirm.com\/port-allen-back-injury-lawyer\/#breadcrumb","itemListElement":[{"@type":"ListItem","position":1,"name":"Home","item":"https:\/\/www.murphylawfirm.com\/"},{"@type":"ListItem","position":2,"name":"Port Allen Back Injury Lawyer"}]},{"@type":"WebSite","@id":"https:\/\/www.murphylawfirm.com\/#website","url":"https:\/\/www.murphylawfirm.com\/","name":"Bufete Murphy","description":"","publisher":{"@id":"https:\/\/www.murphylawfirm.com\/#organization"},"potentialAction":[{"@type":"SearchAction","target":{"@type":"EntryPoint","urlTemplate":"https:\/\/www.murphylawfirm.com\/?s={search_term_string}"},"query-input":{"@type":"PropertyValueSpecification","valueRequired":true,"valueName":"search_term_string"}}],"inLanguage":"es"},{"@type":"Organization","@id":"https:\/\/www.murphylawfirm.com\/#organization","name":"Bufete Murphy","alternateName":"Murphy Law Firm","url":"https:\/\/www.murphylawfirm.com\/","logo":{"@type":"ImageObject","inLanguage":"es","@id":"https:\/\/www.murphylawfirm.com\/#\/schema\/logo\/image\/","url":"https:\/\/www.murphylawfirm.com\/wp-content\/uploads\/2024\/05\/murphy.jpg","contentUrl":"https:\/\/www.murphylawfirm.com\/wp-content\/uploads\/2024\/05\/murphy.jpg","width":309,"height":79,"caption":"Murphy Law Firm"},"image":{"@id":"https:\/\/www.murphylawfirm.com\/#\/schema\/logo\/image\/"},"sameAs":["https:\/\/www.facebook.com\/MurphyLawFirm225\/","https:\/\/x.com\/murphylawfirm225","https:\/\/www.instagram.com\/murphylawfirm225\/","https:\/\/www.linkedin.com\/in\/murphy-law-firm-peyton-murphy\/","https:\/\/maps.app.goo.gl\/WCtGDyEwg1JYgwZ87","https:\/\/www.yelp.com\/biz\/murphy-law-firm-baton-rouge-3","https:\/\/www.mapquest.com\/us\/louisiana\/murphy-law-firm-284707425","https:\/\/www.lawinfo.com\/lawfirm\/louisiana\/baton-rouge\/murphy-law-firm-llc\/97a2f249-3b83-4255-b82a-f62955d76970.html","https:\/\/www.hg.org\/attorney\/murphy-law-firm-llc\/68580","https:\/\/lawyers.findlaw.com\/louisiana\/baton-rouge\/2388680_1\/","https:\/\/www.bbb.org\/us\/la\/baton-rouge\/profile\/lawyers\/murphy-law-firm-llc-0835-12003342","https:\/\/www.lawyers.com\/baton-rouge\/louisiana\/murphy-law-firm-42910679-f\/","https:\/\/nextdoor.com\/pages\/murphy-law-firm-llc\/","https:\/\/www.lawyer4criminaldefense.com\/criminal-defense-lawyers\/listing\/b637fd75d4bc11b1a32273b847ba8a37\/","https:\/\/www.expertise.com\/legal\/slip-and-fall-lawyers\/louisiana\/baton-rouge","https:\/\/www.youtube.com\/@MurphyLawFirmBatonRouge"]}]}},"_links":{"self":[{"href":"https:\/\/www.murphylawfirm.com\/es\/wp-json\/wp\/v2\/pages\/7020","targetHints":{"allow":["GET"]}}],"collection":[{"href":"https:\/\/www.murphylawfirm.com\/es\/wp-json\/wp\/v2\/pages"}],"about":[{"href":"https:\/\/www.murphylawfirm.com\/es\/wp-json\/wp\/v2\/types\/page"}],"author":[{"embeddable":true,"href":"https:\/\/www.murphylawfirm.com\/es\/wp-json\/wp\/v2\/users\/1"}],"replies":[{"embeddable":true,"href":"https:\/\/www.murphylawfirm.com\/es\/wp-json\/wp\/v2\/comments?post=7020"}],"version-history":[{"count":6,"href":"https:\/\/www.murphylawfirm.com\/es\/wp-json\/wp\/v2\/pages\/7020\/revisions"}],"predecessor-version":[{"id":7063,"href":"https:\/\/www.murphylawfirm.com\/es\/wp-json\/wp\/v2\/pages\/7020\/revisions\/7063"}],"wp:attachment":[{"href":"https:\/\/www.murphylawfirm.com\/es\/wp-json\/wp\/v2\/media?parent=7020"}],"curies":[{"name":"wp","href":"https:\/\/api.w.org\/{rel}","templated":true}]}}