{"id":7031,"date":"2025-07-18T08:43:18","date_gmt":"2025-07-18T08:43:18","guid":{"rendered":"https:\/\/www.murphylawfirm.com\/?page_id=7031"},"modified":"2025-07-18T08:43:18","modified_gmt":"2025-07-18T08:43:18","slug":"abogado-de-lesiones-de-rodilla-en-port-allen","status":"publish","type":"page","link":"https:\/\/www.murphylawfirm.com\/es\/port-allen-knee-injury-lawyer\/","title":{"rendered":"Port Allen Abogado de lesiones de rodilla"},"content":{"rendered":"<div id=\"ez-toc-container\" class=\"ez-toc-v2_0_83 counter-hierarchy ez-toc-counter ez-toc-transparent ez-toc-container-direction\">\n<div class=\"ez-toc-title-container\">\n<p class=\"ez-toc-title ez-toc-toggle\" style=\"cursor:pointer\">\u00cdndice<\/p>\n<span class=\"ez-toc-title-toggle\"><a href=\"#\" class=\"ez-toc-pull-right ez-toc-btn ez-toc-btn-xs ez-toc-btn-default ez-toc-toggle\" aria-label=\"Toggle Table of Content\"><span class=\"ez-toc-js-icon-con\"><span class=\"\"><span class=\"eztoc-hide\" style=\"display:none;\">Toggle<\/span><span class=\"ez-toc-icon-toggle-span\"><svg style=\"fill: #999;color:#999\" xmlns=\"http:\/\/www.w3.org\/2000\/svg\" class=\"list-377408\" width=\"20px\" height=\"20px\" viewbox=\"0 0 24 24\" fill=\"none\"><path d=\"M6 6H4v2h2V6zm14 0H8v2h12V6zM4 11h2v2H4v-2zm16 0H8v2h12v-2zM4 16h2v2H4v-2zm16 0H8v2h12v-2z\" fill=\"currentColor\"><\/path><\/svg><svg style=\"fill: #999;color:#999\" class=\"arrow-unsorted-368013\" xmlns=\"http:\/\/www.w3.org\/2000\/svg\" width=\"10px\" height=\"10px\" viewbox=\"0 0 24 24\" version=\"1.2\" baseprofile=\"tiny\"><path d=\"M18.2 9.3l-6.2-6.3-6.2 6.3c-.2.2-.3.4-.3.7s.1.5.3.7c.2.2.4.3.7.3h11c.3 0 .5-.1.7-.3.2-.2.3-.5.3-.7s-.1-.5-.3-.7zM5.8 14.7l6.2 6.3 6.2-6.3c.2-.2.3-.5.3-.7s-.1-.5-.3-.7c-.2-.2-.4-.3-.7-.3h-11c-.3 0-.5.1-.7.3-.2.2-.3.5-.3.7s.1.5.3.7z\"\/><\/svg><\/span><\/span><\/span><\/a><\/span><\/div>\n<nav><ul class='ez-toc-list ez-toc-list-level-1 eztoc-toggle-hide-by-default' ><li class='ez-toc-page-1 ez-toc-heading-level-2'><a class=\"ez-toc-link ez-toc-heading-1\" href=\"https:\/\/www.murphylawfirm.com\/es\/port-allen-knee-injury-lawyer\/#port-allen-knee-injury-attorney\" >Port Allen Abogado de lesiones de rodilla<\/a><\/li><li class='ez-toc-page-1 ez-toc-heading-level-2'><a class=\"ez-toc-link ez-toc-heading-2\" href=\"https:\/\/www.murphylawfirm.com\/es\/port-allen-knee-injury-lawyer\/#causes-of-knee-injuries\" >Causas de las lesiones de rodilla<\/a><\/li><li class='ez-toc-page-1 ez-toc-heading-level-2'><a class=\"ez-toc-link ez-toc-heading-3\" href=\"https:\/\/www.murphylawfirm.com\/es\/port-allen-knee-injury-lawyer\/#faqs\" >Preguntas frecuentes<\/a><ul class='ez-toc-list-level-3' ><li class='ez-toc-heading-level-3'><a class=\"ez-toc-link ez-toc-heading-4\" href=\"https:\/\/www.murphylawfirm.com\/es\/port-allen-knee-injury-lawyer\/#q-what-is-a-good-settlement-offer-for-a-knee-injury\" >P: \u00bfCu\u00e1l es una buena oferta de acuerdo por una lesi\u00f3n de rodilla?<\/a><\/li><li class='ez-toc-page-1 ez-toc-heading-level-3'><a class=\"ez-toc-link ez-toc-heading-5\" href=\"https:\/\/www.murphylawfirm.com\/es\/port-allen-knee-injury-lawyer\/#q-how-much-do-you-get-for-a-knee-injury-claim\" >P: \u00bfCu\u00e1nto le corresponde por una reclamaci\u00f3n por lesi\u00f3n de rodilla?<\/a><\/li><li class='ez-toc-page-1 ez-toc-heading-level-3'><a class=\"ez-toc-link ez-toc-heading-6\" href=\"https:\/\/www.murphylawfirm.com\/es\/port-allen-knee-injury-lawyer\/#q-how-much-can-you-get-for-pain-and-suffering-in-a-knee-injury-claim-in-louisiana\" >P: \u00bfCu\u00e1nto puede recibir por da\u00f1os y perjuicios en una demanda por lesiones de rodilla en Louisiana?<\/a><\/li><li class='ez-toc-page-1 ez-toc-heading-level-3'><a class=\"ez-toc-link ez-toc-heading-7\" href=\"https:\/\/www.murphylawfirm.com\/es\/port-allen-knee-injury-lawyer\/#q-how-hard-is-it-to-win-a-knee-injury-personal-injury-claim\" >P: \u00bfEs dif\u00edcil ganar una demanda por lesiones de rodilla?<\/a><\/li><\/ul><\/li><li class='ez-toc-page-1 ez-toc-heading-level-2'><a class=\"ez-toc-link ez-toc-heading-8\" href=\"https:\/\/www.murphylawfirm.com\/es\/port-allen-knee-injury-lawyer\/#meet-our-knee-injury-lawyer-team-to-recover-the-financial-compensation-you-need\" >Conozca a nuestro equipo de abogados especializados en lesiones de rodilla para recuperar la compensaci\u00f3n econ\u00f3mica que necesita<\/a><\/li><\/ul><\/nav><\/div>\n<h2><span class=\"ez-toc-section\" id=\"port-allen-knee-injury-attorney\"><\/span>Port Allen Abogado de lesiones de rodilla<span class=\"ez-toc-section-end\"><\/span><\/h2>\n<p>Las lesiones de rodilla pueden limitar su movilidad durante d\u00edas o durante mucho m\u00e1s tiempo y requerir un tratamiento costoso, como fisioterapia a largo plazo. Cuando estas lesiones est\u00e1n causadas por la imprudencia de otra persona o se producen mientras realiza sus tareas laborales, es probable que tenga motivos para presentar una reclamaci\u00f3n para recuperar parte o la totalidad de sus p\u00e9rdidas econ\u00f3micas. En <strong>abogado experto en lesiones de rodilla Port Allen<\/strong> puede luchar por sus intereses y conseguir la mayor indemnizaci\u00f3n posible.<\/p>\n<p>Es posible que tenga un seguro de hogar, un seguro de accidentes laborales, un seguro de autom\u00f3vil u otra compa\u00f1\u00eda de seguros. En cualquier caso, estas aseguradoras no quieren pagar una indemnizaci\u00f3n completa y justa. Al trabajar con la <a href=\"https:\/\/www.murphylawfirm.com\/es\/port-allen-abogado-de-lesiones-personales\/\">abogados expertos en lesiones personales<\/a> en <a href=\"https:\/\/www.murphylawfirm.com\/es\/nuestro-equipo\/\">Bufete Murphy<\/a> para su caso de lesi\u00f3n de rodilla, no tiene que tratar con estas empresas y puede confiarnos que tratemos con ellas por usted.<\/p>\n<p>Durante 30 a\u00f1os, nuestro bufete ha luchado por los derechos de personas como usted contra grandes empresas y aseguradoras. Entendemos lo frustrante que puede ser lidiar con una lesi\u00f3n de rodilla, especialmente si le impide trabajar durante semanas o m\u00e1s, y usted depende de esos ingresos. Nuestra firma se compromete a ayudarle a luchar por la justicia y asegurar la m\u00e1xima compensaci\u00f3n disponible.<\/p>\n<p><img loading=\"lazy\" decoding=\"async\" class=\"alignnone wp-image-7057\" title=\"abogado de lesiones de rodilla en port allen\" src=\"https:\/\/www.murphylawfirm.com\/wp-content\/uploads\/2025\/07\/port-allen-knee-injury-lawyer.webp\" alt=\"abogado de lesiones de rodilla en port allen\" width=\"1000\" height=\"500\" srcset=\"https:\/\/www.murphylawfirm.com\/wp-content\/uploads\/2025\/07\/port-allen-knee-injury-lawyer.webp 1300w, https:\/\/www.murphylawfirm.com\/wp-content\/uploads\/2025\/07\/port-allen-knee-injury-lawyer-300x150.webp 300w, https:\/\/www.murphylawfirm.com\/wp-content\/uploads\/2025\/07\/port-allen-knee-injury-lawyer-1024x512.webp 1024w, https:\/\/www.murphylawfirm.com\/wp-content\/uploads\/2025\/07\/port-allen-knee-injury-lawyer-768x384.webp 768w, https:\/\/www.murphylawfirm.com\/wp-content\/uploads\/2025\/07\/port-allen-knee-injury-lawyer-18x9.webp 18w\" sizes=\"auto, (max-width: 1000px) 100vw, 1000px\" \/><\/p>\n<h2><span class=\"ez-toc-section\" id=\"causes-of-knee-injuries\"><\/span>Causas de las lesiones de rodilla<span class=\"ez-toc-section-end\"><\/span><\/h2>\n<p>Las lesiones de rodilla pueden ir desde lesiones de tejidos blandos hasta fracturas. No todas las lesiones de rodilla dan lugar a reclamaciones v\u00e1lidas por lesiones personales. <strong>Algunas causas comunes de las lesiones de rodilla son<\/strong><\/p>\n<ol>\n<li><strong>Lesiones laborales.<\/strong> En 2024, hab\u00eda <a href=\"https:\/\/www.osha.gov\/severe-injury-reports\" target=\"_blank\" rel=\"noopener\">173 informes de lesiones graves<\/a> en el lugar de trabajo en Louisiana, y en tres de ellos se produjeron lesiones en y cerca de la rodilla. Uno de estos incidentes fue un accidente con una carretilla elevadora, y otro tuvo que ver con agua a presi\u00f3n, y ambos requirieron hospitalizaci\u00f3n. Aunque hubo dos empresas Port Allen con informes de lesiones graves ese a\u00f1o, en ninguna de ellas se produjo una lesi\u00f3n de rodilla.Cuando se produce una lesi\u00f3n en el lugar de trabajo, no es necesario demostrar la culpa. Casi todos los empresarios de Louisiana est\u00e1n obligados a tener un seguro de indemnizaci\u00f3n por accidente laboral, y los empleados pueden reclamar a trav\u00e9s de este sistema para recuperar parte de sus salarios y el coste de sus facturas m\u00e9dicas por da\u00f1os repentinos o lesiones de desarrollo. Los empleados tambi\u00e9n pueden presentar una demanda contra un tercero cuya negligencia haya causado el accidente.<\/li>\n<li><strong><a href=\"https:\/\/www.murphylawfirm.com\/es\/port-allen-abogado-de-accidente-de-coche\/\">Accidentes de tr\u00e1fico<\/a>.<\/strong> Las colisiones de veh\u00edculos de motor suelen provocar esguinces o fracturas, incluidas las de rodilla. Esto es especialmente probable en colisiones por alcance u otras colisiones que ponen al ocupante en contacto con el salpicadero. Hubo <a href=\"https:\/\/cartsdashboardserver.lsu.edu\/t\/CARTS\/views\/SectionD-Dashboard\/SectionD-Dashboard?:embed=y&amp;:display_count=n&amp;:showAppBanner=false&amp;:origin=viz_share_link&amp;:linktarget=_self&amp;:showVizHome=n\">147 presuntos heridos<\/a> Tras un accidente de tr\u00e1fico, el conductor cuya negligencia haya causado el accidente puede ser considerado responsable. Las personas lesionadas pueden presentar una reclamaci\u00f3n al seguro del conductor para recuperarse econ\u00f3micamente.<\/li>\n<li><strong>Accidentes de peatones y ciclistas.<\/strong> Las colisiones de veh\u00edculos en las que se ven implicadas personas m\u00e1s vulnerables, como peatones y ciclistas, pueden causar lesiones m\u00e1s graves. Estas personas tienen menos protecciones f\u00edsicas, lo que puede provocar lesiones peores, incluidas lesiones graves de rodilla. Los conductores pueden ser considerados responsables de causar estas lesiones.<\/li>\n<li><strong>Accidentes por resbalones y ca\u00eddas.<\/strong> Las ca\u00eddas desde alturas o en entornos peligrosos tienen m\u00e1s probabilidades de provocar lesiones graves. En 2023, los Centros para el Control de Enfermedades informaron de m\u00e1s de <a href=\"https:\/\/wisqars.cdc.gov\/cost\/?y=2023&amp;o=TAR&amp;i=0&amp;m=3000&amp;g=00&amp;s=0&amp;u=TOTAL&amp;u=AVG&amp;t=COMBO&amp;t=MED&amp;t=LIFE&amp;t=WORK&amp;a=5Yr&amp;g1=0&amp;g2=199&amp;a1=0&amp;a2=199&amp;r1=MECH&amp;r2=INTENT&amp;r3=NONE&amp;r4=NONE\">6,73 millones de visitas a urgencias<\/a> en los EE.UU. debido a ca\u00eddas involuntarias. Cuando estas ca\u00eddas se producen en la propiedad de otra persona debido a riesgos peligrosos que no arreglaron, ese due\u00f1o de la propiedad podr\u00eda ser considerado responsable de sus lesiones.<\/li>\n<li><strong>Lesiones deportivas.<\/strong> Las lesiones de rodilla son frecuentes en los accidentes deportivos y recreativos, especialmente en los deportes de alto contacto. Es raro que estos accidentes den lugar a una demanda por lesiones personales. Puede tener base para esta reclamaci\u00f3n si se lesion\u00f3 a causa de un producto irrazonablemente peligroso o si otra persona incumpli\u00f3 su deber de diligencia para con usted.<\/li>\n<\/ol>\n<p>Hay muchos otros posibles accidentes que pueden causar lesiones de rodilla, como negligencias m\u00e9dicas, accidentes de autob\u00fas, ataques de perros y productos defectuosos. Despu\u00e9s de un accidente, debe recibir tratamiento m\u00e9dico y denunciar el accidente si es necesario. Baton Rouge General - Mid City es el hospital situado m\u00e1s cerca de <a href=\"https:\/\/en.wikipedia.org\/wiki\/Port_Allen,_Louisiana\" target=\"_blank\" rel=\"noopener\">Port Allen<\/a>situado en el 3600 de Florida Boulevard.<\/p>\n<h2><span class=\"ez-toc-section\" id=\"faqs\"><\/span>Preguntas frecuentes<span class=\"ez-toc-section-end\"><\/span><\/h2>\n<div class=\"accsec-ritcnt accordion\">\n<div class=\"accordion-section\">\n<h3><a class=\"accordion-section-title\" href=\"#accordion-1\">P: \u00bfCu\u00e1l es una buena oferta de acuerdo por una lesi\u00f3n de rodilla?<br \/>\n<\/a><\/h3>\n<div id=\"accordion-1\" class=\"accordion-section-content open\">\n<p><strong>A: <\/strong>Una buena oferta de acuerdo por una lesi\u00f3n de rodilla depender\u00e1 de las particularidades de su caso. Por lo general, una buena oferta de acuerdo cubrir\u00e1 la totalidad de sus da\u00f1os econ\u00f3micos y no econ\u00f3micos. Si presenta una reclamaci\u00f3n de indemnizaci\u00f3n por accidente laboral, un buen acuerdo cubrir\u00e1 los salarios parciales y los gastos m\u00e9dicos. Dado que cada caso es \u00fanico, esta cantidad variar\u00e1 en funci\u00f3n de sus facturas m\u00e9dicas, p\u00e9rdida de ingresos y otras p\u00e9rdidas. Es m\u00e1s f\u00e1cil obtener un acuerdo favorable con asistencia legal.<\/p>\n<\/div>\n<\/div>\n<div class=\"accordion-section\">\n<h3><span class=\"ez-toc-section\" id=\"q-how-much-do-you-get-for-a-knee-injury-claim\"><\/span><a class=\"accordion-section-title\" href=\"#accordion-2\">P: \u00bfCu\u00e1nto le corresponde por una reclamaci\u00f3n por lesi\u00f3n de rodilla?<\/a><span class=\"ez-toc-section-end\"><\/span><\/h3>\n<div id=\"accordion-2\" class=\"accordion-section-content open\">\n<p><strong>A: <\/strong>La cantidad que puede recuperar por una reclamaci\u00f3n por lesi\u00f3n de rodilla depender\u00e1 del tipo de reclamaci\u00f3n que presente, de los l\u00edmites de cobertura del seguro y de la gravedad de la lesi\u00f3n. Una distensi\u00f3n leve de rodilla puede tener costes mucho menores y, por tanto, es menos probable que se recupere en una reclamaci\u00f3n. Una lesi\u00f3n de rodilla mucho m\u00e1s grave podr\u00eda tener necesidades m\u00e9dicas a largo plazo e impedirle trabajar. Estas p\u00e9rdidas econ\u00f3micas aumentan el coste de su reclamaci\u00f3n.<\/p>\n<\/div>\n<\/div>\n<div class=\"accordion-section\">\n<h3><span class=\"ez-toc-section\" id=\"q-how-much-can-you-get-for-pain-and-suffering-in-a-knee-injury-claim-in-louisiana\"><\/span><a class=\"accordion-section-title\" href=\"#accordion-3\">P: \u00bfCu\u00e1nto puede recibir por da\u00f1os y perjuicios en una demanda por lesiones de rodilla en Louisiana?<\/a><span class=\"ez-toc-section-end\"><\/span><\/h3>\n<div id=\"accordion-3\" class=\"accordion-section-content\">\n<p><strong>A: <\/strong>La cuant\u00eda de la indemnizaci\u00f3n por da\u00f1os morales en una demanda por lesiones de rodilla en el Louisiana depende de las caracter\u00edsticas espec\u00edficas de su caso y de c\u00f3mo se calculen los da\u00f1os. Los da\u00f1os morales, as\u00ed como otros da\u00f1os no econ\u00f3micos, son p\u00e9rdidas intangibles. Generalmente se calculan sobre la base del valor de sus da\u00f1os econ\u00f3micos y en funci\u00f3n de cu\u00e1ntos d\u00edas no puede trabajar debido a su lesi\u00f3n. Las lesiones m\u00e1s graves conllevan mayores da\u00f1os morales.<\/p>\n<\/div>\n<\/div>\n<div class=\"accordion-section\">\n<h3><span class=\"ez-toc-section\" id=\"q-how-hard-is-it-to-win-a-knee-injury-personal-injury-claim\"><\/span><a class=\"accordion-section-title\" href=\"#accordion-4\">P: \u00bfEs dif\u00edcil ganar una demanda por lesiones de rodilla?<\/a><span class=\"ez-toc-section-end\"><\/span><\/h3>\n<div id=\"accordion-4\" class=\"accordion-section-content\">\n<p><strong>A: <\/strong>Cada caso es \u00fanico, por lo que su caso espec\u00edfico de lesi\u00f3n de rodilla puede ser f\u00e1cil o dif\u00edcil de ganar. Su caso es m\u00e1s probable que tenga \u00e9xito cuando hay pruebas suficientes para apoyar la culpa y sus da\u00f1os. Cuando usted contrata a un abogado de lesiones de rodilla, tambi\u00e9n es m\u00e1s probable que tenga un caso exitoso, porque un abogado puede investigar para reunir pruebas y tambi\u00e9n negociar para usted. Un abogado tambi\u00e9n puede asesorarle sobre las probabilidades de \u00e9xito de su caso.<\/p>\n<\/div>\n<\/div>\n<\/div>\n<h2><span class=\"ez-toc-section\" id=\"meet-our-knee-injury-lawyer-team-to-recover-the-financial-compensation-you-need\"><\/span>Conozca a nuestro equipo de abogados especializados en lesiones de rodilla para recuperar la compensaci\u00f3n econ\u00f3mica que necesita<span class=\"ez-toc-section-end\"><\/span><\/h2>\n<p>Si ha sufrido lesiones en Port Allen, como en un accidente automovil\u00edstico o un incidente en el lugar de trabajo, necesita un abogado dedicado para proteger sus derechos. En Murphy Law Firm, entendemos c\u00f3mo navegar con eficacia los casos relacionados con lesiones de rodilla. <a href=\"https:\/\/www.murphylawfirm.com\/es\/pongase-en-contacto-con\/\">Contacte con nuestro equipo<\/a> hoy mismo y perm\u00edtanos ayudarle.<\/p>\n<p><iframe loading=\"lazy\" style=\"border: 0;\" src=\"https:\/\/www.google.com\/maps\/embed?pb=!1m18!1m12!1m3!1d27519.06091128363!2d-91.2313031570394!3d30.439429432500084!2m3!1f0!2f0!3f0!3m2!1i1024!2i768!4f13.1!3m3!1m2!1s0x86241e1ff8c0318d%3A0x2265848ae01d7e6f!2sPort%20Allen%2C%20LA%2070767%2C%20USA!5e0!3m2!1sen!2sin!4v1752814183888!5m2!1sen!2sin\" width=\"1000\" height=\"300\" allowfullscreen=\"allowfullscreen\"><span data-mce-type=\"bookmark\" style=\"display: inline-block; width: 0px; overflow: hidden; line-height: 0;\" class=\"mce_SELRES_start\"><\/span><\/iframe><\/p>","protected":false},"excerpt":{"rendered":"<p>Port Allen Knee Injury Attorney Knee injuries can limit your mobility for days or for much longer and require costly treatment like long-term physical therapy. When these injuries are caused by another person\u2019s carelessness or happen while completing your work duties, you likely have the grounds to file a claim to recover some or all &hellip; <\/p>\n<p class=\"link-more\"><a href=\"https:\/\/www.murphylawfirm.com\/es\/port-allen-knee-injury-lawyer\/\" class=\"more-link\">Seguir leyendo<span class=\"screen-reader-text\"> &#8220;Port Allen Knee Injury Lawyer&#8221;<\/span><\/a><\/p>","protected":false},"author":1,"featured_media":0,"parent":0,"menu_order":0,"comment_status":"closed","ping_status":"closed","template":"","meta":{"_acf_changed":false,"footnotes":""},"class_list":["post-7031","page","type-page","status-publish","hentry","entry"],"acf":[],"yoast_head":"<!-- This site is optimized with the Yoast SEO plugin v27.6 - https:\/\/yoast.com\/product\/yoast-seo-wordpress\/ -->\n<title>Port Allen Knee Injury Lawyer - Free Consultation<\/title>\n<meta name=\"description\" content=\"Need a Port Allen Knee Injury Lawyer? Murphy Law Firm handles accident-related joint injuries, surgeries, and disability claims. Free consultation.\" \/>\n<meta name=\"robots\" content=\"index, follow, max-snippet:-1, max-image-preview:large, max-video-preview:-1\" \/>\n<link rel=\"canonical\" href=\"https:\/\/www.murphylawfirm.com\/es\/abogado-de-lesiones-de-rodilla-en-port-allen\/\" \/>\n<meta property=\"og:locale\" content=\"es_MX\" \/>\n<meta property=\"og:type\" content=\"article\" \/>\n<meta property=\"og:title\" content=\"Port Allen Knee Injury Lawyer - Free Consultation\" \/>\n<meta property=\"og:description\" content=\"Need a Port Allen Knee Injury Lawyer? Murphy Law Firm handles accident-related joint injuries, surgeries, and disability claims. Free consultation.\" \/>\n<meta property=\"og:url\" content=\"https:\/\/www.murphylawfirm.com\/es\/abogado-de-lesiones-de-rodilla-en-port-allen\/\" \/>\n<meta property=\"og:site_name\" content=\"Murphy Law Firm\" \/>\n<meta property=\"article:publisher\" content=\"https:\/\/www.facebook.com\/MurphyLawFirm225\/\" \/>\n<meta property=\"og:image\" content=\"https:\/\/www.murphylawfirm.com\/wp-content\/uploads\/2025\/07\/port-allen-knee-injury-lawyer.webp\" \/>\n\t<meta property=\"og:image:width\" content=\"1300\" \/>\n\t<meta property=\"og:image:height\" content=\"650\" \/>\n\t<meta property=\"og:image:type\" content=\"image\/webp\" \/>\n<meta name=\"twitter:card\" content=\"summary_large_image\" \/>\n<meta name=\"twitter:site\" content=\"@murphylawfirm225\" \/>\n<meta name=\"twitter:label1\" content=\"Tiempo de lectura\" \/>\n\t<meta name=\"twitter:data1\" content=\"6 minutos\" \/>\n<!-- \/ Yoast SEO plugin. -->","yoast_head_json":{"title":"Port Allen Abogado de Lesiones de Rodilla - Consulta Gratuita","description":"\u00bfNecesita un abogado de lesiones de rodilla Port Allen? Murphy Law Firm maneja lesiones articulares relacionadas con accidentes, cirug\u00edas y reclamaciones por incapacidad. Consulta gratuita.","robots":{"index":"index","follow":"follow","max-snippet":"max-snippet:-1","max-image-preview":"max-image-preview:large","max-video-preview":"max-video-preview:-1"},"canonical":"https:\/\/www.murphylawfirm.com\/es\/abogado-de-lesiones-de-rodilla-en-port-allen\/","og_locale":"es_MX","og_type":"article","og_title":"Port Allen Knee Injury Lawyer - Free Consultation","og_description":"Need a Port Allen Knee Injury Lawyer? Murphy Law Firm handles accident-related joint injuries, surgeries, and disability claims. Free consultation.","og_url":"https:\/\/www.murphylawfirm.com\/es\/abogado-de-lesiones-de-rodilla-en-port-allen\/","og_site_name":"Murphy Law Firm","article_publisher":"https:\/\/www.facebook.com\/MurphyLawFirm225\/","og_image":[{"width":1300,"height":650,"url":"https:\/\/www.murphylawfirm.com\/wp-content\/uploads\/2025\/07\/port-allen-knee-injury-lawyer.webp","type":"image\/webp"}],"twitter_card":"summary_large_image","twitter_site":"@murphylawfirm225","twitter_misc":{"Tiempo de lectura":"6 minutos"},"schema":{"@context":"https:\/\/schema.org","@graph":[{"@type":"WebPage","@id":"https:\/\/www.murphylawfirm.com\/port-allen-knee-injury-lawyer\/","url":"https:\/\/www.murphylawfirm.com\/port-allen-knee-injury-lawyer\/","name":"Port Allen Abogado de Lesiones de Rodilla - Consulta Gratuita","isPartOf":{"@id":"https:\/\/www.murphylawfirm.com\/#website"},"primaryImageOfPage":{"@id":"https:\/\/www.murphylawfirm.com\/port-allen-knee-injury-lawyer\/#primaryimage"},"image":{"@id":"https:\/\/www.murphylawfirm.com\/port-allen-knee-injury-lawyer\/#primaryimage"},"thumbnailUrl":"https:\/\/www.murphylawfirm.com\/wp-content\/uploads\/2025\/07\/port-allen-knee-injury-lawyer.webp","datePublished":"2025-07-18T08:43:18+00:00","description":"\u00bfNecesita un abogado de lesiones de rodilla Port Allen? Murphy Law Firm maneja lesiones articulares relacionadas con accidentes, cirug\u00edas y reclamaciones por incapacidad. Consulta gratuita.","breadcrumb":{"@id":"https:\/\/www.murphylawfirm.com\/port-allen-knee-injury-lawyer\/#breadcrumb"},"inLanguage":"es","potentialAction":[{"@type":"ReadAction","target":["https:\/\/www.murphylawfirm.com\/port-allen-knee-injury-lawyer\/"]}]},{"@type":"ImageObject","inLanguage":"es","@id":"https:\/\/www.murphylawfirm.com\/port-allen-knee-injury-lawyer\/#primaryimage","url":"https:\/\/www.murphylawfirm.com\/wp-content\/uploads\/2025\/07\/port-allen-knee-injury-lawyer.webp","contentUrl":"https:\/\/www.murphylawfirm.com\/wp-content\/uploads\/2025\/07\/port-allen-knee-injury-lawyer.webp"},{"@type":"BreadcrumbList","@id":"https:\/\/www.murphylawfirm.com\/port-allen-knee-injury-lawyer\/#breadcrumb","itemListElement":[{"@type":"ListItem","position":1,"name":"Home","item":"https:\/\/www.murphylawfirm.com\/"},{"@type":"ListItem","position":2,"name":"Port Allen Knee Injury Lawyer"}]},{"@type":"WebSite","@id":"https:\/\/www.murphylawfirm.com\/#website","url":"https:\/\/www.murphylawfirm.com\/","name":"Bufete Murphy","description":"","publisher":{"@id":"https:\/\/www.murphylawfirm.com\/#organization"},"potentialAction":[{"@type":"SearchAction","target":{"@type":"EntryPoint","urlTemplate":"https:\/\/www.murphylawfirm.com\/?s={search_term_string}"},"query-input":{"@type":"PropertyValueSpecification","valueRequired":true,"valueName":"search_term_string"}}],"inLanguage":"es"},{"@type":"Organization","@id":"https:\/\/www.murphylawfirm.com\/#organization","name":"Bufete Murphy","alternateName":"Murphy Law Firm","url":"https:\/\/www.murphylawfirm.com\/","logo":{"@type":"ImageObject","inLanguage":"es","@id":"https:\/\/www.murphylawfirm.com\/#\/schema\/logo\/image\/","url":"https:\/\/www.murphylawfirm.com\/wp-content\/uploads\/2024\/05\/murphy.jpg","contentUrl":"https:\/\/www.murphylawfirm.com\/wp-content\/uploads\/2024\/05\/murphy.jpg","width":309,"height":79,"caption":"Murphy Law Firm"},"image":{"@id":"https:\/\/www.murphylawfirm.com\/#\/schema\/logo\/image\/"},"sameAs":["https:\/\/www.facebook.com\/MurphyLawFirm225\/","https:\/\/x.com\/murphylawfirm225","https:\/\/www.instagram.com\/murphylawfirm225\/","https:\/\/www.linkedin.com\/in\/murphy-law-firm-peyton-murphy\/","https:\/\/maps.app.goo.gl\/WCtGDyEwg1JYgwZ87","https:\/\/www.yelp.com\/biz\/murphy-law-firm-baton-rouge-3","https:\/\/www.mapquest.com\/us\/louisiana\/murphy-law-firm-284707425","https:\/\/www.lawinfo.com\/lawfirm\/louisiana\/baton-rouge\/murphy-law-firm-llc\/97a2f249-3b83-4255-b82a-f62955d76970.html","https:\/\/www.hg.org\/attorney\/murphy-law-firm-llc\/68580","https:\/\/lawyers.findlaw.com\/louisiana\/baton-rouge\/2388680_1\/","https:\/\/www.bbb.org\/us\/la\/baton-rouge\/profile\/lawyers\/murphy-law-firm-llc-0835-12003342","https:\/\/www.lawyers.com\/baton-rouge\/louisiana\/murphy-law-firm-42910679-f\/","https:\/\/nextdoor.com\/pages\/murphy-law-firm-llc\/","https:\/\/www.lawyer4criminaldefense.com\/criminal-defense-lawyers\/listing\/b637fd75d4bc11b1a32273b847ba8a37\/","https:\/\/www.expertise.com\/legal\/slip-and-fall-lawyers\/louisiana\/baton-rouge","https:\/\/www.youtube.com\/@MurphyLawFirmBatonRouge"]}]}},"_links":{"self":[{"href":"https:\/\/www.murphylawfirm.com\/es\/wp-json\/wp\/v2\/pages\/7031","targetHints":{"allow":["GET"]}}],"collection":[{"href":"https:\/\/www.murphylawfirm.com\/es\/wp-json\/wp\/v2\/pages"}],"about":[{"href":"https:\/\/www.murphylawfirm.com\/es\/wp-json\/wp\/v2\/types\/page"}],"author":[{"embeddable":true,"href":"https:\/\/www.murphylawfirm.com\/es\/wp-json\/wp\/v2\/users\/1"}],"replies":[{"embeddable":true,"href":"https:\/\/www.murphylawfirm.com\/es\/wp-json\/wp\/v2\/comments?post=7031"}],"version-history":[{"count":3,"href":"https:\/\/www.murphylawfirm.com\/es\/wp-json\/wp\/v2\/pages\/7031\/revisions"}],"predecessor-version":[{"id":7076,"href":"https:\/\/www.murphylawfirm.com\/es\/wp-json\/wp\/v2\/pages\/7031\/revisions\/7076"}],"wp:attachment":[{"href":"https:\/\/www.murphylawfirm.com\/es\/wp-json\/wp\/v2\/media?parent=7031"}],"curies":[{"name":"wp","href":"https:\/\/api.w.org\/{rel}","templated":true}]}}