{"id":817,"date":"2024-04-18T06:31:12","date_gmt":"2024-04-18T06:31:12","guid":{"rendered":"https:\/\/www.murphylawfirm.com\/?page_id=817"},"modified":"2025-03-13T07:52:36","modified_gmt":"2025-03-13T07:52:36","slug":"philips-cpap-bi-pap-machines","status":"publish","type":"page","link":"https:\/\/www.murphylawfirm.com\/es\/mass-tort\/dangerous-products\/philips-cpap-bi-pap-machines\/","title":{"rendered":"Baton Rouge Philips CPAP y Bi-PAP Recall Abogado"},"content":{"rendered":"<div class=\"nolong\">\n<h4 style=\"margin: 0;\">YA NO ACEPTAMOS NUEVOS CASOS DE CPAP Y BI-PAP<\/h4>\n<\/div>\n<p>La reciente retirada del mercado de Philips demuestra lo importante que es la seguridad de los productos y cu\u00e1ntas consecuencias pueden derivarse de defectos de fabricaci\u00f3n. Los usuarios de determinados dispositivos CPAP de Philips, que conf\u00edan en ellos para su asistencia respiratoria, se enfrentan ahora a la abrumadora tarea de sustituir sus unidades y obtener tratamiento m\u00e9dico para sus lesiones. Dada la gravedad de la situaci\u00f3n, las personas afectadas deben ponerse en contacto con un <strong>Baton Rouge abogado especializado en la retirada del mercado de CPAP y Bi-PAP de Philips <\/strong>en <a href=\"https:\/\/www.murphylawfirm.com\/es\/nuestro-equipo\/\">Bufete Murphy<\/a>.<\/p>\n<div id=\"ez-toc-container\" class=\"ez-toc-v2_0_83 counter-hierarchy ez-toc-counter ez-toc-transparent ez-toc-container-direction\">\n<div class=\"ez-toc-title-container\">\n<p class=\"ez-toc-title ez-toc-toggle\" style=\"cursor:pointer\">\u00cdndice<\/p>\n<span class=\"ez-toc-title-toggle\"><a href=\"#\" class=\"ez-toc-pull-right ez-toc-btn ez-toc-btn-xs ez-toc-btn-default ez-toc-toggle\" aria-label=\"Toggle Table of Content\"><span class=\"ez-toc-js-icon-con\"><span class=\"\"><span class=\"eztoc-hide\" style=\"display:none;\">Toggle<\/span><span class=\"ez-toc-icon-toggle-span\"><svg style=\"fill: #999;color:#999\" xmlns=\"http:\/\/www.w3.org\/2000\/svg\" class=\"list-377408\" width=\"20px\" height=\"20px\" viewbox=\"0 0 24 24\" fill=\"none\"><path d=\"M6 6H4v2h2V6zm14 0H8v2h12V6zM4 11h2v2H4v-2zm16 0H8v2h12v-2zM4 16h2v2H4v-2zm16 0H8v2h12v-2z\" fill=\"currentColor\"><\/path><\/svg><svg style=\"fill: #999;color:#999\" class=\"arrow-unsorted-368013\" xmlns=\"http:\/\/www.w3.org\/2000\/svg\" width=\"10px\" height=\"10px\" viewbox=\"0 0 24 24\" version=\"1.2\" baseprofile=\"tiny\"><path d=\"M18.2 9.3l-6.2-6.3-6.2 6.3c-.2.2-.3.4-.3.7s.1.5.3.7c.2.2.4.3.7.3h11c.3 0 .5-.1.7-.3.2-.2.3-.5.3-.7s-.1-.5-.3-.7zM5.8 14.7l6.2 6.3 6.2-6.3c.2-.2.3-.5.3-.7s-.1-.5-.3-.7c-.2-.2-.4-.3-.7-.3h-11c-.3 0-.5.1-.7.3-.2.2-.3.5-.3.7s.1.5.3.7z\"\/><\/svg><\/span><\/span><\/span><\/a><\/span><\/div>\n<nav><ul class='ez-toc-list ez-toc-list-level-1 eztoc-toggle-hide-by-default' ><li class='ez-toc-page-1 ez-toc-heading-level-3'><a class=\"ez-toc-link ez-toc-heading-1\" href=\"https:\/\/www.murphylawfirm.com\/es\/mass-tort\/dangerous-products\/philips-cpap-bi-pap-machines\/#philips-medical-product-issues\" >Problemas de los productos m\u00e9dicos Philips<\/a><\/li><li class='ez-toc-page-1 ez-toc-heading-level-3'><a class=\"ez-toc-link ez-toc-heading-2\" href=\"https:\/\/www.murphylawfirm.com\/es\/mass-tort\/dangerous-products\/philips-cpap-bi-pap-machines\/#philips-recalled-devices\" >Dispositivos de Philips retirados del mercado<\/a><\/li><li class='ez-toc-page-1 ez-toc-heading-level-3'><a class=\"ez-toc-link ez-toc-heading-3\" href=\"https:\/\/www.murphylawfirm.com\/es\/mass-tort\/dangerous-products\/philips-cpap-bi-pap-machines\/#types-of-injuries-potentially-related-to-philips-product-recall\" >Tipos de lesiones potencialmente relacionadas con la retirada de productos Philips<\/a><\/li><li class='ez-toc-page-1 ez-toc-heading-level-3'><a class=\"ez-toc-link ez-toc-heading-4\" href=\"https:\/\/www.murphylawfirm.com\/es\/mass-tort\/dangerous-products\/philips-cpap-bi-pap-machines\/#what-do-i-do-if-i-have-an-affected-device\" >\u00bfQu\u00e9 hago si tengo un dispositivo afectado?<\/a><\/li><li class='ez-toc-page-1 ez-toc-heading-level-3'><a class=\"ez-toc-link ez-toc-heading-5\" href=\"https:\/\/www.murphylawfirm.com\/es\/mass-tort\/dangerous-products\/philips-cpap-bi-pap-machines\/#hire-baton-rouge-personal-injury-attorney\" >Contratar a un abogado de lesiones personales Baton Rouge<\/a><\/li><li class='ez-toc-page-1 ez-toc-heading-level-3'><a class=\"ez-toc-link ez-toc-heading-6\" href=\"https:\/\/www.murphylawfirm.com\/es\/mass-tort\/dangerous-products\/philips-cpap-bi-pap-machines\/#faqs\" >Preguntas frecuentes<\/a><\/li><li class='ez-toc-page-1 ez-toc-heading-level-3'><a class=\"ez-toc-link ez-toc-heading-7\" href=\"https:\/\/www.murphylawfirm.com\/es\/mass-tort\/dangerous-products\/philips-cpap-bi-pap-machines\/#protect-your-health-after-the-philips-cpap-recall\" >Proteja su salud tras la retirada del mercado de la CPAP de Philips<\/a><\/li><\/ul><\/nav><\/div>\n<h3><span class=\"ez-toc-section\" id=\"philips-medical-product-issues\"><\/span>Problemas de los productos m\u00e9dicos Philips<span class=\"ez-toc-section-end\"><\/span><\/h3>\n<p>El 15 de junio de 2021, Philips retir\u00f3 del mercado m\u00e1s de 3 millones de dispositivos de CPAP, PAP binivel y ventiladores mec\u00e1nicos por posibles riesgos para la salud relacionados con la espuma insonorizante. La mayor\u00eda de los <a href=\"https:\/\/www.murphylawfirm.com\/es\/responsabilidad-civil-masiva\/productos-peligrosos\/\">dispositivos defectuosos<\/a> pertenecen a la familia de productos Dream Station de primera generaci\u00f3n.<br \/>\nHe aqu\u00ed una <a href=\"https:\/\/www.usa.philips.com\/healthcare\/e\/sleep\/communications\/src-update\" target=\"_blank\" rel=\"noopener\">lista de todos los dispositivos Philips retirados<\/a>.\n<\/p>\n<p>El motivo de la retirada es que la degradaci\u00f3n de la espuma insonorizante de poliuretano con base de poli\u00e9ster (PE-PUR) de los dispositivos puede aumentar los riesgos para la salud. La espuma puede degradarse en part\u00edculas que el usuario ingiera o inhale. La espuma tambi\u00e9n puede desprender gases de determinadas sustancias qu\u00edmicas peligrosas para el usuario.<\/p>\n<h3><span class=\"ez-toc-section\" id=\"philips-recalled-devices\"><\/span>Dispositivos de Philips retirados del mercado<span class=\"ez-toc-section-end\"><\/span><\/h3>\n<p><strong>Dispositivos CPAP y BiPAP<\/strong><\/p>\n<p><strong>Ventilador continuo, soporte ventilatorio m\u00ednimo (uso en instalaciones):<\/strong><\/p>\n<ul>\n<li>E30 (Autorizaci\u00f3n de uso de emergencia)<\/li>\n<\/ul>\n<p><strong>Ventilador continuo, sin soporte vital:<\/strong><\/p>\n<ul>\n<li>DreamStation ASV<\/li>\n<li>DreamStation ST, AVAPS<\/li>\n<li>SystemOne ASV4<\/li>\n<li>ASV Serie C<\/li>\n<li>C-Series S\/T y AVAPS<\/li>\n<li>OmniLab Avanzado<\/li>\n<\/ul>\n<p><strong>Ventilador no continuo:<\/strong><\/p>\n<ul>\n<li>SystemOne (Serie Q)<\/li>\n<li>DreamStation<\/li>\n<li>DreamStation Go<\/li>\n<li>Dorma 400<\/li>\n<li>Dorma 500<\/li>\n<li>REMstar SE Auto<\/li>\n<\/ul>\n<p><strong>Ventiladores mec\u00e1nicos<\/strong><\/p>\n<p><strong>Ventilador continuo:<\/strong><\/p>\n<ul>\n<li>Trilog\u00eda 100<\/li>\n<li>Trilog\u00eda 200<\/li>\n<li>Garbin Plus, Aeris, LifeVent<\/li>\n<\/ul>\n<p><strong>Ventilador continuo, soporte ventilatorio m\u00ednimo (uso en instalaciones):<\/strong><\/p>\n<ul>\n<li>Bi-PAP Serie A V30 Auto<\/li>\n<\/ul>\n<p><strong>Ventilador continuo, sin soporte vital:<\/strong><\/p>\n<ul>\n<li>BiPAP Serie A A40<\/li>\n<li>BiPAP Serie A A30<\/li>\n<\/ul>\n<h3><span class=\"ez-toc-section\" id=\"types-of-injuries-potentially-related-to-philips-product-recall\"><\/span>Tipos de lesiones potencialmente relacionadas con la retirada de productos Philips<span class=\"ez-toc-section-end\"><\/span><\/h3>\n<p>Seg\u00fan Philips, estos son los <a href=\"https:\/\/www.usa.philips.com\/healthcare\/e\/sleep\/communications\/src-update\" target=\"_blank\" rel=\"noopener\">riesgos potenciales para la salud relacionados con esta retirada<\/a>:<\/p>\n<ul>\n<li>La exposici\u00f3n a la espuma degradada puede causar: Irritaci\u00f3n (piel, ojos y v\u00edas respiratorias), respuesta inflamatoria, dolor de cabeza, asma, efectos adversos en otros \u00f3rganos (por ejemplo, ri\u00f1ones e h\u00edgado) y efectos t\u00f3xicos o cancer\u00edgenos.<\/li>\n<\/ul>\n<ul>\n<li>La exposici\u00f3n a emisiones qu\u00edmicas puede causar: dolor de cabeza\/v\u00e9rtigo, irritaci\u00f3n (ojos, nariz, tracto respiratorio, piel), hipersensibilidad, n\u00e1useas\/v\u00f3mitos, efectos t\u00f3xicos y cancer\u00edgenos.<\/li>\n<\/ul>\n<h3><span class=\"ez-toc-section\" id=\"what-do-i-do-if-i-have-an-affected-device\"><\/span>\u00bfQu\u00e9 hago si tengo un dispositivo afectado?<span class=\"ez-toc-section-end\"><\/span><\/h3>\n<p>Si tiene un producto m\u00e9dico peligroso, es importante tratarlo como es debido. Philips cuenta con un programa en el que las personas que tengan un dispositivo afectado pueden devolverlo a la empresa para que \u00e9sta repare el defecto y lo vuelva a enviar. Es probable que los proveedores de equipos m\u00e9dicos duraderos ya se hayan puesto en contacto con muchas personas para que sustituyan sus dispositivos. Si a\u00fan no lo ha hecho, visite el sitio web de Philips para obtener m\u00e1s informaci\u00f3n.<\/p>\n<h3><span class=\"ez-toc-section\" id=\"hire-baton-rouge-personal-injury-attorney\"><\/span>Contratar a un abogado de lesiones personales Baton Rouge<span class=\"ez-toc-section-end\"><\/span><\/h3>\n<p>Si ha estado en contacto con alguno de los dispositivos defectuosos retirados del mercado y ha sufrido alguno de los tipos de lesiones enumerados anteriormente, debe ponerse en contacto con un abogado local especializado en lesiones personales en <a href=\"https:\/\/en.wikipedia.org\/wiki\/Baton_Rouge,_Louisiana\" target=\"_blank\" rel=\"noopener\">Baton Rouge<\/a> hoy. En Murphy Law Firm, \u00a1luchamos por usted! Si usted no gana, nosotros no cobramos. As\u00ed de simple. As\u00ed de simple, <a href=\"https:\/\/www.murphylawfirm.com\/es\/pongase-en-contacto-con\/\">p\u00f3ngase en contacto hoy mismo con nuestros abogados expertos en lesiones personales Baton Rouge y obtenga una consulta gratuita<\/a>.<\/p>\n<h3><span class=\"ez-toc-section\" id=\"faqs\"><\/span>Preguntas frecuentes<span class=\"ez-toc-section-end\"><\/span><\/h3>\n<div class=\"accsec-ritcnt accordion\">\n<div class=\"accordion-section\">\n<h4><a class=\"accordion-section-title\" href=\"#accordion-1\">P: \u00bfPor qu\u00e9 Philips ha retirado del mercado las m\u00e1quinas CPAP?<\/a><\/h4>\n<div id=\"accordion-1\" class=\"accordion-section-content open\">\n<p><strong>A:<\/strong> Philips retir\u00f3 del mercado las m\u00e1quinas CPAP debido a los materiales utilizados para fabricar parte de la espuma de estos dispositivos. Se descubri\u00f3 que esta espuma se degrada con el tiempo, lo que puede hacer que se desprenda del dispositivo y sea inhalada por los usuarios de la m\u00e1quina. Adem\u00e1s, el mantenimiento de la m\u00e1quina puede generar otras sustancias qu\u00edmicas no seguras, sobre todo si los usuarios la limpian con limpiadores de ozono. Los problemas incluyen problemas respiratorios, dolores de cabeza y problemas org\u00e1nicos.<\/p>\n<\/div>\n<\/div>\n<div class=\"accordion-section\">\n<h4><a class=\"accordion-section-title\" href=\"#accordion-2\">P: \u00bfQu\u00e9 debo hacer si tengo un dispositivo CPAP de Philips retirado del mercado?<\/a><\/h4>\n<div id=\"accordion-2\" class=\"accordion-section-content open\">\n<p><strong>A:<\/strong> Si tiene un dispositivo CPAP de Philips retirado del mercado, debe dejar de utilizarlo inmediatamente. P\u00f3ngase en contacto con su m\u00e9dico o profesional sanitario para buscar opciones de tratamiento alternativas para sus problemas de salud, como el uso de otro dispositivo. Si ha tenido alg\u00fan problema con el dispositivo, puede notificarlo a trav\u00e9s de MedWatch de la FDA. Por \u00faltimo, registre su dispositivo en el sitio web de retirada para recibir actualizaciones sobre el producto retirado.<\/p>\n<\/div>\n<\/div>\n<div class=\"accordion-section\">\n<h4><a class=\"accordion-section-title\" href=\"#accordion-3\">P: \u00bfQu\u00e9 opciones legales tengo si me he visto afectado por una m\u00e1quina CPAP de Philips retirada del mercado?<\/a><\/h4>\n<div id=\"accordion-3\" class=\"accordion-section-content open\">\n<p><strong>A:<\/strong> Si se ha visto afectado por una m\u00e1quina CPAP de Philips retirada del mercado, podr\u00eda optar a una compensaci\u00f3n econ\u00f3mica presentando una reclamaci\u00f3n contra Philips. Para iniciar este proceso, p\u00f3ngase en contacto con un abogado especializado en lesiones personales. Ellos pueden revisar su caso e informarle de las pruebas que podr\u00eda necesitar para presentar una reclamaci\u00f3n por da\u00f1os relacionados con el dispositivo retirado, incluida la atenci\u00f3n m\u00e9dica para recuperarse de cualquier lesi\u00f3n causada por el dispositivo retirado.<\/p>\n<\/div>\n<\/div>\n<div class=\"accordion-section\">\n<h4><a class=\"accordion-section-title\" href=\"#accordion-4\">P: \u00bfQu\u00e9 ocurre si no devuelvo mi CPAP de Philips?<\/a><\/h4>\n<div id=\"accordion-4\" class=\"accordion-section-content open\">\n<p><strong>A:<\/strong> Si no devuelve su CPAP de Philips, es posible que se le facture el coste de un dispositivo de sustituci\u00f3n si se le entrega uno. Si decide conservar su propia unidad, deber\u00e1 inscribirla en el Registro de Conservaci\u00f3n de Philips. La empresa pide a los pacientes que devuelvan sus dispositivos CPAP defectuosos para poder repararlos y sustituirlos. Si desea m\u00e1s informaci\u00f3n sobre la retirada del CPAP, p\u00f3ngase en contacto con un abogado especializado en responsabilidad civil por productos defectuosos.<\/p>\n<\/div>\n<\/div>\n<\/div>\n<h3><span class=\"ez-toc-section\" id=\"protect-your-health-after-the-philips-cpap-recall\"><\/span>Proteja su salud tras la retirada del mercado de la CPAP de Philips<span class=\"ez-toc-section-end\"><\/span><\/h3>\n<p>Si se ha visto afectado por la reciente retirada del mercado de Philips, act\u00fae ya. Los riesgos potenciales para la salud asociados a la espuma degradada de las m\u00e1quinas son graves y pueden afectar enormemente a su bienestar. <a href=\"https:\/\/www.murphylawfirm.com\/es\/pongase-en-contacto-con\/\">Concertar una consulta<\/a> con Murphy Law Firm hoy para una evaluaci\u00f3n efectiva de su caso. Estamos dedicados a luchar por sus derechos y asegurar su compensaci\u00f3n merecida.<\/p>","protected":false},"excerpt":{"rendered":"<p>WE ARE NO LONGER ACCEPTING NEW CPAP &#038; BI-PAP CASES The recent recall from Philips shows how important product safety is and how many consequences can occur due to manufacturing defects. Users of certain Philips CPAP devices, who rely on them for respiratory support, now face the overwhelming task of replacing their units and obtaining &hellip; <\/p>\n<p class=\"link-more\"><a href=\"https:\/\/www.murphylawfirm.com\/es\/mass-tort\/dangerous-products\/philips-cpap-bi-pap-machines\/\" class=\"more-link\">Seguir leyendo<span class=\"screen-reader-text\"> &#8220;Baton Rouge Philips CPAP &#038; Bi-PAP Recall Lawyer&#8221;<\/span><\/a><\/p>","protected":false},"author":1,"featured_media":0,"parent":373,"menu_order":0,"comment_status":"closed","ping_status":"closed","template":"","meta":{"_acf_changed":false,"footnotes":""},"class_list":["post-817","page","type-page","status-publish","hentry","entry"],"acf":[],"yoast_head":"<!-- This site is optimized with the Yoast SEO plugin v27.6 - https:\/\/yoast.com\/product\/yoast-seo-wordpress\/ -->\n<title>Baton Rouge Philips CPAP &amp; Bi-PAP Recall Lawyer - Free Consultation<\/title>\n<meta name=\"description\" content=\"Stay updated on the Philips&#039; Recall Lawsuit with Murphy Law Firm!\" \/>\n<meta name=\"robots\" content=\"index, follow, max-snippet:-1, max-image-preview:large, max-video-preview:-1\" \/>\n<link rel=\"canonical\" href=\"https:\/\/www.murphylawfirm.com\/es\/responsabilidad-civil-masiva\/productos-peligrosos\/philips-cpap-bi-pap-machines\/\" \/>\n<meta property=\"og:locale\" content=\"es_MX\" \/>\n<meta property=\"og:type\" content=\"article\" \/>\n<meta property=\"og:title\" content=\"Baton Rouge Philips CPAP &amp; Bi-PAP Recall Lawyer - Free Consultation\" \/>\n<meta property=\"og:description\" content=\"Stay updated on the Philips&#039; Recall Lawsuit with Murphy Law Firm!\" \/>\n<meta property=\"og:url\" content=\"https:\/\/www.murphylawfirm.com\/es\/responsabilidad-civil-masiva\/productos-peligrosos\/philips-cpap-bi-pap-machines\/\" \/>\n<meta property=\"og:site_name\" content=\"Murphy Law Firm\" \/>\n<meta property=\"article:publisher\" content=\"https:\/\/www.facebook.com\/MurphyLawFirm225\/\" \/>\n<meta property=\"article:modified_time\" content=\"2025-03-13T07:52:36+00:00\" \/>\n<meta name=\"twitter:card\" content=\"summary_large_image\" \/>\n<meta name=\"twitter:site\" content=\"@murphylawfirm225\" \/>\n<meta name=\"twitter:label1\" content=\"Tiempo de lectura\" \/>\n\t<meta name=\"twitter:data1\" content=\"4 minutos\" \/>\n<!-- \/ Yoast SEO plugin. -->","yoast_head_json":{"title":"Baton Rouge Philips CPAP &amp; Bi-PAP Recall Abogado - Consulta Gratuita","description":"Mant\u00e9ngase al d\u00eda sobre la demanda de retirada del mercado de Philips con el bufete de abogados Murphy.","robots":{"index":"index","follow":"follow","max-snippet":"max-snippet:-1","max-image-preview":"max-image-preview:large","max-video-preview":"max-video-preview:-1"},"canonical":"https:\/\/www.murphylawfirm.com\/es\/responsabilidad-civil-masiva\/productos-peligrosos\/philips-cpap-bi-pap-machines\/","og_locale":"es_MX","og_type":"article","og_title":"Baton Rouge Philips CPAP & Bi-PAP Recall Lawyer - Free Consultation","og_description":"Stay updated on the Philips' Recall Lawsuit with Murphy Law Firm!","og_url":"https:\/\/www.murphylawfirm.com\/es\/responsabilidad-civil-masiva\/productos-peligrosos\/philips-cpap-bi-pap-machines\/","og_site_name":"Murphy Law Firm","article_publisher":"https:\/\/www.facebook.com\/MurphyLawFirm225\/","article_modified_time":"2025-03-13T07:52:36+00:00","twitter_card":"summary_large_image","twitter_site":"@murphylawfirm225","twitter_misc":{"Tiempo de lectura":"4 minutos"},"schema":{"@context":"https:\/\/schema.org","@graph":[{"@type":"WebPage","@id":"https:\/\/www.murphylawfirm.com\/mass-tort\/dangerous-products\/philips-cpap-bi-pap-machines\/","url":"https:\/\/www.murphylawfirm.com\/mass-tort\/dangerous-products\/philips-cpap-bi-pap-machines\/","name":"Baton Rouge Philips CPAP &amp; Bi-PAP Recall Abogado - Consulta Gratuita","isPartOf":{"@id":"https:\/\/www.murphylawfirm.com\/#website"},"datePublished":"2024-04-18T06:31:12+00:00","dateModified":"2025-03-13T07:52:36+00:00","description":"Mant\u00e9ngase al d\u00eda sobre la demanda de retirada del mercado de Philips con el bufete de abogados Murphy.","breadcrumb":{"@id":"https:\/\/www.murphylawfirm.com\/mass-tort\/dangerous-products\/philips-cpap-bi-pap-machines\/#breadcrumb"},"inLanguage":"es","potentialAction":[{"@type":"ReadAction","target":["https:\/\/www.murphylawfirm.com\/mass-tort\/dangerous-products\/philips-cpap-bi-pap-machines\/"]}]},{"@type":"BreadcrumbList","@id":"https:\/\/www.murphylawfirm.com\/mass-tort\/dangerous-products\/philips-cpap-bi-pap-machines\/#breadcrumb","itemListElement":[{"@type":"ListItem","position":1,"name":"Home","item":"https:\/\/www.murphylawfirm.com\/"},{"@type":"ListItem","position":2,"name":"Baton Rouge Mass Tort Lawyer","item":"https:\/\/www.murphylawfirm.com\/mass-tort\/"},{"@type":"ListItem","position":3,"name":"Baton Rouge Dangerous Product Lawyer","item":"https:\/\/www.murphylawfirm.com\/mass-tort\/dangerous-products\/"},{"@type":"ListItem","position":4,"name":"Baton Rouge Philips CPAP &#038; Bi-PAP Recall Lawyer"}]},{"@type":"WebSite","@id":"https:\/\/www.murphylawfirm.com\/#website","url":"https:\/\/www.murphylawfirm.com\/","name":"Bufete Murphy","description":"","publisher":{"@id":"https:\/\/www.murphylawfirm.com\/#organization"},"potentialAction":[{"@type":"SearchAction","target":{"@type":"EntryPoint","urlTemplate":"https:\/\/www.murphylawfirm.com\/?s={search_term_string}"},"query-input":{"@type":"PropertyValueSpecification","valueRequired":true,"valueName":"search_term_string"}}],"inLanguage":"es"},{"@type":"Organization","@id":"https:\/\/www.murphylawfirm.com\/#organization","name":"Bufete Murphy","alternateName":"Murphy Law Firm","url":"https:\/\/www.murphylawfirm.com\/","logo":{"@type":"ImageObject","inLanguage":"es","@id":"https:\/\/www.murphylawfirm.com\/#\/schema\/logo\/image\/","url":"https:\/\/www.murphylawfirm.com\/wp-content\/uploads\/2024\/05\/murphy.jpg","contentUrl":"https:\/\/www.murphylawfirm.com\/wp-content\/uploads\/2024\/05\/murphy.jpg","width":309,"height":79,"caption":"Murphy Law Firm"},"image":{"@id":"https:\/\/www.murphylawfirm.com\/#\/schema\/logo\/image\/"},"sameAs":["https:\/\/www.facebook.com\/MurphyLawFirm225\/","https:\/\/x.com\/murphylawfirm225","https:\/\/www.instagram.com\/murphylawfirm225\/","https:\/\/www.linkedin.com\/in\/murphy-law-firm-peyton-murphy\/","https:\/\/maps.app.goo.gl\/WCtGDyEwg1JYgwZ87","https:\/\/www.yelp.com\/biz\/murphy-law-firm-baton-rouge-3","https:\/\/www.mapquest.com\/us\/louisiana\/murphy-law-firm-284707425","https:\/\/www.lawinfo.com\/lawfirm\/louisiana\/baton-rouge\/murphy-law-firm-llc\/97a2f249-3b83-4255-b82a-f62955d76970.html","https:\/\/www.hg.org\/attorney\/murphy-law-firm-llc\/68580","https:\/\/lawyers.findlaw.com\/louisiana\/baton-rouge\/2388680_1\/","https:\/\/www.bbb.org\/us\/la\/baton-rouge\/profile\/lawyers\/murphy-law-firm-llc-0835-12003342","https:\/\/www.lawyers.com\/baton-rouge\/louisiana\/murphy-law-firm-42910679-f\/","https:\/\/nextdoor.com\/pages\/murphy-law-firm-llc\/","https:\/\/www.lawyer4criminaldefense.com\/criminal-defense-lawyers\/listing\/b637fd75d4bc11b1a32273b847ba8a37\/","https:\/\/www.expertise.com\/legal\/slip-and-fall-lawyers\/louisiana\/baton-rouge","https:\/\/www.youtube.com\/@MurphyLawFirmBatonRouge"]}]}},"_links":{"self":[{"href":"https:\/\/www.murphylawfirm.com\/es\/wp-json\/wp\/v2\/pages\/817","targetHints":{"allow":["GET"]}}],"collection":[{"href":"https:\/\/www.murphylawfirm.com\/es\/wp-json\/wp\/v2\/pages"}],"about":[{"href":"https:\/\/www.murphylawfirm.com\/es\/wp-json\/wp\/v2\/types\/page"}],"author":[{"embeddable":true,"href":"https:\/\/www.murphylawfirm.com\/es\/wp-json\/wp\/v2\/users\/1"}],"replies":[{"embeddable":true,"href":"https:\/\/www.murphylawfirm.com\/es\/wp-json\/wp\/v2\/comments?post=817"}],"version-history":[{"count":21,"href":"https:\/\/www.murphylawfirm.com\/es\/wp-json\/wp\/v2\/pages\/817\/revisions"}],"predecessor-version":[{"id":6273,"href":"https:\/\/www.murphylawfirm.com\/es\/wp-json\/wp\/v2\/pages\/817\/revisions\/6273"}],"up":[{"embeddable":true,"href":"https:\/\/www.murphylawfirm.com\/es\/wp-json\/wp\/v2\/pages\/373"}],"wp:attachment":[{"href":"https:\/\/www.murphylawfirm.com\/es\/wp-json\/wp\/v2\/media?parent=817"}],"curies":[{"name":"wp","href":"https:\/\/api.w.org\/{rel}","templated":true}]}}