{"id":8825,"date":"2026-02-11T15:01:35","date_gmt":"2026-02-11T15:01:35","guid":{"rendered":"https:\/\/www.murphylawfirm.com\/?page_id=8825"},"modified":"2026-02-13T06:30:28","modified_gmt":"2026-02-13T06:30:28","slug":"abogado-especializado-en-lesiones-cervicales-en-kenner","status":"publish","type":"page","link":"https:\/\/www.murphylawfirm.com\/es\/kenner-neck-injury-lawyer\/","title":{"rendered":"Abogado especializado en lesiones cervicales en Kenner"},"content":{"rendered":"<div id=\"ez-toc-container\" class=\"ez-toc-v2_0_83 counter-hierarchy ez-toc-counter ez-toc-transparent ez-toc-container-direction\">\n<div class=\"ez-toc-title-container\">\n<p class=\"ez-toc-title ez-toc-toggle\" style=\"cursor:pointer\">\u00cdndice<\/p>\n<span class=\"ez-toc-title-toggle\"><a href=\"#\" class=\"ez-toc-pull-right ez-toc-btn ez-toc-btn-xs ez-toc-btn-default ez-toc-toggle\" aria-label=\"Toggle Table of Content\"><span class=\"ez-toc-js-icon-con\"><span class=\"\"><span class=\"eztoc-hide\" style=\"display:none;\">Toggle<\/span><span class=\"ez-toc-icon-toggle-span\"><svg style=\"fill: #999;color:#999\" xmlns=\"http:\/\/www.w3.org\/2000\/svg\" class=\"list-377408\" width=\"20px\" height=\"20px\" viewbox=\"0 0 24 24\" fill=\"none\"><path d=\"M6 6H4v2h2V6zm14 0H8v2h12V6zM4 11h2v2H4v-2zm16 0H8v2h12v-2zM4 16h2v2H4v-2zm16 0H8v2h12v-2z\" fill=\"currentColor\"><\/path><\/svg><svg style=\"fill: #999;color:#999\" class=\"arrow-unsorted-368013\" xmlns=\"http:\/\/www.w3.org\/2000\/svg\" width=\"10px\" height=\"10px\" viewbox=\"0 0 24 24\" version=\"1.2\" baseprofile=\"tiny\"><path d=\"M18.2 9.3l-6.2-6.3-6.2 6.3c-.2.2-.3.4-.3.7s.1.5.3.7c.2.2.4.3.7.3h11c.3 0 .5-.1.7-.3.2-.2.3-.5.3-.7s-.1-.5-.3-.7zM5.8 14.7l6.2 6.3 6.2-6.3c.2-.2.3-.5.3-.7s-.1-.5-.3-.7c-.2-.2-.4-.3-.7-.3h-11c-.3 0-.5.1-.7.3-.2.2-.3.5-.3.7s.1.5.3.7z\"\/><\/svg><\/span><\/span><\/span><\/a><\/span><\/div>\n<nav><ul class='ez-toc-list ez-toc-list-level-1 eztoc-toggle-hide-by-default' ><li class='ez-toc-page-1 ez-toc-heading-level-2'><a class=\"ez-toc-link ez-toc-heading-1\" href=\"https:\/\/www.murphylawfirm.com\/es\/kenner-neck-injury-lawyer\/#neck-injury-attorney-in-kenner-la\" >Abogado especializado en lesiones cervicales en Kenner, Luisiana<\/a><\/li><li class='ez-toc-page-1 ez-toc-heading-level-2'><a class=\"ez-toc-link ez-toc-heading-2\" href=\"https:\/\/www.murphylawfirm.com\/es\/kenner-neck-injury-lawyer\/#hire-a-neck-injury-lawyer-with-murphy-law-firm\" >Contrate a un abogado especializado en lesiones cervicales con Murphy Law Firm<\/a><\/li><li class='ez-toc-page-1 ez-toc-heading-level-2'><a class=\"ez-toc-link ez-toc-heading-3\" href=\"https:\/\/www.murphylawfirm.com\/es\/kenner-neck-injury-lawyer\/#what-are-the-types-of-neck-injuries-in-kenner\" >\u00bfCu\u00e1les son los tipos de lesiones de cuello en Kenner?<\/a><\/li><li class='ez-toc-page-1 ez-toc-heading-level-2'><a class=\"ez-toc-link ez-toc-heading-4\" href=\"https:\/\/www.murphylawfirm.com\/es\/kenner-neck-injury-lawyer\/#what-leads-to-neck-injuries\" >\u00bfQu\u00e9 provoca las lesiones cervicales?<\/a><\/li><li class='ez-toc-page-1 ez-toc-heading-level-2'><a class=\"ez-toc-link ez-toc-heading-5\" href=\"https:\/\/www.murphylawfirm.com\/es\/kenner-neck-injury-lawyer\/#faqs\" >Preguntas frecuentes<\/a><ul class='ez-toc-list-level-3' ><li class='ez-toc-heading-level-3'><a class=\"ez-toc-link ez-toc-heading-6\" href=\"https:\/\/www.murphylawfirm.com\/es\/kenner-neck-injury-lawyer\/#what-is-the-average-settlement-for-a-neck-injury-in-kenner\" >\u00bfCu\u00e1l es la indemnizaci\u00f3n promedio por una lesi\u00f3n en el cuello en Kenner?<\/a><\/li><li class='ez-toc-page-1 ez-toc-heading-level-3'><a class=\"ez-toc-link ez-toc-heading-7\" href=\"https:\/\/www.murphylawfirm.com\/es\/kenner-neck-injury-lawyer\/#can-you-file-a-claim-for-a-neck-injury-in-kenner\" >\u00bfSe puede presentar una demanda por una lesi\u00f3n en el cuello en Kenner?<\/a><\/li><li class='ez-toc-page-1 ez-toc-heading-level-3'><a class=\"ez-toc-link ez-toc-heading-8\" href=\"https:\/\/www.murphylawfirm.com\/es\/kenner-neck-injury-lawyer\/#is-it-hard-to-prove-a-neck-injury-in-kenner\" >\u00bfEs dif\u00edcil demostrar una lesi\u00f3n en el cuello en Kenner?<\/a><\/li><li class='ez-toc-page-1 ez-toc-heading-level-3'><a class=\"ez-toc-link ez-toc-heading-9\" href=\"https:\/\/www.murphylawfirm.com\/es\/kenner-neck-injury-lawyer\/#does-an-mri-increase-the-value-of-a-settlement-in-kenner\" >\u00bfUna resonancia magn\u00e9tica aumenta el valor de un acuerdo en Kenner?<\/a><\/li><\/ul><\/li><li class='ez-toc-page-1 ez-toc-heading-level-2'><a class=\"ez-toc-link ez-toc-heading-10\" href=\"https:\/\/www.murphylawfirm.com\/es\/kenner-neck-injury-lawyer\/#reach-out-to-a-kenner-neck-injury-attorney-today\" >P\u00f3ngase en contacto hoy mismo con un abogado especializado en lesiones cervicales en Kenner.<\/a><\/li><\/ul><\/nav><\/div>\n<h2><span class=\"ez-toc-section\" id=\"neck-injury-attorney-in-kenner-la\"><\/span>Abogado especializado en lesiones cervicales en Kenner, Luisiana<span class=\"ez-toc-section-end\"><\/span><\/h2>\n<p>Las lesiones cervicales pueden producirse en accidentes de tr\u00e1fico, otros traumatismos repentinos o por esfuerzos repetidos a lo largo del tiempo. Pueden afectar a sus movimientos y causarle dolor a diario. Cuando la causa de su lesi\u00f3n cervical es la imprudencia de otra persona, puede presentar una demanda por lesiones personales u otro tipo de demanda para recuperarse econ\u00f3micamente de la lesi\u00f3n. A <strong>Abogado experto en lesiones cervicales en Kenner<\/strong> puede ayudarle a evaluar si tiene motivos para reclamar el reembolso de los gastos m\u00e9dicos y otras p\u00e9rdidas.<\/p>\n<p><img loading=\"lazy\" decoding=\"async\" class=\"aligncenter wp-image-8931 size-full\" title=\"Contratar a un abogado especializado en lesiones cervicales en Kenner\" src=\"https:\/\/www.murphylawfirm.com\/wp-content\/uploads\/2026\/02\/hire-kenner-neck-injury-lawyer.webp\" alt=\"Contratar a un abogado especializado en lesiones cervicales en Kenner\" width=\"1200\" height=\"600\" srcset=\"https:\/\/www.murphylawfirm.com\/wp-content\/uploads\/2026\/02\/hire-kenner-neck-injury-lawyer.webp 1200w, https:\/\/www.murphylawfirm.com\/wp-content\/uploads\/2026\/02\/hire-kenner-neck-injury-lawyer-300x150.webp 300w, https:\/\/www.murphylawfirm.com\/wp-content\/uploads\/2026\/02\/hire-kenner-neck-injury-lawyer-1024x512.webp 1024w, https:\/\/www.murphylawfirm.com\/wp-content\/uploads\/2026\/02\/hire-kenner-neck-injury-lawyer-768x384.webp 768w, https:\/\/www.murphylawfirm.com\/wp-content\/uploads\/2026\/02\/hire-kenner-neck-injury-lawyer-18x9.webp 18w\" sizes=\"auto, (max-width: 1200px) 100vw, 1200px\" \/><\/p>\n<h2><span class=\"ez-toc-section\" id=\"hire-a-neck-injury-lawyer-with-murphy-law-firm\"><\/span>Contrate a un abogado especializado en lesiones cervicales con Murphy Law Firm<span class=\"ez-toc-section-end\"><\/span><\/h2>\n<p><a href=\"https:\/\/www.murphylawfirm.com\/es\/por-que-elegirnos\/\">Bufete Murphy<\/a> puede ayudarle a evaluar su lesi\u00f3n cervical y determinar si puede presentar una demanda. Es posible que pueda presentar una reclamaci\u00f3n contra un conductor negligente, un propietario, un fabricante de productos u otra parte. Comprendemos el estr\u00e9s y la frustraci\u00f3n que supone sufrir una lesi\u00f3n porque otra persona no tuvo el cuidado adecuado.<\/p>\n<p>Durante 30 a\u00f1os, nuestra empresa ha servido a las comunidades del sureste Louisiana. Nuestra <a href=\"https:\/\/www.murphylawfirm.com\/es\/abogado-especializado-en-lesiones-personales-en-kenner\/\">equipo de abogados expertos en lesiones personales<\/a> gestiona su reclamaci\u00f3n por usted mientras se recupera. Hemos asegurado con \u00e9xito millones en acuerdos y veredictos para los clientes. Usted no tiene que lidiar con este caso solo. Nuestra firma puede luchar por usted y la compensaci\u00f3n m\u00e1xima que se merece.<\/p>\n<h2><span class=\"ez-toc-section\" id=\"what-are-the-types-of-neck-injuries-in-kenner\"><\/span>\u00bfCu\u00e1les son los tipos de lesiones de cuello en Kenner?<span class=\"ez-toc-section-end\"><\/span><\/h2>\n<p>Hay muchos tipos de lesiones cervicales, como esguinces y distensiones, hernias o protuberancias discales, latigazos cervicales, fracturas vertebrales, lesiones por esfuerzo repetitivo y lesiones medulares. Estas lesiones pueden deberse a un traumatismo repentino, como un accidente de tr\u00e1fico, o a un esfuerzo prolongado durante el trabajo. Es fundamental distinguir entre lesiones leves y m\u00e1s graves. El latigazo cervical, por ejemplo, es una de las lesiones de tejidos blandos m\u00e1s comunes que vemos en estos casos - y nuestro equipo comparti\u00f3 recientemente <a href=\"https:\/\/www.murphylawfirm.com\/es\/blog\/5-cosas-que-debe-saber-sobre-el-latigazo-cervical\/\">cinco cosas importantes que debe saber sobre el latigazo cervical,<\/a> una afecci\u00f3n que suele aparecer tras un accidente automovil\u00edstico.<\/p>\n<h2><span class=\"ez-toc-section\" id=\"what-leads-to-neck-injuries\"><\/span>\u00bfQu\u00e9 provoca las lesiones cervicales?<span class=\"ez-toc-section-end\"><\/span><\/h2>\n<p>Hay muchas actividades o incidentes diferentes que pueden provocar lesiones cervicales. No todas estas circunstancias suponen una reclamaci\u00f3n v\u00e1lida por lesiones personales. <strong>Algunas de las causas m\u00e1s comunes de las lesiones cervicales son:<\/strong><\/p>\n<ul>\n<li><strong>Accidentes laborales y lesiones.<\/strong> Las lesiones cervicales pueden producirse en el lugar de trabajo por un accidente repentino o un esfuerzo por movimientos repetitivos. Hubo <a href=\"https:\/\/www.osha.gov\/severe-injury-reports\" target=\"_blank\" rel=\"noopener\">informes de lesiones graves<\/a> en los lugares de trabajo Louisiana a lo largo de 2024, muchos de los cuales provocar\u00e1n la hospitalizaci\u00f3n de empleados. Los accidentes repentinos, como colisiones de veh\u00edculos, fallos en la maquinaria y derrumbes estructurales, pueden provocar lesiones en el cuello. Esto es especialmente cierto en los centros industriales cercanos a Kenner, incluidos los almacenes y las instalaciones de transporte. La mayor\u00eda de los empleados pueden recuperar parte de los da\u00f1os econ\u00f3micos en una reclamaci\u00f3n de indemnizaci\u00f3n laboral, aunque en casos concretos de negligencia es posible presentar reclamaciones a terceros.<\/li>\n<li><strong><a href=\"https:\/\/www.murphylawfirm.com\/es\/abogado-especializado-en-accidentes-automovilisticos-en-kenner\/\">Accidentes de tr\u00e1fico<\/a>.<\/strong> Los accidentes automovil\u00edsticos suelen provocar lesiones, incluyendo da\u00f1os en el cuello y la espalda. En el condado de Jefferson, las carreteras con mucho tr\u00e1fico, como la I-10 y Williams Blvd, son lugares habituales de accidentes que provocan lesiones. Los choques por alcance son especialmente frecuentes en los cruces de Kenner y suelen provocar latigazos cervicales o hernias discales debido a la fuerza repentina del impacto. Otros accidentes de tr\u00e1fico incluyen colisiones de camiones, motocicletas y bicicletas, que son a\u00fan m\u00e1s propensos a provocar lesiones graves a las personas menos protegidas que se encuentran cerca de zonas de mucho tr\u00e1fico, como el aeropuerto.<\/li>\n<li><strong>Lesiones por resbalones y ca\u00eddas.<\/strong> Aunque las ca\u00eddas pueden parecer lesiones menores, pueden ser muy graves y provocar lesiones graves e incluso la muerte. En <a href=\"https:\/\/en.wikipedia.org\/wiki\/Louisiana\" target=\"_blank\" rel=\"noopener\">Louisiana<\/a>, Seg\u00fan los Centros para el Control y la Prevenci\u00f3n de Enfermedades, en 2023 se produjeron cientos de muertes accidentales relacionadas con ca\u00eddas.<\/li>\n<\/ul>\n<p>Las lesiones en el cuello son una posible lesi\u00f3n, especialmente cuando la ca\u00edda se produce desde un piso m\u00e1s alto o sobre una superficie dura. No todas las ca\u00eddas dan lugar a reclamaciones v\u00e1lidas, pero algunas s\u00ed. Si usted se encontraba en la propiedad de otra persona en Kenner, como una tienda de comestibles o un negocio comercial, y su ca\u00edda fue causada por un peligro que ellos deber\u00edan haber solucionado, podr\u00eda presentar una reclamaci\u00f3n contra ellos.<\/p>\n<p>Existen otras causas de lesiones en el cuello, como accidentes deportivos en Laketown, actos delictivos y negligencia m\u00e9dica. Es importante que analice su caso con un abogado con experiencia en lesiones personales para determinar si tiene motivos para presentar una demanda.<\/p>\n<section style=\"background-color: #f3f4f4; padding: 20px 10px; text-align: center;\">\n<div style=\"max-width: 800px; margin: 0 auto; width: 90%;\">\n<h2 style=\"font-family: 'Playfair Display', serif; font-size: 46px; font-weight: 400; line-height: 61.18px; color: #0e2c4d; margin-bottom: 10px;\">Conozca a nuestro abogado<\/h2>\n<div style=\"background-color: #f3f4f4; border: 1px solid #e0e0e0; border-radius: 8px; padding: 4px; box-shadow: 0 2px 4px rgba(0,0,0,0.1); display: flex; flex-wrap: wrap; align-items: center;\">\n<p><img decoding=\"async\" style=\"width: 200px; height: 270px; border-radius: 0; object-fit: cover; margin: 4px 15px 4px 4px; flex: 0 0 auto;\" src=\"https:\/\/www.murphylawfirm.com\/wp-content\/uploads\/2025\/03\/hm-attrny-murphy-img-one.webp\" alt=\"Peyton Murphy\" \/><\/p>\n<div style=\"flex: 1; text-align: center; min-width: 180px; padding: 4px;\">\n<h3 style=\"font-family: 'Playfair Display', serif; font-size: 46px; font-weight: 400; line-height: 61.18px; color: #a15127; margin-bottom: 8px;\">Peyton Murphy<\/h3>\n<p style=\"font-family: 'Onest-Regular', sans-serif; font-size: 19px; font-weight: 400; line-height: 34.2px; color: #000000; margin-bottom: 10px;\">Peyton Murphy, un abogado Louisiana con m\u00e1s de 30 a\u00f1os de experiencia, se especializa en casos de lesiones personales. Fund\u00f3 Murphy Law Firm en Baton Rouge en 1993 y lucha por la indemnizaci\u00f3n de sus clientes.<br \/>\n<a style=\"font-family: 'Onest-Regular', sans-serif; font-size: 22px; font-weight: 400; color: #ffffff; background-color: #0d2c4e; padding: 12px 40px; border-radius: 50px; text-decoration: none; display: inline-block;\" href=\"https:\/\/www.murphylawfirm.com\/es\/nuestro-equipo\/peyton-murphy\/\"><b>Contactar con Peyton<\/b><\/a><\/p>\n<\/div>\n<\/div>\n<\/div>\n<\/section>\n<h2><span class=\"ez-toc-section\" id=\"faqs\"><\/span>Preguntas frecuentes<span class=\"ez-toc-section-end\"><\/span><\/h2>\n<div class=\"faq-section\">\n<h3><span class=\"ez-toc-section\" id=\"what-is-the-average-settlement-for-a-neck-injury-in-kenner\"><\/span>\u00bfCu\u00e1l es la indemnizaci\u00f3n promedio por una lesi\u00f3n en el cuello en Kenner?<span class=\"ez-toc-section-end\"><\/span><\/h3>\n<p>Cada acuerdo por una lesi\u00f3n en el cuello es \u00fanico, ya que las lesiones en el cuello var\u00edan en gravedad. Una reclamaci\u00f3n por un latigazo cervical leve tendr\u00e1 un valor mucho menor que una reclamaci\u00f3n por par\u00e1lisis de la m\u00e9dula espinal que afecte al resto de la vida de una persona. Esto se debe a que una reclamaci\u00f3n por par\u00e1lisis debe tener en cuenta las necesidades m\u00e9dicas a largo plazo, el tratamiento en el hogar y los considerables costos por p\u00e9rdida de trabajo.<\/p>\n<h3><span class=\"ez-toc-section\" id=\"can-you-file-a-claim-for-a-neck-injury-in-kenner\"><\/span>\u00bfSe puede presentar una demanda por una lesi\u00f3n en el cuello en Kenner?<span class=\"ez-toc-section-end\"><\/span><\/h3>\n<p>La posibilidad de presentar una reclamaci\u00f3n por una lesi\u00f3n en el cuello depende de las circunstancias de la lesi\u00f3n. Si la lesi\u00f3n se produjo en el trabajo o fue consecuencia de la negligencia de otra persona, como un conductor imprudente en Loyola Dr, es posible que pueda presentar una reclamaci\u00f3n. Sin embargo, las lesiones en el cuello no siempre dan lugar a una reclamaci\u00f3n.<\/p>\n<h3><span class=\"ez-toc-section\" id=\"is-it-hard-to-prove-a-neck-injury-in-kenner\"><\/span>\u00bfEs dif\u00edcil demostrar una lesi\u00f3n en el cuello en Kenner?<span class=\"ez-toc-section-end\"><\/span><\/h3>\n<p>Dependiendo del tipo de lesi\u00f3n y su causa, puede resultar dif\u00edcil demostrar una lesi\u00f3n en el cuello. Cuando contrata a un abogado especializado en lesiones de cuello, este puede ayudarle a obtener la documentaci\u00f3n m\u00e9dica y otras pruebas necesarias para demostrar la lesi\u00f3n y qui\u00e9n es el responsable. Obtenga atenci\u00f3n m\u00e9dica en hospitales cercanos, como <strong>Centro M\u00e9dico Ochsner \u2013 Kenner<\/strong>, es importante garantizar una documentaci\u00f3n clara y opiniones m\u00e9dicas.<\/p>\n<h3><span class=\"ez-toc-section\" id=\"does-an-mri-increase-the-value-of-a-settlement-in-kenner\"><\/span>\u00bfUna resonancia magn\u00e9tica aumenta el valor de un acuerdo en Kenner?<span class=\"ez-toc-section-end\"><\/span><\/h3>\n<p>S\u00ed, una resonancia magn\u00e9tica podr\u00eda aumentar el valor de un acuerdo por lesiones personales. Si ha sufrido una lesi\u00f3n en el cuello, una resonancia magn\u00e9tica (RM) puede ser muy importante para determinar la gravedad y el alcance de la lesi\u00f3n. Cuando la resonancia magn\u00e9tica sea m\u00e9dicamente necesaria para su diagn\u00f3stico y tratamiento, se incluir\u00e1 en el acuerdo por lesiones personales, lo que aumentar\u00e1 el valor total.<\/p>\n<\/div>\n<h2><span class=\"ez-toc-section\" id=\"reach-out-to-a-kenner-neck-injury-attorney-today\"><\/span>P\u00f3ngase en contacto hoy mismo con un abogado especializado en lesiones cervicales en Kenner.<span class=\"ez-toc-section-end\"><\/span><\/h2>\n<p>Existen plazos estrictos para presentar demandas por lesiones personales.<a href=\"https:\/\/www.murphylawfirm.com\/es\/pongase-en-contacto-con\/\"> P\u00f3ngase en contacto con el bufete de abogados Murphy hoy<\/a> actuar con rapidez en caso de siniestro.<\/p>\n<p><iframe loading=\"lazy\" style=\"border: 0;\" src=\"https:\/\/www.google.com\/maps\/embed?pb=!1m18!1m12!1m3!1d55301.14445672199!2d-90.28296715!3d29.9989714!2m3!1f0!2f0!3f0!3m2!1i1024!2i768!4f13.1!3m3!1m2!1s0x8620b784a0d8e8b3%3A0xc31248464010b99!2sKenner%2C%20LA!5e0!3m2!1sen!2sus!4v1710000000000!5m2!1sen!2sus0\" width=\"1000\" height=\"300\" allowfullscreen=\"allowfullscreen\"><\/iframe><\/p>","protected":false},"excerpt":{"rendered":"<p>Neck Injury Attorney in Kenner, LA Neck injuries can happen in car accidents, other sudden trauma, or from repeated strain over time. They can affect your movement and cause you daily pain. When someone else\u2019s carelessness was the cause of your neck injury, you could file a personal injury claim or other type of claim &hellip; <\/p>\n<p class=\"link-more\"><a href=\"https:\/\/www.murphylawfirm.com\/es\/kenner-neck-injury-lawyer\/\" class=\"more-link\">Seguir leyendo<span class=\"screen-reader-text\"> &#8220;Kenner Neck Injury Lawyer&#8221;<\/span><\/a><\/p>","protected":false},"author":1,"featured_media":0,"parent":0,"menu_order":0,"comment_status":"closed","ping_status":"closed","template":"","meta":{"_acf_changed":false,"footnotes":""},"class_list":["post-8825","page","type-page","status-publish","hentry","entry"],"acf":[],"yoast_head":"<!-- This site is optimized with the Yoast SEO plugin v27.6 - https:\/\/yoast.com\/product\/yoast-seo-wordpress\/ -->\n<title>Kenner Neck Injury Lawyer - Free Consultation<\/title>\n<meta name=\"description\" content=\"Need a Kenner Neck Injury Lawyer? Murphy Law Firm pursues compensation for spinal trauma, whiplash, and long-term mobility loss\u2014Free Consultation.\" \/>\n<meta name=\"robots\" content=\"index, follow, max-snippet:-1, max-image-preview:large, max-video-preview:-1\" \/>\n<link rel=\"canonical\" href=\"https:\/\/www.murphylawfirm.com\/es\/abogado-especializado-en-lesiones-cervicales-en-kenner\/\" \/>\n<meta property=\"og:locale\" content=\"es_MX\" \/>\n<meta property=\"og:type\" content=\"article\" \/>\n<meta property=\"og:title\" content=\"Kenner Neck Injury Lawyer - Free Consultation\" \/>\n<meta property=\"og:description\" content=\"Need a Kenner Neck Injury Lawyer? Murphy Law Firm pursues compensation for spinal trauma, whiplash, and long-term mobility loss\u2014Free Consultation.\" \/>\n<meta property=\"og:url\" content=\"https:\/\/www.murphylawfirm.com\/es\/abogado-especializado-en-lesiones-cervicales-en-kenner\/\" \/>\n<meta property=\"og:site_name\" content=\"Murphy Law Firm\" \/>\n<meta property=\"article:publisher\" content=\"https:\/\/www.facebook.com\/MurphyLawFirm225\/\" \/>\n<meta property=\"article:modified_time\" content=\"2026-02-13T06:30:28+00:00\" \/>\n<meta property=\"og:image\" content=\"https:\/\/www.murphylawfirm.com\/wp-content\/uploads\/2026\/02\/hire-kenner-neck-injury-lawyer.webp\" \/>\n\t<meta property=\"og:image:width\" content=\"1200\" \/>\n\t<meta property=\"og:image:height\" content=\"600\" \/>\n\t<meta property=\"og:image:type\" content=\"image\/webp\" \/>\n<meta name=\"twitter:card\" content=\"summary_large_image\" \/>\n<meta name=\"twitter:site\" content=\"@murphylawfirm225\" \/>\n<meta name=\"twitter:label1\" content=\"Tiempo de lectura\" \/>\n\t<meta name=\"twitter:data1\" content=\"5 minutos\" \/>\n<!-- \/ Yoast SEO plugin. -->","yoast_head_json":{"title":"Abogado especializado en lesiones cervicales en Kenner - Consulta gratuita","description":"\u00bfNecesita un abogado especializado en lesiones cervicales en Kenner? El bufete Murphy Law Firm reclama indemnizaciones por traumatismos espinales, latigazos cervicales y p\u00e9rdida de movilidad a largo plazo. Consulta gratuita.","robots":{"index":"index","follow":"follow","max-snippet":"max-snippet:-1","max-image-preview":"max-image-preview:large","max-video-preview":"max-video-preview:-1"},"canonical":"https:\/\/www.murphylawfirm.com\/es\/abogado-especializado-en-lesiones-cervicales-en-kenner\/","og_locale":"es_MX","og_type":"article","og_title":"Kenner Neck Injury Lawyer - Free Consultation","og_description":"Need a Kenner Neck Injury Lawyer? Murphy Law Firm pursues compensation for spinal trauma, whiplash, and long-term mobility loss\u2014Free Consultation.","og_url":"https:\/\/www.murphylawfirm.com\/es\/abogado-especializado-en-lesiones-cervicales-en-kenner\/","og_site_name":"Murphy Law Firm","article_publisher":"https:\/\/www.facebook.com\/MurphyLawFirm225\/","article_modified_time":"2026-02-13T06:30:28+00:00","og_image":[{"width":1200,"height":600,"url":"https:\/\/www.murphylawfirm.com\/wp-content\/uploads\/2026\/02\/hire-kenner-neck-injury-lawyer.webp","type":"image\/webp"}],"twitter_card":"summary_large_image","twitter_site":"@murphylawfirm225","twitter_misc":{"Tiempo de lectura":"5 minutos"},"schema":{"@context":"https:\/\/schema.org","@graph":[{"@type":"WebPage","@id":"https:\/\/www.murphylawfirm.com\/kenner-neck-injury-lawyer\/","url":"https:\/\/www.murphylawfirm.com\/kenner-neck-injury-lawyer\/","name":"Abogado especializado en lesiones cervicales en Kenner - Consulta gratuita","isPartOf":{"@id":"https:\/\/www.murphylawfirm.com\/#website"},"primaryImageOfPage":{"@id":"https:\/\/www.murphylawfirm.com\/kenner-neck-injury-lawyer\/#primaryimage"},"image":{"@id":"https:\/\/www.murphylawfirm.com\/kenner-neck-injury-lawyer\/#primaryimage"},"thumbnailUrl":"https:\/\/www.murphylawfirm.com\/wp-content\/uploads\/2026\/02\/hire-kenner-neck-injury-lawyer.webp","datePublished":"2026-02-11T15:01:35+00:00","dateModified":"2026-02-13T06:30:28+00:00","description":"\u00bfNecesita un abogado especializado en lesiones cervicales en Kenner? El bufete Murphy Law Firm reclama indemnizaciones por traumatismos espinales, latigazos cervicales y p\u00e9rdida de movilidad a largo plazo. Consulta gratuita.","breadcrumb":{"@id":"https:\/\/www.murphylawfirm.com\/kenner-neck-injury-lawyer\/#breadcrumb"},"inLanguage":"es","potentialAction":[{"@type":"ReadAction","target":["https:\/\/www.murphylawfirm.com\/kenner-neck-injury-lawyer\/"]}]},{"@type":"ImageObject","inLanguage":"es","@id":"https:\/\/www.murphylawfirm.com\/kenner-neck-injury-lawyer\/#primaryimage","url":"https:\/\/www.murphylawfirm.com\/wp-content\/uploads\/2026\/02\/hire-kenner-neck-injury-lawyer.webp","contentUrl":"https:\/\/www.murphylawfirm.com\/wp-content\/uploads\/2026\/02\/hire-kenner-neck-injury-lawyer.webp"},{"@type":"BreadcrumbList","@id":"https:\/\/www.murphylawfirm.com\/kenner-neck-injury-lawyer\/#breadcrumb","itemListElement":[{"@type":"ListItem","position":1,"name":"Home","item":"https:\/\/www.murphylawfirm.com\/"},{"@type":"ListItem","position":2,"name":"Kenner Neck Injury Lawyer"}]},{"@type":"WebSite","@id":"https:\/\/www.murphylawfirm.com\/#website","url":"https:\/\/www.murphylawfirm.com\/","name":"Bufete Murphy","description":"","publisher":{"@id":"https:\/\/www.murphylawfirm.com\/#organization"},"potentialAction":[{"@type":"SearchAction","target":{"@type":"EntryPoint","urlTemplate":"https:\/\/www.murphylawfirm.com\/?s={search_term_string}"},"query-input":{"@type":"PropertyValueSpecification","valueRequired":true,"valueName":"search_term_string"}}],"inLanguage":"es"},{"@type":"Organization","@id":"https:\/\/www.murphylawfirm.com\/#organization","name":"Bufete Murphy","alternateName":"Murphy Law Firm","url":"https:\/\/www.murphylawfirm.com\/","logo":{"@type":"ImageObject","inLanguage":"es","@id":"https:\/\/www.murphylawfirm.com\/#\/schema\/logo\/image\/","url":"https:\/\/www.murphylawfirm.com\/wp-content\/uploads\/2024\/05\/murphy.jpg","contentUrl":"https:\/\/www.murphylawfirm.com\/wp-content\/uploads\/2024\/05\/murphy.jpg","width":309,"height":79,"caption":"Murphy Law Firm"},"image":{"@id":"https:\/\/www.murphylawfirm.com\/#\/schema\/logo\/image\/"},"sameAs":["https:\/\/www.facebook.com\/MurphyLawFirm225\/","https:\/\/x.com\/murphylawfirm225","https:\/\/www.instagram.com\/murphylawfirm225\/","https:\/\/www.linkedin.com\/in\/murphy-law-firm-peyton-murphy\/","https:\/\/maps.app.goo.gl\/WCtGDyEwg1JYgwZ87","https:\/\/www.yelp.com\/biz\/murphy-law-firm-baton-rouge-3","https:\/\/www.mapquest.com\/us\/louisiana\/murphy-law-firm-284707425","https:\/\/www.lawinfo.com\/lawfirm\/louisiana\/baton-rouge\/murphy-law-firm-llc\/97a2f249-3b83-4255-b82a-f62955d76970.html","https:\/\/www.hg.org\/attorney\/murphy-law-firm-llc\/68580","https:\/\/lawyers.findlaw.com\/louisiana\/baton-rouge\/2388680_1\/","https:\/\/www.bbb.org\/us\/la\/baton-rouge\/profile\/lawyers\/murphy-law-firm-llc-0835-12003342","https:\/\/www.lawyers.com\/baton-rouge\/louisiana\/murphy-law-firm-42910679-f\/","https:\/\/nextdoor.com\/pages\/murphy-law-firm-llc\/","https:\/\/www.lawyer4criminaldefense.com\/criminal-defense-lawyers\/listing\/b637fd75d4bc11b1a32273b847ba8a37\/","https:\/\/www.expertise.com\/legal\/slip-and-fall-lawyers\/louisiana\/baton-rouge","https:\/\/www.youtube.com\/@MurphyLawFirmBatonRouge"]}]}},"_links":{"self":[{"href":"https:\/\/www.murphylawfirm.com\/es\/wp-json\/wp\/v2\/pages\/8825","targetHints":{"allow":["GET"]}}],"collection":[{"href":"https:\/\/www.murphylawfirm.com\/es\/wp-json\/wp\/v2\/pages"}],"about":[{"href":"https:\/\/www.murphylawfirm.com\/es\/wp-json\/wp\/v2\/types\/page"}],"author":[{"embeddable":true,"href":"https:\/\/www.murphylawfirm.com\/es\/wp-json\/wp\/v2\/users\/1"}],"replies":[{"embeddable":true,"href":"https:\/\/www.murphylawfirm.com\/es\/wp-json\/wp\/v2\/comments?post=8825"}],"version-history":[{"count":5,"href":"https:\/\/www.murphylawfirm.com\/es\/wp-json\/wp\/v2\/pages\/8825\/revisions"}],"predecessor-version":[{"id":8932,"href":"https:\/\/www.murphylawfirm.com\/es\/wp-json\/wp\/v2\/pages\/8825\/revisions\/8932"}],"wp:attachment":[{"href":"https:\/\/www.murphylawfirm.com\/es\/wp-json\/wp\/v2\/media?parent=8825"}],"curies":[{"name":"wp","href":"https:\/\/api.w.org\/{rel}","templated":true}]}}