{"id":8831,"date":"2026-02-11T15:22:16","date_gmt":"2026-02-11T15:22:16","guid":{"rendered":"https:\/\/www.murphylawfirm.com\/?page_id=8831"},"modified":"2026-02-13T06:13:23","modified_gmt":"2026-02-13T06:13:23","slug":"abogado-especializado-en-lesiones-de-hombro-en-kenner","status":"publish","type":"page","link":"https:\/\/www.murphylawfirm.com\/es\/kenner-shoulder-injury-lawyer\/","title":{"rendered":"Abogado especializado en lesiones de hombro en Kenner"},"content":{"rendered":"<div id=\"ez-toc-container\" class=\"ez-toc-v2_0_83 counter-hierarchy ez-toc-counter ez-toc-transparent ez-toc-container-direction\">\n<div class=\"ez-toc-title-container\">\n<p class=\"ez-toc-title ez-toc-toggle\" style=\"cursor:pointer\">\u00cdndice<\/p>\n<span class=\"ez-toc-title-toggle\"><a href=\"#\" class=\"ez-toc-pull-right ez-toc-btn ez-toc-btn-xs ez-toc-btn-default ez-toc-toggle\" aria-label=\"Toggle Table of Content\"><span class=\"ez-toc-js-icon-con\"><span class=\"\"><span class=\"eztoc-hide\" style=\"display:none;\">Toggle<\/span><span class=\"ez-toc-icon-toggle-span\"><svg style=\"fill: #999;color:#999\" xmlns=\"http:\/\/www.w3.org\/2000\/svg\" class=\"list-377408\" width=\"20px\" height=\"20px\" viewbox=\"0 0 24 24\" fill=\"none\"><path d=\"M6 6H4v2h2V6zm14 0H8v2h12V6zM4 11h2v2H4v-2zm16 0H8v2h12v-2zM4 16h2v2H4v-2zm16 0H8v2h12v-2z\" fill=\"currentColor\"><\/path><\/svg><svg style=\"fill: #999;color:#999\" class=\"arrow-unsorted-368013\" xmlns=\"http:\/\/www.w3.org\/2000\/svg\" width=\"10px\" height=\"10px\" viewbox=\"0 0 24 24\" version=\"1.2\" baseprofile=\"tiny\"><path d=\"M18.2 9.3l-6.2-6.3-6.2 6.3c-.2.2-.3.4-.3.7s.1.5.3.7c.2.2.4.3.7.3h11c.3 0 .5-.1.7-.3.2-.2.3-.5.3-.7s-.1-.5-.3-.7zM5.8 14.7l6.2 6.3 6.2-6.3c.2-.2.3-.5.3-.7s-.1-.5-.3-.7c-.2-.2-.4-.3-.7-.3h-11c-.3 0-.5.1-.7.3-.2.2-.3.5-.3.7s.1.5.3.7z\"\/><\/svg><\/span><\/span><\/span><\/a><\/span><\/div>\n<nav><ul class='ez-toc-list ez-toc-list-level-1 eztoc-toggle-hide-by-default' ><li class='ez-toc-page-1 ez-toc-heading-level-2'><a class=\"ez-toc-link ez-toc-heading-1\" href=\"https:\/\/www.murphylawfirm.com\/es\/kenner-shoulder-injury-lawyer\/#shoulder-injury-attorney-in-kenner-la\" >Abogado especializado en lesiones de hombro en Kenner, Luisiana<\/a><\/li><li class='ez-toc-page-1 ez-toc-heading-level-2'><a class=\"ez-toc-link ez-toc-heading-2\" href=\"https:\/\/www.murphylawfirm.com\/es\/kenner-shoulder-injury-lawyer\/#find-experienced-legal-representation-at-murphy-law-firm-in-kenner\" >Encuentre representaci\u00f3n legal con experiencia en el bufete Murphy Law Firm en Kenner.<\/a><\/li><li class='ez-toc-page-1 ez-toc-heading-level-2'><a class=\"ez-toc-link ez-toc-heading-3\" href=\"https:\/\/www.murphylawfirm.com\/es\/kenner-shoulder-injury-lawyer\/#what-damages-can-you-recover-for-a-shoulder-injury-in-kenner-la\" >\u00bfQu\u00e9 da\u00f1os y perjuicios se pueden recuperar por una lesi\u00f3n en el hombro en Kenner, Luisiana?<\/a><\/li><li class='ez-toc-page-1 ez-toc-heading-level-2'><a class=\"ez-toc-link ez-toc-heading-4\" href=\"https:\/\/www.murphylawfirm.com\/es\/kenner-shoulder-injury-lawyer\/#what-causes-shoulder-injuries\" >\u00bfCu\u00e1les son las causas de las lesiones de hombro?<\/a><\/li><li class='ez-toc-page-1 ez-toc-heading-level-2'><a class=\"ez-toc-link ez-toc-heading-5\" href=\"https:\/\/www.murphylawfirm.com\/es\/kenner-shoulder-injury-lawyer\/#faqs\" >Preguntas frecuentes<\/a><ul class='ez-toc-list-level-3' ><li class='ez-toc-heading-level-3'><a class=\"ez-toc-link ez-toc-heading-6\" href=\"https:\/\/www.murphylawfirm.com\/es\/kenner-shoulder-injury-lawyer\/#whats-the-average-settlement-for-a-shoulder-injury-in-kenner\" >\u00bfCu\u00e1l es la indemnizaci\u00f3n promedio por una lesi\u00f3n en el hombro en Kenner?<\/a><\/li><li class='ez-toc-page-1 ez-toc-heading-level-3'><a class=\"ez-toc-link ez-toc-heading-7\" href=\"https:\/\/www.murphylawfirm.com\/es\/kenner-shoulder-injury-lawyer\/#how-do-you-prove-a-shoulder-injury-in-kenner\" >\u00bfC\u00f3mo se demuestra una lesi\u00f3n en el hombro en Kenner?<\/a><\/li><li class='ez-toc-page-1 ez-toc-heading-level-3'><a class=\"ez-toc-link ez-toc-heading-8\" href=\"https:\/\/www.murphylawfirm.com\/es\/kenner-shoulder-injury-lawyer\/#why-do-i-need-to-hire-a-shoulder-injury-lawyer-in-louisiana\" >\u00bfPor qu\u00e9 necesito contratar a un abogado especializado en lesiones de hombro en Louisiana?<\/a><\/li><li class='ez-toc-page-1 ez-toc-heading-level-3'><a class=\"ez-toc-link ez-toc-heading-9\" href=\"https:\/\/www.murphylawfirm.com\/es\/kenner-shoulder-injury-lawyer\/#can-you-file-a-claim-for-a-shoulder-injury-in-kenner\" >\u00bfSe puede presentar una demanda por una lesi\u00f3n en el hombro en Kenner?<\/a><\/li><\/ul><\/li><li class='ez-toc-page-1 ez-toc-heading-level-2'><a class=\"ez-toc-link ez-toc-heading-10\" href=\"https:\/\/www.murphylawfirm.com\/es\/kenner-shoulder-injury-lawyer\/#reach-out-to-murphy-law-firm-today\" >Contacte con el bufete Murphy hoy mismo<\/a><\/li><\/ul><\/nav><\/div>\n<h2><span class=\"ez-toc-section\" id=\"shoulder-injury-attorney-in-kenner-la\"><\/span>Abogado especializado en lesiones de hombro en Kenner, Luisiana<span class=\"ez-toc-section-end\"><\/span><\/h2>\n<p>Las lesiones de hombro pueden incluir esguinces, desgarros, fracturas y lesiones nerviosas. Pueden limitar su movimiento diario y su capacidad para cuidar de s\u00ed mismo, e incluso pueden tener consecuencias de por vida en algunos casos. Si se lesion\u00f3 porque una persona o una empresa fue imprudente o descuidada con su seguridad, es posible que pueda presentar una demanda por lesiones personales. A <strong>Abogado experto en lesiones de hombro en Kenner<\/strong> puede darle el apoyo que necesita, determinar si tiene una reclamaci\u00f3n y ayudarle a presentarla.<\/p>\n<p><img loading=\"lazy\" decoding=\"async\" class=\"aligncenter wp-image-8908 size-full\" title=\"Abogado especializado en lesiones de hombro en Kenner\" src=\"https:\/\/www.murphylawfirm.com\/wp-content\/uploads\/2026\/02\/kenner-shoulder-injury-attorney.webp\" alt=\"Abogado especializado en lesiones de hombro en Kenner\" width=\"1200\" height=\"600\" srcset=\"https:\/\/www.murphylawfirm.com\/wp-content\/uploads\/2026\/02\/kenner-shoulder-injury-attorney.webp 1200w, https:\/\/www.murphylawfirm.com\/wp-content\/uploads\/2026\/02\/kenner-shoulder-injury-attorney-300x150.webp 300w, https:\/\/www.murphylawfirm.com\/wp-content\/uploads\/2026\/02\/kenner-shoulder-injury-attorney-1024x512.webp 1024w, https:\/\/www.murphylawfirm.com\/wp-content\/uploads\/2026\/02\/kenner-shoulder-injury-attorney-768x384.webp 768w, https:\/\/www.murphylawfirm.com\/wp-content\/uploads\/2026\/02\/kenner-shoulder-injury-attorney-18x9.webp 18w\" sizes=\"auto, (max-width: 1200px) 100vw, 1200px\" \/><\/p>\n<h2><span class=\"ez-toc-section\" id=\"find-experienced-legal-representation-at-murphy-law-firm-in-kenner\"><\/span>Encuentre representaci\u00f3n legal con experiencia en el bufete Murphy Law Firm en Kenner.<span class=\"ez-toc-section-end\"><\/span><\/h2>\n<p><a href=\"https:\/\/www.murphylawfirm.com\/es\/por-que-elegirnos\/\">Bufete Murphy<\/a> ha luchado por los intereses de Louisianans durante los \u00faltimos 30 a\u00f1os, y hemos gestionado muchos casos complejos por diferentes tipos de lesiones de hombro. Incluso las lesiones leves de hombro pueden tener importantes costes m\u00e9dicos, impedirle obtener ingresos y afectar en gran medida a su vida cotidiana.<\/p>\n<p>Cuando pueda presentar una reclamaci\u00f3n, podr\u00e1 recuperar una parte o la totalidad de estos da\u00f1os. Queremos ayudarle a recuperar tanto como sea posible. Nuestro <a href=\"https:\/\/www.murphylawfirm.com\/es\/abogado-especializado-en-lesiones-personales-en-kenner\/\">equipo de abogados expertos en lesiones personales<\/a> lucha por la justicia para usted, sosteniendo partes descuidadas responsables de sus acciones. Si su lesi\u00f3n en el hombro se produjo como consecuencia de un accidente de veh\u00edculo, un <a href=\"https:\/\/www.murphylawfirm.com\/es\/abogado-especializado-en-accidentes-automovilisticos-en-kenner\/\">Abogado con experiencia en accidentes automovil\u00edsticos en Kenner<\/a> tambi\u00e9n puede ayudar a navegar reclamaciones de seguros y asegurarse de que recibe la recuperaci\u00f3n financiera que se merece.<\/p>\n<h2><span class=\"ez-toc-section\" id=\"what-damages-can-you-recover-for-a-shoulder-injury-in-kenner-la\"><\/span>\u00bfQu\u00e9 da\u00f1os y perjuicios se pueden recuperar por una lesi\u00f3n en el hombro en Kenner, Luisiana?<span class=\"ez-toc-section-end\"><\/span><\/h2>\n<p>Si tiene motivos para presentar una demanda por lesiones en el hombro, los da\u00f1os y perjuicios que puede recuperar dependen del tipo de demanda y de la gravedad de las lesiones. En una reclamaci\u00f3n de indemnizaci\u00f3n por accidente laboral, puede recuperar una parte de los ingresos perdidos, la incapacidad y el valor de los gastos m\u00e9dicos. <strong>En una demanda por lesiones personales, usted puede recuperar:<\/strong><\/p>\n<ul>\n<li>Gastos m\u00e9dicos<\/li>\n<li>P\u00e9rdida de ingresos y prestaciones<\/li>\n<li>Reducci\u00f3n de la capacidad de ganancia o p\u00e9rdida de empleo<\/li>\n<li>Da\u00f1os materiales<\/li>\n<li>Dolor y sufrimiento<\/li>\n<li>P\u00e9rdida del disfrute de la vida<\/li>\n<li>Reducci\u00f3n de la calidad de vida<\/li>\n<li>Discapacidad y cicatrices<\/li>\n<li>P\u00e9rdida de consorcio<\/li>\n<\/ul>\n<p>Evaluar estos da\u00f1os es mucho m\u00e1s f\u00e1cil con un abogado. Es probable que subestime el verdadero coste de sus lesiones en su vida. Un abogado puede ayudar a determinar estos costos y asegurar las opiniones m\u00e9dicas y otras declaraciones profesionales para probar esos da\u00f1os y respaldar la reclamaci\u00f3n. Esto le ayuda a recuperar los da\u00f1os que se merece.<\/p>\n<h2><span class=\"ez-toc-section\" id=\"what-causes-shoulder-injuries\"><\/span>\u00bfCu\u00e1les son las causas de las lesiones de hombro?<span class=\"ez-toc-section-end\"><\/span><\/h2>\n<p>Existen numerosas razones por las que se producen lesiones de hombro, y s\u00f3lo algunas de ellas dan lugar a una reclamaci\u00f3n v\u00e1lida. <strong>Algunas de las causas de estas lesiones son<\/strong><\/p>\n<ul>\n<li><strong>Ca\u00eddas.<\/strong> Los accidentes por resbalones y ca\u00eddas pueden causar muchas lesiones, incluyendo da\u00f1os en el hombro. Las ca\u00eddas accidentales son una de las principales causas de lesiones no mortales en toda la regi\u00f3n. Los propietarios negligentes de inmuebles cercanos al centro comercial Esplanade Mall o a los negocios locales podr\u00edan ser responsables de estos da\u00f1os.<\/li>\n<li><strong>Lesiones laborales.<\/strong> En Louisiana, cada a\u00f1o se registran miles de lesiones y enfermedades no mortales en el lugar de trabajo. Las lesiones de hombro pueden producirse debido a traumatismos sufridos en accidentes o a esfuerzos repetitivos en zonas industriales cercanas al Aeropuerto Internacional Louis Armstrong de Nueva Orleans. En la mayor\u00eda de los casos, la indemnizaci\u00f3n por accidente laboral es la principal v\u00eda de recuperaci\u00f3n, aunque en raras ocasiones es posible reclamar una indemnizaci\u00f3n por da\u00f1os personales a terceros.<\/li>\n<li><strong>Colisiones de veh\u00edculos.<\/strong> <strong>Parroquia de Jefferson<\/strong> ve miles de lesiones sospechosas por accidentes automovil\u00edsticos cada a\u00f1o. Las rutas de alto tr\u00e1fico como la I-10, Williams Blvd y Veterans Memorial Blvd pasan por Kenner o cerca de ella. Esta congesti\u00f3n y el tr\u00e1fico local aumentan el n\u00famero de accidentes. Si ha sufrido una lesi\u00f3n en el hombro en un accidente automovil\u00edstico, podr\u00eda obtener una indemnizaci\u00f3n por da\u00f1os y perjuicios del conductor culpable.<\/li>\n<li><strong>Lesiones deportivas y recreativas.<\/strong> Las lesiones en los hombros son frecuentes en muchos tipos de accidentes deportivos o incidentes recreativos cerca de Laketown. Aunque muchos no tienen motivos para presentar una reclamaci\u00f3n, una empresa o persona que haya incumplido su deber de diligencia hacia usted puede ser considerada responsable.<\/li>\n<\/ul>\n<p>Si sufre una lesi\u00f3n o descubre una lesi\u00f3n de desarrollo en el hombro, es importante que reciba atenci\u00f3n m\u00e9dica de inmediato. Puede recibir atenci\u00f3n local en el Centro M\u00e9dico Ochsner \u2013 Kenner. Si cree que tiene motivos para presentar una demanda, debe ponerse en contacto con un abogado especializado en lesiones de hombro.<\/p>\n<section style=\"background-color: #f3f4f4; padding: 20px 10px; text-align: center;\">\n<div style=\"max-width: 800px; margin: 0 auto; width: 90%;\">\n<h2 style=\"font-family: 'Playfair Display', serif; font-size: 46px; font-weight: 400; line-height: 61.18px; color: #0e2c4d; margin-bottom: 10px;\">Conozca a nuestro abogado<\/h2>\n<div style=\"background-color: #f3f4f4; border: 1px solid #e0e0e0; border-radius: 8px; padding: 4px; box-shadow: 0 2px 4px rgba(0,0,0,0.1); display: flex; flex-wrap: wrap; align-items: center;\">\n<p><img decoding=\"async\" style=\"width: 200px; height: 270px; border-radius: 0; object-fit: cover; margin: 4px 15px 4px 4px; flex: 0 0 auto;\" src=\"https:\/\/www.murphylawfirm.com\/wp-content\/uploads\/2025\/03\/hm-attrny-murphy-img-one.webp\" alt=\"Peyton Murphy\" \/><\/p>\n<div style=\"flex: 1; text-align: center; min-width: 180px; padding: 4px;\">\n<h3 style=\"font-family: 'Playfair Display', serif; font-size: 46px; font-weight: 400; line-height: 61.18px; color: #a15127; margin-bottom: 8px;\">Peyton Murphy<\/h3>\n<p style=\"font-family: 'Onest-Regular', sans-serif; font-size: 19px; font-weight: 400; line-height: 34.2px; color: #000000; margin-bottom: 10px;\">Peyton Murphy, un abogado Louisiana con m\u00e1s de 30 a\u00f1os de experiencia, se especializa en casos de lesiones personales. Fund\u00f3 Murphy Law Firm en Baton Rouge en 1993 y lucha por la indemnizaci\u00f3n de sus clientes.<br \/>\n<a style=\"font-family: 'Onest-Regular', sans-serif; font-size: 22px; font-weight: 400; color: #ffffff; background-color: #0d2c4e; padding: 12px 40px; border-radius: 50px; text-decoration: none; display: inline-block;\" href=\"https:\/\/www.murphylawfirm.com\/es\/nuestro-equipo\/peyton-murphy\/\"><b>Contactar con Peyton<\/b><\/a><\/p>\n<\/div>\n<\/div>\n<\/div>\n<\/section>\n<h2><span class=\"ez-toc-section\" id=\"faqs\"><\/span>Preguntas frecuentes<span class=\"ez-toc-section-end\"><\/span><\/h2>\n<div class=\"faq-section\">\n<h3><span class=\"ez-toc-section\" id=\"whats-the-average-settlement-for-a-shoulder-injury-in-kenner\"><\/span>\u00bfCu\u00e1l es la indemnizaci\u00f3n promedio por una lesi\u00f3n en el hombro en Kenner?<span class=\"ez-toc-section-end\"><\/span><\/h3>\n<p>El monto promedio de un acuerdo por una lesi\u00f3n en el hombro depende del tipo de reclamaci\u00f3n, la gravedad de la lesi\u00f3n y los l\u00edmites de la p\u00f3liza de seguro. La gravedad es un factor primordial; las lesiones m\u00e1s graves dan lugar a mayores gastos m\u00e9dicos, m\u00e1s ingresos perdidos y otras p\u00e9rdidas que deben ser indemnizadas.<\/p>\n<h3><span class=\"ez-toc-section\" id=\"how-do-you-prove-a-shoulder-injury-in-kenner\"><\/span>\u00bfC\u00f3mo se demuestra una lesi\u00f3n en el hombro en Kenner?<span class=\"ez-toc-section-end\"><\/span><\/h3>\n<p>Puede demostrar una lesi\u00f3n en el hombro con documentaci\u00f3n m\u00e9dica, opiniones profesionales sobre el impacto de la lesi\u00f3n y pruebas de otros gastos relacionados. En el caso de las reclamaciones por lesiones personales, tambi\u00e9n debe demostrar que una de las partes incumpli\u00f3 su deber de diligencia, lo que provoc\u00f3 el incidente. El apoyo legal facilita mucho la recopilaci\u00f3n de estas pruebas.<\/p>\n<h3><span class=\"ez-toc-section\" id=\"why-do-i-need-to-hire-a-shoulder-injury-lawyer-in-louisiana\"><\/span>\u00bfPor qu\u00e9 necesito contratar a un abogado especializado en lesiones de hombro en Louisiana?<span class=\"ez-toc-section-end\"><\/span><\/h3>\n<p>Contratar a un abogado especializado en lesiones de hombro le ayuda a obtener el m\u00e1ximo beneficio de una posible reclamaci\u00f3n. Aunque no es estrictamente necesario, un abogado puede gestionar las negociaciones con las compa\u00f1\u00edas de seguros que podr\u00edan ir en su contra. Si no se llega a un acuerdo justo, su abogado puede llevar el caso a los tribunales. <strong>Tribunal del Distrito Judicial 24<\/strong>.<\/p>\n<h3><span class=\"ez-toc-section\" id=\"can-you-file-a-claim-for-a-shoulder-injury-in-kenner\"><\/span>\u00bfSe puede presentar una demanda por una lesi\u00f3n en el hombro en Kenner?<span class=\"ez-toc-section-end\"><\/span><\/h3>\n<p>S\u00ed, es posible que pueda presentar una reclamaci\u00f3n dependiendo de la causa. Si la lesi\u00f3n fue resultado de la negligencia de una persona o entidad que ten\u00eda el deber de cuidarle, es posible que pueda presentar una reclamaci\u00f3n por lesiones personales. Si la lesi\u00f3n ocurri\u00f3 durante o a causa de sus obligaciones laborales, es probable que pueda presentar una reclamaci\u00f3n de indemnizaci\u00f3n laboral.<\/p>\n<\/div>\n<h2><span class=\"ez-toc-section\" id=\"reach-out-to-murphy-law-firm-today\"><\/span>Contacte con el bufete Murphy hoy mismo<span class=\"ez-toc-section-end\"><\/span><\/h2>\n<p>Es importante actuar con rapidez para presentar una denuncia. Si necesita reportar un incidente, la sede del Departamento de Polic\u00eda de Kenner se encuentra en 500 Veterans Boulevard, Kenner, LA 70062. <a href=\"https:\/\/www.murphylawfirm.com\/es\/pongase-en-contacto-con\/\">P\u00f3ngase en contacto con el bufete de abogados Murphy<\/a> hoy.<\/p>\n<p><iframe loading=\"lazy\" style=\"border: 0;\" src=\"https:\/\/www.google.com\/maps\/embed?pb=!1m18!1m12!1m3!1d55301.14445672199!2d-90.28296715!3d29.9989714!2m3!1f0!2f0!3f0!3m2!1i1024!2i768!4f13.1!3m3!1m2!1s0x8620b784a0d8e8b3%3A0xc31248464010b99!2sKenner%2C%20LA!5e0!3m2!1sen!2sus!4v1710000000000!5m2!1sen!2sus0\" width=\"1000\" height=\"300\" allowfullscreen=\"allowfullscreen\"><\/iframe><\/p>","protected":false},"excerpt":{"rendered":"<p>Shoulder Injury Attorney in Kenner, LA Shoulder injuries can include sprains, tears, fractures, and nerve damage. They can limit your daily movement and ability to take care of yourself, and can even have lifelong consequences in some cases. If you were hurt because an individual or a company was reckless or careless with your safety, &hellip; <\/p>\n<p class=\"link-more\"><a href=\"https:\/\/www.murphylawfirm.com\/es\/kenner-shoulder-injury-lawyer\/\" class=\"more-link\">Seguir leyendo<span class=\"screen-reader-text\"> &#8220;Kenner Shoulder Injury Lawyer&#8221;<\/span><\/a><\/p>","protected":false},"author":1,"featured_media":0,"parent":0,"menu_order":0,"comment_status":"closed","ping_status":"closed","template":"","meta":{"_acf_changed":false,"footnotes":""},"class_list":["post-8831","page","type-page","status-publish","hentry","entry"],"acf":[],"yoast_head":"<!-- This site is optimized with the Yoast SEO plugin v27.6 - https:\/\/yoast.com\/product\/yoast-seo-wordpress\/ -->\n<title>Kenner Shoulder Injury Lawyer - Free Consultation<\/title>\n<meta name=\"description\" content=\"Need a Kenner Shoulder Injury Lawyer? Murphy Law Firm helps clients recover damages for joint injuries, fractures, and mobility loss\u2014Free Consultation.\" \/>\n<meta name=\"robots\" content=\"index, follow, max-snippet:-1, max-image-preview:large, max-video-preview:-1\" \/>\n<link rel=\"canonical\" href=\"https:\/\/www.murphylawfirm.com\/es\/abogado-especializado-en-lesiones-de-hombro-en-kenner\/\" \/>\n<meta property=\"og:locale\" content=\"es_MX\" \/>\n<meta property=\"og:type\" content=\"article\" \/>\n<meta property=\"og:title\" content=\"Kenner Shoulder Injury Lawyer - Free Consultation\" \/>\n<meta property=\"og:description\" content=\"Need a Kenner Shoulder Injury Lawyer? Murphy Law Firm helps clients recover damages for joint injuries, fractures, and mobility loss\u2014Free Consultation.\" \/>\n<meta property=\"og:url\" content=\"https:\/\/www.murphylawfirm.com\/es\/abogado-especializado-en-lesiones-de-hombro-en-kenner\/\" \/>\n<meta property=\"og:site_name\" content=\"Murphy Law Firm\" \/>\n<meta property=\"article:publisher\" content=\"https:\/\/www.facebook.com\/MurphyLawFirm225\/\" \/>\n<meta property=\"article:modified_time\" content=\"2026-02-13T06:13:23+00:00\" \/>\n<meta property=\"og:image\" content=\"https:\/\/www.murphylawfirm.com\/wp-content\/uploads\/2026\/02\/kenner-shoulder-injury-attorney.webp\" \/>\n\t<meta property=\"og:image:width\" content=\"1200\" \/>\n\t<meta property=\"og:image:height\" content=\"600\" \/>\n\t<meta property=\"og:image:type\" content=\"image\/webp\" \/>\n<meta name=\"twitter:card\" content=\"summary_large_image\" \/>\n<meta name=\"twitter:site\" content=\"@murphylawfirm225\" \/>\n<meta name=\"twitter:label1\" content=\"Tiempo de lectura\" \/>\n\t<meta name=\"twitter:data1\" content=\"5 minutos\" \/>\n<!-- \/ Yoast SEO plugin. -->","yoast_head_json":{"title":"Abogado especializado en lesiones de hombro en Kenner: consulta gratuita","description":"\u00bfNecesita un abogado especializado en lesiones de hombro en Kenner? El bufete Murphy Law Firm ayuda a sus clientes a obtener una indemnizaci\u00f3n por lesiones articulares, fracturas y p\u00e9rdida de movilidad. Consulta gratuita.","robots":{"index":"index","follow":"follow","max-snippet":"max-snippet:-1","max-image-preview":"max-image-preview:large","max-video-preview":"max-video-preview:-1"},"canonical":"https:\/\/www.murphylawfirm.com\/es\/abogado-especializado-en-lesiones-de-hombro-en-kenner\/","og_locale":"es_MX","og_type":"article","og_title":"Kenner Shoulder Injury Lawyer - Free Consultation","og_description":"Need a Kenner Shoulder Injury Lawyer? Murphy Law Firm helps clients recover damages for joint injuries, fractures, and mobility loss\u2014Free Consultation.","og_url":"https:\/\/www.murphylawfirm.com\/es\/abogado-especializado-en-lesiones-de-hombro-en-kenner\/","og_site_name":"Murphy Law Firm","article_publisher":"https:\/\/www.facebook.com\/MurphyLawFirm225\/","article_modified_time":"2026-02-13T06:13:23+00:00","og_image":[{"width":1200,"height":600,"url":"https:\/\/www.murphylawfirm.com\/wp-content\/uploads\/2026\/02\/kenner-shoulder-injury-attorney.webp","type":"image\/webp"}],"twitter_card":"summary_large_image","twitter_site":"@murphylawfirm225","twitter_misc":{"Tiempo de lectura":"5 minutos"},"schema":{"@context":"https:\/\/schema.org","@graph":[{"@type":"WebPage","@id":"https:\/\/www.murphylawfirm.com\/kenner-shoulder-injury-lawyer\/","url":"https:\/\/www.murphylawfirm.com\/kenner-shoulder-injury-lawyer\/","name":"Abogado especializado en lesiones de hombro en Kenner: consulta gratuita","isPartOf":{"@id":"https:\/\/www.murphylawfirm.com\/#website"},"primaryImageOfPage":{"@id":"https:\/\/www.murphylawfirm.com\/kenner-shoulder-injury-lawyer\/#primaryimage"},"image":{"@id":"https:\/\/www.murphylawfirm.com\/kenner-shoulder-injury-lawyer\/#primaryimage"},"thumbnailUrl":"https:\/\/www.murphylawfirm.com\/wp-content\/uploads\/2026\/02\/kenner-shoulder-injury-attorney.webp","datePublished":"2026-02-11T15:22:16+00:00","dateModified":"2026-02-13T06:13:23+00:00","description":"\u00bfNecesita un abogado especializado en lesiones de hombro en Kenner? El bufete Murphy Law Firm ayuda a sus clientes a obtener una indemnizaci\u00f3n por lesiones articulares, fracturas y p\u00e9rdida de movilidad. Consulta gratuita.","breadcrumb":{"@id":"https:\/\/www.murphylawfirm.com\/kenner-shoulder-injury-lawyer\/#breadcrumb"},"inLanguage":"es","potentialAction":[{"@type":"ReadAction","target":["https:\/\/www.murphylawfirm.com\/kenner-shoulder-injury-lawyer\/"]}]},{"@type":"ImageObject","inLanguage":"es","@id":"https:\/\/www.murphylawfirm.com\/kenner-shoulder-injury-lawyer\/#primaryimage","url":"https:\/\/www.murphylawfirm.com\/wp-content\/uploads\/2026\/02\/kenner-shoulder-injury-attorney.webp","contentUrl":"https:\/\/www.murphylawfirm.com\/wp-content\/uploads\/2026\/02\/kenner-shoulder-injury-attorney.webp"},{"@type":"BreadcrumbList","@id":"https:\/\/www.murphylawfirm.com\/kenner-shoulder-injury-lawyer\/#breadcrumb","itemListElement":[{"@type":"ListItem","position":1,"name":"Home","item":"https:\/\/www.murphylawfirm.com\/"},{"@type":"ListItem","position":2,"name":"Kenner Shoulder Injury Lawyer"}]},{"@type":"WebSite","@id":"https:\/\/www.murphylawfirm.com\/#website","url":"https:\/\/www.murphylawfirm.com\/","name":"Bufete Murphy","description":"","publisher":{"@id":"https:\/\/www.murphylawfirm.com\/#organization"},"potentialAction":[{"@type":"SearchAction","target":{"@type":"EntryPoint","urlTemplate":"https:\/\/www.murphylawfirm.com\/?s={search_term_string}"},"query-input":{"@type":"PropertyValueSpecification","valueRequired":true,"valueName":"search_term_string"}}],"inLanguage":"es"},{"@type":"Organization","@id":"https:\/\/www.murphylawfirm.com\/#organization","name":"Bufete Murphy","alternateName":"Murphy Law Firm","url":"https:\/\/www.murphylawfirm.com\/","logo":{"@type":"ImageObject","inLanguage":"es","@id":"https:\/\/www.murphylawfirm.com\/#\/schema\/logo\/image\/","url":"https:\/\/www.murphylawfirm.com\/wp-content\/uploads\/2024\/05\/murphy.jpg","contentUrl":"https:\/\/www.murphylawfirm.com\/wp-content\/uploads\/2024\/05\/murphy.jpg","width":309,"height":79,"caption":"Murphy Law Firm"},"image":{"@id":"https:\/\/www.murphylawfirm.com\/#\/schema\/logo\/image\/"},"sameAs":["https:\/\/www.facebook.com\/MurphyLawFirm225\/","https:\/\/x.com\/murphylawfirm225","https:\/\/www.instagram.com\/murphylawfirm225\/","https:\/\/www.linkedin.com\/in\/murphy-law-firm-peyton-murphy\/","https:\/\/maps.app.goo.gl\/WCtGDyEwg1JYgwZ87","https:\/\/www.yelp.com\/biz\/murphy-law-firm-baton-rouge-3","https:\/\/www.mapquest.com\/us\/louisiana\/murphy-law-firm-284707425","https:\/\/www.lawinfo.com\/lawfirm\/louisiana\/baton-rouge\/murphy-law-firm-llc\/97a2f249-3b83-4255-b82a-f62955d76970.html","https:\/\/www.hg.org\/attorney\/murphy-law-firm-llc\/68580","https:\/\/lawyers.findlaw.com\/louisiana\/baton-rouge\/2388680_1\/","https:\/\/www.bbb.org\/us\/la\/baton-rouge\/profile\/lawyers\/murphy-law-firm-llc-0835-12003342","https:\/\/www.lawyers.com\/baton-rouge\/louisiana\/murphy-law-firm-42910679-f\/","https:\/\/nextdoor.com\/pages\/murphy-law-firm-llc\/","https:\/\/www.lawyer4criminaldefense.com\/criminal-defense-lawyers\/listing\/b637fd75d4bc11b1a32273b847ba8a37\/","https:\/\/www.expertise.com\/legal\/slip-and-fall-lawyers\/louisiana\/baton-rouge","https:\/\/www.youtube.com\/@MurphyLawFirmBatonRouge"]}]}},"_links":{"self":[{"href":"https:\/\/www.murphylawfirm.com\/es\/wp-json\/wp\/v2\/pages\/8831","targetHints":{"allow":["GET"]}}],"collection":[{"href":"https:\/\/www.murphylawfirm.com\/es\/wp-json\/wp\/v2\/pages"}],"about":[{"href":"https:\/\/www.murphylawfirm.com\/es\/wp-json\/wp\/v2\/types\/page"}],"author":[{"embeddable":true,"href":"https:\/\/www.murphylawfirm.com\/es\/wp-json\/wp\/v2\/users\/1"}],"replies":[{"embeddable":true,"href":"https:\/\/www.murphylawfirm.com\/es\/wp-json\/wp\/v2\/comments?post=8831"}],"version-history":[{"count":4,"href":"https:\/\/www.murphylawfirm.com\/es\/wp-json\/wp\/v2\/pages\/8831\/revisions"}],"predecessor-version":[{"id":8910,"href":"https:\/\/www.murphylawfirm.com\/es\/wp-json\/wp\/v2\/pages\/8831\/revisions\/8910"}],"wp:attachment":[{"href":"https:\/\/www.murphylawfirm.com\/es\/wp-json\/wp\/v2\/media?parent=8831"}],"curies":[{"name":"wp","href":"https:\/\/api.w.org\/{rel}","templated":true}]}}