{"id":9528,"date":"2026-05-11T10:54:13","date_gmt":"2026-05-11T10:54:13","guid":{"rendered":"https:\/\/www.murphylawfirm.com\/?page_id=9528"},"modified":"2026-05-11T10:55:30","modified_gmt":"2026-05-11T10:55:30","slug":"gonzales-pedestrian-accident-lawyer","status":"publish","type":"page","link":"https:\/\/www.murphylawfirm.com\/es\/gonzales-pedestrian-accident-lawyer\/","title":{"rendered":"Gonzales Pedestrian Accident Lawyer"},"content":{"rendered":"<div id=\"ez-toc-container\" class=\"ez-toc-v2_0_82_2 counter-hierarchy ez-toc-counter ez-toc-transparent ez-toc-container-direction\">\n<div class=\"ez-toc-title-container\">\n<p class=\"ez-toc-title ez-toc-toggle\" style=\"cursor:pointer\">\u00cdndice<\/p>\n<span class=\"ez-toc-title-toggle\"><a href=\"#\" class=\"ez-toc-pull-right ez-toc-btn ez-toc-btn-xs ez-toc-btn-default ez-toc-toggle\" aria-label=\"Toggle Table of Content\"><span class=\"ez-toc-js-icon-con\"><span class=\"\"><span class=\"eztoc-hide\" style=\"display:none;\">Toggle<\/span><span class=\"ez-toc-icon-toggle-span\"><svg style=\"fill: #999;color:#999\" xmlns=\"http:\/\/www.w3.org\/2000\/svg\" class=\"list-377408\" width=\"20px\" height=\"20px\" viewbox=\"0 0 24 24\" fill=\"none\"><path d=\"M6 6H4v2h2V6zm14 0H8v2h12V6zM4 11h2v2H4v-2zm16 0H8v2h12v-2zM4 16h2v2H4v-2zm16 0H8v2h12v-2z\" fill=\"currentColor\"><\/path><\/svg><svg style=\"fill: #999;color:#999\" class=\"arrow-unsorted-368013\" xmlns=\"http:\/\/www.w3.org\/2000\/svg\" width=\"10px\" height=\"10px\" viewbox=\"0 0 24 24\" version=\"1.2\" baseprofile=\"tiny\"><path d=\"M18.2 9.3l-6.2-6.3-6.2 6.3c-.2.2-.3.4-.3.7s.1.5.3.7c.2.2.4.3.7.3h11c.3 0 .5-.1.7-.3.2-.2.3-.5.3-.7s-.1-.5-.3-.7zM5.8 14.7l6.2 6.3 6.2-6.3c.2-.2.3-.5.3-.7s-.1-.5-.3-.7c-.2-.2-.4-.3-.7-.3h-11c-.3 0-.5.1-.7.3-.2.2-.3.5-.3.7s.1.5.3.7z\"\/><\/svg><\/span><\/span><\/span><\/a><\/span><\/div>\n<nav><ul class='ez-toc-list ez-toc-list-level-1 eztoc-toggle-hide-by-default' ><li class='ez-toc-page-1 ez-toc-heading-level-2'><a class=\"ez-toc-link ez-toc-heading-1\" href=\"https:\/\/www.murphylawfirm.com\/es\/gonzales-pedestrian-accident-lawyer\/#pedestrian-accident-attorney-in-gonzales-la\" >Pedestrian Accident Attorney in Gonzales, LA<\/a><\/li><li class='ez-toc-page-1 ez-toc-heading-level-2'><a class=\"ez-toc-link ez-toc-heading-2\" href=\"https:\/\/www.murphylawfirm.com\/es\/gonzales-pedestrian-accident-lawyer\/#hire-a-pedestrian-accident-lawyer\" >Hire a Pedestrian Accident Lawyer<\/a><\/li><li class='ez-toc-page-1 ez-toc-heading-level-2'><a class=\"ez-toc-link ez-toc-heading-3\" href=\"https:\/\/www.murphylawfirm.com\/es\/gonzales-pedestrian-accident-lawyer\/#frequency-of-pedestrian-accidents-in-gonzales-and-ascension-parish\" >Frequency of Pedestrian Accidents in Gonzales and Ascension Parish<\/a><\/li><li class='ez-toc-page-1 ez-toc-heading-level-2'><a class=\"ez-toc-link ez-toc-heading-4\" href=\"https:\/\/www.murphylawfirm.com\/es\/gonzales-pedestrian-accident-lawyer\/#hire-a-pedestrian-accident-lawyer-2\" >Hire a Pedestrian Accident Lawyer<\/a><\/li><li class='ez-toc-page-1 ez-toc-heading-level-2'><a class=\"ez-toc-link ez-toc-heading-5\" href=\"https:\/\/www.murphylawfirm.com\/es\/gonzales-pedestrian-accident-lawyer\/#frequency-of-pedestrian-accidents-in-gonzales-and-ascension-parish-2\" >Frequency of Pedestrian Accidents in Gonzales and Ascension Parish<\/a><\/li><li class='ez-toc-page-1 ez-toc-heading-level-2'><a class=\"ez-toc-link ez-toc-heading-6\" href=\"https:\/\/www.murphylawfirm.com\/es\/gonzales-pedestrian-accident-lawyer\/#key-louisiana-laws-that-affect-pedestrian-accidents\" >Key Louisiana Laws that Affect Pedestrian Accidents<\/a><\/li><li class='ez-toc-page-1 ez-toc-heading-level-2'><a class=\"ez-toc-link ez-toc-heading-7\" href=\"https:\/\/www.murphylawfirm.com\/es\/gonzales-pedestrian-accident-lawyer\/#gonzales-pedestrian-accident-lawyer\" >Gonzales Pedestrian Accident Lawyer<\/a><\/li><\/ul><\/nav><\/div>\n<h2><span class=\"ez-toc-section\" id=\"pedestrian-accident-attorney-in-gonzales-la\"><\/span>Pedestrian Accident Attorney in Gonzales, LA<span class=\"ez-toc-section-end\"><\/span><\/h2>\n<p>Vehicle accidents can involve numerous parties, including pedestrians. Pedestrians are the least protected individuals in these collisions, leaving them vulnerable to catastrophic and fatal injuries. When a careless driver is to blame for the accident, a <strong>skilled Gonzales pedestrian accident lawyer<\/strong> can help you file a claim and potentially financially recover the costs of your damages as an injured pedestrian.<\/p>\n<p>&nbsp;<\/p>\n<h2><span class=\"ez-toc-section\" id=\"hire-a-pedestrian-accident-lawyer\"><\/span>Hire a Pedestrian Accident Lawyer<span class=\"ez-toc-section-end\"><\/span><\/h2>\n<p>En <a href=\"https:\/\/www.murphylawfirm.com\/es\/acerca-de\/\">attorneys at Murphy Law Firm have spent the past 30 years serving the communities in Louisiana<\/a>, including in Gonzales. Whether you are filing a car insurance claim for your pedestrian accident or taking your case to the 23rd Judicial District Court, our firm can help.<\/p>\n<p>These accidents can leave you with severe injuries that take time to recover from, but time is not on your side. By working with our firm, you can recover while we handle your case. We can assess the cause of your accident, whether you have grounds for a claim, and calculate what damage you should be able to recover. When you hire a pedestrian accident lawyer, you want a lawyer with compassion, experience, and dedication.<\/p>\n<p><img loading=\"lazy\" decoding=\"async\" class=\"aligncenter wp-image-9558 size-full\" title=\"hire gonzales pedestrian accident lawyer\" src=\"https:\/\/www.murphylawfirm.com\/wp-content\/uploads\/2026\/05\/hire-gonzales-pedestrian-accident-lawyer.webp\" alt=\"hire gonzales pedestrian accident lawyer\" width=\"1200\" height=\"600\" srcset=\"https:\/\/www.murphylawfirm.com\/wp-content\/uploads\/2026\/05\/hire-gonzales-pedestrian-accident-lawyer.webp 1200w, https:\/\/www.murphylawfirm.com\/wp-content\/uploads\/2026\/05\/hire-gonzales-pedestrian-accident-lawyer-300x150.webp 300w, https:\/\/www.murphylawfirm.com\/wp-content\/uploads\/2026\/05\/hire-gonzales-pedestrian-accident-lawyer-1024x512.webp 1024w, https:\/\/www.murphylawfirm.com\/wp-content\/uploads\/2026\/05\/hire-gonzales-pedestrian-accident-lawyer-768x384.webp 768w, https:\/\/www.murphylawfirm.com\/wp-content\/uploads\/2026\/05\/hire-gonzales-pedestrian-accident-lawyer-18x9.webp 18w\" sizes=\"auto, (max-width: 1200px) 100vw, 1200px\" \/><\/p>\n<h2><span class=\"ez-toc-section\" id=\"frequency-of-pedestrian-accidents-in-gonzales-and-ascension-parish\"><\/span>Frequency of Pedestrian Accidents in Gonzales and Ascension Parish<span class=\"ez-toc-section-end\"><\/span><\/h2>\n<p>Louisiana ten\u00eda el<a href=\"https:\/\/www.ghsa.org\/resource-hub\/pedestrian-traffic-fatalities-2025-preliminary\" target=\"_blank\" rel=\"noopener\"> highest rate of pedestrian fatalities<\/a> in the nation, tied with Hawaii. When a vehicle collision involves a pedestrian, it is much more likely to cause severe and catastrophic injuries or death.<\/p>\n<p>Hab\u00eda<a href=\"https:\/\/cartsdashboardserver.lsu.edu\/t\/CARTS\/views\/SectionD-Dashboard\/SectionD-Dashboard?:embed=y&amp;:display_count=n&amp;:showAppBanner=false&amp;:origin=viz_share_link&amp;:linktarget=_self&amp;:showVizHome=n\" target=\"_blank\" rel=\"noopener\"> 377 suspected injuries<\/a> to drivers, passengers, pedestrians, and other parties in Gonzales from vehicle collisions in 2025, according to the Center for Analytics &amp; Research in Transportation Safety (CARTS), according to current data as of early 2026. In Ascension Parish overall, there were<a href=\"https:\/\/cartsdashboardserver.lsu.edu\/t\/CARTS\/views\/SectionC-Dashboard\/SectionC-Dashboard?:embed=y&amp;:display_count=n&amp;:showAppBanner=false&amp;:origin=viz_share_link&amp;:linktarget=_self&amp;:showVizHome=n\" target=\"_blank\" rel=\"noopener\"> 1,536 suspected injuries<\/a>, and 18 of those were pedestrians.<\/p>\n<p>Hab\u00eda<a href=\"https:\/\/cartsdashboardserver.lsu.edu\/t\/CARTS\/views\/SectionB-Dashboard\/SectionB-Dashboard?:embed=y&amp;:display_count=n&amp;:showAppBanner=false&amp;:origin=viz_share_link&amp;:linktarget=_self&amp;:showVizHome=n\" target=\"_blank\" rel=\"noopener\"> 12 fatalities<\/a> in all vehicle accidents reported by CARTS in Ascension Parish the same year, and one of those was a pedestrian.<\/p>\n<p>Pedestrian crashes are particularly severe when larger vehicles are involved, like commercial 18-wheelers.<a href=\"https:\/\/cartsdashboardserver.lsu.edu\/t\/CARTS\/views\/CMV_SectionA\/SectionA-Dashboard?:embed=y&amp;:display_count=n&amp;:showAppBanner=false&amp;:origin=viz_share_link&amp;:linktarget=_self&amp;:showVizHome=n\" target=\"_blank\" rel=\"noopener\"> One crash<\/a> in the parish involving a pedestrian was also a collision involving a commercial motor vehicle. While these accidents are rare, they are more likely on major freight roads, like I-10 and US 61, both of which cut through Gonzales.<\/p>\n<h2><span class=\"ez-toc-section\" id=\"hire-a-pedestrian-accident-lawyer-2\"><\/span>Hire a Pedestrian Accident Lawyer<span class=\"ez-toc-section-end\"><\/span><\/h2>\n<p>En <a href=\"https:\/\/www.murphylawfirm.com\/es\/nuestro-equipo\/\">abogados de Murphy Law Firm<\/a> have spent the past 30 years serving the communities in Louisiana, including in Gonzales. Whether you are filing a car insurance claim for your pedestrian accident or taking your case to the 23rd Judicial District Court, our firm can help.<\/p>\n<p>These accidents can leave you with severe injuries that take time to recover from, but time is not on your side. By working with our firm, you can recover while we handle your case. We can assess the cause of your accident, whether you have grounds for a claim, and calculate what damage you should be able to recover. When you hire a pedestrian accident lawyer, you want a lawyer with compassion, experience, and dedication.<\/p>\n<section style=\"background-color: #f3f4f4; padding: 20px 10px; text-align: center;\">\n<div style=\"max-width: 800px; margin: 0 auto; width: 90%;\">\n<h2 style=\"font-family: 'Playfair Display', serif; font-size: 46px; font-weight: 400; line-height: 61.18px; color: #0e2c4d; margin-bottom: 10px;\">Conozca a nuestro abogado<\/h2>\n<div style=\"background-color: #f3f4f4; border: 1px solid #e0e0e0; border-radius: 8px; padding: 4px; box-shadow: 0 2px 4px rgba(0,0,0,0.1); display: flex; flex-wrap: wrap; align-items: center;\">\n<p><img decoding=\"async\" style=\"width: 200px; height: 270px; border-radius: 0; object-fit: cover; margin: 4px 15px 4px 4px; flex: 0 0 auto;\" src=\"https:\/\/www.murphylawfirm.com\/wp-content\/uploads\/2025\/03\/hm-attrny-murphy-img-one.webp\" alt=\"Peyton Murphy\" \/><\/p>\n<div style=\"flex: 1; text-align: center; min-width: 180px; padding: 4px;\">\n<h3 style=\"font-family: 'Playfair Display', serif; font-size: 46px; font-weight: 400; line-height: 61.18px; color: #a15127; margin-bottom: 8px;\">Peyton Murphy<\/h3>\n<p style=\"font-family: 'Onest-Regular', sans-serif; font-size: 19px; font-weight: 400; line-height: 34.2px; color: #000000; margin-bottom: 10px;\">Peyton Murphy, un abogado Louisiana con m\u00e1s de 30 a\u00f1os de experiencia, se especializa en casos de lesiones personales. Fund\u00f3 Murphy Law Firm en Baton Rouge en 1993 y lucha por la indemnizaci\u00f3n de sus clientes.<br \/>\n<a style=\"font-family: 'Onest-Regular', sans-serif; font-size: 22px; font-weight: 400; color: #ffffff; background-color: #0d2c4e; padding: 12px 40px; border-radius: 50px; text-decoration: none; display: inline-block;\" href=\"https:\/\/www.murphylawfirm.com\/es\/nuestro-equipo\/peyton-murphy\/\">Contactar con Peyton<\/a><\/p>\n<\/div>\n<\/div>\n<\/div>\n<\/section>\n<h2><span class=\"ez-toc-section\" id=\"frequency-of-pedestrian-accidents-in-gonzales-and-ascension-parish-2\"><\/span>Frequency of Pedestrian Accidents in Gonzales and Ascension Parish<span class=\"ez-toc-section-end\"><\/span><\/h2>\n<p>Louisiana ten\u00eda el<a href=\"https:\/\/www.ghsa.org\/resource-hub\/pedestrian-traffic-fatalities-2025-preliminary\" target=\"_blank\" rel=\"noopener\"> highest rate of pedestrian fatalities<\/a> in the nation, tied with Hawaii. When a vehicle collision involves a pedestrian, it is much more likely to cause severe and catastrophic injuries or death.<\/p>\n<p>Hab\u00eda<a href=\"https:\/\/cartsdashboardserver.lsu.edu\/t\/CARTS\/views\/SectionD-Dashboard\/SectionD-Dashboard?:embed=y&amp;:display_count=n&amp;:showAppBanner=false&amp;:origin=viz_share_link&amp;:linktarget=_self&amp;:showVizHome=n\" target=\"_blank\" rel=\"noopener\"> 377 suspected injuries<\/a> to drivers, passengers, pedestrians, and other parties in <a href=\"https:\/\/en.wikipedia.org\/wiki\/Gonzales,_Louisiana\" target=\"_blank\" rel=\"noopener\">Gonzales<\/a> from vehicle collisions in 2025, according to the Center for Analytics &amp; Research in Transportation Safety (CARTS), according to current data as of early 2026. In Ascension Parish overall, there were<a href=\"https:\/\/cartsdashboardserver.lsu.edu\/t\/CARTS\/views\/SectionC-Dashboard\/SectionC-Dashboard?:embed=y&amp;:display_count=n&amp;:showAppBanner=false&amp;:origin=viz_share_link&amp;:linktarget=_self&amp;:showVizHome=n\"> 1,536 suspected injuries<\/a>, and 18 of those were pedestrians.<\/p>\n<p>Hab\u00eda<a href=\"https:\/\/cartsdashboardserver.lsu.edu\/t\/CARTS\/views\/SectionB-Dashboard\/SectionB-Dashboard?:embed=y&amp;:display_count=n&amp;:showAppBanner=false&amp;:origin=viz_share_link&amp;:linktarget=_self&amp;:showVizHome=n\" target=\"_blank\" rel=\"noopener\"> 12 fatalities<\/a> in all vehicle accidents reported by CARTS in Ascension Parish the same year, and one of those was a pedestrian.<\/p>\n<p>Pedestrian crashes are particularly severe when larger vehicles are involved, like commercial 18-wheelers.<a href=\"https:\/\/cartsdashboardserver.lsu.edu\/t\/CARTS\/views\/CMV_SectionA\/SectionA-Dashboard?:embed=y&amp;:display_count=n&amp;:showAppBanner=false&amp;:origin=viz_share_link&amp;:linktarget=_self&amp;:showVizHome=n\" target=\"_blank\" rel=\"noopener\"> One crash<\/a> in the parish involving a pedestrian was also a collision involving a commercial motor vehicle. While these accidents are rare, they are more likely on major freight roads, like I-10 and US 61, both of which cut through Gonzales.<\/p>\n<h2><span class=\"ez-toc-section\" id=\"key-louisiana-laws-that-affect-pedestrian-accidents\"><\/span>Key Louisiana Laws that Affect Pedestrian Accidents<span class=\"ez-toc-section-end\"><\/span><\/h2>\n<p>Several <a href=\"https:\/\/en.wikipedia.org\/wiki\/Louisiana\" target=\"_blank\" rel=\"noopener\">Louisiana<\/a> laws can affect fault determinations and what compensation you can recover from the at-fault party. <strong>These laws can also differ depending on the jurisdiction where your accident occurred.<\/strong><\/p>\n<ul>\n<li><strong>Falta comparativa<\/strong>. Could limit your compensation or bar you from recovering compensation if you are partially to blame for the crash<\/li>\n<li><strong>Right-of-way laws<\/strong>. Outline when vehicles have the right-of-way and when pedestrians do, which can affect fault determinations<\/li>\n<li><strong>Insurance coverage limit requirements<\/strong>. It could be insufficient for the severity of pedestrian injuries.<\/li>\n<\/ul>\n<p>There may also be local traffic safety ordinances that impact these cases. This is why it\u2019s particularly useful to work with a local attorney who has a deep understanding of the laws that directly affect your case.<\/p>\n<h2><span class=\"ez-toc-section\" id=\"gonzales-pedestrian-accident-lawyer\"><\/span>Gonzales Pedestrian Accident Lawyer<span class=\"ez-toc-section-end\"><\/span><\/h2>\n<p>The complexity of pedestrian accidents makes a skilled lawyer even more important to help you recover financially. With the knowledge and experience of the team at the Murphy Law Firm, you can confidently pursue damages you may be entitled to.<a href=\"https:\/\/www.murphylawfirm.com\/es\/pongase-en-contacto-con\/\"> P\u00f3ngase en contacto con nosotros<\/a>.<br \/>\n<iframe loading=\"lazy\" style=\"border: 0;\" src=\"https:\/\/www.google.com\/maps\/embed?pb=!1m18!1m12!1m3!1d59761.56545019436!2d-90.96702365037683!3d30.214751108313724!2m3!1f0!2f0!3f0!3m2!1i1024!2i768!4f13.1!3m3!1m2!1s0x8626b59580304c2b%3A0xd560b8ced4deb2fa!2sGonzales%2C%20LA%2070737!5e1!3m2!1sen!2sus!4v1778495694159!5m2!1sen!2sus\" width=\"1000\" height=\"300\" allowfullscreen=\"allowfullscreen\"><span data-mce-type=\"bookmark\" style=\"display: inline-block; width: 0px; overflow: hidden; line-height: 0;\" class=\"mce_SELRES_start\"><\/span><\/iframe><\/p>","protected":false},"excerpt":{"rendered":"<p>Pedestrian Accident Attorney in Gonzales, LA Vehicle accidents can involve numerous parties, including pedestrians. Pedestrians are the least protected individuals in these collisions, leaving them vulnerable to catastrophic and fatal injuries. When a careless driver is to blame for the accident, a skilled Gonzales pedestrian accident lawyer can help you file a claim and potentially &hellip; <\/p>\n<p class=\"link-more\"><a href=\"https:\/\/www.murphylawfirm.com\/es\/gonzales-pedestrian-accident-lawyer\/\" class=\"more-link\">Seguir leyendo<span class=\"screen-reader-text\"> &#8220;Gonzales Pedestrian Accident Lawyer&#8221;<\/span><\/a><\/p>","protected":false},"author":1,"featured_media":0,"parent":0,"menu_order":0,"comment_status":"closed","ping_status":"closed","template":"","meta":{"_acf_changed":false,"footnotes":""},"class_list":["post-9528","page","type-page","status-publish","hentry","entry"],"acf":[],"yoast_head":"<!-- This site is optimized with the Yoast SEO plugin v27.4 - https:\/\/yoast.com\/product\/yoast-seo-wordpress\/ -->\n<title>Gonzales Pedestrian Accident Lawyer - Crosswalk Injury Attorney<\/title>\n<meta name=\"description\" content=\"Need a Gonzales Pedestrian Accident Lawyer? Murphy Law Firm helps injured pedestrians seek compensation after serious accidents. Free consultation.\" \/>\n<meta name=\"robots\" content=\"index, follow, max-snippet:-1, max-image-preview:large, max-video-preview:-1\" \/>\n<link rel=\"canonical\" href=\"https:\/\/www.murphylawfirm.com\/es\/gonzales-pedestrian-accident-lawyer\/\" \/>\n<meta property=\"og:locale\" content=\"es_MX\" \/>\n<meta property=\"og:type\" content=\"article\" \/>\n<meta property=\"og:title\" content=\"Gonzales Pedestrian Accident Lawyer - Crosswalk Injury Attorney\" \/>\n<meta property=\"og:description\" content=\"Need a Gonzales Pedestrian Accident Lawyer? Murphy Law Firm helps injured pedestrians seek compensation after serious accidents. Free consultation.\" \/>\n<meta property=\"og:url\" content=\"https:\/\/www.murphylawfirm.com\/es\/gonzales-pedestrian-accident-lawyer\/\" \/>\n<meta property=\"og:site_name\" content=\"Murphy Law Firm\" \/>\n<meta property=\"article:publisher\" content=\"https:\/\/www.facebook.com\/MurphyLawFirm225\/\" \/>\n<meta property=\"article:modified_time\" content=\"2026-05-11T10:55:30+00:00\" \/>\n<meta property=\"og:image\" content=\"https:\/\/www.murphylawfirm.com\/wp-content\/uploads\/2026\/05\/hire-gonzales-pedestrian-accident-lawyer.webp\" \/>\n\t<meta property=\"og:image:width\" content=\"1200\" \/>\n\t<meta property=\"og:image:height\" content=\"600\" \/>\n\t<meta property=\"og:image:type\" content=\"image\/webp\" \/>\n<meta name=\"twitter:card\" content=\"summary_large_image\" \/>\n<meta name=\"twitter:site\" content=\"@murphylawfirm225\" \/>\n<meta name=\"twitter:label1\" content=\"Tiempo de lectura\" \/>\n\t<meta name=\"twitter:data1\" content=\"5 minutos\" \/>\n<!-- \/ Yoast SEO plugin. -->","yoast_head_json":{"title":"Gonzales Pedestrian Accident Lawyer - Crosswalk Injury Attorney","description":"Need a Gonzales Pedestrian Accident Lawyer? Murphy Law Firm helps injured pedestrians seek compensation after serious accidents. Free consultation.","robots":{"index":"index","follow":"follow","max-snippet":"max-snippet:-1","max-image-preview":"max-image-preview:large","max-video-preview":"max-video-preview:-1"},"canonical":"https:\/\/www.murphylawfirm.com\/es\/gonzales-pedestrian-accident-lawyer\/","og_locale":"es_MX","og_type":"article","og_title":"Gonzales Pedestrian Accident Lawyer - Crosswalk Injury Attorney","og_description":"Need a Gonzales Pedestrian Accident Lawyer? Murphy Law Firm helps injured pedestrians seek compensation after serious accidents. Free consultation.","og_url":"https:\/\/www.murphylawfirm.com\/es\/gonzales-pedestrian-accident-lawyer\/","og_site_name":"Murphy Law Firm","article_publisher":"https:\/\/www.facebook.com\/MurphyLawFirm225\/","article_modified_time":"2026-05-11T10:55:30+00:00","og_image":[{"width":1200,"height":600,"url":"https:\/\/www.murphylawfirm.com\/wp-content\/uploads\/2026\/05\/hire-gonzales-pedestrian-accident-lawyer.webp","type":"image\/webp"}],"twitter_card":"summary_large_image","twitter_site":"@murphylawfirm225","twitter_misc":{"Tiempo de lectura":"5 minutos"},"schema":{"@context":"https:\/\/schema.org","@graph":[{"@type":"WebPage","@id":"https:\/\/www.murphylawfirm.com\/gonzales-pedestrian-accident-lawyer\/","url":"https:\/\/www.murphylawfirm.com\/gonzales-pedestrian-accident-lawyer\/","name":"Gonzales Pedestrian Accident Lawyer - Crosswalk Injury Attorney","isPartOf":{"@id":"https:\/\/www.murphylawfirm.com\/#website"},"primaryImageOfPage":{"@id":"https:\/\/www.murphylawfirm.com\/gonzales-pedestrian-accident-lawyer\/#primaryimage"},"image":{"@id":"https:\/\/www.murphylawfirm.com\/gonzales-pedestrian-accident-lawyer\/#primaryimage"},"thumbnailUrl":"https:\/\/www.murphylawfirm.com\/wp-content\/uploads\/2026\/05\/hire-gonzales-pedestrian-accident-lawyer.webp","datePublished":"2026-05-11T10:54:13+00:00","dateModified":"2026-05-11T10:55:30+00:00","description":"Need a Gonzales Pedestrian Accident Lawyer? Murphy Law Firm helps injured pedestrians seek compensation after serious accidents. Free consultation.","breadcrumb":{"@id":"https:\/\/www.murphylawfirm.com\/gonzales-pedestrian-accident-lawyer\/#breadcrumb"},"inLanguage":"es","potentialAction":[{"@type":"ReadAction","target":["https:\/\/www.murphylawfirm.com\/gonzales-pedestrian-accident-lawyer\/"]}]},{"@type":"ImageObject","inLanguage":"es","@id":"https:\/\/www.murphylawfirm.com\/gonzales-pedestrian-accident-lawyer\/#primaryimage","url":"https:\/\/www.murphylawfirm.com\/wp-content\/uploads\/2026\/05\/hire-gonzales-pedestrian-accident-lawyer.webp","contentUrl":"https:\/\/www.murphylawfirm.com\/wp-content\/uploads\/2026\/05\/hire-gonzales-pedestrian-accident-lawyer.webp"},{"@type":"BreadcrumbList","@id":"https:\/\/www.murphylawfirm.com\/gonzales-pedestrian-accident-lawyer\/#breadcrumb","itemListElement":[{"@type":"ListItem","position":1,"name":"Home","item":"https:\/\/www.murphylawfirm.com\/"},{"@type":"ListItem","position":2,"name":"Gonzales Pedestrian Accident Lawyer"}]},{"@type":"WebSite","@id":"https:\/\/www.murphylawfirm.com\/#website","url":"https:\/\/www.murphylawfirm.com\/","name":"Bufete Murphy","description":"","publisher":{"@id":"https:\/\/www.murphylawfirm.com\/#organization"},"potentialAction":[{"@type":"SearchAction","target":{"@type":"EntryPoint","urlTemplate":"https:\/\/www.murphylawfirm.com\/?s={search_term_string}"},"query-input":{"@type":"PropertyValueSpecification","valueRequired":true,"valueName":"search_term_string"}}],"inLanguage":"es"},{"@type":"Organization","@id":"https:\/\/www.murphylawfirm.com\/#organization","name":"Bufete Murphy","alternateName":"Murphy Law Firm","url":"https:\/\/www.murphylawfirm.com\/","logo":{"@type":"ImageObject","inLanguage":"es","@id":"https:\/\/www.murphylawfirm.com\/#\/schema\/logo\/image\/","url":"https:\/\/www.murphylawfirm.com\/wp-content\/uploads\/2024\/05\/murphy.jpg","contentUrl":"https:\/\/www.murphylawfirm.com\/wp-content\/uploads\/2024\/05\/murphy.jpg","width":309,"height":79,"caption":"Murphy Law Firm"},"image":{"@id":"https:\/\/www.murphylawfirm.com\/#\/schema\/logo\/image\/"},"sameAs":["https:\/\/www.facebook.com\/MurphyLawFirm225\/","https:\/\/x.com\/murphylawfirm225","https:\/\/www.instagram.com\/murphylawfirm225\/","https:\/\/www.linkedin.com\/in\/murphy-law-firm-peyton-murphy\/","https:\/\/maps.app.goo.gl\/WCtGDyEwg1JYgwZ87","https:\/\/www.yelp.com\/biz\/murphy-law-firm-baton-rouge-3","https:\/\/www.mapquest.com\/us\/louisiana\/murphy-law-firm-284707425","https:\/\/www.lawinfo.com\/lawfirm\/louisiana\/baton-rouge\/murphy-law-firm-llc\/97a2f249-3b83-4255-b82a-f62955d76970.html","https:\/\/www.hg.org\/attorney\/murphy-law-firm-llc\/68580","https:\/\/lawyers.findlaw.com\/louisiana\/baton-rouge\/2388680_1\/","https:\/\/www.bbb.org\/us\/la\/baton-rouge\/profile\/lawyers\/murphy-law-firm-llc-0835-12003342","https:\/\/www.lawyers.com\/baton-rouge\/louisiana\/murphy-law-firm-42910679-f\/","https:\/\/nextdoor.com\/pages\/murphy-law-firm-llc\/","https:\/\/www.lawyer4criminaldefense.com\/criminal-defense-lawyers\/listing\/b637fd75d4bc11b1a32273b847ba8a37\/","https:\/\/www.expertise.com\/legal\/slip-and-fall-lawyers\/louisiana\/baton-rouge","https:\/\/www.youtube.com\/@MurphyLawFirmBatonRouge"]}]}},"_links":{"self":[{"href":"https:\/\/www.murphylawfirm.com\/es\/wp-json\/wp\/v2\/pages\/9528","targetHints":{"allow":["GET"]}}],"collection":[{"href":"https:\/\/www.murphylawfirm.com\/es\/wp-json\/wp\/v2\/pages"}],"about":[{"href":"https:\/\/www.murphylawfirm.com\/es\/wp-json\/wp\/v2\/types\/page"}],"author":[{"embeddable":true,"href":"https:\/\/www.murphylawfirm.com\/es\/wp-json\/wp\/v2\/users\/1"}],"replies":[{"embeddable":true,"href":"https:\/\/www.murphylawfirm.com\/es\/wp-json\/wp\/v2\/comments?post=9528"}],"version-history":[{"count":2,"href":"https:\/\/www.murphylawfirm.com\/es\/wp-json\/wp\/v2\/pages\/9528\/revisions"}],"predecessor-version":[{"id":9559,"href":"https:\/\/www.murphylawfirm.com\/es\/wp-json\/wp\/v2\/pages\/9528\/revisions\/9559"}],"wp:attachment":[{"href":"https:\/\/www.murphylawfirm.com\/es\/wp-json\/wp\/v2\/media?parent=9528"}],"curies":[{"name":"wp","href":"https:\/\/api.w.org\/{rel}","templated":true}]}}